{"id":121,"date":"2009-07-06T21:58:21","date_gmt":"2009-07-06T19:58:21","guid":{"rendered":"https:\/\/f2h.app\/golfclub-hainburg\/"},"modified":"2025-05-15T13:01:55","modified_gmt":"2025-05-15T11:01:55","slug":"golfclub-hainburg","status":"publish","type":"page","link":"https:\/\/fairway2hotel.at\/en\/golfclubs\/niederoesterreich\/golfclub-hainburg\/","title":{"rendered":"GC Hainburg"},"content":{"rendered":"<h2>Natur spielend erleben<\/h2>\n<p>Knappe 50 km \u00f6stlich von Wien, etwas au\u00dferhalb der sch\u00f6nen Mittelalterstadt Hainburg, befindet sich der Golfclub Hainburg. Die 18-Loch Anlage ist zu einem Teil eingebettet in den Donau-Auen, zum anderen geht es terrassenf\u00f6rmig entlang an den H\u00e4ngen des Braunsberges. Dank des milden pannonischen Klimas ist die Anlage meist ganzj\u00e4hrig bespielbar.<\/p>\n<p>Besonders Anf\u00e4nger sind herzlich willkommen und werden mit viel Engagement in das Clubleben integriert. Mitglieder und G\u00e4ste sch\u00e4tzen die individuelle Betreuung und fundierte Beratung im gut sortierten Golfshop. Nicht zu vergessen das Clubrestaurant mit seiner hervorragenden K\u00fcche \u2013 das auch allen Nichtmitgliedern offen steht.<\/p>\n<h2>Experience our nature while playing<\/h2>\n<p>The Hainburg Golf Club is located just 50 kilometres east of Vienna, just outside the beautiful medieval town of Hainburg. The 18-hole course is partly embedded in the Danube floodplains and partly terraced along the slopes of the Braunsberg. Thanks to the mild Pannonian climate, the course can usually be played all year round.<\/p>\n<p>Beginners are particularly welcome and are integrated into club life with great commitment. Members and guests appreciate the personalised service and sound advice in the well-stocked golf shop. Not forgetting the club restaurant with its excellent cuisine &#8211; which is also open to all non-members.<\/p>\n","protected":false},"excerpt":{"rendered":"<p>Natur spielend erleben Knappe 50 km \u00f6stlich von Wien, etwas au\u00dferhalb der sch\u00f6nen Mittelalterstadt Hainburg, befindet sich der Golfclub Hainburg. Die 18-Loch Anlage ist zu einem Teil eingebettet in den Donau-Auen, zum anderen geht es terrassenf\u00f6rmig entlang an den H\u00e4ngen des Braunsberges. Dank des milden pannonischen Klimas ist die Anlage meist ganzj\u00e4hrig bespielbar. Besonders Anf\u00e4nger [&hellip;]<\/p>\n","protected":false},"author":1,"featured_media":0,"parent":1448,"menu_order":7,"comment_status":"closed","ping_status":"closed","template":"page-partner.php","meta":{"_acf_changed":false,"footnotes":""},"class_list":["post-121","page","type-page","status-publish","hentry"],"acf":{"partner_infobox":"<strong>Adresse:\u00a0<\/strong>Auf der Heide 762, 2410 Hainburg\/D.\r\n\r\n<strong>Tel:\u00a0<\/strong>+43 2165\/626 28-0\r\n\r\n<strong>Fax:\u00a0<\/strong>+43 2165\/626 28-3\r\n\r\n<strong>Web: <\/strong><a href=\"http:\/\/www.golfclub-hainburg.at\" target=\"_blank\" rel=\"nofollow noopener\">www.golfclub-hainburg.at<\/a>\r\n\r\n<strong>E-Mail:<\/strong> <a href=\"info@golfclub-hainburg.at\" target=\"_blank\" rel=\"noopener\">gchainburg@golf.at<\/a>\r\n\r\n<strong>Spielbahnen\/Par: <\/strong>18\/72\r\n\r\n<strong>La\u0308nge: <\/strong>gelb: 5.646 m\/rot: 4.949 m\r\n\r\n<em><strong>Bedingungen:\r\n<\/strong>Gutscheine ein- lo\u0308sbar DI\u2013SO. Gutscheine gelten NICHT bei Gruppenreservierungen mit vereinbarten Sonderkondtionen und sind NICHT mit anderen Rabatten kombinierbar<\/em>\r\n\r\n<strong>Anfahrt:\r\n<\/strong>von Wien: A4 Ausfahrt Fischamend \u2013 B9 Richtung Bratislava \u2013 kurz vor dem Ortsende Hainburg links","partner_logo":120,"partner_gallery":[119,46703,46705],"partner_lat":48.15445,"partner_long":16.97033,"partner_type":"golfclub","partner_openings":["1","2","3","4","5","6","7"],"montag_von_bis":"00:00 - 24:00","dienstag_von_bis":"00:00 - 24:00","mittwoch_von_bis":"00:00 - 24:00","donnerstag_von_bis":"00:00 - 24:00","freitag_von_bis":"00:00 - 24:00","samstag_von_bis":"00:00 - 24:00","sonntag_von_bis":"00:00 - 24:00","partner_adresse":"Auf der Heide 762, 2410 Hainburg\/D.","partner_land_bundesland":"Nieder\u00f6sterreich","partner_tel_1":"0043 2165 626 283","partner_tel_2":"0043 2165 626 280","partner_web":"http:\/\/www.golfclub-hainburg.at","partner_mail":"info@golfclub-hainburg.at","partner_spielbahnen_par":"18\/72","partner_laenge":"gelb: 5.646 m\/rot: 4.949 m","partner_bedingungen":"","partner_anfahrt":"von Wien: A4 Ausfahrt Fischamend \u2013 B9 Richtung Bratislava \u2013 kurz vor dem Ortsende Hainburg links","partner_misc":null,"additional_css_classes":""},"yoast_head":"<!-- This site is optimized with the Yoast SEO plugin v26.8 - https:\/\/yoast.com\/product\/yoast-seo-wordpress\/ -->\n<title>GC Hainburg - Fairway 2 Hotel<\/title>\n<meta name=\"robots\" content=\"index, follow, max-snippet:-1, max-image-preview:large, max-video-preview:-1\" \/>\n<link rel=\"canonical\" href=\"https:\/\/fairway2hotel.at\/en\/golfclubs\/niederoesterreich\/golfclub-hainburg\/\" \/>\n<meta property=\"og:locale\" content=\"en_US\" \/>\n<meta property=\"og:type\" content=\"article\" \/>\n<meta property=\"og:title\" content=\"GC Hainburg - Fairway 2 Hotel\" \/>\n<meta property=\"og:description\" content=\"Natur spielend erleben Knappe 50 km \u00f6stlich von Wien, etwas au\u00dferhalb der sch\u00f6nen Mittelalterstadt Hainburg, befindet sich der Golfclub Hainburg. Die 18-Loch Anlage ist zu einem Teil eingebettet in den Donau-Auen, zum anderen geht es terrassenf\u00f6rmig entlang an den H\u00e4ngen des Braunsberges. Dank des milden pannonischen Klimas ist die Anlage meist ganzj\u00e4hrig bespielbar. Besonders Anf\u00e4nger [&hellip;]\" \/>\n<meta property=\"og:url\" content=\"https:\/\/fairway2hotel.at\/en\/golfclubs\/niederoesterreich\/golfclub-hainburg\/\" \/>\n<meta property=\"og:site_name\" content=\"Fairway 2 Hotel\" \/>\n<meta property=\"article:modified_time\" content=\"2025-05-15T11:01:55+00:00\" \/>\n<meta name=\"twitter:card\" content=\"summary_large_image\" \/>\n<meta name=\"twitter:label1\" content=\"Est. reading time\" \/>\n\t<meta name=\"twitter:data1\" content=\"2 minutes\" \/>\n<script type=\"application\/ld+json\" class=\"yoast-schema-graph\">{\"@context\":\"https:\/\/schema.org\",\"@graph\":[{\"@type\":\"WebPage\",\"@id\":\"https:\/\/fairway2hotel.at\/en\/golfclubs\/niederoesterreich\/golfclub-hainburg\/\",\"url\":\"https:\/\/fairway2hotel.at\/en\/golfclubs\/niederoesterreich\/golfclub-hainburg\/\",\"name\":\"GC Hainburg - Fairway 2 Hotel\",\"isPartOf\":{\"@id\":\"https:\/\/fairway2hotel.at\/en\/#website\"},\"datePublished\":\"2009-07-06T19:58:21+00:00\",\"dateModified\":\"2025-05-15T11:01:55+00:00\",\"breadcrumb\":{\"@id\":\"https:\/\/fairway2hotel.at\/en\/golfclubs\/niederoesterreich\/golfclub-hainburg\/#breadcrumb\"},\"inLanguage\":\"en-US\",\"potentialAction\":[{\"@type\":\"ReadAction\",\"target\":[\"https:\/\/fairway2hotel.at\/en\/golfclubs\/niederoesterreich\/golfclub-hainburg\/\"]}]},{\"@type\":\"BreadcrumbList\",\"@id\":\"https:\/\/fairway2hotel.at\/en\/golfclubs\/niederoesterreich\/golfclub-hainburg\/#breadcrumb\",\"itemListElement\":[{\"@type\":\"ListItem\",\"position\":1,\"name\":\"Home\",\"item\":\"https:\/\/fairway2hotel.at\/en\/\"},{\"@type\":\"ListItem\",\"position\":2,\"name\":\"Golfclubs\",\"item\":\"https:\/\/fairway2hotel.at\/en\/golfclubs\/\"},{\"@type\":\"ListItem\",\"position\":3,\"name\":\"Golfclubs Nieder\u00f6sterreich\",\"item\":\"https:\/\/fairway2hotel.at\/en\/golfclubs\/niederoesterreich\/\"},{\"@type\":\"ListItem\",\"position\":4,\"name\":\"GC Hainburg\"}]},{\"@type\":\"WebSite\",\"@id\":\"https:\/\/fairway2hotel.at\/en\/#website\",\"url\":\"https:\/\/fairway2hotel.at\/en\/\",\"name\":\"Fairway 2 Hotel\",\"description\":\"Golf at half price! 2 play - 1 pays\",\"potentialAction\":[{\"@type\":\"SearchAction\",\"target\":{\"@type\":\"EntryPoint\",\"urlTemplate\":\"https:\/\/fairway2hotel.at\/en\/?s={search_term_string}\"},\"query-input\":{\"@type\":\"PropertyValueSpecification\",\"valueRequired\":true,\"valueName\":\"search_term_string\"}}],\"inLanguage\":\"en-US\"}]}<\/script>\n<!-- \/ Yoast SEO plugin. -->","yoast_head_json":{"title":"GC Hainburg - Fairway 2 Hotel","robots":{"index":"index","follow":"follow","max-snippet":"max-snippet:-1","max-image-preview":"max-image-preview:large","max-video-preview":"max-video-preview:-1"},"canonical":"https:\/\/fairway2hotel.at\/en\/golfclubs\/niederoesterreich\/golfclub-hainburg\/","og_locale":"en_US","og_type":"article","og_title":"GC Hainburg - Fairway 2 Hotel","og_description":"Natur spielend erleben Knappe 50 km \u00f6stlich von Wien, etwas au\u00dferhalb der sch\u00f6nen Mittelalterstadt Hainburg, befindet sich der Golfclub Hainburg. Die 18-Loch Anlage ist zu einem Teil eingebettet in den Donau-Auen, zum anderen geht es terrassenf\u00f6rmig entlang an den H\u00e4ngen des Braunsberges. Dank des milden pannonischen Klimas ist die Anlage meist ganzj\u00e4hrig bespielbar. Besonders Anf\u00e4nger [&hellip;]","og_url":"https:\/\/fairway2hotel.at\/en\/golfclubs\/niederoesterreich\/golfclub-hainburg\/","og_site_name":"Fairway 2 Hotel","article_modified_time":"2025-05-15T11:01:55+00:00","twitter_card":"summary_large_image","twitter_misc":{"Est. reading time":"2 minutes"},"schema":{"@context":"https:\/\/schema.org","@graph":[{"@type":"WebPage","@id":"https:\/\/fairway2hotel.at\/en\/golfclubs\/niederoesterreich\/golfclub-hainburg\/","url":"https:\/\/fairway2hotel.at\/en\/golfclubs\/niederoesterreich\/golfclub-hainburg\/","name":"GC Hainburg - Fairway 2 Hotel","isPartOf":{"@id":"https:\/\/fairway2hotel.at\/en\/#website"},"datePublished":"2009-07-06T19:58:21+00:00","dateModified":"2025-05-15T11:01:55+00:00","breadcrumb":{"@id":"https:\/\/fairway2hotel.at\/en\/golfclubs\/niederoesterreich\/golfclub-hainburg\/#breadcrumb"},"inLanguage":"en-US","potentialAction":[{"@type":"ReadAction","target":["https:\/\/fairway2hotel.at\/en\/golfclubs\/niederoesterreich\/golfclub-hainburg\/"]}]},{"@type":"BreadcrumbList","@id":"https:\/\/fairway2hotel.at\/en\/golfclubs\/niederoesterreich\/golfclub-hainburg\/#breadcrumb","itemListElement":[{"@type":"ListItem","position":1,"name":"Home","item":"https:\/\/fairway2hotel.at\/en\/"},{"@type":"ListItem","position":2,"name":"Golfclubs","item":"https:\/\/fairway2hotel.at\/en\/golfclubs\/"},{"@type":"ListItem","position":3,"name":"Golfclubs Nieder\u00f6sterreich","item":"https:\/\/fairway2hotel.at\/en\/golfclubs\/niederoesterreich\/"},{"@type":"ListItem","position":4,"name":"GC Hainburg"}]},{"@type":"WebSite","@id":"https:\/\/fairway2hotel.at\/en\/#website","url":"https:\/\/fairway2hotel.at\/en\/","name":"Fairway 2 Hotel","description":"Golf at half price! 2 play - 1 pays","potentialAction":[{"@type":"SearchAction","target":{"@type":"EntryPoint","urlTemplate":"https:\/\/fairway2hotel.at\/en\/?s={search_term_string}"},"query-input":{"@type":"PropertyValueSpecification","valueRequired":true,"valueName":"search_term_string"}}],"inLanguage":"en-US"}]}},"_links":{"self":[{"href":"https:\/\/fairway2hotel.at\/en\/wp-json\/wp\/v2\/pages\/121","targetHints":{"allow":["GET"]}}],"collection":[{"href":"https:\/\/fairway2hotel.at\/en\/wp-json\/wp\/v2\/pages"}],"about":[{"href":"https:\/\/fairway2hotel.at\/en\/wp-json\/wp\/v2\/types\/page"}],"author":[{"embeddable":true,"href":"https:\/\/fairway2hotel.at\/en\/wp-json\/wp\/v2\/users\/1"}],"replies":[{"embeddable":true,"href":"https:\/\/fairway2hotel.at\/en\/wp-json\/wp\/v2\/comments?post=121"}],"version-history":[{"count":14,"href":"https:\/\/fairway2hotel.at\/en\/wp-json\/wp\/v2\/pages\/121\/revisions"}],"predecessor-version":[{"id":48417,"href":"https:\/\/fairway2hotel.at\/en\/wp-json\/wp\/v2\/pages\/121\/revisions\/48417"}],"up":[{"embeddable":true,"href":"https:\/\/fairway2hotel.at\/en\/wp-json\/wp\/v2\/pages\/1448"}],"acf:attachment":[{"embeddable":true,"href":"https:\/\/fairway2hotel.at\/en\/wp-json\/wp\/v2\/media\/46705"},{"embeddable":true,"href":"https:\/\/fairway2hotel.at\/en\/wp-json\/wp\/v2\/media\/46703"},{"embeddable":true,"href":"https:\/\/fairway2hotel.at\/en\/wp-json\/wp\/v2\/media\/119"}],"wp:attachment":[{"href":"https:\/\/fairway2hotel.at\/en\/wp-json\/wp\/v2\/media?parent=121"}],"curies":[{"name":"wp","href":"https:\/\/api.w.org\/{rel}","templated":true}]}}