{"id":1231,"date":"2016-10-07T09:53:01","date_gmt":"2016-10-07T07:53:01","guid":{"rendered":"https:\/\/f2h.app\/green-resort-hruba-borsa\/"},"modified":"2025-04-07T16:59:25","modified_gmt":"2025-04-07T14:59:25","slug":"green-resort-hruba-borsa","status":"publish","type":"page","link":"https:\/\/fairway2hotel.at\/en\/golfclubs\/slowakei\/green-resort-hruba-borsa\/","title":{"rendered":"GC Hrub\u00e1 Bor\u0161a"},"content":{"rendered":"<h2>Der ideale Ort f\u00fcr Golf, Wohnen und Relaxen<\/h2>\n<p>Golf-Resort GREEN RESORT mit 27 L\u00f6chern, befindet sich im Dorf Hrub\u00e1 Bor\u0161a in der n\u00e4he von Senec direkt im Wohn- und Freizeit Komplex GREEN RESORT.<\/p>\n<p>Der 18 \u2013 Loch Meisterschaft Platz ist ein \u201efairer Platz\u201c mit wenig hohen Roughs. Weitl\u00e4ufig angelegt, garantiert der Platz ultimativen Komfort f\u00fcr Ihr Spiel. Die Landezonen sind 70-80 m breit nach dem Vorbild der amerikanischen Pl\u00e4tze gestaltet, was auch von weniger erfahrenen Spieler gesch\u00e4tzt wird. Charme und Reiz geben dem Platz auch der Auwald und zahlreiche Seen. Das Highlight ist das Inselgr\u00fcn von Loch Nr. 16. Der \u00f6ffentliche 9-Loch-Platz ist eine gute Wahl f\u00fcr Anf\u00e4nger als auch fortgeschrittene Spieler, vor allem f\u00fcr das kurze Spiel.<\/p>\n<h2>The ideal place for golf, living and relaxing<\/h2>\n<p>Golf resort GREEN RESORT with 27 holes is located in the village Hrub\u00e1 Bor\u0161a near Senec directly in the residential and recreational complex GREEN RESORT.<\/p>\n<p>The 18 &#8211; hole championship course is a \u201cfair course\u201d with few high roughs. Spaciously laid out, the course guarantees ultimate comfort for your game. The landing zones are 70-80 m wide, following the example of American courses, which is also appreciated by less experienced players. The alluvial forest and numerous lakes also lend the course charm and appeal. The highlight is the island green of hole no. 16. The public 9-hole course is a good choice for beginners as well as advanced players, especially for the short game.<\/p>\n<p>&nbsp;<\/p>\n","protected":false},"excerpt":{"rendered":"<p>Der ideale Ort f\u00fcr Golf, Wohnen und Relaxen Golf-Resort GREEN RESORT mit 27 L\u00f6chern, befindet sich im Dorf Hrub\u00e1 Bor\u0161a in der n\u00e4he von Senec direkt im Wohn- und Freizeit Komplex GREEN RESORT. Der 18 \u2013 Loch Meisterschaft Platz ist ein \u201efairer Platz\u201c mit wenig hohen Roughs. Weitl\u00e4ufig angelegt, garantiert der Platz ultimativen Komfort f\u00fcr [&hellip;]<\/p>\n","protected":false},"author":1,"featured_media":0,"parent":1733,"menu_order":15,"comment_status":"closed","ping_status":"closed","template":"page-partner.php","meta":{"_acf_changed":false,"footnotes":""},"class_list":["post-1231","page","type-page","status-publish","hentry"],"acf":{"partner_infobox":"<strong>Adresse:\u00a0<\/strong>fov\u00e1 592\/61, 900 50\u00a0Hrub\u00e1 Bor\u0161a\r\n\r\n<strong>Tel:\u00a0<\/strong>+421 902 602 737\r\n\r\n<strong>Web: <\/strong><a href=\"http:\/\/www.golfborsa.sk\" target=\"_blank\" rel=\"nofollow noopener\">www.golfborsa.sk<\/a>\r\n\r\n<strong>E-Mail:<\/strong> <a href=\"mailto:recepcia@golfborsa.sk\">recepcia@golfborsa.sk<\/a>\r\n\r\n<strong>Spielbahnen\/Par: <\/strong>18\/72\r\n\u00f6ffentlicher Platz: 28\r\n\r\n<strong>L\u00e4nge:\u00a0<\/strong>\r\n\r\nblack tee: 6.691 m\r\n\r\nwhite tee: 6.254 m\r\n\r\nyellow tee: 5.711 m\r\n\r\nblue tee: 5.269 m\r\n\r\nred tee: 4.677 m\r\n\r\n<em><strong>Bedingungen:\r\n<\/strong>GS einl\u00f6sbar Mo bis Do (nicht an Feiertagen)<\/em>\r\n\r\n<strong>Anfahrt:\r\n<\/strong>Das Resort liegt nur 21 km von Bratislava entlang der Autobahn D1 Richtung \u017dilina. Ausfahrt Richtung Senec, den Ort Kr\u00e1\u013eov\u00e1 pri Senci durchfahren bis zu Hrub\u00e1 Bor\u0161a.","partner_logo":2832,"partner_gallery":[2833,47771,47773,47775],"partner_lat":48.17729,"partner_long":17.49001,"partner_type":"golfclub","partner_openings":["1","2","3","4"],"montag_von_bis":"00:00 - 24:00","dienstag_von_bis":"00:00 - 24:00","mittwoch_von_bis":"00:00 - 24:00","donnerstag_von_bis":"00:00 - 24:00","freitag_von_bis":"00:00 - 24:00","samstag_von_bis":"00:00 - 24:00","sonntag_von_bis":"00:00 - 24:00","partner_adresse":"Golfov\u00e1 592\/61, 900 50\u00a0Hrub\u00e1 Bor\u0161a","partner_land_bundesland":"Slowakei","partner_tel_1":"","partner_tel_2":"00421 902 602 737","partner_web":"http:\/\/www.golfborsa.sk","partner_mail":"recepcia@golfborsa.sk","partner_spielbahnen_par":"18\/72 \u00f6ffentlicher Platz: 28","partner_laenge":"black tee: 6.691 m\u00a0 white tee: 6.254 m\u00a0 yellow tee: 5.711 m\u00a0 blue tee: 5.269 m\u00a0 red tee: 4.677 m","partner_bedingungen":"GS einl\u00f6sbar Mo bis Do (nicht an Feiertagen)\r\nvouchers redeemable Mon-Thu (except public holidays)","partner_anfahrt":"Das Resort liegt nur 21 km von Bratislava entlang der Autobahn D1 Richtung \u017dilina. Ausfahrt Richtung Senec, den Ort Kr\u00e1\u013eov\u00e1 pri Senci durchfahren bis zu Hrub\u00e1 Bor\u0161a.","partner_misc":null,"additional_css_classes":""},"yoast_head":"<!-- This site is optimized with the Yoast SEO plugin v26.8 - https:\/\/yoast.com\/product\/yoast-seo-wordpress\/ -->\n<title>GC Hrub\u00e1 Bor\u0161a - Fairway 2 Hotel<\/title>\n<meta name=\"robots\" content=\"index, follow, max-snippet:-1, max-image-preview:large, max-video-preview:-1\" \/>\n<link rel=\"canonical\" href=\"https:\/\/fairway2hotel.at\/en\/golfclubs\/slowakei\/green-resort-hruba-borsa\/\" \/>\n<meta property=\"og:locale\" content=\"en_US\" \/>\n<meta property=\"og:type\" content=\"article\" \/>\n<meta property=\"og:title\" content=\"GC Hrub\u00e1 Bor\u0161a - Fairway 2 Hotel\" \/>\n<meta property=\"og:description\" content=\"Der ideale Ort f\u00fcr Golf, Wohnen und Relaxen Golf-Resort GREEN RESORT mit 27 L\u00f6chern, befindet sich im Dorf Hrub\u00e1 Bor\u0161a in der n\u00e4he von Senec direkt im Wohn- und Freizeit Komplex GREEN RESORT. Der 18 \u2013 Loch Meisterschaft Platz ist ein \u201efairer Platz\u201c mit wenig hohen Roughs. Weitl\u00e4ufig angelegt, garantiert der Platz ultimativen Komfort f\u00fcr [&hellip;]\" \/>\n<meta property=\"og:url\" content=\"https:\/\/fairway2hotel.at\/en\/golfclubs\/slowakei\/green-resort-hruba-borsa\/\" \/>\n<meta property=\"og:site_name\" content=\"Fairway 2 Hotel\" \/>\n<meta property=\"article:modified_time\" content=\"2025-04-07T14:59:25+00:00\" \/>\n<meta name=\"twitter:card\" content=\"summary_large_image\" \/>\n<meta name=\"twitter:label1\" content=\"Est. reading time\" \/>\n\t<meta name=\"twitter:data1\" content=\"2 minutes\" \/>\n<script type=\"application\/ld+json\" class=\"yoast-schema-graph\">{\"@context\":\"https:\/\/schema.org\",\"@graph\":[{\"@type\":\"WebPage\",\"@id\":\"https:\/\/fairway2hotel.at\/en\/golfclubs\/slowakei\/green-resort-hruba-borsa\/\",\"url\":\"https:\/\/fairway2hotel.at\/en\/golfclubs\/slowakei\/green-resort-hruba-borsa\/\",\"name\":\"GC Hrub\u00e1 Bor\u0161a - Fairway 2 Hotel\",\"isPartOf\":{\"@id\":\"https:\/\/fairway2hotel.at\/en\/#website\"},\"datePublished\":\"2016-10-07T07:53:01+00:00\",\"dateModified\":\"2025-04-07T14:59:25+00:00\",\"breadcrumb\":{\"@id\":\"https:\/\/fairway2hotel.at\/en\/golfclubs\/slowakei\/green-resort-hruba-borsa\/#breadcrumb\"},\"inLanguage\":\"en-US\",\"potentialAction\":[{\"@type\":\"ReadAction\",\"target\":[\"https:\/\/fairway2hotel.at\/en\/golfclubs\/slowakei\/green-resort-hruba-borsa\/\"]}]},{\"@type\":\"BreadcrumbList\",\"@id\":\"https:\/\/fairway2hotel.at\/en\/golfclubs\/slowakei\/green-resort-hruba-borsa\/#breadcrumb\",\"itemListElement\":[{\"@type\":\"ListItem\",\"position\":1,\"name\":\"Home\",\"item\":\"https:\/\/fairway2hotel.at\/en\/\"},{\"@type\":\"ListItem\",\"position\":2,\"name\":\"Golfclubs\",\"item\":\"https:\/\/fairway2hotel.at\/en\/golfclubs\/\"},{\"@type\":\"ListItem\",\"position\":3,\"name\":\"Golfclubs Slowakei\",\"item\":\"https:\/\/fairway2hotel.at\/en\/golfclubs\/slowakei\/\"},{\"@type\":\"ListItem\",\"position\":4,\"name\":\"GC Hrub\u00e1 Bor\u0161a\"}]},{\"@type\":\"WebSite\",\"@id\":\"https:\/\/fairway2hotel.at\/en\/#website\",\"url\":\"https:\/\/fairway2hotel.at\/en\/\",\"name\":\"Fairway 2 Hotel\",\"description\":\"Golf at half price! 2 play - 1 pays\",\"potentialAction\":[{\"@type\":\"SearchAction\",\"target\":{\"@type\":\"EntryPoint\",\"urlTemplate\":\"https:\/\/fairway2hotel.at\/en\/?s={search_term_string}\"},\"query-input\":{\"@type\":\"PropertyValueSpecification\",\"valueRequired\":true,\"valueName\":\"search_term_string\"}}],\"inLanguage\":\"en-US\"}]}<\/script>\n<!-- \/ Yoast SEO plugin. -->","yoast_head_json":{"title":"GC Hrub\u00e1 Bor\u0161a - Fairway 2 Hotel","robots":{"index":"index","follow":"follow","max-snippet":"max-snippet:-1","max-image-preview":"max-image-preview:large","max-video-preview":"max-video-preview:-1"},"canonical":"https:\/\/fairway2hotel.at\/en\/golfclubs\/slowakei\/green-resort-hruba-borsa\/","og_locale":"en_US","og_type":"article","og_title":"GC Hrub\u00e1 Bor\u0161a - Fairway 2 Hotel","og_description":"Der ideale Ort f\u00fcr Golf, Wohnen und Relaxen Golf-Resort GREEN RESORT mit 27 L\u00f6chern, befindet sich im Dorf Hrub\u00e1 Bor\u0161a in der n\u00e4he von Senec direkt im Wohn- und Freizeit Komplex GREEN RESORT. Der 18 \u2013 Loch Meisterschaft Platz ist ein \u201efairer Platz\u201c mit wenig hohen Roughs. Weitl\u00e4ufig angelegt, garantiert der Platz ultimativen Komfort f\u00fcr [&hellip;]","og_url":"https:\/\/fairway2hotel.at\/en\/golfclubs\/slowakei\/green-resort-hruba-borsa\/","og_site_name":"Fairway 2 Hotel","article_modified_time":"2025-04-07T14:59:25+00:00","twitter_card":"summary_large_image","twitter_misc":{"Est. reading time":"2 minutes"},"schema":{"@context":"https:\/\/schema.org","@graph":[{"@type":"WebPage","@id":"https:\/\/fairway2hotel.at\/en\/golfclubs\/slowakei\/green-resort-hruba-borsa\/","url":"https:\/\/fairway2hotel.at\/en\/golfclubs\/slowakei\/green-resort-hruba-borsa\/","name":"GC Hrub\u00e1 Bor\u0161a - Fairway 2 Hotel","isPartOf":{"@id":"https:\/\/fairway2hotel.at\/en\/#website"},"datePublished":"2016-10-07T07:53:01+00:00","dateModified":"2025-04-07T14:59:25+00:00","breadcrumb":{"@id":"https:\/\/fairway2hotel.at\/en\/golfclubs\/slowakei\/green-resort-hruba-borsa\/#breadcrumb"},"inLanguage":"en-US","potentialAction":[{"@type":"ReadAction","target":["https:\/\/fairway2hotel.at\/en\/golfclubs\/slowakei\/green-resort-hruba-borsa\/"]}]},{"@type":"BreadcrumbList","@id":"https:\/\/fairway2hotel.at\/en\/golfclubs\/slowakei\/green-resort-hruba-borsa\/#breadcrumb","itemListElement":[{"@type":"ListItem","position":1,"name":"Home","item":"https:\/\/fairway2hotel.at\/en\/"},{"@type":"ListItem","position":2,"name":"Golfclubs","item":"https:\/\/fairway2hotel.at\/en\/golfclubs\/"},{"@type":"ListItem","position":3,"name":"Golfclubs Slowakei","item":"https:\/\/fairway2hotel.at\/en\/golfclubs\/slowakei\/"},{"@type":"ListItem","position":4,"name":"GC Hrub\u00e1 Bor\u0161a"}]},{"@type":"WebSite","@id":"https:\/\/fairway2hotel.at\/en\/#website","url":"https:\/\/fairway2hotel.at\/en\/","name":"Fairway 2 Hotel","description":"Golf at half price! 2 play - 1 pays","potentialAction":[{"@type":"SearchAction","target":{"@type":"EntryPoint","urlTemplate":"https:\/\/fairway2hotel.at\/en\/?s={search_term_string}"},"query-input":{"@type":"PropertyValueSpecification","valueRequired":true,"valueName":"search_term_string"}}],"inLanguage":"en-US"}]}},"_links":{"self":[{"href":"https:\/\/fairway2hotel.at\/en\/wp-json\/wp\/v2\/pages\/1231","targetHints":{"allow":["GET"]}}],"collection":[{"href":"https:\/\/fairway2hotel.at\/en\/wp-json\/wp\/v2\/pages"}],"about":[{"href":"https:\/\/fairway2hotel.at\/en\/wp-json\/wp\/v2\/types\/page"}],"author":[{"embeddable":true,"href":"https:\/\/fairway2hotel.at\/en\/wp-json\/wp\/v2\/users\/1"}],"replies":[{"embeddable":true,"href":"https:\/\/fairway2hotel.at\/en\/wp-json\/wp\/v2\/comments?post=1231"}],"version-history":[{"count":12,"href":"https:\/\/fairway2hotel.at\/en\/wp-json\/wp\/v2\/pages\/1231\/revisions"}],"predecessor-version":[{"id":47777,"href":"https:\/\/fairway2hotel.at\/en\/wp-json\/wp\/v2\/pages\/1231\/revisions\/47777"}],"up":[{"embeddable":true,"href":"https:\/\/fairway2hotel.at\/en\/wp-json\/wp\/v2\/pages\/1733"}],"acf:attachment":[{"embeddable":true,"href":"https:\/\/fairway2hotel.at\/en\/wp-json\/wp\/v2\/media\/47775"},{"embeddable":true,"href":"https:\/\/fairway2hotel.at\/en\/wp-json\/wp\/v2\/media\/47773"},{"embeddable":true,"href":"https:\/\/fairway2hotel.at\/en\/wp-json\/wp\/v2\/media\/47771"},{"embeddable":true,"href":"https:\/\/fairway2hotel.at\/en\/wp-json\/wp\/v2\/media\/2833"}],"wp:attachment":[{"href":"https:\/\/fairway2hotel.at\/en\/wp-json\/wp\/v2\/media?parent=1231"}],"curies":[{"name":"wp","href":"https:\/\/api.w.org\/{rel}","templated":true}]}}