{"id":1242,"date":"2016-10-18T08:39:05","date_gmt":"2016-10-18T06:39:05","guid":{"rendered":"https:\/\/f2h.app\/hotel-restaurant-ottenstein\/"},"modified":"2025-03-14T10:29:08","modified_gmt":"2025-03-14T09:29:08","slug":"hotel-ottenstein","status":"publish","type":"page","link":"https:\/\/fairway2hotel.at\/en\/hotels\/niederoesterreich\/hotel-ottenstein\/","title":{"rendered":"Hotel Ottenstein"},"content":{"rendered":"<h2>HOTEL OTTENSTEIN \u2013 Das Wohlf\u00fchlhotel<\/h2>\n<p>Hotel Ottenstein \u2013 Das Wohlf\u00fchlhotel ist der ideale Ort fu\u0308r alle Freunde des Waldviertels: Erholungsuchende, Freizeitsportler, Naturliebhaber und Kulturinteressierte finden hier den perfekten Ausgangspunkt fu\u0308r alle Aktivita\u0308ten wie auch einfach Golfen. In unmittelbarer Na\u0308he zum Stausee Ottenstein sowie nur 10 Minuten von Diamond GC Ottenstein entfernt warten 110 Zimmer in verschiedenen Kategorien in einer weitla\u0308ufigen Bungalow-Anlage auf Sie. Alle unsere Zimmer bieten Ruhe und Geborgenheit, fu\u0308r die das Waldviertel so beliebt ist. Bei uns sind Sie fu\u0308r la\u0308ngere Aufenthalte ebenso willkommen wie fu\u0308r einen kurzen Golfurlaub am Wochenende. Erleben Sie wahre Ko\u0308stlichkeiten aus der Region in unserem Hotel Restaurant oder beim Sch\u00f6nwetter im Seerestaurant Ottenstein direkt am Stausee. Genie\u00dfen Sie unsere inkludierten Wohlf\u00fchlangebote in unserer Wellnessoase mit Sauna, Biosauna, Dampfbad &amp; Infrarotkabine und nutzen Sie deren heilsame Energie fu\u0308r Ko\u0308rper, Geist und Seele damit Sie fit f\u00fcr den n\u00e4chsten Abschlag sind.<\/p>\n<h2>HOTEL OTTENSTEIN &#8211; The feel-good hotel<\/h2>\n<p>Hotel Ottenstein &#8211; Das Wohlf\u00fchlhotel is the ideal place for all friends of the Waldviertel: those seeking relaxation, leisure sports enthusiasts, nature lovers and those interested in culture will find the perfect starting point for all activities, including golfing. In the immediate vicinity of the Ottenstein reservoir and just 10 minutes from Diamond GC Ottenstein, 110 rooms in various categories await you in a spacious bungalow complex. All our rooms offer the tranquillity and security for which the Waldviertel is so popular. You are just as welcome here for longer stays as for a short golf holiday at the weekend. Experience true delicacies from the region in our hotel restaurant or, in fine weather, in the Seerestaurant Ottenstein directly on the reservoir. Enjoy our included wellness offers in our wellness oasis with sauna, bio sauna, steam bath &amp; infrared cabin and use their healing energy for body, mind and soul so that you are fit for the next tee-off.<\/p>\n","protected":false},"excerpt":{"rendered":"<p>HOTEL OTTENSTEIN \u2013 Das Wohlf\u00fchlhotel Hotel Ottenstein \u2013 Das Wohlf\u00fchlhotel ist der ideale Ort fu\u0308r alle Freunde des Waldviertels: Erholungsuchende, Freizeitsportler, Naturliebhaber und Kulturinteressierte finden hier den perfekten Ausgangspunkt fu\u0308r alle Aktivita\u0308ten wie auch einfach Golfen. In unmittelbarer Na\u0308he zum Stausee Ottenstein sowie nur 10 Minuten von Diamond GC Ottenstein entfernt warten 110 Zimmer in [&hellip;]<\/p>\n","protected":false},"author":1,"featured_media":0,"parent":2097,"menu_order":3,"comment_status":"closed","ping_status":"closed","template":"page-partner.php","meta":{"_acf_changed":false,"footnotes":""},"class_list":["post-1242","page","type-page","status-publish","hentry"],"acf":{"partner_infobox":"<strong>Adresse:\u00a0<\/strong>3532 Rastenfeld, Peygarten-Ottenstein 60\r\n\r\n<strong>Tel:\u00a0<\/strong>02826\/251\r\n\r\n<strong>Fax:\u00a0<\/strong>02826\/251 - 14614\r\n\r\n<strong>Web: <\/strong><a href=\"http:\/\/www.hotelottenstein.at\" target=\"_blank\" rel=\"nofollow noopener noreferrer\">www.hotelottenstein.at<\/a>\r\n\r\n<strong>E-Mail:<\/strong> <a href=\"mailto:rezeption@hotelottenstein.at\">rezeption@hotelottenstein.at<\/a>\r\n\r\n<strong>Golfclubs in der N\u00e4he:\r\n<\/strong>Golfclub Ottenstein, 10 km, 10 Min.\r\n\r\n<strong>Anfahrt:\r\n<\/strong>per Auto von Wien 116 km (1 Std. 15 Min.)\r\nper Auto von Linz 115 km (1 Std. 36 Min.)\r\nper Auto von St. Po\u0308lten 70 km (47 Min.)","partner_logo":2725,"partner_gallery":[3809,3808],"partner_lat":48.596462,"partner_long":15.319905,"partner_type":"hotel","partner_openings":["1","2","3","4","5","7"],"montag_von_bis":"00:00 - 24:00","dienstag_von_bis":"00:00 - 24:00","mittwoch_von_bis":"00:00 - 24:00","donnerstag_von_bis":"00:00 - 24:00","freitag_von_bis":"00:00 - 24:00","samstag_von_bis":"00:00 - 24:00","sonntag_von_bis":"00:00 - 24:00","partner_adresse":"3532 Rastenfeld, Peygarten-Ottenstein 60","partner_land_bundesland":"","partner_tel_1":"","partner_tel_2":"00432826251","partner_web":"https:\/\/hotelottenstein.at\/","partner_mail":"rezeption@hotelottenstein.at","partner_spielbahnen_par":"","partner_laenge":"","partner_bedingungen":"GS einl\u00f6sbar im Standarddoppelzimmer von SO-FR ausgenommen Feiertage \r\nvoucher redeemable in a standard double room from Sun-Fri excluding public holidays ","partner_anfahrt":"","partner_misc":null,"additional_css_classes":""},"yoast_head":"<!-- This site is optimized with the Yoast SEO plugin v26.8 - https:\/\/yoast.com\/product\/yoast-seo-wordpress\/ -->\n<title>Hotel Ottenstein - Fairway 2 Hotel<\/title>\n<meta name=\"robots\" content=\"index, follow, max-snippet:-1, max-image-preview:large, max-video-preview:-1\" \/>\n<link rel=\"canonical\" href=\"https:\/\/fairway2hotel.at\/en\/hotels\/niederoesterreich\/hotel-ottenstein\/\" \/>\n<meta property=\"og:locale\" content=\"en_US\" \/>\n<meta property=\"og:type\" content=\"article\" \/>\n<meta property=\"og:title\" content=\"Hotel Ottenstein - Fairway 2 Hotel\" \/>\n<meta property=\"og:description\" content=\"HOTEL OTTENSTEIN \u2013 Das Wohlf\u00fchlhotel Hotel Ottenstein \u2013 Das Wohlf\u00fchlhotel ist der ideale Ort fu\u0308r alle Freunde des Waldviertels: Erholungsuchende, Freizeitsportler, Naturliebhaber und Kulturinteressierte finden hier den perfekten Ausgangspunkt fu\u0308r alle Aktivita\u0308ten wie auch einfach Golfen. In unmittelbarer Na\u0308he zum Stausee Ottenstein sowie nur 10 Minuten von Diamond GC Ottenstein entfernt warten 110 Zimmer in [&hellip;]\" \/>\n<meta property=\"og:url\" content=\"https:\/\/fairway2hotel.at\/en\/hotels\/niederoesterreich\/hotel-ottenstein\/\" \/>\n<meta property=\"og:site_name\" content=\"Fairway 2 Hotel\" \/>\n<meta property=\"article:modified_time\" content=\"2025-03-14T09:29:08+00:00\" \/>\n<meta name=\"twitter:card\" content=\"summary_large_image\" \/>\n<meta name=\"twitter:label1\" content=\"Est. reading time\" \/>\n\t<meta name=\"twitter:data1\" content=\"2 minutes\" \/>\n<script type=\"application\/ld+json\" class=\"yoast-schema-graph\">{\"@context\":\"https:\/\/schema.org\",\"@graph\":[{\"@type\":\"WebPage\",\"@id\":\"https:\/\/fairway2hotel.at\/en\/hotels\/niederoesterreich\/hotel-ottenstein\/\",\"url\":\"https:\/\/fairway2hotel.at\/en\/hotels\/niederoesterreich\/hotel-ottenstein\/\",\"name\":\"Hotel Ottenstein - Fairway 2 Hotel\",\"isPartOf\":{\"@id\":\"https:\/\/fairway2hotel.at\/en\/#website\"},\"datePublished\":\"2016-10-18T06:39:05+00:00\",\"dateModified\":\"2025-03-14T09:29:08+00:00\",\"breadcrumb\":{\"@id\":\"https:\/\/fairway2hotel.at\/en\/hotels\/niederoesterreich\/hotel-ottenstein\/#breadcrumb\"},\"inLanguage\":\"en-US\",\"potentialAction\":[{\"@type\":\"ReadAction\",\"target\":[\"https:\/\/fairway2hotel.at\/en\/hotels\/niederoesterreich\/hotel-ottenstein\/\"]}]},{\"@type\":\"BreadcrumbList\",\"@id\":\"https:\/\/fairway2hotel.at\/en\/hotels\/niederoesterreich\/hotel-ottenstein\/#breadcrumb\",\"itemListElement\":[{\"@type\":\"ListItem\",\"position\":1,\"name\":\"Home\",\"item\":\"https:\/\/fairway2hotel.at\/en\/\"},{\"@type\":\"ListItem\",\"position\":2,\"name\":\"Hotels\",\"item\":\"https:\/\/fairway2hotel.at\/en\/hotels\/\"},{\"@type\":\"ListItem\",\"position\":3,\"name\":\"Hotels Nieder\u00f6sterreich\",\"item\":\"https:\/\/fairway2hotel.at\/en\/hotels\/niederoesterreich\/\"},{\"@type\":\"ListItem\",\"position\":4,\"name\":\"Hotel Ottenstein\"}]},{\"@type\":\"WebSite\",\"@id\":\"https:\/\/fairway2hotel.at\/en\/#website\",\"url\":\"https:\/\/fairway2hotel.at\/en\/\",\"name\":\"Fairway 2 Hotel\",\"description\":\"Golf at half price! 2 play - 1 pays\",\"potentialAction\":[{\"@type\":\"SearchAction\",\"target\":{\"@type\":\"EntryPoint\",\"urlTemplate\":\"https:\/\/fairway2hotel.at\/en\/?s={search_term_string}\"},\"query-input\":{\"@type\":\"PropertyValueSpecification\",\"valueRequired\":true,\"valueName\":\"search_term_string\"}}],\"inLanguage\":\"en-US\"}]}<\/script>\n<!-- \/ Yoast SEO plugin. -->","yoast_head_json":{"title":"Hotel Ottenstein - Fairway 2 Hotel","robots":{"index":"index","follow":"follow","max-snippet":"max-snippet:-1","max-image-preview":"max-image-preview:large","max-video-preview":"max-video-preview:-1"},"canonical":"https:\/\/fairway2hotel.at\/en\/hotels\/niederoesterreich\/hotel-ottenstein\/","og_locale":"en_US","og_type":"article","og_title":"Hotel Ottenstein - Fairway 2 Hotel","og_description":"HOTEL OTTENSTEIN \u2013 Das Wohlf\u00fchlhotel Hotel Ottenstein \u2013 Das Wohlf\u00fchlhotel ist der ideale Ort fu\u0308r alle Freunde des Waldviertels: Erholungsuchende, Freizeitsportler, Naturliebhaber und Kulturinteressierte finden hier den perfekten Ausgangspunkt fu\u0308r alle Aktivita\u0308ten wie auch einfach Golfen. In unmittelbarer Na\u0308he zum Stausee Ottenstein sowie nur 10 Minuten von Diamond GC Ottenstein entfernt warten 110 Zimmer in [&hellip;]","og_url":"https:\/\/fairway2hotel.at\/en\/hotels\/niederoesterreich\/hotel-ottenstein\/","og_site_name":"Fairway 2 Hotel","article_modified_time":"2025-03-14T09:29:08+00:00","twitter_card":"summary_large_image","twitter_misc":{"Est. reading time":"2 minutes"},"schema":{"@context":"https:\/\/schema.org","@graph":[{"@type":"WebPage","@id":"https:\/\/fairway2hotel.at\/en\/hotels\/niederoesterreich\/hotel-ottenstein\/","url":"https:\/\/fairway2hotel.at\/en\/hotels\/niederoesterreich\/hotel-ottenstein\/","name":"Hotel Ottenstein - Fairway 2 Hotel","isPartOf":{"@id":"https:\/\/fairway2hotel.at\/en\/#website"},"datePublished":"2016-10-18T06:39:05+00:00","dateModified":"2025-03-14T09:29:08+00:00","breadcrumb":{"@id":"https:\/\/fairway2hotel.at\/en\/hotels\/niederoesterreich\/hotel-ottenstein\/#breadcrumb"},"inLanguage":"en-US","potentialAction":[{"@type":"ReadAction","target":["https:\/\/fairway2hotel.at\/en\/hotels\/niederoesterreich\/hotel-ottenstein\/"]}]},{"@type":"BreadcrumbList","@id":"https:\/\/fairway2hotel.at\/en\/hotels\/niederoesterreich\/hotel-ottenstein\/#breadcrumb","itemListElement":[{"@type":"ListItem","position":1,"name":"Home","item":"https:\/\/fairway2hotel.at\/en\/"},{"@type":"ListItem","position":2,"name":"Hotels","item":"https:\/\/fairway2hotel.at\/en\/hotels\/"},{"@type":"ListItem","position":3,"name":"Hotels Nieder\u00f6sterreich","item":"https:\/\/fairway2hotel.at\/en\/hotels\/niederoesterreich\/"},{"@type":"ListItem","position":4,"name":"Hotel Ottenstein"}]},{"@type":"WebSite","@id":"https:\/\/fairway2hotel.at\/en\/#website","url":"https:\/\/fairway2hotel.at\/en\/","name":"Fairway 2 Hotel","description":"Golf at half price! 2 play - 1 pays","potentialAction":[{"@type":"SearchAction","target":{"@type":"EntryPoint","urlTemplate":"https:\/\/fairway2hotel.at\/en\/?s={search_term_string}"},"query-input":{"@type":"PropertyValueSpecification","valueRequired":true,"valueName":"search_term_string"}}],"inLanguage":"en-US"}]}},"_links":{"self":[{"href":"https:\/\/fairway2hotel.at\/en\/wp-json\/wp\/v2\/pages\/1242","targetHints":{"allow":["GET"]}}],"collection":[{"href":"https:\/\/fairway2hotel.at\/en\/wp-json\/wp\/v2\/pages"}],"about":[{"href":"https:\/\/fairway2hotel.at\/en\/wp-json\/wp\/v2\/types\/page"}],"author":[{"embeddable":true,"href":"https:\/\/fairway2hotel.at\/en\/wp-json\/wp\/v2\/users\/1"}],"replies":[{"embeddable":true,"href":"https:\/\/fairway2hotel.at\/en\/wp-json\/wp\/v2\/comments?post=1242"}],"version-history":[{"count":20,"href":"https:\/\/fairway2hotel.at\/en\/wp-json\/wp\/v2\/pages\/1242\/revisions"}],"predecessor-version":[{"id":46547,"href":"https:\/\/fairway2hotel.at\/en\/wp-json\/wp\/v2\/pages\/1242\/revisions\/46547"}],"up":[{"embeddable":true,"href":"https:\/\/fairway2hotel.at\/en\/wp-json\/wp\/v2\/pages\/2097"}],"acf:attachment":[{"embeddable":true,"href":"https:\/\/fairway2hotel.at\/en\/wp-json\/wp\/v2\/media\/3808"},{"embeddable":true,"href":"https:\/\/fairway2hotel.at\/en\/wp-json\/wp\/v2\/media\/3809"}],"wp:attachment":[{"href":"https:\/\/fairway2hotel.at\/en\/wp-json\/wp\/v2\/media?parent=1242"}],"curies":[{"name":"wp","href":"https:\/\/api.w.org\/{rel}","templated":true}]}}