{"id":1287,"date":"2016-10-18T08:47:52","date_gmt":"2016-10-18T06:47:52","guid":{"rendered":"https:\/\/f2h.app\/golf-resort-pisek-kestrany\/"},"modified":"2025-03-14T09:58:35","modified_gmt":"2025-03-14T08:58:35","slug":"golf-resort-pisek-kestrany","status":"publish","type":"page","link":"https:\/\/fairway2hotel.at\/en\/golfclubs\/tschechien\/golf-resort-pisek-kestrany\/","title":{"rendered":"GC Kestrany"},"content":{"rendered":"<h2>Ein wunderscho\u0308ner Ort, das hochmu\u0308tige Resort<\/h2>\n<p>Unweit von der su\u0308dbo\u0308hmischen Stadt Pi\u0301sek beim Dorf Kestr\u030cany liegt das herrliche 18-Loch-Golfresort Pi\u0301sek. Sein Projekt bereitete der beru\u0308hmte japanische Architekt Shun- suke Kato vor. Die ersten 9 Lo\u0308cher sind in der waldigen Landschaft mit mehreren Teichen integriert und sind technisch anspruchsvoller, man muss die richtige Spielstrategie fu\u0308r jedes Loch wa\u0308hlen. Die na\u0308chsten 9 Lo\u0308cher sind mehr offen und bieten wunderscho\u0308nen Ausblick auf das Panorama des Bo\u0308hmerwaldes. Hier kann man anderen Zugriff wa\u0308hlen und einen Driver mehr benutzen. Der Ho\u0308hepunkt sind die Lo\u0308cher 13, 14 und 15. Dort spielt man zuerst ins tiefe Tal, dann den gro\u00dfen Teich entlang und dann sogar das Loch auf der Insel. Am letzten Loch, gerade beim Klubhaus, genie\u00dft man wieder die malerische su\u0308dbo\u0308hmische Landschaft.<\/p>\n<h2>A beautiful place, the haughty resort<\/h2>\n<p>Not far from the South Bohemian town of P\u00edsek near the village of Kest\u0159any lies the marvellous 18-hole P\u00edsek Golf Resort. Its project was prepared by the famous Japanese architect Shun- suke Kato. The first 9 holes are integrated into the wooded landscape with several ponds and are technically more demanding; you have to choose the right playing strategy for each hole. The next 9 holes are more open and offer beautiful views of the \u0160umava panorama. Here you can choose a different approach and use one more driver. The highlight is holes 13, 14 and 15, where you first play into the deep valley, then along the large pond and even the hole on the island. At the last hole, just by the clubhouse, you can once again enjoy the picturesque South Bohemian landscape.<\/p>\n","protected":false},"excerpt":{"rendered":"<p>Ein wunderscho\u0308ner Ort, das hochmu\u0308tige Resort Unweit von der su\u0308dbo\u0308hmischen Stadt Pi\u0301sek beim Dorf Kestr\u030cany liegt das herrliche 18-Loch-Golfresort Pi\u0301sek. Sein Projekt bereitete der beru\u0308hmte japanische Architekt Shun- suke Kato vor. Die ersten 9 Lo\u0308cher sind in der waldigen Landschaft mit mehreren Teichen integriert und sind technisch anspruchsvoller, man muss die richtige Spielstrategie fu\u0308r jedes [&hellip;]<\/p>\n","protected":false},"author":1,"featured_media":0,"parent":1707,"menu_order":40,"comment_status":"closed","ping_status":"closed","template":"page-partner.php","meta":{"_acf_changed":false,"footnotes":""},"class_list":["post-1287","page","type-page","status-publish","hentry"],"acf":{"partner_infobox":"<strong>Adresse:\u00a0<\/strong>Golf Resort P\u00edsek, Kest\u0159any 70, 398 21 Kest\u0159any\r\n\r\n<strong>Tel:\u00a0<\/strong>+420 724 576 976\r\n\r\n<strong>Web: <\/strong><a href=\"http:\/\/www.golfresortpisek.cz\" target=\"_blank\" rel=\"nofollow noopener noreferrer\">www.golfresortpisek.cz<\/a>\r\n\r\n<strong>E-Mail:<\/strong> <a href=\"mailto:recepce@golfresortpisek.cz\">recepce@golfresortpisek.cz<\/a>\r\n\r\n<strong>Spielbahnen\/Par: <\/strong>18\/72\r\n\r\n<strong>La\u0308nge: <\/strong>gelb: 5.621 m, rot: 5.048 m\r\n\r\n<em><strong>Bedingungen:\r\n<\/strong>Gutscheine ein- lo\u0308sbar von MO\u2013FR, ausgenommen Feiertage.<\/em>\r\n\r\n<strong>Anfahrt:\r\n<\/strong>Pi\u0301sek \u2192 Kest\u0159any (6 km), Strakonice \u2192 Kest\u0159any (10 km) 49\u00b017 \u03011.803 \u030b N, 14\u00b04 \u030141.509 \u030b E","partner_logo":1286,"partner_gallery":[3957,3959,3958,3480,3479],"partner_lat":49.283901,"partner_long":14.078247,"partner_type":"golfclub","partner_openings":["1","2","3","4","5","6","7"],"montag_von_bis":"00:00 - 24:00","dienstag_von_bis":"00:00 - 24:00","mittwoch_von_bis":"00:00 - 24:00","donnerstag_von_bis":"00:00 - 24:00","freitag_von_bis":"00:00 - 24:00","samstag_von_bis":"00:00 - 24:00","sonntag_von_bis":"00:00 - 24:00","partner_adresse":"Kest\u0159any 70, 398 21 Kest\u0159any","partner_land_bundesland":"Tschechische Republik","partner_tel_1":"","partner_tel_2":"00420 602 350 956","partner_web":"http:\/\/www.golfkestrany.cz","partner_mail":"recepce@golfkestrany.cz","partner_spielbahnen_par":"18\/72","partner_laenge":"wei\u00df: 6.080m gelb: 5.722m blau: 5.458m rot: 4.803m","partner_bedingungen":"","partner_anfahrt":"Pi\u0301sek \u2192 Kest\u0159any (6 km), Strakonice \u2192 Kest\u0159any (10 km) 49\u00b017 \u03011.803 \u030b N, 14\u00b04 \u030141.509 \u030b E","partner_misc":null,"additional_css_classes":""},"yoast_head":"<!-- This site is optimized with the Yoast SEO plugin v26.8 - https:\/\/yoast.com\/product\/yoast-seo-wordpress\/ -->\n<title>GC Kestrany - Fairway 2 Hotel<\/title>\n<meta name=\"robots\" content=\"index, follow, max-snippet:-1, max-image-preview:large, max-video-preview:-1\" \/>\n<link rel=\"canonical\" href=\"https:\/\/fairway2hotel.at\/en\/golfclubs\/tschechien\/golf-resort-pisek-kestrany\/\" \/>\n<meta property=\"og:locale\" content=\"en_US\" \/>\n<meta property=\"og:type\" content=\"article\" \/>\n<meta property=\"og:title\" content=\"GC Kestrany - Fairway 2 Hotel\" \/>\n<meta property=\"og:description\" content=\"Ein wunderscho\u0308ner Ort, das hochmu\u0308tige Resort Unweit von der su\u0308dbo\u0308hmischen Stadt Pi\u0301sek beim Dorf Kestr\u030cany liegt das herrliche 18-Loch-Golfresort Pi\u0301sek. Sein Projekt bereitete der beru\u0308hmte japanische Architekt Shun- suke Kato vor. Die ersten 9 Lo\u0308cher sind in der waldigen Landschaft mit mehreren Teichen integriert und sind technisch anspruchsvoller, man muss die richtige Spielstrategie fu\u0308r jedes [&hellip;]\" \/>\n<meta property=\"og:url\" content=\"https:\/\/fairway2hotel.at\/en\/golfclubs\/tschechien\/golf-resort-pisek-kestrany\/\" \/>\n<meta property=\"og:site_name\" content=\"Fairway 2 Hotel\" \/>\n<meta property=\"article:modified_time\" content=\"2025-03-14T08:58:35+00:00\" \/>\n<meta name=\"twitter:card\" content=\"summary_large_image\" \/>\n<meta name=\"twitter:label1\" content=\"Est. reading time\" \/>\n\t<meta name=\"twitter:data1\" content=\"2 minutes\" \/>\n<script type=\"application\/ld+json\" class=\"yoast-schema-graph\">{\"@context\":\"https:\/\/schema.org\",\"@graph\":[{\"@type\":\"WebPage\",\"@id\":\"https:\/\/fairway2hotel.at\/en\/golfclubs\/tschechien\/golf-resort-pisek-kestrany\/\",\"url\":\"https:\/\/fairway2hotel.at\/en\/golfclubs\/tschechien\/golf-resort-pisek-kestrany\/\",\"name\":\"GC Kestrany - Fairway 2 Hotel\",\"isPartOf\":{\"@id\":\"https:\/\/fairway2hotel.at\/en\/#website\"},\"datePublished\":\"2016-10-18T06:47:52+00:00\",\"dateModified\":\"2025-03-14T08:58:35+00:00\",\"breadcrumb\":{\"@id\":\"https:\/\/fairway2hotel.at\/en\/golfclubs\/tschechien\/golf-resort-pisek-kestrany\/#breadcrumb\"},\"inLanguage\":\"en-US\",\"potentialAction\":[{\"@type\":\"ReadAction\",\"target\":[\"https:\/\/fairway2hotel.at\/en\/golfclubs\/tschechien\/golf-resort-pisek-kestrany\/\"]}]},{\"@type\":\"BreadcrumbList\",\"@id\":\"https:\/\/fairway2hotel.at\/en\/golfclubs\/tschechien\/golf-resort-pisek-kestrany\/#breadcrumb\",\"itemListElement\":[{\"@type\":\"ListItem\",\"position\":1,\"name\":\"Home\",\"item\":\"https:\/\/fairway2hotel.at\/en\/\"},{\"@type\":\"ListItem\",\"position\":2,\"name\":\"Golfclubs\",\"item\":\"https:\/\/fairway2hotel.at\/en\/golfclubs\/\"},{\"@type\":\"ListItem\",\"position\":3,\"name\":\"Golfclubs Tschechien\",\"item\":\"https:\/\/fairway2hotel.at\/en\/golfclubs\/tschechien\/\"},{\"@type\":\"ListItem\",\"position\":4,\"name\":\"GC Kestrany\"}]},{\"@type\":\"WebSite\",\"@id\":\"https:\/\/fairway2hotel.at\/en\/#website\",\"url\":\"https:\/\/fairway2hotel.at\/en\/\",\"name\":\"Fairway 2 Hotel\",\"description\":\"Golf at half price! 2 play - 1 pays\",\"potentialAction\":[{\"@type\":\"SearchAction\",\"target\":{\"@type\":\"EntryPoint\",\"urlTemplate\":\"https:\/\/fairway2hotel.at\/en\/?s={search_term_string}\"},\"query-input\":{\"@type\":\"PropertyValueSpecification\",\"valueRequired\":true,\"valueName\":\"search_term_string\"}}],\"inLanguage\":\"en-US\"}]}<\/script>\n<!-- \/ Yoast SEO plugin. -->","yoast_head_json":{"title":"GC Kestrany - Fairway 2 Hotel","robots":{"index":"index","follow":"follow","max-snippet":"max-snippet:-1","max-image-preview":"max-image-preview:large","max-video-preview":"max-video-preview:-1"},"canonical":"https:\/\/fairway2hotel.at\/en\/golfclubs\/tschechien\/golf-resort-pisek-kestrany\/","og_locale":"en_US","og_type":"article","og_title":"GC Kestrany - Fairway 2 Hotel","og_description":"Ein wunderscho\u0308ner Ort, das hochmu\u0308tige Resort Unweit von der su\u0308dbo\u0308hmischen Stadt Pi\u0301sek beim Dorf Kestr\u030cany liegt das herrliche 18-Loch-Golfresort Pi\u0301sek. Sein Projekt bereitete der beru\u0308hmte japanische Architekt Shun- suke Kato vor. Die ersten 9 Lo\u0308cher sind in der waldigen Landschaft mit mehreren Teichen integriert und sind technisch anspruchsvoller, man muss die richtige Spielstrategie fu\u0308r jedes [&hellip;]","og_url":"https:\/\/fairway2hotel.at\/en\/golfclubs\/tschechien\/golf-resort-pisek-kestrany\/","og_site_name":"Fairway 2 Hotel","article_modified_time":"2025-03-14T08:58:35+00:00","twitter_card":"summary_large_image","twitter_misc":{"Est. reading time":"2 minutes"},"schema":{"@context":"https:\/\/schema.org","@graph":[{"@type":"WebPage","@id":"https:\/\/fairway2hotel.at\/en\/golfclubs\/tschechien\/golf-resort-pisek-kestrany\/","url":"https:\/\/fairway2hotel.at\/en\/golfclubs\/tschechien\/golf-resort-pisek-kestrany\/","name":"GC Kestrany - Fairway 2 Hotel","isPartOf":{"@id":"https:\/\/fairway2hotel.at\/en\/#website"},"datePublished":"2016-10-18T06:47:52+00:00","dateModified":"2025-03-14T08:58:35+00:00","breadcrumb":{"@id":"https:\/\/fairway2hotel.at\/en\/golfclubs\/tschechien\/golf-resort-pisek-kestrany\/#breadcrumb"},"inLanguage":"en-US","potentialAction":[{"@type":"ReadAction","target":["https:\/\/fairway2hotel.at\/en\/golfclubs\/tschechien\/golf-resort-pisek-kestrany\/"]}]},{"@type":"BreadcrumbList","@id":"https:\/\/fairway2hotel.at\/en\/golfclubs\/tschechien\/golf-resort-pisek-kestrany\/#breadcrumb","itemListElement":[{"@type":"ListItem","position":1,"name":"Home","item":"https:\/\/fairway2hotel.at\/en\/"},{"@type":"ListItem","position":2,"name":"Golfclubs","item":"https:\/\/fairway2hotel.at\/en\/golfclubs\/"},{"@type":"ListItem","position":3,"name":"Golfclubs Tschechien","item":"https:\/\/fairway2hotel.at\/en\/golfclubs\/tschechien\/"},{"@type":"ListItem","position":4,"name":"GC Kestrany"}]},{"@type":"WebSite","@id":"https:\/\/fairway2hotel.at\/en\/#website","url":"https:\/\/fairway2hotel.at\/en\/","name":"Fairway 2 Hotel","description":"Golf at half price! 2 play - 1 pays","potentialAction":[{"@type":"SearchAction","target":{"@type":"EntryPoint","urlTemplate":"https:\/\/fairway2hotel.at\/en\/?s={search_term_string}"},"query-input":{"@type":"PropertyValueSpecification","valueRequired":true,"valueName":"search_term_string"}}],"inLanguage":"en-US"}]}},"_links":{"self":[{"href":"https:\/\/fairway2hotel.at\/en\/wp-json\/wp\/v2\/pages\/1287","targetHints":{"allow":["GET"]}}],"collection":[{"href":"https:\/\/fairway2hotel.at\/en\/wp-json\/wp\/v2\/pages"}],"about":[{"href":"https:\/\/fairway2hotel.at\/en\/wp-json\/wp\/v2\/types\/page"}],"author":[{"embeddable":true,"href":"https:\/\/fairway2hotel.at\/en\/wp-json\/wp\/v2\/users\/1"}],"replies":[{"embeddable":true,"href":"https:\/\/fairway2hotel.at\/en\/wp-json\/wp\/v2\/comments?post=1287"}],"version-history":[{"count":12,"href":"https:\/\/fairway2hotel.at\/en\/wp-json\/wp\/v2\/pages\/1287\/revisions"}],"predecessor-version":[{"id":46529,"href":"https:\/\/fairway2hotel.at\/en\/wp-json\/wp\/v2\/pages\/1287\/revisions\/46529"}],"up":[{"embeddable":true,"href":"https:\/\/fairway2hotel.at\/en\/wp-json\/wp\/v2\/pages\/1707"}],"acf:attachment":[{"embeddable":true,"href":"https:\/\/fairway2hotel.at\/en\/wp-json\/wp\/v2\/media\/3479"},{"embeddable":true,"href":"https:\/\/fairway2hotel.at\/en\/wp-json\/wp\/v2\/media\/3480"},{"embeddable":true,"href":"https:\/\/fairway2hotel.at\/en\/wp-json\/wp\/v2\/media\/3958"},{"embeddable":true,"href":"https:\/\/fairway2hotel.at\/en\/wp-json\/wp\/v2\/media\/3959"},{"embeddable":true,"href":"https:\/\/fairway2hotel.at\/en\/wp-json\/wp\/v2\/media\/3957"}],"wp:attachment":[{"href":"https:\/\/fairway2hotel.at\/en\/wp-json\/wp\/v2\/media?parent=1287"}],"curies":[{"name":"wp","href":"https:\/\/api.w.org\/{rel}","templated":true}]}}