{"id":1288,"date":"2016-10-18T08:48:24","date_gmt":"2016-10-18T06:48:24","guid":{"rendered":"https:\/\/f2h.app\/gc-kotlina-terezin\/"},"modified":"2025-03-14T10:00:21","modified_gmt":"2025-03-14T09:00:21","slug":"gc-kotlina-terezin","status":"publish","type":"page","link":"https:\/\/fairway2hotel.at\/en\/golfclubs\/tschechien\/gc-kotlina-terezin\/","title":{"rendered":"GC Kotlina Terezin"},"content":{"rendered":"<h2>Kotlina Terezin \u2013 ein Golfplatz von hoher Qualita\u0308t im mittelbo\u0308hmischen Hu\u0308gelland<\/h2>\n<p>Der 9-Loch-Golfplatz liegt zwischen Theresienstadt und Leitmeritz mit wunderscho\u0308nen Aussichten auf bizarre Formen des mittelbo\u0308hmischen Hu\u0308gellandes. Der Golfplatz bekam in den letzten 8 Jahren immer die beste Bewertung fu\u0308r 9-Loch-Golfpla\u0308tze in Tschechien fu\u0308r die exzellente Qualita\u0308t und Pflege. Dank der gu\u0308nstigen Lage unweit von Prag lohnt es sich, zu uns zu kommen und Ihr Spiel zu genie\u00dfen.<\/p>\n<h2>Kotlina Terezin &#8211; a high-quality golf course in the Central Bohemian Hills<\/h2>\n<p>The 9-hole golf course is located between Terez\u00edn and Litom\u011b\u0159ice with beautiful views of the bizarre shapes of the Central Bohemian Hills. In the last 8 years, the golf course has always received the best rating for 9-hole golf courses in the Czech Republic for its excellent quality and maintenance. Thanks to its favourable location not far from Prague, it is worth coming here and enjoying your game.<\/p>\n","protected":false},"excerpt":{"rendered":"<p>Kotlina Terezin \u2013 ein Golfplatz von hoher Qualita\u0308t im mittelbo\u0308hmischen Hu\u0308gelland Der 9-Loch-Golfplatz liegt zwischen Theresienstadt und Leitmeritz mit wunderscho\u0308nen Aussichten auf bizarre Formen des mittelbo\u0308hmischen Hu\u0308gellandes. Der Golfplatz bekam in den letzten 8 Jahren immer die beste Bewertung fu\u0308r 9-Loch-Golfpla\u0308tze in Tschechien fu\u0308r die exzellente Qualita\u0308t und Pflege. Dank der gu\u0308nstigen Lage unweit von [&hellip;]<\/p>\n","protected":false},"author":1,"featured_media":0,"parent":1707,"menu_order":50,"comment_status":"closed","ping_status":"closed","template":"page-partner.php","meta":{"_acf_changed":false,"footnotes":""},"class_list":["post-1288","page","type-page","status-publish","hentry"],"acf":{"partner_infobox":"<strong>Adresse:\u00a0<\/strong>Litomericka kotlina 386, 411 55 Terezin CZ\r\n\r\n<strong>Tel:\u00a0<\/strong>+420 608 400 377\r\n\r\n<strong>Web: <\/strong><a href=\"http:\/\/www.golfkotlina.cz\" target=\"_blank\" rel=\"nofollow noopener\">www.golfkotlina.cz<\/a>\r\n\r\n<strong>E-Mail:<\/strong> <a href=\"mailto:recepce@golfkotlina.cz\">recepce@golfkotlina.cz<\/a>\r\n\r\n<strong>Spielbahnen\/Par: <\/strong>9\/72\r\n\r\n<strong>La\u0308nge:\r\n<\/strong>wei\u00df: 6.394m\r\ngelb: 5.952m\r\nrot: 5.318m\r\n\r\n<em><strong>Bedingungen:\r\n<\/strong>Gutscheine einlo\u0308sbar von Montag bis Freitag 12 Uhr.<\/em>\r\n\r\n<strong>Anfahrt:\r\n<\/strong>35 min aus Prag, 45 min aus Dresden, 4 min von Ausfahrt 45 Autobahn D8, 3 min von histo- rischer Stadt Litomerice (Leitme- ritz), gleich neben historischer Festung Terezin (Theresienstadt) Navi: 50\u00b030 \u030150.3 \u030bN 14\u00b008 \u030133.8 \u030bE","partner_logo":3486,"partner_gallery":[3482,3483],"partner_lat":50.514464,"partner_long":14.142182,"partner_type":"golfclub","partner_openings":["1","2","3","4","5"],"montag_von_bis":"00:00 - 24:00","dienstag_von_bis":"00:00 - 24:00","mittwoch_von_bis":"00:00 - 24:00","donnerstag_von_bis":"00:00 - 24:00","freitag_von_bis":"00:00 - 12:00","samstag_von_bis":"00:00 - 24:00","sonntag_von_bis":"00:00 - 24:00","partner_adresse":"Litomericka kotlina 386, 411 55 Terezin","partner_land_bundesland":"Tschechische Republik","partner_tel_1":"","partner_tel_2":"00420 608 400 377","partner_web":"http:\/\/www.golfkotlina.cz","partner_mail":"recepce@golfkotlina.cz","partner_spielbahnen_par":"9\/72","partner_laenge":"wei\u00df 6263m, gelb 5966m, blau 5518m, rot 5197m","partner_bedingungen":"Gutscheine einlo\u0308sbar von Montag bis Freitag 12 Uhr.\r\nvouchers redeemable from Mon-Fri 12.00 noon","partner_anfahrt":"35 min aus Prag, 45 min aus Dresden, 4 min von Ausfahrt 45 Autobahn D8, 3 min von histo- rischer Stadt Litomerice (Leitme- ritz), gleich neben historischer Festung Terezin (Theresienstadt) Navi: 50\u00b030 \u030150.3 \u030bN 14\u00b008 \u030133.8 \u030bE","partner_misc":null,"additional_css_classes":""},"yoast_head":"<!-- This site is optimized with the Yoast SEO plugin v26.8 - https:\/\/yoast.com\/product\/yoast-seo-wordpress\/ -->\n<title>GC Kotlina Terezin - Fairway 2 Hotel<\/title>\n<meta name=\"robots\" content=\"index, follow, max-snippet:-1, max-image-preview:large, max-video-preview:-1\" \/>\n<link rel=\"canonical\" href=\"https:\/\/fairway2hotel.at\/en\/golfclubs\/tschechien\/gc-kotlina-terezin\/\" \/>\n<meta property=\"og:locale\" content=\"en_US\" \/>\n<meta property=\"og:type\" content=\"article\" \/>\n<meta property=\"og:title\" content=\"GC Kotlina Terezin - Fairway 2 Hotel\" \/>\n<meta property=\"og:description\" content=\"Kotlina Terezin \u2013 ein Golfplatz von hoher Qualita\u0308t im mittelbo\u0308hmischen Hu\u0308gelland Der 9-Loch-Golfplatz liegt zwischen Theresienstadt und Leitmeritz mit wunderscho\u0308nen Aussichten auf bizarre Formen des mittelbo\u0308hmischen Hu\u0308gellandes. Der Golfplatz bekam in den letzten 8 Jahren immer die beste Bewertung fu\u0308r 9-Loch-Golfpla\u0308tze in Tschechien fu\u0308r die exzellente Qualita\u0308t und Pflege. Dank der gu\u0308nstigen Lage unweit von [&hellip;]\" \/>\n<meta property=\"og:url\" content=\"https:\/\/fairway2hotel.at\/en\/golfclubs\/tschechien\/gc-kotlina-terezin\/\" \/>\n<meta property=\"og:site_name\" content=\"Fairway 2 Hotel\" \/>\n<meta property=\"article:modified_time\" content=\"2025-03-14T09:00:21+00:00\" \/>\n<meta name=\"twitter:card\" content=\"summary_large_image\" \/>\n<meta name=\"twitter:label1\" content=\"Est. reading time\" \/>\n\t<meta name=\"twitter:data1\" content=\"1 minute\" \/>\n<script type=\"application\/ld+json\" class=\"yoast-schema-graph\">{\"@context\":\"https:\/\/schema.org\",\"@graph\":[{\"@type\":\"WebPage\",\"@id\":\"https:\/\/fairway2hotel.at\/en\/golfclubs\/tschechien\/gc-kotlina-terezin\/\",\"url\":\"https:\/\/fairway2hotel.at\/en\/golfclubs\/tschechien\/gc-kotlina-terezin\/\",\"name\":\"GC Kotlina Terezin - Fairway 2 Hotel\",\"isPartOf\":{\"@id\":\"https:\/\/fairway2hotel.at\/en\/#website\"},\"datePublished\":\"2016-10-18T06:48:24+00:00\",\"dateModified\":\"2025-03-14T09:00:21+00:00\",\"breadcrumb\":{\"@id\":\"https:\/\/fairway2hotel.at\/en\/golfclubs\/tschechien\/gc-kotlina-terezin\/#breadcrumb\"},\"inLanguage\":\"en-US\",\"potentialAction\":[{\"@type\":\"ReadAction\",\"target\":[\"https:\/\/fairway2hotel.at\/en\/golfclubs\/tschechien\/gc-kotlina-terezin\/\"]}]},{\"@type\":\"BreadcrumbList\",\"@id\":\"https:\/\/fairway2hotel.at\/en\/golfclubs\/tschechien\/gc-kotlina-terezin\/#breadcrumb\",\"itemListElement\":[{\"@type\":\"ListItem\",\"position\":1,\"name\":\"Home\",\"item\":\"https:\/\/fairway2hotel.at\/en\/\"},{\"@type\":\"ListItem\",\"position\":2,\"name\":\"Golfclubs\",\"item\":\"https:\/\/fairway2hotel.at\/en\/golfclubs\/\"},{\"@type\":\"ListItem\",\"position\":3,\"name\":\"Golfclubs Tschechien\",\"item\":\"https:\/\/fairway2hotel.at\/en\/golfclubs\/tschechien\/\"},{\"@type\":\"ListItem\",\"position\":4,\"name\":\"GC Kotlina Terezin\"}]},{\"@type\":\"WebSite\",\"@id\":\"https:\/\/fairway2hotel.at\/en\/#website\",\"url\":\"https:\/\/fairway2hotel.at\/en\/\",\"name\":\"Fairway 2 Hotel\",\"description\":\"Golf at half price! 2 play - 1 pays\",\"potentialAction\":[{\"@type\":\"SearchAction\",\"target\":{\"@type\":\"EntryPoint\",\"urlTemplate\":\"https:\/\/fairway2hotel.at\/en\/?s={search_term_string}\"},\"query-input\":{\"@type\":\"PropertyValueSpecification\",\"valueRequired\":true,\"valueName\":\"search_term_string\"}}],\"inLanguage\":\"en-US\"}]}<\/script>\n<!-- \/ Yoast SEO plugin. -->","yoast_head_json":{"title":"GC Kotlina Terezin - Fairway 2 Hotel","robots":{"index":"index","follow":"follow","max-snippet":"max-snippet:-1","max-image-preview":"max-image-preview:large","max-video-preview":"max-video-preview:-1"},"canonical":"https:\/\/fairway2hotel.at\/en\/golfclubs\/tschechien\/gc-kotlina-terezin\/","og_locale":"en_US","og_type":"article","og_title":"GC Kotlina Terezin - Fairway 2 Hotel","og_description":"Kotlina Terezin \u2013 ein Golfplatz von hoher Qualita\u0308t im mittelbo\u0308hmischen Hu\u0308gelland Der 9-Loch-Golfplatz liegt zwischen Theresienstadt und Leitmeritz mit wunderscho\u0308nen Aussichten auf bizarre Formen des mittelbo\u0308hmischen Hu\u0308gellandes. Der Golfplatz bekam in den letzten 8 Jahren immer die beste Bewertung fu\u0308r 9-Loch-Golfpla\u0308tze in Tschechien fu\u0308r die exzellente Qualita\u0308t und Pflege. Dank der gu\u0308nstigen Lage unweit von [&hellip;]","og_url":"https:\/\/fairway2hotel.at\/en\/golfclubs\/tschechien\/gc-kotlina-terezin\/","og_site_name":"Fairway 2 Hotel","article_modified_time":"2025-03-14T09:00:21+00:00","twitter_card":"summary_large_image","twitter_misc":{"Est. reading time":"1 minute"},"schema":{"@context":"https:\/\/schema.org","@graph":[{"@type":"WebPage","@id":"https:\/\/fairway2hotel.at\/en\/golfclubs\/tschechien\/gc-kotlina-terezin\/","url":"https:\/\/fairway2hotel.at\/en\/golfclubs\/tschechien\/gc-kotlina-terezin\/","name":"GC Kotlina Terezin - Fairway 2 Hotel","isPartOf":{"@id":"https:\/\/fairway2hotel.at\/en\/#website"},"datePublished":"2016-10-18T06:48:24+00:00","dateModified":"2025-03-14T09:00:21+00:00","breadcrumb":{"@id":"https:\/\/fairway2hotel.at\/en\/golfclubs\/tschechien\/gc-kotlina-terezin\/#breadcrumb"},"inLanguage":"en-US","potentialAction":[{"@type":"ReadAction","target":["https:\/\/fairway2hotel.at\/en\/golfclubs\/tschechien\/gc-kotlina-terezin\/"]}]},{"@type":"BreadcrumbList","@id":"https:\/\/fairway2hotel.at\/en\/golfclubs\/tschechien\/gc-kotlina-terezin\/#breadcrumb","itemListElement":[{"@type":"ListItem","position":1,"name":"Home","item":"https:\/\/fairway2hotel.at\/en\/"},{"@type":"ListItem","position":2,"name":"Golfclubs","item":"https:\/\/fairway2hotel.at\/en\/golfclubs\/"},{"@type":"ListItem","position":3,"name":"Golfclubs Tschechien","item":"https:\/\/fairway2hotel.at\/en\/golfclubs\/tschechien\/"},{"@type":"ListItem","position":4,"name":"GC Kotlina Terezin"}]},{"@type":"WebSite","@id":"https:\/\/fairway2hotel.at\/en\/#website","url":"https:\/\/fairway2hotel.at\/en\/","name":"Fairway 2 Hotel","description":"Golf at half price! 2 play - 1 pays","potentialAction":[{"@type":"SearchAction","target":{"@type":"EntryPoint","urlTemplate":"https:\/\/fairway2hotel.at\/en\/?s={search_term_string}"},"query-input":{"@type":"PropertyValueSpecification","valueRequired":true,"valueName":"search_term_string"}}],"inLanguage":"en-US"}]}},"_links":{"self":[{"href":"https:\/\/fairway2hotel.at\/en\/wp-json\/wp\/v2\/pages\/1288","targetHints":{"allow":["GET"]}}],"collection":[{"href":"https:\/\/fairway2hotel.at\/en\/wp-json\/wp\/v2\/pages"}],"about":[{"href":"https:\/\/fairway2hotel.at\/en\/wp-json\/wp\/v2\/types\/page"}],"author":[{"embeddable":true,"href":"https:\/\/fairway2hotel.at\/en\/wp-json\/wp\/v2\/users\/1"}],"replies":[{"embeddable":true,"href":"https:\/\/fairway2hotel.at\/en\/wp-json\/wp\/v2\/comments?post=1288"}],"version-history":[{"count":9,"href":"https:\/\/fairway2hotel.at\/en\/wp-json\/wp\/v2\/pages\/1288\/revisions"}],"predecessor-version":[{"id":46531,"href":"https:\/\/fairway2hotel.at\/en\/wp-json\/wp\/v2\/pages\/1288\/revisions\/46531"}],"up":[{"embeddable":true,"href":"https:\/\/fairway2hotel.at\/en\/wp-json\/wp\/v2\/pages\/1707"}],"acf:attachment":[{"embeddable":true,"href":"https:\/\/fairway2hotel.at\/en\/wp-json\/wp\/v2\/media\/3483"},{"embeddable":true,"href":"https:\/\/fairway2hotel.at\/en\/wp-json\/wp\/v2\/media\/3482"}],"wp:attachment":[{"href":"https:\/\/fairway2hotel.at\/en\/wp-json\/wp\/v2\/media?parent=1288"}],"curies":[{"name":"wp","href":"https:\/\/api.w.org\/{rel}","templated":true}]}}