{"id":133,"date":"2009-07-06T22:51:36","date_gmt":"2009-07-06T20:51:36","guid":{"rendered":"https:\/\/f2h.app\/cac-golfclub-richardhof\/"},"modified":"2025-03-23T12:57:07","modified_gmt":"2025-03-23T11:57:07","slug":"cac-golfclub-richardhof","status":"publish","type":"page","link":"https:\/\/fairway2hotel.at\/en\/golfclubs\/niederoesterreich\/cac-golfclub-richardhof\/","title":{"rendered":"GC Gut Richardhof"},"content":{"rendered":"<h2>Golfen in den Weinbergen<\/h2>\n<p>Im Herzen des Wienerwaldes, umgeben von den Gumpoldskirchener Weinbergen, bettet sich der 9-Loch-Golfplatz des Golfclub Gut Richardhof in die, f\u00fcr die Wein- und Thermenregion typische H\u00fcgellandschaft, ein. Wenige Fahrminuten von Wien entfernt, k\u00f6nnen Sie in der gr\u00fcnen Oase den Stress des Alltags hinter sich lassen. Selbstverst\u00e4ndlich steht Ihnen auch eine gro\u00dfe \u00dcbungsanlage mit Driving Range und Putting Green zur Verf\u00fcgung. Unsere Golfprofessionals bieten hochqualitatives Einzeltraining und auch regelm\u00e4\u00dfig Kurse f\u00fcr Einsteiger an. In der famili\u00e4ren Atmosph\u00e4re im Golfclub Gut Richardhof f\u00fchlen sich Erwachsene und Jugendliche gleicherma\u00dfen wohl. In unserem Caf\u00e9-Bistro servieren wir Kaffeespezialit\u00e4ten sowie Bier, Wein und kleine Snacks.<\/p>\n<h2>Golfing in the vineyards<\/h2>\n<p>In the heart of the Vienna Woods, surrounded by the Gumpoldskirchen vineyards, the 9-hole golf course at Golfclub Gut Richardhof is nestled in the hilly landscape typical of the wine and spa region. Just a few minutes&#8217; drive from Vienna, you can leave the stress of everyday life behind you in this green oasis. Of course, there is also a large practice facility with driving range and putting green at your disposal. Our golf professionals offer high-quality individual training and regular courses for beginners. Adults and youngsters alike feel at home in the familiar atmosphere at Golfclub Gut Richardhof. In our caf\u00e9-bistro we serve coffee specialities as well as beer, wine and small snacks.<\/p>\n","protected":false},"excerpt":{"rendered":"<p>Golfen in den Weinbergen Im Herzen des Wienerwaldes, umgeben von den Gumpoldskirchener Weinbergen, bettet sich der 9-Loch-Golfplatz des Golfclub Gut Richardhof in die, f\u00fcr die Wein- und Thermenregion typische H\u00fcgellandschaft, ein. Wenige Fahrminuten von Wien entfernt, k\u00f6nnen Sie in der gr\u00fcnen Oase den Stress des Alltags hinter sich lassen. Selbstverst\u00e4ndlich steht Ihnen auch eine gro\u00dfe [&hellip;]<\/p>\n","protected":false},"author":1,"featured_media":0,"parent":1448,"menu_order":12,"comment_status":"closed","ping_status":"closed","template":"page-partner.php","meta":{"_acf_changed":false,"footnotes":""},"class_list":["post-133","page","type-page","status-publish","hentry"],"acf":{"partner_infobox":"<strong>Adresse:<\/strong> Am Richardhof 248 2352 Gumpoldskirchen\r\n\r\n<strong>Tel.:<\/strong> +43\u00a02236\/89 34 74\r\n\r\n<strong>Homepage: <\/strong><a href=\"https:\/\/www.gcgutrichardhof.at\">www.gcgutrichardhof.at<\/a>\r\n\r\n<strong>E-Mail: <\/strong><a href=\"mailto:office@gcgutrichardhof.at\">office@gcgutrichardhof.at<\/a>\r\n\r\n<strong>Spielbahnen\/Par:<\/strong> 9\/70\r\n\r\n<strong>L\u00e4nge:<\/strong> gelb: 5.536 m\/rot: 4.712 m\r\n\r\n<strong>Anfahrt:<\/strong> Autobahn-Abfahrt Wr. Neudorf \u2192 weiter auf B 17, bei der WLB-Haltestelle \u201eNeu Guntramsdorf\u201c rechts abbiegen \u2192 bei der HTL vorbei \u2192 Gumpoldskirchen \u2192 2 Serpentinen \u2192 auf Kuppe rechts \u2192 Richardhof","partner_logo":3015,"partner_gallery":[131,46694,46696],"partner_lat":48.05577,"partner_long":16.27534,"partner_type":"golfclub","partner_openings":["1","2","3","4","5","6","7"],"montag_von_bis":"00:00 - 24:00","dienstag_von_bis":"00:00 - 24:00","mittwoch_von_bis":"00:00 - 24:00","donnerstag_von_bis":"00:00 - 24:00","freitag_von_bis":"00:00 - 24:00","samstag_von_bis":"00:00 - 24:00","sonntag_von_bis":"00:00 - 24:00","partner_adresse":"Am Richardhof 248, 2352 Gumpoldskirchen","partner_land_bundesland":"Nieder\u00f6sterreich","partner_tel_1":"","partner_tel_2":"00432236893474","partner_web":"http:\/\/www.gcgutrichardhof.at","partner_mail":"office@gcgutrichardhof.at","partner_spielbahnen_par":"9\/70","partner_laenge":"gelb: 5.536 m\/rot: 4.712 m","partner_bedingungen":"","partner_anfahrt":"Autobahn-Abfahrt Wr. Neudorf \u2192 weiter auf B 17, bei der WLB-Haltestelle \u201eNeu Guntramsdorf\u201c rechts abbiegen \u2192 bei der HTL vorbei \u2192 Gumpoldskirchen \u2192 2 Serpentinen \u2192 auf Kuppe rechts \u2192 Richardhof","partner_misc":null,"additional_css_classes":""},"yoast_head":"<!-- This site is optimized with the Yoast SEO plugin v26.8 - https:\/\/yoast.com\/product\/yoast-seo-wordpress\/ -->\n<title>GC Gut Richardhof - Fairway 2 Hotel<\/title>\n<meta name=\"robots\" content=\"index, follow, max-snippet:-1, max-image-preview:large, max-video-preview:-1\" \/>\n<link rel=\"canonical\" href=\"https:\/\/fairway2hotel.at\/en\/golfclubs\/niederoesterreich\/cac-golfclub-richardhof\/\" \/>\n<meta property=\"og:locale\" content=\"en_US\" \/>\n<meta property=\"og:type\" content=\"article\" \/>\n<meta property=\"og:title\" content=\"GC Gut Richardhof - Fairway 2 Hotel\" \/>\n<meta property=\"og:description\" content=\"Golfen in den Weinbergen Im Herzen des Wienerwaldes, umgeben von den Gumpoldskirchener Weinbergen, bettet sich der 9-Loch-Golfplatz des Golfclub Gut Richardhof in die, f\u00fcr die Wein- und Thermenregion typische H\u00fcgellandschaft, ein. Wenige Fahrminuten von Wien entfernt, k\u00f6nnen Sie in der gr\u00fcnen Oase den Stress des Alltags hinter sich lassen. Selbstverst\u00e4ndlich steht Ihnen auch eine gro\u00dfe [&hellip;]\" \/>\n<meta property=\"og:url\" content=\"https:\/\/fairway2hotel.at\/en\/golfclubs\/niederoesterreich\/cac-golfclub-richardhof\/\" \/>\n<meta property=\"og:site_name\" content=\"Fairway 2 Hotel\" \/>\n<meta property=\"article:modified_time\" content=\"2025-03-23T11:57:07+00:00\" \/>\n<meta name=\"twitter:card\" content=\"summary_large_image\" \/>\n<meta name=\"twitter:label1\" content=\"Est. reading time\" \/>\n\t<meta name=\"twitter:data1\" content=\"2 minutes\" \/>\n<script type=\"application\/ld+json\" class=\"yoast-schema-graph\">{\"@context\":\"https:\/\/schema.org\",\"@graph\":[{\"@type\":\"WebPage\",\"@id\":\"https:\/\/fairway2hotel.at\/en\/golfclubs\/niederoesterreich\/cac-golfclub-richardhof\/\",\"url\":\"https:\/\/fairway2hotel.at\/en\/golfclubs\/niederoesterreich\/cac-golfclub-richardhof\/\",\"name\":\"GC Gut Richardhof - Fairway 2 Hotel\",\"isPartOf\":{\"@id\":\"https:\/\/fairway2hotel.at\/en\/#website\"},\"datePublished\":\"2009-07-06T20:51:36+00:00\",\"dateModified\":\"2025-03-23T11:57:07+00:00\",\"breadcrumb\":{\"@id\":\"https:\/\/fairway2hotel.at\/en\/golfclubs\/niederoesterreich\/cac-golfclub-richardhof\/#breadcrumb\"},\"inLanguage\":\"en-US\",\"potentialAction\":[{\"@type\":\"ReadAction\",\"target\":[\"https:\/\/fairway2hotel.at\/en\/golfclubs\/niederoesterreich\/cac-golfclub-richardhof\/\"]}]},{\"@type\":\"BreadcrumbList\",\"@id\":\"https:\/\/fairway2hotel.at\/en\/golfclubs\/niederoesterreich\/cac-golfclub-richardhof\/#breadcrumb\",\"itemListElement\":[{\"@type\":\"ListItem\",\"position\":1,\"name\":\"Home\",\"item\":\"https:\/\/fairway2hotel.at\/en\/\"},{\"@type\":\"ListItem\",\"position\":2,\"name\":\"Golfclubs\",\"item\":\"https:\/\/fairway2hotel.at\/en\/golfclubs\/\"},{\"@type\":\"ListItem\",\"position\":3,\"name\":\"Golfclubs Nieder\u00f6sterreich\",\"item\":\"https:\/\/fairway2hotel.at\/en\/golfclubs\/niederoesterreich\/\"},{\"@type\":\"ListItem\",\"position\":4,\"name\":\"GC Gut Richardhof\"}]},{\"@type\":\"WebSite\",\"@id\":\"https:\/\/fairway2hotel.at\/en\/#website\",\"url\":\"https:\/\/fairway2hotel.at\/en\/\",\"name\":\"Fairway 2 Hotel\",\"description\":\"Golf at half price! 2 play - 1 pays\",\"potentialAction\":[{\"@type\":\"SearchAction\",\"target\":{\"@type\":\"EntryPoint\",\"urlTemplate\":\"https:\/\/fairway2hotel.at\/en\/?s={search_term_string}\"},\"query-input\":{\"@type\":\"PropertyValueSpecification\",\"valueRequired\":true,\"valueName\":\"search_term_string\"}}],\"inLanguage\":\"en-US\"}]}<\/script>\n<!-- \/ Yoast SEO plugin. -->","yoast_head_json":{"title":"GC Gut Richardhof - Fairway 2 Hotel","robots":{"index":"index","follow":"follow","max-snippet":"max-snippet:-1","max-image-preview":"max-image-preview:large","max-video-preview":"max-video-preview:-1"},"canonical":"https:\/\/fairway2hotel.at\/en\/golfclubs\/niederoesterreich\/cac-golfclub-richardhof\/","og_locale":"en_US","og_type":"article","og_title":"GC Gut Richardhof - Fairway 2 Hotel","og_description":"Golfen in den Weinbergen Im Herzen des Wienerwaldes, umgeben von den Gumpoldskirchener Weinbergen, bettet sich der 9-Loch-Golfplatz des Golfclub Gut Richardhof in die, f\u00fcr die Wein- und Thermenregion typische H\u00fcgellandschaft, ein. Wenige Fahrminuten von Wien entfernt, k\u00f6nnen Sie in der gr\u00fcnen Oase den Stress des Alltags hinter sich lassen. Selbstverst\u00e4ndlich steht Ihnen auch eine gro\u00dfe [&hellip;]","og_url":"https:\/\/fairway2hotel.at\/en\/golfclubs\/niederoesterreich\/cac-golfclub-richardhof\/","og_site_name":"Fairway 2 Hotel","article_modified_time":"2025-03-23T11:57:07+00:00","twitter_card":"summary_large_image","twitter_misc":{"Est. reading time":"2 minutes"},"schema":{"@context":"https:\/\/schema.org","@graph":[{"@type":"WebPage","@id":"https:\/\/fairway2hotel.at\/en\/golfclubs\/niederoesterreich\/cac-golfclub-richardhof\/","url":"https:\/\/fairway2hotel.at\/en\/golfclubs\/niederoesterreich\/cac-golfclub-richardhof\/","name":"GC Gut Richardhof - Fairway 2 Hotel","isPartOf":{"@id":"https:\/\/fairway2hotel.at\/en\/#website"},"datePublished":"2009-07-06T20:51:36+00:00","dateModified":"2025-03-23T11:57:07+00:00","breadcrumb":{"@id":"https:\/\/fairway2hotel.at\/en\/golfclubs\/niederoesterreich\/cac-golfclub-richardhof\/#breadcrumb"},"inLanguage":"en-US","potentialAction":[{"@type":"ReadAction","target":["https:\/\/fairway2hotel.at\/en\/golfclubs\/niederoesterreich\/cac-golfclub-richardhof\/"]}]},{"@type":"BreadcrumbList","@id":"https:\/\/fairway2hotel.at\/en\/golfclubs\/niederoesterreich\/cac-golfclub-richardhof\/#breadcrumb","itemListElement":[{"@type":"ListItem","position":1,"name":"Home","item":"https:\/\/fairway2hotel.at\/en\/"},{"@type":"ListItem","position":2,"name":"Golfclubs","item":"https:\/\/fairway2hotel.at\/en\/golfclubs\/"},{"@type":"ListItem","position":3,"name":"Golfclubs Nieder\u00f6sterreich","item":"https:\/\/fairway2hotel.at\/en\/golfclubs\/niederoesterreich\/"},{"@type":"ListItem","position":4,"name":"GC Gut Richardhof"}]},{"@type":"WebSite","@id":"https:\/\/fairway2hotel.at\/en\/#website","url":"https:\/\/fairway2hotel.at\/en\/","name":"Fairway 2 Hotel","description":"Golf at half price! 2 play - 1 pays","potentialAction":[{"@type":"SearchAction","target":{"@type":"EntryPoint","urlTemplate":"https:\/\/fairway2hotel.at\/en\/?s={search_term_string}"},"query-input":{"@type":"PropertyValueSpecification","valueRequired":true,"valueName":"search_term_string"}}],"inLanguage":"en-US"}]}},"_links":{"self":[{"href":"https:\/\/fairway2hotel.at\/en\/wp-json\/wp\/v2\/pages\/133","targetHints":{"allow":["GET"]}}],"collection":[{"href":"https:\/\/fairway2hotel.at\/en\/wp-json\/wp\/v2\/pages"}],"about":[{"href":"https:\/\/fairway2hotel.at\/en\/wp-json\/wp\/v2\/types\/page"}],"author":[{"embeddable":true,"href":"https:\/\/fairway2hotel.at\/en\/wp-json\/wp\/v2\/users\/1"}],"replies":[{"embeddable":true,"href":"https:\/\/fairway2hotel.at\/en\/wp-json\/wp\/v2\/comments?post=133"}],"version-history":[{"count":15,"href":"https:\/\/fairway2hotel.at\/en\/wp-json\/wp\/v2\/pages\/133\/revisions"}],"predecessor-version":[{"id":46698,"href":"https:\/\/fairway2hotel.at\/en\/wp-json\/wp\/v2\/pages\/133\/revisions\/46698"}],"up":[{"embeddable":true,"href":"https:\/\/fairway2hotel.at\/en\/wp-json\/wp\/v2\/pages\/1448"}],"acf:attachment":[{"embeddable":true,"href":"https:\/\/fairway2hotel.at\/en\/wp-json\/wp\/v2\/media\/46696"},{"embeddable":true,"href":"https:\/\/fairway2hotel.at\/en\/wp-json\/wp\/v2\/media\/46694"},{"embeddable":true,"href":"https:\/\/fairway2hotel.at\/en\/wp-json\/wp\/v2\/media\/131"}],"wp:attachment":[{"href":"https:\/\/fairway2hotel.at\/en\/wp-json\/wp\/v2\/media?parent=133"}],"curies":[{"name":"wp","href":"https:\/\/api.w.org\/{rel}","templated":true}]}}