{"id":1342,"date":"2016-10-18T08:42:44","date_gmt":"2016-10-18T06:42:44","guid":{"rendered":"https:\/\/f2h.app\/hotel-trattlerhof\/"},"modified":"2025-09-01T09:28:45","modified_gmt":"2025-09-01T07:28:45","slug":"hotel-trattlerhof","status":"publish","type":"page","link":"https:\/\/fairway2hotel.at\/en\/hotels\/kaernten\/hotel-trattlerhof\/","title":{"rendered":"Hotel GUT Trattlerhof****"},"content":{"rendered":"<h2 data-canvas-width=\"234.80815398926447\">\u201eI feel GUT\u201c \u2013 Vorz\u00fcglicher Golfurlaub am\u00a0GUTshof. Seit 1642<\/h2>\n<p>Inmitten der Region Nockberge befindet sich das familiengef\u00fchrte 4-Sterne Hotel GUT Trattlerhof &amp; Chalets. Der Trattlerhof ist nur wenige Minuten vom Golfplatz Bad Kleinkirchheim, dem h\u00f6chst gelegenen Parcours K\u00e4rntens, entfernt. Mit der Alpe-Adria Golf\u00adcard erleben Sie grenzenloses Golfvergn\u00fcgen und spielen auf rund 15 Mitgliedsgolfpl\u00e4tzen in K\u00e4rnten, Italien und Slowenien. Sechs Pl\u00e4tze sind innerhalb von 45 Minuten erreichbar. Exklusive Golf-Angebote sowie Greenfee-Erm\u00e4\u00dfigungen sollte man sich auf kei\u00adnen Fall entgehen lassen. Kulinarischer Hochgenuss, ein gro\u00dfz\u00fcgi\u00adger Wellness-Bereich sowie zahlreiche GUTshof-Erlebnisse sorgen f\u00fcr wahre &#8220;I feel GUT&#8221; Momente<\/p>\n<h2>\u2018I feel GUT\u2019 &#8211; Excellent golf holidays at the GUTshof. Since 1642<\/h2>\n<p>The family hold 4-star Hotel GUT Trattlerhof &amp; Chalets is located in the centre of the Nockberge region. The Trattlerhof is only a few minutes away from the Bad Kleinkirchheim golf course, the highest course in Carinthia. With the Alpe-Adria Golfcard you can experience unlimited golfing pleasure and play on about 15 member golf courses in Carinthia, Italy and Slovenia. Six courses can be reached within 45 minutes. Exclusive golf offers and green fee discounts are not to be missed. Culinary delights, a spacious wellness area and numerous GUTshof experiences rensure true \u2018I feel GUT\u2019 moments<\/p>\n","protected":false},"excerpt":{"rendered":"<p>\u201eI feel GUT\u201c \u2013 Vorz\u00fcglicher Golfurlaub am\u00a0GUTshof. Seit 1642 Inmitten der Region Nockberge befindet sich das familiengef\u00fchrte 4-Sterne Hotel GUT Trattlerhof &amp; Chalets. Der Trattlerhof ist nur wenige Minuten vom Golfplatz Bad Kleinkirchheim, dem h\u00f6chst gelegenen Parcours K\u00e4rntens, entfernt. Mit der Alpe-Adria Golf\u00adcard erleben Sie grenzenloses Golfvergn\u00fcgen und spielen auf rund 15 Mitgliedsgolfpl\u00e4tzen in K\u00e4rnten, [&hellip;]<\/p>\n","protected":false},"author":1,"featured_media":0,"parent":2175,"menu_order":10,"comment_status":"closed","ping_status":"closed","template":"page-partner.php","meta":{"_acf_changed":false,"footnotes":""},"class_list":["post-1342","page","type-page","status-publish","hentry"],"acf":{"partner_infobox":"<strong>Adresse:\u00a0<\/strong>Gegendtalerweg 1, 9546 Bad Kleinkirchheim\r\n\r\n<strong>Tel:\u00a0<\/strong>+43 (0) 4240 8172\r\n\r\n<strong>Fax:\u00a0<\/strong>+43 (0) 4240 8124\r\n\r\n<strong>Web: <\/strong><a href=\"https:\/\/www.trattlerhof.at\/\" target=\"_blank\" rel=\"nofollow noopener noreferrer\">www.trattlerhof.at<\/a>\r\n\r\n<strong>E-Mail:<\/strong> <a href=\"mailto:hotel@trattlerhof.at\">hotel@trattlerhof.at<\/a>\r\n\r\n<em><strong>Bedingungen:\r\n<\/strong>Gutscheine im Juli\/ August nicht einlo\u0308sbar.<\/em>\r\n\r\n<strong>Golfclubs in der N\u00e4he:\r\n<\/strong>Golf Club Bad Kleinkirchheim (3 km)\r\nGolf Club Millsta\u0308tter See (ca. 23 km)\r\n\r\n<strong>Anfahrt:\r\n<\/strong>von Mu\u0308nchen: A10 \u2192 Abf. Spittal-Millsta\u0308tter See, weiter Richtung Radenthein, Bad Kleinkirchheim\r\nVon Wien: A2 \u2192 Graz\/Klagenf. bis Kn. Villach \u2192 Abf. Villach Ossiacher See-Feld am See-Radenthein-Bad Kleinkirchheim","partner_logo":2783,"partner_gallery":[48155,48159,48163,48245,48161,48165,48241,48149,48153,48243],"partner_lat":46.81073,"partner_long":13.77012,"partner_type":"hotel","partner_openings":["1","2","3","4","5","6","7"],"montag_von_bis":"00:00 - 24:00","dienstag_von_bis":"00:00 - 24:00","mittwoch_von_bis":"00:00 - 24:00","donnerstag_von_bis":"00:00 - 24:00","freitag_von_bis":"00:00 - 24:00","samstag_von_bis":"00:00 - 24:00","sonntag_von_bis":"00:00 - 24:00","partner_adresse":"Gegendtalerweg 1, 9546 Bad Kleinkirchheim","partner_land_bundesland":"","partner_tel_1":"+43 4240 8172","partner_tel_2":"","partner_web":"https:\/\/www.trattlerhof.at\/","partner_mail":"hotel@trattlerhof.at","partner_spielbahnen_par":"","partner_laenge":"","partner_bedingungen":"Gutscheine im Juli\/ August nicht einlo\u0308sbar.\r\nVouchers not redeemable in July\/August.","partner_anfahrt":"","partner_misc":null,"additional_css_classes":""},"yoast_head":"<!-- This site is optimized with the Yoast SEO plugin v26.8 - https:\/\/yoast.com\/product\/yoast-seo-wordpress\/ -->\n<title>Hotel GUT Trattlerhof**** - Fairway 2 Hotel<\/title>\n<meta name=\"robots\" content=\"index, follow, max-snippet:-1, max-image-preview:large, max-video-preview:-1\" \/>\n<link rel=\"canonical\" href=\"https:\/\/fairway2hotel.at\/en\/hotels\/kaernten\/hotel-trattlerhof\/\" \/>\n<meta property=\"og:locale\" content=\"en_US\" \/>\n<meta property=\"og:type\" content=\"article\" \/>\n<meta property=\"og:title\" content=\"Hotel GUT Trattlerhof**** - Fairway 2 Hotel\" \/>\n<meta property=\"og:description\" content=\"\u201eI feel GUT\u201c \u2013 Vorz\u00fcglicher Golfurlaub am\u00a0GUTshof. Seit 1642 Inmitten der Region Nockberge befindet sich das familiengef\u00fchrte 4-Sterne Hotel GUT Trattlerhof &amp; Chalets. Der Trattlerhof ist nur wenige Minuten vom Golfplatz Bad Kleinkirchheim, dem h\u00f6chst gelegenen Parcours K\u00e4rntens, entfernt. Mit der Alpe-Adria Golf\u00adcard erleben Sie grenzenloses Golfvergn\u00fcgen und spielen auf rund 15 Mitgliedsgolfpl\u00e4tzen in K\u00e4rnten, [&hellip;]\" \/>\n<meta property=\"og:url\" content=\"https:\/\/fairway2hotel.at\/en\/hotels\/kaernten\/hotel-trattlerhof\/\" \/>\n<meta property=\"og:site_name\" content=\"Fairway 2 Hotel\" \/>\n<meta property=\"article:modified_time\" content=\"2025-09-01T07:28:45+00:00\" \/>\n<meta name=\"twitter:card\" content=\"summary_large_image\" \/>\n<meta name=\"twitter:label1\" content=\"Est. reading time\" \/>\n\t<meta name=\"twitter:data1\" content=\"2 minutes\" \/>\n<script type=\"application\/ld+json\" class=\"yoast-schema-graph\">{\"@context\":\"https:\/\/schema.org\",\"@graph\":[{\"@type\":\"WebPage\",\"@id\":\"https:\/\/fairway2hotel.at\/en\/hotels\/kaernten\/hotel-trattlerhof\/\",\"url\":\"https:\/\/fairway2hotel.at\/en\/hotels\/kaernten\/hotel-trattlerhof\/\",\"name\":\"Hotel GUT Trattlerhof**** - Fairway 2 Hotel\",\"isPartOf\":{\"@id\":\"https:\/\/fairway2hotel.at\/en\/#website\"},\"datePublished\":\"2016-10-18T06:42:44+00:00\",\"dateModified\":\"2025-09-01T07:28:45+00:00\",\"breadcrumb\":{\"@id\":\"https:\/\/fairway2hotel.at\/en\/hotels\/kaernten\/hotel-trattlerhof\/#breadcrumb\"},\"inLanguage\":\"en-US\",\"potentialAction\":[{\"@type\":\"ReadAction\",\"target\":[\"https:\/\/fairway2hotel.at\/en\/hotels\/kaernten\/hotel-trattlerhof\/\"]}]},{\"@type\":\"BreadcrumbList\",\"@id\":\"https:\/\/fairway2hotel.at\/en\/hotels\/kaernten\/hotel-trattlerhof\/#breadcrumb\",\"itemListElement\":[{\"@type\":\"ListItem\",\"position\":1,\"name\":\"Home\",\"item\":\"https:\/\/fairway2hotel.at\/en\/\"},{\"@type\":\"ListItem\",\"position\":2,\"name\":\"Hotels\",\"item\":\"https:\/\/fairway2hotel.at\/en\/hotels\/\"},{\"@type\":\"ListItem\",\"position\":3,\"name\":\"Hotels K\u00e4rnten\",\"item\":\"https:\/\/fairway2hotel.at\/en\/hotels\/kaernten\/\"},{\"@type\":\"ListItem\",\"position\":4,\"name\":\"Hotel GUT Trattlerhof****\"}]},{\"@type\":\"WebSite\",\"@id\":\"https:\/\/fairway2hotel.at\/en\/#website\",\"url\":\"https:\/\/fairway2hotel.at\/en\/\",\"name\":\"Fairway 2 Hotel\",\"description\":\"Golf at half price! 2 play - 1 pays\",\"potentialAction\":[{\"@type\":\"SearchAction\",\"target\":{\"@type\":\"EntryPoint\",\"urlTemplate\":\"https:\/\/fairway2hotel.at\/en\/?s={search_term_string}\"},\"query-input\":{\"@type\":\"PropertyValueSpecification\",\"valueRequired\":true,\"valueName\":\"search_term_string\"}}],\"inLanguage\":\"en-US\"}]}<\/script>\n<!-- \/ Yoast SEO plugin. -->","yoast_head_json":{"title":"Hotel GUT Trattlerhof**** - Fairway 2 Hotel","robots":{"index":"index","follow":"follow","max-snippet":"max-snippet:-1","max-image-preview":"max-image-preview:large","max-video-preview":"max-video-preview:-1"},"canonical":"https:\/\/fairway2hotel.at\/en\/hotels\/kaernten\/hotel-trattlerhof\/","og_locale":"en_US","og_type":"article","og_title":"Hotel GUT Trattlerhof**** - Fairway 2 Hotel","og_description":"\u201eI feel GUT\u201c \u2013 Vorz\u00fcglicher Golfurlaub am\u00a0GUTshof. Seit 1642 Inmitten der Region Nockberge befindet sich das familiengef\u00fchrte 4-Sterne Hotel GUT Trattlerhof &amp; Chalets. Der Trattlerhof ist nur wenige Minuten vom Golfplatz Bad Kleinkirchheim, dem h\u00f6chst gelegenen Parcours K\u00e4rntens, entfernt. Mit der Alpe-Adria Golf\u00adcard erleben Sie grenzenloses Golfvergn\u00fcgen und spielen auf rund 15 Mitgliedsgolfpl\u00e4tzen in K\u00e4rnten, [&hellip;]","og_url":"https:\/\/fairway2hotel.at\/en\/hotels\/kaernten\/hotel-trattlerhof\/","og_site_name":"Fairway 2 Hotel","article_modified_time":"2025-09-01T07:28:45+00:00","twitter_card":"summary_large_image","twitter_misc":{"Est. reading time":"2 minutes"},"schema":{"@context":"https:\/\/schema.org","@graph":[{"@type":"WebPage","@id":"https:\/\/fairway2hotel.at\/en\/hotels\/kaernten\/hotel-trattlerhof\/","url":"https:\/\/fairway2hotel.at\/en\/hotels\/kaernten\/hotel-trattlerhof\/","name":"Hotel GUT Trattlerhof**** - Fairway 2 Hotel","isPartOf":{"@id":"https:\/\/fairway2hotel.at\/en\/#website"},"datePublished":"2016-10-18T06:42:44+00:00","dateModified":"2025-09-01T07:28:45+00:00","breadcrumb":{"@id":"https:\/\/fairway2hotel.at\/en\/hotels\/kaernten\/hotel-trattlerhof\/#breadcrumb"},"inLanguage":"en-US","potentialAction":[{"@type":"ReadAction","target":["https:\/\/fairway2hotel.at\/en\/hotels\/kaernten\/hotel-trattlerhof\/"]}]},{"@type":"BreadcrumbList","@id":"https:\/\/fairway2hotel.at\/en\/hotels\/kaernten\/hotel-trattlerhof\/#breadcrumb","itemListElement":[{"@type":"ListItem","position":1,"name":"Home","item":"https:\/\/fairway2hotel.at\/en\/"},{"@type":"ListItem","position":2,"name":"Hotels","item":"https:\/\/fairway2hotel.at\/en\/hotels\/"},{"@type":"ListItem","position":3,"name":"Hotels K\u00e4rnten","item":"https:\/\/fairway2hotel.at\/en\/hotels\/kaernten\/"},{"@type":"ListItem","position":4,"name":"Hotel GUT Trattlerhof****"}]},{"@type":"WebSite","@id":"https:\/\/fairway2hotel.at\/en\/#website","url":"https:\/\/fairway2hotel.at\/en\/","name":"Fairway 2 Hotel","description":"Golf at half price! 2 play - 1 pays","potentialAction":[{"@type":"SearchAction","target":{"@type":"EntryPoint","urlTemplate":"https:\/\/fairway2hotel.at\/en\/?s={search_term_string}"},"query-input":{"@type":"PropertyValueSpecification","valueRequired":true,"valueName":"search_term_string"}}],"inLanguage":"en-US"}]}},"_links":{"self":[{"href":"https:\/\/fairway2hotel.at\/en\/wp-json\/wp\/v2\/pages\/1342","targetHints":{"allow":["GET"]}}],"collection":[{"href":"https:\/\/fairway2hotel.at\/en\/wp-json\/wp\/v2\/pages"}],"about":[{"href":"https:\/\/fairway2hotel.at\/en\/wp-json\/wp\/v2\/types\/page"}],"author":[{"embeddable":true,"href":"https:\/\/fairway2hotel.at\/en\/wp-json\/wp\/v2\/users\/1"}],"replies":[{"embeddable":true,"href":"https:\/\/fairway2hotel.at\/en\/wp-json\/wp\/v2\/comments?post=1342"}],"version-history":[{"count":29,"href":"https:\/\/fairway2hotel.at\/en\/wp-json\/wp\/v2\/pages\/1342\/revisions"}],"predecessor-version":[{"id":49030,"href":"https:\/\/fairway2hotel.at\/en\/wp-json\/wp\/v2\/pages\/1342\/revisions\/49030"}],"up":[{"embeddable":true,"href":"https:\/\/fairway2hotel.at\/en\/wp-json\/wp\/v2\/pages\/2175"}],"acf:attachment":[{"embeddable":true,"href":"https:\/\/fairway2hotel.at\/en\/wp-json\/wp\/v2\/media\/48243"},{"embeddable":true,"href":"https:\/\/fairway2hotel.at\/en\/wp-json\/wp\/v2\/media\/48153"},{"embeddable":true,"href":"https:\/\/fairway2hotel.at\/en\/wp-json\/wp\/v2\/media\/48149"},{"embeddable":true,"href":"https:\/\/fairway2hotel.at\/en\/wp-json\/wp\/v2\/media\/48241"},{"embeddable":true,"href":"https:\/\/fairway2hotel.at\/en\/wp-json\/wp\/v2\/media\/48165"},{"embeddable":true,"href":"https:\/\/fairway2hotel.at\/en\/wp-json\/wp\/v2\/media\/48161"},{"embeddable":true,"href":"https:\/\/fairway2hotel.at\/en\/wp-json\/wp\/v2\/media\/48245"},{"embeddable":true,"href":"https:\/\/fairway2hotel.at\/en\/wp-json\/wp\/v2\/media\/48163"},{"embeddable":true,"href":"https:\/\/fairway2hotel.at\/en\/wp-json\/wp\/v2\/media\/48159"},{"embeddable":true,"href":"https:\/\/fairway2hotel.at\/en\/wp-json\/wp\/v2\/media\/48155"}],"wp:attachment":[{"href":"https:\/\/fairway2hotel.at\/en\/wp-json\/wp\/v2\/media?parent=1342"}],"curies":[{"name":"wp","href":"https:\/\/api.w.org\/{rel}","templated":true}]}}