{"id":1359,"date":"2010-10-21T20:45:54","date_gmt":"2010-10-21T18:45:54","guid":{"rendered":"https:\/\/f2h.app\/gfa-holledau\/"},"modified":"2025-11-13T15:56:38","modified_gmt":"2025-11-13T14:56:38","slug":"gfa-holledau","status":"publish","type":"page","link":"https:\/\/fairway2hotel.at\/en\/golfclubs\/deutschland\/gfa-holledau\/","title":{"rendered":"GC Holledau"},"content":{"rendered":"<h2>Mehr Spielen &#8211; Golf tut gut! Golf- und Freizeitanlagen GmbH -Weihern Holledau<\/h2>\n<p>Die Pl\u00e4tze, Weihrerhof, Pumpernudl und Kapellenplatz mit jeweils 9 Bahnen lassen sich zu drei attraktiven 18-Loch Pl\u00e4tzen kombinieren. Die anspruchsvollen, aber fairen Spielbahnen f\u00fchren \u00fcber H\u00fcgel und durch T\u00e4ler des idyllischen Hopfenanbaugebiets der Hallertau. Der 9 Loch- Akademieplatz ist \u00f6ffentlich. Das gro\u00dfz\u00fcgige Clubhaus bietet allen Komfort: eine exzellente Gastronomie, einen sehr gut ausgestatteten Pro-Shop und rundum freundlichen Service.<\/p>\n<h2>Play more \u2013 golf is good for you! Golf and Leisure Facilities GmbH \u2013 Weihern Holledau<\/h2>\n<p>The Weihrerhof, Pumpernudl and Kapellenplatz courses, each with 9 holes, can be combined into three attractive 18-hole courses. The challenging but fair fairways lead over hills and through valleys in the idyllic hop-growing region of the Hallertau. The 9-hole academy course is open to the public. The spacious clubhouse offers every comfort: excellent catering, a very well-equipped pro shop and all-round friendly service.<\/p>\n","protected":false},"excerpt":{"rendered":"<p>Mehr Spielen &#8211; Golf tut gut! Golf- und Freizeitanlagen GmbH -Weihern Holledau Die Pl\u00e4tze, Weihrerhof, Pumpernudl und Kapellenplatz mit jeweils 9 Bahnen lassen sich zu drei attraktiven 18-Loch Pl\u00e4tzen kombinieren. Die anspruchsvollen, aber fairen Spielbahnen f\u00fchren \u00fcber H\u00fcgel und durch T\u00e4ler des idyllischen Hopfenanbaugebiets der Hallertau. Der 9 Loch- Akademieplatz ist \u00f6ffentlich. Das gro\u00dfz\u00fcgige Clubhaus [&hellip;]<\/p>\n","protected":false},"author":1,"featured_media":0,"parent":1607,"menu_order":95,"comment_status":"closed","ping_status":"closed","template":"page-partner.php","meta":{"_acf_changed":false,"footnotes":""},"class_list":["post-1359","page","type-page","status-publish","hentry"],"acf":{"partner_infobox":"<strong>Adresse:<\/strong>Weihern 3, 84104 Rudelzhausen\r\n\r\n<strong>Tel:\u00a0<\/strong>08756-96010\r\n\r\n<strong>Fax:\u00a0<\/strong>08756-9601-44\r\n\r\n<strong>Web: <\/strong><a href=\"https:\/\/www.golfclubholledau.de\/\" target=\"_blank\" rel=\"nofollow noopener noreferrer\">www.golfclubholledau.de<\/a>\r\n\r\n<strong>E-Mail:<\/strong> <a href=\"mailto:rezeption@golfclubholledau.de\">rezeption@golfclubholledau.de<\/a>\r\n\r\n<strong>Spielbahnen\/Par:\r\n<\/strong>27 Meisterschaftsplatz \/ 9 L\u00f6cher Akademieplatz \u00f6ffentlich, 71\/72\/73\r\n\r\n<strong>La\u0308nge:\r\n<\/strong>gelb: 5668 m \/5954 m\/5980m, rot: 5010m\/5272m\/5322m\r\n\r\n<em><strong>Bedingungen:\r\n<\/strong>Voucher gelten Mo-Fr, ausgenommen Feiertage, HCP 54<\/em>\r\n\r\n<strong>Anfahrt:\r\n<\/strong>A9 (M\u00fcnchen-N\u00fcrnberg), Ausfahrt Pfaffenhofen, Richtung Schweitenkirchen nach Au, in Au rechts Richtung Freising, an der Aral-Tankstelle links Richtung Moosburg, wieder links bis Tegernbach. Der Beschilderung folgen.","partner_logo":1358,"partner_gallery":[1357,1356,1355],"partner_lat":48.5711,"partner_long":11.81253,"partner_type":"golfclub","partner_openings":["1","2","3","4","5"],"montag_von_bis":"00:00 - 24:00","dienstag_von_bis":"00:00 - 24:00","mittwoch_von_bis":"00:00 - 24:00","donnerstag_von_bis":"00:00 - 24:00","freitag_von_bis":"00:00 - 24:00","samstag_von_bis":"00:00 - 24:00","sonntag_von_bis":"00:00 - 24:00","partner_adresse":"Weihern 3, 84104 Rudelzhausen","partner_land_bundesland":"Deutschland","partner_tel_1":"0049 8756 9601 44","partner_tel_2":"0049 8756 96010","partner_web":"http:\/\/www.golfclubholledau.de","partner_mail":"rezeption@golfclubholledau.de","partner_spielbahnen_par":"27 Meisterschaftsplatz \/ 9 L\u00f6cher Akademieplatz \u00f6ffentlich, 71\/72\/73","partner_laenge":"gelb: 5668 m \/5954 m\/5980m, rot: 5010m\/5272m\/5322m","partner_bedingungen":"Voucher gelten Mo-Fr, ausgenommen Feiertage, \r\nvouchers valid Mon-Fri except public holidays","partner_anfahrt":"A9 (M\u00fcnchen-N\u00fcrnberg), Ausfahrt Pfaffenhofen, Richtung Schweitenkirchen nach Au, in Au rechts Richtung Freising, an der Aral-Tankstelle links Richtung Moosburg, wieder links bis Tegernbach. Der Beschilderung folgen.","partner_misc":null,"additional_css_classes":""},"yoast_head":"<!-- This site is optimized with the Yoast SEO plugin v26.8 - https:\/\/yoast.com\/product\/yoast-seo-wordpress\/ -->\n<title>GC Holledau - Fairway 2 Hotel<\/title>\n<meta name=\"robots\" content=\"index, follow, max-snippet:-1, max-image-preview:large, max-video-preview:-1\" \/>\n<link rel=\"canonical\" href=\"https:\/\/fairway2hotel.at\/en\/golfclubs\/deutschland\/gfa-holledau\/\" \/>\n<meta property=\"og:locale\" content=\"en_US\" \/>\n<meta property=\"og:type\" content=\"article\" \/>\n<meta property=\"og:title\" content=\"GC Holledau - Fairway 2 Hotel\" \/>\n<meta property=\"og:description\" content=\"Mehr Spielen &#8211; Golf tut gut! Golf- und Freizeitanlagen GmbH -Weihern Holledau Die Pl\u00e4tze, Weihrerhof, Pumpernudl und Kapellenplatz mit jeweils 9 Bahnen lassen sich zu drei attraktiven 18-Loch Pl\u00e4tzen kombinieren. Die anspruchsvollen, aber fairen Spielbahnen f\u00fchren \u00fcber H\u00fcgel und durch T\u00e4ler des idyllischen Hopfenanbaugebiets der Hallertau. Der 9 Loch- Akademieplatz ist \u00f6ffentlich. Das gro\u00dfz\u00fcgige Clubhaus [&hellip;]\" \/>\n<meta property=\"og:url\" content=\"https:\/\/fairway2hotel.at\/en\/golfclubs\/deutschland\/gfa-holledau\/\" \/>\n<meta property=\"og:site_name\" content=\"Fairway 2 Hotel\" \/>\n<meta property=\"article:modified_time\" content=\"2025-11-13T14:56:38+00:00\" \/>\n<meta name=\"twitter:card\" content=\"summary_large_image\" \/>\n<meta name=\"twitter:label1\" content=\"Est. reading time\" \/>\n\t<meta name=\"twitter:data1\" content=\"1 minute\" \/>\n<script type=\"application\/ld+json\" class=\"yoast-schema-graph\">{\"@context\":\"https:\/\/schema.org\",\"@graph\":[{\"@type\":\"WebPage\",\"@id\":\"https:\/\/fairway2hotel.at\/en\/golfclubs\/deutschland\/gfa-holledau\/\",\"url\":\"https:\/\/fairway2hotel.at\/en\/golfclubs\/deutschland\/gfa-holledau\/\",\"name\":\"GC Holledau - Fairway 2 Hotel\",\"isPartOf\":{\"@id\":\"https:\/\/fairway2hotel.at\/en\/#website\"},\"datePublished\":\"2010-10-21T18:45:54+00:00\",\"dateModified\":\"2025-11-13T14:56:38+00:00\",\"breadcrumb\":{\"@id\":\"https:\/\/fairway2hotel.at\/en\/golfclubs\/deutschland\/gfa-holledau\/#breadcrumb\"},\"inLanguage\":\"en-US\",\"potentialAction\":[{\"@type\":\"ReadAction\",\"target\":[\"https:\/\/fairway2hotel.at\/en\/golfclubs\/deutschland\/gfa-holledau\/\"]}]},{\"@type\":\"BreadcrumbList\",\"@id\":\"https:\/\/fairway2hotel.at\/en\/golfclubs\/deutschland\/gfa-holledau\/#breadcrumb\",\"itemListElement\":[{\"@type\":\"ListItem\",\"position\":1,\"name\":\"Home\",\"item\":\"https:\/\/fairway2hotel.at\/en\/\"},{\"@type\":\"ListItem\",\"position\":2,\"name\":\"Golfclubs\",\"item\":\"https:\/\/fairway2hotel.at\/en\/golfclubs\/\"},{\"@type\":\"ListItem\",\"position\":3,\"name\":\"Golfclubs Deutschland\",\"item\":\"https:\/\/fairway2hotel.at\/en\/golfclubs\/deutschland\/\"},{\"@type\":\"ListItem\",\"position\":4,\"name\":\"GC Holledau\"}]},{\"@type\":\"WebSite\",\"@id\":\"https:\/\/fairway2hotel.at\/en\/#website\",\"url\":\"https:\/\/fairway2hotel.at\/en\/\",\"name\":\"Fairway 2 Hotel\",\"description\":\"Golf at half price! 2 play - 1 pays\",\"potentialAction\":[{\"@type\":\"SearchAction\",\"target\":{\"@type\":\"EntryPoint\",\"urlTemplate\":\"https:\/\/fairway2hotel.at\/en\/?s={search_term_string}\"},\"query-input\":{\"@type\":\"PropertyValueSpecification\",\"valueRequired\":true,\"valueName\":\"search_term_string\"}}],\"inLanguage\":\"en-US\"}]}<\/script>\n<!-- \/ Yoast SEO plugin. -->","yoast_head_json":{"title":"GC Holledau - Fairway 2 Hotel","robots":{"index":"index","follow":"follow","max-snippet":"max-snippet:-1","max-image-preview":"max-image-preview:large","max-video-preview":"max-video-preview:-1"},"canonical":"https:\/\/fairway2hotel.at\/en\/golfclubs\/deutschland\/gfa-holledau\/","og_locale":"en_US","og_type":"article","og_title":"GC Holledau - Fairway 2 Hotel","og_description":"Mehr Spielen &#8211; Golf tut gut! Golf- und Freizeitanlagen GmbH -Weihern Holledau Die Pl\u00e4tze, Weihrerhof, Pumpernudl und Kapellenplatz mit jeweils 9 Bahnen lassen sich zu drei attraktiven 18-Loch Pl\u00e4tzen kombinieren. Die anspruchsvollen, aber fairen Spielbahnen f\u00fchren \u00fcber H\u00fcgel und durch T\u00e4ler des idyllischen Hopfenanbaugebiets der Hallertau. Der 9 Loch- Akademieplatz ist \u00f6ffentlich. Das gro\u00dfz\u00fcgige Clubhaus [&hellip;]","og_url":"https:\/\/fairway2hotel.at\/en\/golfclubs\/deutschland\/gfa-holledau\/","og_site_name":"Fairway 2 Hotel","article_modified_time":"2025-11-13T14:56:38+00:00","twitter_card":"summary_large_image","twitter_misc":{"Est. reading time":"1 minute"},"schema":{"@context":"https:\/\/schema.org","@graph":[{"@type":"WebPage","@id":"https:\/\/fairway2hotel.at\/en\/golfclubs\/deutschland\/gfa-holledau\/","url":"https:\/\/fairway2hotel.at\/en\/golfclubs\/deutschland\/gfa-holledau\/","name":"GC Holledau - Fairway 2 Hotel","isPartOf":{"@id":"https:\/\/fairway2hotel.at\/en\/#website"},"datePublished":"2010-10-21T18:45:54+00:00","dateModified":"2025-11-13T14:56:38+00:00","breadcrumb":{"@id":"https:\/\/fairway2hotel.at\/en\/golfclubs\/deutschland\/gfa-holledau\/#breadcrumb"},"inLanguage":"en-US","potentialAction":[{"@type":"ReadAction","target":["https:\/\/fairway2hotel.at\/en\/golfclubs\/deutschland\/gfa-holledau\/"]}]},{"@type":"BreadcrumbList","@id":"https:\/\/fairway2hotel.at\/en\/golfclubs\/deutschland\/gfa-holledau\/#breadcrumb","itemListElement":[{"@type":"ListItem","position":1,"name":"Home","item":"https:\/\/fairway2hotel.at\/en\/"},{"@type":"ListItem","position":2,"name":"Golfclubs","item":"https:\/\/fairway2hotel.at\/en\/golfclubs\/"},{"@type":"ListItem","position":3,"name":"Golfclubs Deutschland","item":"https:\/\/fairway2hotel.at\/en\/golfclubs\/deutschland\/"},{"@type":"ListItem","position":4,"name":"GC Holledau"}]},{"@type":"WebSite","@id":"https:\/\/fairway2hotel.at\/en\/#website","url":"https:\/\/fairway2hotel.at\/en\/","name":"Fairway 2 Hotel","description":"Golf at half price! 2 play - 1 pays","potentialAction":[{"@type":"SearchAction","target":{"@type":"EntryPoint","urlTemplate":"https:\/\/fairway2hotel.at\/en\/?s={search_term_string}"},"query-input":{"@type":"PropertyValueSpecification","valueRequired":true,"valueName":"search_term_string"}}],"inLanguage":"en-US"}]}},"_links":{"self":[{"href":"https:\/\/fairway2hotel.at\/en\/wp-json\/wp\/v2\/pages\/1359","targetHints":{"allow":["GET"]}}],"collection":[{"href":"https:\/\/fairway2hotel.at\/en\/wp-json\/wp\/v2\/pages"}],"about":[{"href":"https:\/\/fairway2hotel.at\/en\/wp-json\/wp\/v2\/types\/page"}],"author":[{"embeddable":true,"href":"https:\/\/fairway2hotel.at\/en\/wp-json\/wp\/v2\/users\/1"}],"replies":[{"embeddable":true,"href":"https:\/\/fairway2hotel.at\/en\/wp-json\/wp\/v2\/comments?post=1359"}],"version-history":[{"count":9,"href":"https:\/\/fairway2hotel.at\/en\/wp-json\/wp\/v2\/pages\/1359\/revisions"}],"predecessor-version":[{"id":49800,"href":"https:\/\/fairway2hotel.at\/en\/wp-json\/wp\/v2\/pages\/1359\/revisions\/49800"}],"up":[{"embeddable":true,"href":"https:\/\/fairway2hotel.at\/en\/wp-json\/wp\/v2\/pages\/1607"}],"acf:attachment":[{"embeddable":true,"href":"https:\/\/fairway2hotel.at\/en\/wp-json\/wp\/v2\/media\/1355"},{"embeddable":true,"href":"https:\/\/fairway2hotel.at\/en\/wp-json\/wp\/v2\/media\/1356"},{"embeddable":true,"href":"https:\/\/fairway2hotel.at\/en\/wp-json\/wp\/v2\/media\/1357"}],"wp:attachment":[{"href":"https:\/\/fairway2hotel.at\/en\/wp-json\/wp\/v2\/media?parent=1359"}],"curies":[{"name":"wp","href":"https:\/\/api.w.org\/{rel}","templated":true}]}}