{"id":136,"date":"2009-07-06T22:54:10","date_gmt":"2009-07-06T20:54:10","guid":{"rendered":"https:\/\/f2h.app\/golfclub-schoenfeld\/"},"modified":"2025-07-24T11:38:39","modified_gmt":"2025-07-24T09:38:39","slug":"golfclub-schoenfeld","status":"publish","type":"page","link":"https:\/\/fairway2hotel.at\/en\/golfclubs\/niederoesterreich\/golfclub-schoenfeld\/","title":{"rendered":"GC Sch\u00f6nfeld"},"content":{"rendered":"<h2>Kommen Sie als Gast und bleiben Sie als Freund<\/h2>\n<p>Der GC Sch\u00f6nfeld zeichnet sich durch ausgezeichnete Platzpflege und hervorragende Greens aus. Jeder Besucher sch\u00e4tzt die Qualit\u00e4t der Anlage und die Ruhe der Natur. Kein Flugl\u00e4rm, keine Autos einfach nur Natur pur. In unserem Restaurant, das von Montag\u2013Sonntag von April\u2013Oktober ge\u00f6ffnet hat, servieren wir Bodenst\u00e4ndiges zu fairen Preisen. Jedenfalls ist Sch\u00f6nfeld eine Reise wert \u2013 meinte schon Franz Klammer anl\u00e4sslich einer seiner vielen Besuche bei uns &#8211; und das nur 23 km ab der Stadtgrenze Wien.<\/p>\n<h2>Come as a guest and stay as a friend<\/h2>\n<p>The GC Sch\u00f6nfeld is characterised by excellent course maintenance and outstanding greens. Every visitor appreciates the quality of the course and the tranquillity of nature. No aircraft noise, no cars &#8211; just pure nature. In our restaurant, which is open from Monday to Sunday from April to October, we serve down-to-earth food at fair prices. In any case, Sch\u00f6nfeld is worth a visit &#8211; as Franz Klammer said on one of his many visits to us &#8211; and it&#8217;s only 23 kilometres from the city limits of Vienna.<\/p>\n","protected":false},"excerpt":{"rendered":"<p>Kommen Sie als Gast und bleiben Sie als Freund Der GC Sch\u00f6nfeld zeichnet sich durch ausgezeichnete Platzpflege und hervorragende Greens aus. Jeder Besucher sch\u00e4tzt die Qualit\u00e4t der Anlage und die Ruhe der Natur. Kein Flugl\u00e4rm, keine Autos einfach nur Natur pur. In unserem Restaurant, das von Montag\u2013Sonntag von April\u2013Oktober ge\u00f6ffnet hat, servieren wir Bodenst\u00e4ndiges zu [&hellip;]<\/p>\n","protected":false},"author":1,"featured_media":0,"parent":1448,"menu_order":14,"comment_status":"closed","ping_status":"closed","template":"page-partner.php","meta":{"_acf_changed":false,"footnotes":""},"class_list":["post-136","page","type-page","status-publish","hentry"],"acf":{"partner_infobox":"<strong>Adresse:\u00a0<\/strong>Am Golfplatz 1, 2291 Sch\u00f6nfeld\r\n\r\n<strong>Tel:\u00a0<\/strong>+43 2213\/20 630\r\n\r\n<strong>Fax:\u00a0<\/strong>+43 2213\/20 631\r\n\r\n<strong>Web: <\/strong><a href=\"http:\/\/www.gcschoenfeld.at\" target=\"_blank\" rel=\"nofollow noopener\">www.gcschoenfeld.at<\/a>\r\n\r\n<strong>E-Mail:<\/strong> <a href=\"mailto:office@gcschoenfeld.at\">office@gcschoenfeld.at<\/a>\r\n\r\n<strong>Spielbahnen\/Par: <\/strong>27\/72\r\n\r\n<strong>La\u0308nge: <\/strong>gelb: 5.854 m rot: 5.151 m\r\n\r\n<em><strong>Bedingungen:\r\n<\/strong>Gutscheine einl\u00f6sbar von Mo bis Fr, ausgenommen Feiertage.Berechnungsgrundlage der regul\u00e4re GF-Preis \u20ac 80,-.<\/em>\r\n\r\n<strong>Anfahrt:\r\n<\/strong>A23 \u2192 S1 \u2192 Ausfahrt S\u00fc\u00dfenbrunn \u2192 B8 \u2192 Aderklaa \u2192 Parbasdorf \u2192 Markgrafneusiedl \u2192 von hier Beschilderung folgen (Obersiebenbrunn \u2192 Untersiebenbrunn \u2192 Sch\u00f6nfeld)","partner_logo":135,"partner_gallery":[134,46734,46736],"partner_lat":48.27858,"partner_long":16.78986,"partner_type":"golfclub","partner_openings":["1","2","3","4","5","6","7"],"montag_von_bis":"00:00 - 24:00","dienstag_von_bis":"00:00 - 24:00","mittwoch_von_bis":"00:00 - 24:00","donnerstag_von_bis":"00:00 - 24:00","freitag_von_bis":"00:00 - 24:00","samstag_von_bis":"00:00 - 24:00","sonntag_von_bis":"00:00 - 24:00","partner_adresse":"Am Golfplatz 1, 2291 Sch\u00f6nfeld","partner_land_bundesland":"Nieder\u00f6sterreich","partner_tel_1":"0043 221320 631","partner_tel_2":"0043 2213 20 630","partner_web":"http:\/\/www.gcschoenfeld.at","partner_mail":"office@gcschoenfeld.at","partner_spielbahnen_par":"27\/72","partner_laenge":"gelb: 5.854 m rot: 5.151 m","partner_bedingungen":"Gutscheine einl\u00f6sbar von Mo bis Fr, ausgenommen Feiertage. Berechnungsgrundlage der regul\u00e4re GF-Preis von \u20ac 95,-. Im Juli und August kann der Gutschein auch am Wochenende eingel\u00f6st werden.\r\nVouchers redeemable from Mon to Fri, excluding public holidays. Calculated on the basis of the regular GF price of \u20ac 95,--. In July and August the voucher also can be redeemed at the weekend","partner_anfahrt":"A23 \u2192 S1 \u2192 Ausfahrt S\u00fc\u00dfenbrunn \u2192 B8 \u2192 Aderklaa \u2192 Parbasdorf \u2192 Markgrafneusiedl \u2192 von hier Beschilderung folgen (Obersiebenbrunn \u2192 Untersiebenbrunn \u2192 Sch\u00f6nfeld)","partner_misc":null,"additional_css_classes":""},"yoast_head":"<!-- This site is optimized with the Yoast SEO plugin v26.8 - https:\/\/yoast.com\/product\/yoast-seo-wordpress\/ -->\n<title>GC Sch\u00f6nfeld - Fairway 2 Hotel<\/title>\n<meta name=\"robots\" content=\"index, follow, max-snippet:-1, max-image-preview:large, max-video-preview:-1\" \/>\n<link rel=\"canonical\" href=\"https:\/\/fairway2hotel.at\/en\/golfclubs\/niederoesterreich\/golfclub-schoenfeld\/\" \/>\n<meta property=\"og:locale\" content=\"en_US\" \/>\n<meta property=\"og:type\" content=\"article\" \/>\n<meta property=\"og:title\" content=\"GC Sch\u00f6nfeld - Fairway 2 Hotel\" \/>\n<meta property=\"og:description\" content=\"Kommen Sie als Gast und bleiben Sie als Freund Der GC Sch\u00f6nfeld zeichnet sich durch ausgezeichnete Platzpflege und hervorragende Greens aus. Jeder Besucher sch\u00e4tzt die Qualit\u00e4t der Anlage und die Ruhe der Natur. Kein Flugl\u00e4rm, keine Autos einfach nur Natur pur. In unserem Restaurant, das von Montag\u2013Sonntag von April\u2013Oktober ge\u00f6ffnet hat, servieren wir Bodenst\u00e4ndiges zu [&hellip;]\" \/>\n<meta property=\"og:url\" content=\"https:\/\/fairway2hotel.at\/en\/golfclubs\/niederoesterreich\/golfclub-schoenfeld\/\" \/>\n<meta property=\"og:site_name\" content=\"Fairway 2 Hotel\" \/>\n<meta property=\"article:modified_time\" content=\"2025-07-24T09:38:39+00:00\" \/>\n<meta name=\"twitter:card\" content=\"summary_large_image\" \/>\n<meta name=\"twitter:label1\" content=\"Est. reading time\" \/>\n\t<meta name=\"twitter:data1\" content=\"1 minute\" \/>\n<script type=\"application\/ld+json\" class=\"yoast-schema-graph\">{\"@context\":\"https:\/\/schema.org\",\"@graph\":[{\"@type\":\"WebPage\",\"@id\":\"https:\/\/fairway2hotel.at\/en\/golfclubs\/niederoesterreich\/golfclub-schoenfeld\/\",\"url\":\"https:\/\/fairway2hotel.at\/en\/golfclubs\/niederoesterreich\/golfclub-schoenfeld\/\",\"name\":\"GC Sch\u00f6nfeld - Fairway 2 Hotel\",\"isPartOf\":{\"@id\":\"https:\/\/fairway2hotel.at\/en\/#website\"},\"datePublished\":\"2009-07-06T20:54:10+00:00\",\"dateModified\":\"2025-07-24T09:38:39+00:00\",\"breadcrumb\":{\"@id\":\"https:\/\/fairway2hotel.at\/en\/golfclubs\/niederoesterreich\/golfclub-schoenfeld\/#breadcrumb\"},\"inLanguage\":\"en-US\",\"potentialAction\":[{\"@type\":\"ReadAction\",\"target\":[\"https:\/\/fairway2hotel.at\/en\/golfclubs\/niederoesterreich\/golfclub-schoenfeld\/\"]}]},{\"@type\":\"BreadcrumbList\",\"@id\":\"https:\/\/fairway2hotel.at\/en\/golfclubs\/niederoesterreich\/golfclub-schoenfeld\/#breadcrumb\",\"itemListElement\":[{\"@type\":\"ListItem\",\"position\":1,\"name\":\"Home\",\"item\":\"https:\/\/fairway2hotel.at\/en\/\"},{\"@type\":\"ListItem\",\"position\":2,\"name\":\"Golfclubs\",\"item\":\"https:\/\/fairway2hotel.at\/en\/golfclubs\/\"},{\"@type\":\"ListItem\",\"position\":3,\"name\":\"Golfclubs Nieder\u00f6sterreich\",\"item\":\"https:\/\/fairway2hotel.at\/en\/golfclubs\/niederoesterreich\/\"},{\"@type\":\"ListItem\",\"position\":4,\"name\":\"GC Sch\u00f6nfeld\"}]},{\"@type\":\"WebSite\",\"@id\":\"https:\/\/fairway2hotel.at\/en\/#website\",\"url\":\"https:\/\/fairway2hotel.at\/en\/\",\"name\":\"Fairway 2 Hotel\",\"description\":\"Golf at half price! 2 play - 1 pays\",\"potentialAction\":[{\"@type\":\"SearchAction\",\"target\":{\"@type\":\"EntryPoint\",\"urlTemplate\":\"https:\/\/fairway2hotel.at\/en\/?s={search_term_string}\"},\"query-input\":{\"@type\":\"PropertyValueSpecification\",\"valueRequired\":true,\"valueName\":\"search_term_string\"}}],\"inLanguage\":\"en-US\"}]}<\/script>\n<!-- \/ Yoast SEO plugin. -->","yoast_head_json":{"title":"GC Sch\u00f6nfeld - Fairway 2 Hotel","robots":{"index":"index","follow":"follow","max-snippet":"max-snippet:-1","max-image-preview":"max-image-preview:large","max-video-preview":"max-video-preview:-1"},"canonical":"https:\/\/fairway2hotel.at\/en\/golfclubs\/niederoesterreich\/golfclub-schoenfeld\/","og_locale":"en_US","og_type":"article","og_title":"GC Sch\u00f6nfeld - Fairway 2 Hotel","og_description":"Kommen Sie als Gast und bleiben Sie als Freund Der GC Sch\u00f6nfeld zeichnet sich durch ausgezeichnete Platzpflege und hervorragende Greens aus. Jeder Besucher sch\u00e4tzt die Qualit\u00e4t der Anlage und die Ruhe der Natur. Kein Flugl\u00e4rm, keine Autos einfach nur Natur pur. In unserem Restaurant, das von Montag\u2013Sonntag von April\u2013Oktober ge\u00f6ffnet hat, servieren wir Bodenst\u00e4ndiges zu [&hellip;]","og_url":"https:\/\/fairway2hotel.at\/en\/golfclubs\/niederoesterreich\/golfclub-schoenfeld\/","og_site_name":"Fairway 2 Hotel","article_modified_time":"2025-07-24T09:38:39+00:00","twitter_card":"summary_large_image","twitter_misc":{"Est. reading time":"1 minute"},"schema":{"@context":"https:\/\/schema.org","@graph":[{"@type":"WebPage","@id":"https:\/\/fairway2hotel.at\/en\/golfclubs\/niederoesterreich\/golfclub-schoenfeld\/","url":"https:\/\/fairway2hotel.at\/en\/golfclubs\/niederoesterreich\/golfclub-schoenfeld\/","name":"GC Sch\u00f6nfeld - Fairway 2 Hotel","isPartOf":{"@id":"https:\/\/fairway2hotel.at\/en\/#website"},"datePublished":"2009-07-06T20:54:10+00:00","dateModified":"2025-07-24T09:38:39+00:00","breadcrumb":{"@id":"https:\/\/fairway2hotel.at\/en\/golfclubs\/niederoesterreich\/golfclub-schoenfeld\/#breadcrumb"},"inLanguage":"en-US","potentialAction":[{"@type":"ReadAction","target":["https:\/\/fairway2hotel.at\/en\/golfclubs\/niederoesterreich\/golfclub-schoenfeld\/"]}]},{"@type":"BreadcrumbList","@id":"https:\/\/fairway2hotel.at\/en\/golfclubs\/niederoesterreich\/golfclub-schoenfeld\/#breadcrumb","itemListElement":[{"@type":"ListItem","position":1,"name":"Home","item":"https:\/\/fairway2hotel.at\/en\/"},{"@type":"ListItem","position":2,"name":"Golfclubs","item":"https:\/\/fairway2hotel.at\/en\/golfclubs\/"},{"@type":"ListItem","position":3,"name":"Golfclubs Nieder\u00f6sterreich","item":"https:\/\/fairway2hotel.at\/en\/golfclubs\/niederoesterreich\/"},{"@type":"ListItem","position":4,"name":"GC Sch\u00f6nfeld"}]},{"@type":"WebSite","@id":"https:\/\/fairway2hotel.at\/en\/#website","url":"https:\/\/fairway2hotel.at\/en\/","name":"Fairway 2 Hotel","description":"Golf at half price! 2 play - 1 pays","potentialAction":[{"@type":"SearchAction","target":{"@type":"EntryPoint","urlTemplate":"https:\/\/fairway2hotel.at\/en\/?s={search_term_string}"},"query-input":{"@type":"PropertyValueSpecification","valueRequired":true,"valueName":"search_term_string"}}],"inLanguage":"en-US"}]}},"_links":{"self":[{"href":"https:\/\/fairway2hotel.at\/en\/wp-json\/wp\/v2\/pages\/136","targetHints":{"allow":["GET"]}}],"collection":[{"href":"https:\/\/fairway2hotel.at\/en\/wp-json\/wp\/v2\/pages"}],"about":[{"href":"https:\/\/fairway2hotel.at\/en\/wp-json\/wp\/v2\/types\/page"}],"author":[{"embeddable":true,"href":"https:\/\/fairway2hotel.at\/en\/wp-json\/wp\/v2\/users\/1"}],"replies":[{"embeddable":true,"href":"https:\/\/fairway2hotel.at\/en\/wp-json\/wp\/v2\/comments?post=136"}],"version-history":[{"count":12,"href":"https:\/\/fairway2hotel.at\/en\/wp-json\/wp\/v2\/pages\/136\/revisions"}],"predecessor-version":[{"id":48843,"href":"https:\/\/fairway2hotel.at\/en\/wp-json\/wp\/v2\/pages\/136\/revisions\/48843"}],"up":[{"embeddable":true,"href":"https:\/\/fairway2hotel.at\/en\/wp-json\/wp\/v2\/pages\/1448"}],"acf:attachment":[{"embeddable":true,"href":"https:\/\/fairway2hotel.at\/en\/wp-json\/wp\/v2\/media\/46736"},{"embeddable":true,"href":"https:\/\/fairway2hotel.at\/en\/wp-json\/wp\/v2\/media\/46734"},{"embeddable":true,"href":"https:\/\/fairway2hotel.at\/en\/wp-json\/wp\/v2\/media\/134"}],"wp:attachment":[{"href":"https:\/\/fairway2hotel.at\/en\/wp-json\/wp\/v2\/media?parent=136"}],"curies":[{"name":"wp","href":"https:\/\/api.w.org\/{rel}","templated":true}]}}