{"id":1365,"date":"2010-10-21T17:42:55","date_gmt":"2010-10-21T15:42:55","guid":{"rendered":"https:\/\/f2h.app\/golfclub-muenchen-west\/"},"modified":"2025-03-31T11:26:02","modified_gmt":"2025-03-31T09:26:02","slug":"golfclub-muenchen-west","status":"publish","type":"page","link":"https:\/\/fairway2hotel.at\/en\/golfclubs\/deutschland\/golfclub-muenchen-west\/","title":{"rendered":"GC M\u00fcnchen-West Odelzhausen e.V."},"content":{"rendered":"<h2>Golfsport auf hohem Niveau, in idyllischer Umgebung und mit Tradition<\/h2>\n<p>In den letzten drei\u00dfig Jahren entstand hier im M\u00fcnchner Westen ein Parklandkurs mit wunderbar eingewachsen Spielbahnen. Die meist flachen Fairways werden von alten, Schatten spendenden B\u00e4umen und Teichanlagen eingerahmt. In der hiesigen Golfszene wird der hervorragende Pflegezustand des Platzes schon lange sehr gesch\u00e4tzt.<\/p>\n<p>Der Club befindet sich ca. 20 Minuten von der M\u00fcnchner Stadtgrenze entfernt und die Entfernung nach Augsburg ist fast identisch. Durch unmittelbare Anbindung an die Autobahn, sowie das weitere Stra\u00dfennetz ist die Anlage schnell erreichbar und leicht zu finden. Vor diesem Hintergrund erscheint es schon unglaublich welche Ruhe trotzdem auf dem gesamten Gel\u00e4nde herrscht. Auf dem idyllischen Areal ist man ungest\u00f6rt von L\u00e4rm und Stress, man f\u00fchlt sich umgeben von reiner Natur! Ein hochwertiges \u00dcbungsgel\u00e4nde, sowie eine sehr ansprechende Gastronomie runden das positive Gesamtbild ab. Man sp\u00fcrt dass man als Gast im Golfclub M\u00fcnchen-West, gerne auch mit Hund, herzlich willkommen ist.<\/p>\n<h2>Golf at a high level, in idyllic surroundings and with tradition<\/h2>\n<p>Over the last thirty years, a parkland course with wonderfully ingrown fairways has been created here in the west of Munich. The mostly flat fairways are framed by old, shady trees and ponds. The excellent condition of the course has long been highly appreciated in the local golf scene. The club is located about 20 minutes from the Munich city limits and the distance to Augsburg is almost identical. With direct access to the motorway and the wider road network, the course is easily accessible and easy to find. Against this backdrop, it seems incredible how quiet the entire site is. On the idyllic site, you are undisturbed by noise and stress, you feel surrounded by pure nature! A high-quality practice area and very appealing catering facilities round off the positive overall picture. You can feel that you are very welcome as a guest at Golfclub M\u00fcnchen-West, even with your dog.<\/p>\n","protected":false},"excerpt":{"rendered":"<p>Golfsport auf hohem Niveau, in idyllischer Umgebung und mit Tradition In den letzten drei\u00dfig Jahren entstand hier im M\u00fcnchner Westen ein Parklandkurs mit wunderbar eingewachsen Spielbahnen. Die meist flachen Fairways werden von alten, Schatten spendenden B\u00e4umen und Teichanlagen eingerahmt. In der hiesigen Golfszene wird der hervorragende Pflegezustand des Platzes schon lange sehr gesch\u00e4tzt. Der Club [&hellip;]<\/p>\n","protected":false},"author":1,"featured_media":0,"parent":1607,"menu_order":125,"comment_status":"closed","ping_status":"closed","template":"page-partner.php","meta":{"_acf_changed":false,"footnotes":""},"class_list":["post-1365","page","type-page","status-publish","hentry"],"acf":{"partner_infobox":"<strong>Adresse:<\/strong>Hofgut Todtenried, D- 85235 Odelzhausen\r\n\r\n<strong>Tel:\u00a0<\/strong>+49 (0)8134 \u2013 99 88 0\r\n\r\n<strong>Fax:\u00a0<\/strong>+49 (0)8134 \u2013 99 88 20\r\n\r\n<strong>Web: <\/strong><a href=\"https:\/\/www.golfclub-muenchen-west.de\/startseite.html\" target=\"_blank\" rel=\"nofollow noopener noreferrer\">www.gcmw.de<\/a>\r\n\r\n<strong>E-Mail:<\/strong> <a href=\"mailto:info@gcmw.de\">info@gcmw.de<\/a>\r\n\r\n<strong>Spielbahnen\/Par:\r\n<\/strong>18 Loch + o\u0308ffentlicher 5 Loch Akademie- platz\/72\r\n\r\n<strong>La\u0308nge: <\/strong>gelb: 6.060 m\/rot: 5.277 m\r\n\r\n<strong>Anfahrt:\r\n<\/strong>Von der Ausf. Odelzhausen der A8 \u2192 Richtung Odelzhausen; am Ortseingang (Kreisverkehr) \u2192 \u201eGolf-Wegweisern\u201c folgen \u2192 Ebertshausen; im Ortsteil Lukka rechts \u2192 Gut Todtenried.","partner_logo":1364,"partner_gallery":[3570,47341,47343,47345,47347],"partner_lat":48.29596,"partner_long":11.16565,"partner_type":"golfclub","partner_openings":["1","2","3","4","5","6","7"],"montag_von_bis":"00:00 - 24:00","dienstag_von_bis":"00:00 - 24:00","mittwoch_von_bis":"00:00 - 24:00","donnerstag_von_bis":"00:00 - 24:00","freitag_von_bis":"00:00 - 24:00","samstag_von_bis":"00:00 - 24:00","sonntag_von_bis":"00:00 - 24:00","partner_adresse":"Hofgut Todtenried, 85235 Odelzhausen","partner_land_bundesland":"Deutschland","partner_tel_1":"0049 8134 99 88 20","partner_tel_2":"0049 8134 99 88 0","partner_web":"http:\/\/www.gcmw.de","partner_mail":"info@gcmw.de","partner_spielbahnen_par":"18 Loch + o\u0308ffentlicher 5 Loch Akademie- platz\/72","partner_laenge":"gelb: 6.060 m\/rot: 5.277 m","partner_bedingungen":"","partner_anfahrt":"Von der Ausf. Odelzhausen der A8 \u2192 Richtung Odelzhausen; am Ortseingang (Kreisverkehr) \u2192 \u201eGolf-Wegweisern\u201c folgen \u2192 Ebertshausen; im Ortsteil Lukka rechts \u2192 Gut Todtenried.","partner_misc":null,"additional_css_classes":""},"yoast_head":"<!-- This site is optimized with the Yoast SEO plugin v26.8 - https:\/\/yoast.com\/product\/yoast-seo-wordpress\/ -->\n<title>GC M\u00fcnchen-West Odelzhausen e.V. - Fairway 2 Hotel<\/title>\n<meta name=\"robots\" content=\"index, follow, max-snippet:-1, max-image-preview:large, max-video-preview:-1\" \/>\n<link rel=\"canonical\" href=\"https:\/\/fairway2hotel.at\/en\/golfclubs\/deutschland\/golfclub-muenchen-west\/\" \/>\n<meta property=\"og:locale\" content=\"en_US\" \/>\n<meta property=\"og:type\" content=\"article\" \/>\n<meta property=\"og:title\" content=\"GC M\u00fcnchen-West Odelzhausen e.V. - Fairway 2 Hotel\" \/>\n<meta property=\"og:description\" content=\"Golfsport auf hohem Niveau, in idyllischer Umgebung und mit Tradition In den letzten drei\u00dfig Jahren entstand hier im M\u00fcnchner Westen ein Parklandkurs mit wunderbar eingewachsen Spielbahnen. Die meist flachen Fairways werden von alten, Schatten spendenden B\u00e4umen und Teichanlagen eingerahmt. In der hiesigen Golfszene wird der hervorragende Pflegezustand des Platzes schon lange sehr gesch\u00e4tzt. Der Club [&hellip;]\" \/>\n<meta property=\"og:url\" content=\"https:\/\/fairway2hotel.at\/en\/golfclubs\/deutschland\/golfclub-muenchen-west\/\" \/>\n<meta property=\"og:site_name\" content=\"Fairway 2 Hotel\" \/>\n<meta property=\"article:modified_time\" content=\"2025-03-31T09:26:02+00:00\" \/>\n<meta name=\"twitter:card\" content=\"summary_large_image\" \/>\n<meta name=\"twitter:label1\" content=\"Est. reading time\" \/>\n\t<meta name=\"twitter:data1\" content=\"2 minutes\" \/>\n<script type=\"application\/ld+json\" class=\"yoast-schema-graph\">{\"@context\":\"https:\/\/schema.org\",\"@graph\":[{\"@type\":\"WebPage\",\"@id\":\"https:\/\/fairway2hotel.at\/en\/golfclubs\/deutschland\/golfclub-muenchen-west\/\",\"url\":\"https:\/\/fairway2hotel.at\/en\/golfclubs\/deutschland\/golfclub-muenchen-west\/\",\"name\":\"GC M\u00fcnchen-West Odelzhausen e.V. - Fairway 2 Hotel\",\"isPartOf\":{\"@id\":\"https:\/\/fairway2hotel.at\/en\/#website\"},\"datePublished\":\"2010-10-21T15:42:55+00:00\",\"dateModified\":\"2025-03-31T09:26:02+00:00\",\"breadcrumb\":{\"@id\":\"https:\/\/fairway2hotel.at\/en\/golfclubs\/deutschland\/golfclub-muenchen-west\/#breadcrumb\"},\"inLanguage\":\"en-US\",\"potentialAction\":[{\"@type\":\"ReadAction\",\"target\":[\"https:\/\/fairway2hotel.at\/en\/golfclubs\/deutschland\/golfclub-muenchen-west\/\"]}]},{\"@type\":\"BreadcrumbList\",\"@id\":\"https:\/\/fairway2hotel.at\/en\/golfclubs\/deutschland\/golfclub-muenchen-west\/#breadcrumb\",\"itemListElement\":[{\"@type\":\"ListItem\",\"position\":1,\"name\":\"Home\",\"item\":\"https:\/\/fairway2hotel.at\/en\/\"},{\"@type\":\"ListItem\",\"position\":2,\"name\":\"Golfclubs\",\"item\":\"https:\/\/fairway2hotel.at\/en\/golfclubs\/\"},{\"@type\":\"ListItem\",\"position\":3,\"name\":\"Golfclubs Deutschland\",\"item\":\"https:\/\/fairway2hotel.at\/en\/golfclubs\/deutschland\/\"},{\"@type\":\"ListItem\",\"position\":4,\"name\":\"GC M\u00fcnchen-West Odelzhausen e.V.\"}]},{\"@type\":\"WebSite\",\"@id\":\"https:\/\/fairway2hotel.at\/en\/#website\",\"url\":\"https:\/\/fairway2hotel.at\/en\/\",\"name\":\"Fairway 2 Hotel\",\"description\":\"Golf at half price! 2 play - 1 pays\",\"potentialAction\":[{\"@type\":\"SearchAction\",\"target\":{\"@type\":\"EntryPoint\",\"urlTemplate\":\"https:\/\/fairway2hotel.at\/en\/?s={search_term_string}\"},\"query-input\":{\"@type\":\"PropertyValueSpecification\",\"valueRequired\":true,\"valueName\":\"search_term_string\"}}],\"inLanguage\":\"en-US\"}]}<\/script>\n<!-- \/ Yoast SEO plugin. -->","yoast_head_json":{"title":"GC M\u00fcnchen-West Odelzhausen e.V. - Fairway 2 Hotel","robots":{"index":"index","follow":"follow","max-snippet":"max-snippet:-1","max-image-preview":"max-image-preview:large","max-video-preview":"max-video-preview:-1"},"canonical":"https:\/\/fairway2hotel.at\/en\/golfclubs\/deutschland\/golfclub-muenchen-west\/","og_locale":"en_US","og_type":"article","og_title":"GC M\u00fcnchen-West Odelzhausen e.V. - Fairway 2 Hotel","og_description":"Golfsport auf hohem Niveau, in idyllischer Umgebung und mit Tradition In den letzten drei\u00dfig Jahren entstand hier im M\u00fcnchner Westen ein Parklandkurs mit wunderbar eingewachsen Spielbahnen. Die meist flachen Fairways werden von alten, Schatten spendenden B\u00e4umen und Teichanlagen eingerahmt. In der hiesigen Golfszene wird der hervorragende Pflegezustand des Platzes schon lange sehr gesch\u00e4tzt. Der Club [&hellip;]","og_url":"https:\/\/fairway2hotel.at\/en\/golfclubs\/deutschland\/golfclub-muenchen-west\/","og_site_name":"Fairway 2 Hotel","article_modified_time":"2025-03-31T09:26:02+00:00","twitter_card":"summary_large_image","twitter_misc":{"Est. reading time":"2 minutes"},"schema":{"@context":"https:\/\/schema.org","@graph":[{"@type":"WebPage","@id":"https:\/\/fairway2hotel.at\/en\/golfclubs\/deutschland\/golfclub-muenchen-west\/","url":"https:\/\/fairway2hotel.at\/en\/golfclubs\/deutschland\/golfclub-muenchen-west\/","name":"GC M\u00fcnchen-West Odelzhausen e.V. - Fairway 2 Hotel","isPartOf":{"@id":"https:\/\/fairway2hotel.at\/en\/#website"},"datePublished":"2010-10-21T15:42:55+00:00","dateModified":"2025-03-31T09:26:02+00:00","breadcrumb":{"@id":"https:\/\/fairway2hotel.at\/en\/golfclubs\/deutschland\/golfclub-muenchen-west\/#breadcrumb"},"inLanguage":"en-US","potentialAction":[{"@type":"ReadAction","target":["https:\/\/fairway2hotel.at\/en\/golfclubs\/deutschland\/golfclub-muenchen-west\/"]}]},{"@type":"BreadcrumbList","@id":"https:\/\/fairway2hotel.at\/en\/golfclubs\/deutschland\/golfclub-muenchen-west\/#breadcrumb","itemListElement":[{"@type":"ListItem","position":1,"name":"Home","item":"https:\/\/fairway2hotel.at\/en\/"},{"@type":"ListItem","position":2,"name":"Golfclubs","item":"https:\/\/fairway2hotel.at\/en\/golfclubs\/"},{"@type":"ListItem","position":3,"name":"Golfclubs Deutschland","item":"https:\/\/fairway2hotel.at\/en\/golfclubs\/deutschland\/"},{"@type":"ListItem","position":4,"name":"GC M\u00fcnchen-West Odelzhausen e.V."}]},{"@type":"WebSite","@id":"https:\/\/fairway2hotel.at\/en\/#website","url":"https:\/\/fairway2hotel.at\/en\/","name":"Fairway 2 Hotel","description":"Golf at half price! 2 play - 1 pays","potentialAction":[{"@type":"SearchAction","target":{"@type":"EntryPoint","urlTemplate":"https:\/\/fairway2hotel.at\/en\/?s={search_term_string}"},"query-input":{"@type":"PropertyValueSpecification","valueRequired":true,"valueName":"search_term_string"}}],"inLanguage":"en-US"}]}},"_links":{"self":[{"href":"https:\/\/fairway2hotel.at\/en\/wp-json\/wp\/v2\/pages\/1365","targetHints":{"allow":["GET"]}}],"collection":[{"href":"https:\/\/fairway2hotel.at\/en\/wp-json\/wp\/v2\/pages"}],"about":[{"href":"https:\/\/fairway2hotel.at\/en\/wp-json\/wp\/v2\/types\/page"}],"author":[{"embeddable":true,"href":"https:\/\/fairway2hotel.at\/en\/wp-json\/wp\/v2\/users\/1"}],"replies":[{"embeddable":true,"href":"https:\/\/fairway2hotel.at\/en\/wp-json\/wp\/v2\/comments?post=1365"}],"version-history":[{"count":8,"href":"https:\/\/fairway2hotel.at\/en\/wp-json\/wp\/v2\/pages\/1365\/revisions"}],"predecessor-version":[{"id":47349,"href":"https:\/\/fairway2hotel.at\/en\/wp-json\/wp\/v2\/pages\/1365\/revisions\/47349"}],"up":[{"embeddable":true,"href":"https:\/\/fairway2hotel.at\/en\/wp-json\/wp\/v2\/pages\/1607"}],"acf:attachment":[{"embeddable":true,"href":"https:\/\/fairway2hotel.at\/en\/wp-json\/wp\/v2\/media\/47347"},{"embeddable":true,"href":"https:\/\/fairway2hotel.at\/en\/wp-json\/wp\/v2\/media\/47345"},{"embeddable":true,"href":"https:\/\/fairway2hotel.at\/en\/wp-json\/wp\/v2\/media\/47343"},{"embeddable":true,"href":"https:\/\/fairway2hotel.at\/en\/wp-json\/wp\/v2\/media\/47341"},{"embeddable":true,"href":"https:\/\/fairway2hotel.at\/en\/wp-json\/wp\/v2\/media\/3570"}],"wp:attachment":[{"href":"https:\/\/fairway2hotel.at\/en\/wp-json\/wp\/v2\/media?parent=1365"}],"curies":[{"name":"wp","href":"https:\/\/api.w.org\/{rel}","templated":true}]}}