{"id":1380,"date":"2014-10-23T14:02:22","date_gmt":"2014-10-23T12:02:22","guid":{"rendered":"https:\/\/f2h.app\/hotel-maximilian\/"},"modified":"2026-02-05T17:14:16","modified_gmt":"2026-02-05T16:14:16","slug":"hotel-maximilian","status":"publish","type":"page","link":"https:\/\/fairway2hotel.at\/en\/hotels\/deutschland\/hotel-maximilian\/","title":{"rendered":"MAXIMILIAN &#8211; Quellness- und Golfhotel Bad Griesbach"},"content":{"rendered":"<h2>Quellness und Golf &#8211; eine unschlagbare Kombination!<\/h2>\n<p>Stilvolle Eleganz, gro\u00dfz\u00fcgige Architektur sowie Komfort und Service auf hohem Niveau kennzeichnen dieses Hotel, das seine G\u00e4ste nach allen Regeln der Kunst verw\u00f6hnt. Richtig in Schwung bringen Sie f\u00fcnf herrlich unterschiedliche 18-Loch-Meisterschaftspl\u00e4tze im Golf Resort Bad Griesbach. Greenfee-Erm\u00e4\u00dfigung und reservierte Startzeiten sind nur einige der Annehmlichkeiten f\u00fcr die golfenden G\u00e4ste. Das wohltuende Thermal-Heilwasser erwartet Sie in der hauseigenen MAX-Therme mit Innen- und Au\u00dfenbecken, t\u00fcrkischem Aromadampfbad und Saunalandschaft. Abgerundet wird das Hotelangebot von einer erstklassigen Kulinarik.<\/p>\n<h2>Quellness and golf &#8211; an unbeatable combination!<\/h2>\n<p>Stylish elegance, spacious architecture and a high level of comfort and service characterise this hotel, which pampers its guests according to every trick in the book. Five wonderfully varied 18-hole championship courses at the Golf Resort Bad Griesbach will really get you going. Green fee discounts and reserved tee times are just some of the amenities for golfing guests. The soothing thermal healing water awaits you in the hotel&#8217;s own MAX-Therme spa with indoor and outdoor pools, Turkish aroma steam bath and sauna area. The hotel offer is rounded off by first-class cuisine.<\/p>\n","protected":false},"excerpt":{"rendered":"<p>Quellness und Golf &#8211; eine unschlagbare Kombination! Stilvolle Eleganz, gro\u00dfz\u00fcgige Architektur sowie Komfort und Service auf hohem Niveau kennzeichnen dieses Hotel, das seine G\u00e4ste nach allen Regeln der Kunst verw\u00f6hnt. Richtig in Schwung bringen Sie f\u00fcnf herrlich unterschiedliche 18-Loch-Meisterschaftspl\u00e4tze im Golf Resort Bad Griesbach. Greenfee-Erm\u00e4\u00dfigung und reservierte Startzeiten sind nur einige der Annehmlichkeiten f\u00fcr die [&hellip;]<\/p>\n","protected":false},"author":1,"featured_media":0,"parent":2208,"menu_order":0,"comment_status":"closed","ping_status":"closed","template":"page-partner.php","meta":{"_acf_changed":false,"footnotes":""},"class_list":["post-1380","page","type-page","status-publish","hentry"],"acf":{"partner_infobox":"<strong>Adresse:\u00a0<\/strong>Kurallee 1, D-94086 Bad Griesbach\r\n\r\n<strong>Tel:\u00a0<\/strong>+49 (0) 8532 795-0\r\n\r\n<strong>Fax:\u00a0<\/strong>+49 (0) 8532 795-151\r\n\r\n<strong>Web: <\/strong><a href=\"https:\/\/www.resorts-badgriesbach.com\" target=\"_blank\" rel=\"nofollow noopener noreferrer\">www.resorts-badgriesbach.com<\/a>\r\n\r\n<strong>E-Mail:<\/strong> <a href=\"mailto:reservierung@resorts-badgriesbach.com\">reservierung@resorts-badgriesbach.com <\/a>\r\n\r\n<em><strong>Bedingungen:\r\n<\/strong>GS einlo\u0308sbar von MO bis DO bis zu 2 Na\u0308chten, Aufzahlung auf HP 42,\u2013 Euro\/pP und Nacht<\/em>\r\n\r\n<strong>Golfclubs in der N\u00e4he:\r\n<\/strong>Golfplatz Lederbach (mit fairway2hotel Gutschein)\r\nSt. Wolfgang Golfplatz Uttlau\r\nPorsche Golf Course\r\nAllianz Nickolmann Golfplatz Brunnwies und Beckenbauer Golf Course - alle Pl\u00e4tze im Umkreis von 4 Kilometer.\r\n\r\n<strong>Anfahrt: <\/strong>GPS 48.430718, 13.184941","partner_logo":47734,"partner_gallery":[1376,1377,1378],"partner_lat":48.429679,"partner_long":13.184817,"partner_type":"hotel","partner_openings":["1","2","3","4"],"montag_von_bis":"00:00 - 24:00","dienstag_von_bis":"00:00 - 24:00","mittwoch_von_bis":"00:00 - 24:00","donnerstag_von_bis":"00:00 - 24:00","freitag_von_bis":"00:00 - 24:00","samstag_von_bis":"00:00 - 24:00","sonntag_von_bis":"00:00 - 24:00","partner_adresse":"Kurallee 1, D-94086 Bad Griesbach","partner_land_bundesland":"","partner_tel_1":"+49-8532-960340 ","partner_tel_2":"","partner_web":"https:\/\/maximilian-badgriesbach.com\/","partner_mail":"bankett@resorts-badgriesbach.com","partner_spielbahnen_par":"","partner_laenge":"","partner_bedingungen":"GS einlo\u0308sbar von MO bis DO bis zu 2 Na\u0308chten, Aufzahlung auf HP 39,\u2013 Euro\/pP und Nacht, Buchung nur m\u00f6glich mit mail an: sales-golf@quellness-golf.com oder Tel: +49-8532-960340 \r\nvoucher redeemable from MO to DO up to 2 nights, surcharge on halfboard 39,- Euro\/pP and night, Booking only possible by mail to: sales-golf@quellness-golf.com or phone: +49-8532-960340 ","partner_anfahrt":"","partner_misc":null,"additional_css_classes":""},"yoast_head":"<!-- This site is optimized with the Yoast SEO plugin v26.8 - https:\/\/yoast.com\/product\/yoast-seo-wordpress\/ -->\n<title>MAXIMILIAN - Quellness- und Golfhotel Bad Griesbach - Fairway 2 Hotel<\/title>\n<meta name=\"robots\" content=\"index, follow, max-snippet:-1, max-image-preview:large, max-video-preview:-1\" \/>\n<link rel=\"canonical\" href=\"https:\/\/fairway2hotel.at\/en\/hotels\/deutschland\/hotel-maximilian\/\" \/>\n<meta property=\"og:locale\" content=\"en_US\" \/>\n<meta property=\"og:type\" content=\"article\" \/>\n<meta property=\"og:title\" content=\"MAXIMILIAN - Quellness- und Golfhotel Bad Griesbach - Fairway 2 Hotel\" \/>\n<meta property=\"og:description\" content=\"Quellness und Golf &#8211; eine unschlagbare Kombination! Stilvolle Eleganz, gro\u00dfz\u00fcgige Architektur sowie Komfort und Service auf hohem Niveau kennzeichnen dieses Hotel, das seine G\u00e4ste nach allen Regeln der Kunst verw\u00f6hnt. Richtig in Schwung bringen Sie f\u00fcnf herrlich unterschiedliche 18-Loch-Meisterschaftspl\u00e4tze im Golf Resort Bad Griesbach. Greenfee-Erm\u00e4\u00dfigung und reservierte Startzeiten sind nur einige der Annehmlichkeiten f\u00fcr die [&hellip;]\" \/>\n<meta property=\"og:url\" content=\"https:\/\/fairway2hotel.at\/en\/hotels\/deutschland\/hotel-maximilian\/\" \/>\n<meta property=\"og:site_name\" content=\"Fairway 2 Hotel\" \/>\n<meta property=\"article:modified_time\" content=\"2026-02-05T16:14:16+00:00\" \/>\n<meta name=\"twitter:card\" content=\"summary_large_image\" \/>\n<meta name=\"twitter:label1\" content=\"Est. reading time\" \/>\n\t<meta name=\"twitter:data1\" content=\"2 minutes\" \/>\n<script type=\"application\/ld+json\" class=\"yoast-schema-graph\">{\"@context\":\"https:\/\/schema.org\",\"@graph\":[{\"@type\":\"WebPage\",\"@id\":\"https:\/\/fairway2hotel.at\/en\/hotels\/deutschland\/hotel-maximilian\/\",\"url\":\"https:\/\/fairway2hotel.at\/en\/hotels\/deutschland\/hotel-maximilian\/\",\"name\":\"MAXIMILIAN - Quellness- und Golfhotel Bad Griesbach - Fairway 2 Hotel\",\"isPartOf\":{\"@id\":\"https:\/\/fairway2hotel.at\/en\/#website\"},\"datePublished\":\"2014-10-23T12:02:22+00:00\",\"dateModified\":\"2026-02-05T16:14:16+00:00\",\"breadcrumb\":{\"@id\":\"https:\/\/fairway2hotel.at\/en\/hotels\/deutschland\/hotel-maximilian\/#breadcrumb\"},\"inLanguage\":\"en-US\",\"potentialAction\":[{\"@type\":\"ReadAction\",\"target\":[\"https:\/\/fairway2hotel.at\/en\/hotels\/deutschland\/hotel-maximilian\/\"]}]},{\"@type\":\"BreadcrumbList\",\"@id\":\"https:\/\/fairway2hotel.at\/en\/hotels\/deutschland\/hotel-maximilian\/#breadcrumb\",\"itemListElement\":[{\"@type\":\"ListItem\",\"position\":1,\"name\":\"Home\",\"item\":\"https:\/\/fairway2hotel.at\/en\/\"},{\"@type\":\"ListItem\",\"position\":2,\"name\":\"Hotels\",\"item\":\"https:\/\/fairway2hotel.at\/en\/hotels\/\"},{\"@type\":\"ListItem\",\"position\":3,\"name\":\"Hotels Deutschland\",\"item\":\"https:\/\/fairway2hotel.at\/en\/hotels\/deutschland\/\"},{\"@type\":\"ListItem\",\"position\":4,\"name\":\"MAXIMILIAN &#8211; Quellness- und Golfhotel Bad Griesbach\"}]},{\"@type\":\"WebSite\",\"@id\":\"https:\/\/fairway2hotel.at\/en\/#website\",\"url\":\"https:\/\/fairway2hotel.at\/en\/\",\"name\":\"Fairway 2 Hotel\",\"description\":\"Golf at half price! 2 play - 1 pays\",\"potentialAction\":[{\"@type\":\"SearchAction\",\"target\":{\"@type\":\"EntryPoint\",\"urlTemplate\":\"https:\/\/fairway2hotel.at\/en\/?s={search_term_string}\"},\"query-input\":{\"@type\":\"PropertyValueSpecification\",\"valueRequired\":true,\"valueName\":\"search_term_string\"}}],\"inLanguage\":\"en-US\"}]}<\/script>\n<!-- \/ Yoast SEO plugin. -->","yoast_head_json":{"title":"MAXIMILIAN - Quellness- und Golfhotel Bad Griesbach - Fairway 2 Hotel","robots":{"index":"index","follow":"follow","max-snippet":"max-snippet:-1","max-image-preview":"max-image-preview:large","max-video-preview":"max-video-preview:-1"},"canonical":"https:\/\/fairway2hotel.at\/en\/hotels\/deutschland\/hotel-maximilian\/","og_locale":"en_US","og_type":"article","og_title":"MAXIMILIAN - Quellness- und Golfhotel Bad Griesbach - Fairway 2 Hotel","og_description":"Quellness und Golf &#8211; eine unschlagbare Kombination! Stilvolle Eleganz, gro\u00dfz\u00fcgige Architektur sowie Komfort und Service auf hohem Niveau kennzeichnen dieses Hotel, das seine G\u00e4ste nach allen Regeln der Kunst verw\u00f6hnt. Richtig in Schwung bringen Sie f\u00fcnf herrlich unterschiedliche 18-Loch-Meisterschaftspl\u00e4tze im Golf Resort Bad Griesbach. Greenfee-Erm\u00e4\u00dfigung und reservierte Startzeiten sind nur einige der Annehmlichkeiten f\u00fcr die [&hellip;]","og_url":"https:\/\/fairway2hotel.at\/en\/hotels\/deutschland\/hotel-maximilian\/","og_site_name":"Fairway 2 Hotel","article_modified_time":"2026-02-05T16:14:16+00:00","twitter_card":"summary_large_image","twitter_misc":{"Est. reading time":"2 minutes"},"schema":{"@context":"https:\/\/schema.org","@graph":[{"@type":"WebPage","@id":"https:\/\/fairway2hotel.at\/en\/hotels\/deutschland\/hotel-maximilian\/","url":"https:\/\/fairway2hotel.at\/en\/hotels\/deutschland\/hotel-maximilian\/","name":"MAXIMILIAN - Quellness- und Golfhotel Bad Griesbach - Fairway 2 Hotel","isPartOf":{"@id":"https:\/\/fairway2hotel.at\/en\/#website"},"datePublished":"2014-10-23T12:02:22+00:00","dateModified":"2026-02-05T16:14:16+00:00","breadcrumb":{"@id":"https:\/\/fairway2hotel.at\/en\/hotels\/deutschland\/hotel-maximilian\/#breadcrumb"},"inLanguage":"en-US","potentialAction":[{"@type":"ReadAction","target":["https:\/\/fairway2hotel.at\/en\/hotels\/deutschland\/hotel-maximilian\/"]}]},{"@type":"BreadcrumbList","@id":"https:\/\/fairway2hotel.at\/en\/hotels\/deutschland\/hotel-maximilian\/#breadcrumb","itemListElement":[{"@type":"ListItem","position":1,"name":"Home","item":"https:\/\/fairway2hotel.at\/en\/"},{"@type":"ListItem","position":2,"name":"Hotels","item":"https:\/\/fairway2hotel.at\/en\/hotels\/"},{"@type":"ListItem","position":3,"name":"Hotels Deutschland","item":"https:\/\/fairway2hotel.at\/en\/hotels\/deutschland\/"},{"@type":"ListItem","position":4,"name":"MAXIMILIAN &#8211; Quellness- und Golfhotel Bad Griesbach"}]},{"@type":"WebSite","@id":"https:\/\/fairway2hotel.at\/en\/#website","url":"https:\/\/fairway2hotel.at\/en\/","name":"Fairway 2 Hotel","description":"Golf at half price! 2 play - 1 pays","potentialAction":[{"@type":"SearchAction","target":{"@type":"EntryPoint","urlTemplate":"https:\/\/fairway2hotel.at\/en\/?s={search_term_string}"},"query-input":{"@type":"PropertyValueSpecification","valueRequired":true,"valueName":"search_term_string"}}],"inLanguage":"en-US"}]}},"_links":{"self":[{"href":"https:\/\/fairway2hotel.at\/en\/wp-json\/wp\/v2\/pages\/1380","targetHints":{"allow":["GET"]}}],"collection":[{"href":"https:\/\/fairway2hotel.at\/en\/wp-json\/wp\/v2\/pages"}],"about":[{"href":"https:\/\/fairway2hotel.at\/en\/wp-json\/wp\/v2\/types\/page"}],"author":[{"embeddable":true,"href":"https:\/\/fairway2hotel.at\/en\/wp-json\/wp\/v2\/users\/1"}],"replies":[{"embeddable":true,"href":"https:\/\/fairway2hotel.at\/en\/wp-json\/wp\/v2\/comments?post=1380"}],"version-history":[{"count":17,"href":"https:\/\/fairway2hotel.at\/en\/wp-json\/wp\/v2\/pages\/1380\/revisions"}],"predecessor-version":[{"id":52550,"href":"https:\/\/fairway2hotel.at\/en\/wp-json\/wp\/v2\/pages\/1380\/revisions\/52550"}],"up":[{"embeddable":true,"href":"https:\/\/fairway2hotel.at\/en\/wp-json\/wp\/v2\/pages\/2208"}],"acf:attachment":[{"embeddable":true,"href":"https:\/\/fairway2hotel.at\/en\/wp-json\/wp\/v2\/media\/1378"},{"embeddable":true,"href":"https:\/\/fairway2hotel.at\/en\/wp-json\/wp\/v2\/media\/1377"},{"embeddable":true,"href":"https:\/\/fairway2hotel.at\/en\/wp-json\/wp\/v2\/media\/1376"}],"wp:attachment":[{"href":"https:\/\/fairway2hotel.at\/en\/wp-json\/wp\/v2\/media?parent=1380"}],"curies":[{"name":"wp","href":"https:\/\/api.w.org\/{rel}","templated":true}]}}