{"id":1391,"date":"2012-10-24T06:24:51","date_gmt":"2012-10-24T04:24:51","guid":{"rendered":"https:\/\/f2h.app\/gc-cadella-nave\/"},"modified":"2026-01-06T17:20:15","modified_gmt":"2026-01-06T16:20:15","slug":"gc-cadella-nave","status":"publish","type":"page","link":"https:\/\/fairway2hotel.at\/en\/golfclubs\/italien\/gc-cadella-nave\/","title":{"rendered":"GC Ca\u00b4della Nave"},"content":{"rendered":"<h2>Florida-Golf in Italien<\/h2>\n<p>Der Golfclub Ca\u00b4delle Nave, einer der besten und bekanntesten in Norditalien, liegt nur wenige Kilometer von Venedig entfernt. Aus der Feder von Arnold Palmer geschaffen, liegt hier ein Juwel mit riesigen Bunkern, strategischen Wasserhindernissen und allem anderen, das f\u00fcr diesen Architekten charakteristisch ist. Auf \u00fcber 6300 Metern finden sowohl Anf\u00e4nger als auch Pros einen herausfordernden Parcours vor.\u00a0Ein gro\u00dfartiges Restaurant mit Schwimmb\u00e4dern, um einen perfekten Golftag in\u00a0diesem Club zu beenden.<\/p>\n<h2>Florida golf in Italy<\/h2>\n<p>Ca&#8217;delle Nave Golf Club, one of the best and most famous in northern Italy, is located just a few kilometres from Venice. Designed by Arnold Palmer, it is a jewel with huge bunkers, strategic water hazards and everything else that characterises this architect. At over 6300 metres, beginners and pros alike will find a challenging course. A great restaurant with swimming pools to end a perfect day of golf at this club.<\/p>\n<p>&nbsp;<\/p>\n","protected":false},"excerpt":{"rendered":"<p>Florida-Golf in Italien Der Golfclub Ca\u00b4delle Nave, einer der besten und bekanntesten in Norditalien, liegt nur wenige Kilometer von Venedig entfernt. Aus der Feder von Arnold Palmer geschaffen, liegt hier ein Juwel mit riesigen Bunkern, strategischen Wasserhindernissen und allem anderen, das f\u00fcr diesen Architekten charakteristisch ist. Auf \u00fcber 6300 Metern finden sowohl Anf\u00e4nger als auch [&hellip;]<\/p>\n","protected":false},"author":1,"featured_media":0,"parent":1657,"menu_order":35,"comment_status":"closed","ping_status":"closed","template":"page-partner.php","meta":{"_acf_changed":false,"footnotes":""},"class_list":["post-1391","page","type-page","status-publish","hentry"],"acf":{"partner_infobox":"<strong>Adresse:\u00a0<\/strong>Piazza della Vittoria 14, I - 30030 Martellago\r\n\r\n<strong>Tel:\u00a0<\/strong>+39 041 540 1555\r\n\r\n<strong>Web: <\/strong><a href=\"http:\/\/www.cadellanave.com\/\" target=\"_blank\" rel=\"nofollow noopener noreferrer\">www.cadellanave.com<\/a>\r\n\r\n<strong>E-Mail:<\/strong> <a href=\"mailto:segreteria@cadellanave.com\">segreteria@cadellanave.com<\/a>\r\n\r\n<strong>Spielbahnen\/Par: <\/strong>18\/72\r\n\r\n<strong>La\u0308nge: <\/strong>gelb: 6.060 m, rot: 5.307 m\r\n\r\n<em><strong>Bedingungen:\r\n<\/strong>Gutscheine einlo\u0308sbar MO\u2013FR (ausgenommen Feiertage).<\/em>\r\n\r\n<strong>Anfahrt:\r\n<\/strong>12 km no\u0308rdlich von Venedig.","partner_logo":1390,"partner_gallery":[1387,1388,1389],"partner_lat":45.547617,"partner_long":12.15294,"partner_type":"golfclub","partner_openings":["1","2","3","4","5"],"montag_von_bis":"00:00 - 24:00","dienstag_von_bis":"00:00 - 24:00","mittwoch_von_bis":"00:00 - 24:00","donnerstag_von_bis":"00:00 - 24:00","freitag_von_bis":"00:00 - 24:00","samstag_von_bis":"00:00 - 24:00","sonntag_von_bis":"00:00 - 24:00","partner_adresse":"Piazza della Vittoria 14, 30030 Martellago","partner_land_bundesland":"Italien","partner_tel_1":"0039 041 8228500","partner_tel_2":"","partner_web":"http:\/\/www.cadellanave.com","partner_mail":"segreteria@cadellanave.com","partner_spielbahnen_par":"18\/72","partner_laenge":"gelb: 6.060 m, rot: 5.307 m","partner_bedingungen":"Gutscheine einlo\u0308sbar MO\u2013FR (ausgenommen Feiertage).\r\nvouchers valid Mon-Fri (except public holidays).","partner_anfahrt":"12 km no\u0308rdlich von Venedig.","partner_misc":null,"additional_css_classes":""},"yoast_head":"<!-- This site is optimized with the Yoast SEO plugin v26.8 - https:\/\/yoast.com\/product\/yoast-seo-wordpress\/ -->\n<title>GC Ca\u00b4della Nave - Fairway 2 Hotel<\/title>\n<meta name=\"robots\" content=\"index, follow, max-snippet:-1, max-image-preview:large, max-video-preview:-1\" \/>\n<link rel=\"canonical\" href=\"https:\/\/fairway2hotel.at\/en\/golfclubs\/italien\/gc-cadella-nave\/\" \/>\n<meta property=\"og:locale\" content=\"en_US\" \/>\n<meta property=\"og:type\" content=\"article\" \/>\n<meta property=\"og:title\" content=\"GC Ca\u00b4della Nave - Fairway 2 Hotel\" \/>\n<meta property=\"og:description\" content=\"Florida-Golf in Italien Der Golfclub Ca\u00b4delle Nave, einer der besten und bekanntesten in Norditalien, liegt nur wenige Kilometer von Venedig entfernt. Aus der Feder von Arnold Palmer geschaffen, liegt hier ein Juwel mit riesigen Bunkern, strategischen Wasserhindernissen und allem anderen, das f\u00fcr diesen Architekten charakteristisch ist. Auf \u00fcber 6300 Metern finden sowohl Anf\u00e4nger als auch [&hellip;]\" \/>\n<meta property=\"og:url\" content=\"https:\/\/fairway2hotel.at\/en\/golfclubs\/italien\/gc-cadella-nave\/\" \/>\n<meta property=\"og:site_name\" content=\"Fairway 2 Hotel\" \/>\n<meta property=\"article:modified_time\" content=\"2026-01-06T16:20:15+00:00\" \/>\n<meta name=\"twitter:card\" content=\"summary_large_image\" \/>\n<meta name=\"twitter:label1\" content=\"Est. reading time\" \/>\n\t<meta name=\"twitter:data1\" content=\"1 minute\" \/>\n<script type=\"application\/ld+json\" class=\"yoast-schema-graph\">{\"@context\":\"https:\/\/schema.org\",\"@graph\":[{\"@type\":\"WebPage\",\"@id\":\"https:\/\/fairway2hotel.at\/en\/golfclubs\/italien\/gc-cadella-nave\/\",\"url\":\"https:\/\/fairway2hotel.at\/en\/golfclubs\/italien\/gc-cadella-nave\/\",\"name\":\"GC Ca\u00b4della Nave - Fairway 2 Hotel\",\"isPartOf\":{\"@id\":\"https:\/\/fairway2hotel.at\/en\/#website\"},\"datePublished\":\"2012-10-24T04:24:51+00:00\",\"dateModified\":\"2026-01-06T16:20:15+00:00\",\"breadcrumb\":{\"@id\":\"https:\/\/fairway2hotel.at\/en\/golfclubs\/italien\/gc-cadella-nave\/#breadcrumb\"},\"inLanguage\":\"en-US\",\"potentialAction\":[{\"@type\":\"ReadAction\",\"target\":[\"https:\/\/fairway2hotel.at\/en\/golfclubs\/italien\/gc-cadella-nave\/\"]}]},{\"@type\":\"BreadcrumbList\",\"@id\":\"https:\/\/fairway2hotel.at\/en\/golfclubs\/italien\/gc-cadella-nave\/#breadcrumb\",\"itemListElement\":[{\"@type\":\"ListItem\",\"position\":1,\"name\":\"Home\",\"item\":\"https:\/\/fairway2hotel.at\/en\/\"},{\"@type\":\"ListItem\",\"position\":2,\"name\":\"Golfclubs\",\"item\":\"https:\/\/fairway2hotel.at\/en\/golfclubs\/\"},{\"@type\":\"ListItem\",\"position\":3,\"name\":\"Golfclubs Italien\",\"item\":\"https:\/\/fairway2hotel.at\/en\/golfclubs\/italien\/\"},{\"@type\":\"ListItem\",\"position\":4,\"name\":\"GC Ca\u00b4della Nave\"}]},{\"@type\":\"WebSite\",\"@id\":\"https:\/\/fairway2hotel.at\/en\/#website\",\"url\":\"https:\/\/fairway2hotel.at\/en\/\",\"name\":\"Fairway 2 Hotel\",\"description\":\"Golf at half price! 2 play - 1 pays\",\"potentialAction\":[{\"@type\":\"SearchAction\",\"target\":{\"@type\":\"EntryPoint\",\"urlTemplate\":\"https:\/\/fairway2hotel.at\/en\/?s={search_term_string}\"},\"query-input\":{\"@type\":\"PropertyValueSpecification\",\"valueRequired\":true,\"valueName\":\"search_term_string\"}}],\"inLanguage\":\"en-US\"}]}<\/script>\n<!-- \/ Yoast SEO plugin. -->","yoast_head_json":{"title":"GC Ca\u00b4della Nave - Fairway 2 Hotel","robots":{"index":"index","follow":"follow","max-snippet":"max-snippet:-1","max-image-preview":"max-image-preview:large","max-video-preview":"max-video-preview:-1"},"canonical":"https:\/\/fairway2hotel.at\/en\/golfclubs\/italien\/gc-cadella-nave\/","og_locale":"en_US","og_type":"article","og_title":"GC Ca\u00b4della Nave - Fairway 2 Hotel","og_description":"Florida-Golf in Italien Der Golfclub Ca\u00b4delle Nave, einer der besten und bekanntesten in Norditalien, liegt nur wenige Kilometer von Venedig entfernt. Aus der Feder von Arnold Palmer geschaffen, liegt hier ein Juwel mit riesigen Bunkern, strategischen Wasserhindernissen und allem anderen, das f\u00fcr diesen Architekten charakteristisch ist. Auf \u00fcber 6300 Metern finden sowohl Anf\u00e4nger als auch [&hellip;]","og_url":"https:\/\/fairway2hotel.at\/en\/golfclubs\/italien\/gc-cadella-nave\/","og_site_name":"Fairway 2 Hotel","article_modified_time":"2026-01-06T16:20:15+00:00","twitter_card":"summary_large_image","twitter_misc":{"Est. reading time":"1 minute"},"schema":{"@context":"https:\/\/schema.org","@graph":[{"@type":"WebPage","@id":"https:\/\/fairway2hotel.at\/en\/golfclubs\/italien\/gc-cadella-nave\/","url":"https:\/\/fairway2hotel.at\/en\/golfclubs\/italien\/gc-cadella-nave\/","name":"GC Ca\u00b4della Nave - Fairway 2 Hotel","isPartOf":{"@id":"https:\/\/fairway2hotel.at\/en\/#website"},"datePublished":"2012-10-24T04:24:51+00:00","dateModified":"2026-01-06T16:20:15+00:00","breadcrumb":{"@id":"https:\/\/fairway2hotel.at\/en\/golfclubs\/italien\/gc-cadella-nave\/#breadcrumb"},"inLanguage":"en-US","potentialAction":[{"@type":"ReadAction","target":["https:\/\/fairway2hotel.at\/en\/golfclubs\/italien\/gc-cadella-nave\/"]}]},{"@type":"BreadcrumbList","@id":"https:\/\/fairway2hotel.at\/en\/golfclubs\/italien\/gc-cadella-nave\/#breadcrumb","itemListElement":[{"@type":"ListItem","position":1,"name":"Home","item":"https:\/\/fairway2hotel.at\/en\/"},{"@type":"ListItem","position":2,"name":"Golfclubs","item":"https:\/\/fairway2hotel.at\/en\/golfclubs\/"},{"@type":"ListItem","position":3,"name":"Golfclubs Italien","item":"https:\/\/fairway2hotel.at\/en\/golfclubs\/italien\/"},{"@type":"ListItem","position":4,"name":"GC Ca\u00b4della Nave"}]},{"@type":"WebSite","@id":"https:\/\/fairway2hotel.at\/en\/#website","url":"https:\/\/fairway2hotel.at\/en\/","name":"Fairway 2 Hotel","description":"Golf at half price! 2 play - 1 pays","potentialAction":[{"@type":"SearchAction","target":{"@type":"EntryPoint","urlTemplate":"https:\/\/fairway2hotel.at\/en\/?s={search_term_string}"},"query-input":{"@type":"PropertyValueSpecification","valueRequired":true,"valueName":"search_term_string"}}],"inLanguage":"en-US"}]}},"_links":{"self":[{"href":"https:\/\/fairway2hotel.at\/en\/wp-json\/wp\/v2\/pages\/1391","targetHints":{"allow":["GET"]}}],"collection":[{"href":"https:\/\/fairway2hotel.at\/en\/wp-json\/wp\/v2\/pages"}],"about":[{"href":"https:\/\/fairway2hotel.at\/en\/wp-json\/wp\/v2\/types\/page"}],"author":[{"embeddable":true,"href":"https:\/\/fairway2hotel.at\/en\/wp-json\/wp\/v2\/users\/1"}],"replies":[{"embeddable":true,"href":"https:\/\/fairway2hotel.at\/en\/wp-json\/wp\/v2\/comments?post=1391"}],"version-history":[{"count":9,"href":"https:\/\/fairway2hotel.at\/en\/wp-json\/wp\/v2\/pages\/1391\/revisions"}],"predecessor-version":[{"id":52288,"href":"https:\/\/fairway2hotel.at\/en\/wp-json\/wp\/v2\/pages\/1391\/revisions\/52288"}],"up":[{"embeddable":true,"href":"https:\/\/fairway2hotel.at\/en\/wp-json\/wp\/v2\/pages\/1657"}],"acf:attachment":[{"embeddable":true,"href":"https:\/\/fairway2hotel.at\/en\/wp-json\/wp\/v2\/media\/1389"},{"embeddable":true,"href":"https:\/\/fairway2hotel.at\/en\/wp-json\/wp\/v2\/media\/1388"},{"embeddable":true,"href":"https:\/\/fairway2hotel.at\/en\/wp-json\/wp\/v2\/media\/1387"}],"wp:attachment":[{"href":"https:\/\/fairway2hotel.at\/en\/wp-json\/wp\/v2\/media?parent=1391"}],"curies":[{"name":"wp","href":"https:\/\/api.w.org\/{rel}","templated":true}]}}