{"id":1396,"date":"2012-10-24T06:25:35","date_gmt":"2012-10-24T04:25:35","guid":{"rendered":"https:\/\/f2h.app\/gcc-castello-di-spessa\/"},"modified":"2025-03-13T13:59:33","modified_gmt":"2025-03-13T12:59:33","slug":"gcc-castello-di-spessa","status":"publish","type":"page","link":"https:\/\/fairway2hotel.at\/en\/golfclubs\/italien\/gcc-castello-di-spessa\/","title":{"rendered":"GC Castello di Spessa"},"content":{"rendered":"<h2>Golfen in den Weing\u00e4rten des Collio<\/h2>\n<p>In diesem Fleckchen Erde des G\u00f6rzer Colliogebietes, inmitten von f\u00fcr diese Gegend typischen Weing\u00e4rten und Olivenb\u00e4umen, erstreckt sich der 18.- Loch Golfplatz. Das Schloss Castello di Spessa und sein Park stellen daf\u00fcr den wunderbaren Rahmen. Der Championship-Course, zeichnet sich durch eine Vielfalt herrlicher Panoramen aus. Die unterschiedlichen Modellierung der Fairways gibt dem Spieler das Gef\u00fchl auf drei verschiedenen Golfpl\u00e4tzen zuspielen, denn keine Bahn gleicht der anderen. Durch die g\u00fcnstige Lage, eingebettet in die H\u00fcgel des G\u00f6rzer Collio, nur wenige Kilometer vom Meer entfernt, ist das Klima mild und die Temperaturschwankungen erlauben es auch im Winter Golf zu spielen. Einzigartig mit ihrer Lage ist auch die Driving Range, mit 20 Abschl\u00e4gen mit direktem Blick auf das Schloss.<\/p>\n<h2>Golfing in the Collio vineyards<\/h2>\n<p>The 18-hole golf course is located in this corner of the Collio area of Gorizia, surrounded by vineyards and olive trees typical of this region. The Castello di Spessa castle and its park provide a marvellous setting. The championship course is characterised by a variety of magnificent panoramas. The different modelling of the fairways gives the player the feeling of playing on three different golf courses, as no two holes are the same. Thanks to its favourable location, nestled in the hills of the Gorizia Collio, just a few kilometres from the sea, the climate is mild and the temperature fluctuations make it possible to play golf even in winter. The driving range is also unique in its location, with 20 tees with a direct view of the castle.<\/p>\n","protected":false},"excerpt":{"rendered":"<p>Golfen in den Weing\u00e4rten des Collio In diesem Fleckchen Erde des G\u00f6rzer Colliogebietes, inmitten von f\u00fcr diese Gegend typischen Weing\u00e4rten und Olivenb\u00e4umen, erstreckt sich der 18.- Loch Golfplatz. Das Schloss Castello di Spessa und sein Park stellen daf\u00fcr den wunderbaren Rahmen. Der Championship-Course, zeichnet sich durch eine Vielfalt herrlicher Panoramen aus. Die unterschiedlichen Modellierung der [&hellip;]<\/p>\n","protected":false},"author":1,"featured_media":0,"parent":1657,"menu_order":50,"comment_status":"closed","ping_status":"closed","template":"page-partner.php","meta":{"_acf_changed":false,"footnotes":""},"class_list":["post-1396","page","type-page","status-publish","hentry"],"acf":{"partner_infobox":"<strong>Adresse:\u00a0<\/strong>Via Spessa 14, I - 34070 Capriva del Friuli\r\n\r\n<strong>Tel:\u00a0<\/strong>+ 39\/ (0)481 88 10 09\r\n\r\n<strong>Web: <\/strong><a href=\"http:\/\/www.castellodispessa.it\">www.castellodispessa.it<\/a>\r\n\r\n<strong>E-Mail:<\/strong> <a href=\"mailto:info@golfcastellodispessa.it\">info@golfcastellodispessa.it<\/a>\r\n\r\n<strong>Spielbahnen\/Par: <\/strong>18\/71\r\n\r\n<strong>La\u0308nge: <\/strong>gelb: 5.460 m \/ rot: 5.015 m\r\n\r\n<em><strong>Bedingungen:\r\n<\/strong>MO\u2013FR, ausgenommen Feiertage.<\/em>\r\n\r\n<strong>Anfahrt:\r\n<\/strong>ca. 31 km su\u0308do\u0308stlich von Udine.","partner_logo":1395,"partner_gallery":[4023,4035,1392,4024,4025,4026,4027,4028,4029,4036],"partner_lat":45.946498,"partner_long":13.498218,"partner_type":"golfclub","partner_openings":["1","2","3","4","5"],"montag_von_bis":"00:00 - 24:00","dienstag_von_bis":"00:00 - 24:00","mittwoch_von_bis":"00:00 - 24:00","donnerstag_von_bis":"00:00 - 24:00","freitag_von_bis":"00:00 - 24:00","samstag_von_bis":"00:00 - 24:00","sonntag_von_bis":"00:00 - 24:00","partner_adresse":"Via Spessa 14, 34070 Capriva del Friuli","partner_land_bundesland":"Italien","partner_tel_1":"","partner_tel_2":"0039 481 88 10 09","partner_web":"http:\/\/www.castellodispessa.it","partner_mail":"info@golfcastellodispessa.it","partner_spielbahnen_par":"18\/71","partner_laenge":"gelb: 5.460 m \/ rot: 5.015 m","partner_bedingungen":"GS einl\u00f6sbar von MO-FR\r\nvouchers valid Mon-Fri","partner_anfahrt":"ca. 31 km su\u0308do\u0308stlich von Udine.","partner_misc":null,"additional_css_classes":""},"yoast_head":"<!-- This site is optimized with the Yoast SEO plugin v26.8 - https:\/\/yoast.com\/product\/yoast-seo-wordpress\/ -->\n<title>GC Castello di Spessa - Fairway 2 Hotel<\/title>\n<meta name=\"robots\" content=\"index, follow, max-snippet:-1, max-image-preview:large, max-video-preview:-1\" \/>\n<link rel=\"canonical\" href=\"https:\/\/fairway2hotel.at\/en\/golfclubs\/italien\/gcc-castello-di-spessa\/\" \/>\n<meta property=\"og:locale\" content=\"en_US\" \/>\n<meta property=\"og:type\" content=\"article\" \/>\n<meta property=\"og:title\" content=\"GC Castello di Spessa - Fairway 2 Hotel\" \/>\n<meta property=\"og:description\" content=\"Golfen in den Weing\u00e4rten des Collio In diesem Fleckchen Erde des G\u00f6rzer Colliogebietes, inmitten von f\u00fcr diese Gegend typischen Weing\u00e4rten und Olivenb\u00e4umen, erstreckt sich der 18.- Loch Golfplatz. Das Schloss Castello di Spessa und sein Park stellen daf\u00fcr den wunderbaren Rahmen. Der Championship-Course, zeichnet sich durch eine Vielfalt herrlicher Panoramen aus. Die unterschiedlichen Modellierung der [&hellip;]\" \/>\n<meta property=\"og:url\" content=\"https:\/\/fairway2hotel.at\/en\/golfclubs\/italien\/gcc-castello-di-spessa\/\" \/>\n<meta property=\"og:site_name\" content=\"Fairway 2 Hotel\" \/>\n<meta property=\"article:modified_time\" content=\"2025-03-13T12:59:33+00:00\" \/>\n<meta name=\"twitter:card\" content=\"summary_large_image\" \/>\n<meta name=\"twitter:label1\" content=\"Est. reading time\" \/>\n\t<meta name=\"twitter:data1\" content=\"2 minutes\" \/>\n<script type=\"application\/ld+json\" class=\"yoast-schema-graph\">{\"@context\":\"https:\/\/schema.org\",\"@graph\":[{\"@type\":\"WebPage\",\"@id\":\"https:\/\/fairway2hotel.at\/en\/golfclubs\/italien\/gcc-castello-di-spessa\/\",\"url\":\"https:\/\/fairway2hotel.at\/en\/golfclubs\/italien\/gcc-castello-di-spessa\/\",\"name\":\"GC Castello di Spessa - Fairway 2 Hotel\",\"isPartOf\":{\"@id\":\"https:\/\/fairway2hotel.at\/en\/#website\"},\"datePublished\":\"2012-10-24T04:25:35+00:00\",\"dateModified\":\"2025-03-13T12:59:33+00:00\",\"breadcrumb\":{\"@id\":\"https:\/\/fairway2hotel.at\/en\/golfclubs\/italien\/gcc-castello-di-spessa\/#breadcrumb\"},\"inLanguage\":\"en-US\",\"potentialAction\":[{\"@type\":\"ReadAction\",\"target\":[\"https:\/\/fairway2hotel.at\/en\/golfclubs\/italien\/gcc-castello-di-spessa\/\"]}]},{\"@type\":\"BreadcrumbList\",\"@id\":\"https:\/\/fairway2hotel.at\/en\/golfclubs\/italien\/gcc-castello-di-spessa\/#breadcrumb\",\"itemListElement\":[{\"@type\":\"ListItem\",\"position\":1,\"name\":\"Home\",\"item\":\"https:\/\/fairway2hotel.at\/en\/\"},{\"@type\":\"ListItem\",\"position\":2,\"name\":\"Golfclubs\",\"item\":\"https:\/\/fairway2hotel.at\/en\/golfclubs\/\"},{\"@type\":\"ListItem\",\"position\":3,\"name\":\"Golfclubs Italien\",\"item\":\"https:\/\/fairway2hotel.at\/en\/golfclubs\/italien\/\"},{\"@type\":\"ListItem\",\"position\":4,\"name\":\"GC Castello di Spessa\"}]},{\"@type\":\"WebSite\",\"@id\":\"https:\/\/fairway2hotel.at\/en\/#website\",\"url\":\"https:\/\/fairway2hotel.at\/en\/\",\"name\":\"Fairway 2 Hotel\",\"description\":\"Golf at half price! 2 play - 1 pays\",\"potentialAction\":[{\"@type\":\"SearchAction\",\"target\":{\"@type\":\"EntryPoint\",\"urlTemplate\":\"https:\/\/fairway2hotel.at\/en\/?s={search_term_string}\"},\"query-input\":{\"@type\":\"PropertyValueSpecification\",\"valueRequired\":true,\"valueName\":\"search_term_string\"}}],\"inLanguage\":\"en-US\"}]}<\/script>\n<!-- \/ Yoast SEO plugin. -->","yoast_head_json":{"title":"GC Castello di Spessa - Fairway 2 Hotel","robots":{"index":"index","follow":"follow","max-snippet":"max-snippet:-1","max-image-preview":"max-image-preview:large","max-video-preview":"max-video-preview:-1"},"canonical":"https:\/\/fairway2hotel.at\/en\/golfclubs\/italien\/gcc-castello-di-spessa\/","og_locale":"en_US","og_type":"article","og_title":"GC Castello di Spessa - Fairway 2 Hotel","og_description":"Golfen in den Weing\u00e4rten des Collio In diesem Fleckchen Erde des G\u00f6rzer Colliogebietes, inmitten von f\u00fcr diese Gegend typischen Weing\u00e4rten und Olivenb\u00e4umen, erstreckt sich der 18.- Loch Golfplatz. Das Schloss Castello di Spessa und sein Park stellen daf\u00fcr den wunderbaren Rahmen. Der Championship-Course, zeichnet sich durch eine Vielfalt herrlicher Panoramen aus. Die unterschiedlichen Modellierung der [&hellip;]","og_url":"https:\/\/fairway2hotel.at\/en\/golfclubs\/italien\/gcc-castello-di-spessa\/","og_site_name":"Fairway 2 Hotel","article_modified_time":"2025-03-13T12:59:33+00:00","twitter_card":"summary_large_image","twitter_misc":{"Est. reading time":"2 minutes"},"schema":{"@context":"https:\/\/schema.org","@graph":[{"@type":"WebPage","@id":"https:\/\/fairway2hotel.at\/en\/golfclubs\/italien\/gcc-castello-di-spessa\/","url":"https:\/\/fairway2hotel.at\/en\/golfclubs\/italien\/gcc-castello-di-spessa\/","name":"GC Castello di Spessa - Fairway 2 Hotel","isPartOf":{"@id":"https:\/\/fairway2hotel.at\/en\/#website"},"datePublished":"2012-10-24T04:25:35+00:00","dateModified":"2025-03-13T12:59:33+00:00","breadcrumb":{"@id":"https:\/\/fairway2hotel.at\/en\/golfclubs\/italien\/gcc-castello-di-spessa\/#breadcrumb"},"inLanguage":"en-US","potentialAction":[{"@type":"ReadAction","target":["https:\/\/fairway2hotel.at\/en\/golfclubs\/italien\/gcc-castello-di-spessa\/"]}]},{"@type":"BreadcrumbList","@id":"https:\/\/fairway2hotel.at\/en\/golfclubs\/italien\/gcc-castello-di-spessa\/#breadcrumb","itemListElement":[{"@type":"ListItem","position":1,"name":"Home","item":"https:\/\/fairway2hotel.at\/en\/"},{"@type":"ListItem","position":2,"name":"Golfclubs","item":"https:\/\/fairway2hotel.at\/en\/golfclubs\/"},{"@type":"ListItem","position":3,"name":"Golfclubs Italien","item":"https:\/\/fairway2hotel.at\/en\/golfclubs\/italien\/"},{"@type":"ListItem","position":4,"name":"GC Castello di Spessa"}]},{"@type":"WebSite","@id":"https:\/\/fairway2hotel.at\/en\/#website","url":"https:\/\/fairway2hotel.at\/en\/","name":"Fairway 2 Hotel","description":"Golf at half price! 2 play - 1 pays","potentialAction":[{"@type":"SearchAction","target":{"@type":"EntryPoint","urlTemplate":"https:\/\/fairway2hotel.at\/en\/?s={search_term_string}"},"query-input":{"@type":"PropertyValueSpecification","valueRequired":true,"valueName":"search_term_string"}}],"inLanguage":"en-US"}]}},"_links":{"self":[{"href":"https:\/\/fairway2hotel.at\/en\/wp-json\/wp\/v2\/pages\/1396","targetHints":{"allow":["GET"]}}],"collection":[{"href":"https:\/\/fairway2hotel.at\/en\/wp-json\/wp\/v2\/pages"}],"about":[{"href":"https:\/\/fairway2hotel.at\/en\/wp-json\/wp\/v2\/types\/page"}],"author":[{"embeddable":true,"href":"https:\/\/fairway2hotel.at\/en\/wp-json\/wp\/v2\/users\/1"}],"replies":[{"embeddable":true,"href":"https:\/\/fairway2hotel.at\/en\/wp-json\/wp\/v2\/comments?post=1396"}],"version-history":[{"count":16,"href":"https:\/\/fairway2hotel.at\/en\/wp-json\/wp\/v2\/pages\/1396\/revisions"}],"predecessor-version":[{"id":46456,"href":"https:\/\/fairway2hotel.at\/en\/wp-json\/wp\/v2\/pages\/1396\/revisions\/46456"}],"up":[{"embeddable":true,"href":"https:\/\/fairway2hotel.at\/en\/wp-json\/wp\/v2\/pages\/1657"}],"acf:attachment":[{"embeddable":true,"href":"https:\/\/fairway2hotel.at\/en\/wp-json\/wp\/v2\/media\/4036"},{"embeddable":true,"href":"https:\/\/fairway2hotel.at\/en\/wp-json\/wp\/v2\/media\/4029"},{"embeddable":true,"href":"https:\/\/fairway2hotel.at\/en\/wp-json\/wp\/v2\/media\/4028"},{"embeddable":true,"href":"https:\/\/fairway2hotel.at\/en\/wp-json\/wp\/v2\/media\/4027"},{"embeddable":true,"href":"https:\/\/fairway2hotel.at\/en\/wp-json\/wp\/v2\/media\/4026"},{"embeddable":true,"href":"https:\/\/fairway2hotel.at\/en\/wp-json\/wp\/v2\/media\/4025"},{"embeddable":true,"href":"https:\/\/fairway2hotel.at\/en\/wp-json\/wp\/v2\/media\/4024"},{"embeddable":true,"href":"https:\/\/fairway2hotel.at\/en\/wp-json\/wp\/v2\/media\/1392"},{"embeddable":true,"href":"https:\/\/fairway2hotel.at\/en\/wp-json\/wp\/v2\/media\/4035"},{"embeddable":true,"href":"https:\/\/fairway2hotel.at\/en\/wp-json\/wp\/v2\/media\/4023"}],"wp:attachment":[{"href":"https:\/\/fairway2hotel.at\/en\/wp-json\/wp\/v2\/media?parent=1396"}],"curies":[{"name":"wp","href":"https:\/\/api.w.org\/{rel}","templated":true}]}}