{"id":1416,"date":"2016-10-07T09:53:01","date_gmt":"2016-10-07T07:53:01","guid":{"rendered":"https:\/\/f2h.app\/black-stork-golfresort\/"},"modified":"2025-04-07T16:54:26","modified_gmt":"2025-04-07T14:54:26","slug":"black-stork-golfresort","status":"publish","type":"page","link":"https:\/\/fairway2hotel.at\/en\/golfclubs\/slowakei\/black-stork-golfresort\/","title":{"rendered":"GC Black Stork Golfresort"},"content":{"rendered":"<h2>Golfen in der hohen Tatra<\/h2>\n<p>Das Golfressort Black Stork in Velka Lomnica liegt auf der Sonnenseite der Hohen Tatra. Der 27-Loch Championship Platz ist aufgeteilt in drei 9-Loch-Pl\u00e4tze wobei jeder seine ganz eigenen Besonderheiten hat und von seiner Art her einzigartig ist. Hier wird ein herrlicher Blick auf die Tatra-Bergkette geboten. Obwohl die Golfer von Bergen umgeben sind ist der Platz selbst relativ flach und bietet neben herrlichen Ausblicken viele Wasserspiele und zahlreiche Seen.<\/p>\n<p>Das stilvolle 4 *Hotel in der Mitte des Resorts ist das ganze Jahr \u00fcber ge\u00f6ffnet. Die friedliche Umgebung ist ideal f\u00fcr Golfer im Zusammenhang mit Entspannung und Wellness, exzellenten Restaurants, hochwertigen Dienstleistungen und einer bezaubernden Aussicht auf die Tatra. Im Wellnesscenter gibt es einen beheizten Au\u00dfenpool, einen Innenpool mit Gegenstromanlage, Whirlpool, Trocken-, Dampf- und Infrarotsaunen, einen Fitnessclub und eine gro\u00dfe Auswahl an Massagen. Unser K\u00fcchenchef bereitet schmackhafte Angebote f\u00fcr jeden Monat.<\/p>\n<h2>Golfing in the High Tatras<\/h2>\n<p>The Black Stork golf resort in Velka Lomnica is located on the sunny side of the High Tatras. The 27-hole championship course is divided into three 9-hole courses, each of which has its own special features and is unique in its own way. It offers a magnificent view of the Tatra mountain range. Although the golfers are surrounded by mountains, the course itself is relatively flat and offers many water features and numerous lakes in addition to magnificent views.<\/p>\n<p>The stylish 4* hotel in the center of the resort is open all year round. The peaceful surroundings are ideal for golfers in the context of relaxation and wellness, excellent restaurants, high-quality services and enchanting views of the Tatra Mountains. In the wellness center there is a heated outdoor pool, an indoor pool with counter-current swimming, whirlpool, dry, steam and infrared saunas, a fitness club and a wide range of massages. Our chef prepares tasty offers for every month.<\/p>\n<p>Translated with DeepL.com (free version)<\/p>\n","protected":false},"excerpt":{"rendered":"<p>Golfen in der hohen Tatra Das Golfressort Black Stork in Velka Lomnica liegt auf der Sonnenseite der Hohen Tatra. Der 27-Loch Championship Platz ist aufgeteilt in drei 9-Loch-Pl\u00e4tze wobei jeder seine ganz eigenen Besonderheiten hat und von seiner Art her einzigartig ist. Hier wird ein herrlicher Blick auf die Tatra-Bergkette geboten. Obwohl die Golfer von [&hellip;]<\/p>\n","protected":false},"author":1,"featured_media":0,"parent":1733,"menu_order":5,"comment_status":"closed","ping_status":"closed","template":"page-partner.php","meta":{"_acf_changed":false,"footnotes":""},"class_list":["post-1416","page","type-page","status-publish","hentry"],"acf":{"partner_infobox":"<strong>Adresse:\u00a0<\/strong>Tatransk\u00e1 754, SK - 059 52 Ve\u013ek\u00e1 Lomnica\r\n\r\n<strong>Tel:\u00a0<\/strong>+421 52 4661 806\r\n\r\n<strong>Web: <\/strong><a href=\"https:\/\/www.golftatry.sk\/\" target=\"_blank\" rel=\"nofollow noopener noreferrer\">www.golftatry.sk<\/a>\r\n\r\n<strong>E-Mail:<\/strong> <a href=\"mailto:golfrecepcia@golfinter.sk\">golfrecepcia@golfinter.sk<\/a>\r\n\r\n<strong>Spielbahnen\/Par: <\/strong>27\/72\r\n\r\n<strong>La\u0308nge:\r\n<\/strong>gelb: 5539m \/5650m\/5805m\r\nrot: 4638m\/4769m\/4909m\r\n\r\n<em><strong>Bedingungen:\r\n<\/strong>Gutscheine einl\u00f6sbar Mo - Do<\/em>\r\n\r\n<strong>Anfahrt:\r\n<\/strong>350 km nord\u00f6stlich von Bratislava\r\nGPS\r\n49\u00b0 08\u00b413\u00b4\u00b4 N\r\n20\u00b0 20\u00b423\u00b4\u00b4 E","partner_logo":1415,"partner_gallery":[2829,47764,47766,47768],"partner_lat":49.120849,"partner_long":20.351189,"partner_type":"golfclub","partner_openings":["1","2","3","4"],"montag_von_bis":"00:00 - 24:00","dienstag_von_bis":"00:00 - 24:00","mittwoch_von_bis":"00:00 - 24:00","donnerstag_von_bis":"00:00 - 24:00","freitag_von_bis":"00:00 - 24:00","samstag_von_bis":"00:00 - 24:00","sonntag_von_bis":"00:00 - 24:00","partner_adresse":"Tatransk\u00e1 754, 059 52 Ve\u013ek\u00e1 Lomnica","partner_land_bundesland":"Slowakei","partner_tel_1":"","partner_tel_2":"00421 52 4661 806","partner_web":"http:\/\/www.golftatry.sk","partner_mail":"golfrecepcia@golfinter.sk","partner_spielbahnen_par":"27\/72","partner_laenge":"gelb: 5539m \/5650m\/5805m rot: 4638m\/4769m\/4909m","partner_bedingungen":"Gutscheine einl\u00f6sbar Mo - Do\r\nvouchers valid from Mon-Thu","partner_anfahrt":"350 km nord\u00f6stlich von Bratislava GPS 49\u00b0 08\u00b413\u00b4\u00b4 N 20\u00b0 20\u00b423\u00b4\u00b4 E","partner_misc":null,"additional_css_classes":""},"yoast_head":"<!-- This site is optimized with the Yoast SEO plugin v26.8 - https:\/\/yoast.com\/product\/yoast-seo-wordpress\/ -->\n<title>GC Black Stork Golfresort - Fairway 2 Hotel<\/title>\n<meta name=\"robots\" content=\"index, follow, max-snippet:-1, max-image-preview:large, max-video-preview:-1\" \/>\n<link rel=\"canonical\" href=\"https:\/\/fairway2hotel.at\/en\/golfclubs\/slowakei\/black-stork-golfresort\/\" \/>\n<meta property=\"og:locale\" content=\"en_US\" \/>\n<meta property=\"og:type\" content=\"article\" \/>\n<meta property=\"og:title\" content=\"GC Black Stork Golfresort - Fairway 2 Hotel\" \/>\n<meta property=\"og:description\" content=\"Golfen in der hohen Tatra Das Golfressort Black Stork in Velka Lomnica liegt auf der Sonnenseite der Hohen Tatra. Der 27-Loch Championship Platz ist aufgeteilt in drei 9-Loch-Pl\u00e4tze wobei jeder seine ganz eigenen Besonderheiten hat und von seiner Art her einzigartig ist. Hier wird ein herrlicher Blick auf die Tatra-Bergkette geboten. Obwohl die Golfer von [&hellip;]\" \/>\n<meta property=\"og:url\" content=\"https:\/\/fairway2hotel.at\/en\/golfclubs\/slowakei\/black-stork-golfresort\/\" \/>\n<meta property=\"og:site_name\" content=\"Fairway 2 Hotel\" \/>\n<meta property=\"article:modified_time\" content=\"2025-04-07T14:54:26+00:00\" \/>\n<meta name=\"twitter:card\" content=\"summary_large_image\" \/>\n<meta name=\"twitter:label1\" content=\"Est. reading time\" \/>\n\t<meta name=\"twitter:data1\" content=\"2 minutes\" \/>\n<script type=\"application\/ld+json\" class=\"yoast-schema-graph\">{\"@context\":\"https:\/\/schema.org\",\"@graph\":[{\"@type\":\"WebPage\",\"@id\":\"https:\/\/fairway2hotel.at\/en\/golfclubs\/slowakei\/black-stork-golfresort\/\",\"url\":\"https:\/\/fairway2hotel.at\/en\/golfclubs\/slowakei\/black-stork-golfresort\/\",\"name\":\"GC Black Stork Golfresort - Fairway 2 Hotel\",\"isPartOf\":{\"@id\":\"https:\/\/fairway2hotel.at\/en\/#website\"},\"datePublished\":\"2016-10-07T07:53:01+00:00\",\"dateModified\":\"2025-04-07T14:54:26+00:00\",\"breadcrumb\":{\"@id\":\"https:\/\/fairway2hotel.at\/en\/golfclubs\/slowakei\/black-stork-golfresort\/#breadcrumb\"},\"inLanguage\":\"en-US\",\"potentialAction\":[{\"@type\":\"ReadAction\",\"target\":[\"https:\/\/fairway2hotel.at\/en\/golfclubs\/slowakei\/black-stork-golfresort\/\"]}]},{\"@type\":\"BreadcrumbList\",\"@id\":\"https:\/\/fairway2hotel.at\/en\/golfclubs\/slowakei\/black-stork-golfresort\/#breadcrumb\",\"itemListElement\":[{\"@type\":\"ListItem\",\"position\":1,\"name\":\"Home\",\"item\":\"https:\/\/fairway2hotel.at\/en\/\"},{\"@type\":\"ListItem\",\"position\":2,\"name\":\"Golfclubs\",\"item\":\"https:\/\/fairway2hotel.at\/en\/golfclubs\/\"},{\"@type\":\"ListItem\",\"position\":3,\"name\":\"Golfclubs Slowakei\",\"item\":\"https:\/\/fairway2hotel.at\/en\/golfclubs\/slowakei\/\"},{\"@type\":\"ListItem\",\"position\":4,\"name\":\"GC Black Stork Golfresort\"}]},{\"@type\":\"WebSite\",\"@id\":\"https:\/\/fairway2hotel.at\/en\/#website\",\"url\":\"https:\/\/fairway2hotel.at\/en\/\",\"name\":\"Fairway 2 Hotel\",\"description\":\"Golf at half price! 2 play - 1 pays\",\"potentialAction\":[{\"@type\":\"SearchAction\",\"target\":{\"@type\":\"EntryPoint\",\"urlTemplate\":\"https:\/\/fairway2hotel.at\/en\/?s={search_term_string}\"},\"query-input\":{\"@type\":\"PropertyValueSpecification\",\"valueRequired\":true,\"valueName\":\"search_term_string\"}}],\"inLanguage\":\"en-US\"}]}<\/script>\n<!-- \/ Yoast SEO plugin. -->","yoast_head_json":{"title":"GC Black Stork Golfresort - Fairway 2 Hotel","robots":{"index":"index","follow":"follow","max-snippet":"max-snippet:-1","max-image-preview":"max-image-preview:large","max-video-preview":"max-video-preview:-1"},"canonical":"https:\/\/fairway2hotel.at\/en\/golfclubs\/slowakei\/black-stork-golfresort\/","og_locale":"en_US","og_type":"article","og_title":"GC Black Stork Golfresort - Fairway 2 Hotel","og_description":"Golfen in der hohen Tatra Das Golfressort Black Stork in Velka Lomnica liegt auf der Sonnenseite der Hohen Tatra. Der 27-Loch Championship Platz ist aufgeteilt in drei 9-Loch-Pl\u00e4tze wobei jeder seine ganz eigenen Besonderheiten hat und von seiner Art her einzigartig ist. Hier wird ein herrlicher Blick auf die Tatra-Bergkette geboten. Obwohl die Golfer von [&hellip;]","og_url":"https:\/\/fairway2hotel.at\/en\/golfclubs\/slowakei\/black-stork-golfresort\/","og_site_name":"Fairway 2 Hotel","article_modified_time":"2025-04-07T14:54:26+00:00","twitter_card":"summary_large_image","twitter_misc":{"Est. reading time":"2 minutes"},"schema":{"@context":"https:\/\/schema.org","@graph":[{"@type":"WebPage","@id":"https:\/\/fairway2hotel.at\/en\/golfclubs\/slowakei\/black-stork-golfresort\/","url":"https:\/\/fairway2hotel.at\/en\/golfclubs\/slowakei\/black-stork-golfresort\/","name":"GC Black Stork Golfresort - Fairway 2 Hotel","isPartOf":{"@id":"https:\/\/fairway2hotel.at\/en\/#website"},"datePublished":"2016-10-07T07:53:01+00:00","dateModified":"2025-04-07T14:54:26+00:00","breadcrumb":{"@id":"https:\/\/fairway2hotel.at\/en\/golfclubs\/slowakei\/black-stork-golfresort\/#breadcrumb"},"inLanguage":"en-US","potentialAction":[{"@type":"ReadAction","target":["https:\/\/fairway2hotel.at\/en\/golfclubs\/slowakei\/black-stork-golfresort\/"]}]},{"@type":"BreadcrumbList","@id":"https:\/\/fairway2hotel.at\/en\/golfclubs\/slowakei\/black-stork-golfresort\/#breadcrumb","itemListElement":[{"@type":"ListItem","position":1,"name":"Home","item":"https:\/\/fairway2hotel.at\/en\/"},{"@type":"ListItem","position":2,"name":"Golfclubs","item":"https:\/\/fairway2hotel.at\/en\/golfclubs\/"},{"@type":"ListItem","position":3,"name":"Golfclubs Slowakei","item":"https:\/\/fairway2hotel.at\/en\/golfclubs\/slowakei\/"},{"@type":"ListItem","position":4,"name":"GC Black Stork Golfresort"}]},{"@type":"WebSite","@id":"https:\/\/fairway2hotel.at\/en\/#website","url":"https:\/\/fairway2hotel.at\/en\/","name":"Fairway 2 Hotel","description":"Golf at half price! 2 play - 1 pays","potentialAction":[{"@type":"SearchAction","target":{"@type":"EntryPoint","urlTemplate":"https:\/\/fairway2hotel.at\/en\/?s={search_term_string}"},"query-input":{"@type":"PropertyValueSpecification","valueRequired":true,"valueName":"search_term_string"}}],"inLanguage":"en-US"}]}},"_links":{"self":[{"href":"https:\/\/fairway2hotel.at\/en\/wp-json\/wp\/v2\/pages\/1416","targetHints":{"allow":["GET"]}}],"collection":[{"href":"https:\/\/fairway2hotel.at\/en\/wp-json\/wp\/v2\/pages"}],"about":[{"href":"https:\/\/fairway2hotel.at\/en\/wp-json\/wp\/v2\/types\/page"}],"author":[{"embeddable":true,"href":"https:\/\/fairway2hotel.at\/en\/wp-json\/wp\/v2\/users\/1"}],"replies":[{"embeddable":true,"href":"https:\/\/fairway2hotel.at\/en\/wp-json\/wp\/v2\/comments?post=1416"}],"version-history":[{"count":10,"href":"https:\/\/fairway2hotel.at\/en\/wp-json\/wp\/v2\/pages\/1416\/revisions"}],"predecessor-version":[{"id":47770,"href":"https:\/\/fairway2hotel.at\/en\/wp-json\/wp\/v2\/pages\/1416\/revisions\/47770"}],"up":[{"embeddable":true,"href":"https:\/\/fairway2hotel.at\/en\/wp-json\/wp\/v2\/pages\/1733"}],"acf:attachment":[{"embeddable":true,"href":"https:\/\/fairway2hotel.at\/en\/wp-json\/wp\/v2\/media\/47768"},{"embeddable":true,"href":"https:\/\/fairway2hotel.at\/en\/wp-json\/wp\/v2\/media\/47766"},{"embeddable":true,"href":"https:\/\/fairway2hotel.at\/en\/wp-json\/wp\/v2\/media\/47764"},{"embeddable":true,"href":"https:\/\/fairway2hotel.at\/en\/wp-json\/wp\/v2\/media\/2829"}],"wp:attachment":[{"href":"https:\/\/fairway2hotel.at\/en\/wp-json\/wp\/v2\/media?parent=1416"}],"curies":[{"name":"wp","href":"https:\/\/api.w.org\/{rel}","templated":true}]}}