{"id":1419,"date":"2016-10-07T09:53:01","date_gmt":"2016-10-07T07:53:01","guid":{"rendered":"https:\/\/f2h.app\/golf-resort-skalicia\/"},"modified":"2026-02-16T14:51:22","modified_gmt":"2026-02-16T13:51:22","slug":"gc-grafobal-group-golf-resort-skalica","status":"publish","type":"page","link":"https:\/\/fairway2hotel.at\/en\/golfclubs\/slowakei\/gc-grafobal-group-golf-resort-skalica\/","title":{"rendered":"GC Grafobal Group Golf Resort Skalica."},"content":{"rendered":"<h2>Linksgolf in der Slowakei<\/h2>\n<p>Das Golf Resort Skalica wurde im Jahr 2009 errichtet. Der Kurs ist ein typischer Links-Kurs und entspricht allen Anforderungen eines modernen Resorts auf h\u00f6chstem Niveau. Im Bereich des Golfresorts k\u00f6nnen Sie kurzes Spiel, Putten, Chippen und auch das lange Spiel auf unserer 250 m langen Driving Ranch trainieren und verbessern. Der 18-Loch-Golfplatz wurde von dem \u00f6sterreichischen Top-Architekten Hans-Georg Erhardt entworfen, der mehr als 25 Pl\u00e4tze in Europa und Afrika geschaffen hat. Als Teil des Gel\u00e4ndes finden Sie f\u00fcnf Seen mit neun L\u00f6chern in ihrer N\u00e4he. Es gibt zahlreiche typische Bunker, wellige Fairways und hohe schwere Roughs. Der Wind spielt eine ma\u00dfgebliche Rolle und muss immer einberechnet werden. Der Platz erstreckt sich auf einer Fl\u00e4che von 85 Hektar und geh\u00f6rt mit seiner L\u00e4nge zu den l\u00e4ngsten Pl\u00e4tzen in der Slowakei. Die Gesamtl\u00e4nge der wei\u00dfen Tees betr\u00e4gt 6.180 Meter.<\/p>\n<p>Die Spieler genie\u00dfen von allen L\u00f6chern einen herrlichen Ausblick auf die k\u00f6nigliche Stadt Skalica und die typischen regionalen Weinberge.<\/p>\n<h2>Links golf in Slovakia<\/h2>\n<p>The Skalica Golf Resort was built in 2009. The course is a typical links course and meets all the requirements of a modern resort at the highest level. In the golf resort area you can practice and improve your short game, putting, chipping and also the long game on our 250 m long driving ranch. The 18-hole golf course was designed by top Austrian architect Hans-Georg Erhardt, who has created more than 25 courses in Europe and Africa. As part of the grounds, you will find five lakes with nine holes in their vicinity. There are numerous typical bunkers, undulating fairways and high, heavy roughs. The wind plays a decisive role and must always be taken into account. The course covers an area of 85 hectares and its length makes it one of the longest courses in Slovakia. The total length of the white tees is 6,180 meters.<\/p>\n<p>Players can enjoy a magnificent view of the royal town of Skalica and the typical regional vineyards from every hole.<\/p>\n<p>&nbsp;<\/p>\n","protected":false},"excerpt":{"rendered":"<p>Linksgolf in der Slowakei Das Golf Resort Skalica wurde im Jahr 2009 errichtet. Der Kurs ist ein typischer Links-Kurs und entspricht allen Anforderungen eines modernen Resorts auf h\u00f6chstem Niveau. Im Bereich des Golfresorts k\u00f6nnen Sie kurzes Spiel, Putten, Chippen und auch das lange Spiel auf unserer 250 m langen Driving Ranch trainieren und verbessern. Der [&hellip;]<\/p>\n","protected":false},"author":1,"featured_media":0,"parent":1733,"menu_order":10,"comment_status":"closed","ping_status":"closed","template":"page-partner.php","meta":{"_acf_changed":false,"footnotes":""},"class_list":["post-1419","page","type-page","status-publish","hentry"],"acf":{"partner_infobox":"<strong>Adresse:\u00a0<\/strong>\u0160tvrte na Jazernom poli 2650, 909 01 Skalica\r\n\r\n<strong>Tel:\u00a0<\/strong>+421 910 925 121\r\n\r\n<strong>Web: <\/strong><a href=\"http:\/\/www.golfskalica.sk\/\" target=\"_blank\" rel=\"nofollow noopener noreferrer\"> www.golfskalica.sk<\/a>\r\n\r\n<strong>E-Mail:<\/strong> <a href=\"mailto:recepcia@golfskalica.sk\">recepcia@golfskalica.sk<\/a>\r\n\r\n<strong>Spielbahnen\/Par: <\/strong>18\/72\r\n\r\n<strong>La\u0308nge:\u00a0<\/strong>gelb: 5720 \/ rot: 4820\r\n\r\n<strong>Anfahrt: <\/strong>137 km nord\u00f6stlich von Wien","partner_logo":1418,"partner_gallery":[1417],"partner_lat":48.823447,"partner_long":17.217551,"partner_type":"golfclub","partner_openings":["1","2","3","4","5","6","7"],"montag_von_bis":"00:00 - 24:00","dienstag_von_bis":"00:00 - 24:00","mittwoch_von_bis":"00:00 - 24:00","donnerstag_von_bis":"00:00 - 24:00","freitag_von_bis":"00:00 - 24:00","samstag_von_bis":"00:00 - 24:00","sonntag_von_bis":"00:00 - 24:00","partner_adresse":"\u0160tvrte na Jazernom poli 2650, 909 01 Skalica","partner_land_bundesland":"Slowakei","partner_tel_1":"+421 910 925 121","partner_tel_2":"","partner_web":"http:\/\/www.golfskalica.sk","partner_mail":"recepcia@golfskalica.sk","partner_spielbahnen_par":"18\/72","partner_laenge":"gelb: 5720 \/ rot: 4820","partner_bedingungen":"","partner_anfahrt":"137 km nord\u00f6stlich von Wien","partner_misc":null,"additional_css_classes":""},"yoast_head":"<!-- This site is optimized with the Yoast SEO plugin v26.8 - https:\/\/yoast.com\/product\/yoast-seo-wordpress\/ -->\n<title>GC Grafobal Group Golf Resort Skalica. - Fairway 2 Hotel<\/title>\n<meta name=\"robots\" content=\"index, follow, max-snippet:-1, max-image-preview:large, max-video-preview:-1\" \/>\n<link rel=\"canonical\" href=\"https:\/\/fairway2hotel.at\/en\/golfclubs\/slowakei\/gc-grafobal-group-golf-resort-skalica\/\" \/>\n<meta property=\"og:locale\" content=\"en_US\" \/>\n<meta property=\"og:type\" content=\"article\" \/>\n<meta property=\"og:title\" content=\"GC Grafobal Group Golf Resort Skalica. - Fairway 2 Hotel\" \/>\n<meta property=\"og:description\" content=\"Linksgolf in der Slowakei Das Golf Resort Skalica wurde im Jahr 2009 errichtet. Der Kurs ist ein typischer Links-Kurs und entspricht allen Anforderungen eines modernen Resorts auf h\u00f6chstem Niveau. Im Bereich des Golfresorts k\u00f6nnen Sie kurzes Spiel, Putten, Chippen und auch das lange Spiel auf unserer 250 m langen Driving Ranch trainieren und verbessern. Der [&hellip;]\" \/>\n<meta property=\"og:url\" content=\"https:\/\/fairway2hotel.at\/en\/golfclubs\/slowakei\/gc-grafobal-group-golf-resort-skalica\/\" \/>\n<meta property=\"og:site_name\" content=\"Fairway 2 Hotel\" \/>\n<meta property=\"article:modified_time\" content=\"2026-02-16T13:51:22+00:00\" \/>\n<meta name=\"twitter:card\" content=\"summary_large_image\" \/>\n<meta name=\"twitter:label1\" content=\"Est. reading time\" \/>\n\t<meta name=\"twitter:data1\" content=\"2 minutes\" \/>\n<script type=\"application\/ld+json\" class=\"yoast-schema-graph\">{\"@context\":\"https:\/\/schema.org\",\"@graph\":[{\"@type\":\"WebPage\",\"@id\":\"https:\/\/fairway2hotel.at\/en\/golfclubs\/slowakei\/gc-grafobal-group-golf-resort-skalica\/\",\"url\":\"https:\/\/fairway2hotel.at\/en\/golfclubs\/slowakei\/gc-grafobal-group-golf-resort-skalica\/\",\"name\":\"GC Grafobal Group Golf Resort Skalica. - Fairway 2 Hotel\",\"isPartOf\":{\"@id\":\"https:\/\/fairway2hotel.at\/en\/#website\"},\"datePublished\":\"2016-10-07T07:53:01+00:00\",\"dateModified\":\"2026-02-16T13:51:22+00:00\",\"breadcrumb\":{\"@id\":\"https:\/\/fairway2hotel.at\/en\/golfclubs\/slowakei\/gc-grafobal-group-golf-resort-skalica\/#breadcrumb\"},\"inLanguage\":\"en-US\",\"potentialAction\":[{\"@type\":\"ReadAction\",\"target\":[\"https:\/\/fairway2hotel.at\/en\/golfclubs\/slowakei\/gc-grafobal-group-golf-resort-skalica\/\"]}]},{\"@type\":\"BreadcrumbList\",\"@id\":\"https:\/\/fairway2hotel.at\/en\/golfclubs\/slowakei\/gc-grafobal-group-golf-resort-skalica\/#breadcrumb\",\"itemListElement\":[{\"@type\":\"ListItem\",\"position\":1,\"name\":\"Home\",\"item\":\"https:\/\/fairway2hotel.at\/en\/\"},{\"@type\":\"ListItem\",\"position\":2,\"name\":\"Golfclubs\",\"item\":\"https:\/\/fairway2hotel.at\/en\/golfclubs\/\"},{\"@type\":\"ListItem\",\"position\":3,\"name\":\"Golfclubs Slowakei\",\"item\":\"https:\/\/fairway2hotel.at\/en\/golfclubs\/slowakei\/\"},{\"@type\":\"ListItem\",\"position\":4,\"name\":\"GC Grafobal Group Golf Resort Skalica.\"}]},{\"@type\":\"WebSite\",\"@id\":\"https:\/\/fairway2hotel.at\/en\/#website\",\"url\":\"https:\/\/fairway2hotel.at\/en\/\",\"name\":\"Fairway 2 Hotel\",\"description\":\"Golf at half price! 2 play - 1 pays\",\"potentialAction\":[{\"@type\":\"SearchAction\",\"target\":{\"@type\":\"EntryPoint\",\"urlTemplate\":\"https:\/\/fairway2hotel.at\/en\/?s={search_term_string}\"},\"query-input\":{\"@type\":\"PropertyValueSpecification\",\"valueRequired\":true,\"valueName\":\"search_term_string\"}}],\"inLanguage\":\"en-US\"}]}<\/script>\n<!-- \/ Yoast SEO plugin. -->","yoast_head_json":{"title":"GC Grafobal Group Golf Resort Skalica. - Fairway 2 Hotel","robots":{"index":"index","follow":"follow","max-snippet":"max-snippet:-1","max-image-preview":"max-image-preview:large","max-video-preview":"max-video-preview:-1"},"canonical":"https:\/\/fairway2hotel.at\/en\/golfclubs\/slowakei\/gc-grafobal-group-golf-resort-skalica\/","og_locale":"en_US","og_type":"article","og_title":"GC Grafobal Group Golf Resort Skalica. - Fairway 2 Hotel","og_description":"Linksgolf in der Slowakei Das Golf Resort Skalica wurde im Jahr 2009 errichtet. Der Kurs ist ein typischer Links-Kurs und entspricht allen Anforderungen eines modernen Resorts auf h\u00f6chstem Niveau. Im Bereich des Golfresorts k\u00f6nnen Sie kurzes Spiel, Putten, Chippen und auch das lange Spiel auf unserer 250 m langen Driving Ranch trainieren und verbessern. Der [&hellip;]","og_url":"https:\/\/fairway2hotel.at\/en\/golfclubs\/slowakei\/gc-grafobal-group-golf-resort-skalica\/","og_site_name":"Fairway 2 Hotel","article_modified_time":"2026-02-16T13:51:22+00:00","twitter_card":"summary_large_image","twitter_misc":{"Est. reading time":"2 minutes"},"schema":{"@context":"https:\/\/schema.org","@graph":[{"@type":"WebPage","@id":"https:\/\/fairway2hotel.at\/en\/golfclubs\/slowakei\/gc-grafobal-group-golf-resort-skalica\/","url":"https:\/\/fairway2hotel.at\/en\/golfclubs\/slowakei\/gc-grafobal-group-golf-resort-skalica\/","name":"GC Grafobal Group Golf Resort Skalica. - Fairway 2 Hotel","isPartOf":{"@id":"https:\/\/fairway2hotel.at\/en\/#website"},"datePublished":"2016-10-07T07:53:01+00:00","dateModified":"2026-02-16T13:51:22+00:00","breadcrumb":{"@id":"https:\/\/fairway2hotel.at\/en\/golfclubs\/slowakei\/gc-grafobal-group-golf-resort-skalica\/#breadcrumb"},"inLanguage":"en-US","potentialAction":[{"@type":"ReadAction","target":["https:\/\/fairway2hotel.at\/en\/golfclubs\/slowakei\/gc-grafobal-group-golf-resort-skalica\/"]}]},{"@type":"BreadcrumbList","@id":"https:\/\/fairway2hotel.at\/en\/golfclubs\/slowakei\/gc-grafobal-group-golf-resort-skalica\/#breadcrumb","itemListElement":[{"@type":"ListItem","position":1,"name":"Home","item":"https:\/\/fairway2hotel.at\/en\/"},{"@type":"ListItem","position":2,"name":"Golfclubs","item":"https:\/\/fairway2hotel.at\/en\/golfclubs\/"},{"@type":"ListItem","position":3,"name":"Golfclubs Slowakei","item":"https:\/\/fairway2hotel.at\/en\/golfclubs\/slowakei\/"},{"@type":"ListItem","position":4,"name":"GC Grafobal Group Golf Resort Skalica."}]},{"@type":"WebSite","@id":"https:\/\/fairway2hotel.at\/en\/#website","url":"https:\/\/fairway2hotel.at\/en\/","name":"Fairway 2 Hotel","description":"Golf at half price! 2 play - 1 pays","potentialAction":[{"@type":"SearchAction","target":{"@type":"EntryPoint","urlTemplate":"https:\/\/fairway2hotel.at\/en\/?s={search_term_string}"},"query-input":{"@type":"PropertyValueSpecification","valueRequired":true,"valueName":"search_term_string"}}],"inLanguage":"en-US"}]}},"_links":{"self":[{"href":"https:\/\/fairway2hotel.at\/en\/wp-json\/wp\/v2\/pages\/1419","targetHints":{"allow":["GET"]}}],"collection":[{"href":"https:\/\/fairway2hotel.at\/en\/wp-json\/wp\/v2\/pages"}],"about":[{"href":"https:\/\/fairway2hotel.at\/en\/wp-json\/wp\/v2\/types\/page"}],"author":[{"embeddable":true,"href":"https:\/\/fairway2hotel.at\/en\/wp-json\/wp\/v2\/users\/1"}],"replies":[{"embeddable":true,"href":"https:\/\/fairway2hotel.at\/en\/wp-json\/wp\/v2\/comments?post=1419"}],"version-history":[{"count":7,"href":"https:\/\/fairway2hotel.at\/en\/wp-json\/wp\/v2\/pages\/1419\/revisions"}],"predecessor-version":[{"id":52680,"href":"https:\/\/fairway2hotel.at\/en\/wp-json\/wp\/v2\/pages\/1419\/revisions\/52680"}],"up":[{"embeddable":true,"href":"https:\/\/fairway2hotel.at\/en\/wp-json\/wp\/v2\/pages\/1733"}],"acf:attachment":[{"embeddable":true,"href":"https:\/\/fairway2hotel.at\/en\/wp-json\/wp\/v2\/media\/1417"}],"wp:attachment":[{"href":"https:\/\/fairway2hotel.at\/en\/wp-json\/wp\/v2\/media?parent=1419"}],"curies":[{"name":"wp","href":"https:\/\/api.w.org\/{rel}","templated":true}]}}