{"id":1423,"date":"2016-10-07T09:53:01","date_gmt":"2016-10-07T07:53:01","guid":{"rendered":"https:\/\/f2h.app\/red-oak-golf-club\/"},"modified":"2025-03-13T15:34:46","modified_gmt":"2025-03-13T14:34:46","slug":"red-oak-golf-club","status":"publish","type":"page","link":"https:\/\/fairway2hotel.at\/en\/golfclubs\/slowakei\/red-oak-golf-club\/","title":{"rendered":"GC Red Oak"},"content":{"rendered":"<h2>Golf am Fu\u00dfe des Berges Zobor<\/h2>\n<p>RED OAK ist ein neuer Golfplatz, der eine einzigartige nat\u00fcrliche Umgebung, erstklassige Dienstleistungen und einen 18-Loch-Golfplatz, der den h\u00f6chsten Qualit\u00e4tsstandards entspricht, vereinigt . Die sch\u00f6ne Aussicht auf den ausgedehnten Golfplatz, die Stadt Nitra, die umliegenden historischen Geb\u00e4ude und der Blick auf den dominanten Berg Zobor begleiten die Spieler w\u00e4hrend des gesamten Spiels. Breite Fairways verzeihen Fehler, bei genauem Spiel wird man aber beim n\u00e4chsten Schlag belohnt. Die Kombination von fairen Bedingungen mit gut verteilten Hindernissen garantiert perfekte Bedingungen sowohl f\u00fcr Anf\u00e4nger als auch f\u00fcr erfahrene Golfer. Das moderne Clubhaus bildet eine perfekte Symbiose mit dem erst Fr\u00fchjahr 2018 erbauten Restaurant.<\/p>\n<h2>Golf at the foot of Mount Zobor<\/h2>\n<p>RED OAK is a new golf course that combines a unique natural environment, first-class services and an 18-hole golf course that meets the highest quality standards. The beautiful view of the extensive golf course, the town of Nitra, the surrounding historic buildings and the view of the dominant Mount Zobor accompany players throughout the game. Wide fairways are forgiving of mistakes, but accurate play is rewarded with the next shot. The combination of fair conditions with well-distributed obstacles guarantees perfect conditions for both beginners and experienced golfers. The modern clubhouse forms a perfect symbiosis with the restaurant, which was only built in spring 2018.<\/p>\n","protected":false},"excerpt":{"rendered":"<p>Golf am Fu\u00dfe des Berges Zobor RED OAK ist ein neuer Golfplatz, der eine einzigartige nat\u00fcrliche Umgebung, erstklassige Dienstleistungen und einen 18-Loch-Golfplatz, der den h\u00f6chsten Qualit\u00e4tsstandards entspricht, vereinigt . Die sch\u00f6ne Aussicht auf den ausgedehnten Golfplatz, die Stadt Nitra, die umliegenden historischen Geb\u00e4ude und der Blick auf den dominanten Berg Zobor begleiten die Spieler w\u00e4hrend [&hellip;]<\/p>\n","protected":false},"author":1,"featured_media":0,"parent":1733,"menu_order":20,"comment_status":"closed","ping_status":"closed","template":"page-partner.php","meta":{"_acf_changed":false,"footnotes":""},"class_list":["post-1423","page","type-page","status-publish","hentry"],"acf":{"partner_infobox":"<strong>Adresse:\u00a0<\/strong>Korytovska\u0301 362\/3, 951 41 Luz\u030cianky\r\n\r\n<strong>Tel:\u00a0<\/strong>+421-903550845\r\n\r\n<strong>Web: <\/strong><a href=\"http:\/\/www.redoakgolf.sk\/\" target=\"_blank\" rel=\"nofollow noopener noreferrer\">www.redoakgolf.sk<\/a>\r\n\r\n<strong>E-Mail:<\/strong> <a href=\"mailto:info@redoakgolf.sk\">info@redoakgolf.sk<\/a>\r\n\r\n<strong>Spielbahnen\/Par: <\/strong>18\/72\r\n\r\n<strong>La\u0308nge:\r\n<\/strong>schwarz: 6.140 m\r\nrot: 4.759 m\r\n\r\n<strong>Anfahrt: <\/strong>Ca. 96 km o\u0308stlich von Bratislava.","partner_logo":1422,"partner_gallery":[1420,1421],"partner_lat":48.339788,"partner_long":18.031419,"partner_type":"golfclub","partner_openings":["1","2","3","4","5","6","7"],"montag_von_bis":"00:00 - 24:00","dienstag_von_bis":"00:00 - 24:00","mittwoch_von_bis":"00:00 - 24:00","donnerstag_von_bis":"00:00 - 24:00","freitag_von_bis":"00:00 - 24:00","samstag_von_bis":"00:00 - 24:00","sonntag_von_bis":"00:00 - 24:00","partner_adresse":"Korytovsk\u00e1 362\/3, 951 41 Lu\u017eianky","partner_land_bundesland":"Slowakei","partner_tel_1":"","partner_tel_2":"00421 9035 50845","partner_web":"http:\/\/www.redoakgolf.sk","partner_mail":"info@redoakgolf.sk","partner_spielbahnen_par":"18\/72","partner_laenge":"schwarz: 6.140 m rot: 4.759 m","partner_bedingungen":"","partner_anfahrt":"Ca. 96 km o\u0308stlich von Bratislava.","partner_misc":null,"additional_css_classes":""},"yoast_head":"<!-- This site is optimized with the Yoast SEO plugin v26.8 - https:\/\/yoast.com\/product\/yoast-seo-wordpress\/ -->\n<title>GC Red Oak - Fairway 2 Hotel<\/title>\n<meta name=\"robots\" content=\"index, follow, max-snippet:-1, max-image-preview:large, max-video-preview:-1\" \/>\n<link rel=\"canonical\" href=\"https:\/\/fairway2hotel.at\/en\/golfclubs\/slowakei\/red-oak-golf-club\/\" \/>\n<meta property=\"og:locale\" content=\"en_US\" \/>\n<meta property=\"og:type\" content=\"article\" \/>\n<meta property=\"og:title\" content=\"GC Red Oak - Fairway 2 Hotel\" \/>\n<meta property=\"og:description\" content=\"Golf am Fu\u00dfe des Berges Zobor RED OAK ist ein neuer Golfplatz, der eine einzigartige nat\u00fcrliche Umgebung, erstklassige Dienstleistungen und einen 18-Loch-Golfplatz, der den h\u00f6chsten Qualit\u00e4tsstandards entspricht, vereinigt . Die sch\u00f6ne Aussicht auf den ausgedehnten Golfplatz, die Stadt Nitra, die umliegenden historischen Geb\u00e4ude und der Blick auf den dominanten Berg Zobor begleiten die Spieler w\u00e4hrend [&hellip;]\" \/>\n<meta property=\"og:url\" content=\"https:\/\/fairway2hotel.at\/en\/golfclubs\/slowakei\/red-oak-golf-club\/\" \/>\n<meta property=\"og:site_name\" content=\"Fairway 2 Hotel\" \/>\n<meta property=\"article:modified_time\" content=\"2025-03-13T14:34:46+00:00\" \/>\n<meta name=\"twitter:card\" content=\"summary_large_image\" \/>\n<meta name=\"twitter:label1\" content=\"Est. reading time\" \/>\n\t<meta name=\"twitter:data1\" content=\"2 minutes\" \/>\n<script type=\"application\/ld+json\" class=\"yoast-schema-graph\">{\"@context\":\"https:\/\/schema.org\",\"@graph\":[{\"@type\":\"WebPage\",\"@id\":\"https:\/\/fairway2hotel.at\/en\/golfclubs\/slowakei\/red-oak-golf-club\/\",\"url\":\"https:\/\/fairway2hotel.at\/en\/golfclubs\/slowakei\/red-oak-golf-club\/\",\"name\":\"GC Red Oak - Fairway 2 Hotel\",\"isPartOf\":{\"@id\":\"https:\/\/fairway2hotel.at\/en\/#website\"},\"datePublished\":\"2016-10-07T07:53:01+00:00\",\"dateModified\":\"2025-03-13T14:34:46+00:00\",\"breadcrumb\":{\"@id\":\"https:\/\/fairway2hotel.at\/en\/golfclubs\/slowakei\/red-oak-golf-club\/#breadcrumb\"},\"inLanguage\":\"en-US\",\"potentialAction\":[{\"@type\":\"ReadAction\",\"target\":[\"https:\/\/fairway2hotel.at\/en\/golfclubs\/slowakei\/red-oak-golf-club\/\"]}]},{\"@type\":\"BreadcrumbList\",\"@id\":\"https:\/\/fairway2hotel.at\/en\/golfclubs\/slowakei\/red-oak-golf-club\/#breadcrumb\",\"itemListElement\":[{\"@type\":\"ListItem\",\"position\":1,\"name\":\"Home\",\"item\":\"https:\/\/fairway2hotel.at\/en\/\"},{\"@type\":\"ListItem\",\"position\":2,\"name\":\"Golfclubs\",\"item\":\"https:\/\/fairway2hotel.at\/en\/golfclubs\/\"},{\"@type\":\"ListItem\",\"position\":3,\"name\":\"Golfclubs Slowakei\",\"item\":\"https:\/\/fairway2hotel.at\/en\/golfclubs\/slowakei\/\"},{\"@type\":\"ListItem\",\"position\":4,\"name\":\"GC Red Oak\"}]},{\"@type\":\"WebSite\",\"@id\":\"https:\/\/fairway2hotel.at\/en\/#website\",\"url\":\"https:\/\/fairway2hotel.at\/en\/\",\"name\":\"Fairway 2 Hotel\",\"description\":\"Golf at half price! 2 play - 1 pays\",\"potentialAction\":[{\"@type\":\"SearchAction\",\"target\":{\"@type\":\"EntryPoint\",\"urlTemplate\":\"https:\/\/fairway2hotel.at\/en\/?s={search_term_string}\"},\"query-input\":{\"@type\":\"PropertyValueSpecification\",\"valueRequired\":true,\"valueName\":\"search_term_string\"}}],\"inLanguage\":\"en-US\"}]}<\/script>\n<!-- \/ Yoast SEO plugin. -->","yoast_head_json":{"title":"GC Red Oak - Fairway 2 Hotel","robots":{"index":"index","follow":"follow","max-snippet":"max-snippet:-1","max-image-preview":"max-image-preview:large","max-video-preview":"max-video-preview:-1"},"canonical":"https:\/\/fairway2hotel.at\/en\/golfclubs\/slowakei\/red-oak-golf-club\/","og_locale":"en_US","og_type":"article","og_title":"GC Red Oak - Fairway 2 Hotel","og_description":"Golf am Fu\u00dfe des Berges Zobor RED OAK ist ein neuer Golfplatz, der eine einzigartige nat\u00fcrliche Umgebung, erstklassige Dienstleistungen und einen 18-Loch-Golfplatz, der den h\u00f6chsten Qualit\u00e4tsstandards entspricht, vereinigt . Die sch\u00f6ne Aussicht auf den ausgedehnten Golfplatz, die Stadt Nitra, die umliegenden historischen Geb\u00e4ude und der Blick auf den dominanten Berg Zobor begleiten die Spieler w\u00e4hrend [&hellip;]","og_url":"https:\/\/fairway2hotel.at\/en\/golfclubs\/slowakei\/red-oak-golf-club\/","og_site_name":"Fairway 2 Hotel","article_modified_time":"2025-03-13T14:34:46+00:00","twitter_card":"summary_large_image","twitter_misc":{"Est. reading time":"2 minutes"},"schema":{"@context":"https:\/\/schema.org","@graph":[{"@type":"WebPage","@id":"https:\/\/fairway2hotel.at\/en\/golfclubs\/slowakei\/red-oak-golf-club\/","url":"https:\/\/fairway2hotel.at\/en\/golfclubs\/slowakei\/red-oak-golf-club\/","name":"GC Red Oak - Fairway 2 Hotel","isPartOf":{"@id":"https:\/\/fairway2hotel.at\/en\/#website"},"datePublished":"2016-10-07T07:53:01+00:00","dateModified":"2025-03-13T14:34:46+00:00","breadcrumb":{"@id":"https:\/\/fairway2hotel.at\/en\/golfclubs\/slowakei\/red-oak-golf-club\/#breadcrumb"},"inLanguage":"en-US","potentialAction":[{"@type":"ReadAction","target":["https:\/\/fairway2hotel.at\/en\/golfclubs\/slowakei\/red-oak-golf-club\/"]}]},{"@type":"BreadcrumbList","@id":"https:\/\/fairway2hotel.at\/en\/golfclubs\/slowakei\/red-oak-golf-club\/#breadcrumb","itemListElement":[{"@type":"ListItem","position":1,"name":"Home","item":"https:\/\/fairway2hotel.at\/en\/"},{"@type":"ListItem","position":2,"name":"Golfclubs","item":"https:\/\/fairway2hotel.at\/en\/golfclubs\/"},{"@type":"ListItem","position":3,"name":"Golfclubs Slowakei","item":"https:\/\/fairway2hotel.at\/en\/golfclubs\/slowakei\/"},{"@type":"ListItem","position":4,"name":"GC Red Oak"}]},{"@type":"WebSite","@id":"https:\/\/fairway2hotel.at\/en\/#website","url":"https:\/\/fairway2hotel.at\/en\/","name":"Fairway 2 Hotel","description":"Golf at half price! 2 play - 1 pays","potentialAction":[{"@type":"SearchAction","target":{"@type":"EntryPoint","urlTemplate":"https:\/\/fairway2hotel.at\/en\/?s={search_term_string}"},"query-input":{"@type":"PropertyValueSpecification","valueRequired":true,"valueName":"search_term_string"}}],"inLanguage":"en-US"}]}},"_links":{"self":[{"href":"https:\/\/fairway2hotel.at\/en\/wp-json\/wp\/v2\/pages\/1423","targetHints":{"allow":["GET"]}}],"collection":[{"href":"https:\/\/fairway2hotel.at\/en\/wp-json\/wp\/v2\/pages"}],"about":[{"href":"https:\/\/fairway2hotel.at\/en\/wp-json\/wp\/v2\/types\/page"}],"author":[{"embeddable":true,"href":"https:\/\/fairway2hotel.at\/en\/wp-json\/wp\/v2\/users\/1"}],"replies":[{"embeddable":true,"href":"https:\/\/fairway2hotel.at\/en\/wp-json\/wp\/v2\/comments?post=1423"}],"version-history":[{"count":5,"href":"https:\/\/fairway2hotel.at\/en\/wp-json\/wp\/v2\/pages\/1423\/revisions"}],"predecessor-version":[{"id":46504,"href":"https:\/\/fairway2hotel.at\/en\/wp-json\/wp\/v2\/pages\/1423\/revisions\/46504"}],"up":[{"embeddable":true,"href":"https:\/\/fairway2hotel.at\/en\/wp-json\/wp\/v2\/pages\/1733"}],"acf:attachment":[{"embeddable":true,"href":"https:\/\/fairway2hotel.at\/en\/wp-json\/wp\/v2\/media\/1421"},{"embeddable":true,"href":"https:\/\/fairway2hotel.at\/en\/wp-json\/wp\/v2\/media\/1420"}],"wp:attachment":[{"href":"https:\/\/fairway2hotel.at\/en\/wp-json\/wp\/v2\/media?parent=1423"}],"curies":[{"name":"wp","href":"https:\/\/api.w.org\/{rel}","templated":true}]}}