{"id":1427,"date":"2016-10-07T09:53:01","date_gmt":"2016-10-07T07:53:01","guid":{"rendered":"https:\/\/f2h.app\/sedin-golf-resort\/"},"modified":"2025-03-13T15:35:43","modified_gmt":"2025-03-13T14:35:43","slug":"sedin-golf-resort","status":"publish","type":"page","link":"https:\/\/fairway2hotel.at\/en\/golfclubs\/slowakei\/sedin-golf-resort\/","title":{"rendered":"GC Sedin Golf Resort"},"content":{"rendered":"<h2>Gro\u00dfe Ruhe an der Kleinen Donau<\/h2>\n<p>In den malerischen Auw\u00e4ldern der kleinen Donau liegt auf einer Fl\u00e4che von mehr als 120 Hektar der Golfplatz &#8220;Sedin Golf Resort&#8221;. Die L\u00f6cher befinden sich in wunderbarer Naturlandschaft mit W\u00e4ldern, Seen und Links. In absolut abgeschiedener Ruhe spielen Sie auf einem abwechslungsreichen Platz mit traumhafter Kulisse.<br \/>\nF\u00fcr \u00dcbungszwecke stehen eine \u00fcberdachte Driving-Range, zwei Einloch-Akademien und \u00dcbungsfl\u00e4chen mit hoher Trainingsqualit\u00e4t zur Verf\u00fcgung. Die Fairways sind breit und gro\u00dfz\u00fcgig angelegt. Die Greens sind sanft in die Landschaft modelliert. Ein modernes Klubhaus der 2017 er\u00f6ffneten Anlage bietet Entspannung, Ruhe und kulinarische Gen\u00fcsse. Klubhaus mit Terrasse und Restaurant sowie ein separater Veranstaltungssaal bieten vielf\u00e4ltige M\u00f6glichkeiten f\u00fcr Veranstaltungen.<\/p>\n<h2>Great tranquillity on the Little Danube<\/h2>\n<p>The golf course \u201cSedin Golf Resort\u201d is located in the picturesque alluvial forests of the Little Danube on an area of more than 120 hectares. The holes are set in a wonderful natural landscape with forests, lakes and links. You can play in absolute seclusion on a varied course with a fantastic backdrop.<br \/>\nA covered driving range, two one-hole academies and practice areas with high training quality are available for practice purposes. The fairways are wide and generously laid out. The greens are gently sculpted into the landscape. A modern clubhouse at the course, which opened in 2017, offers relaxation, tranquillity and culinary delights. The clubhouse with terrace and restaurant as well as a separate event hall offer a wide range of options for events.<\/p>\n","protected":false},"excerpt":{"rendered":"<p>Gro\u00dfe Ruhe an der Kleinen Donau In den malerischen Auw\u00e4ldern der kleinen Donau liegt auf einer Fl\u00e4che von mehr als 120 Hektar der Golfplatz &#8220;Sedin Golf Resort&#8221;. Die L\u00f6cher befinden sich in wunderbarer Naturlandschaft mit W\u00e4ldern, Seen und Links. In absolut abgeschiedener Ruhe spielen Sie auf einem abwechslungsreichen Platz mit traumhafter Kulisse. F\u00fcr \u00dcbungszwecke stehen [&hellip;]<\/p>\n","protected":false},"author":1,"featured_media":0,"parent":1733,"menu_order":25,"comment_status":"closed","ping_status":"closed","template":"page-partner.php","meta":{"_acf_changed":false,"footnotes":""},"class_list":["post-1427","page","type-page","status-publish","hentry"],"acf":{"partner_infobox":"<strong>Adresse:\u00a0<\/strong>Nov\u00e9 Osady 110, 925 22 Ve\u013ek\u00e9 \u00da\u013eany, Slowakei\r\n\r\n<strong>Tel: <\/strong>+421 948 610 387\r\n\r\n<strong>Web: <\/strong><a href=\"https:\/\/www.golfsedin.sk\/\" target=\"_blank\" rel=\"nofollow noopener noreferrer\">www.golfsedin.sk<\/a>\r\n\r\n<strong>E-Mail:<\/strong>\r\n<a href=\"mailto:info@golfsedin.sk\">info@golfsedin.sk<\/a>\r\n<a href=\"mailto:event@golfsedin.sk\">event@golfsedin.sk<\/a>\r\n\r\n<strong>Spielbahnen\/Par: <\/strong>18\/73\r\n\r\n<strong>La\u0308nge:\r\n<\/strong>Schwarz: 6492m\r\nWei\u00df: 6356m\r\nGelb: 5962m\r\nRot: 5183m\r\n\r\n<strong>Anfahrt:\r\n<\/strong>GPS 48.1146022 17.5854797\r\nVon Bratislava \u2192 Z\u030cilina auf Auto- bahn D1, Abfahrt \u2192 Senec. Dann \u2192 Sla\u0301dkovicovo, Abfahrt \u2192 Vel\u2019ke\u0301 U\u0301l\u2019any. An der Strecke sind mehrere Hinweisschilder nach Sedin Golf Resort.","partner_logo":1426,"partner_gallery":[1424,1425],"partner_lat":48.123924,"partner_long":17.584124,"partner_type":"golfclub","partner_openings":["1","2","3","4","5","6","7"],"montag_von_bis":"00:00 - 24:00","dienstag_von_bis":"00:00 - 24:00","mittwoch_von_bis":"00:00 - 24:00","donnerstag_von_bis":"00:00 - 24:00","freitag_von_bis":"00:00 - 24:00","samstag_von_bis":"00:00 - 24:00","sonntag_von_bis":"00:00 - 24:00","partner_adresse":"Nov\u00e9 Osady 110, 925 22 Ve\u013ek\u00e9 \u00da\u013eany","partner_land_bundesland":"Slowakei","partner_tel_1":"","partner_tel_2":"00421 948 610 387","partner_web":"http:\/\/www.golfsedin.sk","partner_mail":"info@golfsedin.sk","partner_spielbahnen_par":"18\/73","partner_laenge":"Schwarz: 6492m Wei\u00df: 6356m Gelb: 5962m Rot: 5183m","partner_bedingungen":"","partner_anfahrt":"GPS 48.1146022 17.5854797 Von Bratislava \u2192 Z\u030cilina auf Auto- bahn D1, Abfahrt \u2192 Senec. Dann \u2192 Sla\u0301dkovicovo, Abfahrt \u2192 Vel\u2019ke\u0301 U\u0301l\u2019any. An der Strecke sind mehrere Hinweisschilder nach Sedin Golf Resort.","partner_misc":null,"additional_css_classes":""},"yoast_head":"<!-- This site is optimized with the Yoast SEO plugin v26.8 - https:\/\/yoast.com\/product\/yoast-seo-wordpress\/ -->\n<title>GC Sedin Golf Resort - Fairway 2 Hotel<\/title>\n<meta name=\"robots\" content=\"index, follow, max-snippet:-1, max-image-preview:large, max-video-preview:-1\" \/>\n<link rel=\"canonical\" href=\"https:\/\/fairway2hotel.at\/en\/golfclubs\/slowakei\/sedin-golf-resort\/\" \/>\n<meta property=\"og:locale\" content=\"en_US\" \/>\n<meta property=\"og:type\" content=\"article\" \/>\n<meta property=\"og:title\" content=\"GC Sedin Golf Resort - Fairway 2 Hotel\" \/>\n<meta property=\"og:description\" content=\"Gro\u00dfe Ruhe an der Kleinen Donau In den malerischen Auw\u00e4ldern der kleinen Donau liegt auf einer Fl\u00e4che von mehr als 120 Hektar der Golfplatz &#8220;Sedin Golf Resort&#8221;. Die L\u00f6cher befinden sich in wunderbarer Naturlandschaft mit W\u00e4ldern, Seen und Links. In absolut abgeschiedener Ruhe spielen Sie auf einem abwechslungsreichen Platz mit traumhafter Kulisse. F\u00fcr \u00dcbungszwecke stehen [&hellip;]\" \/>\n<meta property=\"og:url\" content=\"https:\/\/fairway2hotel.at\/en\/golfclubs\/slowakei\/sedin-golf-resort\/\" \/>\n<meta property=\"og:site_name\" content=\"Fairway 2 Hotel\" \/>\n<meta property=\"article:modified_time\" content=\"2025-03-13T14:35:43+00:00\" \/>\n<meta name=\"twitter:card\" content=\"summary_large_image\" \/>\n<meta name=\"twitter:label1\" content=\"Est. reading time\" \/>\n\t<meta name=\"twitter:data1\" content=\"2 minutes\" \/>\n<script type=\"application\/ld+json\" class=\"yoast-schema-graph\">{\"@context\":\"https:\/\/schema.org\",\"@graph\":[{\"@type\":\"WebPage\",\"@id\":\"https:\/\/fairway2hotel.at\/en\/golfclubs\/slowakei\/sedin-golf-resort\/\",\"url\":\"https:\/\/fairway2hotel.at\/en\/golfclubs\/slowakei\/sedin-golf-resort\/\",\"name\":\"GC Sedin Golf Resort - Fairway 2 Hotel\",\"isPartOf\":{\"@id\":\"https:\/\/fairway2hotel.at\/en\/#website\"},\"datePublished\":\"2016-10-07T07:53:01+00:00\",\"dateModified\":\"2025-03-13T14:35:43+00:00\",\"breadcrumb\":{\"@id\":\"https:\/\/fairway2hotel.at\/en\/golfclubs\/slowakei\/sedin-golf-resort\/#breadcrumb\"},\"inLanguage\":\"en-US\",\"potentialAction\":[{\"@type\":\"ReadAction\",\"target\":[\"https:\/\/fairway2hotel.at\/en\/golfclubs\/slowakei\/sedin-golf-resort\/\"]}]},{\"@type\":\"BreadcrumbList\",\"@id\":\"https:\/\/fairway2hotel.at\/en\/golfclubs\/slowakei\/sedin-golf-resort\/#breadcrumb\",\"itemListElement\":[{\"@type\":\"ListItem\",\"position\":1,\"name\":\"Home\",\"item\":\"https:\/\/fairway2hotel.at\/en\/\"},{\"@type\":\"ListItem\",\"position\":2,\"name\":\"Golfclubs\",\"item\":\"https:\/\/fairway2hotel.at\/en\/golfclubs\/\"},{\"@type\":\"ListItem\",\"position\":3,\"name\":\"Golfclubs Slowakei\",\"item\":\"https:\/\/fairway2hotel.at\/en\/golfclubs\/slowakei\/\"},{\"@type\":\"ListItem\",\"position\":4,\"name\":\"GC Sedin Golf Resort\"}]},{\"@type\":\"WebSite\",\"@id\":\"https:\/\/fairway2hotel.at\/en\/#website\",\"url\":\"https:\/\/fairway2hotel.at\/en\/\",\"name\":\"Fairway 2 Hotel\",\"description\":\"Golf at half price! 2 play - 1 pays\",\"potentialAction\":[{\"@type\":\"SearchAction\",\"target\":{\"@type\":\"EntryPoint\",\"urlTemplate\":\"https:\/\/fairway2hotel.at\/en\/?s={search_term_string}\"},\"query-input\":{\"@type\":\"PropertyValueSpecification\",\"valueRequired\":true,\"valueName\":\"search_term_string\"}}],\"inLanguage\":\"en-US\"}]}<\/script>\n<!-- \/ Yoast SEO plugin. -->","yoast_head_json":{"title":"GC Sedin Golf Resort - Fairway 2 Hotel","robots":{"index":"index","follow":"follow","max-snippet":"max-snippet:-1","max-image-preview":"max-image-preview:large","max-video-preview":"max-video-preview:-1"},"canonical":"https:\/\/fairway2hotel.at\/en\/golfclubs\/slowakei\/sedin-golf-resort\/","og_locale":"en_US","og_type":"article","og_title":"GC Sedin Golf Resort - Fairway 2 Hotel","og_description":"Gro\u00dfe Ruhe an der Kleinen Donau In den malerischen Auw\u00e4ldern der kleinen Donau liegt auf einer Fl\u00e4che von mehr als 120 Hektar der Golfplatz &#8220;Sedin Golf Resort&#8221;. Die L\u00f6cher befinden sich in wunderbarer Naturlandschaft mit W\u00e4ldern, Seen und Links. In absolut abgeschiedener Ruhe spielen Sie auf einem abwechslungsreichen Platz mit traumhafter Kulisse. F\u00fcr \u00dcbungszwecke stehen [&hellip;]","og_url":"https:\/\/fairway2hotel.at\/en\/golfclubs\/slowakei\/sedin-golf-resort\/","og_site_name":"Fairway 2 Hotel","article_modified_time":"2025-03-13T14:35:43+00:00","twitter_card":"summary_large_image","twitter_misc":{"Est. reading time":"2 minutes"},"schema":{"@context":"https:\/\/schema.org","@graph":[{"@type":"WebPage","@id":"https:\/\/fairway2hotel.at\/en\/golfclubs\/slowakei\/sedin-golf-resort\/","url":"https:\/\/fairway2hotel.at\/en\/golfclubs\/slowakei\/sedin-golf-resort\/","name":"GC Sedin Golf Resort - Fairway 2 Hotel","isPartOf":{"@id":"https:\/\/fairway2hotel.at\/en\/#website"},"datePublished":"2016-10-07T07:53:01+00:00","dateModified":"2025-03-13T14:35:43+00:00","breadcrumb":{"@id":"https:\/\/fairway2hotel.at\/en\/golfclubs\/slowakei\/sedin-golf-resort\/#breadcrumb"},"inLanguage":"en-US","potentialAction":[{"@type":"ReadAction","target":["https:\/\/fairway2hotel.at\/en\/golfclubs\/slowakei\/sedin-golf-resort\/"]}]},{"@type":"BreadcrumbList","@id":"https:\/\/fairway2hotel.at\/en\/golfclubs\/slowakei\/sedin-golf-resort\/#breadcrumb","itemListElement":[{"@type":"ListItem","position":1,"name":"Home","item":"https:\/\/fairway2hotel.at\/en\/"},{"@type":"ListItem","position":2,"name":"Golfclubs","item":"https:\/\/fairway2hotel.at\/en\/golfclubs\/"},{"@type":"ListItem","position":3,"name":"Golfclubs Slowakei","item":"https:\/\/fairway2hotel.at\/en\/golfclubs\/slowakei\/"},{"@type":"ListItem","position":4,"name":"GC Sedin Golf Resort"}]},{"@type":"WebSite","@id":"https:\/\/fairway2hotel.at\/en\/#website","url":"https:\/\/fairway2hotel.at\/en\/","name":"Fairway 2 Hotel","description":"Golf at half price! 2 play - 1 pays","potentialAction":[{"@type":"SearchAction","target":{"@type":"EntryPoint","urlTemplate":"https:\/\/fairway2hotel.at\/en\/?s={search_term_string}"},"query-input":{"@type":"PropertyValueSpecification","valueRequired":true,"valueName":"search_term_string"}}],"inLanguage":"en-US"}]}},"_links":{"self":[{"href":"https:\/\/fairway2hotel.at\/en\/wp-json\/wp\/v2\/pages\/1427","targetHints":{"allow":["GET"]}}],"collection":[{"href":"https:\/\/fairway2hotel.at\/en\/wp-json\/wp\/v2\/pages"}],"about":[{"href":"https:\/\/fairway2hotel.at\/en\/wp-json\/wp\/v2\/types\/page"}],"author":[{"embeddable":true,"href":"https:\/\/fairway2hotel.at\/en\/wp-json\/wp\/v2\/users\/1"}],"replies":[{"embeddable":true,"href":"https:\/\/fairway2hotel.at\/en\/wp-json\/wp\/v2\/comments?post=1427"}],"version-history":[{"count":7,"href":"https:\/\/fairway2hotel.at\/en\/wp-json\/wp\/v2\/pages\/1427\/revisions"}],"predecessor-version":[{"id":46505,"href":"https:\/\/fairway2hotel.at\/en\/wp-json\/wp\/v2\/pages\/1427\/revisions\/46505"}],"up":[{"embeddable":true,"href":"https:\/\/fairway2hotel.at\/en\/wp-json\/wp\/v2\/pages\/1733"}],"acf:attachment":[{"embeddable":true,"href":"https:\/\/fairway2hotel.at\/en\/wp-json\/wp\/v2\/media\/1425"},{"embeddable":true,"href":"https:\/\/fairway2hotel.at\/en\/wp-json\/wp\/v2\/media\/1424"}],"wp:attachment":[{"href":"https:\/\/fairway2hotel.at\/en\/wp-json\/wp\/v2\/media?parent=1427"}],"curies":[{"name":"wp","href":"https:\/\/api.w.org\/{rel}","templated":true}]}}