{"id":159,"date":"2009-07-07T01:01:16","date_gmt":"2009-07-06T23:01:16","guid":{"rendered":"https:\/\/f2h.app\/golfclub-pfarrkirchen\/"},"modified":"2025-04-19T14:36:47","modified_gmt":"2025-04-19T12:36:47","slug":"golfclub-pfarrkirchen","status":"publish","type":"page","link":"https:\/\/fairway2hotel.at\/en\/golfclubs\/oberoesterreich\/golfclub-pfarrkirchen\/","title":{"rendered":"GC Pfarrkirchen im M\u00fchlviertel"},"content":{"rendered":"<h2>Ein Meisterst\u00fcck von einem 9-Hole-Parcours. Fairways nach schottischem Vorbild.<\/h2>\n<p>50 km von Linz entfernt befindet sich auf einer Seeh\u00f6he von 800 m vor den Toren des Ortes Pfarrkirchen dieses Meisterst\u00fcck eines 9-Hole-Courses. Die Fairways wurden nach schottischem Vorbild gebaut und schmiegen sich in die herrliche Landschaft des h\u00fcgeligen M\u00fchlviertels ein. Gut verteidigte Gr\u00fcns und viele Wasserhindernisse sorgen f\u00fcr ein aufregendes und anspruchvolles Spiel. An klaren Tagen bietet sich dem Golfer auf dem Platz oder von der Terrasse des Clubhauses ein beeindruckender Fernblick \u00fcber das Alpenvorland, den Schneeberg bis zu den Nordtiroler Kalkalpen und weit in das bayerische Alpenvorland \u2013 vielleicht \u00d6sterreichs aussichtsreichster Golfplatz.<\/p>\n<h2>A masterpiece of a 9-hole course. Fairways modelled on those in Scotland.<\/h2>\n<p>This masterpiece of a 9-hole course is located 50 kilometres from Linz at an altitude of 800 metres just outside the village of Pfarrkirchen. The fairways were modelled on those in Scotland and nestle into the beautiful landscape of the hilly M\u00fchlviertel. Well-defended greens and many water hazards make for an exciting and challenging game. On clear days, golfers on the course or from the terrace of the clubhouse can enjoy an impressive distant view over the Alpine foothills, the Schneeberg to the North Tyrolean Limestone Alps and far into the Bavarian Alpine foothills &#8211; perhaps Austria&#8217;s most panoramic golf course.<\/p>\n","protected":false},"excerpt":{"rendered":"<p>Ein Meisterst\u00fcck von einem 9-Hole-Parcours. Fairways nach schottischem Vorbild. 50 km von Linz entfernt befindet sich auf einer Seeh\u00f6he von 800 m vor den Toren des Ortes Pfarrkirchen dieses Meisterst\u00fcck eines 9-Hole-Courses. Die Fairways wurden nach schottischem Vorbild gebaut und schmiegen sich in die herrliche Landschaft des h\u00fcgeligen M\u00fchlviertels ein. Gut verteidigte Gr\u00fcns und viele [&hellip;]<\/p>\n","protected":false},"author":1,"featured_media":0,"parent":1473,"menu_order":6,"comment_status":"closed","ping_status":"closed","template":"page-partner.php","meta":{"_acf_changed":false,"footnotes":""},"class_list":["post-159","page","type-page","status-publish","hentry"],"acf":{"partner_infobox":"<strong>Adresse:\u00a0<\/strong>A-4141, Pfarrkirchen\/M. 12\r\n\r\n<strong>Tel:\u00a0<\/strong>+43 7285\/64 20\r\n\r\n<strong>Fax:\u00a0<\/strong>+43 7285\/64 20-4\r\n\r\n<strong>Web: <\/strong><a href=\"http:\/\/www.gcpfarrkirchen.at\" target=\"_blank\" rel=\"nofollow noopener\">www.gcpfarrkirchen.at<\/a>\r\n\r\n<strong>E-Mail:<\/strong> <a href=\"mailto:gcpfarrkirchen@golf.at\">gcpfarrkirchen@golf.at<\/a>\r\n\r\n<strong>Spielbahnen\/Par: <\/strong>9\/68\r\n\r\n<strong>La\u0308nge: <\/strong>gelb: 4.846 m\/rot: 4.324 m\r\n\r\n<strong>Anfahrt:\r\n<\/strong>von Linz: (50 km) auf B127 \u2192 Abzweigung Lembach.von Passau: (40 km) \u00fcber Obernzell \u2192 Staatsgrenze Oberkappel","partner_logo":158,"partner_gallery":[157,46816,46818,46820,46822,46824],"partner_lat":48.50356,"partner_long":13.82446,"partner_type":"golfclub","partner_openings":["1","2","3","4","5","6","7"],"montag_von_bis":"00:00 - 24:00","dienstag_von_bis":"00:00 - 24:00","mittwoch_von_bis":"00:00 - 24:00","donnerstag_von_bis":"00:00 - 24:00","freitag_von_bis":"00:00 - 24:00","samstag_von_bis":"00:00 - 24:00","sonntag_von_bis":"00:00 - 24:00","partner_adresse":"4141 Pfarrkirchen\/M. 12","partner_land_bundesland":"Ober\u00f6sterreich","partner_tel_1":"0043 7285 64 204","partner_tel_2":"0043 7285 64 20","partner_web":"http:\/\/www.gcpfarrkirchen.at","partner_mail":"office@gcpfarrkirchen.at","partner_spielbahnen_par":"9\/68","partner_laenge":"gelb: 4.846 m\/rot: 4.324 m","partner_bedingungen":"","partner_anfahrt":"von Linz: (50 km) auf B127 \u2192 Abzweigung Lembach.von Passau: (40 km) \u00fcber Obernzell \u2192 Staatsgrenze Oberkappel","partner_misc":null,"additional_css_classes":""},"yoast_head":"<!-- This site is optimized with the Yoast SEO plugin v26.8 - https:\/\/yoast.com\/product\/yoast-seo-wordpress\/ -->\n<title>GC Pfarrkirchen im M\u00fchlviertel - Fairway 2 Hotel<\/title>\n<meta name=\"robots\" content=\"index, follow, max-snippet:-1, max-image-preview:large, max-video-preview:-1\" \/>\n<link rel=\"canonical\" href=\"https:\/\/fairway2hotel.at\/en\/golfclubs\/oberoesterreich\/golfclub-pfarrkirchen\/\" \/>\n<meta property=\"og:locale\" content=\"en_US\" \/>\n<meta property=\"og:type\" content=\"article\" \/>\n<meta property=\"og:title\" content=\"GC Pfarrkirchen im M\u00fchlviertel - Fairway 2 Hotel\" \/>\n<meta property=\"og:description\" content=\"Ein Meisterst\u00fcck von einem 9-Hole-Parcours. Fairways nach schottischem Vorbild. 50 km von Linz entfernt befindet sich auf einer Seeh\u00f6he von 800 m vor den Toren des Ortes Pfarrkirchen dieses Meisterst\u00fcck eines 9-Hole-Courses. Die Fairways wurden nach schottischem Vorbild gebaut und schmiegen sich in die herrliche Landschaft des h\u00fcgeligen M\u00fchlviertels ein. Gut verteidigte Gr\u00fcns und viele [&hellip;]\" \/>\n<meta property=\"og:url\" content=\"https:\/\/fairway2hotel.at\/en\/golfclubs\/oberoesterreich\/golfclub-pfarrkirchen\/\" \/>\n<meta property=\"og:site_name\" content=\"Fairway 2 Hotel\" \/>\n<meta property=\"article:modified_time\" content=\"2025-04-19T12:36:47+00:00\" \/>\n<meta name=\"twitter:card\" content=\"summary_large_image\" \/>\n<meta name=\"twitter:label1\" content=\"Est. reading time\" \/>\n\t<meta name=\"twitter:data1\" content=\"2 minutes\" \/>\n<script type=\"application\/ld+json\" class=\"yoast-schema-graph\">{\"@context\":\"https:\/\/schema.org\",\"@graph\":[{\"@type\":\"WebPage\",\"@id\":\"https:\/\/fairway2hotel.at\/en\/golfclubs\/oberoesterreich\/golfclub-pfarrkirchen\/\",\"url\":\"https:\/\/fairway2hotel.at\/en\/golfclubs\/oberoesterreich\/golfclub-pfarrkirchen\/\",\"name\":\"GC Pfarrkirchen im M\u00fchlviertel - Fairway 2 Hotel\",\"isPartOf\":{\"@id\":\"https:\/\/fairway2hotel.at\/en\/#website\"},\"datePublished\":\"2009-07-06T23:01:16+00:00\",\"dateModified\":\"2025-04-19T12:36:47+00:00\",\"breadcrumb\":{\"@id\":\"https:\/\/fairway2hotel.at\/en\/golfclubs\/oberoesterreich\/golfclub-pfarrkirchen\/#breadcrumb\"},\"inLanguage\":\"en-US\",\"potentialAction\":[{\"@type\":\"ReadAction\",\"target\":[\"https:\/\/fairway2hotel.at\/en\/golfclubs\/oberoesterreich\/golfclub-pfarrkirchen\/\"]}]},{\"@type\":\"BreadcrumbList\",\"@id\":\"https:\/\/fairway2hotel.at\/en\/golfclubs\/oberoesterreich\/golfclub-pfarrkirchen\/#breadcrumb\",\"itemListElement\":[{\"@type\":\"ListItem\",\"position\":1,\"name\":\"Home\",\"item\":\"https:\/\/fairway2hotel.at\/en\/\"},{\"@type\":\"ListItem\",\"position\":2,\"name\":\"Golfclubs\",\"item\":\"https:\/\/fairway2hotel.at\/en\/golfclubs\/\"},{\"@type\":\"ListItem\",\"position\":3,\"name\":\"Golfclubs Ober\u00f6sterreich\",\"item\":\"https:\/\/fairway2hotel.at\/en\/golfclubs\/oberoesterreich\/\"},{\"@type\":\"ListItem\",\"position\":4,\"name\":\"GC Pfarrkirchen im M\u00fchlviertel\"}]},{\"@type\":\"WebSite\",\"@id\":\"https:\/\/fairway2hotel.at\/en\/#website\",\"url\":\"https:\/\/fairway2hotel.at\/en\/\",\"name\":\"Fairway 2 Hotel\",\"description\":\"Golf at half price! 2 play - 1 pays\",\"potentialAction\":[{\"@type\":\"SearchAction\",\"target\":{\"@type\":\"EntryPoint\",\"urlTemplate\":\"https:\/\/fairway2hotel.at\/en\/?s={search_term_string}\"},\"query-input\":{\"@type\":\"PropertyValueSpecification\",\"valueRequired\":true,\"valueName\":\"search_term_string\"}}],\"inLanguage\":\"en-US\"}]}<\/script>\n<!-- \/ Yoast SEO plugin. -->","yoast_head_json":{"title":"GC Pfarrkirchen im M\u00fchlviertel - Fairway 2 Hotel","robots":{"index":"index","follow":"follow","max-snippet":"max-snippet:-1","max-image-preview":"max-image-preview:large","max-video-preview":"max-video-preview:-1"},"canonical":"https:\/\/fairway2hotel.at\/en\/golfclubs\/oberoesterreich\/golfclub-pfarrkirchen\/","og_locale":"en_US","og_type":"article","og_title":"GC Pfarrkirchen im M\u00fchlviertel - Fairway 2 Hotel","og_description":"Ein Meisterst\u00fcck von einem 9-Hole-Parcours. Fairways nach schottischem Vorbild. 50 km von Linz entfernt befindet sich auf einer Seeh\u00f6he von 800 m vor den Toren des Ortes Pfarrkirchen dieses Meisterst\u00fcck eines 9-Hole-Courses. Die Fairways wurden nach schottischem Vorbild gebaut und schmiegen sich in die herrliche Landschaft des h\u00fcgeligen M\u00fchlviertels ein. Gut verteidigte Gr\u00fcns und viele [&hellip;]","og_url":"https:\/\/fairway2hotel.at\/en\/golfclubs\/oberoesterreich\/golfclub-pfarrkirchen\/","og_site_name":"Fairway 2 Hotel","article_modified_time":"2025-04-19T12:36:47+00:00","twitter_card":"summary_large_image","twitter_misc":{"Est. reading time":"2 minutes"},"schema":{"@context":"https:\/\/schema.org","@graph":[{"@type":"WebPage","@id":"https:\/\/fairway2hotel.at\/en\/golfclubs\/oberoesterreich\/golfclub-pfarrkirchen\/","url":"https:\/\/fairway2hotel.at\/en\/golfclubs\/oberoesterreich\/golfclub-pfarrkirchen\/","name":"GC Pfarrkirchen im M\u00fchlviertel - Fairway 2 Hotel","isPartOf":{"@id":"https:\/\/fairway2hotel.at\/en\/#website"},"datePublished":"2009-07-06T23:01:16+00:00","dateModified":"2025-04-19T12:36:47+00:00","breadcrumb":{"@id":"https:\/\/fairway2hotel.at\/en\/golfclubs\/oberoesterreich\/golfclub-pfarrkirchen\/#breadcrumb"},"inLanguage":"en-US","potentialAction":[{"@type":"ReadAction","target":["https:\/\/fairway2hotel.at\/en\/golfclubs\/oberoesterreich\/golfclub-pfarrkirchen\/"]}]},{"@type":"BreadcrumbList","@id":"https:\/\/fairway2hotel.at\/en\/golfclubs\/oberoesterreich\/golfclub-pfarrkirchen\/#breadcrumb","itemListElement":[{"@type":"ListItem","position":1,"name":"Home","item":"https:\/\/fairway2hotel.at\/en\/"},{"@type":"ListItem","position":2,"name":"Golfclubs","item":"https:\/\/fairway2hotel.at\/en\/golfclubs\/"},{"@type":"ListItem","position":3,"name":"Golfclubs Ober\u00f6sterreich","item":"https:\/\/fairway2hotel.at\/en\/golfclubs\/oberoesterreich\/"},{"@type":"ListItem","position":4,"name":"GC Pfarrkirchen im M\u00fchlviertel"}]},{"@type":"WebSite","@id":"https:\/\/fairway2hotel.at\/en\/#website","url":"https:\/\/fairway2hotel.at\/en\/","name":"Fairway 2 Hotel","description":"Golf at half price! 2 play - 1 pays","potentialAction":[{"@type":"SearchAction","target":{"@type":"EntryPoint","urlTemplate":"https:\/\/fairway2hotel.at\/en\/?s={search_term_string}"},"query-input":{"@type":"PropertyValueSpecification","valueRequired":true,"valueName":"search_term_string"}}],"inLanguage":"en-US"}]}},"_links":{"self":[{"href":"https:\/\/fairway2hotel.at\/en\/wp-json\/wp\/v2\/pages\/159","targetHints":{"allow":["GET"]}}],"collection":[{"href":"https:\/\/fairway2hotel.at\/en\/wp-json\/wp\/v2\/pages"}],"about":[{"href":"https:\/\/fairway2hotel.at\/en\/wp-json\/wp\/v2\/types\/page"}],"author":[{"embeddable":true,"href":"https:\/\/fairway2hotel.at\/en\/wp-json\/wp\/v2\/users\/1"}],"replies":[{"embeddable":true,"href":"https:\/\/fairway2hotel.at\/en\/wp-json\/wp\/v2\/comments?post=159"}],"version-history":[{"count":9,"href":"https:\/\/fairway2hotel.at\/en\/wp-json\/wp\/v2\/pages\/159\/revisions"}],"predecessor-version":[{"id":48040,"href":"https:\/\/fairway2hotel.at\/en\/wp-json\/wp\/v2\/pages\/159\/revisions\/48040"}],"up":[{"embeddable":true,"href":"https:\/\/fairway2hotel.at\/en\/wp-json\/wp\/v2\/pages\/1473"}],"acf:attachment":[{"embeddable":true,"href":"https:\/\/fairway2hotel.at\/en\/wp-json\/wp\/v2\/media\/46824"},{"embeddable":true,"href":"https:\/\/fairway2hotel.at\/en\/wp-json\/wp\/v2\/media\/46822"},{"embeddable":true,"href":"https:\/\/fairway2hotel.at\/en\/wp-json\/wp\/v2\/media\/46820"},{"embeddable":true,"href":"https:\/\/fairway2hotel.at\/en\/wp-json\/wp\/v2\/media\/46818"},{"embeddable":true,"href":"https:\/\/fairway2hotel.at\/en\/wp-json\/wp\/v2\/media\/46816"},{"embeddable":true,"href":"https:\/\/fairway2hotel.at\/en\/wp-json\/wp\/v2\/media\/157"}],"wp:attachment":[{"href":"https:\/\/fairway2hotel.at\/en\/wp-json\/wp\/v2\/media?parent=159"}],"curies":[{"name":"wp","href":"https:\/\/api.w.org\/{rel}","templated":true}]}}