{"id":169,"date":"2009-07-07T01:16:08","date_gmt":"2009-07-06T23:16:08","guid":{"rendered":"https:\/\/f2h.app\/celtic-golf-course-schaerding\/"},"modified":"2025-04-19T14:34:46","modified_gmt":"2025-04-19T12:34:46","slug":"gc-schaerding-maad","status":"publish","type":"page","link":"https:\/\/fairway2hotel.at\/en\/golfclubs\/oberoesterreich\/gc-schaerding-maad\/","title":{"rendered":"GC Sch\u00e4rding\/Maad"},"content":{"rendered":"<h2><strong>Wo Leidenschaft und Pr\u00e4zision verschmelzen.<\/strong><\/h2>\n<p>Erleben Sie eine der sch\u00f6nsten Golfanlagen der Region mit malerischen Fairways und herausfordernden Greens. Unsere 18-Loch-Championship-Anlage bietet sowohl Anf\u00e4ngern als auch erfahrenen Golfern ein unvergessliches Spielvergn\u00fcgen.<\/p>\n<p>Nahe der sch\u00f6nen Barockstadt Sch\u00e4rding, mitten im idyllischen Innviertel pr\u00e4sentiert sich der Golfclub Sch\u00e4rding\/Maad. Der Golfclub z\u00e4hlt unter Golfern zu den beliebtesten Golfpl\u00e4tzen Ober\u00f6sterreichs. Der 18-Loch-Champions-Course gl\u00e4nzt mit flachem Charakter und einem liebevoll angelegten Inselgr\u00fcn. Die moderne Driving Range mit Putting- und Chipping-Green sowie der 6-Loch -Par 3 -Academy Course schaffen ideale \u00dcbungsm\u00f6glichkeiten f\u00fcr erfahrene Golfer und Anf\u00e4nger. Abgerundet wird der perfekte Golftag mit einem Besuch im Clubrestaurant, dem Maader Hof, wo Sie sich auf der Sonnenterrasse mit Blick auf Loch 9 &amp; 18 verw\u00f6hnen lassen k\u00f6nnen. Bei langer Anreise empfehlen wir eines der Partnerhotels in der nahen Umgebung.<\/p>\n<h2>Where passion and precision merge.<\/h2>\n<p>Experience one of the most beautiful golf courses in the region with picturesque fairways and challenging greens. Our 18-hole championship course offers both beginners and experienced golfers an unforgettable game.<\/p>\n<p>The Golf Club Sch\u00e4rding\/Maad is located near the beautiful baroque town of Sch\u00e4rding, in the centre of the idyllic Innviertel region. The golf club is one of the most popular golf courses in Upper Austria among golfers. The 18-hole Champions Course boasts a flat character and a lovingly designed island green. The modern driving range with putting and chipping green as well as the 6-hole par 3 Academy Course provide ideal practice opportunities for experienced golfers and beginners. The perfect day of golf is rounded off with a visit to the club restaurant, the Maader Hof, where you can enjoy a meal on the sun terrace with a view of holes 9 &amp; 18. If you have a long journey, we recommend one of our partner hotels in the neighbourhood.<\/p>\n","protected":false},"excerpt":{"rendered":"<p>Wo Leidenschaft und Pr\u00e4zision verschmelzen. Erleben Sie eine der sch\u00f6nsten Golfanlagen der Region mit malerischen Fairways und herausfordernden Greens. Unsere 18-Loch-Championship-Anlage bietet sowohl Anf\u00e4ngern als auch erfahrenen Golfern ein unvergessliches Spielvergn\u00fcgen. Nahe der sch\u00f6nen Barockstadt Sch\u00e4rding, mitten im idyllischen Innviertel pr\u00e4sentiert sich der Golfclub Sch\u00e4rding\/Maad. Der Golfclub z\u00e4hlt unter Golfern zu den beliebtesten Golfpl\u00e4tzen Ober\u00f6sterreichs. [&hellip;]<\/p>\n","protected":false},"author":1,"featured_media":0,"parent":1473,"menu_order":9,"comment_status":"closed","ping_status":"closed","template":"page-partner.php","meta":{"_acf_changed":false,"footnotes":""},"class_list":["post-169","page","type-page","status-publish","hentry"],"acf":{"partner_infobox":"<strong>Adresse:\u00a0<\/strong>Maad 2\u00a04775 Taufkirchen\/Pram\r\n\r\n<strong>Tel: <\/strong>+43 7719 8110\r\n\r\n<strong>Fax: <\/strong>DW 15\r\n\r\n<strong>Web: <\/strong><a href=\"http:\/\/www.gcschaerding.at\" target=\"_blank\" rel=\"nofollow noopener noreferrer\">www.gcschaerding.at<\/a>\r\n\r\n<strong>E-Mail:<\/strong> <a href=\"mailto:office@gcschaerding.at\">office@gcschaerding.at<\/a>\r\n\r\n<strong>Spielbahnen\/Par: <\/strong>18\/72 u. 6\/18\r\n\r\n<strong>La\u0308nge:\u00a0<\/strong>gelb: 6.034 m \/\u00a0rot: 5.310 m\r\n\r\n<strong>Bedingungen:<\/strong>\r\nGutscheine g\u00fcltig\u00a0von MO\u2013DO ab 12.00 Uhr (ausgenommen Feiertage). Gutschein nur\u00a0mit Barzahlung!\r\n\r\n<strong>Anfahrt:\r\n<\/strong>von Wien: Autobahn \u2192 Passau, Abf. Ort\/Innkreis, in Ort \u2192 Eggerding durch bis Ranseredt","partner_logo":42308,"partner_gallery":[3785,2733],"partner_lat":48.38306,"partner_long":13.51304,"partner_type":"golfclub","partner_openings":["1","2","3","4","5","6","7"],"montag_von_bis":"00:00 - 24:00","dienstag_von_bis":"00:00 - 24:00","mittwoch_von_bis":"00:00 - 24:00","donnerstag_von_bis":"00:00 - 24:00","freitag_von_bis":"00:00 - 24:00","samstag_von_bis":"00:00 - 24:00","sonntag_von_bis":"00:00 - 24:00","partner_adresse":"Maad 2,\u00a04775 Taufkirchen\/Pram","partner_land_bundesland":"Ober\u00f6sterreich","partner_tel_1":"","partner_tel_2":"+43 7719 8110","partner_web":"https:\/\/golfclub-schaerding.at\/","partner_mail":"sekretariat@golfclub-schaerding.at","partner_spielbahnen_par":"18\/72 u. 6\/18","partner_laenge":"gelb: 6.034 m \/\u00a0rot: 5.310 m","partner_bedingungen":"","partner_anfahrt":"von Wien: Autobahn \u2192 Passau, Abf. Ort\/Innkreis, in Ort \u2192 Eggerding durch bis Ranseredt","partner_misc":null,"additional_css_classes":""},"yoast_head":"<!-- This site is optimized with the Yoast SEO plugin v26.8 - https:\/\/yoast.com\/product\/yoast-seo-wordpress\/ -->\n<title>GC Sch\u00e4rding\/Maad - Fairway 2 Hotel<\/title>\n<meta name=\"robots\" content=\"index, follow, max-snippet:-1, max-image-preview:large, max-video-preview:-1\" \/>\n<link rel=\"canonical\" href=\"https:\/\/fairway2hotel.at\/en\/golfclubs\/oberoesterreich\/gc-schaerding-maad\/\" \/>\n<meta property=\"og:locale\" content=\"en_US\" \/>\n<meta property=\"og:type\" content=\"article\" \/>\n<meta property=\"og:title\" content=\"GC Sch\u00e4rding\/Maad - Fairway 2 Hotel\" \/>\n<meta property=\"og:description\" content=\"Wo Leidenschaft und Pr\u00e4zision verschmelzen. Erleben Sie eine der sch\u00f6nsten Golfanlagen der Region mit malerischen Fairways und herausfordernden Greens. Unsere 18-Loch-Championship-Anlage bietet sowohl Anf\u00e4ngern als auch erfahrenen Golfern ein unvergessliches Spielvergn\u00fcgen. Nahe der sch\u00f6nen Barockstadt Sch\u00e4rding, mitten im idyllischen Innviertel pr\u00e4sentiert sich der Golfclub Sch\u00e4rding\/Maad. Der Golfclub z\u00e4hlt unter Golfern zu den beliebtesten Golfpl\u00e4tzen Ober\u00f6sterreichs. [&hellip;]\" \/>\n<meta property=\"og:url\" content=\"https:\/\/fairway2hotel.at\/en\/golfclubs\/oberoesterreich\/gc-schaerding-maad\/\" \/>\n<meta property=\"og:site_name\" content=\"Fairway 2 Hotel\" \/>\n<meta property=\"article:modified_time\" content=\"2025-04-19T12:34:46+00:00\" \/>\n<meta name=\"twitter:card\" content=\"summary_large_image\" \/>\n<meta name=\"twitter:label1\" content=\"Est. reading time\" \/>\n\t<meta name=\"twitter:data1\" content=\"2 minutes\" \/>\n<script type=\"application\/ld+json\" class=\"yoast-schema-graph\">{\"@context\":\"https:\/\/schema.org\",\"@graph\":[{\"@type\":\"WebPage\",\"@id\":\"https:\/\/fairway2hotel.at\/en\/golfclubs\/oberoesterreich\/gc-schaerding-maad\/\",\"url\":\"https:\/\/fairway2hotel.at\/en\/golfclubs\/oberoesterreich\/gc-schaerding-maad\/\",\"name\":\"GC Sch\u00e4rding\/Maad - Fairway 2 Hotel\",\"isPartOf\":{\"@id\":\"https:\/\/fairway2hotel.at\/en\/#website\"},\"datePublished\":\"2009-07-06T23:16:08+00:00\",\"dateModified\":\"2025-04-19T12:34:46+00:00\",\"breadcrumb\":{\"@id\":\"https:\/\/fairway2hotel.at\/en\/golfclubs\/oberoesterreich\/gc-schaerding-maad\/#breadcrumb\"},\"inLanguage\":\"en-US\",\"potentialAction\":[{\"@type\":\"ReadAction\",\"target\":[\"https:\/\/fairway2hotel.at\/en\/golfclubs\/oberoesterreich\/gc-schaerding-maad\/\"]}]},{\"@type\":\"BreadcrumbList\",\"@id\":\"https:\/\/fairway2hotel.at\/en\/golfclubs\/oberoesterreich\/gc-schaerding-maad\/#breadcrumb\",\"itemListElement\":[{\"@type\":\"ListItem\",\"position\":1,\"name\":\"Home\",\"item\":\"https:\/\/fairway2hotel.at\/en\/\"},{\"@type\":\"ListItem\",\"position\":2,\"name\":\"Golfclubs\",\"item\":\"https:\/\/fairway2hotel.at\/en\/golfclubs\/\"},{\"@type\":\"ListItem\",\"position\":3,\"name\":\"Golfclubs Ober\u00f6sterreich\",\"item\":\"https:\/\/fairway2hotel.at\/en\/golfclubs\/oberoesterreich\/\"},{\"@type\":\"ListItem\",\"position\":4,\"name\":\"GC Sch\u00e4rding\/Maad\"}]},{\"@type\":\"WebSite\",\"@id\":\"https:\/\/fairway2hotel.at\/en\/#website\",\"url\":\"https:\/\/fairway2hotel.at\/en\/\",\"name\":\"Fairway 2 Hotel\",\"description\":\"Golf at half price! 2 play - 1 pays\",\"potentialAction\":[{\"@type\":\"SearchAction\",\"target\":{\"@type\":\"EntryPoint\",\"urlTemplate\":\"https:\/\/fairway2hotel.at\/en\/?s={search_term_string}\"},\"query-input\":{\"@type\":\"PropertyValueSpecification\",\"valueRequired\":true,\"valueName\":\"search_term_string\"}}],\"inLanguage\":\"en-US\"}]}<\/script>\n<!-- \/ Yoast SEO plugin. -->","yoast_head_json":{"title":"GC Sch\u00e4rding\/Maad - Fairway 2 Hotel","robots":{"index":"index","follow":"follow","max-snippet":"max-snippet:-1","max-image-preview":"max-image-preview:large","max-video-preview":"max-video-preview:-1"},"canonical":"https:\/\/fairway2hotel.at\/en\/golfclubs\/oberoesterreich\/gc-schaerding-maad\/","og_locale":"en_US","og_type":"article","og_title":"GC Sch\u00e4rding\/Maad - Fairway 2 Hotel","og_description":"Wo Leidenschaft und Pr\u00e4zision verschmelzen. Erleben Sie eine der sch\u00f6nsten Golfanlagen der Region mit malerischen Fairways und herausfordernden Greens. Unsere 18-Loch-Championship-Anlage bietet sowohl Anf\u00e4ngern als auch erfahrenen Golfern ein unvergessliches Spielvergn\u00fcgen. Nahe der sch\u00f6nen Barockstadt Sch\u00e4rding, mitten im idyllischen Innviertel pr\u00e4sentiert sich der Golfclub Sch\u00e4rding\/Maad. Der Golfclub z\u00e4hlt unter Golfern zu den beliebtesten Golfpl\u00e4tzen Ober\u00f6sterreichs. [&hellip;]","og_url":"https:\/\/fairway2hotel.at\/en\/golfclubs\/oberoesterreich\/gc-schaerding-maad\/","og_site_name":"Fairway 2 Hotel","article_modified_time":"2025-04-19T12:34:46+00:00","twitter_card":"summary_large_image","twitter_misc":{"Est. reading time":"2 minutes"},"schema":{"@context":"https:\/\/schema.org","@graph":[{"@type":"WebPage","@id":"https:\/\/fairway2hotel.at\/en\/golfclubs\/oberoesterreich\/gc-schaerding-maad\/","url":"https:\/\/fairway2hotel.at\/en\/golfclubs\/oberoesterreich\/gc-schaerding-maad\/","name":"GC Sch\u00e4rding\/Maad - Fairway 2 Hotel","isPartOf":{"@id":"https:\/\/fairway2hotel.at\/en\/#website"},"datePublished":"2009-07-06T23:16:08+00:00","dateModified":"2025-04-19T12:34:46+00:00","breadcrumb":{"@id":"https:\/\/fairway2hotel.at\/en\/golfclubs\/oberoesterreich\/gc-schaerding-maad\/#breadcrumb"},"inLanguage":"en-US","potentialAction":[{"@type":"ReadAction","target":["https:\/\/fairway2hotel.at\/en\/golfclubs\/oberoesterreich\/gc-schaerding-maad\/"]}]},{"@type":"BreadcrumbList","@id":"https:\/\/fairway2hotel.at\/en\/golfclubs\/oberoesterreich\/gc-schaerding-maad\/#breadcrumb","itemListElement":[{"@type":"ListItem","position":1,"name":"Home","item":"https:\/\/fairway2hotel.at\/en\/"},{"@type":"ListItem","position":2,"name":"Golfclubs","item":"https:\/\/fairway2hotel.at\/en\/golfclubs\/"},{"@type":"ListItem","position":3,"name":"Golfclubs Ober\u00f6sterreich","item":"https:\/\/fairway2hotel.at\/en\/golfclubs\/oberoesterreich\/"},{"@type":"ListItem","position":4,"name":"GC Sch\u00e4rding\/Maad"}]},{"@type":"WebSite","@id":"https:\/\/fairway2hotel.at\/en\/#website","url":"https:\/\/fairway2hotel.at\/en\/","name":"Fairway 2 Hotel","description":"Golf at half price! 2 play - 1 pays","potentialAction":[{"@type":"SearchAction","target":{"@type":"EntryPoint","urlTemplate":"https:\/\/fairway2hotel.at\/en\/?s={search_term_string}"},"query-input":{"@type":"PropertyValueSpecification","valueRequired":true,"valueName":"search_term_string"}}],"inLanguage":"en-US"}]}},"_links":{"self":[{"href":"https:\/\/fairway2hotel.at\/en\/wp-json\/wp\/v2\/pages\/169","targetHints":{"allow":["GET"]}}],"collection":[{"href":"https:\/\/fairway2hotel.at\/en\/wp-json\/wp\/v2\/pages"}],"about":[{"href":"https:\/\/fairway2hotel.at\/en\/wp-json\/wp\/v2\/types\/page"}],"author":[{"embeddable":true,"href":"https:\/\/fairway2hotel.at\/en\/wp-json\/wp\/v2\/users\/1"}],"replies":[{"embeddable":true,"href":"https:\/\/fairway2hotel.at\/en\/wp-json\/wp\/v2\/comments?post=169"}],"version-history":[{"count":18,"href":"https:\/\/fairway2hotel.at\/en\/wp-json\/wp\/v2\/pages\/169\/revisions"}],"predecessor-version":[{"id":48039,"href":"https:\/\/fairway2hotel.at\/en\/wp-json\/wp\/v2\/pages\/169\/revisions\/48039"}],"up":[{"embeddable":true,"href":"https:\/\/fairway2hotel.at\/en\/wp-json\/wp\/v2\/pages\/1473"}],"acf:attachment":[{"embeddable":true,"href":"https:\/\/fairway2hotel.at\/en\/wp-json\/wp\/v2\/media\/2733"},{"embeddable":true,"href":"https:\/\/fairway2hotel.at\/en\/wp-json\/wp\/v2\/media\/3785"}],"wp:attachment":[{"href":"https:\/\/fairway2hotel.at\/en\/wp-json\/wp\/v2\/media?parent=169"}],"curies":[{"name":"wp","href":"https:\/\/api.w.org\/{rel}","templated":true}]}}