{"id":172,"date":"2009-07-07T01:21:24","date_gmt":"2009-07-06T23:21:24","guid":{"rendered":"https:\/\/f2h.app\/golfclub-sonnberg\/"},"modified":"2025-03-24T17:14:18","modified_gmt":"2025-03-24T16:14:18","slug":"golfclub-sonnberg","status":"publish","type":"page","link":"https:\/\/fairway2hotel.at\/en\/golfclubs\/oberoesterreich\/golfclub-sonnberg\/","title":{"rendered":"GC Sonnberg"},"content":{"rendered":"<h2>Golfclub Sonnberg &#8211; Gr\u00fcn anders erleben<\/h2>\n<p>Faszination Golf inmitten eines der gr\u00f6\u00dften Waldgebiete \u00d6sterreichs. Auf Ihrer Runde erwarten Sie W\u00e4lder, eine leicht h\u00fcgelige Landschaft und eine tolle Aussicht ins bayrische Alpenvorland. Golfen ist viel mehr als nur ein Sport. Es bedeutet Geselligkeit und Kommunikation. Unser modernes Clubhaus inklusive Sonnenterrasse l\u00e4dt zum Entspannen und Genie\u00dfen in gem\u00fctlicher Atmosph\u00e4re ein. Die hervorragende K\u00fcche sowie unser perfektes Service runden das ultimative Golferlebnis f\u00fcr die ganze Familie ab und lassen keine W\u00fcnsche offen. Wie Sie sehen bietet dieser Platz, neben der sportlichen Herausforderung, auch die M\u00f6glichkeit Stress in Erholung umzuwandeln.<\/p>\n<p>Wir freuen uns auf Ihren Besuch!<\/p>\n<h2>Golfclub Sonnberg &#8211; Experience green differently<\/h2>\n<p>The fascination of golf in the middle of one of the largest forest areas in Austria. On your round you can expect forests, a slightly hilly landscape and a fantastic view of the Bavarian Alpine foothills. Golf is much more than just a sport. It means socialising and communication. Our modern clubhouse including sun terrace invites you to relax and enjoy yourself in a cosy atmosphere. The excellent cuisine and our perfect service round off the ultimate golfing experience for the whole family and leave nothing to be desired. As you can see, in addition to the sporting challenge, this course also offers the opportunity to turn stress into relaxation.<\/p>\n<p>We look forward to your visit!<\/p>\n","protected":false},"excerpt":{"rendered":"<p>Golfclub Sonnberg &#8211; Gr\u00fcn anders erleben Faszination Golf inmitten eines der gr\u00f6\u00dften Waldgebiete \u00d6sterreichs. Auf Ihrer Runde erwarten Sie W\u00e4lder, eine leicht h\u00fcgelige Landschaft und eine tolle Aussicht ins bayrische Alpenvorland. Golfen ist viel mehr als nur ein Sport. Es bedeutet Geselligkeit und Kommunikation. Unser modernes Clubhaus inklusive Sonnenterrasse l\u00e4dt zum Entspannen und Genie\u00dfen in [&hellip;]<\/p>\n","protected":false},"author":1,"featured_media":0,"parent":1473,"menu_order":10,"comment_status":"closed","ping_status":"closed","template":"page-partner.php","meta":{"_acf_changed":false,"footnotes":""},"class_list":["post-172","page","type-page","status-publish","hentry"],"acf":{"partner_infobox":"<strong>Adresse:\u00a0<\/strong>Strass 1\u00a05251 St. Johann im Walde\r\n\r\n<strong>Tel:\u00a0<\/strong>+43 7743\/200 66\r\n\r\n<strong>Fax:\u00a0<\/strong>+43 7743\/200 77\r\n\r\n<strong>Web: <\/strong><a href=\"http:\/\/www.gcsonnberg.at\" target=\"_blank\" rel=\"nofollow noopener\">www.gcsonnberg.at<\/a>\r\n\r\n<strong>E-Mail:<\/strong> <a href=\"mailto:golf@gcsonnberg.at\">golf@gcsonnberg.at<\/a>\r\n\r\n<strong>Spielbahnen\/Par: <\/strong>18\/70\r\n\r\n<strong>La\u0308nge:\r\n<\/strong>Herren gelb: 5052 m\r\nDamen rot: 4447 m\r\n\r\n<strong>Anfahrt:\r\n<\/strong>von Salzburg: \u2192 Eugendorf \u2192 in Stra\u00dfwal. links \u2192 Friedburg rechts \u2192 Ried\/Innkr. \u2192 Abfahrt St.Johann\/W. \u2192 St. Johann, Wegweiser Golfpl. \/ von Passau: \u2192 Obernberg \u2192 Ortsb. Gurten rechts \u2192 Wegweiser Golfpl. \/ von Linz: Autobahn \u2192 Abf. Ried\/Innkr. \u2192 Braunau\/I. \u2013 links \u2192 Aspach, Wegweiser Golfpl.","partner_logo":171,"partner_gallery":[2735,46798,46800,46802,46804,46806],"partner_lat":48.13632,"partner_long":13.26492,"partner_type":"golfclub","partner_openings":["1","2","3","4","5","6","7"],"montag_von_bis":"00:00 - 24:00","dienstag_von_bis":"00:00 - 24:00","mittwoch_von_bis":"00:00 - 24:00","donnerstag_von_bis":"00:00 - 24:00","freitag_von_bis":"00:00 - 24:00","samstag_von_bis":"00:00 - 24:00","sonntag_von_bis":"00:00 - 24:00","partner_adresse":"Strass 1,\u00a05251 St. Johann im Walde","partner_land_bundesland":"Ober\u00f6sterreich","partner_tel_1":"0043 7743200 77","partner_tel_2":"0043 7743 200 66","partner_web":"http:\/\/www.gcsonnberg.at","partner_mail":"golf@gcsonnberg.at","partner_spielbahnen_par":"18\/70","partner_laenge":"Herren gelb: 5052 m Damen rot: 4447 m","partner_bedingungen":"","partner_anfahrt":"von Salzburg: \u2192 Eugendorf \u2192 in Stra\u00dfwal. links \u2192 Friedburg rechts \u2192 Ried\/Innkr. \u2192 Abfahrt St.Johann\/W. \u2192 St. Johann, Wegweiser Golfpl. \/ von Passau: \u2192 Obernberg \u2192 Ortsb. Gurten rechts \u2192 Wegweiser Golfpl. \/ von Linz: Autobahn \u2192 Abf. Ried\/Innkr. \u2192 Braunau\/I. \u2013 links \u2192 Aspach, Wegweiser Golfpl.","partner_misc":null,"additional_css_classes":""},"yoast_head":"<!-- This site is optimized with the Yoast SEO plugin v26.8 - https:\/\/yoast.com\/product\/yoast-seo-wordpress\/ -->\n<title>GC Sonnberg - Fairway 2 Hotel<\/title>\n<meta name=\"robots\" content=\"index, follow, max-snippet:-1, max-image-preview:large, max-video-preview:-1\" \/>\n<link rel=\"canonical\" href=\"https:\/\/fairway2hotel.at\/en\/golfclubs\/oberoesterreich\/golfclub-sonnberg\/\" \/>\n<meta property=\"og:locale\" content=\"en_US\" \/>\n<meta property=\"og:type\" content=\"article\" \/>\n<meta property=\"og:title\" content=\"GC Sonnberg - Fairway 2 Hotel\" \/>\n<meta property=\"og:description\" content=\"Golfclub Sonnberg &#8211; Gr\u00fcn anders erleben Faszination Golf inmitten eines der gr\u00f6\u00dften Waldgebiete \u00d6sterreichs. Auf Ihrer Runde erwarten Sie W\u00e4lder, eine leicht h\u00fcgelige Landschaft und eine tolle Aussicht ins bayrische Alpenvorland. Golfen ist viel mehr als nur ein Sport. Es bedeutet Geselligkeit und Kommunikation. Unser modernes Clubhaus inklusive Sonnenterrasse l\u00e4dt zum Entspannen und Genie\u00dfen in [&hellip;]\" \/>\n<meta property=\"og:url\" content=\"https:\/\/fairway2hotel.at\/en\/golfclubs\/oberoesterreich\/golfclub-sonnberg\/\" \/>\n<meta property=\"og:site_name\" content=\"Fairway 2 Hotel\" \/>\n<meta property=\"article:modified_time\" content=\"2025-03-24T16:14:18+00:00\" \/>\n<meta name=\"twitter:card\" content=\"summary_large_image\" \/>\n<meta name=\"twitter:label1\" content=\"Est. reading time\" \/>\n\t<meta name=\"twitter:data1\" content=\"2 minutes\" \/>\n<script type=\"application\/ld+json\" class=\"yoast-schema-graph\">{\"@context\":\"https:\/\/schema.org\",\"@graph\":[{\"@type\":\"WebPage\",\"@id\":\"https:\/\/fairway2hotel.at\/en\/golfclubs\/oberoesterreich\/golfclub-sonnberg\/\",\"url\":\"https:\/\/fairway2hotel.at\/en\/golfclubs\/oberoesterreich\/golfclub-sonnberg\/\",\"name\":\"GC Sonnberg - Fairway 2 Hotel\",\"isPartOf\":{\"@id\":\"https:\/\/fairway2hotel.at\/en\/#website\"},\"datePublished\":\"2009-07-06T23:21:24+00:00\",\"dateModified\":\"2025-03-24T16:14:18+00:00\",\"breadcrumb\":{\"@id\":\"https:\/\/fairway2hotel.at\/en\/golfclubs\/oberoesterreich\/golfclub-sonnberg\/#breadcrumb\"},\"inLanguage\":\"en-US\",\"potentialAction\":[{\"@type\":\"ReadAction\",\"target\":[\"https:\/\/fairway2hotel.at\/en\/golfclubs\/oberoesterreich\/golfclub-sonnberg\/\"]}]},{\"@type\":\"BreadcrumbList\",\"@id\":\"https:\/\/fairway2hotel.at\/en\/golfclubs\/oberoesterreich\/golfclub-sonnberg\/#breadcrumb\",\"itemListElement\":[{\"@type\":\"ListItem\",\"position\":1,\"name\":\"Home\",\"item\":\"https:\/\/fairway2hotel.at\/en\/\"},{\"@type\":\"ListItem\",\"position\":2,\"name\":\"Golfclubs\",\"item\":\"https:\/\/fairway2hotel.at\/en\/golfclubs\/\"},{\"@type\":\"ListItem\",\"position\":3,\"name\":\"Golfclubs Ober\u00f6sterreich\",\"item\":\"https:\/\/fairway2hotel.at\/en\/golfclubs\/oberoesterreich\/\"},{\"@type\":\"ListItem\",\"position\":4,\"name\":\"GC Sonnberg\"}]},{\"@type\":\"WebSite\",\"@id\":\"https:\/\/fairway2hotel.at\/en\/#website\",\"url\":\"https:\/\/fairway2hotel.at\/en\/\",\"name\":\"Fairway 2 Hotel\",\"description\":\"Golf at half price! 2 play - 1 pays\",\"potentialAction\":[{\"@type\":\"SearchAction\",\"target\":{\"@type\":\"EntryPoint\",\"urlTemplate\":\"https:\/\/fairway2hotel.at\/en\/?s={search_term_string}\"},\"query-input\":{\"@type\":\"PropertyValueSpecification\",\"valueRequired\":true,\"valueName\":\"search_term_string\"}}],\"inLanguage\":\"en-US\"}]}<\/script>\n<!-- \/ Yoast SEO plugin. -->","yoast_head_json":{"title":"GC Sonnberg - Fairway 2 Hotel","robots":{"index":"index","follow":"follow","max-snippet":"max-snippet:-1","max-image-preview":"max-image-preview:large","max-video-preview":"max-video-preview:-1"},"canonical":"https:\/\/fairway2hotel.at\/en\/golfclubs\/oberoesterreich\/golfclub-sonnberg\/","og_locale":"en_US","og_type":"article","og_title":"GC Sonnberg - Fairway 2 Hotel","og_description":"Golfclub Sonnberg &#8211; Gr\u00fcn anders erleben Faszination Golf inmitten eines der gr\u00f6\u00dften Waldgebiete \u00d6sterreichs. Auf Ihrer Runde erwarten Sie W\u00e4lder, eine leicht h\u00fcgelige Landschaft und eine tolle Aussicht ins bayrische Alpenvorland. Golfen ist viel mehr als nur ein Sport. Es bedeutet Geselligkeit und Kommunikation. Unser modernes Clubhaus inklusive Sonnenterrasse l\u00e4dt zum Entspannen und Genie\u00dfen in [&hellip;]","og_url":"https:\/\/fairway2hotel.at\/en\/golfclubs\/oberoesterreich\/golfclub-sonnberg\/","og_site_name":"Fairway 2 Hotel","article_modified_time":"2025-03-24T16:14:18+00:00","twitter_card":"summary_large_image","twitter_misc":{"Est. reading time":"2 minutes"},"schema":{"@context":"https:\/\/schema.org","@graph":[{"@type":"WebPage","@id":"https:\/\/fairway2hotel.at\/en\/golfclubs\/oberoesterreich\/golfclub-sonnberg\/","url":"https:\/\/fairway2hotel.at\/en\/golfclubs\/oberoesterreich\/golfclub-sonnberg\/","name":"GC Sonnberg - Fairway 2 Hotel","isPartOf":{"@id":"https:\/\/fairway2hotel.at\/en\/#website"},"datePublished":"2009-07-06T23:21:24+00:00","dateModified":"2025-03-24T16:14:18+00:00","breadcrumb":{"@id":"https:\/\/fairway2hotel.at\/en\/golfclubs\/oberoesterreich\/golfclub-sonnberg\/#breadcrumb"},"inLanguage":"en-US","potentialAction":[{"@type":"ReadAction","target":["https:\/\/fairway2hotel.at\/en\/golfclubs\/oberoesterreich\/golfclub-sonnberg\/"]}]},{"@type":"BreadcrumbList","@id":"https:\/\/fairway2hotel.at\/en\/golfclubs\/oberoesterreich\/golfclub-sonnberg\/#breadcrumb","itemListElement":[{"@type":"ListItem","position":1,"name":"Home","item":"https:\/\/fairway2hotel.at\/en\/"},{"@type":"ListItem","position":2,"name":"Golfclubs","item":"https:\/\/fairway2hotel.at\/en\/golfclubs\/"},{"@type":"ListItem","position":3,"name":"Golfclubs Ober\u00f6sterreich","item":"https:\/\/fairway2hotel.at\/en\/golfclubs\/oberoesterreich\/"},{"@type":"ListItem","position":4,"name":"GC Sonnberg"}]},{"@type":"WebSite","@id":"https:\/\/fairway2hotel.at\/en\/#website","url":"https:\/\/fairway2hotel.at\/en\/","name":"Fairway 2 Hotel","description":"Golf at half price! 2 play - 1 pays","potentialAction":[{"@type":"SearchAction","target":{"@type":"EntryPoint","urlTemplate":"https:\/\/fairway2hotel.at\/en\/?s={search_term_string}"},"query-input":{"@type":"PropertyValueSpecification","valueRequired":true,"valueName":"search_term_string"}}],"inLanguage":"en-US"}]}},"_links":{"self":[{"href":"https:\/\/fairway2hotel.at\/en\/wp-json\/wp\/v2\/pages\/172","targetHints":{"allow":["GET"]}}],"collection":[{"href":"https:\/\/fairway2hotel.at\/en\/wp-json\/wp\/v2\/pages"}],"about":[{"href":"https:\/\/fairway2hotel.at\/en\/wp-json\/wp\/v2\/types\/page"}],"author":[{"embeddable":true,"href":"https:\/\/fairway2hotel.at\/en\/wp-json\/wp\/v2\/users\/1"}],"replies":[{"embeddable":true,"href":"https:\/\/fairway2hotel.at\/en\/wp-json\/wp\/v2\/comments?post=172"}],"version-history":[{"count":10,"href":"https:\/\/fairway2hotel.at\/en\/wp-json\/wp\/v2\/pages\/172\/revisions"}],"predecessor-version":[{"id":46808,"href":"https:\/\/fairway2hotel.at\/en\/wp-json\/wp\/v2\/pages\/172\/revisions\/46808"}],"up":[{"embeddable":true,"href":"https:\/\/fairway2hotel.at\/en\/wp-json\/wp\/v2\/pages\/1473"}],"acf:attachment":[{"embeddable":true,"href":"https:\/\/fairway2hotel.at\/en\/wp-json\/wp\/v2\/media\/46806"},{"embeddable":true,"href":"https:\/\/fairway2hotel.at\/en\/wp-json\/wp\/v2\/media\/46804"},{"embeddable":true,"href":"https:\/\/fairway2hotel.at\/en\/wp-json\/wp\/v2\/media\/46802"},{"embeddable":true,"href":"https:\/\/fairway2hotel.at\/en\/wp-json\/wp\/v2\/media\/46800"},{"embeddable":true,"href":"https:\/\/fairway2hotel.at\/en\/wp-json\/wp\/v2\/media\/46798"},{"embeddable":true,"href":"https:\/\/fairway2hotel.at\/en\/wp-json\/wp\/v2\/media\/2735"}],"wp:attachment":[{"href":"https:\/\/fairway2hotel.at\/en\/wp-json\/wp\/v2\/media?parent=172"}],"curies":[{"name":"wp","href":"https:\/\/api.w.org\/{rel}","templated":true}]}}