{"id":181,"date":"2009-07-07T01:33:58","date_gmt":"2009-07-06T23:33:58","guid":{"rendered":"https:\/\/f2h.app\/golfclub-traunsee-kirchham\/"},"modified":"2025-11-13T15:35:59","modified_gmt":"2025-11-13T14:35:59","slug":"golfclub-traunsee-almtal","status":"publish","type":"page","link":"https:\/\/fairway2hotel.at\/en\/golfclubs\/oberoesterreich\/golfclub-traunsee-almtal\/","title":{"rendered":"GC Traunsee Almtal"},"content":{"rendered":"<h2>Golfclub Traunsee Almtal &#8211; Herzlich willkommen im wahrscheinlich freundlichsten Golfclub \u00d6sterreichs.<\/h2>\n<p>Nur 10 Autominuten von Gmunden am Traunsee und dem n\u00e4chsten Autobahnanschluss entfernt liegt der 18 Loch Platz des GC Traunsee Almtal in der gleichnamigen Tourismusregion auf einer Anh\u00f6he mit herrlichem Ausblick auf das Alpenvorland. Urspr\u00fcnglich gegr\u00fcndet 1989 als sechster Golfclub in Ober\u00f6sterreich feierte man 2024 &#8211; also 35 Jahre sp\u00e4ter &#8211; einen Neustart. Auf einer L\u00e4nge von 4.670 Metern f\u00fcr Damen und 5.327 Metern f\u00fcr Herren bietet der Kurs eine abwechslungsreiche Architektur, die auch erfahrene Golfer immer wieder herausfordert. Der Platz bietet sowohl f\u00fcr Anf\u00e4nger als auch f\u00fcr fortgeschrittene Golfer jede Menge an interessanten Challenges. Im Clubhaus befinden sich ein kleiner Pro Shop sowie gro\u00dfz\u00fcgige Umkleider\u00e4ume mit Duschen und versperrbaren Schr\u00e4nken. Eine ausreichende Anzahl an Parkm\u00f6glichkeiten auch f\u00fcr Wohnmobilgolfer ist vorhanden.<\/p>\n<p>Nach der Runde empfiehlt sich ein Besuch des Clubrestaurants \u201eDAS TRAUNSTEIN. Wirtshaus am Kampesberg.\u201c, wo man sich auf einer traumhaften Terrasse mit herrlichem Ausblick und einzigartigem Sonnenuntergang mit heimischen K\u00f6stlichkeiten und gutb\u00fcrgerlicher K\u00fcche verw\u00f6hnen lassen kann. Gastfreundschaft und Wohlbefinden der Mitglieder und G\u00e4ste werden hier ebenso wie Gem\u00fctlichkeit gro\u00dfgeschrieben. Nicht-Golfer sind als G\u00e4ste nat\u00fcrlich ebenfalls jederzeit herzlich willkommen.<\/p>\n<h2>Golfclub Traunsee Almtal &#8211; Welcome to what is probably the friendliest golf club in Austria.<\/h2>\n<p>Just 10 minutes by car from Gmunden am Traunsee and the nearest motorway access, the 18-hole course of the GC Traunsee Almtal is located in the tourist region of the same name on a hill with a magnificent view of the Alpine foothills. Originally founded in 1989 as the sixth golf club in Upper Austria, it celebrated a new start in 2024 &#8211; 35 years later. At a length of 4,670 metres for ladies and 5,327 metres for men, the course offers a varied architecture that challenges even experienced golfers time and again. The course offers plenty of interesting challenges for both beginners and advanced golfers. The clubhouse has a small pro shop and spacious changing rooms with showers and lockers. A sufficient number of parking spaces are also available for motorhome golfers.<\/p>\n<p>After the round, we recommend a visit to the club restaurant &#8220;DAS TRAUNSTEIN. Wirtshaus am Kampesberg.&#8221;, where you can savour local delicacies and home-style cooking on a fantastic terrace with a magnificent view and a unique sunset. Hospitality and the well-being of members and guests are just as important here as cosiness. Non-golfers are of course also welcome as guests at any time.<\/p>\n","protected":false},"excerpt":{"rendered":"<p>Golfclub Traunsee Almtal &#8211; Herzlich willkommen im wahrscheinlich freundlichsten Golfclub \u00d6sterreichs. Nur 10 Autominuten von Gmunden am Traunsee und dem n\u00e4chsten Autobahnanschluss entfernt liegt der 18 Loch Platz des GC Traunsee Almtal in der gleichnamigen Tourismusregion auf einer Anh\u00f6he mit herrlichem Ausblick auf das Alpenvorland. Urspr\u00fcnglich gegr\u00fcndet 1989 als sechster Golfclub in Ober\u00f6sterreich feierte man [&hellip;]<\/p>\n","protected":false},"author":1,"featured_media":0,"parent":1473,"menu_order":14,"comment_status":"closed","ping_status":"closed","template":"page-partner.php","meta":{"_acf_changed":false,"footnotes":""},"class_list":["post-181","page","type-page","status-publish","hentry"],"acf":{"partner_infobox":"<strong>Adresse:\u00a0<\/strong>Kampesberg 21, 4656 Kirchham\r\n\r\n<strong>Tel:\u00a0<\/strong>07619\/2576\r\n\r\n<strong>Fax:\u00a0<\/strong>07619\/2576\/11\r\n\r\n<strong>Web: <\/strong><a href=\"http:\/\/www.golfclubtraunsee.com\" target=\"_blank\" rel=\"nofollow noopener noreferrer\">www.golfclubtraunsee.com<\/a>\r\n\r\n<strong>E-Mail:<\/strong> <a href=\"mailto:email@golfclubtraunsee.com\">email@golfclubtraunsee.com<\/a>\r\n\r\n<strong>Spielbahnen\/Par: <\/strong>18\/71\r\n\r\n<strong>La\u0308nge: <\/strong>gelb: 5.417 m\/ rot: 4.741 m\r\n\r\n<strong>Anfahrt: <\/strong>A1 (Salzburg \u2013 Wien) Ausfahrt Vorchdorf Richtung Kirchham","partner_logo":41363,"partner_gallery":[41355,41357,48032,48034,48036],"partner_lat":47.95466,"partner_long":13.897,"partner_type":"golfclub","partner_openings":["1","2","3","4","5","6","7"],"montag_von_bis":"00:00 - 24:00","dienstag_von_bis":"00:00 - 24:00","mittwoch_von_bis":"00:00 - 24:00","donnerstag_von_bis":"00:00 - 24:00","freitag_von_bis":"00:00 - 24:00","samstag_von_bis":"00:00 - 24:00","sonntag_von_bis":"00:00 - 24:00","partner_adresse":"Kampesberg 21, 4656 Kirchham","partner_land_bundesland":"Ober\u00f6sterreich","partner_tel_1":"+43 660 2024 224","partner_tel_2":"","partner_web":"http:\/\/www.golfclubtraunsee.at","partner_mail":"sekretariat@golfclubtraunsee.at","partner_spielbahnen_par":"18\/71","partner_laenge":"gelb: 5.417 m\/ rot: 4.741 m","partner_bedingungen":"","partner_anfahrt":"A1 (Salzburg \u2013 Wien) Ausfahrt Vorchdorf Richtung Kirchham","partner_misc":null,"additional_css_classes":""},"yoast_head":"<!-- This site is optimized with the Yoast SEO plugin v26.8 - https:\/\/yoast.com\/product\/yoast-seo-wordpress\/ -->\n<title>GC Traunsee Almtal - Fairway 2 Hotel<\/title>\n<meta name=\"robots\" content=\"index, follow, max-snippet:-1, max-image-preview:large, max-video-preview:-1\" \/>\n<link rel=\"canonical\" href=\"https:\/\/fairway2hotel.at\/en\/golfclubs\/oberoesterreich\/golfclub-traunsee-almtal\/\" \/>\n<meta property=\"og:locale\" content=\"en_US\" \/>\n<meta property=\"og:type\" content=\"article\" \/>\n<meta property=\"og:title\" content=\"GC Traunsee Almtal - Fairway 2 Hotel\" \/>\n<meta property=\"og:description\" content=\"Golfclub Traunsee Almtal &#8211; Herzlich willkommen im wahrscheinlich freundlichsten Golfclub \u00d6sterreichs. Nur 10 Autominuten von Gmunden am Traunsee und dem n\u00e4chsten Autobahnanschluss entfernt liegt der 18 Loch Platz des GC Traunsee Almtal in der gleichnamigen Tourismusregion auf einer Anh\u00f6he mit herrlichem Ausblick auf das Alpenvorland. Urspr\u00fcnglich gegr\u00fcndet 1989 als sechster Golfclub in Ober\u00f6sterreich feierte man [&hellip;]\" \/>\n<meta property=\"og:url\" content=\"https:\/\/fairway2hotel.at\/en\/golfclubs\/oberoesterreich\/golfclub-traunsee-almtal\/\" \/>\n<meta property=\"og:site_name\" content=\"Fairway 2 Hotel\" \/>\n<meta property=\"article:modified_time\" content=\"2025-11-13T14:35:59+00:00\" \/>\n<meta name=\"twitter:card\" content=\"summary_large_image\" \/>\n<meta name=\"twitter:label1\" content=\"Est. reading time\" \/>\n\t<meta name=\"twitter:data1\" content=\"3 minutes\" \/>\n<script type=\"application\/ld+json\" class=\"yoast-schema-graph\">{\"@context\":\"https:\/\/schema.org\",\"@graph\":[{\"@type\":\"WebPage\",\"@id\":\"https:\/\/fairway2hotel.at\/en\/golfclubs\/oberoesterreich\/golfclub-traunsee-almtal\/\",\"url\":\"https:\/\/fairway2hotel.at\/en\/golfclubs\/oberoesterreich\/golfclub-traunsee-almtal\/\",\"name\":\"GC Traunsee Almtal - Fairway 2 Hotel\",\"isPartOf\":{\"@id\":\"https:\/\/fairway2hotel.at\/en\/#website\"},\"datePublished\":\"2009-07-06T23:33:58+00:00\",\"dateModified\":\"2025-11-13T14:35:59+00:00\",\"breadcrumb\":{\"@id\":\"https:\/\/fairway2hotel.at\/en\/golfclubs\/oberoesterreich\/golfclub-traunsee-almtal\/#breadcrumb\"},\"inLanguage\":\"en-US\",\"potentialAction\":[{\"@type\":\"ReadAction\",\"target\":[\"https:\/\/fairway2hotel.at\/en\/golfclubs\/oberoesterreich\/golfclub-traunsee-almtal\/\"]}]},{\"@type\":\"BreadcrumbList\",\"@id\":\"https:\/\/fairway2hotel.at\/en\/golfclubs\/oberoesterreich\/golfclub-traunsee-almtal\/#breadcrumb\",\"itemListElement\":[{\"@type\":\"ListItem\",\"position\":1,\"name\":\"Home\",\"item\":\"https:\/\/fairway2hotel.at\/en\/\"},{\"@type\":\"ListItem\",\"position\":2,\"name\":\"Golfclubs\",\"item\":\"https:\/\/fairway2hotel.at\/en\/golfclubs\/\"},{\"@type\":\"ListItem\",\"position\":3,\"name\":\"Golfclubs Ober\u00f6sterreich\",\"item\":\"https:\/\/fairway2hotel.at\/en\/golfclubs\/oberoesterreich\/\"},{\"@type\":\"ListItem\",\"position\":4,\"name\":\"GC Traunsee Almtal\"}]},{\"@type\":\"WebSite\",\"@id\":\"https:\/\/fairway2hotel.at\/en\/#website\",\"url\":\"https:\/\/fairway2hotel.at\/en\/\",\"name\":\"Fairway 2 Hotel\",\"description\":\"Golf at half price! 2 play - 1 pays\",\"potentialAction\":[{\"@type\":\"SearchAction\",\"target\":{\"@type\":\"EntryPoint\",\"urlTemplate\":\"https:\/\/fairway2hotel.at\/en\/?s={search_term_string}\"},\"query-input\":{\"@type\":\"PropertyValueSpecification\",\"valueRequired\":true,\"valueName\":\"search_term_string\"}}],\"inLanguage\":\"en-US\"}]}<\/script>\n<!-- \/ Yoast SEO plugin. -->","yoast_head_json":{"title":"GC Traunsee Almtal - Fairway 2 Hotel","robots":{"index":"index","follow":"follow","max-snippet":"max-snippet:-1","max-image-preview":"max-image-preview:large","max-video-preview":"max-video-preview:-1"},"canonical":"https:\/\/fairway2hotel.at\/en\/golfclubs\/oberoesterreich\/golfclub-traunsee-almtal\/","og_locale":"en_US","og_type":"article","og_title":"GC Traunsee Almtal - Fairway 2 Hotel","og_description":"Golfclub Traunsee Almtal &#8211; Herzlich willkommen im wahrscheinlich freundlichsten Golfclub \u00d6sterreichs. Nur 10 Autominuten von Gmunden am Traunsee und dem n\u00e4chsten Autobahnanschluss entfernt liegt der 18 Loch Platz des GC Traunsee Almtal in der gleichnamigen Tourismusregion auf einer Anh\u00f6he mit herrlichem Ausblick auf das Alpenvorland. Urspr\u00fcnglich gegr\u00fcndet 1989 als sechster Golfclub in Ober\u00f6sterreich feierte man [&hellip;]","og_url":"https:\/\/fairway2hotel.at\/en\/golfclubs\/oberoesterreich\/golfclub-traunsee-almtal\/","og_site_name":"Fairway 2 Hotel","article_modified_time":"2025-11-13T14:35:59+00:00","twitter_card":"summary_large_image","twitter_misc":{"Est. reading time":"3 minutes"},"schema":{"@context":"https:\/\/schema.org","@graph":[{"@type":"WebPage","@id":"https:\/\/fairway2hotel.at\/en\/golfclubs\/oberoesterreich\/golfclub-traunsee-almtal\/","url":"https:\/\/fairway2hotel.at\/en\/golfclubs\/oberoesterreich\/golfclub-traunsee-almtal\/","name":"GC Traunsee Almtal - Fairway 2 Hotel","isPartOf":{"@id":"https:\/\/fairway2hotel.at\/en\/#website"},"datePublished":"2009-07-06T23:33:58+00:00","dateModified":"2025-11-13T14:35:59+00:00","breadcrumb":{"@id":"https:\/\/fairway2hotel.at\/en\/golfclubs\/oberoesterreich\/golfclub-traunsee-almtal\/#breadcrumb"},"inLanguage":"en-US","potentialAction":[{"@type":"ReadAction","target":["https:\/\/fairway2hotel.at\/en\/golfclubs\/oberoesterreich\/golfclub-traunsee-almtal\/"]}]},{"@type":"BreadcrumbList","@id":"https:\/\/fairway2hotel.at\/en\/golfclubs\/oberoesterreich\/golfclub-traunsee-almtal\/#breadcrumb","itemListElement":[{"@type":"ListItem","position":1,"name":"Home","item":"https:\/\/fairway2hotel.at\/en\/"},{"@type":"ListItem","position":2,"name":"Golfclubs","item":"https:\/\/fairway2hotel.at\/en\/golfclubs\/"},{"@type":"ListItem","position":3,"name":"Golfclubs Ober\u00f6sterreich","item":"https:\/\/fairway2hotel.at\/en\/golfclubs\/oberoesterreich\/"},{"@type":"ListItem","position":4,"name":"GC Traunsee Almtal"}]},{"@type":"WebSite","@id":"https:\/\/fairway2hotel.at\/en\/#website","url":"https:\/\/fairway2hotel.at\/en\/","name":"Fairway 2 Hotel","description":"Golf at half price! 2 play - 1 pays","potentialAction":[{"@type":"SearchAction","target":{"@type":"EntryPoint","urlTemplate":"https:\/\/fairway2hotel.at\/en\/?s={search_term_string}"},"query-input":{"@type":"PropertyValueSpecification","valueRequired":true,"valueName":"search_term_string"}}],"inLanguage":"en-US"}]}},"_links":{"self":[{"href":"https:\/\/fairway2hotel.at\/en\/wp-json\/wp\/v2\/pages\/181","targetHints":{"allow":["GET"]}}],"collection":[{"href":"https:\/\/fairway2hotel.at\/en\/wp-json\/wp\/v2\/pages"}],"about":[{"href":"https:\/\/fairway2hotel.at\/en\/wp-json\/wp\/v2\/types\/page"}],"author":[{"embeddable":true,"href":"https:\/\/fairway2hotel.at\/en\/wp-json\/wp\/v2\/users\/1"}],"replies":[{"embeddable":true,"href":"https:\/\/fairway2hotel.at\/en\/wp-json\/wp\/v2\/comments?post=181"}],"version-history":[{"count":16,"href":"https:\/\/fairway2hotel.at\/en\/wp-json\/wp\/v2\/pages\/181\/revisions"}],"predecessor-version":[{"id":49790,"href":"https:\/\/fairway2hotel.at\/en\/wp-json\/wp\/v2\/pages\/181\/revisions\/49790"}],"up":[{"embeddable":true,"href":"https:\/\/fairway2hotel.at\/en\/wp-json\/wp\/v2\/pages\/1473"}],"acf:attachment":[{"embeddable":true,"href":"https:\/\/fairway2hotel.at\/en\/wp-json\/wp\/v2\/media\/48036"},{"embeddable":true,"href":"https:\/\/fairway2hotel.at\/en\/wp-json\/wp\/v2\/media\/48034"},{"embeddable":true,"href":"https:\/\/fairway2hotel.at\/en\/wp-json\/wp\/v2\/media\/48032"},{"embeddable":true,"href":"https:\/\/fairway2hotel.at\/en\/wp-json\/wp\/v2\/media\/41357"},{"embeddable":true,"href":"https:\/\/fairway2hotel.at\/en\/wp-json\/wp\/v2\/media\/41355"}],"wp:attachment":[{"href":"https:\/\/fairway2hotel.at\/en\/wp-json\/wp\/v2\/media?parent=181"}],"curies":[{"name":"wp","href":"https:\/\/api.w.org\/{rel}","templated":true}]}}