{"id":184,"date":"2009-07-07T01:37:52","date_gmt":"2009-07-06T23:37:52","guid":{"rendered":"https:\/\/f2h.app\/golfclub-ueber-den-daechern-von-passau\/"},"modified":"2025-01-16T10:25:09","modified_gmt":"2025-01-16T09:25:09","slug":"golfclub-ueber-den-daechern-von-passau","status":"publish","type":"page","link":"https:\/\/fairway2hotel.at\/en\/golfclubs\/oberoesterreich\/golfclub-ueber-den-daechern-von-passau\/","title":{"rendered":"GC \u00dcber den D\u00e4chern von Passau"},"content":{"rendered":"<h2>Golf mit Sightseeing-Tour<\/h2>\n<p>Der Golfplatz des GC u\u0308ber den Da\u0308chern von Passau bietet eine einzigartige Aussicht auf die Dom- und Dreiflu\u0308ssestadt Passau. Mit dem Golf-Erlebnisturm \u2013 der weltweit ho\u0308chste in einen Golfplatz integrierte Abschlag auf einem Geba\u0308ude \u2013 hat man ein einmaliges Vorha- ben realisiert. Fu\u0308r Anfa\u0308nger werden gu\u0308nstige Platzreifekurse an einem Wochenende und Mitgliedschaften zu tollen Konditionen u. ohne Aufnahmegebu\u0308hr angeboten. Fu\u0308r diejenigen, welche einige Tage in dieser reizvollen Gegend Urlaub machen mo\u0308chten, stehen U\u0308bernachtungsmo\u0308glichkeiten direkt am Golfplatz zur Verfu\u0308gung. Die komfor- tablen Zimmer im alten Bauernhaus mit Granit- steingewo\u0308lbe oder im umgebauten Getreide- speicher sind Garant fu\u0308r einen unvergesslichen Aufenthalt.<\/p>\n<p>Unser Angebot fu\u0308r Sie: &#8211; 3 Tage Golf inkl. 2 \u00dcbernachtungen im Doppelzimmer mit Fr\u00fchst\u00fcck und unlimited Greenfee ab nur \u20ac 129,- pro Person<\/p>\n<p>Einzelzimmerzuschlag \u20ac 15,- pro Nacht. Fr-So\/Fei zzgl. \u20ac 5,- pro Person\/Tag.<\/p>\n<p>Aufpreis ohne ord. Mitgliedschaft: \u20ac 5,- pro 9-Loch-Runde. Ortstaxe \u20ac 2,50 pro Pers\/Nacht. Aufpreis Turmsuite\/Troadkastn \u20ac 10,- pro Person\/Nacht. Haustieraufschlag \u20ac 10,- pro Tier\/Nacht.<\/p>\n<h2>Golf with a sightseeing tour<\/h2>\n<p>The golf course of the GC above the rooftops of Passau offers a unique view of the cathedral and three-river city of Passau. With the golf experience tower &#8211; the world&#8217;s highest tee integrated into a golf course on a building &#8211; a unique project has been realised. For beginners, inexpensive weekend courses and memberships are offered at great conditions and without an admission fee. For those who would like to spend a few days on holiday in this charming area, overnight accommodation is available directly on the golf course. The comfortable rooms in the old farmhouse with granite stone vaults or in the converted granary guarantee an unforgettable stay.<\/p>\n<p>Our offer for you: &#8211; 3 days golf incl. 2 nights in a double room with breakfast and unlimited green fee only from \u20ac 129,- per person<\/p>\n<p>Single room supplement \u20ac 15,- per night. Fri-Sun\/Fri plus \u20ac 5,- per person\/day.<\/p>\n<p>Surcharge without regular membership: \u20ac 5,- per 9-hole round. Local tax \u20ac 2,50 per person\/night. Surcharge tower suite\/Troadkastn \u20ac 10,- per person\/night. Pet surcharge \u20ac 10,- per pet\/night<\/p>\n","protected":false},"excerpt":{"rendered":"<p>Golf mit Sightseeing-Tour Der Golfplatz des GC u\u0308ber den Da\u0308chern von Passau bietet eine einzigartige Aussicht auf die Dom- und Dreiflu\u0308ssestadt Passau. Mit dem Golf-Erlebnisturm \u2013 der weltweit ho\u0308chste in einen Golfplatz integrierte Abschlag auf einem Geba\u0308ude \u2013 hat man ein einmaliges Vorha- ben realisiert. Fu\u0308r Anfa\u0308nger werden gu\u0308nstige Platzreifekurse an einem Wochenende und Mitgliedschaften [&hellip;]<\/p>\n","protected":false},"author":1,"featured_media":0,"parent":1473,"menu_order":15,"comment_status":"closed","ping_status":"closed","template":"page-partner.php","meta":{"_acf_changed":false,"footnotes":""},"class_list":["post-184","page","type-page","status-publish","hentry"],"acf":{"partner_infobox":"<strong>Adresse:\u00a0<\/strong>A-4785, Freinberg 74\r\n\r\n<strong>Tel:\u00a0<\/strong>+43 7713\/84 94\r\n\r\n<strong>Web: <\/strong><a href=\"http:\/\/www.golfclub-passau.com\" target=\"_blank\" rel=\"nofollow noopener noreferrer\">www.golfclub-passau.com<\/a>\r\n\r\n<strong>E-Mail:<\/strong> <a href=\"mailto:gcpassau@golf.at\">gcpassau@golf.at<\/a>\r\n\r\n<strong>Spielbahnen\/Par: <\/strong>9\/66\r\n\r\n<strong>La\u0308nge: <\/strong>gelb: 3.902 m\/rot: 3.466 m\r\n\r\n<strong>Anfahrt:\r\n<\/strong>Autobahnausf. Passau Mitte \u2192 \u00d6sterr.\/Engelhartszell \u2192 vor Haibach nach Freinberg hoch \u2192 100 m n. Kirche rechts abb.","partner_logo":183,"partner_gallery":[42651,182],"partner_lat":48.55939,"partner_long":13.5204,"partner_type":"golfclub","partner_openings":["1","2","3","4","5","6","7"],"montag_von_bis":"00:00 - 24:00","dienstag_von_bis":"00:00 - 24:00","mittwoch_von_bis":"00:00 - 24:00","donnerstag_von_bis":"00:00 - 24:00","freitag_von_bis":"00:00 - 24:00","samstag_von_bis":"00:00 - 24:00","sonntag_von_bis":"00:00 - 24:00","partner_adresse":"4785 Freinberg 74","partner_land_bundesland":"Ober\u00f6sterreich","partner_tel_1":"","partner_tel_2":"0043 7713 84 94","partner_web":"http:\/\/www.golfclub-passau.com","partner_mail":"gcpassau@golf.at","partner_spielbahnen_par":"9\/66","partner_laenge":"gelb: 3.902 m\/rot: 3.466 m","partner_bedingungen":"Gutschein nur f\u00fcr 18 Loch g\u00fcltig, auch Einzelspieler k\u00f6nnen den Gutschein einl\u00f6sen \r\nVoucher only valid for 18 holes, single players can also redeem the voucher ","partner_anfahrt":"Autobahnausf. Passau Mitte \u2192 \u00d6sterr.\/Engelhartszell \u2192 vor Haibach nach Freinberg hoch \u2192 100 m n. Kirche rechts abb.","partner_misc":null,"additional_css_classes":""},"yoast_head":"<!-- This site is optimized with the Yoast SEO plugin v26.8 - https:\/\/yoast.com\/product\/yoast-seo-wordpress\/ -->\n<title>GC \u00dcber den D\u00e4chern von Passau - Fairway 2 Hotel<\/title>\n<meta name=\"robots\" content=\"index, follow, max-snippet:-1, max-image-preview:large, max-video-preview:-1\" \/>\n<link rel=\"canonical\" href=\"https:\/\/fairway2hotel.at\/en\/golfclubs\/oberoesterreich\/golfclub-ueber-den-daechern-von-passau\/\" \/>\n<meta property=\"og:locale\" content=\"en_US\" \/>\n<meta property=\"og:type\" content=\"article\" \/>\n<meta property=\"og:title\" content=\"GC \u00dcber den D\u00e4chern von Passau - Fairway 2 Hotel\" \/>\n<meta property=\"og:description\" content=\"Golf mit Sightseeing-Tour Der Golfplatz des GC u\u0308ber den Da\u0308chern von Passau bietet eine einzigartige Aussicht auf die Dom- und Dreiflu\u0308ssestadt Passau. Mit dem Golf-Erlebnisturm \u2013 der weltweit ho\u0308chste in einen Golfplatz integrierte Abschlag auf einem Geba\u0308ude \u2013 hat man ein einmaliges Vorha- ben realisiert. Fu\u0308r Anfa\u0308nger werden gu\u0308nstige Platzreifekurse an einem Wochenende und Mitgliedschaften [&hellip;]\" \/>\n<meta property=\"og:url\" content=\"https:\/\/fairway2hotel.at\/en\/golfclubs\/oberoesterreich\/golfclub-ueber-den-daechern-von-passau\/\" \/>\n<meta property=\"og:site_name\" content=\"Fairway 2 Hotel\" \/>\n<meta property=\"article:modified_time\" content=\"2025-01-16T09:25:09+00:00\" \/>\n<meta name=\"twitter:card\" content=\"summary_large_image\" \/>\n<meta name=\"twitter:label1\" content=\"Est. reading time\" \/>\n\t<meta name=\"twitter:data1\" content=\"2 minutes\" \/>\n<script type=\"application\/ld+json\" class=\"yoast-schema-graph\">{\"@context\":\"https:\/\/schema.org\",\"@graph\":[{\"@type\":\"WebPage\",\"@id\":\"https:\/\/fairway2hotel.at\/en\/golfclubs\/oberoesterreich\/golfclub-ueber-den-daechern-von-passau\/\",\"url\":\"https:\/\/fairway2hotel.at\/en\/golfclubs\/oberoesterreich\/golfclub-ueber-den-daechern-von-passau\/\",\"name\":\"GC \u00dcber den D\u00e4chern von Passau - Fairway 2 Hotel\",\"isPartOf\":{\"@id\":\"https:\/\/fairway2hotel.at\/en\/#website\"},\"datePublished\":\"2009-07-06T23:37:52+00:00\",\"dateModified\":\"2025-01-16T09:25:09+00:00\",\"breadcrumb\":{\"@id\":\"https:\/\/fairway2hotel.at\/en\/golfclubs\/oberoesterreich\/golfclub-ueber-den-daechern-von-passau\/#breadcrumb\"},\"inLanguage\":\"en-US\",\"potentialAction\":[{\"@type\":\"ReadAction\",\"target\":[\"https:\/\/fairway2hotel.at\/en\/golfclubs\/oberoesterreich\/golfclub-ueber-den-daechern-von-passau\/\"]}]},{\"@type\":\"BreadcrumbList\",\"@id\":\"https:\/\/fairway2hotel.at\/en\/golfclubs\/oberoesterreich\/golfclub-ueber-den-daechern-von-passau\/#breadcrumb\",\"itemListElement\":[{\"@type\":\"ListItem\",\"position\":1,\"name\":\"Home\",\"item\":\"https:\/\/fairway2hotel.at\/en\/\"},{\"@type\":\"ListItem\",\"position\":2,\"name\":\"Golfclubs\",\"item\":\"https:\/\/fairway2hotel.at\/en\/golfclubs\/\"},{\"@type\":\"ListItem\",\"position\":3,\"name\":\"Golfclubs Ober\u00f6sterreich\",\"item\":\"https:\/\/fairway2hotel.at\/en\/golfclubs\/oberoesterreich\/\"},{\"@type\":\"ListItem\",\"position\":4,\"name\":\"GC \u00dcber den D\u00e4chern von Passau\"}]},{\"@type\":\"WebSite\",\"@id\":\"https:\/\/fairway2hotel.at\/en\/#website\",\"url\":\"https:\/\/fairway2hotel.at\/en\/\",\"name\":\"Fairway 2 Hotel\",\"description\":\"Golf at half price! 2 play - 1 pays\",\"potentialAction\":[{\"@type\":\"SearchAction\",\"target\":{\"@type\":\"EntryPoint\",\"urlTemplate\":\"https:\/\/fairway2hotel.at\/en\/?s={search_term_string}\"},\"query-input\":{\"@type\":\"PropertyValueSpecification\",\"valueRequired\":true,\"valueName\":\"search_term_string\"}}],\"inLanguage\":\"en-US\"}]}<\/script>\n<!-- \/ Yoast SEO plugin. -->","yoast_head_json":{"title":"GC \u00dcber den D\u00e4chern von Passau - Fairway 2 Hotel","robots":{"index":"index","follow":"follow","max-snippet":"max-snippet:-1","max-image-preview":"max-image-preview:large","max-video-preview":"max-video-preview:-1"},"canonical":"https:\/\/fairway2hotel.at\/en\/golfclubs\/oberoesterreich\/golfclub-ueber-den-daechern-von-passau\/","og_locale":"en_US","og_type":"article","og_title":"GC \u00dcber den D\u00e4chern von Passau - Fairway 2 Hotel","og_description":"Golf mit Sightseeing-Tour Der Golfplatz des GC u\u0308ber den Da\u0308chern von Passau bietet eine einzigartige Aussicht auf die Dom- und Dreiflu\u0308ssestadt Passau. Mit dem Golf-Erlebnisturm \u2013 der weltweit ho\u0308chste in einen Golfplatz integrierte Abschlag auf einem Geba\u0308ude \u2013 hat man ein einmaliges Vorha- ben realisiert. Fu\u0308r Anfa\u0308nger werden gu\u0308nstige Platzreifekurse an einem Wochenende und Mitgliedschaften [&hellip;]","og_url":"https:\/\/fairway2hotel.at\/en\/golfclubs\/oberoesterreich\/golfclub-ueber-den-daechern-von-passau\/","og_site_name":"Fairway 2 Hotel","article_modified_time":"2025-01-16T09:25:09+00:00","twitter_card":"summary_large_image","twitter_misc":{"Est. reading time":"2 minutes"},"schema":{"@context":"https:\/\/schema.org","@graph":[{"@type":"WebPage","@id":"https:\/\/fairway2hotel.at\/en\/golfclubs\/oberoesterreich\/golfclub-ueber-den-daechern-von-passau\/","url":"https:\/\/fairway2hotel.at\/en\/golfclubs\/oberoesterreich\/golfclub-ueber-den-daechern-von-passau\/","name":"GC \u00dcber den D\u00e4chern von Passau - Fairway 2 Hotel","isPartOf":{"@id":"https:\/\/fairway2hotel.at\/en\/#website"},"datePublished":"2009-07-06T23:37:52+00:00","dateModified":"2025-01-16T09:25:09+00:00","breadcrumb":{"@id":"https:\/\/fairway2hotel.at\/en\/golfclubs\/oberoesterreich\/golfclub-ueber-den-daechern-von-passau\/#breadcrumb"},"inLanguage":"en-US","potentialAction":[{"@type":"ReadAction","target":["https:\/\/fairway2hotel.at\/en\/golfclubs\/oberoesterreich\/golfclub-ueber-den-daechern-von-passau\/"]}]},{"@type":"BreadcrumbList","@id":"https:\/\/fairway2hotel.at\/en\/golfclubs\/oberoesterreich\/golfclub-ueber-den-daechern-von-passau\/#breadcrumb","itemListElement":[{"@type":"ListItem","position":1,"name":"Home","item":"https:\/\/fairway2hotel.at\/en\/"},{"@type":"ListItem","position":2,"name":"Golfclubs","item":"https:\/\/fairway2hotel.at\/en\/golfclubs\/"},{"@type":"ListItem","position":3,"name":"Golfclubs Ober\u00f6sterreich","item":"https:\/\/fairway2hotel.at\/en\/golfclubs\/oberoesterreich\/"},{"@type":"ListItem","position":4,"name":"GC \u00dcber den D\u00e4chern von Passau"}]},{"@type":"WebSite","@id":"https:\/\/fairway2hotel.at\/en\/#website","url":"https:\/\/fairway2hotel.at\/en\/","name":"Fairway 2 Hotel","description":"Golf at half price! 2 play - 1 pays","potentialAction":[{"@type":"SearchAction","target":{"@type":"EntryPoint","urlTemplate":"https:\/\/fairway2hotel.at\/en\/?s={search_term_string}"},"query-input":{"@type":"PropertyValueSpecification","valueRequired":true,"valueName":"search_term_string"}}],"inLanguage":"en-US"}]}},"_links":{"self":[{"href":"https:\/\/fairway2hotel.at\/en\/wp-json\/wp\/v2\/pages\/184","targetHints":{"allow":["GET"]}}],"collection":[{"href":"https:\/\/fairway2hotel.at\/en\/wp-json\/wp\/v2\/pages"}],"about":[{"href":"https:\/\/fairway2hotel.at\/en\/wp-json\/wp\/v2\/types\/page"}],"author":[{"embeddable":true,"href":"https:\/\/fairway2hotel.at\/en\/wp-json\/wp\/v2\/users\/1"}],"replies":[{"embeddable":true,"href":"https:\/\/fairway2hotel.at\/en\/wp-json\/wp\/v2\/comments?post=184"}],"version-history":[{"count":12,"href":"https:\/\/fairway2hotel.at\/en\/wp-json\/wp\/v2\/pages\/184\/revisions"}],"predecessor-version":[{"id":45882,"href":"https:\/\/fairway2hotel.at\/en\/wp-json\/wp\/v2\/pages\/184\/revisions\/45882"}],"up":[{"embeddable":true,"href":"https:\/\/fairway2hotel.at\/en\/wp-json\/wp\/v2\/pages\/1473"}],"acf:attachment":[{"embeddable":true,"href":"https:\/\/fairway2hotel.at\/en\/wp-json\/wp\/v2\/media\/182"},{"embeddable":true,"href":"https:\/\/fairway2hotel.at\/en\/wp-json\/wp\/v2\/media\/42651"}],"wp:attachment":[{"href":"https:\/\/fairway2hotel.at\/en\/wp-json\/wp\/v2\/media?parent=184"}],"curies":[{"name":"wp","href":"https:\/\/api.w.org\/{rel}","templated":true}]}}