{"id":188,"date":"2009-07-07T08:12:16","date_gmt":"2009-07-07T06:12:16","guid":{"rendered":"https:\/\/f2h.app\/golfclub-ausseerland\/"},"modified":"2025-03-25T12:48:54","modified_gmt":"2025-03-25T11:48:54","slug":"golfclub-ausseerland","status":"publish","type":"page","link":"https:\/\/fairway2hotel.at\/en\/golfclubs\/steiermark\/golfclub-ausseerland\/","title":{"rendered":"GC Ausseerland"},"content":{"rendered":"<h2>Golfen im Mittelpunkt \u00d6sterreichs<\/h2>\n<p>Von unserem Golfplatz, der auf einer Hochebene liegt, hat man von allen L\u00f6chern einen herrlichen Rundblick auf den majest\u00e4tischen Dachsteingletscher, den geschichtstr\u00e4chtigen Loser und das recht vitale Tote Gebirge. Um unseren G\u00e4sten einen ungetr\u00fcbten Golfgenuss zu erm\u00f6glichen, haben wir die Zahl der Turniere bewusst limitiert, Wartezeiten sind daher bei uns eine Seltenheit.<\/p>\n<p>Beim Bau unseres Golfplatzes wurde Wert darauf gelegt, die nat\u00fcrlichen Gegebenheiten des Gel\u00e4ndes beizubehalten und sie f\u00fcr ein anspruchsvolles Design aller L\u00f6cher zu nutzen. Entstanden ist ein Platz, der Golfern mit niedrigem Handicap ein strategisches Spiel abverlangt und den Spielern, die am Anfang ihrer Golflaufbahn stehen, nie die Spielfreude nimmt. Sollte trotzdem mal ein Schlag misslingen, hat man immer die glaubw\u00fcrdige Erkl\u00e4rung, man sei von der umwerfenden Aussicht abgelenkt worden.<\/p>\n<h2>Golfing in the centre of Austria<\/h2>\n<p>From our golf course, which is situated on a plateau, you have a marvellous panoramic view of the majestic Dachstein glacier, the historic Loser and the lively Tote Gebirge mountains from every hole. We have deliberately limited the number of tournaments so that our guests can enjoy golf to the full, which means that waiting times are a rarity.<\/p>\n<p>During the construction of our golf course, great importance was attached to retaining the natural features of the terrain and utilising them for the sophisticated design of all holes. The result is a course that demands a strategic game from golfers with a low handicap and never takes away the joy of playing from players who are at the beginning of their golf career. However, should you miss a shot, you always have the credible explanation that you were distracted by the stunning view.<\/p>\n","protected":false},"excerpt":{"rendered":"<p>Golfen im Mittelpunkt \u00d6sterreichs Von unserem Golfplatz, der auf einer Hochebene liegt, hat man von allen L\u00f6chern einen herrlichen Rundblick auf den majest\u00e4tischen Dachsteingletscher, den geschichtstr\u00e4chtigen Loser und das recht vitale Tote Gebirge. Um unseren G\u00e4sten einen ungetr\u00fcbten Golfgenuss zu erm\u00f6glichen, haben wir die Zahl der Turniere bewusst limitiert, Wartezeiten sind daher bei uns eine [&hellip;]<\/p>\n","protected":false},"author":1,"featured_media":0,"parent":1552,"menu_order":5,"comment_status":"closed","ping_status":"closed","template":"page-partner.php","meta":{"_acf_changed":false,"footnotes":""},"class_list":["post-188","page","type-page","status-publish","hentry"],"acf":{"partner_infobox":"<strong>Adresse:\u00a0<\/strong>Sommersbergsee Stra\u00dfe 392, 8990 Bad Aussee\r\n\r\n<strong>Tel:\u00a0<\/strong>+43 3622\/54 185\r\n\r\n<strong>Fax:\u00a0<\/strong>+43 3622\/55 593\r\n\r\n<strong>Web: <\/strong><a href=\"http:\/\/www.golfclub-ausseerland.at\" target=\"_blank\" rel=\"nofollow noopener\">www.golfclub-ausseerland.at<\/a>\r\n\r\n<strong>E-Mail:<\/strong> <a href=\"mailto:mail@golfclub-ausseerland.at\">mail@golfclub-ausseerland.at<\/a>\r\n\r\n<strong>Spielbahnen\/Par: <\/strong>9\/79\r\n\r\n<strong>La\u0308nge:\r\n<\/strong>gelb: 4.862 m\/rot: 4.256 m\r\n\r\n<strong>Anfahrt:\r\n<\/strong>Salzkammergut-Bundesstr. B 145 nach Bad Aussee, 2. Abf. bei Stra\u00dfenmeisterei, der Beschilderung folgen","partner_logo":187,"partner_gallery":[186,46864],"partner_lat":47.61023,"partner_long":13.75884,"partner_type":"golfclub","partner_openings":["1","2","3","4","5","6","7"],"montag_von_bis":"00:00 - 24:00","dienstag_von_bis":"00:00 - 24:00","mittwoch_von_bis":"00:00 - 24:00","donnerstag_von_bis":"00:00 - 24:00","freitag_von_bis":"00:00 - 24:00","samstag_von_bis":"00:00 - 24:00","sonntag_von_bis":"00:00 - 24:00","partner_adresse":"Sommersbergsee Stra\u00dfe 392, 8990 Bad Aussee","partner_land_bundesland":"Steiermark","partner_tel_1":"0043 3622 55 593","partner_tel_2":"0043 3622 54 185","partner_web":"http:\/\/www.golfclub-ausseerland.at","partner_mail":"mail@golfclub-ausseerland.at","partner_spielbahnen_par":"9\/70","partner_laenge":"gelb: 4.862 m\/rot: 4.256 m","partner_bedingungen":"","partner_anfahrt":"Salzkammergut-Bundesstr. B 145 nach Bad Aussee, 2. Abf. bei Stra\u00dfenmeisterei, der Beschilderung folgen","partner_misc":null,"additional_css_classes":""},"yoast_head":"<!-- This site is optimized with the Yoast SEO plugin v26.8 - https:\/\/yoast.com\/product\/yoast-seo-wordpress\/ -->\n<title>GC Ausseerland - Fairway 2 Hotel<\/title>\n<meta name=\"robots\" content=\"index, follow, max-snippet:-1, max-image-preview:large, max-video-preview:-1\" \/>\n<link rel=\"canonical\" href=\"https:\/\/fairway2hotel.at\/en\/golfclubs\/steiermark\/golfclub-ausseerland\/\" \/>\n<meta property=\"og:locale\" content=\"en_US\" \/>\n<meta property=\"og:type\" content=\"article\" \/>\n<meta property=\"og:title\" content=\"GC Ausseerland - Fairway 2 Hotel\" \/>\n<meta property=\"og:description\" content=\"Golfen im Mittelpunkt \u00d6sterreichs Von unserem Golfplatz, der auf einer Hochebene liegt, hat man von allen L\u00f6chern einen herrlichen Rundblick auf den majest\u00e4tischen Dachsteingletscher, den geschichtstr\u00e4chtigen Loser und das recht vitale Tote Gebirge. Um unseren G\u00e4sten einen ungetr\u00fcbten Golfgenuss zu erm\u00f6glichen, haben wir die Zahl der Turniere bewusst limitiert, Wartezeiten sind daher bei uns eine [&hellip;]\" \/>\n<meta property=\"og:url\" content=\"https:\/\/fairway2hotel.at\/en\/golfclubs\/steiermark\/golfclub-ausseerland\/\" \/>\n<meta property=\"og:site_name\" content=\"Fairway 2 Hotel\" \/>\n<meta property=\"article:modified_time\" content=\"2025-03-25T11:48:54+00:00\" \/>\n<meta name=\"twitter:card\" content=\"summary_large_image\" \/>\n<meta name=\"twitter:label1\" content=\"Est. reading time\" \/>\n\t<meta name=\"twitter:data1\" content=\"2 minutes\" \/>\n<script type=\"application\/ld+json\" class=\"yoast-schema-graph\">{\"@context\":\"https:\/\/schema.org\",\"@graph\":[{\"@type\":\"WebPage\",\"@id\":\"https:\/\/fairway2hotel.at\/en\/golfclubs\/steiermark\/golfclub-ausseerland\/\",\"url\":\"https:\/\/fairway2hotel.at\/en\/golfclubs\/steiermark\/golfclub-ausseerland\/\",\"name\":\"GC Ausseerland - Fairway 2 Hotel\",\"isPartOf\":{\"@id\":\"https:\/\/fairway2hotel.at\/en\/#website\"},\"datePublished\":\"2009-07-07T06:12:16+00:00\",\"dateModified\":\"2025-03-25T11:48:54+00:00\",\"breadcrumb\":{\"@id\":\"https:\/\/fairway2hotel.at\/en\/golfclubs\/steiermark\/golfclub-ausseerland\/#breadcrumb\"},\"inLanguage\":\"en-US\",\"potentialAction\":[{\"@type\":\"ReadAction\",\"target\":[\"https:\/\/fairway2hotel.at\/en\/golfclubs\/steiermark\/golfclub-ausseerland\/\"]}]},{\"@type\":\"BreadcrumbList\",\"@id\":\"https:\/\/fairway2hotel.at\/en\/golfclubs\/steiermark\/golfclub-ausseerland\/#breadcrumb\",\"itemListElement\":[{\"@type\":\"ListItem\",\"position\":1,\"name\":\"Home\",\"item\":\"https:\/\/fairway2hotel.at\/en\/\"},{\"@type\":\"ListItem\",\"position\":2,\"name\":\"Golfclubs\",\"item\":\"https:\/\/fairway2hotel.at\/en\/golfclubs\/\"},{\"@type\":\"ListItem\",\"position\":3,\"name\":\"Golfclubs Steiermark\",\"item\":\"https:\/\/fairway2hotel.at\/en\/golfclubs\/steiermark\/\"},{\"@type\":\"ListItem\",\"position\":4,\"name\":\"GC Ausseerland\"}]},{\"@type\":\"WebSite\",\"@id\":\"https:\/\/fairway2hotel.at\/en\/#website\",\"url\":\"https:\/\/fairway2hotel.at\/en\/\",\"name\":\"Fairway 2 Hotel\",\"description\":\"Golf at half price! 2 play - 1 pays\",\"potentialAction\":[{\"@type\":\"SearchAction\",\"target\":{\"@type\":\"EntryPoint\",\"urlTemplate\":\"https:\/\/fairway2hotel.at\/en\/?s={search_term_string}\"},\"query-input\":{\"@type\":\"PropertyValueSpecification\",\"valueRequired\":true,\"valueName\":\"search_term_string\"}}],\"inLanguage\":\"en-US\"}]}<\/script>\n<!-- \/ Yoast SEO plugin. -->","yoast_head_json":{"title":"GC Ausseerland - Fairway 2 Hotel","robots":{"index":"index","follow":"follow","max-snippet":"max-snippet:-1","max-image-preview":"max-image-preview:large","max-video-preview":"max-video-preview:-1"},"canonical":"https:\/\/fairway2hotel.at\/en\/golfclubs\/steiermark\/golfclub-ausseerland\/","og_locale":"en_US","og_type":"article","og_title":"GC Ausseerland - Fairway 2 Hotel","og_description":"Golfen im Mittelpunkt \u00d6sterreichs Von unserem Golfplatz, der auf einer Hochebene liegt, hat man von allen L\u00f6chern einen herrlichen Rundblick auf den majest\u00e4tischen Dachsteingletscher, den geschichtstr\u00e4chtigen Loser und das recht vitale Tote Gebirge. Um unseren G\u00e4sten einen ungetr\u00fcbten Golfgenuss zu erm\u00f6glichen, haben wir die Zahl der Turniere bewusst limitiert, Wartezeiten sind daher bei uns eine [&hellip;]","og_url":"https:\/\/fairway2hotel.at\/en\/golfclubs\/steiermark\/golfclub-ausseerland\/","og_site_name":"Fairway 2 Hotel","article_modified_time":"2025-03-25T11:48:54+00:00","twitter_card":"summary_large_image","twitter_misc":{"Est. reading time":"2 minutes"},"schema":{"@context":"https:\/\/schema.org","@graph":[{"@type":"WebPage","@id":"https:\/\/fairway2hotel.at\/en\/golfclubs\/steiermark\/golfclub-ausseerland\/","url":"https:\/\/fairway2hotel.at\/en\/golfclubs\/steiermark\/golfclub-ausseerland\/","name":"GC Ausseerland - Fairway 2 Hotel","isPartOf":{"@id":"https:\/\/fairway2hotel.at\/en\/#website"},"datePublished":"2009-07-07T06:12:16+00:00","dateModified":"2025-03-25T11:48:54+00:00","breadcrumb":{"@id":"https:\/\/fairway2hotel.at\/en\/golfclubs\/steiermark\/golfclub-ausseerland\/#breadcrumb"},"inLanguage":"en-US","potentialAction":[{"@type":"ReadAction","target":["https:\/\/fairway2hotel.at\/en\/golfclubs\/steiermark\/golfclub-ausseerland\/"]}]},{"@type":"BreadcrumbList","@id":"https:\/\/fairway2hotel.at\/en\/golfclubs\/steiermark\/golfclub-ausseerland\/#breadcrumb","itemListElement":[{"@type":"ListItem","position":1,"name":"Home","item":"https:\/\/fairway2hotel.at\/en\/"},{"@type":"ListItem","position":2,"name":"Golfclubs","item":"https:\/\/fairway2hotel.at\/en\/golfclubs\/"},{"@type":"ListItem","position":3,"name":"Golfclubs Steiermark","item":"https:\/\/fairway2hotel.at\/en\/golfclubs\/steiermark\/"},{"@type":"ListItem","position":4,"name":"GC Ausseerland"}]},{"@type":"WebSite","@id":"https:\/\/fairway2hotel.at\/en\/#website","url":"https:\/\/fairway2hotel.at\/en\/","name":"Fairway 2 Hotel","description":"Golf at half price! 2 play - 1 pays","potentialAction":[{"@type":"SearchAction","target":{"@type":"EntryPoint","urlTemplate":"https:\/\/fairway2hotel.at\/en\/?s={search_term_string}"},"query-input":{"@type":"PropertyValueSpecification","valueRequired":true,"valueName":"search_term_string"}}],"inLanguage":"en-US"}]}},"_links":{"self":[{"href":"https:\/\/fairway2hotel.at\/en\/wp-json\/wp\/v2\/pages\/188","targetHints":{"allow":["GET"]}}],"collection":[{"href":"https:\/\/fairway2hotel.at\/en\/wp-json\/wp\/v2\/pages"}],"about":[{"href":"https:\/\/fairway2hotel.at\/en\/wp-json\/wp\/v2\/types\/page"}],"author":[{"embeddable":true,"href":"https:\/\/fairway2hotel.at\/en\/wp-json\/wp\/v2\/users\/1"}],"replies":[{"embeddable":true,"href":"https:\/\/fairway2hotel.at\/en\/wp-json\/wp\/v2\/comments?post=188"}],"version-history":[{"count":7,"href":"https:\/\/fairway2hotel.at\/en\/wp-json\/wp\/v2\/pages\/188\/revisions"}],"predecessor-version":[{"id":46866,"href":"https:\/\/fairway2hotel.at\/en\/wp-json\/wp\/v2\/pages\/188\/revisions\/46866"}],"up":[{"embeddable":true,"href":"https:\/\/fairway2hotel.at\/en\/wp-json\/wp\/v2\/pages\/1552"}],"acf:attachment":[{"embeddable":true,"href":"https:\/\/fairway2hotel.at\/en\/wp-json\/wp\/v2\/media\/46864"},{"embeddable":true,"href":"https:\/\/fairway2hotel.at\/en\/wp-json\/wp\/v2\/media\/186"}],"wp:attachment":[{"href":"https:\/\/fairway2hotel.at\/en\/wp-json\/wp\/v2\/media?parent=188"}],"curies":[{"name":"wp","href":"https:\/\/api.w.org\/{rel}","templated":true}]}}