{"id":226,"date":"2009-07-07T20:33:41","date_gmt":"2009-07-07T18:33:41","guid":{"rendered":"https:\/\/f2h.app\/golfclub-schloss-frauenthal\/"},"modified":"2025-03-26T12:32:52","modified_gmt":"2025-03-26T11:32:52","slug":"golfclub-schloss-frauenthal","status":"publish","type":"page","link":"https:\/\/fairway2hotel.at\/en\/golfclubs\/steiermark\/golfclub-schloss-frauenthal\/","title":{"rendered":"GC Schloss Frauenthal"},"content":{"rendered":"<h2>Golfen im Herzen des K\u00fcrbis und Schilcherweinlandes<\/h2>\n<p>Eine Runde in Frauenthal ist so entspannend wie ein \u201ewalk in the park\u201c \u2013 in diesem Fall sogar durch einen echten Schlosspark.<\/p>\n<p>Die ersten 11 L\u00f6cher schl\u00e4ngeln sich zwischen mehrere hundert Jahre alten Eichen, Biotopen und Teichen rund um das ehrw\u00fcrdige Schloss. Die \u201eback-seven\u201c, im Mischwald gelegen, gelten als echte Herausforderung f\u00fcr jeden Golfer. Das Herz der liebevoll gepflegten Anlage schl\u00e4gt im Clubhaus. Das gem\u00fctlich eingerichtete Club-Restaurant, verw\u00f6hnt den Gast mit einer K\u00fcche, die von bodenst\u00e4ndig, regional bis mediterran reicht. Die passenden regionalen Weine runden das saisonale Angebot ab.<\/p>\n<p>Fazit eines Tages: Frauenthal er\u00f6ffnet neue Dimensionen mit abwechslungsreichen Spielbahnen und Gourmetfreuden. Eine Golfanlage eingebettet in eine herrliche Landschaft und \u00d6sterreichs einziger Platz mit f\u00fcnf Par 5.<\/p>\n<h2>Golfing in the heart of the pumpkin and Schilcher wine country<\/h2>\n<p>A round in Frauenthal is as relaxing as a \u2018walk in the park\u2019 &#8211; in this case even through a real castle park.<\/p>\n<p>The first 11 holes meander between centuries-old oak trees, biotopes and ponds around the venerable castle. The \u2018back-seven\u2019, situated in the mixed forest, are a real challenge for any golfer. The heart of the lovingly maintained course beats in the clubhouse. The cosily furnished club restaurant spoils guests with cuisine ranging from down-to-earth, regional to Mediterranean. The matching regional wines round off the seasonal offer.<\/p>\n<p>Conclusion of a day: Frauenthal opens up new dimensions with varied fairways and gourmet delights. A golf course embedded in a marvellous landscape and Austria&#8217;s only course with five par 5s.<\/p>\n","protected":false},"excerpt":{"rendered":"<p>Golfen im Herzen des K\u00fcrbis und Schilcherweinlandes Eine Runde in Frauenthal ist so entspannend wie ein \u201ewalk in the park\u201c \u2013 in diesem Fall sogar durch einen echten Schlosspark. Die ersten 11 L\u00f6cher schl\u00e4ngeln sich zwischen mehrere hundert Jahre alten Eichen, Biotopen und Teichen rund um das ehrw\u00fcrdige Schloss. Die \u201eback-seven\u201c, im Mischwald gelegen, gelten [&hellip;]<\/p>\n","protected":false},"author":1,"featured_media":0,"parent":1552,"menu_order":30,"comment_status":"closed","ping_status":"closed","template":"page-partner.php","meta":{"_acf_changed":false,"footnotes":""},"class_list":["post-226","page","type-page","status-publish","hentry"],"acf":{"partner_infobox":"<strong>Adresse:\u00a0<\/strong>Ulrichberg 7, 8530 Deutschlandsberg\r\n\r\n<strong>Tel:\u00a0<\/strong>+43 3462\/5717\r\n\r\n<strong>Fax:\u00a0<\/strong>+43 3462\/5717-5\r\n\r\n<strong>Web: <\/strong><a href=\"http:\/\/www.gcfrauenthal.at\" target=\"_blank\" rel=\"nofollow noopener noreferrer\">www.gcfrauenthal.at<\/a>\r\n\r\n<strong>E-Mail:<\/strong> <a href=\"mailto:office@gcfrauenthal.at\">office@gcfrauenthal.at<\/a>\r\n\r\n<strong>Spielbahnen\/Par: <\/strong>18\/72\r\n\r\n<strong>La\u0308nge: <\/strong>gelb: 5.342 m\/rot: 4.676 m\r\n\r\n<strong>Anfahrt:\r\n<\/strong>A2 Wien\u2013Klagenf., Abf.Lieboch, B76 via Stainz \u2192 Dt.landsb., beim Kreis-verk. Dt.landsb. S\u00fcd links \u2192 Frauenthal, n\u00e4chster Kreisverk. rechts \u2192 Schloss Frauenthal","partner_logo":225,"partner_gallery":[224,46916,46918,46920],"partner_lat":46.81336,"partner_long":15.2465,"partner_type":"golfclub","partner_openings":["1","2","3","4"],"montag_von_bis":"00:00 - 24:00","dienstag_von_bis":"00:00 - 24:00","mittwoch_von_bis":"00:00 - 24:00","donnerstag_von_bis":"00:00 - 24:00","freitag_von_bis":"00:00 - 24:00","samstag_von_bis":"00:00 - 24:00","sonntag_von_bis":"00:00 - 24:00","partner_adresse":"Ulrichberg 7, 8530 Deutschlandsberg","partner_land_bundesland":"Steiermark","partner_tel_1":"0043 3462 57175","partner_tel_2":"0043 3462 5717","partner_web":"http:\/\/www.gcfrauenthal.at","partner_mail":"office@gcfrauenthal.at","partner_spielbahnen_par":"18\/72","partner_laenge":"gelb: 5.342 m\/rot: 4.676 m","partner_bedingungen":"Gutschein einl\u00f6sbar von MO-DO.\r\nVoucher redeemable from Mon-Thu.","partner_anfahrt":"A2 Wien\u2013Klagenf., Abf.Lieboch, B76 via Stainz \u2192 Dt.landsb., beim Kreis-verk. Dt.landsb. S\u00fcd links \u2192 Frauenthal, n\u00e4chster Kreisverk. rechts \u2192 Schloss Frauenthal","partner_misc":null,"additional_css_classes":""},"yoast_head":"<!-- This site is optimized with the Yoast SEO plugin v26.8 - https:\/\/yoast.com\/product\/yoast-seo-wordpress\/ -->\n<title>GC Schloss Frauenthal - Fairway 2 Hotel<\/title>\n<meta name=\"robots\" content=\"index, follow, max-snippet:-1, max-image-preview:large, max-video-preview:-1\" \/>\n<link rel=\"canonical\" href=\"https:\/\/fairway2hotel.at\/en\/golfclubs\/steiermark\/golfclub-schloss-frauenthal\/\" \/>\n<meta property=\"og:locale\" content=\"en_US\" \/>\n<meta property=\"og:type\" content=\"article\" \/>\n<meta property=\"og:title\" content=\"GC Schloss Frauenthal - Fairway 2 Hotel\" \/>\n<meta property=\"og:description\" content=\"Golfen im Herzen des K\u00fcrbis und Schilcherweinlandes Eine Runde in Frauenthal ist so entspannend wie ein \u201ewalk in the park\u201c \u2013 in diesem Fall sogar durch einen echten Schlosspark. Die ersten 11 L\u00f6cher schl\u00e4ngeln sich zwischen mehrere hundert Jahre alten Eichen, Biotopen und Teichen rund um das ehrw\u00fcrdige Schloss. Die \u201eback-seven\u201c, im Mischwald gelegen, gelten [&hellip;]\" \/>\n<meta property=\"og:url\" content=\"https:\/\/fairway2hotel.at\/en\/golfclubs\/steiermark\/golfclub-schloss-frauenthal\/\" \/>\n<meta property=\"og:site_name\" content=\"Fairway 2 Hotel\" \/>\n<meta property=\"article:modified_time\" content=\"2025-03-26T11:32:52+00:00\" \/>\n<meta name=\"twitter:card\" content=\"summary_large_image\" \/>\n<meta name=\"twitter:label1\" content=\"Est. reading time\" \/>\n\t<meta name=\"twitter:data1\" content=\"2 minutes\" \/>\n<script type=\"application\/ld+json\" class=\"yoast-schema-graph\">{\"@context\":\"https:\/\/schema.org\",\"@graph\":[{\"@type\":\"WebPage\",\"@id\":\"https:\/\/fairway2hotel.at\/en\/golfclubs\/steiermark\/golfclub-schloss-frauenthal\/\",\"url\":\"https:\/\/fairway2hotel.at\/en\/golfclubs\/steiermark\/golfclub-schloss-frauenthal\/\",\"name\":\"GC Schloss Frauenthal - Fairway 2 Hotel\",\"isPartOf\":{\"@id\":\"https:\/\/fairway2hotel.at\/en\/#website\"},\"datePublished\":\"2009-07-07T18:33:41+00:00\",\"dateModified\":\"2025-03-26T11:32:52+00:00\",\"breadcrumb\":{\"@id\":\"https:\/\/fairway2hotel.at\/en\/golfclubs\/steiermark\/golfclub-schloss-frauenthal\/#breadcrumb\"},\"inLanguage\":\"en-US\",\"potentialAction\":[{\"@type\":\"ReadAction\",\"target\":[\"https:\/\/fairway2hotel.at\/en\/golfclubs\/steiermark\/golfclub-schloss-frauenthal\/\"]}]},{\"@type\":\"BreadcrumbList\",\"@id\":\"https:\/\/fairway2hotel.at\/en\/golfclubs\/steiermark\/golfclub-schloss-frauenthal\/#breadcrumb\",\"itemListElement\":[{\"@type\":\"ListItem\",\"position\":1,\"name\":\"Home\",\"item\":\"https:\/\/fairway2hotel.at\/en\/\"},{\"@type\":\"ListItem\",\"position\":2,\"name\":\"Golfclubs\",\"item\":\"https:\/\/fairway2hotel.at\/en\/golfclubs\/\"},{\"@type\":\"ListItem\",\"position\":3,\"name\":\"Golfclubs Steiermark\",\"item\":\"https:\/\/fairway2hotel.at\/en\/golfclubs\/steiermark\/\"},{\"@type\":\"ListItem\",\"position\":4,\"name\":\"GC Schloss Frauenthal\"}]},{\"@type\":\"WebSite\",\"@id\":\"https:\/\/fairway2hotel.at\/en\/#website\",\"url\":\"https:\/\/fairway2hotel.at\/en\/\",\"name\":\"Fairway 2 Hotel\",\"description\":\"Golf at half price! 2 play - 1 pays\",\"potentialAction\":[{\"@type\":\"SearchAction\",\"target\":{\"@type\":\"EntryPoint\",\"urlTemplate\":\"https:\/\/fairway2hotel.at\/en\/?s={search_term_string}\"},\"query-input\":{\"@type\":\"PropertyValueSpecification\",\"valueRequired\":true,\"valueName\":\"search_term_string\"}}],\"inLanguage\":\"en-US\"}]}<\/script>\n<!-- \/ Yoast SEO plugin. -->","yoast_head_json":{"title":"GC Schloss Frauenthal - Fairway 2 Hotel","robots":{"index":"index","follow":"follow","max-snippet":"max-snippet:-1","max-image-preview":"max-image-preview:large","max-video-preview":"max-video-preview:-1"},"canonical":"https:\/\/fairway2hotel.at\/en\/golfclubs\/steiermark\/golfclub-schloss-frauenthal\/","og_locale":"en_US","og_type":"article","og_title":"GC Schloss Frauenthal - Fairway 2 Hotel","og_description":"Golfen im Herzen des K\u00fcrbis und Schilcherweinlandes Eine Runde in Frauenthal ist so entspannend wie ein \u201ewalk in the park\u201c \u2013 in diesem Fall sogar durch einen echten Schlosspark. Die ersten 11 L\u00f6cher schl\u00e4ngeln sich zwischen mehrere hundert Jahre alten Eichen, Biotopen und Teichen rund um das ehrw\u00fcrdige Schloss. Die \u201eback-seven\u201c, im Mischwald gelegen, gelten [&hellip;]","og_url":"https:\/\/fairway2hotel.at\/en\/golfclubs\/steiermark\/golfclub-schloss-frauenthal\/","og_site_name":"Fairway 2 Hotel","article_modified_time":"2025-03-26T11:32:52+00:00","twitter_card":"summary_large_image","twitter_misc":{"Est. reading time":"2 minutes"},"schema":{"@context":"https:\/\/schema.org","@graph":[{"@type":"WebPage","@id":"https:\/\/fairway2hotel.at\/en\/golfclubs\/steiermark\/golfclub-schloss-frauenthal\/","url":"https:\/\/fairway2hotel.at\/en\/golfclubs\/steiermark\/golfclub-schloss-frauenthal\/","name":"GC Schloss Frauenthal - Fairway 2 Hotel","isPartOf":{"@id":"https:\/\/fairway2hotel.at\/en\/#website"},"datePublished":"2009-07-07T18:33:41+00:00","dateModified":"2025-03-26T11:32:52+00:00","breadcrumb":{"@id":"https:\/\/fairway2hotel.at\/en\/golfclubs\/steiermark\/golfclub-schloss-frauenthal\/#breadcrumb"},"inLanguage":"en-US","potentialAction":[{"@type":"ReadAction","target":["https:\/\/fairway2hotel.at\/en\/golfclubs\/steiermark\/golfclub-schloss-frauenthal\/"]}]},{"@type":"BreadcrumbList","@id":"https:\/\/fairway2hotel.at\/en\/golfclubs\/steiermark\/golfclub-schloss-frauenthal\/#breadcrumb","itemListElement":[{"@type":"ListItem","position":1,"name":"Home","item":"https:\/\/fairway2hotel.at\/en\/"},{"@type":"ListItem","position":2,"name":"Golfclubs","item":"https:\/\/fairway2hotel.at\/en\/golfclubs\/"},{"@type":"ListItem","position":3,"name":"Golfclubs Steiermark","item":"https:\/\/fairway2hotel.at\/en\/golfclubs\/steiermark\/"},{"@type":"ListItem","position":4,"name":"GC Schloss Frauenthal"}]},{"@type":"WebSite","@id":"https:\/\/fairway2hotel.at\/en\/#website","url":"https:\/\/fairway2hotel.at\/en\/","name":"Fairway 2 Hotel","description":"Golf at half price! 2 play - 1 pays","potentialAction":[{"@type":"SearchAction","target":{"@type":"EntryPoint","urlTemplate":"https:\/\/fairway2hotel.at\/en\/?s={search_term_string}"},"query-input":{"@type":"PropertyValueSpecification","valueRequired":true,"valueName":"search_term_string"}}],"inLanguage":"en-US"}]}},"_links":{"self":[{"href":"https:\/\/fairway2hotel.at\/en\/wp-json\/wp\/v2\/pages\/226","targetHints":{"allow":["GET"]}}],"collection":[{"href":"https:\/\/fairway2hotel.at\/en\/wp-json\/wp\/v2\/pages"}],"about":[{"href":"https:\/\/fairway2hotel.at\/en\/wp-json\/wp\/v2\/types\/page"}],"author":[{"embeddable":true,"href":"https:\/\/fairway2hotel.at\/en\/wp-json\/wp\/v2\/users\/1"}],"replies":[{"embeddable":true,"href":"https:\/\/fairway2hotel.at\/en\/wp-json\/wp\/v2\/comments?post=226"}],"version-history":[{"count":11,"href":"https:\/\/fairway2hotel.at\/en\/wp-json\/wp\/v2\/pages\/226\/revisions"}],"predecessor-version":[{"id":46922,"href":"https:\/\/fairway2hotel.at\/en\/wp-json\/wp\/v2\/pages\/226\/revisions\/46922"}],"up":[{"embeddable":true,"href":"https:\/\/fairway2hotel.at\/en\/wp-json\/wp\/v2\/pages\/1552"}],"acf:attachment":[{"embeddable":true,"href":"https:\/\/fairway2hotel.at\/en\/wp-json\/wp\/v2\/media\/46920"},{"embeddable":true,"href":"https:\/\/fairway2hotel.at\/en\/wp-json\/wp\/v2\/media\/46918"},{"embeddable":true,"href":"https:\/\/fairway2hotel.at\/en\/wp-json\/wp\/v2\/media\/46916"},{"embeddable":true,"href":"https:\/\/fairway2hotel.at\/en\/wp-json\/wp\/v2\/media\/224"}],"wp:attachment":[{"href":"https:\/\/fairway2hotel.at\/en\/wp-json\/wp\/v2\/media?parent=226"}],"curies":[{"name":"wp","href":"https:\/\/api.w.org\/{rel}","templated":true}]}}