{"id":229,"date":"2009-07-07T20:41:54","date_gmt":"2009-07-07T18:41:54","guid":{"rendered":"https:\/\/f2h.app\/golf-und-country-club-schloss-pichlarn\/"},"modified":"2025-04-21T15:29:51","modified_gmt":"2025-04-21T13:29:51","slug":"golf-und-country-club-schloss-pichlarn","status":"publish","type":"page","link":"https:\/\/fairway2hotel.at\/en\/golfclubs\/steiermark\/golf-und-country-club-schloss-pichlarn\/","title":{"rendered":"GCC Schloss Pichlarn"},"content":{"rendered":"<h2>Golf &amp; Country Club Schloss Pichlarn<\/h2>\n<p>Der Golf &amp; Country Club Schloss Pichlarn mit dem Imlauer Hotel Schloss Pichlarn z\u00e4hlt zu den sch\u00f6nsten Golfressorts Mitteleuropas. Ein Golfplatz, eingebettet in einer stolzen Naturkulisse, und ein Hotel, geschickt auf einer Anh\u00f6he platziert, laden G\u00e4ste und Mitglieder zugleich zum Genie\u00dfen und zur sportlichen Herausforderung ein. Eine stolze Geschichte erz\u00e4hlt der Golf &amp; Country Club Schloss Pichlarn, der im Jahr 2022 sein 50 j\u00e4hriges Jubil\u00e4um feierte, als Ausrichter vieler gro\u00dfer nationaler und internationaler Turniere. Darunter auch jenes im Jahr 1985, bei dem der damals amtierende Masters-Champion Bernhard Langer auf der urspr\u00fcnglichen Par 72-Anlage mit 66 Schl\u00e4gen einen Platzrekord erspielte, der mehr als 25 Jahre unerreicht blieb. In einem Satz zusammengefasst: &#8220;Hier spielst du einen alpinen Golfplatz mit Tradition und Naturverbundenheit am Fu\u00dfe des Grimmings, den du nicht vergessen wirst.&#8221;<\/p>\n<h2>Golf &amp; Country Club Schloss Pichlarn<\/h2>\n<p>The Golf &amp; Country Club Schloss Pichlarn with the Imlauer Hotel Schloss Pichlarn is one of the most beautiful golf resorts in Central Europe. A golf course, nestled in a proud natural setting, and a hotel, skilfully positioned on a hill, invite guests and members alike to enjoy themselves and take on a sporting challenge. The Golf &amp; Country Club Schloss Pichlarn, which celebrated its 50th anniversary in 2022, has a proud history as the organiser of many major national and international tournaments. This includes the one in 1985, where the then reigning Masters champion Bernhard Langer set a course record of 66 strokes on the original par 72 course, which remained unrivalled for more than 25 years. Summarised in one sentence: \u2018Here you play an alpine golf course with tradition and closeness to nature at the foot of the Grimmings that you won&#8217;t forget.\u2019<\/p>\n","protected":false},"excerpt":{"rendered":"<p>Golf &amp; Country Club Schloss Pichlarn Der Golf &amp; Country Club Schloss Pichlarn mit dem Imlauer Hotel Schloss Pichlarn z\u00e4hlt zu den sch\u00f6nsten Golfressorts Mitteleuropas. Ein Golfplatz, eingebettet in einer stolzen Naturkulisse, und ein Hotel, geschickt auf einer Anh\u00f6he platziert, laden G\u00e4ste und Mitglieder zugleich zum Genie\u00dfen und zur sportlichen Herausforderung ein. Eine stolze Geschichte [&hellip;]<\/p>\n","protected":false},"author":1,"featured_media":0,"parent":1552,"menu_order":35,"comment_status":"closed","ping_status":"closed","template":"page-partner.php","meta":{"_acf_changed":false,"footnotes":""},"class_list":["post-229","page","type-page","status-publish","hentry"],"acf":{"partner_infobox":"<strong>Adresse:\u00a0<\/strong>Zur Linde 1, 8943 Aigen im Ennstal\r\n\r\n<strong>Tel:\u00a0<\/strong>03682\/24440-540\r\n\r\n<strong>Fax:\u00a0<\/strong>03682\/24440-580\r\n\r\n<strong>Web: <\/strong><a href=\"https:\/\/schlosspichlarn.at\/golf\/\">www.schlosspichlarn.at\/golf\/<\/a>\r\n\r\n<strong>E-Mail:<\/strong> <a href=\"mailto:golf@pichlarn.at\">golf@pichlarn.at<\/a>\r\n\r\n<strong>Spielbahnen\/Par: <\/strong>18\/70\r\n\r\n<strong>La\u0308nge: <\/strong>wei\u00df: 5.710 m blau: 5.125 m\r\n\r\n<strong>Anfahrt:\r\n<\/strong>A8, bei Salzb. auf A10, Ausf. Ennst.--Gr. \u2192 B146 \u2192 Radst. \u2192 Schladm. \u2192 Kreuzung B145\/ B146 \u2192 re. Irdning. Tafeln folgen, ca. 2 km bis zu Golfplatz.","partner_logo":228,"partner_gallery":[227,46923,46925,46927],"partner_lat":47.50353,"partner_long":14.12018,"partner_type":"golfclub","partner_openings":["1","2","3","4","5","6","7"],"montag_von_bis":"00:00 - 24:00","dienstag_von_bis":"00:00 - 24:00","mittwoch_von_bis":"00:00 - 24:00","donnerstag_von_bis":"00:00 - 24:00","freitag_von_bis":"00:00 - 24:00","samstag_von_bis":"00:00 - 24:00","sonntag_von_bis":"00:00 - 24:00","partner_adresse":"Zur Linde 1, 8943 Aigen im Ennstal","partner_land_bundesland":"Steiermark","partner_tel_1":"0043 3682 24440 580","partner_tel_2":"0043 3682 24440 540","partner_web":"https:\/\/golfpichlarn.at\/","partner_mail":"golf@schlosspichlarn.at","partner_spielbahnen_par":"18\/70","partner_laenge":"wei\u00df: 5.710 m blau: 5.125 m","partner_bedingungen":"","partner_anfahrt":"A8, bei Salzb. auf A10, Ausf. Ennst.--Gr. \u2192 B146 \u2192 Radst. \u2192 Schladm. \u2192 Kreuzung B145\/ B146 \u2192 re. Irdning. Tafeln folgen, ca. 2 km bis zu Golfplatz.","partner_misc":null,"additional_css_classes":""},"yoast_head":"<!-- This site is optimized with the Yoast SEO plugin v26.8 - https:\/\/yoast.com\/product\/yoast-seo-wordpress\/ -->\n<title>GCC Schloss Pichlarn - Fairway 2 Hotel<\/title>\n<meta name=\"robots\" content=\"index, follow, max-snippet:-1, max-image-preview:large, max-video-preview:-1\" \/>\n<link rel=\"canonical\" href=\"https:\/\/fairway2hotel.at\/en\/golfclubs\/steiermark\/golf-und-country-club-schloss-pichlarn\/\" \/>\n<meta property=\"og:locale\" content=\"en_US\" \/>\n<meta property=\"og:type\" content=\"article\" \/>\n<meta property=\"og:title\" content=\"GCC Schloss Pichlarn - Fairway 2 Hotel\" \/>\n<meta property=\"og:description\" content=\"Golf &amp; Country Club Schloss Pichlarn Der Golf &amp; Country Club Schloss Pichlarn mit dem Imlauer Hotel Schloss Pichlarn z\u00e4hlt zu den sch\u00f6nsten Golfressorts Mitteleuropas. Ein Golfplatz, eingebettet in einer stolzen Naturkulisse, und ein Hotel, geschickt auf einer Anh\u00f6he platziert, laden G\u00e4ste und Mitglieder zugleich zum Genie\u00dfen und zur sportlichen Herausforderung ein. Eine stolze Geschichte [&hellip;]\" \/>\n<meta property=\"og:url\" content=\"https:\/\/fairway2hotel.at\/en\/golfclubs\/steiermark\/golf-und-country-club-schloss-pichlarn\/\" \/>\n<meta property=\"og:site_name\" content=\"Fairway 2 Hotel\" \/>\n<meta property=\"article:modified_time\" content=\"2025-04-21T13:29:51+00:00\" \/>\n<meta name=\"twitter:card\" content=\"summary_large_image\" \/>\n<meta name=\"twitter:label1\" content=\"Est. reading time\" \/>\n\t<meta name=\"twitter:data1\" content=\"2 minutes\" \/>\n<script type=\"application\/ld+json\" class=\"yoast-schema-graph\">{\"@context\":\"https:\/\/schema.org\",\"@graph\":[{\"@type\":\"WebPage\",\"@id\":\"https:\/\/fairway2hotel.at\/en\/golfclubs\/steiermark\/golf-und-country-club-schloss-pichlarn\/\",\"url\":\"https:\/\/fairway2hotel.at\/en\/golfclubs\/steiermark\/golf-und-country-club-schloss-pichlarn\/\",\"name\":\"GCC Schloss Pichlarn - Fairway 2 Hotel\",\"isPartOf\":{\"@id\":\"https:\/\/fairway2hotel.at\/en\/#website\"},\"datePublished\":\"2009-07-07T18:41:54+00:00\",\"dateModified\":\"2025-04-21T13:29:51+00:00\",\"breadcrumb\":{\"@id\":\"https:\/\/fairway2hotel.at\/en\/golfclubs\/steiermark\/golf-und-country-club-schloss-pichlarn\/#breadcrumb\"},\"inLanguage\":\"en-US\",\"potentialAction\":[{\"@type\":\"ReadAction\",\"target\":[\"https:\/\/fairway2hotel.at\/en\/golfclubs\/steiermark\/golf-und-country-club-schloss-pichlarn\/\"]}]},{\"@type\":\"BreadcrumbList\",\"@id\":\"https:\/\/fairway2hotel.at\/en\/golfclubs\/steiermark\/golf-und-country-club-schloss-pichlarn\/#breadcrumb\",\"itemListElement\":[{\"@type\":\"ListItem\",\"position\":1,\"name\":\"Home\",\"item\":\"https:\/\/fairway2hotel.at\/en\/\"},{\"@type\":\"ListItem\",\"position\":2,\"name\":\"Golfclubs\",\"item\":\"https:\/\/fairway2hotel.at\/en\/golfclubs\/\"},{\"@type\":\"ListItem\",\"position\":3,\"name\":\"Golfclubs Steiermark\",\"item\":\"https:\/\/fairway2hotel.at\/en\/golfclubs\/steiermark\/\"},{\"@type\":\"ListItem\",\"position\":4,\"name\":\"GCC Schloss Pichlarn\"}]},{\"@type\":\"WebSite\",\"@id\":\"https:\/\/fairway2hotel.at\/en\/#website\",\"url\":\"https:\/\/fairway2hotel.at\/en\/\",\"name\":\"Fairway 2 Hotel\",\"description\":\"Golf at half price! 2 play - 1 pays\",\"potentialAction\":[{\"@type\":\"SearchAction\",\"target\":{\"@type\":\"EntryPoint\",\"urlTemplate\":\"https:\/\/fairway2hotel.at\/en\/?s={search_term_string}\"},\"query-input\":{\"@type\":\"PropertyValueSpecification\",\"valueRequired\":true,\"valueName\":\"search_term_string\"}}],\"inLanguage\":\"en-US\"}]}<\/script>\n<!-- \/ Yoast SEO plugin. -->","yoast_head_json":{"title":"GCC Schloss Pichlarn - Fairway 2 Hotel","robots":{"index":"index","follow":"follow","max-snippet":"max-snippet:-1","max-image-preview":"max-image-preview:large","max-video-preview":"max-video-preview:-1"},"canonical":"https:\/\/fairway2hotel.at\/en\/golfclubs\/steiermark\/golf-und-country-club-schloss-pichlarn\/","og_locale":"en_US","og_type":"article","og_title":"GCC Schloss Pichlarn - Fairway 2 Hotel","og_description":"Golf &amp; Country Club Schloss Pichlarn Der Golf &amp; Country Club Schloss Pichlarn mit dem Imlauer Hotel Schloss Pichlarn z\u00e4hlt zu den sch\u00f6nsten Golfressorts Mitteleuropas. Ein Golfplatz, eingebettet in einer stolzen Naturkulisse, und ein Hotel, geschickt auf einer Anh\u00f6he platziert, laden G\u00e4ste und Mitglieder zugleich zum Genie\u00dfen und zur sportlichen Herausforderung ein. Eine stolze Geschichte [&hellip;]","og_url":"https:\/\/fairway2hotel.at\/en\/golfclubs\/steiermark\/golf-und-country-club-schloss-pichlarn\/","og_site_name":"Fairway 2 Hotel","article_modified_time":"2025-04-21T13:29:51+00:00","twitter_card":"summary_large_image","twitter_misc":{"Est. reading time":"2 minutes"},"schema":{"@context":"https:\/\/schema.org","@graph":[{"@type":"WebPage","@id":"https:\/\/fairway2hotel.at\/en\/golfclubs\/steiermark\/golf-und-country-club-schloss-pichlarn\/","url":"https:\/\/fairway2hotel.at\/en\/golfclubs\/steiermark\/golf-und-country-club-schloss-pichlarn\/","name":"GCC Schloss Pichlarn - Fairway 2 Hotel","isPartOf":{"@id":"https:\/\/fairway2hotel.at\/en\/#website"},"datePublished":"2009-07-07T18:41:54+00:00","dateModified":"2025-04-21T13:29:51+00:00","breadcrumb":{"@id":"https:\/\/fairway2hotel.at\/en\/golfclubs\/steiermark\/golf-und-country-club-schloss-pichlarn\/#breadcrumb"},"inLanguage":"en-US","potentialAction":[{"@type":"ReadAction","target":["https:\/\/fairway2hotel.at\/en\/golfclubs\/steiermark\/golf-und-country-club-schloss-pichlarn\/"]}]},{"@type":"BreadcrumbList","@id":"https:\/\/fairway2hotel.at\/en\/golfclubs\/steiermark\/golf-und-country-club-schloss-pichlarn\/#breadcrumb","itemListElement":[{"@type":"ListItem","position":1,"name":"Home","item":"https:\/\/fairway2hotel.at\/en\/"},{"@type":"ListItem","position":2,"name":"Golfclubs","item":"https:\/\/fairway2hotel.at\/en\/golfclubs\/"},{"@type":"ListItem","position":3,"name":"Golfclubs Steiermark","item":"https:\/\/fairway2hotel.at\/en\/golfclubs\/steiermark\/"},{"@type":"ListItem","position":4,"name":"GCC Schloss Pichlarn"}]},{"@type":"WebSite","@id":"https:\/\/fairway2hotel.at\/en\/#website","url":"https:\/\/fairway2hotel.at\/en\/","name":"Fairway 2 Hotel","description":"Golf at half price! 2 play - 1 pays","potentialAction":[{"@type":"SearchAction","target":{"@type":"EntryPoint","urlTemplate":"https:\/\/fairway2hotel.at\/en\/?s={search_term_string}"},"query-input":{"@type":"PropertyValueSpecification","valueRequired":true,"valueName":"search_term_string"}}],"inLanguage":"en-US"}]}},"_links":{"self":[{"href":"https:\/\/fairway2hotel.at\/en\/wp-json\/wp\/v2\/pages\/229","targetHints":{"allow":["GET"]}}],"collection":[{"href":"https:\/\/fairway2hotel.at\/en\/wp-json\/wp\/v2\/pages"}],"about":[{"href":"https:\/\/fairway2hotel.at\/en\/wp-json\/wp\/v2\/types\/page"}],"author":[{"embeddable":true,"href":"https:\/\/fairway2hotel.at\/en\/wp-json\/wp\/v2\/users\/1"}],"replies":[{"embeddable":true,"href":"https:\/\/fairway2hotel.at\/en\/wp-json\/wp\/v2\/comments?post=229"}],"version-history":[{"count":14,"href":"https:\/\/fairway2hotel.at\/en\/wp-json\/wp\/v2\/pages\/229\/revisions"}],"predecessor-version":[{"id":48064,"href":"https:\/\/fairway2hotel.at\/en\/wp-json\/wp\/v2\/pages\/229\/revisions\/48064"}],"up":[{"embeddable":true,"href":"https:\/\/fairway2hotel.at\/en\/wp-json\/wp\/v2\/pages\/1552"}],"acf:attachment":[{"embeddable":true,"href":"https:\/\/fairway2hotel.at\/en\/wp-json\/wp\/v2\/media\/46927"},{"embeddable":true,"href":"https:\/\/fairway2hotel.at\/en\/wp-json\/wp\/v2\/media\/46925"},{"embeddable":true,"href":"https:\/\/fairway2hotel.at\/en\/wp-json\/wp\/v2\/media\/46923"},{"embeddable":true,"href":"https:\/\/fairway2hotel.at\/en\/wp-json\/wp\/v2\/media\/227"}],"wp:attachment":[{"href":"https:\/\/fairway2hotel.at\/en\/wp-json\/wp\/v2\/media?parent=229"}],"curies":[{"name":"wp","href":"https:\/\/api.w.org\/{rel}","templated":true}]}}