{"id":233,"date":"2009-07-08T14:13:25","date_gmt":"2009-07-08T12:13:25","guid":{"rendered":"https:\/\/f2h.app\/golfclub-goldegg\/"},"modified":"2025-11-22T15:58:21","modified_gmt":"2025-11-22T14:58:21","slug":"golfclub-goldegg","status":"publish","type":"page","link":"https:\/\/fairway2hotel.at\/en\/golfclubs\/salzburg\/golfclub-goldegg\/","title":{"rendered":"GC Goldegg"},"content":{"rendered":"<h2>Golf auf der Sonnenterrasse \u201eDas Juwel im Salzburger Land\u201c<\/h2>\n<p>Nur wenige Minuten vom Ortszentrum Goldegg entfernt liegt die herrliche 18-Loch Anlage, welche von majest\u00e4tischen Bergen umrahmt wird. In 850 m Seeh\u00f6he sind die Fairways in die Landschaft eingebettet. \u00dcber saftigie Almwiesen f\u00fchrt Sie der Spielverlauf und verleiht immer wieder ungeahnte Ausblicke auf die Pongauer Bergwelt. Erinnerungsw\u00fcrdige Baumgruppen, nat\u00fcrlich eingebettete Biotope und Wasserhindernisse garantieren ein unvergessliches Golferlebnis. Nach einer eindrucksvollen Runde Golf hei\u00dfen wir Sie herzlich im Clubhaus zu einer Erfrischung und St\u00e4rkung willkommen. Mit der Salzburger Gem\u00fctlichkeit und den regionalen und internationalen Spezialit\u00e4ten k\u00f6nnen Sie ein Golferlebnis der besonderen Art ausklingen lassen. Wir freuen uns auf Sie \u2013 Sch\u00f6nes Spiel!<\/p>\n<h2>Golf on the sun terrace \u2018The jewel in the Salzburger Land\u2019<\/h2>\n<p>Just a few minutes from the centre of Goldegg lies the magnificent 18-hole course, which is surrounded by majestic mountains. At 850 metres above sea level, the fairways are embedded in the landscape. The course takes you across lush alpine meadows and offers unimagined views of the Pongau mountains time and again. Memorable groups of trees, naturally embedded biotopes and water hazards guarantee an unforgettable golfing experience. After an impressive round of golf, we warmly welcome you to the clubhouse for refreshments and refreshments. With the Salzburg cosiness and regional and international specialities you can round off a golfing experience of a special kind. We look forward to seeing you &#8211; enjoy your game!<\/p>\n","protected":false},"excerpt":{"rendered":"<p>Golf auf der Sonnenterrasse \u201eDas Juwel im Salzburger Land\u201c Nur wenige Minuten vom Ortszentrum Goldegg entfernt liegt die herrliche 18-Loch Anlage, welche von majest\u00e4tischen Bergen umrahmt wird. In 850 m Seeh\u00f6he sind die Fairways in die Landschaft eingebettet. \u00dcber saftigie Almwiesen f\u00fchrt Sie der Spielverlauf und verleiht immer wieder ungeahnte Ausblicke auf die Pongauer Bergwelt. [&hellip;]<\/p>\n","protected":false},"author":1,"featured_media":0,"parent":1567,"menu_order":5,"comment_status":"closed","ping_status":"closed","template":"page-partner.php","meta":{"_acf_changed":false,"footnotes":""},"class_list":["post-233","page","type-page","status-publish","hentry"],"acf":{"partner_infobox":"<strong>Adresse:\u00a0<\/strong>Mairhof 5, 5622 Goldegg\r\n\r\n<strong>Tel:\u00a0<\/strong>+43 6415\/8585\r\n\r\n<strong>Web: <\/strong><a href=\"http:\/\/www.golfclub-goldegg.com\" target=\"_blank\" rel=\"nofollow noopener noreferrer\">www.golfclub-goldegg.com<\/a>\r\n\r\n<strong>E-Mail:<\/strong> <a href=\"mailto:info@golfclub-goldegg.com\">info@golfclub-goldegg.com<\/a>\r\n\r\n<strong>Spielbahnen\/Par: <\/strong>18\/72\r\n\r\n<strong>La\u0308nge: <\/strong>gelb: 5.553 m\/rot: 5.041 m\r\n\r\n<strong>Anfahrt:\r\n<\/strong>von Salzburg: A 10 Tauernautobahn \u2013 B 311 \u2192 Bischofs-hofen \u2013 Ortsende v. Schwarzach rechts \u2192 Goldegg","partner_logo":232,"partner_gallery":[231,46935,46937,46939],"partner_lat":47.30471,"partner_long":13.08622,"partner_type":"golfclub","partner_openings":["1","2","3","4","5","6","7"],"montag_von_bis":"00:00 - 24:00","dienstag_von_bis":"00:00 - 24:00","mittwoch_von_bis":"00:00 - 24:00","donnerstag_von_bis":"00:00 - 24:00","freitag_von_bis":"00:00 - 24:00","samstag_von_bis":"00:00 - 24:00","sonntag_von_bis":"00:00 - 24:00","partner_adresse":"Mairhof 5, 5622 Goldegg","partner_land_bundesland":"Salzburg","partner_tel_1":"","partner_tel_2":"0043 6415 8585","partner_web":"http:\/\/www.golfclub-goldegg.com","partner_mail":"info@golfclub-goldegg.com","partner_spielbahnen_par":"18\/72","partner_laenge":"gelb: 5.553 m\/rot: 5.041 m","partner_bedingungen":"","partner_anfahrt":"von Salzburg: A 10 Tauernautobahn \u2013 B 311 \u2192 Bischofs-hofen \u2013 Ortsende v. Schwarzach rechts \u2192 Goldegg","partner_misc":null,"additional_css_classes":""},"yoast_head":"<!-- This site is optimized with the Yoast SEO plugin v26.8 - https:\/\/yoast.com\/product\/yoast-seo-wordpress\/ -->\n<title>GC Goldegg - Fairway 2 Hotel<\/title>\n<meta name=\"robots\" content=\"index, follow, max-snippet:-1, max-image-preview:large, max-video-preview:-1\" \/>\n<link rel=\"canonical\" href=\"https:\/\/fairway2hotel.at\/en\/golfclubs\/salzburg\/golfclub-goldegg\/\" \/>\n<meta property=\"og:locale\" content=\"en_US\" \/>\n<meta property=\"og:type\" content=\"article\" \/>\n<meta property=\"og:title\" content=\"GC Goldegg - Fairway 2 Hotel\" \/>\n<meta property=\"og:description\" content=\"Golf auf der Sonnenterrasse \u201eDas Juwel im Salzburger Land\u201c Nur wenige Minuten vom Ortszentrum Goldegg entfernt liegt die herrliche 18-Loch Anlage, welche von majest\u00e4tischen Bergen umrahmt wird. In 850 m Seeh\u00f6he sind die Fairways in die Landschaft eingebettet. \u00dcber saftigie Almwiesen f\u00fchrt Sie der Spielverlauf und verleiht immer wieder ungeahnte Ausblicke auf die Pongauer Bergwelt. [&hellip;]\" \/>\n<meta property=\"og:url\" content=\"https:\/\/fairway2hotel.at\/en\/golfclubs\/salzburg\/golfclub-goldegg\/\" \/>\n<meta property=\"og:site_name\" content=\"Fairway 2 Hotel\" \/>\n<meta property=\"article:modified_time\" content=\"2025-11-22T14:58:21+00:00\" \/>\n<meta name=\"twitter:card\" content=\"summary_large_image\" \/>\n<meta name=\"twitter:label1\" content=\"Est. reading time\" \/>\n\t<meta name=\"twitter:data1\" content=\"2 minutes\" \/>\n<script type=\"application\/ld+json\" class=\"yoast-schema-graph\">{\"@context\":\"https:\/\/schema.org\",\"@graph\":[{\"@type\":\"WebPage\",\"@id\":\"https:\/\/fairway2hotel.at\/en\/golfclubs\/salzburg\/golfclub-goldegg\/\",\"url\":\"https:\/\/fairway2hotel.at\/en\/golfclubs\/salzburg\/golfclub-goldegg\/\",\"name\":\"GC Goldegg - Fairway 2 Hotel\",\"isPartOf\":{\"@id\":\"https:\/\/fairway2hotel.at\/en\/#website\"},\"datePublished\":\"2009-07-08T12:13:25+00:00\",\"dateModified\":\"2025-11-22T14:58:21+00:00\",\"breadcrumb\":{\"@id\":\"https:\/\/fairway2hotel.at\/en\/golfclubs\/salzburg\/golfclub-goldegg\/#breadcrumb\"},\"inLanguage\":\"en-US\",\"potentialAction\":[{\"@type\":\"ReadAction\",\"target\":[\"https:\/\/fairway2hotel.at\/en\/golfclubs\/salzburg\/golfclub-goldegg\/\"]}]},{\"@type\":\"BreadcrumbList\",\"@id\":\"https:\/\/fairway2hotel.at\/en\/golfclubs\/salzburg\/golfclub-goldegg\/#breadcrumb\",\"itemListElement\":[{\"@type\":\"ListItem\",\"position\":1,\"name\":\"Home\",\"item\":\"https:\/\/fairway2hotel.at\/en\/\"},{\"@type\":\"ListItem\",\"position\":2,\"name\":\"Golfclubs\",\"item\":\"https:\/\/fairway2hotel.at\/en\/golfclubs\/\"},{\"@type\":\"ListItem\",\"position\":3,\"name\":\"Golfclubs Salzburg\",\"item\":\"https:\/\/fairway2hotel.at\/en\/golfclubs\/salzburg\/\"},{\"@type\":\"ListItem\",\"position\":4,\"name\":\"GC Goldegg\"}]},{\"@type\":\"WebSite\",\"@id\":\"https:\/\/fairway2hotel.at\/en\/#website\",\"url\":\"https:\/\/fairway2hotel.at\/en\/\",\"name\":\"Fairway 2 Hotel\",\"description\":\"Golf at half price! 2 play - 1 pays\",\"potentialAction\":[{\"@type\":\"SearchAction\",\"target\":{\"@type\":\"EntryPoint\",\"urlTemplate\":\"https:\/\/fairway2hotel.at\/en\/?s={search_term_string}\"},\"query-input\":{\"@type\":\"PropertyValueSpecification\",\"valueRequired\":true,\"valueName\":\"search_term_string\"}}],\"inLanguage\":\"en-US\"}]}<\/script>\n<!-- \/ Yoast SEO plugin. -->","yoast_head_json":{"title":"GC Goldegg - Fairway 2 Hotel","robots":{"index":"index","follow":"follow","max-snippet":"max-snippet:-1","max-image-preview":"max-image-preview:large","max-video-preview":"max-video-preview:-1"},"canonical":"https:\/\/fairway2hotel.at\/en\/golfclubs\/salzburg\/golfclub-goldegg\/","og_locale":"en_US","og_type":"article","og_title":"GC Goldegg - Fairway 2 Hotel","og_description":"Golf auf der Sonnenterrasse \u201eDas Juwel im Salzburger Land\u201c Nur wenige Minuten vom Ortszentrum Goldegg entfernt liegt die herrliche 18-Loch Anlage, welche von majest\u00e4tischen Bergen umrahmt wird. In 850 m Seeh\u00f6he sind die Fairways in die Landschaft eingebettet. \u00dcber saftigie Almwiesen f\u00fchrt Sie der Spielverlauf und verleiht immer wieder ungeahnte Ausblicke auf die Pongauer Bergwelt. [&hellip;]","og_url":"https:\/\/fairway2hotel.at\/en\/golfclubs\/salzburg\/golfclub-goldegg\/","og_site_name":"Fairway 2 Hotel","article_modified_time":"2025-11-22T14:58:21+00:00","twitter_card":"summary_large_image","twitter_misc":{"Est. reading time":"2 minutes"},"schema":{"@context":"https:\/\/schema.org","@graph":[{"@type":"WebPage","@id":"https:\/\/fairway2hotel.at\/en\/golfclubs\/salzburg\/golfclub-goldegg\/","url":"https:\/\/fairway2hotel.at\/en\/golfclubs\/salzburg\/golfclub-goldegg\/","name":"GC Goldegg - Fairway 2 Hotel","isPartOf":{"@id":"https:\/\/fairway2hotel.at\/en\/#website"},"datePublished":"2009-07-08T12:13:25+00:00","dateModified":"2025-11-22T14:58:21+00:00","breadcrumb":{"@id":"https:\/\/fairway2hotel.at\/en\/golfclubs\/salzburg\/golfclub-goldegg\/#breadcrumb"},"inLanguage":"en-US","potentialAction":[{"@type":"ReadAction","target":["https:\/\/fairway2hotel.at\/en\/golfclubs\/salzburg\/golfclub-goldegg\/"]}]},{"@type":"BreadcrumbList","@id":"https:\/\/fairway2hotel.at\/en\/golfclubs\/salzburg\/golfclub-goldegg\/#breadcrumb","itemListElement":[{"@type":"ListItem","position":1,"name":"Home","item":"https:\/\/fairway2hotel.at\/en\/"},{"@type":"ListItem","position":2,"name":"Golfclubs","item":"https:\/\/fairway2hotel.at\/en\/golfclubs\/"},{"@type":"ListItem","position":3,"name":"Golfclubs Salzburg","item":"https:\/\/fairway2hotel.at\/en\/golfclubs\/salzburg\/"},{"@type":"ListItem","position":4,"name":"GC Goldegg"}]},{"@type":"WebSite","@id":"https:\/\/fairway2hotel.at\/en\/#website","url":"https:\/\/fairway2hotel.at\/en\/","name":"Fairway 2 Hotel","description":"Golf at half price! 2 play - 1 pays","potentialAction":[{"@type":"SearchAction","target":{"@type":"EntryPoint","urlTemplate":"https:\/\/fairway2hotel.at\/en\/?s={search_term_string}"},"query-input":{"@type":"PropertyValueSpecification","valueRequired":true,"valueName":"search_term_string"}}],"inLanguage":"en-US"}]}},"_links":{"self":[{"href":"https:\/\/fairway2hotel.at\/en\/wp-json\/wp\/v2\/pages\/233","targetHints":{"allow":["GET"]}}],"collection":[{"href":"https:\/\/fairway2hotel.at\/en\/wp-json\/wp\/v2\/pages"}],"about":[{"href":"https:\/\/fairway2hotel.at\/en\/wp-json\/wp\/v2\/types\/page"}],"author":[{"embeddable":true,"href":"https:\/\/fairway2hotel.at\/en\/wp-json\/wp\/v2\/users\/1"}],"replies":[{"embeddable":true,"href":"https:\/\/fairway2hotel.at\/en\/wp-json\/wp\/v2\/comments?post=233"}],"version-history":[{"count":6,"href":"https:\/\/fairway2hotel.at\/en\/wp-json\/wp\/v2\/pages\/233\/revisions"}],"predecessor-version":[{"id":50342,"href":"https:\/\/fairway2hotel.at\/en\/wp-json\/wp\/v2\/pages\/233\/revisions\/50342"}],"up":[{"embeddable":true,"href":"https:\/\/fairway2hotel.at\/en\/wp-json\/wp\/v2\/pages\/1567"}],"acf:attachment":[{"embeddable":true,"href":"https:\/\/fairway2hotel.at\/en\/wp-json\/wp\/v2\/media\/46939"},{"embeddable":true,"href":"https:\/\/fairway2hotel.at\/en\/wp-json\/wp\/v2\/media\/46937"},{"embeddable":true,"href":"https:\/\/fairway2hotel.at\/en\/wp-json\/wp\/v2\/media\/46935"},{"embeddable":true,"href":"https:\/\/fairway2hotel.at\/en\/wp-json\/wp\/v2\/media\/231"}],"wp:attachment":[{"href":"https:\/\/fairway2hotel.at\/en\/wp-json\/wp\/v2\/media?parent=233"}],"curies":[{"name":"wp","href":"https:\/\/api.w.org\/{rel}","templated":true}]}}