{"id":241,"date":"2009-07-08T15:00:03","date_gmt":"2009-07-08T13:00:03","guid":{"rendered":"https:\/\/f2h.app\/golfclub-drautal-berg\/"},"modified":"2025-03-29T16:52:15","modified_gmt":"2025-03-29T15:52:15","slug":"golfclub-drautal-berg","status":"publish","type":"page","link":"https:\/\/fairway2hotel.at\/en\/golfclubs\/kaernten\/golfclub-drautal-berg\/","title":{"rendered":"GC Drautal  \/ Berg"},"content":{"rendered":"<h2>Golfen bei Freunden<\/h2>\n<p>Im Drautal steht das Leben im Einklang mit einer intakten Umwelt. Der sowohl f\u00fcr Einsteiger als auch Fortgeschrittene interessante Golfplatz ist eben, nicht h\u00fcgelig und dadurch leicht begehbar. Begrenzt wird die bestens gepflegte Golfanlage von dem kristallklaren Wasser der Drau und von den majest\u00e4tisch aufragenden B\u00e4umen des Drautaler Fichten- und F\u00f6hrenwaldes, dessen wohltuende Ruhe das Spiel zu einem besonderen Genuss macht. G\u00e4ste sch\u00e4tzen die famili\u00e4re Atmosph\u00e4re des Golfclubs, denn nicht die Menschen sind hier \u201eabgehoben\u201c, sondern die wildromantische Sch\u00f6nheit der Landschaft, die erhabene Bergwelt und die Reinheit der Natur. Sollte es dann doch zu Temperamentsausbr\u00fcchen kommen, sorgt die Sonnenterasse am Loch 19 f\u00fcr Erholung und Entspannung. Nicht die Menschen sind hier \u201eabgehoben\u201c, sondern die wildromantische Sch\u00f6nheit der Landschaft, die erhabene Bergwelt und die Reinheit der Natur.<\/p>\n<h2>Golfing with friends<\/h2>\n<p>In the Drau Valley, life is in harmony with an intact environment. The golf course, which is interesting for both beginners and advanced players, is flat, not hilly and therefore easy to walk. The well-maintained golf course is bordered by the crystal-clear waters of the Drau and the majestic towering trees of the Drautal spruce and pine forest, whose soothing tranquillity makes the game a special pleasure. Guests appreciate the family atmosphere of the golf club, because it is not the people who are \u201caloof\u201d here, but the wildly romantic beauty of the landscape, the sublime mountain world and the purity of nature. And if your temper does get the better of you, the sun terrace at hole 19 is the perfect place to relax and unwind. It&#8217;s not the people who are \u201coff the beaten track\u201d here, but the wildly romantic beauty of the landscape, the sublime mountain world and the purity of nature.<\/p>\n","protected":false},"excerpt":{"rendered":"<p>Golfen bei Freunden Im Drautal steht das Leben im Einklang mit einer intakten Umwelt. Der sowohl f\u00fcr Einsteiger als auch Fortgeschrittene interessante Golfplatz ist eben, nicht h\u00fcgelig und dadurch leicht begehbar. Begrenzt wird die bestens gepflegte Golfanlage von dem kristallklaren Wasser der Drau und von den majest\u00e4tisch aufragenden B\u00e4umen des Drautaler Fichten- und F\u00f6hrenwaldes, dessen [&hellip;]<\/p>\n","protected":false},"author":1,"featured_media":0,"parent":1579,"menu_order":10,"comment_status":"closed","ping_status":"closed","template":"page-partner.php","meta":{"_acf_changed":false,"footnotes":""},"class_list":["post-241","page","type-page","status-publish","hentry"],"acf":{"partner_infobox":"<strong>Adresse:\u00a0<\/strong>Berg 221, 9771 Berg im Drautal\r\n\r\n<strong>Tel:\u00a0<\/strong>04712\/822 55\r\n\r\n<strong>Fax:\u00a0<\/strong>04712\/822 555\r\n\r\n<strong>Web: <\/strong><a href=\"http:\/\/www.drautalgolf.at\" target=\"_blank\" rel=\"nofollow noopener noreferrer\">www.drautalgolf.at<\/a>\r\n\r\n<strong>E-Mail:<\/strong> <a href=\"mailto:office@drautalgolf.at\">office@drautalgolf.at<\/a>\r\n\r\n<strong>Spielbahnen\/Par: <\/strong>9\/62\r\n\r\n<strong>La\u0308nge: <\/strong>gelb: 4.014 m rot: 3.566 m\r\n\r\n<strong>Bedingungen:<\/strong>\u00a0GS\u00a0g\u00fcltig auf das\u00a0aktuelle Tagesgreenfee.\r\n\r\n<strong>Anfahrt:<\/strong>\r\nAutobahn A10 Ausfahrt Knoten Spittal \u2192 B100 Richtung Lienz \u2192 nach Greifenburg der Beschilderung folgen nach Berg im Drautal","partner_logo":240,"partner_gallery":[2772,47146],"partner_lat":46.74773,"partner_long":13.13589,"partner_type":"golfclub","partner_openings":["1","2","3","4","5","6","7"],"montag_von_bis":"00:00 - 24:00","dienstag_von_bis":"00:00 - 24:00","mittwoch_von_bis":"00:00 - 24:00","donnerstag_von_bis":"00:00 - 24:00","freitag_von_bis":"00:00 - 24:00","samstag_von_bis":"00:00 - 24:00","sonntag_von_bis":"00:00 - 24:00","partner_adresse":"Berg 221, 9771 Berg im Drautal","partner_land_bundesland":"K\u00e4rnten","partner_tel_1":"0043 4712 822 555","partner_tel_2":"0043 4712 822 55","partner_web":"http:\/\/www.drautalgolf.at","partner_mail":"office@drautalgolf.at","partner_spielbahnen_par":"9\/62","partner_laenge":"gelb: 4.014 m rot: 3.566 m","partner_bedingungen":"Gutschein\u00a0g\u00fcltig auf das\u00a0aktuelle Tagesgreenfee.\r\nVoucher valid on the current daily green fee.","partner_anfahrt":"Autobahn A10 Ausfahrt Knoten Spittal \u2192 B100 Richtung Lienz \u2192 nach Greifenburg der Beschilderung folgen nach Berg im Drautal","partner_misc":null,"additional_css_classes":""},"yoast_head":"<!-- This site is optimized with the Yoast SEO plugin v26.8 - https:\/\/yoast.com\/product\/yoast-seo-wordpress\/ -->\n<title>GC Drautal \/ Berg - Fairway 2 Hotel<\/title>\n<meta name=\"robots\" content=\"index, follow, max-snippet:-1, max-image-preview:large, max-video-preview:-1\" \/>\n<link rel=\"canonical\" href=\"https:\/\/fairway2hotel.at\/en\/golfclubs\/kaernten\/golfclub-drautal-berg\/\" \/>\n<meta property=\"og:locale\" content=\"en_US\" \/>\n<meta property=\"og:type\" content=\"article\" \/>\n<meta property=\"og:title\" content=\"GC Drautal \/ Berg - Fairway 2 Hotel\" \/>\n<meta property=\"og:description\" content=\"Golfen bei Freunden Im Drautal steht das Leben im Einklang mit einer intakten Umwelt. Der sowohl f\u00fcr Einsteiger als auch Fortgeschrittene interessante Golfplatz ist eben, nicht h\u00fcgelig und dadurch leicht begehbar. Begrenzt wird die bestens gepflegte Golfanlage von dem kristallklaren Wasser der Drau und von den majest\u00e4tisch aufragenden B\u00e4umen des Drautaler Fichten- und F\u00f6hrenwaldes, dessen [&hellip;]\" \/>\n<meta property=\"og:url\" content=\"https:\/\/fairway2hotel.at\/en\/golfclubs\/kaernten\/golfclub-drautal-berg\/\" \/>\n<meta property=\"og:site_name\" content=\"Fairway 2 Hotel\" \/>\n<meta property=\"article:modified_time\" content=\"2025-03-29T15:52:15+00:00\" \/>\n<meta name=\"twitter:card\" content=\"summary_large_image\" \/>\n<meta name=\"twitter:label1\" content=\"Est. reading time\" \/>\n\t<meta name=\"twitter:data1\" content=\"2 minutes\" \/>\n<script type=\"application\/ld+json\" class=\"yoast-schema-graph\">{\"@context\":\"https:\/\/schema.org\",\"@graph\":[{\"@type\":\"WebPage\",\"@id\":\"https:\/\/fairway2hotel.at\/en\/golfclubs\/kaernten\/golfclub-drautal-berg\/\",\"url\":\"https:\/\/fairway2hotel.at\/en\/golfclubs\/kaernten\/golfclub-drautal-berg\/\",\"name\":\"GC Drautal \/ Berg - Fairway 2 Hotel\",\"isPartOf\":{\"@id\":\"https:\/\/fairway2hotel.at\/en\/#website\"},\"datePublished\":\"2009-07-08T13:00:03+00:00\",\"dateModified\":\"2025-03-29T15:52:15+00:00\",\"breadcrumb\":{\"@id\":\"https:\/\/fairway2hotel.at\/en\/golfclubs\/kaernten\/golfclub-drautal-berg\/#breadcrumb\"},\"inLanguage\":\"en-US\",\"potentialAction\":[{\"@type\":\"ReadAction\",\"target\":[\"https:\/\/fairway2hotel.at\/en\/golfclubs\/kaernten\/golfclub-drautal-berg\/\"]}]},{\"@type\":\"BreadcrumbList\",\"@id\":\"https:\/\/fairway2hotel.at\/en\/golfclubs\/kaernten\/golfclub-drautal-berg\/#breadcrumb\",\"itemListElement\":[{\"@type\":\"ListItem\",\"position\":1,\"name\":\"Home\",\"item\":\"https:\/\/fairway2hotel.at\/en\/\"},{\"@type\":\"ListItem\",\"position\":2,\"name\":\"Golfclubs\",\"item\":\"https:\/\/fairway2hotel.at\/en\/golfclubs\/\"},{\"@type\":\"ListItem\",\"position\":3,\"name\":\"Golfclubs K\u00e4rnten\",\"item\":\"https:\/\/fairway2hotel.at\/en\/golfclubs\/kaernten\/\"},{\"@type\":\"ListItem\",\"position\":4,\"name\":\"GC Drautal \/ Berg\"}]},{\"@type\":\"WebSite\",\"@id\":\"https:\/\/fairway2hotel.at\/en\/#website\",\"url\":\"https:\/\/fairway2hotel.at\/en\/\",\"name\":\"Fairway 2 Hotel\",\"description\":\"Golf at half price! 2 play - 1 pays\",\"potentialAction\":[{\"@type\":\"SearchAction\",\"target\":{\"@type\":\"EntryPoint\",\"urlTemplate\":\"https:\/\/fairway2hotel.at\/en\/?s={search_term_string}\"},\"query-input\":{\"@type\":\"PropertyValueSpecification\",\"valueRequired\":true,\"valueName\":\"search_term_string\"}}],\"inLanguage\":\"en-US\"}]}<\/script>\n<!-- \/ Yoast SEO plugin. -->","yoast_head_json":{"title":"GC Drautal \/ Berg - Fairway 2 Hotel","robots":{"index":"index","follow":"follow","max-snippet":"max-snippet:-1","max-image-preview":"max-image-preview:large","max-video-preview":"max-video-preview:-1"},"canonical":"https:\/\/fairway2hotel.at\/en\/golfclubs\/kaernten\/golfclub-drautal-berg\/","og_locale":"en_US","og_type":"article","og_title":"GC Drautal \/ Berg - Fairway 2 Hotel","og_description":"Golfen bei Freunden Im Drautal steht das Leben im Einklang mit einer intakten Umwelt. Der sowohl f\u00fcr Einsteiger als auch Fortgeschrittene interessante Golfplatz ist eben, nicht h\u00fcgelig und dadurch leicht begehbar. Begrenzt wird die bestens gepflegte Golfanlage von dem kristallklaren Wasser der Drau und von den majest\u00e4tisch aufragenden B\u00e4umen des Drautaler Fichten- und F\u00f6hrenwaldes, dessen [&hellip;]","og_url":"https:\/\/fairway2hotel.at\/en\/golfclubs\/kaernten\/golfclub-drautal-berg\/","og_site_name":"Fairway 2 Hotel","article_modified_time":"2025-03-29T15:52:15+00:00","twitter_card":"summary_large_image","twitter_misc":{"Est. reading time":"2 minutes"},"schema":{"@context":"https:\/\/schema.org","@graph":[{"@type":"WebPage","@id":"https:\/\/fairway2hotel.at\/en\/golfclubs\/kaernten\/golfclub-drautal-berg\/","url":"https:\/\/fairway2hotel.at\/en\/golfclubs\/kaernten\/golfclub-drautal-berg\/","name":"GC Drautal \/ Berg - Fairway 2 Hotel","isPartOf":{"@id":"https:\/\/fairway2hotel.at\/en\/#website"},"datePublished":"2009-07-08T13:00:03+00:00","dateModified":"2025-03-29T15:52:15+00:00","breadcrumb":{"@id":"https:\/\/fairway2hotel.at\/en\/golfclubs\/kaernten\/golfclub-drautal-berg\/#breadcrumb"},"inLanguage":"en-US","potentialAction":[{"@type":"ReadAction","target":["https:\/\/fairway2hotel.at\/en\/golfclubs\/kaernten\/golfclub-drautal-berg\/"]}]},{"@type":"BreadcrumbList","@id":"https:\/\/fairway2hotel.at\/en\/golfclubs\/kaernten\/golfclub-drautal-berg\/#breadcrumb","itemListElement":[{"@type":"ListItem","position":1,"name":"Home","item":"https:\/\/fairway2hotel.at\/en\/"},{"@type":"ListItem","position":2,"name":"Golfclubs","item":"https:\/\/fairway2hotel.at\/en\/golfclubs\/"},{"@type":"ListItem","position":3,"name":"Golfclubs K\u00e4rnten","item":"https:\/\/fairway2hotel.at\/en\/golfclubs\/kaernten\/"},{"@type":"ListItem","position":4,"name":"GC Drautal \/ Berg"}]},{"@type":"WebSite","@id":"https:\/\/fairway2hotel.at\/en\/#website","url":"https:\/\/fairway2hotel.at\/en\/","name":"Fairway 2 Hotel","description":"Golf at half price! 2 play - 1 pays","potentialAction":[{"@type":"SearchAction","target":{"@type":"EntryPoint","urlTemplate":"https:\/\/fairway2hotel.at\/en\/?s={search_term_string}"},"query-input":{"@type":"PropertyValueSpecification","valueRequired":true,"valueName":"search_term_string"}}],"inLanguage":"en-US"}]}},"_links":{"self":[{"href":"https:\/\/fairway2hotel.at\/en\/wp-json\/wp\/v2\/pages\/241","targetHints":{"allow":["GET"]}}],"collection":[{"href":"https:\/\/fairway2hotel.at\/en\/wp-json\/wp\/v2\/pages"}],"about":[{"href":"https:\/\/fairway2hotel.at\/en\/wp-json\/wp\/v2\/types\/page"}],"author":[{"embeddable":true,"href":"https:\/\/fairway2hotel.at\/en\/wp-json\/wp\/v2\/users\/1"}],"replies":[{"embeddable":true,"href":"https:\/\/fairway2hotel.at\/en\/wp-json\/wp\/v2\/comments?post=241"}],"version-history":[{"count":18,"href":"https:\/\/fairway2hotel.at\/en\/wp-json\/wp\/v2\/pages\/241\/revisions"}],"predecessor-version":[{"id":47148,"href":"https:\/\/fairway2hotel.at\/en\/wp-json\/wp\/v2\/pages\/241\/revisions\/47148"}],"up":[{"embeddable":true,"href":"https:\/\/fairway2hotel.at\/en\/wp-json\/wp\/v2\/pages\/1579"}],"acf:attachment":[{"embeddable":true,"href":"https:\/\/fairway2hotel.at\/en\/wp-json\/wp\/v2\/media\/47146"},{"embeddable":true,"href":"https:\/\/fairway2hotel.at\/en\/wp-json\/wp\/v2\/media\/2772"}],"wp:attachment":[{"href":"https:\/\/fairway2hotel.at\/en\/wp-json\/wp\/v2\/media?parent=241"}],"curies":[{"name":"wp","href":"https:\/\/api.w.org\/{rel}","templated":true}]}}