{"id":253,"date":"2009-07-08T15:28:04","date_gmt":"2009-07-08T13:28:04","guid":{"rendered":"https:\/\/f2h.app\/golfclub-millstaettersee\/"},"modified":"2026-03-31T15:46:03","modified_gmt":"2026-03-31T13:46:03","slug":"golfclub-millstaettersee","status":"publish","type":"page","link":"https:\/\/fairway2hotel.at\/en\/golfclubs\/kaernten\/golfclub-millstaettersee\/","title":{"rendered":"GC Millst\u00e4tter See"},"content":{"rendered":"<h2>\u201eAbschlag mit traumhaftem Seeblick\u201c<\/h2>\n<p>Golfen zwischen Berg und See. Auf dem sonnigen Hochplateau, direkt u\u0308ber dem Millsta\u0308tter See, liegt der 18-Loch-Golfplatz. Umrahmt von einer traumhaften Landschaft bietet er atemberaubende Ausblicke auf die umliegende Bergwelt und den Millst\u00e4tter See. Ob 18-Loch-Golfanlage, Driving Range mit Chipping-, Pitching- und Putting-Greens, einem Kompaktplatz mit drei Par 3-L\u00f6chern, einer Golfschule, einem bestsortierten Golfshop sowie einem neuen Clubhaus mit gro\u00dfz\u00fcgiger Terrasse \u2013 die Golfanlage der Region Millst\u00e4tter See l\u00e4sst keine W\u00fcnsche offen. Lassen Sie sich nach einer erfolgreichen Golfrunde in unserem Restaurant kulinarisch verw\u00f6hnen und genie\u00dfen Sie den Ausblick\u00a0auf den Millst\u00e4tter See. Die sonnige Lage des Platzes ermo\u0308glicht einen ungehinderten Spielbetrieb von Ma\u0308rz bis November.<\/p>\n<h2>\u201cTee off with a fantastic lake view\u201d<\/h2>\n<p>Golfing between mountain and lake. The 18-hole golf course is located on the sunny high plateau, directly above Lake Millstatt. Surrounded by a fantastic landscape, it offers breathtaking views of the surrounding mountains and Lake Millstatt. With an 18-hole golf course, driving range with chipping, pitching and putting greens, a compact course with three par 3 holes, a golf school, a well-stocked golf store and a new clubhouse with a spacious terrace &#8211; the golf course in the Millst\u00e4tter See region leaves nothing to be desired. After a successful round of golf, treat yourself to culinary delights in our restaurant and enjoy the view of Lake Millstatt. The sunny location of the course allows unhindered play from March to November.<\/p>\n","protected":false},"excerpt":{"rendered":"<p>\u201eAbschlag mit traumhaftem Seeblick\u201c Golfen zwischen Berg und See. Auf dem sonnigen Hochplateau, direkt u\u0308ber dem Millsta\u0308tter See, liegt der 18-Loch-Golfplatz. Umrahmt von einer traumhaften Landschaft bietet er atemberaubende Ausblicke auf die umliegende Bergwelt und den Millst\u00e4tter See. Ob 18-Loch-Golfanlage, Driving Range mit Chipping-, Pitching- und Putting-Greens, einem Kompaktplatz mit drei Par 3-L\u00f6chern, einer Golfschule, [&hellip;]<\/p>\n","protected":false},"author":1,"featured_media":0,"parent":1579,"menu_order":25,"comment_status":"closed","ping_status":"closed","template":"page-partner.php","meta":{"_acf_changed":false,"footnotes":""},"class_list":["post-253","page","type-page","status-publish","hentry"],"acf":{"partner_infobox":"<strong>Adresse:\u00a0<\/strong>Am Golfplatz 1, Millstatt\r\n\r\n<strong>Tel:\u00a0<\/strong>04762\/82548\r\n\r\n<strong>Web: <\/strong><a href=\"http:\/\/www.golf-millstatt.at\" target=\"_blank\" rel=\"nofollow noopener noreferrer\">www.golf-millstatt.at<\/a>\r\n\r\n<strong>E-Mail:<\/strong> <a href=\"mailto:gcmillstatt@golf.at\">gcmillstatt@golf.at<\/a>\r\n\r\n<strong>Spielbahnen\/Par: <\/strong>18\/72\r\n\r\n<strong>La\u0308nge: <\/strong>gelb: 5.879 m, rot: 5.183 m\r\n\r\n<strong>Bedingungen:\r\n<\/strong>Von Mai \u2013 September Gutscheine erst ab 13.00 Uhr einlo\u0308sbar.\r\n\r\n<strong>Anfahrt:\r\n<\/strong>Autobahn A10-Abfahrt Spittal\/Millsta\u0308tter See \u2192 Richtung Seeboden \u2192 im 2. Kreisverkehr in Seeboden die 3. Abfahrt \u2192 Obermillstatt\/Treffling nehmen \u2192 kurz vor Treffling rechts Richtung Tangern abbiegen","partner_logo":252,"partner_gallery":[2774,3397,3398,3399],"partner_lat":46.81725,"partner_long":13.55335,"partner_type":"golfclub","partner_openings":["1","2","3","4","5","6","7"],"montag_von_bis":"00:00 - 24:00","dienstag_von_bis":"00:00 - 24:00","mittwoch_von_bis":"00:00 - 24:00","donnerstag_von_bis":"00:00 - 24:00","freitag_von_bis":"00:00 - 24:00","samstag_von_bis":"00:00 - 24:00","sonntag_von_bis":"00:00 - 24:00","partner_adresse":"Am Golfplatz 1, Millstatt","partner_land_bundesland":"K\u00e4rnten","partner_tel_1":"","partner_tel_2":"0043 4762 82548","partner_web":"http:\/\/www.golf-millstatt.at","partner_mail":"office@golf-millstatt.at","partner_spielbahnen_par":"18\/72","partner_laenge":"gelb: 5.879 m, rot: 5.183 m","partner_bedingungen":"Von Mai \u2013 Sep Gutscheine erst ab 13.00 Uhr einlo\u0308sbar, April und Okt ganzt\u00e4gig\r\nFrom May - Sep vouchers can only be redeemed from 1.00 pm. April and Oct all day\r\n","partner_anfahrt":"Autobahn A10-Abfahrt Spittal\/Millsta\u0308tter See \u2192 Richtung Seeboden \u2192 im 2. Kreisverkehr in Seeboden die 3. Abfahrt \u2192 Obermillstatt\/Treffling nehmen \u2192 kurz vor Treffling rechts Richtung Tangern abbiegen","partner_misc":null,"additional_css_classes":""},"yoast_head":"<!-- This site is optimized with the Yoast SEO plugin v26.8 - https:\/\/yoast.com\/product\/yoast-seo-wordpress\/ -->\n<title>GC Millst\u00e4tter See - Fairway 2 Hotel<\/title>\n<meta name=\"robots\" content=\"index, follow, max-snippet:-1, max-image-preview:large, max-video-preview:-1\" \/>\n<link rel=\"canonical\" href=\"https:\/\/fairway2hotel.at\/en\/golfclubs\/kaernten\/golfclub-millstaettersee\/\" \/>\n<meta property=\"og:locale\" content=\"en_US\" \/>\n<meta property=\"og:type\" content=\"article\" \/>\n<meta property=\"og:title\" content=\"GC Millst\u00e4tter See - Fairway 2 Hotel\" \/>\n<meta property=\"og:description\" content=\"\u201eAbschlag mit traumhaftem Seeblick\u201c Golfen zwischen Berg und See. Auf dem sonnigen Hochplateau, direkt u\u0308ber dem Millsta\u0308tter See, liegt der 18-Loch-Golfplatz. Umrahmt von einer traumhaften Landschaft bietet er atemberaubende Ausblicke auf die umliegende Bergwelt und den Millst\u00e4tter See. Ob 18-Loch-Golfanlage, Driving Range mit Chipping-, Pitching- und Putting-Greens, einem Kompaktplatz mit drei Par 3-L\u00f6chern, einer Golfschule, [&hellip;]\" \/>\n<meta property=\"og:url\" content=\"https:\/\/fairway2hotel.at\/en\/golfclubs\/kaernten\/golfclub-millstaettersee\/\" \/>\n<meta property=\"og:site_name\" content=\"Fairway 2 Hotel\" \/>\n<meta property=\"article:modified_time\" content=\"2026-03-31T13:46:03+00:00\" \/>\n<meta name=\"twitter:card\" content=\"summary_large_image\" \/>\n<meta name=\"twitter:label1\" content=\"Est. reading time\" \/>\n\t<meta name=\"twitter:data1\" content=\"2 minutes\" \/>\n<script type=\"application\/ld+json\" class=\"yoast-schema-graph\">{\"@context\":\"https:\/\/schema.org\",\"@graph\":[{\"@type\":\"WebPage\",\"@id\":\"https:\/\/fairway2hotel.at\/en\/golfclubs\/kaernten\/golfclub-millstaettersee\/\",\"url\":\"https:\/\/fairway2hotel.at\/en\/golfclubs\/kaernten\/golfclub-millstaettersee\/\",\"name\":\"GC Millst\u00e4tter See - Fairway 2 Hotel\",\"isPartOf\":{\"@id\":\"https:\/\/fairway2hotel.at\/en\/#website\"},\"datePublished\":\"2009-07-08T13:28:04+00:00\",\"dateModified\":\"2026-03-31T13:46:03+00:00\",\"breadcrumb\":{\"@id\":\"https:\/\/fairway2hotel.at\/en\/golfclubs\/kaernten\/golfclub-millstaettersee\/#breadcrumb\"},\"inLanguage\":\"en-US\",\"potentialAction\":[{\"@type\":\"ReadAction\",\"target\":[\"https:\/\/fairway2hotel.at\/en\/golfclubs\/kaernten\/golfclub-millstaettersee\/\"]}]},{\"@type\":\"BreadcrumbList\",\"@id\":\"https:\/\/fairway2hotel.at\/en\/golfclubs\/kaernten\/golfclub-millstaettersee\/#breadcrumb\",\"itemListElement\":[{\"@type\":\"ListItem\",\"position\":1,\"name\":\"Home\",\"item\":\"https:\/\/fairway2hotel.at\/en\/\"},{\"@type\":\"ListItem\",\"position\":2,\"name\":\"Golfclubs\",\"item\":\"https:\/\/fairway2hotel.at\/en\/golfclubs\/\"},{\"@type\":\"ListItem\",\"position\":3,\"name\":\"Golfclubs K\u00e4rnten\",\"item\":\"https:\/\/fairway2hotel.at\/en\/golfclubs\/kaernten\/\"},{\"@type\":\"ListItem\",\"position\":4,\"name\":\"GC Millst\u00e4tter See\"}]},{\"@type\":\"WebSite\",\"@id\":\"https:\/\/fairway2hotel.at\/en\/#website\",\"url\":\"https:\/\/fairway2hotel.at\/en\/\",\"name\":\"Fairway 2 Hotel\",\"description\":\"Golf at half price! 2 play - 1 pays\",\"potentialAction\":[{\"@type\":\"SearchAction\",\"target\":{\"@type\":\"EntryPoint\",\"urlTemplate\":\"https:\/\/fairway2hotel.at\/en\/?s={search_term_string}\"},\"query-input\":{\"@type\":\"PropertyValueSpecification\",\"valueRequired\":true,\"valueName\":\"search_term_string\"}}],\"inLanguage\":\"en-US\"}]}<\/script>\n<!-- \/ Yoast SEO plugin. -->","yoast_head_json":{"title":"GC Millst\u00e4tter See - Fairway 2 Hotel","robots":{"index":"index","follow":"follow","max-snippet":"max-snippet:-1","max-image-preview":"max-image-preview:large","max-video-preview":"max-video-preview:-1"},"canonical":"https:\/\/fairway2hotel.at\/en\/golfclubs\/kaernten\/golfclub-millstaettersee\/","og_locale":"en_US","og_type":"article","og_title":"GC Millst\u00e4tter See - Fairway 2 Hotel","og_description":"\u201eAbschlag mit traumhaftem Seeblick\u201c Golfen zwischen Berg und See. Auf dem sonnigen Hochplateau, direkt u\u0308ber dem Millsta\u0308tter See, liegt der 18-Loch-Golfplatz. Umrahmt von einer traumhaften Landschaft bietet er atemberaubende Ausblicke auf die umliegende Bergwelt und den Millst\u00e4tter See. Ob 18-Loch-Golfanlage, Driving Range mit Chipping-, Pitching- und Putting-Greens, einem Kompaktplatz mit drei Par 3-L\u00f6chern, einer Golfschule, [&hellip;]","og_url":"https:\/\/fairway2hotel.at\/en\/golfclubs\/kaernten\/golfclub-millstaettersee\/","og_site_name":"Fairway 2 Hotel","article_modified_time":"2026-03-31T13:46:03+00:00","twitter_card":"summary_large_image","twitter_misc":{"Est. reading time":"2 minutes"},"schema":{"@context":"https:\/\/schema.org","@graph":[{"@type":"WebPage","@id":"https:\/\/fairway2hotel.at\/en\/golfclubs\/kaernten\/golfclub-millstaettersee\/","url":"https:\/\/fairway2hotel.at\/en\/golfclubs\/kaernten\/golfclub-millstaettersee\/","name":"GC Millst\u00e4tter See - Fairway 2 Hotel","isPartOf":{"@id":"https:\/\/fairway2hotel.at\/en\/#website"},"datePublished":"2009-07-08T13:28:04+00:00","dateModified":"2026-03-31T13:46:03+00:00","breadcrumb":{"@id":"https:\/\/fairway2hotel.at\/en\/golfclubs\/kaernten\/golfclub-millstaettersee\/#breadcrumb"},"inLanguage":"en-US","potentialAction":[{"@type":"ReadAction","target":["https:\/\/fairway2hotel.at\/en\/golfclubs\/kaernten\/golfclub-millstaettersee\/"]}]},{"@type":"BreadcrumbList","@id":"https:\/\/fairway2hotel.at\/en\/golfclubs\/kaernten\/golfclub-millstaettersee\/#breadcrumb","itemListElement":[{"@type":"ListItem","position":1,"name":"Home","item":"https:\/\/fairway2hotel.at\/en\/"},{"@type":"ListItem","position":2,"name":"Golfclubs","item":"https:\/\/fairway2hotel.at\/en\/golfclubs\/"},{"@type":"ListItem","position":3,"name":"Golfclubs K\u00e4rnten","item":"https:\/\/fairway2hotel.at\/en\/golfclubs\/kaernten\/"},{"@type":"ListItem","position":4,"name":"GC Millst\u00e4tter See"}]},{"@type":"WebSite","@id":"https:\/\/fairway2hotel.at\/en\/#website","url":"https:\/\/fairway2hotel.at\/en\/","name":"Fairway 2 Hotel","description":"Golf at half price! 2 play - 1 pays","potentialAction":[{"@type":"SearchAction","target":{"@type":"EntryPoint","urlTemplate":"https:\/\/fairway2hotel.at\/en\/?s={search_term_string}"},"query-input":{"@type":"PropertyValueSpecification","valueRequired":true,"valueName":"search_term_string"}}],"inLanguage":"en-US"}]}},"_links":{"self":[{"href":"https:\/\/fairway2hotel.at\/en\/wp-json\/wp\/v2\/pages\/253","targetHints":{"allow":["GET"]}}],"collection":[{"href":"https:\/\/fairway2hotel.at\/en\/wp-json\/wp\/v2\/pages"}],"about":[{"href":"https:\/\/fairway2hotel.at\/en\/wp-json\/wp\/v2\/types\/page"}],"author":[{"embeddable":true,"href":"https:\/\/fairway2hotel.at\/en\/wp-json\/wp\/v2\/users\/1"}],"replies":[{"embeddable":true,"href":"https:\/\/fairway2hotel.at\/en\/wp-json\/wp\/v2\/comments?post=253"}],"version-history":[{"count":21,"href":"https:\/\/fairway2hotel.at\/en\/wp-json\/wp\/v2\/pages\/253\/revisions"}],"predecessor-version":[{"id":49145,"href":"https:\/\/fairway2hotel.at\/en\/wp-json\/wp\/v2\/pages\/253\/revisions\/49145"}],"up":[{"embeddable":true,"href":"https:\/\/fairway2hotel.at\/en\/wp-json\/wp\/v2\/pages\/1579"}],"acf:attachment":[{"embeddable":true,"href":"https:\/\/fairway2hotel.at\/en\/wp-json\/wp\/v2\/media\/3399"},{"embeddable":true,"href":"https:\/\/fairway2hotel.at\/en\/wp-json\/wp\/v2\/media\/3398"},{"embeddable":true,"href":"https:\/\/fairway2hotel.at\/en\/wp-json\/wp\/v2\/media\/3397"},{"embeddable":true,"href":"https:\/\/fairway2hotel.at\/en\/wp-json\/wp\/v2\/media\/2774"}],"wp:attachment":[{"href":"https:\/\/fairway2hotel.at\/en\/wp-json\/wp\/v2\/media?parent=253"}],"curies":[{"name":"wp","href":"https:\/\/api.w.org\/{rel}","templated":true}]}}