{"id":257,"date":"2009-07-10T20:27:48","date_gmt":"2009-07-10T18:27:48","guid":{"rendered":"https:\/\/f2h.app\/kaisergolf-ellmau\/"},"modified":"2025-03-29T17:18:20","modified_gmt":"2025-03-29T16:18:20","slug":"kaisergolf-ellmau","status":"publish","type":"page","link":"https:\/\/fairway2hotel.at\/en\/golfclubs\/tirol\/kaisergolf-ellmau\/","title":{"rendered":"GC Kaiser Golf Ellmau"},"content":{"rendered":"<h2>\u201eGolf f\u00fcr Jedermann&#8221; Kaiser Golf \/ M\u00fchlberghof Ellmau<\/h2>\n<p>Abseits vom Verkehrstrubel liegt der 9-Loch-Kurzplatz eingebettet in eine Waldlichtung. Die leichte Hanglage verlangt sowohl vom Anf\u00e4nger als auch Fortgeschrittenen ein pr\u00e4zises Spiel um eine \u201egute Golfrunde\u201c zu absolvieren. Das Panorama des Wilden Kaisers ist dabei jederzeit pr\u00e4sent. Im Anschlu\u00df bietet ein erfrischendes Getr\u00e4nk oder ein kleiner Imbiss am Golfplatz die M\u00f6glichkeit \u201eseine\u00a0Golferseele\u201c wieder zu bes\u00e4nftigen. Wer l\u00e4nger verweilen will \u2013 die Suiten am M\u00fchlberghof sind komfortabel und mit viel Liebe gestaltet \u2013 ein Ort zum Entspannen!<\/p>\n<h2>\u201cGolf for everyone\u201d Kaiser Golf \/ M\u00fchlberghof Ellmau<\/h2>\n<p>Away from the hustle and bustle of traffic, the 9-hole short course is nestled in a forest clearing. The gentle slope requires both beginners and advanced players to play with precision in order to complete a \u201cgood round of golf\u201d. The panorama of the Wilder Kaiser is always present. Afterwards, a refreshing drink or a small snack on the golf course offers the opportunity to soothe your golfer&#8217;s soul. If you want to stay longer &#8211; the suites at the M\u00fchlberghof are comfortable and lovingly designed &#8211; a place to relax!<\/p>\n<p>&nbsp;<\/p>\n","protected":false},"excerpt":{"rendered":"<p>\u201eGolf f\u00fcr Jedermann&#8221; Kaiser Golf \/ M\u00fchlberghof Ellmau Abseits vom Verkehrstrubel liegt der 9-Loch-Kurzplatz eingebettet in eine Waldlichtung. Die leichte Hanglage verlangt sowohl vom Anf\u00e4nger als auch Fortgeschrittenen ein pr\u00e4zises Spiel um eine \u201egute Golfrunde\u201c zu absolvieren. Das Panorama des Wilden Kaisers ist dabei jederzeit pr\u00e4sent. Im Anschlu\u00df bietet ein erfrischendes Getr\u00e4nk oder ein kleiner [&hellip;]<\/p>\n","protected":false},"author":1,"featured_media":0,"parent":1592,"menu_order":10,"comment_status":"closed","ping_status":"closed","template":"page-partner.php","meta":{"_acf_changed":false,"footnotes":""},"class_list":["post-257","page","type-page","status-publish","hentry"],"acf":{"partner_infobox":"<strong>Adresse:\u00a0<\/strong>Steinerner Tisch 17, 6352 Ellmau\r\n\r\n<strong>Tel:\u00a0<\/strong>+43-5358\/2379\r\n\r\n<strong>Web: <\/strong><a href=\"http:\/\/www.muehlberghof.at\" target=\"_blank\" rel=\"nofollow noopener\">www.muehlberghof.at<\/a>\r\n\r\n<strong>E-Mail:<\/strong> <a href=\"mailto:golf@muehlberghof.at\">golf@muehlberghof.at<\/a>\r\n\r\n<strong>Spielbahnen\/Par: <\/strong>9\/54\r\n\r\n<strong>La\u0308nge: <\/strong>gelb: 2.180 m, rot: 1.860 m\r\n\r\n<em><strong>Bedingungen: <\/strong>Tagesgreenfee<\/em>\r\n\r\n<strong>Anfahrt:\r\n<\/strong>Autobahn Kufstein S\u00fcd \u2192 Felbertauern \u2192 Kitzb\u00fchel. Nach Scheffau \u2192 Bundesstra\u00dfe\u2192 500m nach dem Gasthof Ellmauer Hof rechts abbiegen \u2192 Schildern Kaiser Golf folgen.","partner_logo":256,"partner_gallery":[255,47173],"partner_lat":47.51478,"partner_long":12.30226,"partner_type":"golfclub","partner_openings":["1","2","3","4","5","6","7"],"montag_von_bis":"00:00 - 24:00","dienstag_von_bis":"00:00 - 24:00","mittwoch_von_bis":"00:00 - 24:00","donnerstag_von_bis":"00:00 - 24:00","freitag_von_bis":"00:00 - 24:00","samstag_von_bis":"00:00 - 24:00","sonntag_von_bis":"00:00 - 24:00","partner_adresse":"Steinerner Tisch 17, 6352 Ellmau","partner_land_bundesland":"Tirol","partner_tel_1":"","partner_tel_2":"0043 5358 2379","partner_web":"http:\/\/www.muehlberghof.at","partner_mail":"golf@muehlberghof.at","partner_spielbahnen_par":"9\/54","partner_laenge":"gelb: 2.180 m, rot: 1.860 m","partner_bedingungen":"Tagesgreenfee\r\nDaily green fee","partner_anfahrt":"Autobahn Kufstein S\u00fcd \u2192 Felbertauern \u2192 Kitzb\u00fchel. Nach Scheffau \u2192 Bundesstra\u00dfe\u2192 500m nach dem Gasthof Ellmauer Hof rechts abbiegen \u2192 Schildern Kaiser Golf folgen.","partner_misc":null,"additional_css_classes":""},"yoast_head":"<!-- This site is optimized with the Yoast SEO plugin v26.8 - https:\/\/yoast.com\/product\/yoast-seo-wordpress\/ -->\n<title>GC Kaiser Golf Ellmau - Fairway 2 Hotel<\/title>\n<meta name=\"robots\" content=\"index, follow, max-snippet:-1, max-image-preview:large, max-video-preview:-1\" \/>\n<link rel=\"canonical\" href=\"https:\/\/fairway2hotel.at\/en\/golfclubs\/tirol\/kaisergolf-ellmau\/\" \/>\n<meta property=\"og:locale\" content=\"en_US\" \/>\n<meta property=\"og:type\" content=\"article\" \/>\n<meta property=\"og:title\" content=\"GC Kaiser Golf Ellmau - Fairway 2 Hotel\" \/>\n<meta property=\"og:description\" content=\"\u201eGolf f\u00fcr Jedermann&#8221; Kaiser Golf \/ M\u00fchlberghof Ellmau Abseits vom Verkehrstrubel liegt der 9-Loch-Kurzplatz eingebettet in eine Waldlichtung. Die leichte Hanglage verlangt sowohl vom Anf\u00e4nger als auch Fortgeschrittenen ein pr\u00e4zises Spiel um eine \u201egute Golfrunde\u201c zu absolvieren. Das Panorama des Wilden Kaisers ist dabei jederzeit pr\u00e4sent. Im Anschlu\u00df bietet ein erfrischendes Getr\u00e4nk oder ein kleiner [&hellip;]\" \/>\n<meta property=\"og:url\" content=\"https:\/\/fairway2hotel.at\/en\/golfclubs\/tirol\/kaisergolf-ellmau\/\" \/>\n<meta property=\"og:site_name\" content=\"Fairway 2 Hotel\" \/>\n<meta property=\"article:modified_time\" content=\"2025-03-29T16:18:20+00:00\" \/>\n<meta name=\"twitter:card\" content=\"summary_large_image\" \/>\n<meta name=\"twitter:label1\" content=\"Est. reading time\" \/>\n\t<meta name=\"twitter:data1\" content=\"2 minutes\" \/>\n<script type=\"application\/ld+json\" class=\"yoast-schema-graph\">{\"@context\":\"https:\/\/schema.org\",\"@graph\":[{\"@type\":\"WebPage\",\"@id\":\"https:\/\/fairway2hotel.at\/en\/golfclubs\/tirol\/kaisergolf-ellmau\/\",\"url\":\"https:\/\/fairway2hotel.at\/en\/golfclubs\/tirol\/kaisergolf-ellmau\/\",\"name\":\"GC Kaiser Golf Ellmau - Fairway 2 Hotel\",\"isPartOf\":{\"@id\":\"https:\/\/fairway2hotel.at\/en\/#website\"},\"datePublished\":\"2009-07-10T18:27:48+00:00\",\"dateModified\":\"2025-03-29T16:18:20+00:00\",\"breadcrumb\":{\"@id\":\"https:\/\/fairway2hotel.at\/en\/golfclubs\/tirol\/kaisergolf-ellmau\/#breadcrumb\"},\"inLanguage\":\"en-US\",\"potentialAction\":[{\"@type\":\"ReadAction\",\"target\":[\"https:\/\/fairway2hotel.at\/en\/golfclubs\/tirol\/kaisergolf-ellmau\/\"]}]},{\"@type\":\"BreadcrumbList\",\"@id\":\"https:\/\/fairway2hotel.at\/en\/golfclubs\/tirol\/kaisergolf-ellmau\/#breadcrumb\",\"itemListElement\":[{\"@type\":\"ListItem\",\"position\":1,\"name\":\"Home\",\"item\":\"https:\/\/fairway2hotel.at\/en\/\"},{\"@type\":\"ListItem\",\"position\":2,\"name\":\"Golfclubs\",\"item\":\"https:\/\/fairway2hotel.at\/en\/golfclubs\/\"},{\"@type\":\"ListItem\",\"position\":3,\"name\":\"Golfclubs Tirol\",\"item\":\"https:\/\/fairway2hotel.at\/en\/golfclubs\/tirol\/\"},{\"@type\":\"ListItem\",\"position\":4,\"name\":\"GC Kaiser Golf Ellmau\"}]},{\"@type\":\"WebSite\",\"@id\":\"https:\/\/fairway2hotel.at\/en\/#website\",\"url\":\"https:\/\/fairway2hotel.at\/en\/\",\"name\":\"Fairway 2 Hotel\",\"description\":\"Golf at half price! 2 play - 1 pays\",\"potentialAction\":[{\"@type\":\"SearchAction\",\"target\":{\"@type\":\"EntryPoint\",\"urlTemplate\":\"https:\/\/fairway2hotel.at\/en\/?s={search_term_string}\"},\"query-input\":{\"@type\":\"PropertyValueSpecification\",\"valueRequired\":true,\"valueName\":\"search_term_string\"}}],\"inLanguage\":\"en-US\"}]}<\/script>\n<!-- \/ Yoast SEO plugin. -->","yoast_head_json":{"title":"GC Kaiser Golf Ellmau - Fairway 2 Hotel","robots":{"index":"index","follow":"follow","max-snippet":"max-snippet:-1","max-image-preview":"max-image-preview:large","max-video-preview":"max-video-preview:-1"},"canonical":"https:\/\/fairway2hotel.at\/en\/golfclubs\/tirol\/kaisergolf-ellmau\/","og_locale":"en_US","og_type":"article","og_title":"GC Kaiser Golf Ellmau - Fairway 2 Hotel","og_description":"\u201eGolf f\u00fcr Jedermann&#8221; Kaiser Golf \/ M\u00fchlberghof Ellmau Abseits vom Verkehrstrubel liegt der 9-Loch-Kurzplatz eingebettet in eine Waldlichtung. Die leichte Hanglage verlangt sowohl vom Anf\u00e4nger als auch Fortgeschrittenen ein pr\u00e4zises Spiel um eine \u201egute Golfrunde\u201c zu absolvieren. Das Panorama des Wilden Kaisers ist dabei jederzeit pr\u00e4sent. Im Anschlu\u00df bietet ein erfrischendes Getr\u00e4nk oder ein kleiner [&hellip;]","og_url":"https:\/\/fairway2hotel.at\/en\/golfclubs\/tirol\/kaisergolf-ellmau\/","og_site_name":"Fairway 2 Hotel","article_modified_time":"2025-03-29T16:18:20+00:00","twitter_card":"summary_large_image","twitter_misc":{"Est. reading time":"2 minutes"},"schema":{"@context":"https:\/\/schema.org","@graph":[{"@type":"WebPage","@id":"https:\/\/fairway2hotel.at\/en\/golfclubs\/tirol\/kaisergolf-ellmau\/","url":"https:\/\/fairway2hotel.at\/en\/golfclubs\/tirol\/kaisergolf-ellmau\/","name":"GC Kaiser Golf Ellmau - Fairway 2 Hotel","isPartOf":{"@id":"https:\/\/fairway2hotel.at\/en\/#website"},"datePublished":"2009-07-10T18:27:48+00:00","dateModified":"2025-03-29T16:18:20+00:00","breadcrumb":{"@id":"https:\/\/fairway2hotel.at\/en\/golfclubs\/tirol\/kaisergolf-ellmau\/#breadcrumb"},"inLanguage":"en-US","potentialAction":[{"@type":"ReadAction","target":["https:\/\/fairway2hotel.at\/en\/golfclubs\/tirol\/kaisergolf-ellmau\/"]}]},{"@type":"BreadcrumbList","@id":"https:\/\/fairway2hotel.at\/en\/golfclubs\/tirol\/kaisergolf-ellmau\/#breadcrumb","itemListElement":[{"@type":"ListItem","position":1,"name":"Home","item":"https:\/\/fairway2hotel.at\/en\/"},{"@type":"ListItem","position":2,"name":"Golfclubs","item":"https:\/\/fairway2hotel.at\/en\/golfclubs\/"},{"@type":"ListItem","position":3,"name":"Golfclubs Tirol","item":"https:\/\/fairway2hotel.at\/en\/golfclubs\/tirol\/"},{"@type":"ListItem","position":4,"name":"GC Kaiser Golf Ellmau"}]},{"@type":"WebSite","@id":"https:\/\/fairway2hotel.at\/en\/#website","url":"https:\/\/fairway2hotel.at\/en\/","name":"Fairway 2 Hotel","description":"Golf at half price! 2 play - 1 pays","potentialAction":[{"@type":"SearchAction","target":{"@type":"EntryPoint","urlTemplate":"https:\/\/fairway2hotel.at\/en\/?s={search_term_string}"},"query-input":{"@type":"PropertyValueSpecification","valueRequired":true,"valueName":"search_term_string"}}],"inLanguage":"en-US"}]}},"_links":{"self":[{"href":"https:\/\/fairway2hotel.at\/en\/wp-json\/wp\/v2\/pages\/257","targetHints":{"allow":["GET"]}}],"collection":[{"href":"https:\/\/fairway2hotel.at\/en\/wp-json\/wp\/v2\/pages"}],"about":[{"href":"https:\/\/fairway2hotel.at\/en\/wp-json\/wp\/v2\/types\/page"}],"author":[{"embeddable":true,"href":"https:\/\/fairway2hotel.at\/en\/wp-json\/wp\/v2\/users\/1"}],"replies":[{"embeddable":true,"href":"https:\/\/fairway2hotel.at\/en\/wp-json\/wp\/v2\/comments?post=257"}],"version-history":[{"count":7,"href":"https:\/\/fairway2hotel.at\/en\/wp-json\/wp\/v2\/pages\/257\/revisions"}],"predecessor-version":[{"id":47175,"href":"https:\/\/fairway2hotel.at\/en\/wp-json\/wp\/v2\/pages\/257\/revisions\/47175"}],"up":[{"embeddable":true,"href":"https:\/\/fairway2hotel.at\/en\/wp-json\/wp\/v2\/pages\/1592"}],"acf:attachment":[{"embeddable":true,"href":"https:\/\/fairway2hotel.at\/en\/wp-json\/wp\/v2\/media\/47173"},{"embeddable":true,"href":"https:\/\/fairway2hotel.at\/en\/wp-json\/wp\/v2\/media\/255"}],"wp:attachment":[{"href":"https:\/\/fairway2hotel.at\/en\/wp-json\/wp\/v2\/media?parent=257"}],"curies":[{"name":"wp","href":"https:\/\/api.w.org\/{rel}","templated":true}]}}