{"id":263,"date":"2009-07-10T20:41:04","date_gmt":"2009-07-10T18:41:04","guid":{"rendered":"https:\/\/f2h.app\/olympia-golfclub-igls\/"},"modified":"2025-03-29T17:24:47","modified_gmt":"2025-03-29T16:24:47","slug":"olympia-golfclub-igls","status":"publish","type":"page","link":"https:\/\/fairway2hotel.at\/en\/golfclubs\/tirol\/olympia-golfclub-igls\/","title":{"rendered":"GC Olympia Golfclub Igls"},"content":{"rendered":"<h2>Olympisches Golfen bei Freunden &#8230;<\/h2>\n<p>Das Igler Sonnenplateau vor den Toren von Innsbruck und am Fu\u00df des Olympiaberges Patscherkofel ist anders \u2013 jung, modern und barrierefrei. Ganz nach dem Motto \u201ePay &amp; Play\u201c k\u00f6nnen Sie ohne Eintrittsgeb\u00fchr und Clubzugeh\u00f6rigkeit auf den gepflegten Fairways und schnellen Greens spielen (lediglich TE\/PE nachweisbar). Die 9-Loch Anlage &#8211; ideal f\u00fcr Einsteiger und ambitionierte Golfer. Als Ausgleich nach dem Arbeitstag \u2013 eine Runde zwischendurch. Die vielf\u00e4ltigen \u00dcbungsm\u00f6glichkeiten auf der gro\u00dfz\u00fcgigen Drivingrange mit 40 Abschlagpl\u00e4tzen, teilweise \u00dcberdacht, Einst\u00f6ckig und mit Track Tee Divider ausgestattet, erm\u00f6glicht mit dem Golfsport zu beginnen oder bestehende F\u00e4higkeiten unter professioneller F\u00fchrung auszubauen. Leihschl\u00e4ger, Leihset, aber auch tolle Angebote &#8211; alles von Kopf bis Fu\u00df &#8211; finden Sie im Clubeigenen Proshop.<\/p>\n<h2>Olympic golfing with friends &#8230;<\/h2>\n<p>The Igler Sonnenplateau at the gates of Innsbruck and at the foot of the Olympic mountain Patscherkofel is different &#8211; young, modern and barrier-free. True to the motto \u201cPay &amp; Play\u201d, you can play on the well-tended fairways and fast greens without paying an entrance fee or club membership (only TE\/PE required). The 9-hole course &#8211; ideal for beginners and ambitious golfers. As a balance after the working day &#8211; a round in between. The wide range of practice options on the spacious driving range with 40 teeing grounds, partly covered, single-level and equipped with a track tee divider, allows you to start playing golf or improve your existing skills under professional guidance. Rental clubs, rental sets, but also great offers &#8211; everything from head to toe &#8211; can be found in the club&#8217;s own pro store.<\/p>\n","protected":false},"excerpt":{"rendered":"<p>Olympisches Golfen bei Freunden &#8230; Das Igler Sonnenplateau vor den Toren von Innsbruck und am Fu\u00df des Olympiaberges Patscherkofel ist anders \u2013 jung, modern und barrierefrei. Ganz nach dem Motto \u201ePay &amp; Play\u201c k\u00f6nnen Sie ohne Eintrittsgeb\u00fchr und Clubzugeh\u00f6rigkeit auf den gepflegten Fairways und schnellen Greens spielen (lediglich TE\/PE nachweisbar). Die 9-Loch Anlage &#8211; ideal [&hellip;]<\/p>\n","protected":false},"author":1,"featured_media":0,"parent":1592,"menu_order":20,"comment_status":"closed","ping_status":"closed","template":"page-partner.php","meta":{"_acf_changed":false,"footnotes":""},"class_list":["post-263","page","type-page","status-publish","hentry"],"acf":{"partner_infobox":"<strong>Adresse:\u00a0<\/strong>Badhausstra\u00dfe 60 b, 6080 Igls\r\n\r\n<strong>Tel:\u00a0<\/strong>+43 (0)512\/37 91 50\r\n\r\n<strong>Fax:\u00a0<\/strong>+43 (0)512\/37 91 50\/DW 22\r\n\r\n<strong>Web: <\/strong><a href=\"http:\/\/www.olympia-golf.at\" target=\"_blank\" rel=\"nofollow noopener noreferrer\">www.olympia-golf.at<\/a>\r\n\r\n<strong>E-Mail:<\/strong> <a href=\"mailto:office@olympia-golf.at\">office@olympia-golf.at<\/a>\r\n\r\n<strong>Spielbahnen\/Par: <\/strong>9\/58\r\n\r\n<strong>L\u00e4nge: <\/strong>gelb: 2.806 m Herren\/Damen\r\n\r\n<strong>Anfahrt:\r\n<\/strong>von Westen kommend; A 12 Autobhnausf.-Innsbruck Mitte \u2013 Igls \/ von Osten: A 12 Autobahnausf. Ibk Mitte \u2013 Igls \/von S\u00fcden: A13 Europabr. Autobahnausf. Patsch (mautpflichtig)","partner_logo":3033,"partner_gallery":[261,47177,47179],"partner_lat":47.22467,"partner_long":11.42882,"partner_type":"golfclub","partner_openings":["1","2","3","4","5","6","7"],"montag_von_bis":"00:00 - 24:00","dienstag_von_bis":"00:00 - 24:00","mittwoch_von_bis":"00:00 - 24:00","donnerstag_von_bis":"00:00 - 24:00","freitag_von_bis":"00:00 - 24:00","samstag_von_bis":"00:00 - 24:00","sonntag_von_bis":"00:00 - 24:00","partner_adresse":"Badhausstra\u00dfe 60b, 6080 Igls","partner_land_bundesland":"Tirol","partner_tel_1":"0043 512 3791 5022","partner_tel_2":"0043 512 37 91 50","partner_web":"http:\/\/www.olympia-golf.at","partner_mail":"office@olympia-golf.at","partner_spielbahnen_par":"9\/58","partner_laenge":"gelb: 2.806 m Herren\/Damen","partner_bedingungen":"","partner_anfahrt":"von Westen kommend; A 12 Autobhnausf.-Innsbruck Mitte \u2013 Igls \/ von Osten: A 12 Autobahnausf. Ibk Mitte \u2013 Igls \/von S\u00fcden: A13 Europabr. Autobahnausf. Patsch (mautpflichtig)","partner_misc":null,"additional_css_classes":""},"yoast_head":"<!-- This site is optimized with the Yoast SEO plugin v26.8 - https:\/\/yoast.com\/product\/yoast-seo-wordpress\/ -->\n<title>GC Olympia Golfclub Igls - Fairway 2 Hotel<\/title>\n<meta name=\"robots\" content=\"index, follow, max-snippet:-1, max-image-preview:large, max-video-preview:-1\" \/>\n<link rel=\"canonical\" href=\"https:\/\/fairway2hotel.at\/en\/golfclubs\/tirol\/olympia-golfclub-igls\/\" \/>\n<meta property=\"og:locale\" content=\"en_US\" \/>\n<meta property=\"og:type\" content=\"article\" \/>\n<meta property=\"og:title\" content=\"GC Olympia Golfclub Igls - Fairway 2 Hotel\" \/>\n<meta property=\"og:description\" content=\"Olympisches Golfen bei Freunden &#8230; Das Igler Sonnenplateau vor den Toren von Innsbruck und am Fu\u00df des Olympiaberges Patscherkofel ist anders \u2013 jung, modern und barrierefrei. Ganz nach dem Motto \u201ePay &amp; Play\u201c k\u00f6nnen Sie ohne Eintrittsgeb\u00fchr und Clubzugeh\u00f6rigkeit auf den gepflegten Fairways und schnellen Greens spielen (lediglich TE\/PE nachweisbar). Die 9-Loch Anlage &#8211; ideal [&hellip;]\" \/>\n<meta property=\"og:url\" content=\"https:\/\/fairway2hotel.at\/en\/golfclubs\/tirol\/olympia-golfclub-igls\/\" \/>\n<meta property=\"og:site_name\" content=\"Fairway 2 Hotel\" \/>\n<meta property=\"article:modified_time\" content=\"2025-03-29T16:24:47+00:00\" \/>\n<meta name=\"twitter:card\" content=\"summary_large_image\" \/>\n<meta name=\"twitter:label1\" content=\"Est. reading time\" \/>\n\t<meta name=\"twitter:data1\" content=\"2 minutes\" \/>\n<script type=\"application\/ld+json\" class=\"yoast-schema-graph\">{\"@context\":\"https:\/\/schema.org\",\"@graph\":[{\"@type\":\"WebPage\",\"@id\":\"https:\/\/fairway2hotel.at\/en\/golfclubs\/tirol\/olympia-golfclub-igls\/\",\"url\":\"https:\/\/fairway2hotel.at\/en\/golfclubs\/tirol\/olympia-golfclub-igls\/\",\"name\":\"GC Olympia Golfclub Igls - Fairway 2 Hotel\",\"isPartOf\":{\"@id\":\"https:\/\/fairway2hotel.at\/en\/#website\"},\"datePublished\":\"2009-07-10T18:41:04+00:00\",\"dateModified\":\"2025-03-29T16:24:47+00:00\",\"breadcrumb\":{\"@id\":\"https:\/\/fairway2hotel.at\/en\/golfclubs\/tirol\/olympia-golfclub-igls\/#breadcrumb\"},\"inLanguage\":\"en-US\",\"potentialAction\":[{\"@type\":\"ReadAction\",\"target\":[\"https:\/\/fairway2hotel.at\/en\/golfclubs\/tirol\/olympia-golfclub-igls\/\"]}]},{\"@type\":\"BreadcrumbList\",\"@id\":\"https:\/\/fairway2hotel.at\/en\/golfclubs\/tirol\/olympia-golfclub-igls\/#breadcrumb\",\"itemListElement\":[{\"@type\":\"ListItem\",\"position\":1,\"name\":\"Home\",\"item\":\"https:\/\/fairway2hotel.at\/en\/\"},{\"@type\":\"ListItem\",\"position\":2,\"name\":\"Golfclubs\",\"item\":\"https:\/\/fairway2hotel.at\/en\/golfclubs\/\"},{\"@type\":\"ListItem\",\"position\":3,\"name\":\"Golfclubs Tirol\",\"item\":\"https:\/\/fairway2hotel.at\/en\/golfclubs\/tirol\/\"},{\"@type\":\"ListItem\",\"position\":4,\"name\":\"GC Olympia Golfclub Igls\"}]},{\"@type\":\"WebSite\",\"@id\":\"https:\/\/fairway2hotel.at\/en\/#website\",\"url\":\"https:\/\/fairway2hotel.at\/en\/\",\"name\":\"Fairway 2 Hotel\",\"description\":\"Golf at half price! 2 play - 1 pays\",\"potentialAction\":[{\"@type\":\"SearchAction\",\"target\":{\"@type\":\"EntryPoint\",\"urlTemplate\":\"https:\/\/fairway2hotel.at\/en\/?s={search_term_string}\"},\"query-input\":{\"@type\":\"PropertyValueSpecification\",\"valueRequired\":true,\"valueName\":\"search_term_string\"}}],\"inLanguage\":\"en-US\"}]}<\/script>\n<!-- \/ Yoast SEO plugin. -->","yoast_head_json":{"title":"GC Olympia Golfclub Igls - Fairway 2 Hotel","robots":{"index":"index","follow":"follow","max-snippet":"max-snippet:-1","max-image-preview":"max-image-preview:large","max-video-preview":"max-video-preview:-1"},"canonical":"https:\/\/fairway2hotel.at\/en\/golfclubs\/tirol\/olympia-golfclub-igls\/","og_locale":"en_US","og_type":"article","og_title":"GC Olympia Golfclub Igls - Fairway 2 Hotel","og_description":"Olympisches Golfen bei Freunden &#8230; Das Igler Sonnenplateau vor den Toren von Innsbruck und am Fu\u00df des Olympiaberges Patscherkofel ist anders \u2013 jung, modern und barrierefrei. Ganz nach dem Motto \u201ePay &amp; Play\u201c k\u00f6nnen Sie ohne Eintrittsgeb\u00fchr und Clubzugeh\u00f6rigkeit auf den gepflegten Fairways und schnellen Greens spielen (lediglich TE\/PE nachweisbar). Die 9-Loch Anlage &#8211; ideal [&hellip;]","og_url":"https:\/\/fairway2hotel.at\/en\/golfclubs\/tirol\/olympia-golfclub-igls\/","og_site_name":"Fairway 2 Hotel","article_modified_time":"2025-03-29T16:24:47+00:00","twitter_card":"summary_large_image","twitter_misc":{"Est. reading time":"2 minutes"},"schema":{"@context":"https:\/\/schema.org","@graph":[{"@type":"WebPage","@id":"https:\/\/fairway2hotel.at\/en\/golfclubs\/tirol\/olympia-golfclub-igls\/","url":"https:\/\/fairway2hotel.at\/en\/golfclubs\/tirol\/olympia-golfclub-igls\/","name":"GC Olympia Golfclub Igls - Fairway 2 Hotel","isPartOf":{"@id":"https:\/\/fairway2hotel.at\/en\/#website"},"datePublished":"2009-07-10T18:41:04+00:00","dateModified":"2025-03-29T16:24:47+00:00","breadcrumb":{"@id":"https:\/\/fairway2hotel.at\/en\/golfclubs\/tirol\/olympia-golfclub-igls\/#breadcrumb"},"inLanguage":"en-US","potentialAction":[{"@type":"ReadAction","target":["https:\/\/fairway2hotel.at\/en\/golfclubs\/tirol\/olympia-golfclub-igls\/"]}]},{"@type":"BreadcrumbList","@id":"https:\/\/fairway2hotel.at\/en\/golfclubs\/tirol\/olympia-golfclub-igls\/#breadcrumb","itemListElement":[{"@type":"ListItem","position":1,"name":"Home","item":"https:\/\/fairway2hotel.at\/en\/"},{"@type":"ListItem","position":2,"name":"Golfclubs","item":"https:\/\/fairway2hotel.at\/en\/golfclubs\/"},{"@type":"ListItem","position":3,"name":"Golfclubs Tirol","item":"https:\/\/fairway2hotel.at\/en\/golfclubs\/tirol\/"},{"@type":"ListItem","position":4,"name":"GC Olympia Golfclub Igls"}]},{"@type":"WebSite","@id":"https:\/\/fairway2hotel.at\/en\/#website","url":"https:\/\/fairway2hotel.at\/en\/","name":"Fairway 2 Hotel","description":"Golf at half price! 2 play - 1 pays","potentialAction":[{"@type":"SearchAction","target":{"@type":"EntryPoint","urlTemplate":"https:\/\/fairway2hotel.at\/en\/?s={search_term_string}"},"query-input":{"@type":"PropertyValueSpecification","valueRequired":true,"valueName":"search_term_string"}}],"inLanguage":"en-US"}]}},"_links":{"self":[{"href":"https:\/\/fairway2hotel.at\/en\/wp-json\/wp\/v2\/pages\/263","targetHints":{"allow":["GET"]}}],"collection":[{"href":"https:\/\/fairway2hotel.at\/en\/wp-json\/wp\/v2\/pages"}],"about":[{"href":"https:\/\/fairway2hotel.at\/en\/wp-json\/wp\/v2\/types\/page"}],"author":[{"embeddable":true,"href":"https:\/\/fairway2hotel.at\/en\/wp-json\/wp\/v2\/users\/1"}],"replies":[{"embeddable":true,"href":"https:\/\/fairway2hotel.at\/en\/wp-json\/wp\/v2\/comments?post=263"}],"version-history":[{"count":8,"href":"https:\/\/fairway2hotel.at\/en\/wp-json\/wp\/v2\/pages\/263\/revisions"}],"predecessor-version":[{"id":47181,"href":"https:\/\/fairway2hotel.at\/en\/wp-json\/wp\/v2\/pages\/263\/revisions\/47181"}],"up":[{"embeddable":true,"href":"https:\/\/fairway2hotel.at\/en\/wp-json\/wp\/v2\/pages\/1592"}],"acf:attachment":[{"embeddable":true,"href":"https:\/\/fairway2hotel.at\/en\/wp-json\/wp\/v2\/media\/47179"},{"embeddable":true,"href":"https:\/\/fairway2hotel.at\/en\/wp-json\/wp\/v2\/media\/47177"},{"embeddable":true,"href":"https:\/\/fairway2hotel.at\/en\/wp-json\/wp\/v2\/media\/261"}],"wp:attachment":[{"href":"https:\/\/fairway2hotel.at\/en\/wp-json\/wp\/v2\/media?parent=263"}],"curies":[{"name":"wp","href":"https:\/\/api.w.org\/{rel}","templated":true}]}}