{"id":271,"date":"2009-07-10T21:08:23","date_gmt":"2009-07-10T19:08:23","guid":{"rendered":"https:\/\/f2h.app\/golfuni-ih-rgolffachgeschaeft\/"},"modified":"2026-02-16T16:15:57","modified_gmt":"2026-02-16T15:15:57","slug":"golfuni-ih-rgolffachgeschaeft","status":"publish","type":"page","link":"https:\/\/fairway2hotel.at\/en\/golfclubs\/tirol\/golfuni-ih-rgolffachgeschaeft\/","title":{"rendered":"Indoor GolfUni-Golfshop"},"content":{"rendered":"<h2>GolfUni &#8211; In Innsbruck golfen mit Wettergarantie<\/h2>\n<p>Wir garantieren Ihnen Golfen ohne Regenschirm auf allen 23 Golfcoursen im Golf-simulator. Mit so bekannten Pl\u00e4tzen wie St. Andrews (Schottland), Pepple Beach\u00a0(Kalifornien), Valderrama (Spanien), Bay Hill Club (Florida) u. Mauna Kea (Hawaii) u. a. Pl\u00e4tze die Sie von den gro\u00dfen Golf-Touren aus dem Fernsehen kennen.<br \/>\nOder trainieren Sie Ihren Schwung im Drivingrange- u\/o Targetmodus. Die Gutscheine sind zu den regul\u00e4ren \u00d6ffnungszeiten g\u00fcltig.<br \/>\nMo\u2013Fr 9\u201312 und 15\u201318 und Sa 9\u201312 Uhr. Wenn Sie beim Golfen merken, dass Sie das eine oder andere in Ihrer Golftasche erg\u00e4nzen oder erneuern m\u00f6chten beraten wir Sie gerne. In unserem Golffachgesch\u00e4ft f\u00fchren wir alle namhaften Golfmarken sowie Golf- u. Freizeitmode.<\/p>\n<h2>GolfUni &#8211; Golfing in Innsbruck with a weather guarantee<\/h2>\n<p>We guarantee you golfing without an umbrella on all 23 golf courses in the golf simulator. With well-known courses such as St. Andrews (Scotland), Pepple Beach (California), Valderrama (Spain), Bay Hill Club (Florida) and Mauna Kea (Hawaii), among others, courses that you know from the big golf tours on television.<br \/>\nOr practice your swing in driving range and\/or target mode. The vouchers are valid during regular opening hours.<br \/>\nMon-Fri 9 a.m.-12 and 3 p.m.-6 p.m.and Sat 9 a.m.-12. If you realize while golfing that you would like to add or replace one or two items in your golf bag, we will be happy to advise you. In our golf store we stock all well-known golf brands as well as golf and leisure fashion.<\/p>\n","protected":false},"excerpt":{"rendered":"<p>GolfUni &#8211; In Innsbruck golfen mit Wettergarantie Wir garantieren Ihnen Golfen ohne Regenschirm auf allen 23 Golfcoursen im Golf-simulator. Mit so bekannten Pl\u00e4tzen wie St. Andrews (Schottland), Pepple Beach\u00a0(Kalifornien), Valderrama (Spanien), Bay Hill Club (Florida) u. Mauna Kea (Hawaii) u. a. Pl\u00e4tze die Sie von den gro\u00dfen Golf-Touren aus dem Fernsehen kennen. Oder trainieren Sie [&hellip;]<\/p>\n","protected":false},"author":1,"featured_media":0,"parent":1592,"menu_order":50,"comment_status":"closed","ping_status":"closed","template":"page-partner.php","meta":{"_acf_changed":false,"footnotes":""},"class_list":["post-271","page","type-page","status-publish","hentry"],"acf":{"partner_infobox":"<strong>Adresse:\u00a0<\/strong>H\u00f6ttinger Au, 6020 Innsbruck\r\n\r\n<strong>Tel:\u00a0<\/strong>0664\/4519998\r\n\r\n<strong>Web: <\/strong><a href=\"http:\/\/www.golfuni.at\" target=\"_blank\" rel=\"nofollow noopener\">www.golfuni.at<\/a>\r\n\r\n<strong>E-Mail:<\/strong> <a href=\"mailto:alex@golfuni.at\">alex@golfuni.at<\/a>\r\n\r\n<strong>Anzahl der Kurse: <\/strong>23\r\n\r\n<em><strong>Bedingungen:\r\n<\/strong>2 Std. zum Preis von 1 Std. Bitte um Reservierung!<\/em>\r\n\r\n<strong>Anfahrt:\r\n<\/strong>Westen: Autobahnausfahrt V\u00f6ls-Kranebitten \u2192 immer gerade aus \u2192 Parkplatzeinfahrt links \u2192 Parken beim Gesch\u00e4ft r\u00fcckw\u00e4rts im Hof. Vom Stadtzentrum kommend \u00fcber Universit\u00e4tsbr\u00fccke links Richtung Flughafen 200 m rechts Einfahrt.","partner_logo":270,"partner_gallery":[269,52272],"partner_lat":47.26551,"partner_long":11.37961,"partner_type":"golfclub","partner_openings":["1","2","3","4","5","6","7"],"montag_von_bis":"00:00 - 24:00","dienstag_von_bis":"00:00 - 24:00","mittwoch_von_bis":"00:00 - 24:00","donnerstag_von_bis":"00:00 - 24:00","freitag_von_bis":"00:00 - 24:00","samstag_von_bis":"00:00 - 24:00","sonntag_von_bis":"00:00 - 24:00","partner_adresse":"H\u00f6ttinger Au, 6020 Innsbruck","partner_land_bundesland":"Tirol","partner_tel_1":"0043 664 4519998","partner_tel_2":"","partner_web":"https:\/\/m.golfuni.at\/","partner_mail":"alex@golfuni.at","partner_spielbahnen_par":"","partner_laenge":"","partner_bedingungen":"2 Stunden zum Preis von 1 Stunde. Bitte um Reservierung!\r\n2 hours for the price of 1 hour. Please make a reservation!","partner_anfahrt":"Westen: Autobahnausfahrt V\u00f6ls-Kranebitten \u2192 immer gerade aus \u2192 Parkplatzeinfahrt links \u2192 Parken beim Gesch\u00e4ft r\u00fcckw\u00e4rts im Hof. Vom Stadtzentrum kommend \u00fcber Universit\u00e4tsbr\u00fccke links Richtung Flughafen 200 m rechts Einfahrt.","partner_misc":[{"text_label":"Anzahl der Kurse","text_value":"23"}],"additional_css_classes":""},"yoast_head":"<!-- This site is optimized with the Yoast SEO plugin v26.8 - https:\/\/yoast.com\/product\/yoast-seo-wordpress\/ -->\n<title>Indoor GolfUni-Golfshop - Fairway 2 Hotel<\/title>\n<meta name=\"robots\" content=\"index, follow, max-snippet:-1, max-image-preview:large, max-video-preview:-1\" \/>\n<link rel=\"canonical\" href=\"https:\/\/fairway2hotel.at\/en\/golfclubs\/tirol\/golfuni-ih-rgolffachgeschaeft\/\" \/>\n<meta property=\"og:locale\" content=\"en_US\" \/>\n<meta property=\"og:type\" content=\"article\" \/>\n<meta property=\"og:title\" content=\"Indoor GolfUni-Golfshop - Fairway 2 Hotel\" \/>\n<meta property=\"og:description\" content=\"GolfUni &#8211; In Innsbruck golfen mit Wettergarantie Wir garantieren Ihnen Golfen ohne Regenschirm auf allen 23 Golfcoursen im Golf-simulator. Mit so bekannten Pl\u00e4tzen wie St. Andrews (Schottland), Pepple Beach\u00a0(Kalifornien), Valderrama (Spanien), Bay Hill Club (Florida) u. Mauna Kea (Hawaii) u. a. Pl\u00e4tze die Sie von den gro\u00dfen Golf-Touren aus dem Fernsehen kennen. Oder trainieren Sie [&hellip;]\" \/>\n<meta property=\"og:url\" content=\"https:\/\/fairway2hotel.at\/en\/golfclubs\/tirol\/golfuni-ih-rgolffachgeschaeft\/\" \/>\n<meta property=\"og:site_name\" content=\"Fairway 2 Hotel\" \/>\n<meta property=\"article:modified_time\" content=\"2026-02-16T15:15:57+00:00\" \/>\n<meta name=\"twitter:card\" content=\"summary_large_image\" \/>\n<meta name=\"twitter:label1\" content=\"Est. reading time\" \/>\n\t<meta name=\"twitter:data1\" content=\"2 minutes\" \/>\n<script type=\"application\/ld+json\" class=\"yoast-schema-graph\">{\"@context\":\"https:\/\/schema.org\",\"@graph\":[{\"@type\":\"WebPage\",\"@id\":\"https:\/\/fairway2hotel.at\/en\/golfclubs\/tirol\/golfuni-ih-rgolffachgeschaeft\/\",\"url\":\"https:\/\/fairway2hotel.at\/en\/golfclubs\/tirol\/golfuni-ih-rgolffachgeschaeft\/\",\"name\":\"Indoor GolfUni-Golfshop - Fairway 2 Hotel\",\"isPartOf\":{\"@id\":\"https:\/\/fairway2hotel.at\/en\/#website\"},\"datePublished\":\"2009-07-10T19:08:23+00:00\",\"dateModified\":\"2026-02-16T15:15:57+00:00\",\"breadcrumb\":{\"@id\":\"https:\/\/fairway2hotel.at\/en\/golfclubs\/tirol\/golfuni-ih-rgolffachgeschaeft\/#breadcrumb\"},\"inLanguage\":\"en-US\",\"potentialAction\":[{\"@type\":\"ReadAction\",\"target\":[\"https:\/\/fairway2hotel.at\/en\/golfclubs\/tirol\/golfuni-ih-rgolffachgeschaeft\/\"]}]},{\"@type\":\"BreadcrumbList\",\"@id\":\"https:\/\/fairway2hotel.at\/en\/golfclubs\/tirol\/golfuni-ih-rgolffachgeschaeft\/#breadcrumb\",\"itemListElement\":[{\"@type\":\"ListItem\",\"position\":1,\"name\":\"Home\",\"item\":\"https:\/\/fairway2hotel.at\/en\/\"},{\"@type\":\"ListItem\",\"position\":2,\"name\":\"Golfclubs\",\"item\":\"https:\/\/fairway2hotel.at\/en\/golfclubs\/\"},{\"@type\":\"ListItem\",\"position\":3,\"name\":\"Golfclubs Tirol\",\"item\":\"https:\/\/fairway2hotel.at\/en\/golfclubs\/tirol\/\"},{\"@type\":\"ListItem\",\"position\":4,\"name\":\"Indoor GolfUni-Golfshop\"}]},{\"@type\":\"WebSite\",\"@id\":\"https:\/\/fairway2hotel.at\/en\/#website\",\"url\":\"https:\/\/fairway2hotel.at\/en\/\",\"name\":\"Fairway 2 Hotel\",\"description\":\"Golf at half price! 2 play - 1 pays\",\"potentialAction\":[{\"@type\":\"SearchAction\",\"target\":{\"@type\":\"EntryPoint\",\"urlTemplate\":\"https:\/\/fairway2hotel.at\/en\/?s={search_term_string}\"},\"query-input\":{\"@type\":\"PropertyValueSpecification\",\"valueRequired\":true,\"valueName\":\"search_term_string\"}}],\"inLanguage\":\"en-US\"}]}<\/script>\n<!-- \/ Yoast SEO plugin. -->","yoast_head_json":{"title":"Indoor GolfUni-Golfshop - Fairway 2 Hotel","robots":{"index":"index","follow":"follow","max-snippet":"max-snippet:-1","max-image-preview":"max-image-preview:large","max-video-preview":"max-video-preview:-1"},"canonical":"https:\/\/fairway2hotel.at\/en\/golfclubs\/tirol\/golfuni-ih-rgolffachgeschaeft\/","og_locale":"en_US","og_type":"article","og_title":"Indoor GolfUni-Golfshop - Fairway 2 Hotel","og_description":"GolfUni &#8211; In Innsbruck golfen mit Wettergarantie Wir garantieren Ihnen Golfen ohne Regenschirm auf allen 23 Golfcoursen im Golf-simulator. Mit so bekannten Pl\u00e4tzen wie St. Andrews (Schottland), Pepple Beach\u00a0(Kalifornien), Valderrama (Spanien), Bay Hill Club (Florida) u. Mauna Kea (Hawaii) u. a. Pl\u00e4tze die Sie von den gro\u00dfen Golf-Touren aus dem Fernsehen kennen. Oder trainieren Sie [&hellip;]","og_url":"https:\/\/fairway2hotel.at\/en\/golfclubs\/tirol\/golfuni-ih-rgolffachgeschaeft\/","og_site_name":"Fairway 2 Hotel","article_modified_time":"2026-02-16T15:15:57+00:00","twitter_card":"summary_large_image","twitter_misc":{"Est. reading time":"2 minutes"},"schema":{"@context":"https:\/\/schema.org","@graph":[{"@type":"WebPage","@id":"https:\/\/fairway2hotel.at\/en\/golfclubs\/tirol\/golfuni-ih-rgolffachgeschaeft\/","url":"https:\/\/fairway2hotel.at\/en\/golfclubs\/tirol\/golfuni-ih-rgolffachgeschaeft\/","name":"Indoor GolfUni-Golfshop - Fairway 2 Hotel","isPartOf":{"@id":"https:\/\/fairway2hotel.at\/en\/#website"},"datePublished":"2009-07-10T19:08:23+00:00","dateModified":"2026-02-16T15:15:57+00:00","breadcrumb":{"@id":"https:\/\/fairway2hotel.at\/en\/golfclubs\/tirol\/golfuni-ih-rgolffachgeschaeft\/#breadcrumb"},"inLanguage":"en-US","potentialAction":[{"@type":"ReadAction","target":["https:\/\/fairway2hotel.at\/en\/golfclubs\/tirol\/golfuni-ih-rgolffachgeschaeft\/"]}]},{"@type":"BreadcrumbList","@id":"https:\/\/fairway2hotel.at\/en\/golfclubs\/tirol\/golfuni-ih-rgolffachgeschaeft\/#breadcrumb","itemListElement":[{"@type":"ListItem","position":1,"name":"Home","item":"https:\/\/fairway2hotel.at\/en\/"},{"@type":"ListItem","position":2,"name":"Golfclubs","item":"https:\/\/fairway2hotel.at\/en\/golfclubs\/"},{"@type":"ListItem","position":3,"name":"Golfclubs Tirol","item":"https:\/\/fairway2hotel.at\/en\/golfclubs\/tirol\/"},{"@type":"ListItem","position":4,"name":"Indoor GolfUni-Golfshop"}]},{"@type":"WebSite","@id":"https:\/\/fairway2hotel.at\/en\/#website","url":"https:\/\/fairway2hotel.at\/en\/","name":"Fairway 2 Hotel","description":"Golf at half price! 2 play - 1 pays","potentialAction":[{"@type":"SearchAction","target":{"@type":"EntryPoint","urlTemplate":"https:\/\/fairway2hotel.at\/en\/?s={search_term_string}"},"query-input":{"@type":"PropertyValueSpecification","valueRequired":true,"valueName":"search_term_string"}}],"inLanguage":"en-US"}]}},"_links":{"self":[{"href":"https:\/\/fairway2hotel.at\/en\/wp-json\/wp\/v2\/pages\/271","targetHints":{"allow":["GET"]}}],"collection":[{"href":"https:\/\/fairway2hotel.at\/en\/wp-json\/wp\/v2\/pages"}],"about":[{"href":"https:\/\/fairway2hotel.at\/en\/wp-json\/wp\/v2\/types\/page"}],"author":[{"embeddable":true,"href":"https:\/\/fairway2hotel.at\/en\/wp-json\/wp\/v2\/users\/1"}],"replies":[{"embeddable":true,"href":"https:\/\/fairway2hotel.at\/en\/wp-json\/wp\/v2\/comments?post=271"}],"version-history":[{"count":10,"href":"https:\/\/fairway2hotel.at\/en\/wp-json\/wp\/v2\/pages\/271\/revisions"}],"predecessor-version":[{"id":52690,"href":"https:\/\/fairway2hotel.at\/en\/wp-json\/wp\/v2\/pages\/271\/revisions\/52690"}],"up":[{"embeddable":true,"href":"https:\/\/fairway2hotel.at\/en\/wp-json\/wp\/v2\/pages\/1592"}],"acf:attachment":[{"embeddable":true,"href":"https:\/\/fairway2hotel.at\/en\/wp-json\/wp\/v2\/media\/52272"},{"embeddable":true,"href":"https:\/\/fairway2hotel.at\/en\/wp-json\/wp\/v2\/media\/269"}],"wp:attachment":[{"href":"https:\/\/fairway2hotel.at\/en\/wp-json\/wp\/v2\/media?parent=271"}],"curies":[{"name":"wp","href":"https:\/\/api.w.org\/{rel}","templated":true}]}}