{"id":2837,"date":"2020-10-20T20:41:38","date_gmt":"2020-10-20T18:41:38","guid":{"rendered":"https:\/\/f2h.52five.com\/?page_id=2837"},"modified":"2025-01-15T11:21:50","modified_gmt":"2025-01-15T10:21:50","slug":"golfpark-boehmerwald","status":"publish","type":"page","link":"https:\/\/fairway2hotel.at\/en\/golfclubs\/oberoesterreich\/golfpark-boehmerwald\/","title":{"rendered":"GC B\u00f6hmerwald"},"content":{"rendered":"<h2>Golf im Dreil\u00e4ndereck Ober\u00f6sterreich \u2013 Lipensko \u2013 Bayern<\/h2>\n<p>Der Golfpark B\u00f6hmerwald befindet sich im oberen M\u00fchlviertel im Dreil\u00e4ndereck Ober\u00f6sterreich, Bayern &amp; Tschechien. Eine malerische Landschaft, die Menschen seit Jahrhunderten begeistert. Im Golfpark B\u00f6hmerwald erwartet Sie Ruhe und Entspannung, ohne Hektik und Dr\u00e4ngerei. Die Bahnen sind breit gem\u00e4ht und folgen dem nat\u00fcrlichen Lauf des Gel\u00e4ndes. Leider befindet sich unser \u201eSeitelschl\u00e4ger Golfwirt\u201c nach einem Gro\u00dfbrand noch im Bau! Es wird aber 2024 ein kleines kulinarisches Angebot geboten (Snacks, Getr\u00e4nke). Dazu gibt es kostenlose Stellpl\u00e4tze f\u00fcr Wohnmobile, einen Freizeitpark mit einer modernen 18-Loch-Minigolfanlage und vieles mehr!<\/p>\n<h2>Golf in the border triangle Upper Austria &#8211; Lipensko &#8211; Bavaria<\/h2>\n<p>The B\u00f6hmerwald Golf Park is located in the upper M\u00fchlviertel in the border triangle of Upper Austria, Bavaria and the Czech Republic. A picturesque landscape that has inspired people for centuries. Peace and relaxation await you at the B\u00f6hmerwald Golf Park, without the hustle and bustle. The courses are widely mown and follow the natural course of the terrain. Unfortunately, our \u2018Seitelschl\u00e4ger Golfwirt\u2019 is still under construction after a major fire! However, a small culinary offer will be available in 2024 (snacks, drinks). There are also free pitches for motorhomes, a leisure park with a modern 18-hole mini golf course and much more!<\/p>\n","protected":false},"excerpt":{"rendered":"<p>Golf im Dreil\u00e4ndereck Ober\u00f6sterreich \u2013 Lipensko \u2013 Bayern Der Golfpark B\u00f6hmerwald befindet sich im oberen M\u00fchlviertel im Dreil\u00e4ndereck Ober\u00f6sterreich, Bayern &amp; Tschechien. Eine malerische Landschaft, die Menschen seit Jahrhunderten begeistert. Im Golfpark B\u00f6hmerwald erwartet Sie Ruhe und Entspannung, ohne Hektik und Dr\u00e4ngerei. Die Bahnen sind breit gem\u00e4ht und folgen dem nat\u00fcrlichen Lauf des Gel\u00e4ndes. Leider [&hellip;]<\/p>\n","protected":false},"author":3,"featured_media":0,"parent":1473,"menu_order":1,"comment_status":"closed","ping_status":"closed","template":"page-partner.php","meta":{"_acf_changed":false,"footnotes":""},"class_list":["post-2837","page","type-page","status-publish","hentry"],"acf":{"partner_infobox":"<strong>Adresse:<\/strong> Seitelschlag 50 4161 Ulrichsberg\r\n\r\n<strong>Tel.:<\/strong> +43(0)7288\/82 00\r\n\r\n<strong>Homepage: <\/strong><a href=\"http:\/\/www.boehmerwaldgolf.at\">www.boehmerwaldgolf.at<\/a>\r\n\r\n<strong>E-Mail:<\/strong> <a href=\"mailto:office@boehmerwaldgolf.at\">office@boehmerwaldgolf.at<\/a>\r\n\r\n<strong>Spielbahnen\/Par:<\/strong> 18 Loch\/72 + 9 Loch\/58\r\n\r\n<strong>L\u00e4nge:<\/strong> Gelb: 5.834 m\/Rot: 5.336 m \u2013 Panorama C.: Gelb: 2.786 m\r\n\r\n<strong>Bedingungen:<\/strong> 27-Loch-Tagesgreenfee von MO\u2013FR, ausgen. Ftge. inklusive 1 Runde am Minigolfplatz.\r\n\r\n<strong>Anfahrt:<\/strong> Von Aigen-Schl\u00e4gl \u2192 auf Dreisesselbergstr. \u2192 Ulrichsberg. Kreisverk. verlassen \u2192 3. Ausf., rechts Planerstr. \u2192 Stifterstr. nach rechts \u2192 \u00fcber Gro\u00dfe M\u00fchl, dann rechts \u2192 Seitelschl\u00e4ger Bezirksstr. Beschilderung \u2192 Golfpark folgen.","partner_logo":2841,"partner_gallery":[2840,39229,39231,39233],"partner_lat":48.678034,"partner_long":13.863301,"partner_type":"golfclub","partner_openings":["1","2","3","4","5","6","7"],"montag_von_bis":"00:00 - 24:00","dienstag_von_bis":"00:00 - 24:00","mittwoch_von_bis":"00:00 - 24:00","donnerstag_von_bis":"00:00 - 24:00","freitag_von_bis":"00:00 - 24:00","samstag_von_bis":"00:00 - 24:00","sonntag_von_bis":"00:00 - 24:00","partner_adresse":"Seitelschlag 50, 4161 Ulrichsberg","partner_land_bundesland":"Ober\u00f6sterreich","partner_tel_1":"","partner_tel_2":"0043 7288 8200","partner_web":"http:\/\/www.boehmerwaldgolf.at","partner_mail":"office@boehmerwaldgolf.at","partner_spielbahnen_par":"18 \/72 ","partner_laenge":"Gelb: 5.834 m\/Rot: 5.336 m \u2013 Panorama C.: Gelb: 2.786 m","partner_bedingungen":"Tagesgreenfee inklusive 1 Runde am Minigolfplatz.\r\nDaily green fee including 1 round at the minigolf course.","partner_anfahrt":"Von Aigen-Schl\u00e4gl \u2192 auf Dreisesselbergstr. \u2192 Ulrichsberg. Kreisverk. verlassen \u2192 3. Ausf., rechts Planerstr. \u2192 Stifterstr. nach rechts \u2192 \u00fcber Gro\u00dfe M\u00fchl, dann rechts \u2192 Seitelschl\u00e4ger Bezirksstr. Beschilderung \u2192 Golfpark folgen.","partner_misc":null,"additional_css_classes":""},"yoast_head":"<!-- This site is optimized with the Yoast SEO plugin v26.8 - https:\/\/yoast.com\/product\/yoast-seo-wordpress\/ -->\n<title>GC B\u00f6hmerwald - Fairway 2 Hotel<\/title>\n<meta name=\"robots\" content=\"index, follow, max-snippet:-1, max-image-preview:large, max-video-preview:-1\" \/>\n<link rel=\"canonical\" href=\"https:\/\/fairway2hotel.at\/en\/golfclubs\/oberoesterreich\/golfpark-boehmerwald\/\" \/>\n<meta property=\"og:locale\" content=\"en_US\" \/>\n<meta property=\"og:type\" content=\"article\" \/>\n<meta property=\"og:title\" content=\"GC B\u00f6hmerwald - Fairway 2 Hotel\" \/>\n<meta property=\"og:description\" content=\"Golf im Dreil\u00e4ndereck Ober\u00f6sterreich \u2013 Lipensko \u2013 Bayern Der Golfpark B\u00f6hmerwald befindet sich im oberen M\u00fchlviertel im Dreil\u00e4ndereck Ober\u00f6sterreich, Bayern &amp; Tschechien. Eine malerische Landschaft, die Menschen seit Jahrhunderten begeistert. Im Golfpark B\u00f6hmerwald erwartet Sie Ruhe und Entspannung, ohne Hektik und Dr\u00e4ngerei. Die Bahnen sind breit gem\u00e4ht und folgen dem nat\u00fcrlichen Lauf des Gel\u00e4ndes. Leider [&hellip;]\" \/>\n<meta property=\"og:url\" content=\"https:\/\/fairway2hotel.at\/en\/golfclubs\/oberoesterreich\/golfpark-boehmerwald\/\" \/>\n<meta property=\"og:site_name\" content=\"Fairway 2 Hotel\" \/>\n<meta property=\"article:modified_time\" content=\"2025-01-15T10:21:50+00:00\" \/>\n<meta name=\"twitter:card\" content=\"summary_large_image\" \/>\n<meta name=\"twitter:label1\" content=\"Est. reading time\" \/>\n\t<meta name=\"twitter:data1\" content=\"2 minutes\" \/>\n<script type=\"application\/ld+json\" class=\"yoast-schema-graph\">{\"@context\":\"https:\/\/schema.org\",\"@graph\":[{\"@type\":\"WebPage\",\"@id\":\"https:\/\/fairway2hotel.at\/en\/golfclubs\/oberoesterreich\/golfpark-boehmerwald\/\",\"url\":\"https:\/\/fairway2hotel.at\/en\/golfclubs\/oberoesterreich\/golfpark-boehmerwald\/\",\"name\":\"GC B\u00f6hmerwald - Fairway 2 Hotel\",\"isPartOf\":{\"@id\":\"https:\/\/fairway2hotel.at\/en\/#website\"},\"datePublished\":\"2020-10-20T18:41:38+00:00\",\"dateModified\":\"2025-01-15T10:21:50+00:00\",\"breadcrumb\":{\"@id\":\"https:\/\/fairway2hotel.at\/en\/golfclubs\/oberoesterreich\/golfpark-boehmerwald\/#breadcrumb\"},\"inLanguage\":\"en-US\",\"potentialAction\":[{\"@type\":\"ReadAction\",\"target\":[\"https:\/\/fairway2hotel.at\/en\/golfclubs\/oberoesterreich\/golfpark-boehmerwald\/\"]}]},{\"@type\":\"BreadcrumbList\",\"@id\":\"https:\/\/fairway2hotel.at\/en\/golfclubs\/oberoesterreich\/golfpark-boehmerwald\/#breadcrumb\",\"itemListElement\":[{\"@type\":\"ListItem\",\"position\":1,\"name\":\"Home\",\"item\":\"https:\/\/fairway2hotel.at\/en\/\"},{\"@type\":\"ListItem\",\"position\":2,\"name\":\"Golfclubs\",\"item\":\"https:\/\/fairway2hotel.at\/en\/golfclubs\/\"},{\"@type\":\"ListItem\",\"position\":3,\"name\":\"Golfclubs Ober\u00f6sterreich\",\"item\":\"https:\/\/fairway2hotel.at\/en\/golfclubs\/oberoesterreich\/\"},{\"@type\":\"ListItem\",\"position\":4,\"name\":\"GC B\u00f6hmerwald\"}]},{\"@type\":\"WebSite\",\"@id\":\"https:\/\/fairway2hotel.at\/en\/#website\",\"url\":\"https:\/\/fairway2hotel.at\/en\/\",\"name\":\"Fairway 2 Hotel\",\"description\":\"Golf at half price! 2 play - 1 pays\",\"potentialAction\":[{\"@type\":\"SearchAction\",\"target\":{\"@type\":\"EntryPoint\",\"urlTemplate\":\"https:\/\/fairway2hotel.at\/en\/?s={search_term_string}\"},\"query-input\":{\"@type\":\"PropertyValueSpecification\",\"valueRequired\":true,\"valueName\":\"search_term_string\"}}],\"inLanguage\":\"en-US\"}]}<\/script>\n<!-- \/ Yoast SEO plugin. -->","yoast_head_json":{"title":"GC B\u00f6hmerwald - Fairway 2 Hotel","robots":{"index":"index","follow":"follow","max-snippet":"max-snippet:-1","max-image-preview":"max-image-preview:large","max-video-preview":"max-video-preview:-1"},"canonical":"https:\/\/fairway2hotel.at\/en\/golfclubs\/oberoesterreich\/golfpark-boehmerwald\/","og_locale":"en_US","og_type":"article","og_title":"GC B\u00f6hmerwald - Fairway 2 Hotel","og_description":"Golf im Dreil\u00e4ndereck Ober\u00f6sterreich \u2013 Lipensko \u2013 Bayern Der Golfpark B\u00f6hmerwald befindet sich im oberen M\u00fchlviertel im Dreil\u00e4ndereck Ober\u00f6sterreich, Bayern &amp; Tschechien. Eine malerische Landschaft, die Menschen seit Jahrhunderten begeistert. Im Golfpark B\u00f6hmerwald erwartet Sie Ruhe und Entspannung, ohne Hektik und Dr\u00e4ngerei. Die Bahnen sind breit gem\u00e4ht und folgen dem nat\u00fcrlichen Lauf des Gel\u00e4ndes. Leider [&hellip;]","og_url":"https:\/\/fairway2hotel.at\/en\/golfclubs\/oberoesterreich\/golfpark-boehmerwald\/","og_site_name":"Fairway 2 Hotel","article_modified_time":"2025-01-15T10:21:50+00:00","twitter_card":"summary_large_image","twitter_misc":{"Est. reading time":"2 minutes"},"schema":{"@context":"https:\/\/schema.org","@graph":[{"@type":"WebPage","@id":"https:\/\/fairway2hotel.at\/en\/golfclubs\/oberoesterreich\/golfpark-boehmerwald\/","url":"https:\/\/fairway2hotel.at\/en\/golfclubs\/oberoesterreich\/golfpark-boehmerwald\/","name":"GC B\u00f6hmerwald - Fairway 2 Hotel","isPartOf":{"@id":"https:\/\/fairway2hotel.at\/en\/#website"},"datePublished":"2020-10-20T18:41:38+00:00","dateModified":"2025-01-15T10:21:50+00:00","breadcrumb":{"@id":"https:\/\/fairway2hotel.at\/en\/golfclubs\/oberoesterreich\/golfpark-boehmerwald\/#breadcrumb"},"inLanguage":"en-US","potentialAction":[{"@type":"ReadAction","target":["https:\/\/fairway2hotel.at\/en\/golfclubs\/oberoesterreich\/golfpark-boehmerwald\/"]}]},{"@type":"BreadcrumbList","@id":"https:\/\/fairway2hotel.at\/en\/golfclubs\/oberoesterreich\/golfpark-boehmerwald\/#breadcrumb","itemListElement":[{"@type":"ListItem","position":1,"name":"Home","item":"https:\/\/fairway2hotel.at\/en\/"},{"@type":"ListItem","position":2,"name":"Golfclubs","item":"https:\/\/fairway2hotel.at\/en\/golfclubs\/"},{"@type":"ListItem","position":3,"name":"Golfclubs Ober\u00f6sterreich","item":"https:\/\/fairway2hotel.at\/en\/golfclubs\/oberoesterreich\/"},{"@type":"ListItem","position":4,"name":"GC B\u00f6hmerwald"}]},{"@type":"WebSite","@id":"https:\/\/fairway2hotel.at\/en\/#website","url":"https:\/\/fairway2hotel.at\/en\/","name":"Fairway 2 Hotel","description":"Golf at half price! 2 play - 1 pays","potentialAction":[{"@type":"SearchAction","target":{"@type":"EntryPoint","urlTemplate":"https:\/\/fairway2hotel.at\/en\/?s={search_term_string}"},"query-input":{"@type":"PropertyValueSpecification","valueRequired":true,"valueName":"search_term_string"}}],"inLanguage":"en-US"}]}},"_links":{"self":[{"href":"https:\/\/fairway2hotel.at\/en\/wp-json\/wp\/v2\/pages\/2837","targetHints":{"allow":["GET"]}}],"collection":[{"href":"https:\/\/fairway2hotel.at\/en\/wp-json\/wp\/v2\/pages"}],"about":[{"href":"https:\/\/fairway2hotel.at\/en\/wp-json\/wp\/v2\/types\/page"}],"author":[{"embeddable":true,"href":"https:\/\/fairway2hotel.at\/en\/wp-json\/wp\/v2\/users\/3"}],"replies":[{"embeddable":true,"href":"https:\/\/fairway2hotel.at\/en\/wp-json\/wp\/v2\/comments?post=2837"}],"version-history":[{"count":10,"href":"https:\/\/fairway2hotel.at\/en\/wp-json\/wp\/v2\/pages\/2837\/revisions"}],"predecessor-version":[{"id":45860,"href":"https:\/\/fairway2hotel.at\/en\/wp-json\/wp\/v2\/pages\/2837\/revisions\/45860"}],"up":[{"embeddable":true,"href":"https:\/\/fairway2hotel.at\/en\/wp-json\/wp\/v2\/pages\/1473"}],"acf:attachment":[{"embeddable":true,"href":"https:\/\/fairway2hotel.at\/en\/wp-json\/wp\/v2\/media\/39233"},{"embeddable":true,"href":"https:\/\/fairway2hotel.at\/en\/wp-json\/wp\/v2\/media\/39231"},{"embeddable":true,"href":"https:\/\/fairway2hotel.at\/en\/wp-json\/wp\/v2\/media\/39229"},{"embeddable":true,"href":"https:\/\/fairway2hotel.at\/en\/wp-json\/wp\/v2\/media\/2840"}],"wp:attachment":[{"href":"https:\/\/fairway2hotel.at\/en\/wp-json\/wp\/v2\/media?parent=2837"}],"curies":[{"name":"wp","href":"https:\/\/api.w.org\/{rel}","templated":true}]}}