{"id":2843,"date":"2020-10-20T20:51:05","date_gmt":"2020-10-20T18:51:05","guid":{"rendered":"https:\/\/f2h.52five.com\/?page_id=2843"},"modified":"2025-03-24T17:24:17","modified_gmt":"2025-03-24T16:24:17","slug":"golfclub-dilly","status":"publish","type":"page","link":"https:\/\/fairway2hotel.at\/en\/golfclubs\/oberoesterreich\/golfclub-dilly\/","title":{"rendered":"GC Dilly"},"content":{"rendered":"<h2>Die Vollpension unter den Golfclubs: Der GC Dilly verbindet erstklassige Hotellerie mit Golfgenuss.<\/h2>\n<p>DER GAST IST K\u00d6NIG! Umgeben von einzigartigem Bergpanorama, Teil des Dilly-Hotels in Windischgarsten \u2013 am hoteleigenen 18-Loch-Golfplatz ist der Gast wahrlich noch K\u00f6nig. Bequemer geht\u2019s nicht zum Abschlag, entweder mit dem Gratis-Shuttle oder gleich mit dem E- Car vom Hotel auf den Golfplatz. Der Par-72-Platz ist so konzipiert, das jeweils zweimal 9 Bahnen vom Clubhaus ausgehend und wieder zur\u00fcck gespielt werden. Die Ferienregion macht nicht nur in Sachen Golf ihrem Namen alle Ehre: Im Sommer erfreut sich das Badeseebiotop besonderer Beliebtheit. Einen Besuch wert ist auch das \u201e19. Loch\u201c, Dilly\u2019s Golfsalettl mit Panoramaterrasse, wo sich die G\u00e4ste gerne kulinarisch verw\u00f6hnen lassen. Das Dilly bietet auch preislich g\u00fcnstige Hotelgolfmitgliedschaften an, die von vielen G\u00e4sten gerne angenommen werden. (www.guenstiggolfen.at).<\/p>\n<h2>The full board among golf clubs: GC Dilly combines first-class hospitality with golfing pleasure.<\/h2>\n<p>THE GUEST IS KING! Surrounded by a unique mountain panorama, part of the Dilly Hotel in Windischgarsten &#8211; at the hotel&#8217;s own 18-hole golf course, the guest is truly still king. There is no more comfortable way to tee off, either with the free shuttle or with the electric car from the hotel to the golf course. The par-72 course is designed in such a way that 9 holes are played twice, starting from the clubhouse and returning again. The holiday region not only lives up to its name when it comes to golf: the bathing biotope is particularly popular in summer. Also worth a visit is the \u201819th hole\u2019, Dilly&#8217;s Golfsalettl with panoramic terrace, where guests can indulge in culinary delights. The Dilly also offers favourably priced hotel golf memberships, which are gladly accepted by many guests. (www.guenstiggolfen.at)<\/p>\n","protected":false},"excerpt":{"rendered":"<p>Die Vollpension unter den Golfclubs: Der GC Dilly verbindet erstklassige Hotellerie mit Golfgenuss. DER GAST IST K\u00d6NIG! Umgeben von einzigartigem Bergpanorama, Teil des Dilly-Hotels in Windischgarsten \u2013 am hoteleigenen 18-Loch-Golfplatz ist der Gast wahrlich noch K\u00f6nig. Bequemer geht\u2019s nicht zum Abschlag, entweder mit dem Gratis-Shuttle oder gleich mit dem E- Car vom Hotel auf den [&hellip;]<\/p>\n","protected":false},"author":3,"featured_media":0,"parent":1473,"menu_order":2,"comment_status":"closed","ping_status":"closed","template":"page-partner.php","meta":{"_acf_changed":false,"footnotes":""},"class_list":["post-2843","page","type-page","status-publish","hentry"],"acf":{"partner_infobox":"<strong>Adresse:<\/strong> Edlbach 96 4580 Windischgarsten\r\n\r\n<strong>Tel.:<\/strong> 07562\/ 2067850\r\n\r\n<strong>Homepage: <\/strong><a href=\"http:\/\/www.dilly.at\/golfplatz\">www.dilly.at\/golfplatz<\/a>\r\n\r\n<strong>E-Mail:<\/strong> <a href=\"mailto:info@golfanlage.at\">info@golfanlage.at<\/a>\r\n\r\n<strong>Spielbahnen\/Par:<\/strong> 18\/72\r\n\r\n<strong>L\u00e4nge:<\/strong> gelb: 5.799 m\/rot: 5.080 m\r\n\r\n<strong>Anfahrt:<\/strong> Pyhrnautobahn (A9 Linz-Graz) \u2192 Abfahrt Ro\u00dfleithen\/Windischgarsten \u2192 Richtung Windischgarsten \u2192 folgen Sie den Hinweistafeln \u201eGolf- u. Badesee\u201c (ca. 5 km) auf der B 138 \u2192 auf der linken Seite befindet sich der Golfplatz!","partner_logo":2845,"partner_gallery":[2846,46840,46842],"partner_lat":47.707441,"partner_long":14.349753,"partner_type":"golfclub","partner_openings":["1","2","3","4","5","6","7"],"montag_von_bis":"00:00 - 24:00","dienstag_von_bis":"00:00 - 24:00","mittwoch_von_bis":"00:00 - 24:00","donnerstag_von_bis":"00:00 - 24:00","freitag_von_bis":"00:00 - 24:00","samstag_von_bis":"00:00 - 24:00","sonntag_von_bis":"00:00 - 24:00","partner_adresse":"Edlbach 96, 4580 Windischgarsten","partner_land_bundesland":"Ober\u00f6sterreich","partner_tel_1":"","partner_tel_2":"0043 7562 2067850","partner_web":"http:\/\/www.dilly.at\/golfplatz","partner_mail":"info@golfanlage.at","partner_spielbahnen_par":"18\/72","partner_laenge":"gelb: 5.799 m\/rot: 5.080 m","partner_bedingungen":"","partner_anfahrt":"Pyhrnautobahn (A9 Linz-Graz) \u2192 Abfahrt Ro\u00dfleithen\/Windischgarsten \u2192 Richtung Windischgarsten \u2192 folgen Sie den Hinweistafeln \u201eGolf- u. Badesee\u201c (ca. 5 km) auf der B 138 \u2192 auf der linken Seite befindet sich der Golfplatz!","partner_misc":null,"additional_css_classes":""},"yoast_head":"<!-- This site is optimized with the Yoast SEO plugin v26.8 - https:\/\/yoast.com\/product\/yoast-seo-wordpress\/ -->\n<title>GC Dilly - Fairway 2 Hotel<\/title>\n<meta name=\"robots\" content=\"index, follow, max-snippet:-1, max-image-preview:large, max-video-preview:-1\" \/>\n<link rel=\"canonical\" href=\"https:\/\/fairway2hotel.at\/en\/golfclubs\/oberoesterreich\/golfclub-dilly\/\" \/>\n<meta property=\"og:locale\" content=\"en_US\" \/>\n<meta property=\"og:type\" content=\"article\" \/>\n<meta property=\"og:title\" content=\"GC Dilly - Fairway 2 Hotel\" \/>\n<meta property=\"og:description\" content=\"Die Vollpension unter den Golfclubs: Der GC Dilly verbindet erstklassige Hotellerie mit Golfgenuss. DER GAST IST K\u00d6NIG! Umgeben von einzigartigem Bergpanorama, Teil des Dilly-Hotels in Windischgarsten \u2013 am hoteleigenen 18-Loch-Golfplatz ist der Gast wahrlich noch K\u00f6nig. Bequemer geht\u2019s nicht zum Abschlag, entweder mit dem Gratis-Shuttle oder gleich mit dem E- Car vom Hotel auf den [&hellip;]\" \/>\n<meta property=\"og:url\" content=\"https:\/\/fairway2hotel.at\/en\/golfclubs\/oberoesterreich\/golfclub-dilly\/\" \/>\n<meta property=\"og:site_name\" content=\"Fairway 2 Hotel\" \/>\n<meta property=\"article:modified_time\" content=\"2025-03-24T16:24:17+00:00\" \/>\n<meta name=\"twitter:card\" content=\"summary_large_image\" \/>\n<meta name=\"twitter:label1\" content=\"Est. reading time\" \/>\n\t<meta name=\"twitter:data1\" content=\"2 minutes\" \/>\n<script type=\"application\/ld+json\" class=\"yoast-schema-graph\">{\"@context\":\"https:\/\/schema.org\",\"@graph\":[{\"@type\":\"WebPage\",\"@id\":\"https:\/\/fairway2hotel.at\/en\/golfclubs\/oberoesterreich\/golfclub-dilly\/\",\"url\":\"https:\/\/fairway2hotel.at\/en\/golfclubs\/oberoesterreich\/golfclub-dilly\/\",\"name\":\"GC Dilly - Fairway 2 Hotel\",\"isPartOf\":{\"@id\":\"https:\/\/fairway2hotel.at\/en\/#website\"},\"datePublished\":\"2020-10-20T18:51:05+00:00\",\"dateModified\":\"2025-03-24T16:24:17+00:00\",\"breadcrumb\":{\"@id\":\"https:\/\/fairway2hotel.at\/en\/golfclubs\/oberoesterreich\/golfclub-dilly\/#breadcrumb\"},\"inLanguage\":\"en-US\",\"potentialAction\":[{\"@type\":\"ReadAction\",\"target\":[\"https:\/\/fairway2hotel.at\/en\/golfclubs\/oberoesterreich\/golfclub-dilly\/\"]}]},{\"@type\":\"BreadcrumbList\",\"@id\":\"https:\/\/fairway2hotel.at\/en\/golfclubs\/oberoesterreich\/golfclub-dilly\/#breadcrumb\",\"itemListElement\":[{\"@type\":\"ListItem\",\"position\":1,\"name\":\"Home\",\"item\":\"https:\/\/fairway2hotel.at\/en\/\"},{\"@type\":\"ListItem\",\"position\":2,\"name\":\"Golfclubs\",\"item\":\"https:\/\/fairway2hotel.at\/en\/golfclubs\/\"},{\"@type\":\"ListItem\",\"position\":3,\"name\":\"Golfclubs Ober\u00f6sterreich\",\"item\":\"https:\/\/fairway2hotel.at\/en\/golfclubs\/oberoesterreich\/\"},{\"@type\":\"ListItem\",\"position\":4,\"name\":\"GC Dilly\"}]},{\"@type\":\"WebSite\",\"@id\":\"https:\/\/fairway2hotel.at\/en\/#website\",\"url\":\"https:\/\/fairway2hotel.at\/en\/\",\"name\":\"Fairway 2 Hotel\",\"description\":\"Golf at half price! 2 play - 1 pays\",\"potentialAction\":[{\"@type\":\"SearchAction\",\"target\":{\"@type\":\"EntryPoint\",\"urlTemplate\":\"https:\/\/fairway2hotel.at\/en\/?s={search_term_string}\"},\"query-input\":{\"@type\":\"PropertyValueSpecification\",\"valueRequired\":true,\"valueName\":\"search_term_string\"}}],\"inLanguage\":\"en-US\"}]}<\/script>\n<!-- \/ Yoast SEO plugin. -->","yoast_head_json":{"title":"GC Dilly - Fairway 2 Hotel","robots":{"index":"index","follow":"follow","max-snippet":"max-snippet:-1","max-image-preview":"max-image-preview:large","max-video-preview":"max-video-preview:-1"},"canonical":"https:\/\/fairway2hotel.at\/en\/golfclubs\/oberoesterreich\/golfclub-dilly\/","og_locale":"en_US","og_type":"article","og_title":"GC Dilly - Fairway 2 Hotel","og_description":"Die Vollpension unter den Golfclubs: Der GC Dilly verbindet erstklassige Hotellerie mit Golfgenuss. DER GAST IST K\u00d6NIG! Umgeben von einzigartigem Bergpanorama, Teil des Dilly-Hotels in Windischgarsten \u2013 am hoteleigenen 18-Loch-Golfplatz ist der Gast wahrlich noch K\u00f6nig. Bequemer geht\u2019s nicht zum Abschlag, entweder mit dem Gratis-Shuttle oder gleich mit dem E- Car vom Hotel auf den [&hellip;]","og_url":"https:\/\/fairway2hotel.at\/en\/golfclubs\/oberoesterreich\/golfclub-dilly\/","og_site_name":"Fairway 2 Hotel","article_modified_time":"2025-03-24T16:24:17+00:00","twitter_card":"summary_large_image","twitter_misc":{"Est. reading time":"2 minutes"},"schema":{"@context":"https:\/\/schema.org","@graph":[{"@type":"WebPage","@id":"https:\/\/fairway2hotel.at\/en\/golfclubs\/oberoesterreich\/golfclub-dilly\/","url":"https:\/\/fairway2hotel.at\/en\/golfclubs\/oberoesterreich\/golfclub-dilly\/","name":"GC Dilly - Fairway 2 Hotel","isPartOf":{"@id":"https:\/\/fairway2hotel.at\/en\/#website"},"datePublished":"2020-10-20T18:51:05+00:00","dateModified":"2025-03-24T16:24:17+00:00","breadcrumb":{"@id":"https:\/\/fairway2hotel.at\/en\/golfclubs\/oberoesterreich\/golfclub-dilly\/#breadcrumb"},"inLanguage":"en-US","potentialAction":[{"@type":"ReadAction","target":["https:\/\/fairway2hotel.at\/en\/golfclubs\/oberoesterreich\/golfclub-dilly\/"]}]},{"@type":"BreadcrumbList","@id":"https:\/\/fairway2hotel.at\/en\/golfclubs\/oberoesterreich\/golfclub-dilly\/#breadcrumb","itemListElement":[{"@type":"ListItem","position":1,"name":"Home","item":"https:\/\/fairway2hotel.at\/en\/"},{"@type":"ListItem","position":2,"name":"Golfclubs","item":"https:\/\/fairway2hotel.at\/en\/golfclubs\/"},{"@type":"ListItem","position":3,"name":"Golfclubs Ober\u00f6sterreich","item":"https:\/\/fairway2hotel.at\/en\/golfclubs\/oberoesterreich\/"},{"@type":"ListItem","position":4,"name":"GC Dilly"}]},{"@type":"WebSite","@id":"https:\/\/fairway2hotel.at\/en\/#website","url":"https:\/\/fairway2hotel.at\/en\/","name":"Fairway 2 Hotel","description":"Golf at half price! 2 play - 1 pays","potentialAction":[{"@type":"SearchAction","target":{"@type":"EntryPoint","urlTemplate":"https:\/\/fairway2hotel.at\/en\/?s={search_term_string}"},"query-input":{"@type":"PropertyValueSpecification","valueRequired":true,"valueName":"search_term_string"}}],"inLanguage":"en-US"}]}},"_links":{"self":[{"href":"https:\/\/fairway2hotel.at\/en\/wp-json\/wp\/v2\/pages\/2843","targetHints":{"allow":["GET"]}}],"collection":[{"href":"https:\/\/fairway2hotel.at\/en\/wp-json\/wp\/v2\/pages"}],"about":[{"href":"https:\/\/fairway2hotel.at\/en\/wp-json\/wp\/v2\/types\/page"}],"author":[{"embeddable":true,"href":"https:\/\/fairway2hotel.at\/en\/wp-json\/wp\/v2\/users\/3"}],"replies":[{"embeddable":true,"href":"https:\/\/fairway2hotel.at\/en\/wp-json\/wp\/v2\/comments?post=2843"}],"version-history":[{"count":7,"href":"https:\/\/fairway2hotel.at\/en\/wp-json\/wp\/v2\/pages\/2843\/revisions"}],"predecessor-version":[{"id":46844,"href":"https:\/\/fairway2hotel.at\/en\/wp-json\/wp\/v2\/pages\/2843\/revisions\/46844"}],"up":[{"embeddable":true,"href":"https:\/\/fairway2hotel.at\/en\/wp-json\/wp\/v2\/pages\/1473"}],"acf:attachment":[{"embeddable":true,"href":"https:\/\/fairway2hotel.at\/en\/wp-json\/wp\/v2\/media\/46842"},{"embeddable":true,"href":"https:\/\/fairway2hotel.at\/en\/wp-json\/wp\/v2\/media\/46840"},{"embeddable":true,"href":"https:\/\/fairway2hotel.at\/en\/wp-json\/wp\/v2\/media\/2846"}],"wp:attachment":[{"href":"https:\/\/fairway2hotel.at\/en\/wp-json\/wp\/v2\/media?parent=2843"}],"curies":[{"name":"wp","href":"https:\/\/api.w.org\/{rel}","templated":true}]}}