{"id":2848,"date":"2020-10-20T20:56:41","date_gmt":"2020-10-20T18:56:41","guid":{"rendered":"https:\/\/f2h.52five.com\/?page_id=2848"},"modified":"2026-04-08T14:06:51","modified_gmt":"2026-04-08T12:06:51","slug":"golfclub-salzkammergut","status":"publish","type":"page","link":"https:\/\/fairway2hotel.at\/en\/golfclubs\/oberoesterreich\/golfclub-salzkammergut\/","title":{"rendered":"GC Salzkammergut"},"content":{"rendered":"<h2>Golf, wo es am sch\u00f6nsten ist.<\/h2>\n<p>Zwischen Bad Ischl und St. Wolfgang liegt der 1933 gegr\u00fcndete Golfclub Salzkammergut malerisch inmitten intakter Natur und grandioser Kulisse! Der traditionsreiche Club bietet dem Gast neben einer wunderbaren Aussicht auf die umliegenden Berge auch ein technisch anspruchsvolles und abwechslungsreiches Spiel. Nicht fashionable und nicht snobby \u2013 aber unheimlich liebenswert. Auch weniger gute Schl\u00e4ge werden meist verziehen und Ballverluste sind selten. Die \u201eIschler Gr\u00fcns\u201c haben \u2013 auch \u00fcberregional \u2013 den besten Ruf. Turniere mit Weltklassespielern wie Severiano Ballesteros, Mark McNulty u. a. haben zur Popularit\u00e4t von Club und des Golfsport in der Region beigetragen. Nach der Runde k\u00f6nnen Sie sich auf der Sonnenterrasse entspannen und den gelungenen Tag im Salzkammergut ganz gem\u00fctlich ausklingen lassen.<\/p>\n<h2>Golf where it&#8217;s most beautiful.<\/h2>\n<p>Founded in 1933, the Salzkammergut Golf Club is picturesquely situated between Bad Ischl and St. Wolfgang, surrounded by unspoilt nature and a magnificent backdrop! The traditional club offers guests a wonderful view of the surrounding mountains as well as a technically challenging and varied game. Not fashionable and not snobby &#8211; but incredibly endearing. Even less good shots are usually forgiven and ball losses are rare. The \u2018Ischl greens\u2019 have the best reputation &#8211; even beyond the region. Tournaments with world-class players such as Severiano Ballesteros, Mark McNulty and others have contributed to the popularity of the club and golf in the region. After a round, you can relax on the sun terrace and round off a successful day in the Salzkammergut in a cosy atmosphere.<\/p>\n","protected":false},"excerpt":{"rendered":"<p>Golf, wo es am sch\u00f6nsten ist. Zwischen Bad Ischl und St. Wolfgang liegt der 1933 gegr\u00fcndete Golfclub Salzkammergut malerisch inmitten intakter Natur und grandioser Kulisse! Der traditionsreiche Club bietet dem Gast neben einer wunderbaren Aussicht auf die umliegenden Berge auch ein technisch anspruchsvolles und abwechslungsreiches Spiel. Nicht fashionable und nicht snobby \u2013 aber unheimlich liebenswert. [&hellip;]<\/p>\n","protected":false},"author":3,"featured_media":0,"parent":1473,"menu_order":8,"comment_status":"closed","ping_status":"closed","template":"page-partner.php","meta":{"_acf_changed":false,"footnotes":""},"class_list":["post-2848","page","type-page","status-publish","hentry"],"acf":{"partner_infobox":"<strong>Adresse:<\/strong> Wirling 36 5360 St. Wolfgang im Salzkammergut\r\n\r\n<strong>Tel.:<\/strong> 06132\/26340\r\n\r\n<strong>Fax:<\/strong> 06132\/26708\r\n\r\n<strong>Homepage:\u00a0<\/strong><a href=\"http:\/\/www.salzkammergut-golf.at\">www.salzkammergut-golf.at<\/a>\r\n\r\n<strong>E-Mail:\u00a0<\/strong><a href=\"mailto:office@salzkammergut-golf.at\">office@salzkammergut-golf.at<\/a>\r\n\r\n<strong>Spielbahnen\/Par:<\/strong> 18\/71\r\n\r\n<strong>L\u00e4nge:<\/strong> gelb: 5.406 m\/rot: 4.707 m\r\n\r\n<strong>Bedingungen:<\/strong> Startzeitenreservierung notwendig!\r\n\r\n<strong>Anfahrt:<\/strong> Von Wien \u2192 A1 \u2192 Regau \u2192 Bad Ischl \u2192 Richtung Salzburg \u2192 Ampel \u2192 nach 2 km rechts \u2192 bis Parkplatz SGC. Von Salzburg \u2192 A1 \u2192 Thalgau \u2192 Kreisverkehr \u2192 Richtung Fuschl \/ St. Gilgen \u2192 Bad Ischl \u2192 nach ca. 5 km links zum Golfplatz.","partner_logo":2849,"partner_gallery":[2850,46811,46813],"partner_lat":47.718778,"partner_long":13.558386,"partner_type":"golfclub","partner_openings":["1","2","3","4","5","6","7"],"montag_von_bis":"00:00 - 24:00","dienstag_von_bis":"00:00 - 24:00","mittwoch_von_bis":"00:00 - 24:00","donnerstag_von_bis":"00:00 - 24:00","freitag_von_bis":"00:00 - 24:00","samstag_von_bis":"00:00 - 24:00","sonntag_von_bis":"00:00 - 24:00","partner_adresse":"Wirling 37, 5360 St. Wolfgang im Salzkammergut","partner_land_bundesland":"Ober\u00f6sterreich","partner_tel_1":"0043 6132 26340","partner_tel_2":"0043 6132 26708","partner_web":"https:\/\/gcsalzkammergut.at\/","partner_mail":"office@salzkammergut-golf.at","partner_spielbahnen_par":"18\/71","partner_laenge":"gelb: 5.406 m\/rot: 4.707 m","partner_bedingungen":"","partner_anfahrt":"Von Wien \u2192 A1 \u2192 Regau \u2192 Bad Ischl \u2192 Richtung Salzburg \u2192 Ampel \u2192 nach 2 km rechts \u2192 bis Parkplatz SGC. Von Salzburg \u2192 A1 \u2192 Thalgau \u2192 Kreisverkehr \u2192 Richtung Fuschl \/ St. Gilgen \u2192 Bad Ischl \u2192 nach ca. 5 km links zum Golfplatz.","partner_misc":null,"additional_css_classes":""},"yoast_head":"<!-- This site is optimized with the Yoast SEO plugin v26.8 - https:\/\/yoast.com\/product\/yoast-seo-wordpress\/ -->\n<title>GC Salzkammergut - Fairway 2 Hotel<\/title>\n<meta name=\"robots\" content=\"index, follow, max-snippet:-1, max-image-preview:large, max-video-preview:-1\" \/>\n<link rel=\"canonical\" href=\"https:\/\/fairway2hotel.at\/en\/golfclubs\/oberoesterreich\/golfclub-salzkammergut\/\" \/>\n<meta property=\"og:locale\" content=\"en_US\" \/>\n<meta property=\"og:type\" content=\"article\" \/>\n<meta property=\"og:title\" content=\"GC Salzkammergut - Fairway 2 Hotel\" \/>\n<meta property=\"og:description\" content=\"Golf, wo es am sch\u00f6nsten ist. Zwischen Bad Ischl und St. Wolfgang liegt der 1933 gegr\u00fcndete Golfclub Salzkammergut malerisch inmitten intakter Natur und grandioser Kulisse! Der traditionsreiche Club bietet dem Gast neben einer wunderbaren Aussicht auf die umliegenden Berge auch ein technisch anspruchsvolles und abwechslungsreiches Spiel. Nicht fashionable und nicht snobby \u2013 aber unheimlich liebenswert. [&hellip;]\" \/>\n<meta property=\"og:url\" content=\"https:\/\/fairway2hotel.at\/en\/golfclubs\/oberoesterreich\/golfclub-salzkammergut\/\" \/>\n<meta property=\"og:site_name\" content=\"Fairway 2 Hotel\" \/>\n<meta property=\"article:modified_time\" content=\"2026-04-08T12:06:51+00:00\" \/>\n<meta name=\"twitter:card\" content=\"summary_large_image\" \/>\n<meta name=\"twitter:label1\" content=\"Est. reading time\" \/>\n\t<meta name=\"twitter:data1\" content=\"2 minutes\" \/>\n<script type=\"application\/ld+json\" class=\"yoast-schema-graph\">{\"@context\":\"https:\/\/schema.org\",\"@graph\":[{\"@type\":\"WebPage\",\"@id\":\"https:\/\/fairway2hotel.at\/en\/golfclubs\/oberoesterreich\/golfclub-salzkammergut\/\",\"url\":\"https:\/\/fairway2hotel.at\/en\/golfclubs\/oberoesterreich\/golfclub-salzkammergut\/\",\"name\":\"GC Salzkammergut - Fairway 2 Hotel\",\"isPartOf\":{\"@id\":\"https:\/\/fairway2hotel.at\/en\/#website\"},\"datePublished\":\"2020-10-20T18:56:41+00:00\",\"dateModified\":\"2026-04-08T12:06:51+00:00\",\"breadcrumb\":{\"@id\":\"https:\/\/fairway2hotel.at\/en\/golfclubs\/oberoesterreich\/golfclub-salzkammergut\/#breadcrumb\"},\"inLanguage\":\"en-US\",\"potentialAction\":[{\"@type\":\"ReadAction\",\"target\":[\"https:\/\/fairway2hotel.at\/en\/golfclubs\/oberoesterreich\/golfclub-salzkammergut\/\"]}]},{\"@type\":\"BreadcrumbList\",\"@id\":\"https:\/\/fairway2hotel.at\/en\/golfclubs\/oberoesterreich\/golfclub-salzkammergut\/#breadcrumb\",\"itemListElement\":[{\"@type\":\"ListItem\",\"position\":1,\"name\":\"Home\",\"item\":\"https:\/\/fairway2hotel.at\/en\/\"},{\"@type\":\"ListItem\",\"position\":2,\"name\":\"Golfclubs\",\"item\":\"https:\/\/fairway2hotel.at\/en\/golfclubs\/\"},{\"@type\":\"ListItem\",\"position\":3,\"name\":\"Golfclubs Ober\u00f6sterreich\",\"item\":\"https:\/\/fairway2hotel.at\/en\/golfclubs\/oberoesterreich\/\"},{\"@type\":\"ListItem\",\"position\":4,\"name\":\"GC Salzkammergut\"}]},{\"@type\":\"WebSite\",\"@id\":\"https:\/\/fairway2hotel.at\/en\/#website\",\"url\":\"https:\/\/fairway2hotel.at\/en\/\",\"name\":\"Fairway 2 Hotel\",\"description\":\"Golf at half price! 2 play - 1 pays\",\"potentialAction\":[{\"@type\":\"SearchAction\",\"target\":{\"@type\":\"EntryPoint\",\"urlTemplate\":\"https:\/\/fairway2hotel.at\/en\/?s={search_term_string}\"},\"query-input\":{\"@type\":\"PropertyValueSpecification\",\"valueRequired\":true,\"valueName\":\"search_term_string\"}}],\"inLanguage\":\"en-US\"}]}<\/script>\n<!-- \/ Yoast SEO plugin. -->","yoast_head_json":{"title":"GC Salzkammergut - Fairway 2 Hotel","robots":{"index":"index","follow":"follow","max-snippet":"max-snippet:-1","max-image-preview":"max-image-preview:large","max-video-preview":"max-video-preview:-1"},"canonical":"https:\/\/fairway2hotel.at\/en\/golfclubs\/oberoesterreich\/golfclub-salzkammergut\/","og_locale":"en_US","og_type":"article","og_title":"GC Salzkammergut - Fairway 2 Hotel","og_description":"Golf, wo es am sch\u00f6nsten ist. Zwischen Bad Ischl und St. Wolfgang liegt der 1933 gegr\u00fcndete Golfclub Salzkammergut malerisch inmitten intakter Natur und grandioser Kulisse! Der traditionsreiche Club bietet dem Gast neben einer wunderbaren Aussicht auf die umliegenden Berge auch ein technisch anspruchsvolles und abwechslungsreiches Spiel. Nicht fashionable und nicht snobby \u2013 aber unheimlich liebenswert. [&hellip;]","og_url":"https:\/\/fairway2hotel.at\/en\/golfclubs\/oberoesterreich\/golfclub-salzkammergut\/","og_site_name":"Fairway 2 Hotel","article_modified_time":"2026-04-08T12:06:51+00:00","twitter_card":"summary_large_image","twitter_misc":{"Est. reading time":"2 minutes"},"schema":{"@context":"https:\/\/schema.org","@graph":[{"@type":"WebPage","@id":"https:\/\/fairway2hotel.at\/en\/golfclubs\/oberoesterreich\/golfclub-salzkammergut\/","url":"https:\/\/fairway2hotel.at\/en\/golfclubs\/oberoesterreich\/golfclub-salzkammergut\/","name":"GC Salzkammergut - Fairway 2 Hotel","isPartOf":{"@id":"https:\/\/fairway2hotel.at\/en\/#website"},"datePublished":"2020-10-20T18:56:41+00:00","dateModified":"2026-04-08T12:06:51+00:00","breadcrumb":{"@id":"https:\/\/fairway2hotel.at\/en\/golfclubs\/oberoesterreich\/golfclub-salzkammergut\/#breadcrumb"},"inLanguage":"en-US","potentialAction":[{"@type":"ReadAction","target":["https:\/\/fairway2hotel.at\/en\/golfclubs\/oberoesterreich\/golfclub-salzkammergut\/"]}]},{"@type":"BreadcrumbList","@id":"https:\/\/fairway2hotel.at\/en\/golfclubs\/oberoesterreich\/golfclub-salzkammergut\/#breadcrumb","itemListElement":[{"@type":"ListItem","position":1,"name":"Home","item":"https:\/\/fairway2hotel.at\/en\/"},{"@type":"ListItem","position":2,"name":"Golfclubs","item":"https:\/\/fairway2hotel.at\/en\/golfclubs\/"},{"@type":"ListItem","position":3,"name":"Golfclubs Ober\u00f6sterreich","item":"https:\/\/fairway2hotel.at\/en\/golfclubs\/oberoesterreich\/"},{"@type":"ListItem","position":4,"name":"GC Salzkammergut"}]},{"@type":"WebSite","@id":"https:\/\/fairway2hotel.at\/en\/#website","url":"https:\/\/fairway2hotel.at\/en\/","name":"Fairway 2 Hotel","description":"Golf at half price! 2 play - 1 pays","potentialAction":[{"@type":"SearchAction","target":{"@type":"EntryPoint","urlTemplate":"https:\/\/fairway2hotel.at\/en\/?s={search_term_string}"},"query-input":{"@type":"PropertyValueSpecification","valueRequired":true,"valueName":"search_term_string"}}],"inLanguage":"en-US"}]}},"_links":{"self":[{"href":"https:\/\/fairway2hotel.at\/en\/wp-json\/wp\/v2\/pages\/2848","targetHints":{"allow":["GET"]}}],"collection":[{"href":"https:\/\/fairway2hotel.at\/en\/wp-json\/wp\/v2\/pages"}],"about":[{"href":"https:\/\/fairway2hotel.at\/en\/wp-json\/wp\/v2\/types\/page"}],"author":[{"embeddable":true,"href":"https:\/\/fairway2hotel.at\/en\/wp-json\/wp\/v2\/users\/3"}],"replies":[{"embeddable":true,"href":"https:\/\/fairway2hotel.at\/en\/wp-json\/wp\/v2\/comments?post=2848"}],"version-history":[{"count":7,"href":"https:\/\/fairway2hotel.at\/en\/wp-json\/wp\/v2\/pages\/2848\/revisions"}],"predecessor-version":[{"id":53678,"href":"https:\/\/fairway2hotel.at\/en\/wp-json\/wp\/v2\/pages\/2848\/revisions\/53678"}],"up":[{"embeddable":true,"href":"https:\/\/fairway2hotel.at\/en\/wp-json\/wp\/v2\/pages\/1473"}],"acf:attachment":[{"embeddable":true,"href":"https:\/\/fairway2hotel.at\/en\/wp-json\/wp\/v2\/media\/46813"},{"embeddable":true,"href":"https:\/\/fairway2hotel.at\/en\/wp-json\/wp\/v2\/media\/46811"},{"embeddable":true,"href":"https:\/\/fairway2hotel.at\/en\/wp-json\/wp\/v2\/media\/2850"}],"wp:attachment":[{"href":"https:\/\/fairway2hotel.at\/en\/wp-json\/wp\/v2\/media?parent=2848"}],"curies":[{"name":"wp","href":"https:\/\/api.w.org\/{rel}","templated":true}]}}