{"id":2857,"date":"2020-10-20T21:09:27","date_gmt":"2020-10-20T19:09:27","guid":{"rendered":"https:\/\/f2h.52five.com\/?page_id=2857"},"modified":"2026-01-06T16:21:43","modified_gmt":"2026-01-06T15:21:43","slug":"gc-nationalpark-hohe-tauern","status":"publish","type":"page","link":"https:\/\/fairway2hotel.at\/en\/golfclubs\/salzburg\/gc-nationalpark-hohe-tauern\/","title":{"rendered":"GC Nationalpark Hohe Tauern"},"content":{"rendered":"<h2>Der Nationalpark Hohe Tauern \u2013 die Kitzb\u00fchler Alpen \u2013 und mittendrin der GC Nationalpark Hohe Tauern \u2013 und weitere 11 Golfpl\u00e4tze rundherum! \u2013 Golferherz was willst du mehr?<\/h2>\n<p>Eine 18-Loch-Anlage \u2013 Par 70, alte Heustadel in flachem Gel\u00e4nde, Doglegs, Teiche, ein kleiner Bach, der Sie die gesamte Runde begleitet und als kr\u00f6nender Abschluss ein Par 3 Inselgr\u00fcn \u2013 direkt vor der sonnigen Clubhausterrasse; danach im Clubhaus \u2013 kulinarische Leckerbissen und rundherum \u2013 die Salzburger Bergwelt. Weiters eine gro\u00dfz\u00fcgige Drivingrange mit Pitching- und Puttinggr\u00fcns, eine Golfschule, ein Proshop, Umkleider\u00e4ume, Duschanlagen und ein professionelles Sekretariat \u2013 funktionell und praktisch, und das Wichtigste von allem \u2013 Sie! Denn Ihre Zufriedenheit ist unser Erfolg! Hunde am Platz willkommen!<\/p>\n<h2>The Hohe Tauern National Park &#8211; the Kitzb\u00fchel Alps &#8211; and right in the middle of it all, the GC Nationalpark Hohe Tauern &#8211; and a further 11 golf courses all around! &#8211; What more could a golfer&#8217;s heart want?<\/h2>\n<p>An 18-hole course &#8211; par 70, old hay barns in flat terrain, doglegs, ponds, a small stream that accompanies you the entire round and as the crowning glory a par 3 island green &#8211; directly in front of the sunny clubhouse terrace; afterwards in the clubhouse &#8211; culinary delicacies and all around &#8211; the Salzburg mountains. Furthermore, a spacious driving range with pitching and putting greens, a golf school, a pro shop, changing rooms, shower facilities and a professional secretariat &#8211; functional and practical, and the most important thing of all &#8211; you! Because your satisfaction is our success! Dogs welcome on the course!<\/p>\n","protected":false},"excerpt":{"rendered":"<p>Der Nationalpark Hohe Tauern \u2013 die Kitzb\u00fchler Alpen \u2013 und mittendrin der GC Nationalpark Hohe Tauern \u2013 und weitere 11 Golfpl\u00e4tze rundherum! \u2013 Golferherz was willst du mehr? Eine 18-Loch-Anlage \u2013 Par 70, alte Heustadel in flachem Gel\u00e4nde, Doglegs, Teiche, ein kleiner Bach, der Sie die gesamte Runde begleitet und als kr\u00f6nender Abschluss ein Par [&hellip;]<\/p>\n","protected":false},"author":3,"featured_media":0,"parent":1567,"menu_order":20,"comment_status":"closed","ping_status":"closed","template":"page-partner.php","meta":{"_acf_changed":false,"footnotes":""},"class_list":["post-2857","page","type-page","status-publish","hentry"],"acf":{"partner_infobox":"<strong>Adresse:<\/strong> Felben 133 5730 Mittersill\r\n\r\n<strong>Tel.:<\/strong> +43 6562\/5700\r\n\r\n<strong>Fax:<\/strong> +43 6562\/5700-10\r\n\r\n<strong>Homepage: <\/strong><a href=\"http:\/\/www.gc-hohetauern.at\">www.gc-hohetauern.at<\/a>\r\n\r\n<strong>E-Mail:<\/strong> <a href=\"mailto:info@gc-hohetauern.at\">info@gc-hohetauern.at<\/a>\r\n\r\n<strong>Spielbahnen\/Par:<\/strong> 18\/70\r\n\r\n<strong>L\u00e4nge:<\/strong> gelb: 5.720 m\/rot: 5.056 m\r\n\r\n<strong>Bedingungen:<\/strong> Gutscheine einl\u00f6sbar Mo\u2013So, ausgehend vom regul\u00e4ren Greenfeepreis..\r\n\r\n<strong>Anfahrt:<\/strong> 25 km von Kitzb\u00fchel \u00fcber Pass Thurn, Felbertauernstra\u00dfe bei der 2. Ausfahrt rechts abbiegen \/ 25 km von Zell am See, in Stuhlfelden links abbiegen\/25 km von Krimml (Gerlosstra\u00dfe)\/67 km von Lienz\/Osttirol","partner_logo":2858,"partner_gallery":[52267,2859,52268,52269,52270],"partner_lat":47.281469,"partner_long":12.505109,"partner_type":"golfclub","partner_openings":["1","2","3","4","5","6","7"],"montag_von_bis":"00:00 - 24:00","dienstag_von_bis":"00:00 - 24:00","mittwoch_von_bis":"00:00 - 24:00","donnerstag_von_bis":"00:00 - 24:00","freitag_von_bis":"00:00 - 24:00","samstag_von_bis":"00:00 - 24:00","sonntag_von_bis":"00:00 - 24:00","partner_adresse":"Felben 133, 5730 Mittersill","partner_land_bundesland":"Salzburg","partner_tel_1":"","partner_tel_2":"0043 6562 5700 10","partner_web":"https:\/\/www.golfclub-nationalpark-hohetauern.at\/","partner_mail":"info@gc-hohetauern.at","partner_spielbahnen_par":"18\/70","partner_laenge":"gelb: 5.720 m\/rot: 5.056 m","partner_bedingungen":"","partner_anfahrt":"25 km von Kitzb\u00fchel \u00fcber Pass Thurn, Felbertauernstra\u00dfe bei der 2. Ausfahrt rechts abbiegen \/ 25 km von Zell am See, in Stuhlfelden links abbiegen\/25 km von Krimml (Gerlosstra\u00dfe)\/67 km von Lienz\/Osttirol","partner_misc":null,"additional_css_classes":""},"yoast_head":"<!-- This site is optimized with the Yoast SEO plugin v26.8 - https:\/\/yoast.com\/product\/yoast-seo-wordpress\/ -->\n<title>GC Nationalpark Hohe Tauern - Fairway 2 Hotel<\/title>\n<meta name=\"robots\" content=\"index, follow, max-snippet:-1, max-image-preview:large, max-video-preview:-1\" \/>\n<link rel=\"canonical\" href=\"https:\/\/fairway2hotel.at\/en\/golfclubs\/salzburg\/gc-nationalpark-hohe-tauern\/\" \/>\n<meta property=\"og:locale\" content=\"en_US\" \/>\n<meta property=\"og:type\" content=\"article\" \/>\n<meta property=\"og:title\" content=\"GC Nationalpark Hohe Tauern - Fairway 2 Hotel\" \/>\n<meta property=\"og:description\" content=\"Der Nationalpark Hohe Tauern \u2013 die Kitzb\u00fchler Alpen \u2013 und mittendrin der GC Nationalpark Hohe Tauern \u2013 und weitere 11 Golfpl\u00e4tze rundherum! \u2013 Golferherz was willst du mehr? Eine 18-Loch-Anlage \u2013 Par 70, alte Heustadel in flachem Gel\u00e4nde, Doglegs, Teiche, ein kleiner Bach, der Sie die gesamte Runde begleitet und als kr\u00f6nender Abschluss ein Par [&hellip;]\" \/>\n<meta property=\"og:url\" content=\"https:\/\/fairway2hotel.at\/en\/golfclubs\/salzburg\/gc-nationalpark-hohe-tauern\/\" \/>\n<meta property=\"og:site_name\" content=\"Fairway 2 Hotel\" \/>\n<meta property=\"article:modified_time\" content=\"2026-01-06T15:21:43+00:00\" \/>\n<meta name=\"twitter:card\" content=\"summary_large_image\" \/>\n<meta name=\"twitter:label1\" content=\"Est. reading time\" \/>\n\t<meta name=\"twitter:data1\" content=\"2 minutes\" \/>\n<script type=\"application\/ld+json\" class=\"yoast-schema-graph\">{\"@context\":\"https:\/\/schema.org\",\"@graph\":[{\"@type\":\"WebPage\",\"@id\":\"https:\/\/fairway2hotel.at\/en\/golfclubs\/salzburg\/gc-nationalpark-hohe-tauern\/\",\"url\":\"https:\/\/fairway2hotel.at\/en\/golfclubs\/salzburg\/gc-nationalpark-hohe-tauern\/\",\"name\":\"GC Nationalpark Hohe Tauern - Fairway 2 Hotel\",\"isPartOf\":{\"@id\":\"https:\/\/fairway2hotel.at\/en\/#website\"},\"datePublished\":\"2020-10-20T19:09:27+00:00\",\"dateModified\":\"2026-01-06T15:21:43+00:00\",\"breadcrumb\":{\"@id\":\"https:\/\/fairway2hotel.at\/en\/golfclubs\/salzburg\/gc-nationalpark-hohe-tauern\/#breadcrumb\"},\"inLanguage\":\"en-US\",\"potentialAction\":[{\"@type\":\"ReadAction\",\"target\":[\"https:\/\/fairway2hotel.at\/en\/golfclubs\/salzburg\/gc-nationalpark-hohe-tauern\/\"]}]},{\"@type\":\"BreadcrumbList\",\"@id\":\"https:\/\/fairway2hotel.at\/en\/golfclubs\/salzburg\/gc-nationalpark-hohe-tauern\/#breadcrumb\",\"itemListElement\":[{\"@type\":\"ListItem\",\"position\":1,\"name\":\"Home\",\"item\":\"https:\/\/fairway2hotel.at\/en\/\"},{\"@type\":\"ListItem\",\"position\":2,\"name\":\"Golfclubs\",\"item\":\"https:\/\/fairway2hotel.at\/en\/golfclubs\/\"},{\"@type\":\"ListItem\",\"position\":3,\"name\":\"Golfclubs Salzburg\",\"item\":\"https:\/\/fairway2hotel.at\/en\/golfclubs\/salzburg\/\"},{\"@type\":\"ListItem\",\"position\":4,\"name\":\"GC Nationalpark Hohe Tauern\"}]},{\"@type\":\"WebSite\",\"@id\":\"https:\/\/fairway2hotel.at\/en\/#website\",\"url\":\"https:\/\/fairway2hotel.at\/en\/\",\"name\":\"Fairway 2 Hotel\",\"description\":\"Golf at half price! 2 play - 1 pays\",\"potentialAction\":[{\"@type\":\"SearchAction\",\"target\":{\"@type\":\"EntryPoint\",\"urlTemplate\":\"https:\/\/fairway2hotel.at\/en\/?s={search_term_string}\"},\"query-input\":{\"@type\":\"PropertyValueSpecification\",\"valueRequired\":true,\"valueName\":\"search_term_string\"}}],\"inLanguage\":\"en-US\"}]}<\/script>\n<!-- \/ Yoast SEO plugin. -->","yoast_head_json":{"title":"GC Nationalpark Hohe Tauern - Fairway 2 Hotel","robots":{"index":"index","follow":"follow","max-snippet":"max-snippet:-1","max-image-preview":"max-image-preview:large","max-video-preview":"max-video-preview:-1"},"canonical":"https:\/\/fairway2hotel.at\/en\/golfclubs\/salzburg\/gc-nationalpark-hohe-tauern\/","og_locale":"en_US","og_type":"article","og_title":"GC Nationalpark Hohe Tauern - Fairway 2 Hotel","og_description":"Der Nationalpark Hohe Tauern \u2013 die Kitzb\u00fchler Alpen \u2013 und mittendrin der GC Nationalpark Hohe Tauern \u2013 und weitere 11 Golfpl\u00e4tze rundherum! \u2013 Golferherz was willst du mehr? Eine 18-Loch-Anlage \u2013 Par 70, alte Heustadel in flachem Gel\u00e4nde, Doglegs, Teiche, ein kleiner Bach, der Sie die gesamte Runde begleitet und als kr\u00f6nender Abschluss ein Par [&hellip;]","og_url":"https:\/\/fairway2hotel.at\/en\/golfclubs\/salzburg\/gc-nationalpark-hohe-tauern\/","og_site_name":"Fairway 2 Hotel","article_modified_time":"2026-01-06T15:21:43+00:00","twitter_card":"summary_large_image","twitter_misc":{"Est. reading time":"2 minutes"},"schema":{"@context":"https:\/\/schema.org","@graph":[{"@type":"WebPage","@id":"https:\/\/fairway2hotel.at\/en\/golfclubs\/salzburg\/gc-nationalpark-hohe-tauern\/","url":"https:\/\/fairway2hotel.at\/en\/golfclubs\/salzburg\/gc-nationalpark-hohe-tauern\/","name":"GC Nationalpark Hohe Tauern - Fairway 2 Hotel","isPartOf":{"@id":"https:\/\/fairway2hotel.at\/en\/#website"},"datePublished":"2020-10-20T19:09:27+00:00","dateModified":"2026-01-06T15:21:43+00:00","breadcrumb":{"@id":"https:\/\/fairway2hotel.at\/en\/golfclubs\/salzburg\/gc-nationalpark-hohe-tauern\/#breadcrumb"},"inLanguage":"en-US","potentialAction":[{"@type":"ReadAction","target":["https:\/\/fairway2hotel.at\/en\/golfclubs\/salzburg\/gc-nationalpark-hohe-tauern\/"]}]},{"@type":"BreadcrumbList","@id":"https:\/\/fairway2hotel.at\/en\/golfclubs\/salzburg\/gc-nationalpark-hohe-tauern\/#breadcrumb","itemListElement":[{"@type":"ListItem","position":1,"name":"Home","item":"https:\/\/fairway2hotel.at\/en\/"},{"@type":"ListItem","position":2,"name":"Golfclubs","item":"https:\/\/fairway2hotel.at\/en\/golfclubs\/"},{"@type":"ListItem","position":3,"name":"Golfclubs Salzburg","item":"https:\/\/fairway2hotel.at\/en\/golfclubs\/salzburg\/"},{"@type":"ListItem","position":4,"name":"GC Nationalpark Hohe Tauern"}]},{"@type":"WebSite","@id":"https:\/\/fairway2hotel.at\/en\/#website","url":"https:\/\/fairway2hotel.at\/en\/","name":"Fairway 2 Hotel","description":"Golf at half price! 2 play - 1 pays","potentialAction":[{"@type":"SearchAction","target":{"@type":"EntryPoint","urlTemplate":"https:\/\/fairway2hotel.at\/en\/?s={search_term_string}"},"query-input":{"@type":"PropertyValueSpecification","valueRequired":true,"valueName":"search_term_string"}}],"inLanguage":"en-US"}]}},"_links":{"self":[{"href":"https:\/\/fairway2hotel.at\/en\/wp-json\/wp\/v2\/pages\/2857","targetHints":{"allow":["GET"]}}],"collection":[{"href":"https:\/\/fairway2hotel.at\/en\/wp-json\/wp\/v2\/pages"}],"about":[{"href":"https:\/\/fairway2hotel.at\/en\/wp-json\/wp\/v2\/types\/page"}],"author":[{"embeddable":true,"href":"https:\/\/fairway2hotel.at\/en\/wp-json\/wp\/v2\/users\/3"}],"replies":[{"embeddable":true,"href":"https:\/\/fairway2hotel.at\/en\/wp-json\/wp\/v2\/comments?post=2857"}],"version-history":[{"count":12,"href":"https:\/\/fairway2hotel.at\/en\/wp-json\/wp\/v2\/pages\/2857\/revisions"}],"predecessor-version":[{"id":52271,"href":"https:\/\/fairway2hotel.at\/en\/wp-json\/wp\/v2\/pages\/2857\/revisions\/52271"}],"up":[{"embeddable":true,"href":"https:\/\/fairway2hotel.at\/en\/wp-json\/wp\/v2\/pages\/1567"}],"acf:attachment":[{"embeddable":true,"href":"https:\/\/fairway2hotel.at\/en\/wp-json\/wp\/v2\/media\/52270"},{"embeddable":true,"href":"https:\/\/fairway2hotel.at\/en\/wp-json\/wp\/v2\/media\/52269"},{"embeddable":true,"href":"https:\/\/fairway2hotel.at\/en\/wp-json\/wp\/v2\/media\/52268"},{"embeddable":true,"href":"https:\/\/fairway2hotel.at\/en\/wp-json\/wp\/v2\/media\/2859"},{"embeddable":true,"href":"https:\/\/fairway2hotel.at\/en\/wp-json\/wp\/v2\/media\/52267"}],"wp:attachment":[{"href":"https:\/\/fairway2hotel.at\/en\/wp-json\/wp\/v2\/media?parent=2857"}],"curies":[{"name":"wp","href":"https:\/\/api.w.org\/{rel}","templated":true}]}}