{"id":2863,"date":"2020-10-20T21:14:18","date_gmt":"2020-10-20T19:14:18","guid":{"rendered":"https:\/\/f2h.52five.com\/?page_id=2863"},"modified":"2026-03-31T09:26:54","modified_gmt":"2026-03-31T07:26:54","slug":"gc-salzburg-klessheim","status":"publish","type":"page","link":"https:\/\/fairway2hotel.at\/en\/golfclubs\/salzburg\/gc-salzburg-klessheim\/","title":{"rendered":"GC Salzburg-Klessheim"},"content":{"rendered":"<h2>Golf &amp; Country Club Salzburg-Klessheim \u2013 die Salzburger Golfperle<\/h2>\n<p>Die Kombination aus Jahrzehnte altem Baumbestand und herausfordernder Golfanlage ist ein \u201eMuss\u201c f\u00fcr jeden Golfer. Der Charme des 1955 gegr\u00fcndeten Golf- &amp; Country Clubs Salzburg-Klessheim ist bereits bei der Anfahrt zu sp\u00fcren \u2013 Tradition ist hier nicht (nur) im Sinne der geschichtstr\u00e4chtigen Anlage zu verstehen, sondern vor allem im Sinne der gelebten Vereinskultur. Der park\u00e4hnliche Charakter mit dem alten Baumbestand des Schlossparks verleiht dem 9-Loch-Platz sein besonderes Ambiente. Hier findet man eine Perle von Robertz Trent jun. in der Golflandschaft Salzburgs. Auch die Ben\u00fctzung des Swimmingpools ist unseren Greenfeeg\u00e4sten erlaubt. Es erwartet Sie ein sportliches Spiel in stilvollem Ambiente.<\/p>\n<h2>Golf &amp; Country Club Salzburg-Klessheim &#8211; Salzburg&#8217;s golfing pearl<\/h2>\n<p>The combination of decades-old trees and a challenging golf course is a \u2018must\u2019 for every golfer. The charm of the Salzburg-Klessheim Golf &amp; Country Club, founded in 1955, can be felt as soon as you arrive &#8211; tradition is not (only) understood here in the sense of the historic course, but above all in the sense of the club culture. The park-like character with the old trees of the castle park gives the 9-hole course its special ambience. This is one of Robertz Trent jun.&#8217;s jewels in the Salzburg golfing landscape. Our green fee guests are also allowed to use the swimming pool. A sporting game in a stylish ambience awaits you.<\/p>\n","protected":false},"excerpt":{"rendered":"<p>Golf &amp; Country Club Salzburg-Klessheim \u2013 die Salzburger Golfperle Die Kombination aus Jahrzehnte altem Baumbestand und herausfordernder Golfanlage ist ein \u201eMuss\u201c f\u00fcr jeden Golfer. Der Charme des 1955 gegr\u00fcndeten Golf- &amp; Country Clubs Salzburg-Klessheim ist bereits bei der Anfahrt zu sp\u00fcren \u2013 Tradition ist hier nicht (nur) im Sinne der geschichtstr\u00e4chtigen Anlage zu verstehen, sondern [&hellip;]<\/p>\n","protected":false},"author":3,"featured_media":0,"parent":1567,"menu_order":30,"comment_status":"closed","ping_status":"closed","template":"page-partner.php","meta":{"_acf_changed":false,"footnotes":""},"class_list":["post-2863","page","type-page","status-publish","hentry"],"acf":{"partner_infobox":"<strong>Adresse:<\/strong> Kle\u00dfheim 21 5071 Wals\r\n\r\n<strong>Tel.:<\/strong> +43 662 850851\r\n\r\n<strong>Homepage: <\/strong><a href=\"http:\/\/www.golfclub-klessheim.com\">www.golfclub-klessheim.com<\/a>\r\n\r\n<strong>E-Mail: <\/strong><a href=\"mailto:office@golfclub-klessheim.com\">office@golfclub-klessheim.com<\/a>\r\n\r\n<strong>Spielbahnen\/Par:<\/strong> 9\/70\r\n\r\n<strong>L\u00e4nge:<\/strong> gelb: 5.690 m\/rot: 4.746 m\r\n\r\n<strong>Bedingungen:<\/strong> MO\u2013FR 9.00 Uhr-16.00 Uhr Tagesgreenfee\r\n\r\n<strong>Anfahrt:<\/strong> In Salzburg: Abfahrt Kle\u00dfheim-Europark -Richtung Schloss-Beschilderung folgen.","partner_logo":2867,"partner_gallery":[2865,47123,47127],"partner_lat":47.820532,"partner_long":12.994106,"partner_type":"golfclub","partner_openings":["1","2","3","4","5"],"montag_von_bis":"09:00 - 16:00","dienstag_von_bis":"09:00 - 16:00","mittwoch_von_bis":"09:00 - 16:00","donnerstag_von_bis":"09:00 - 16:00","freitag_von_bis":"09:00 - 16:00","samstag_von_bis":"00:00 - 24:00","sonntag_von_bis":"00:00 - 24:00","partner_adresse":"Kle\u00dfheim 21, 5071 Wals","partner_land_bundesland":"Salzburg","partner_tel_1":"","partner_tel_2":"0043 662 850851","partner_web":"http:\/\/www.golfclub-klessheim.com","partner_mail":"office@golfclub-klessheim.com","partner_spielbahnen_par":"9\/70","partner_laenge":"gelb: 5.690 m\/rot: 4.746 m","partner_bedingungen":"MO\u2013FR 9.00 Uhr-16.00 Uhr \r\nMon-Fri 9.00 am - 4.00 p.m.","partner_anfahrt":"In Salzburg: Abfahrt Kle\u00dfheim-Europark -Richtung Schloss-Beschilderung folgen.","partner_misc":null,"additional_css_classes":""},"yoast_head":"<!-- This site is optimized with the Yoast SEO plugin v26.8 - https:\/\/yoast.com\/product\/yoast-seo-wordpress\/ -->\n<title>GC Salzburg-Klessheim - Fairway 2 Hotel<\/title>\n<meta name=\"robots\" content=\"index, follow, max-snippet:-1, max-image-preview:large, max-video-preview:-1\" \/>\n<link rel=\"canonical\" href=\"https:\/\/fairway2hotel.at\/en\/golfclubs\/salzburg\/gc-salzburg-klessheim\/\" \/>\n<meta property=\"og:locale\" content=\"en_US\" \/>\n<meta property=\"og:type\" content=\"article\" \/>\n<meta property=\"og:title\" content=\"GC Salzburg-Klessheim - Fairway 2 Hotel\" \/>\n<meta property=\"og:description\" content=\"Golf &amp; Country Club Salzburg-Klessheim \u2013 die Salzburger Golfperle Die Kombination aus Jahrzehnte altem Baumbestand und herausfordernder Golfanlage ist ein \u201eMuss\u201c f\u00fcr jeden Golfer. Der Charme des 1955 gegr\u00fcndeten Golf- &amp; Country Clubs Salzburg-Klessheim ist bereits bei der Anfahrt zu sp\u00fcren \u2013 Tradition ist hier nicht (nur) im Sinne der geschichtstr\u00e4chtigen Anlage zu verstehen, sondern [&hellip;]\" \/>\n<meta property=\"og:url\" content=\"https:\/\/fairway2hotel.at\/en\/golfclubs\/salzburg\/gc-salzburg-klessheim\/\" \/>\n<meta property=\"og:site_name\" content=\"Fairway 2 Hotel\" \/>\n<meta property=\"article:modified_time\" content=\"2026-03-31T07:26:54+00:00\" \/>\n<meta name=\"twitter:card\" content=\"summary_large_image\" \/>\n<meta name=\"twitter:label1\" content=\"Est. reading time\" \/>\n\t<meta name=\"twitter:data1\" content=\"2 minutes\" \/>\n<script type=\"application\/ld+json\" class=\"yoast-schema-graph\">{\"@context\":\"https:\/\/schema.org\",\"@graph\":[{\"@type\":\"WebPage\",\"@id\":\"https:\/\/fairway2hotel.at\/en\/golfclubs\/salzburg\/gc-salzburg-klessheim\/\",\"url\":\"https:\/\/fairway2hotel.at\/en\/golfclubs\/salzburg\/gc-salzburg-klessheim\/\",\"name\":\"GC Salzburg-Klessheim - Fairway 2 Hotel\",\"isPartOf\":{\"@id\":\"https:\/\/fairway2hotel.at\/en\/#website\"},\"datePublished\":\"2020-10-20T19:14:18+00:00\",\"dateModified\":\"2026-03-31T07:26:54+00:00\",\"breadcrumb\":{\"@id\":\"https:\/\/fairway2hotel.at\/en\/golfclubs\/salzburg\/gc-salzburg-klessheim\/#breadcrumb\"},\"inLanguage\":\"en-US\",\"potentialAction\":[{\"@type\":\"ReadAction\",\"target\":[\"https:\/\/fairway2hotel.at\/en\/golfclubs\/salzburg\/gc-salzburg-klessheim\/\"]}]},{\"@type\":\"BreadcrumbList\",\"@id\":\"https:\/\/fairway2hotel.at\/en\/golfclubs\/salzburg\/gc-salzburg-klessheim\/#breadcrumb\",\"itemListElement\":[{\"@type\":\"ListItem\",\"position\":1,\"name\":\"Home\",\"item\":\"https:\/\/fairway2hotel.at\/en\/\"},{\"@type\":\"ListItem\",\"position\":2,\"name\":\"Golfclubs\",\"item\":\"https:\/\/fairway2hotel.at\/en\/golfclubs\/\"},{\"@type\":\"ListItem\",\"position\":3,\"name\":\"Golfclubs Salzburg\",\"item\":\"https:\/\/fairway2hotel.at\/en\/golfclubs\/salzburg\/\"},{\"@type\":\"ListItem\",\"position\":4,\"name\":\"GC Salzburg-Klessheim\"}]},{\"@type\":\"WebSite\",\"@id\":\"https:\/\/fairway2hotel.at\/en\/#website\",\"url\":\"https:\/\/fairway2hotel.at\/en\/\",\"name\":\"Fairway 2 Hotel\",\"description\":\"Golf at half price! 2 play - 1 pays\",\"potentialAction\":[{\"@type\":\"SearchAction\",\"target\":{\"@type\":\"EntryPoint\",\"urlTemplate\":\"https:\/\/fairway2hotel.at\/en\/?s={search_term_string}\"},\"query-input\":{\"@type\":\"PropertyValueSpecification\",\"valueRequired\":true,\"valueName\":\"search_term_string\"}}],\"inLanguage\":\"en-US\"}]}<\/script>\n<!-- \/ Yoast SEO plugin. -->","yoast_head_json":{"title":"GC Salzburg-Klessheim - Fairway 2 Hotel","robots":{"index":"index","follow":"follow","max-snippet":"max-snippet:-1","max-image-preview":"max-image-preview:large","max-video-preview":"max-video-preview:-1"},"canonical":"https:\/\/fairway2hotel.at\/en\/golfclubs\/salzburg\/gc-salzburg-klessheim\/","og_locale":"en_US","og_type":"article","og_title":"GC Salzburg-Klessheim - Fairway 2 Hotel","og_description":"Golf &amp; Country Club Salzburg-Klessheim \u2013 die Salzburger Golfperle Die Kombination aus Jahrzehnte altem Baumbestand und herausfordernder Golfanlage ist ein \u201eMuss\u201c f\u00fcr jeden Golfer. Der Charme des 1955 gegr\u00fcndeten Golf- &amp; Country Clubs Salzburg-Klessheim ist bereits bei der Anfahrt zu sp\u00fcren \u2013 Tradition ist hier nicht (nur) im Sinne der geschichtstr\u00e4chtigen Anlage zu verstehen, sondern [&hellip;]","og_url":"https:\/\/fairway2hotel.at\/en\/golfclubs\/salzburg\/gc-salzburg-klessheim\/","og_site_name":"Fairway 2 Hotel","article_modified_time":"2026-03-31T07:26:54+00:00","twitter_card":"summary_large_image","twitter_misc":{"Est. reading time":"2 minutes"},"schema":{"@context":"https:\/\/schema.org","@graph":[{"@type":"WebPage","@id":"https:\/\/fairway2hotel.at\/en\/golfclubs\/salzburg\/gc-salzburg-klessheim\/","url":"https:\/\/fairway2hotel.at\/en\/golfclubs\/salzburg\/gc-salzburg-klessheim\/","name":"GC Salzburg-Klessheim - Fairway 2 Hotel","isPartOf":{"@id":"https:\/\/fairway2hotel.at\/en\/#website"},"datePublished":"2020-10-20T19:14:18+00:00","dateModified":"2026-03-31T07:26:54+00:00","breadcrumb":{"@id":"https:\/\/fairway2hotel.at\/en\/golfclubs\/salzburg\/gc-salzburg-klessheim\/#breadcrumb"},"inLanguage":"en-US","potentialAction":[{"@type":"ReadAction","target":["https:\/\/fairway2hotel.at\/en\/golfclubs\/salzburg\/gc-salzburg-klessheim\/"]}]},{"@type":"BreadcrumbList","@id":"https:\/\/fairway2hotel.at\/en\/golfclubs\/salzburg\/gc-salzburg-klessheim\/#breadcrumb","itemListElement":[{"@type":"ListItem","position":1,"name":"Home","item":"https:\/\/fairway2hotel.at\/en\/"},{"@type":"ListItem","position":2,"name":"Golfclubs","item":"https:\/\/fairway2hotel.at\/en\/golfclubs\/"},{"@type":"ListItem","position":3,"name":"Golfclubs Salzburg","item":"https:\/\/fairway2hotel.at\/en\/golfclubs\/salzburg\/"},{"@type":"ListItem","position":4,"name":"GC Salzburg-Klessheim"}]},{"@type":"WebSite","@id":"https:\/\/fairway2hotel.at\/en\/#website","url":"https:\/\/fairway2hotel.at\/en\/","name":"Fairway 2 Hotel","description":"Golf at half price! 2 play - 1 pays","potentialAction":[{"@type":"SearchAction","target":{"@type":"EntryPoint","urlTemplate":"https:\/\/fairway2hotel.at\/en\/?s={search_term_string}"},"query-input":{"@type":"PropertyValueSpecification","valueRequired":true,"valueName":"search_term_string"}}],"inLanguage":"en-US"}]}},"_links":{"self":[{"href":"https:\/\/fairway2hotel.at\/en\/wp-json\/wp\/v2\/pages\/2863","targetHints":{"allow":["GET"]}}],"collection":[{"href":"https:\/\/fairway2hotel.at\/en\/wp-json\/wp\/v2\/pages"}],"about":[{"href":"https:\/\/fairway2hotel.at\/en\/wp-json\/wp\/v2\/types\/page"}],"author":[{"embeddable":true,"href":"https:\/\/fairway2hotel.at\/en\/wp-json\/wp\/v2\/users\/3"}],"replies":[{"embeddable":true,"href":"https:\/\/fairway2hotel.at\/en\/wp-json\/wp\/v2\/comments?post=2863"}],"version-history":[{"count":10,"href":"https:\/\/fairway2hotel.at\/en\/wp-json\/wp\/v2\/pages\/2863\/revisions"}],"predecessor-version":[{"id":53522,"href":"https:\/\/fairway2hotel.at\/en\/wp-json\/wp\/v2\/pages\/2863\/revisions\/53522"}],"up":[{"embeddable":true,"href":"https:\/\/fairway2hotel.at\/en\/wp-json\/wp\/v2\/pages\/1567"}],"acf:attachment":[{"embeddable":true,"href":"https:\/\/fairway2hotel.at\/en\/wp-json\/wp\/v2\/media\/47127"},{"embeddable":true,"href":"https:\/\/fairway2hotel.at\/en\/wp-json\/wp\/v2\/media\/47123"},{"embeddable":true,"href":"https:\/\/fairway2hotel.at\/en\/wp-json\/wp\/v2\/media\/2865"}],"wp:attachment":[{"href":"https:\/\/fairway2hotel.at\/en\/wp-json\/wp\/v2\/media?parent=2863"}],"curies":[{"name":"wp","href":"https:\/\/api.w.org\/{rel}","templated":true}]}}