{"id":2875,"date":"2020-10-20T21:26:05","date_gmt":"2020-10-20T19:26:05","guid":{"rendered":"https:\/\/f2h.52five.com\/?page_id=2875"},"modified":"2025-11-05T16:11:59","modified_gmt":"2025-11-05T15:11:59","slug":"ferienhotel-kolmhof","status":"publish","type":"page","link":"https:\/\/fairway2hotel.at\/en\/hotels\/kaernten\/ferienhotel-kolmhof\/","title":{"rendered":"Ferienhotel Kolmhof"},"content":{"rendered":"<h2>Sehnsucht aus. Urlaub an.<\/h2>\n<p>Im Ferienhotel Kolmhof in den Nockbergen erwarten Sie paradiesische Voraussetzungen f\u00fcr Ihren Urlaub in Bad Kleinkirchheim. Die einzigartige Landschaft, glasklare Seen oder das weite Wanderwegenetz des UNESCOBiosph\u00e4renparks Nockberge. Hier l\u00e4sst man den Alltag Schritt f\u00fcr Schritt hinter sich. Und das Beste, in nur 10 \u2013 45 Minuten erreichen Sie eine der 12 top gepflegten Golfanlagen im 3-L\u00e4nder-Eck. F\u00fcr Tipps ist die golfbegeisterte Familie Lienert gerne f\u00fcr Sie erreichbar.<\/p>\n<h2>Longing off. Holiday on.<\/h2>\n<p>At the Kolmhof holiday hotel in the Nockberge mountains, you can expect paradisiacal conditions for your holiday in Bad Kleinkirchheim. The unique landscape, crystal-clear lakes or the extensive network of hiking trails in the UNESCO Nockberge Biosphere Reserve. Here you can leave everyday life behind you step by step. And best of all, in just 10 &#8211; 45 minutes you can reach one of the 12 well-maintained golf courses in the 3-country corner. The golf-enthusiastic Lienert family will be happy to give you tips.<\/p>\n","protected":false},"excerpt":{"rendered":"<p>Sehnsucht aus. Urlaub an. Im Ferienhotel Kolmhof in den Nockbergen erwarten Sie paradiesische Voraussetzungen f\u00fcr Ihren Urlaub in Bad Kleinkirchheim. Die einzigartige Landschaft, glasklare Seen oder das weite Wanderwegenetz des UNESCOBiosph\u00e4renparks Nockberge. Hier l\u00e4sst man den Alltag Schritt f\u00fcr Schritt hinter sich. Und das Beste, in nur 10 \u2013 45 Minuten erreichen Sie eine der [&hellip;]<\/p>\n","protected":false},"author":3,"featured_media":0,"parent":2175,"menu_order":0,"comment_status":"closed","ping_status":"closed","template":"page-partner.php","meta":{"_acf_changed":false,"footnotes":""},"class_list":["post-2875","page","type-page","status-publish","hentry"],"acf":{"partner_infobox":"<strong>Adresse:<\/strong> Dorfstr. 26 9546 Bad Kleinkirchheim\r\n\r\n<strong>Tel.:<\/strong> +43 (0) 4240\/216\r\n\r\n<strong>Homepage:<\/strong> <a href=\"http:\/\/www.kolmhof.at\">www.kolmhof.at<\/a>\r\n\r\n<strong>E-Mail:<\/strong> <a href=\"mailto:hotel@kolmhof.at\">hotel@kolmhof.at<\/a>\r\n\r\n<strong>Golfpl\u00e4tze in der Umgebung:<\/strong>\r\nGC Bad Kleinkirchheim 5 km\r\nGC Millst\u00e4tter See 24 km\r\n\r\n<strong>Bedingungen:<\/strong> Mitte Juli bis Mitte August erst 24 Stunden vor der Ankunft buchbar\r\n\r\n<strong>Anfahrt: <\/strong>von M\u00fcnchen: A10 \u2192 Abf. Spittal-Millst\u00e4tter See \u2192 Bad Kleinkirchheim; von Wien: A2 \u2192 Abfahrt Villach \u2192 Ossiacher See \u2192 Bad Kleinkirchheim","partner_logo":2876,"partner_gallery":[3743,47874,47876,47878],"partner_lat":46.812244,"partner_long":13.777616,"partner_type":"hotel","partner_openings":["1","2","3","4","5","6","7"],"montag_von_bis":"00:00 - 24:00","dienstag_von_bis":"00:00 - 24:00","mittwoch_von_bis":"00:00 - 24:00","donnerstag_von_bis":"00:00 - 24:00","freitag_von_bis":"00:00 - 24:00","samstag_von_bis":"00:00 - 24:00","sonntag_von_bis":"00:00 - 24:00","partner_adresse":"Dorfstr. 26 9546 Bad Kleinkirchheim","partner_land_bundesland":"","partner_tel_1":"+43 (0) 4240\/216","partner_tel_2":"","partner_web":"https:\/\/kolmhof.at","partner_mail":"hotel@kolmhof.at","partner_spielbahnen_par":"","partner_laenge":"","partner_bedingungen":"Mitte Juli bis Mitte August erst 24 Stunden vor der Ankunft buchbar\r\nMid-July to mid-August only bookable 24 hours before arrival","partner_anfahrt":"","partner_misc":null,"additional_css_classes":""},"yoast_head":"<!-- This site is optimized with the Yoast SEO plugin v26.8 - https:\/\/yoast.com\/product\/yoast-seo-wordpress\/ -->\n<title>Ferienhotel Kolmhof - Fairway 2 Hotel<\/title>\n<meta name=\"robots\" content=\"index, follow, max-snippet:-1, max-image-preview:large, max-video-preview:-1\" \/>\n<link rel=\"canonical\" href=\"https:\/\/fairway2hotel.at\/en\/hotels\/kaernten\/ferienhotel-kolmhof\/\" \/>\n<meta property=\"og:locale\" content=\"en_US\" \/>\n<meta property=\"og:type\" content=\"article\" \/>\n<meta property=\"og:title\" content=\"Ferienhotel Kolmhof - Fairway 2 Hotel\" \/>\n<meta property=\"og:description\" content=\"Sehnsucht aus. Urlaub an. Im Ferienhotel Kolmhof in den Nockbergen erwarten Sie paradiesische Voraussetzungen f\u00fcr Ihren Urlaub in Bad Kleinkirchheim. Die einzigartige Landschaft, glasklare Seen oder das weite Wanderwegenetz des UNESCOBiosph\u00e4renparks Nockberge. Hier l\u00e4sst man den Alltag Schritt f\u00fcr Schritt hinter sich. Und das Beste, in nur 10 \u2013 45 Minuten erreichen Sie eine der [&hellip;]\" \/>\n<meta property=\"og:url\" content=\"https:\/\/fairway2hotel.at\/en\/hotels\/kaernten\/ferienhotel-kolmhof\/\" \/>\n<meta property=\"og:site_name\" content=\"Fairway 2 Hotel\" \/>\n<meta property=\"article:modified_time\" content=\"2025-11-05T15:11:59+00:00\" \/>\n<meta name=\"twitter:card\" content=\"summary_large_image\" \/>\n<meta name=\"twitter:label1\" content=\"Est. reading time\" \/>\n\t<meta name=\"twitter:data1\" content=\"1 minute\" \/>\n<script type=\"application\/ld+json\" class=\"yoast-schema-graph\">{\"@context\":\"https:\/\/schema.org\",\"@graph\":[{\"@type\":\"WebPage\",\"@id\":\"https:\/\/fairway2hotel.at\/en\/hotels\/kaernten\/ferienhotel-kolmhof\/\",\"url\":\"https:\/\/fairway2hotel.at\/en\/hotels\/kaernten\/ferienhotel-kolmhof\/\",\"name\":\"Ferienhotel Kolmhof - Fairway 2 Hotel\",\"isPartOf\":{\"@id\":\"https:\/\/fairway2hotel.at\/en\/#website\"},\"datePublished\":\"2020-10-20T19:26:05+00:00\",\"dateModified\":\"2025-11-05T15:11:59+00:00\",\"breadcrumb\":{\"@id\":\"https:\/\/fairway2hotel.at\/en\/hotels\/kaernten\/ferienhotel-kolmhof\/#breadcrumb\"},\"inLanguage\":\"en-US\",\"potentialAction\":[{\"@type\":\"ReadAction\",\"target\":[\"https:\/\/fairway2hotel.at\/en\/hotels\/kaernten\/ferienhotel-kolmhof\/\"]}]},{\"@type\":\"BreadcrumbList\",\"@id\":\"https:\/\/fairway2hotel.at\/en\/hotels\/kaernten\/ferienhotel-kolmhof\/#breadcrumb\",\"itemListElement\":[{\"@type\":\"ListItem\",\"position\":1,\"name\":\"Home\",\"item\":\"https:\/\/fairway2hotel.at\/en\/\"},{\"@type\":\"ListItem\",\"position\":2,\"name\":\"Hotels\",\"item\":\"https:\/\/fairway2hotel.at\/en\/hotels\/\"},{\"@type\":\"ListItem\",\"position\":3,\"name\":\"Hotels K\u00e4rnten\",\"item\":\"https:\/\/fairway2hotel.at\/en\/hotels\/kaernten\/\"},{\"@type\":\"ListItem\",\"position\":4,\"name\":\"Ferienhotel Kolmhof\"}]},{\"@type\":\"WebSite\",\"@id\":\"https:\/\/fairway2hotel.at\/en\/#website\",\"url\":\"https:\/\/fairway2hotel.at\/en\/\",\"name\":\"Fairway 2 Hotel\",\"description\":\"Golf at half price! 2 play - 1 pays\",\"potentialAction\":[{\"@type\":\"SearchAction\",\"target\":{\"@type\":\"EntryPoint\",\"urlTemplate\":\"https:\/\/fairway2hotel.at\/en\/?s={search_term_string}\"},\"query-input\":{\"@type\":\"PropertyValueSpecification\",\"valueRequired\":true,\"valueName\":\"search_term_string\"}}],\"inLanguage\":\"en-US\"}]}<\/script>\n<!-- \/ Yoast SEO plugin. -->","yoast_head_json":{"title":"Ferienhotel Kolmhof - Fairway 2 Hotel","robots":{"index":"index","follow":"follow","max-snippet":"max-snippet:-1","max-image-preview":"max-image-preview:large","max-video-preview":"max-video-preview:-1"},"canonical":"https:\/\/fairway2hotel.at\/en\/hotels\/kaernten\/ferienhotel-kolmhof\/","og_locale":"en_US","og_type":"article","og_title":"Ferienhotel Kolmhof - Fairway 2 Hotel","og_description":"Sehnsucht aus. Urlaub an. Im Ferienhotel Kolmhof in den Nockbergen erwarten Sie paradiesische Voraussetzungen f\u00fcr Ihren Urlaub in Bad Kleinkirchheim. Die einzigartige Landschaft, glasklare Seen oder das weite Wanderwegenetz des UNESCOBiosph\u00e4renparks Nockberge. Hier l\u00e4sst man den Alltag Schritt f\u00fcr Schritt hinter sich. Und das Beste, in nur 10 \u2013 45 Minuten erreichen Sie eine der [&hellip;]","og_url":"https:\/\/fairway2hotel.at\/en\/hotels\/kaernten\/ferienhotel-kolmhof\/","og_site_name":"Fairway 2 Hotel","article_modified_time":"2025-11-05T15:11:59+00:00","twitter_card":"summary_large_image","twitter_misc":{"Est. reading time":"1 minute"},"schema":{"@context":"https:\/\/schema.org","@graph":[{"@type":"WebPage","@id":"https:\/\/fairway2hotel.at\/en\/hotels\/kaernten\/ferienhotel-kolmhof\/","url":"https:\/\/fairway2hotel.at\/en\/hotels\/kaernten\/ferienhotel-kolmhof\/","name":"Ferienhotel Kolmhof - Fairway 2 Hotel","isPartOf":{"@id":"https:\/\/fairway2hotel.at\/en\/#website"},"datePublished":"2020-10-20T19:26:05+00:00","dateModified":"2025-11-05T15:11:59+00:00","breadcrumb":{"@id":"https:\/\/fairway2hotel.at\/en\/hotels\/kaernten\/ferienhotel-kolmhof\/#breadcrumb"},"inLanguage":"en-US","potentialAction":[{"@type":"ReadAction","target":["https:\/\/fairway2hotel.at\/en\/hotels\/kaernten\/ferienhotel-kolmhof\/"]}]},{"@type":"BreadcrumbList","@id":"https:\/\/fairway2hotel.at\/en\/hotels\/kaernten\/ferienhotel-kolmhof\/#breadcrumb","itemListElement":[{"@type":"ListItem","position":1,"name":"Home","item":"https:\/\/fairway2hotel.at\/en\/"},{"@type":"ListItem","position":2,"name":"Hotels","item":"https:\/\/fairway2hotel.at\/en\/hotels\/"},{"@type":"ListItem","position":3,"name":"Hotels K\u00e4rnten","item":"https:\/\/fairway2hotel.at\/en\/hotels\/kaernten\/"},{"@type":"ListItem","position":4,"name":"Ferienhotel Kolmhof"}]},{"@type":"WebSite","@id":"https:\/\/fairway2hotel.at\/en\/#website","url":"https:\/\/fairway2hotel.at\/en\/","name":"Fairway 2 Hotel","description":"Golf at half price! 2 play - 1 pays","potentialAction":[{"@type":"SearchAction","target":{"@type":"EntryPoint","urlTemplate":"https:\/\/fairway2hotel.at\/en\/?s={search_term_string}"},"query-input":{"@type":"PropertyValueSpecification","valueRequired":true,"valueName":"search_term_string"}}],"inLanguage":"en-US"}]}},"_links":{"self":[{"href":"https:\/\/fairway2hotel.at\/en\/wp-json\/wp\/v2\/pages\/2875","targetHints":{"allow":["GET"]}}],"collection":[{"href":"https:\/\/fairway2hotel.at\/en\/wp-json\/wp\/v2\/pages"}],"about":[{"href":"https:\/\/fairway2hotel.at\/en\/wp-json\/wp\/v2\/types\/page"}],"author":[{"embeddable":true,"href":"https:\/\/fairway2hotel.at\/en\/wp-json\/wp\/v2\/users\/3"}],"replies":[{"embeddable":true,"href":"https:\/\/fairway2hotel.at\/en\/wp-json\/wp\/v2\/comments?post=2875"}],"version-history":[{"count":12,"href":"https:\/\/fairway2hotel.at\/en\/wp-json\/wp\/v2\/pages\/2875\/revisions"}],"predecessor-version":[{"id":49627,"href":"https:\/\/fairway2hotel.at\/en\/wp-json\/wp\/v2\/pages\/2875\/revisions\/49627"}],"up":[{"embeddable":true,"href":"https:\/\/fairway2hotel.at\/en\/wp-json\/wp\/v2\/pages\/2175"}],"acf:attachment":[{"embeddable":true,"href":"https:\/\/fairway2hotel.at\/en\/wp-json\/wp\/v2\/media\/47878"},{"embeddable":true,"href":"https:\/\/fairway2hotel.at\/en\/wp-json\/wp\/v2\/media\/47876"},{"embeddable":true,"href":"https:\/\/fairway2hotel.at\/en\/wp-json\/wp\/v2\/media\/47874"},{"embeddable":true,"href":"https:\/\/fairway2hotel.at\/en\/wp-json\/wp\/v2\/media\/3743"}],"wp:attachment":[{"href":"https:\/\/fairway2hotel.at\/en\/wp-json\/wp\/v2\/media?parent=2875"}],"curies":[{"name":"wp","href":"https:\/\/api.w.org\/{rel}","templated":true}]}}