{"id":2885,"date":"2020-10-20T21:46:35","date_gmt":"2020-10-20T19:46:35","guid":{"rendered":"https:\/\/f2h.52five.com\/?page_id=2885"},"modified":"2025-11-24T10:17:27","modified_gmt":"2025-11-24T09:17:27","slug":"sporthotel-igls","status":"publish","type":"page","link":"https:\/\/fairway2hotel.at\/en\/hotels\/tirol\/sporthotel-igls\/","title":{"rendered":"Sporthotel Igls"},"content":{"rendered":"<h2>Ein Vier-Sterne-Hotel mit Sinn f\u00fcr Tradition und modernen Zeitgeist<\/h2>\n<p>\u00dcber den D\u00e4chern von Innsbruck, eingebettet in eine idyllische Berglandschaft liegt das Sporthotel Igls. Es bietet einen idealen Ausgangspunkt f\u00fcr sportliche Aktivit\u00e4ten und kulturelle Ausfl\u00fcge. Die 72 exklusiven Zimmer und Suiten im Boutique-Stil sind mit allen modernen Annehmlichkeiten ausgestattet. Die neue Sonnenterrasse, die gem\u00fctliche Kamin-Lounge und die hauseigene Bar unterstreichen das traditionelle Ambiente des Hotels, das bereits seit 1889 existiert und auf eine lange Gasthaustradition zur\u00fcckblicken kann. Tiefenentspannung finden unsere G\u00e4ste in unserem 700 m2 gro\u00dfen Spa-Bereich. Unser Partnerclub Olympia Golf Igls befindet sich in direkter N\u00e4he zum Hotel. Er bietet mit seiner 9-Loch-Anlage sowie mit seinem gro\u00dfz\u00fcgigen Trainingsareal die perfekte Umgebung f\u00fcr ambitionierte Golfer.<\/p>\n<h2>A four-star hotel with a sense of tradition and modern spirit of the age<\/h2>\n<p>The Sporthotel Igls is located above the rooftops of Innsbruck, nestled in an idyllic mountain landscape. It offers an ideal starting point for sporting activities and cultural excursions. The 72 exclusive boutique-style rooms and suites are equipped with all modern amenities. The new sun terrace, the cosy fireplace lounge and the hotel&#8217;s own bar underline the traditional ambience of the hotel, which has been in existence since 1889 and can look back on a long hospitality tradition. Our guests find deep relaxation in our 700 m2 spa area. Our partner club Olympia Golf Igls is located right next to the hotel. With its 9-hole course and spacious training area, it offers the perfect environment for ambitious golfers.<\/p>\n","protected":false},"excerpt":{"rendered":"<p>Ein Vier-Sterne-Hotel mit Sinn f\u00fcr Tradition und modernen Zeitgeist \u00dcber den D\u00e4chern von Innsbruck, eingebettet in eine idyllische Berglandschaft liegt das Sporthotel Igls. Es bietet einen idealen Ausgangspunkt f\u00fcr sportliche Aktivit\u00e4ten und kulturelle Ausfl\u00fcge. Die 72 exklusiven Zimmer und Suiten im Boutique-Stil sind mit allen modernen Annehmlichkeiten ausgestattet. Die neue Sonnenterrasse, die gem\u00fctliche Kamin-Lounge und [&hellip;]<\/p>\n","protected":false},"author":3,"featured_media":0,"parent":2186,"menu_order":0,"comment_status":"closed","ping_status":"closed","template":"page-partner.php","meta":{"_acf_changed":false,"footnotes":""},"class_list":["post-2885","page","type-page","status-publish","hentry"],"acf":{"partner_infobox":"<strong>Adresse:<\/strong> Hilberstra\u00dfe 17 6080 Igls\r\n\r\n<strong>Tel.:<\/strong> +43 512 377241\r\n\r\n<strong>Fax:<\/strong> +43 512 378679\r\n\r\n<strong>Homepage: <\/strong><a href=\"http:\/\/www.sporthotel-igls.com\">www.sporthotel-igls.com<\/a>\r\n\r\n<strong>E-Mail: <\/strong><a href=\"mailto:hotel@sporthotel-igls.com\">hotel@sporthotel-igls.com<\/a>\r\n\r\n<strong>Golfclubs in der Umgebung:<\/strong>\r\nOlympia Golfclub Igls 2 km\r\nGolfclub Innsbruck-Igls, 9-Loch Lans 3 km\r\nGolfclub Innsbruck-Igls 18-Loch Rinn 9 km\r\n\r\n<strong>Anfahrt:<\/strong> von Westen kommend: A12 Autobahnausfahrt Innsbruck Mitte \u2013 Igls \/ von Osten: A12 Autobahnausfahrt Innsbruck Mitte\r\n\u2013 Igls \/ von S\u00fcden: A13 Europabr\u00fccke Autobahnausf. Patsch (mautpflichtig)","partner_logo":2887,"partner_gallery":[3629,3630],"partner_lat":47.23101,"partner_long":11.41061,"partner_type":"hotel","partner_openings":["1","2","3","4","5","6","7"],"montag_von_bis":"00:00 - 24:00","dienstag_von_bis":"00:00 - 24:00","mittwoch_von_bis":"00:00 - 24:00","donnerstag_von_bis":"00:00 - 24:00","freitag_von_bis":"00:00 - 24:00","samstag_von_bis":"00:00 - 24:00","sonntag_von_bis":"00:00 - 24:00","partner_adresse":"Hilberstra\u00dfe 17 6080 Igls","partner_land_bundesland":"","partner_tel_1":"+43 512 377241","partner_tel_2":"","partner_web":"https:\/\/sporthotel-igls.com","partner_mail":"hotel@sporthotel-igls.com","partner_spielbahnen_par":"","partner_laenge":"","partner_bedingungen":"","partner_anfahrt":"","partner_misc":null,"additional_css_classes":""},"yoast_head":"<!-- This site is optimized with the Yoast SEO plugin v26.8 - https:\/\/yoast.com\/product\/yoast-seo-wordpress\/ -->\n<title>Sporthotel Igls - Fairway 2 Hotel<\/title>\n<meta name=\"robots\" content=\"index, follow, max-snippet:-1, max-image-preview:large, max-video-preview:-1\" \/>\n<link rel=\"canonical\" href=\"https:\/\/fairway2hotel.at\/en\/hotels\/tirol\/sporthotel-igls\/\" \/>\n<meta property=\"og:locale\" content=\"en_US\" \/>\n<meta property=\"og:type\" content=\"article\" \/>\n<meta property=\"og:title\" content=\"Sporthotel Igls - Fairway 2 Hotel\" \/>\n<meta property=\"og:description\" content=\"Ein Vier-Sterne-Hotel mit Sinn f\u00fcr Tradition und modernen Zeitgeist \u00dcber den D\u00e4chern von Innsbruck, eingebettet in eine idyllische Berglandschaft liegt das Sporthotel Igls. Es bietet einen idealen Ausgangspunkt f\u00fcr sportliche Aktivit\u00e4ten und kulturelle Ausfl\u00fcge. Die 72 exklusiven Zimmer und Suiten im Boutique-Stil sind mit allen modernen Annehmlichkeiten ausgestattet. Die neue Sonnenterrasse, die gem\u00fctliche Kamin-Lounge und [&hellip;]\" \/>\n<meta property=\"og:url\" content=\"https:\/\/fairway2hotel.at\/en\/hotels\/tirol\/sporthotel-igls\/\" \/>\n<meta property=\"og:site_name\" content=\"Fairway 2 Hotel\" \/>\n<meta property=\"article:modified_time\" content=\"2025-11-24T09:17:27+00:00\" \/>\n<meta name=\"twitter:card\" content=\"summary_large_image\" \/>\n<meta name=\"twitter:label1\" content=\"Est. reading time\" \/>\n\t<meta name=\"twitter:data1\" content=\"2 minutes\" \/>\n<script type=\"application\/ld+json\" class=\"yoast-schema-graph\">{\"@context\":\"https:\/\/schema.org\",\"@graph\":[{\"@type\":\"WebPage\",\"@id\":\"https:\/\/fairway2hotel.at\/en\/hotels\/tirol\/sporthotel-igls\/\",\"url\":\"https:\/\/fairway2hotel.at\/en\/hotels\/tirol\/sporthotel-igls\/\",\"name\":\"Sporthotel Igls - Fairway 2 Hotel\",\"isPartOf\":{\"@id\":\"https:\/\/fairway2hotel.at\/en\/#website\"},\"datePublished\":\"2020-10-20T19:46:35+00:00\",\"dateModified\":\"2025-11-24T09:17:27+00:00\",\"breadcrumb\":{\"@id\":\"https:\/\/fairway2hotel.at\/en\/hotels\/tirol\/sporthotel-igls\/#breadcrumb\"},\"inLanguage\":\"en-US\",\"potentialAction\":[{\"@type\":\"ReadAction\",\"target\":[\"https:\/\/fairway2hotel.at\/en\/hotels\/tirol\/sporthotel-igls\/\"]}]},{\"@type\":\"BreadcrumbList\",\"@id\":\"https:\/\/fairway2hotel.at\/en\/hotels\/tirol\/sporthotel-igls\/#breadcrumb\",\"itemListElement\":[{\"@type\":\"ListItem\",\"position\":1,\"name\":\"Home\",\"item\":\"https:\/\/fairway2hotel.at\/en\/\"},{\"@type\":\"ListItem\",\"position\":2,\"name\":\"Hotels\",\"item\":\"https:\/\/fairway2hotel.at\/en\/hotels\/\"},{\"@type\":\"ListItem\",\"position\":3,\"name\":\"Hotels Tirol\",\"item\":\"https:\/\/fairway2hotel.at\/en\/hotels\/tirol\/\"},{\"@type\":\"ListItem\",\"position\":4,\"name\":\"Sporthotel Igls\"}]},{\"@type\":\"WebSite\",\"@id\":\"https:\/\/fairway2hotel.at\/en\/#website\",\"url\":\"https:\/\/fairway2hotel.at\/en\/\",\"name\":\"Fairway 2 Hotel\",\"description\":\"Golf at half price! 2 play - 1 pays\",\"potentialAction\":[{\"@type\":\"SearchAction\",\"target\":{\"@type\":\"EntryPoint\",\"urlTemplate\":\"https:\/\/fairway2hotel.at\/en\/?s={search_term_string}\"},\"query-input\":{\"@type\":\"PropertyValueSpecification\",\"valueRequired\":true,\"valueName\":\"search_term_string\"}}],\"inLanguage\":\"en-US\"}]}<\/script>\n<!-- \/ Yoast SEO plugin. -->","yoast_head_json":{"title":"Sporthotel Igls - Fairway 2 Hotel","robots":{"index":"index","follow":"follow","max-snippet":"max-snippet:-1","max-image-preview":"max-image-preview:large","max-video-preview":"max-video-preview:-1"},"canonical":"https:\/\/fairway2hotel.at\/en\/hotels\/tirol\/sporthotel-igls\/","og_locale":"en_US","og_type":"article","og_title":"Sporthotel Igls - Fairway 2 Hotel","og_description":"Ein Vier-Sterne-Hotel mit Sinn f\u00fcr Tradition und modernen Zeitgeist \u00dcber den D\u00e4chern von Innsbruck, eingebettet in eine idyllische Berglandschaft liegt das Sporthotel Igls. Es bietet einen idealen Ausgangspunkt f\u00fcr sportliche Aktivit\u00e4ten und kulturelle Ausfl\u00fcge. Die 72 exklusiven Zimmer und Suiten im Boutique-Stil sind mit allen modernen Annehmlichkeiten ausgestattet. Die neue Sonnenterrasse, die gem\u00fctliche Kamin-Lounge und [&hellip;]","og_url":"https:\/\/fairway2hotel.at\/en\/hotels\/tirol\/sporthotel-igls\/","og_site_name":"Fairway 2 Hotel","article_modified_time":"2025-11-24T09:17:27+00:00","twitter_card":"summary_large_image","twitter_misc":{"Est. reading time":"2 minutes"},"schema":{"@context":"https:\/\/schema.org","@graph":[{"@type":"WebPage","@id":"https:\/\/fairway2hotel.at\/en\/hotels\/tirol\/sporthotel-igls\/","url":"https:\/\/fairway2hotel.at\/en\/hotels\/tirol\/sporthotel-igls\/","name":"Sporthotel Igls - Fairway 2 Hotel","isPartOf":{"@id":"https:\/\/fairway2hotel.at\/en\/#website"},"datePublished":"2020-10-20T19:46:35+00:00","dateModified":"2025-11-24T09:17:27+00:00","breadcrumb":{"@id":"https:\/\/fairway2hotel.at\/en\/hotels\/tirol\/sporthotel-igls\/#breadcrumb"},"inLanguage":"en-US","potentialAction":[{"@type":"ReadAction","target":["https:\/\/fairway2hotel.at\/en\/hotels\/tirol\/sporthotel-igls\/"]}]},{"@type":"BreadcrumbList","@id":"https:\/\/fairway2hotel.at\/en\/hotels\/tirol\/sporthotel-igls\/#breadcrumb","itemListElement":[{"@type":"ListItem","position":1,"name":"Home","item":"https:\/\/fairway2hotel.at\/en\/"},{"@type":"ListItem","position":2,"name":"Hotels","item":"https:\/\/fairway2hotel.at\/en\/hotels\/"},{"@type":"ListItem","position":3,"name":"Hotels Tirol","item":"https:\/\/fairway2hotel.at\/en\/hotels\/tirol\/"},{"@type":"ListItem","position":4,"name":"Sporthotel Igls"}]},{"@type":"WebSite","@id":"https:\/\/fairway2hotel.at\/en\/#website","url":"https:\/\/fairway2hotel.at\/en\/","name":"Fairway 2 Hotel","description":"Golf at half price! 2 play - 1 pays","potentialAction":[{"@type":"SearchAction","target":{"@type":"EntryPoint","urlTemplate":"https:\/\/fairway2hotel.at\/en\/?s={search_term_string}"},"query-input":{"@type":"PropertyValueSpecification","valueRequired":true,"valueName":"search_term_string"}}],"inLanguage":"en-US"}]}},"_links":{"self":[{"href":"https:\/\/fairway2hotel.at\/en\/wp-json\/wp\/v2\/pages\/2885","targetHints":{"allow":["GET"]}}],"collection":[{"href":"https:\/\/fairway2hotel.at\/en\/wp-json\/wp\/v2\/pages"}],"about":[{"href":"https:\/\/fairway2hotel.at\/en\/wp-json\/wp\/v2\/types\/page"}],"author":[{"embeddable":true,"href":"https:\/\/fairway2hotel.at\/en\/wp-json\/wp\/v2\/users\/3"}],"replies":[{"embeddable":true,"href":"https:\/\/fairway2hotel.at\/en\/wp-json\/wp\/v2\/comments?post=2885"}],"version-history":[{"count":9,"href":"https:\/\/fairway2hotel.at\/en\/wp-json\/wp\/v2\/pages\/2885\/revisions"}],"predecessor-version":[{"id":50399,"href":"https:\/\/fairway2hotel.at\/en\/wp-json\/wp\/v2\/pages\/2885\/revisions\/50399"}],"up":[{"embeddable":true,"href":"https:\/\/fairway2hotel.at\/en\/wp-json\/wp\/v2\/pages\/2186"}],"acf:attachment":[{"embeddable":true,"href":"https:\/\/fairway2hotel.at\/en\/wp-json\/wp\/v2\/media\/3630"},{"embeddable":true,"href":"https:\/\/fairway2hotel.at\/en\/wp-json\/wp\/v2\/media\/3629"}],"wp:attachment":[{"href":"https:\/\/fairway2hotel.at\/en\/wp-json\/wp\/v2\/media?parent=2885"}],"curies":[{"name":"wp","href":"https:\/\/api.w.org\/{rel}","templated":true}]}}