{"id":2896,"date":"2020-10-20T21:57:00","date_gmt":"2020-10-20T19:57:00","guid":{"rendered":"https:\/\/f2h.52five.com\/?page_id=2896"},"modified":"2026-02-12T15:46:46","modified_gmt":"2026-02-12T14:46:46","slug":"albarella-golf-links","status":"publish","type":"page","link":"https:\/\/fairway2hotel.at\/en\/golfclubs\/italien\/albarella-golf-links\/","title":{"rendered":"GC Albarella Golf Links"},"content":{"rendered":"<h2>Der Golfplatz aus dem Meer geboren<\/h2>\n<p>Der Golfplatz wurde vom englischen Architekten John Dering Harris angelegt, einem der besten Planer der heutigen Zeit, der auch selbst Golf spielt und weltweit gesch\u00e4tzt wird f\u00fcr die Planung und Sanierung von \u00fcber 400 Golfanlagen auf allen f\u00fcnf Kontinenten. Der Golfplatz, der Sport im Kontakt mit der Natur gew\u00e4hrleistet, ist rund ums Jahr ge\u00f6ffnet und zu einem festen Reiseziel anspruchsvoller G\u00e4ste aus aller Welt geworden. Die Anlage mit einer Fl\u00e4che von 70 Hektar erstreckt sich auf eine L\u00e4nge von insgesamt 6.130 Metern. Darauf befinden sich Wasser- und Sandhindernisse, die die Spieler mit D\u00fcnen, Seen und wilden Olivenhainen herausfordern. Es werden auch Trainings und Kurse f\u00fcr Anf\u00e4nger angeboten. Die Kurse werden zur Abrundung unseres Qualit\u00e4tsservices auch im Fr\u00fchling und Herbst abgehalten. Die Anlage, Ausstattung, die Dienstleistungen und die Kompetenz unserer Mitarbeiter legen unvergleichliche Effizienz an den Tag.<\/p>\n<h2>The golf course born from the sea<\/h2>\n<p>The golf course was designed by the English architect John Dering Harris, one of the best planners of our time, who also plays golf himself and is recognised worldwide for planning and renovating over 400 golf courses on all five continents. The golf course, which guarantees sport in contact with nature, is open all year round and has become a firm favourite with discerning guests from all over the world. The 70-hectare course stretches over a total length of 6,130 metres. It features water and sand hazards that challenge players with dunes, lakes and wild olive groves. Training sessions and courses for beginners are also available. Courses are also held in spring and autumn to round off our quality service. The facilities, equipment, services and expertise of our staff demonstrate unrivalled efficiency.<\/p>\n","protected":false},"excerpt":{"rendered":"<p>Der Golfplatz aus dem Meer geboren Der Golfplatz wurde vom englischen Architekten John Dering Harris angelegt, einem der besten Planer der heutigen Zeit, der auch selbst Golf spielt und weltweit gesch\u00e4tzt wird f\u00fcr die Planung und Sanierung von \u00fcber 400 Golfanlagen auf allen f\u00fcnf Kontinenten. Der Golfplatz, der Sport im Kontakt mit der Natur gew\u00e4hrleistet, [&hellip;]<\/p>\n","protected":false},"author":3,"featured_media":0,"parent":1657,"menu_order":1,"comment_status":"closed","ping_status":"closed","template":"page-partner.php","meta":{"_acf_changed":false,"footnotes":""},"class_list":["post-2896","page","type-page","status-publish","hentry"],"acf":{"partner_infobox":"<strong>Adresse:<\/strong> Via Po di Levante 4 45010 Rosolina (RO)\r\n\r\n<strong>Tel.:<\/strong> +39 0426330124\r\n\r\n<strong>Homepage:<\/strong> <a href=\"http:\/\/www.golfalbarella.it\">www.golfalbarella.it<\/a>\r\n\r\n<strong>E-Mail:<\/strong> <a href=\"mailto:info@golfalbarella.it\">info@golfalbarella.it<\/a>\r\n\r\n<strong>Spielbahnen\/Par:<\/strong> 18\/72\r\n\r\n<strong>L\u00e4nge:<\/strong> gelb: 5.817 m, rot: 5.176 m\r\n\r\n<strong>Anfahrt:<\/strong> Lage ca. 100 km s\u00fcdlich von Venedig.","partner_logo":2897,"partner_gallery":[2898,47407,47409],"partner_lat":45.062063,"partner_long":12.354092,"partner_type":"golfclub","partner_openings":["1","2","3","4","5","6","7"],"montag_von_bis":"00:00 - 24:00","dienstag_von_bis":"00:00 - 24:00","mittwoch_von_bis":"00:00 - 24:00","donnerstag_von_bis":"00:00 - 24:00","freitag_von_bis":"00:00 - 24:00","samstag_von_bis":"00:00 - 24:00","sonntag_von_bis":"00:00 - 24:00","partner_adresse":"Via Po di Levante 4, 45010 Rosolina (RO)","partner_land_bundesland":"Italien","partner_tel_1":"0039 0426 330124","partner_tel_2":"","partner_web":"https:\/\/golfalbarella.it\/en","partner_mail":"info@golfalbarella.it","partner_spielbahnen_par":"18\/72","partner_laenge":"gelb: 5.817 m, rot: 5.176 m","partner_bedingungen":"","partner_anfahrt":"Lage ca. 100 km s\u00fcdlich von Venedig.","partner_misc":null,"additional_css_classes":""},"yoast_head":"<!-- This site is optimized with the Yoast SEO plugin v26.8 - https:\/\/yoast.com\/product\/yoast-seo-wordpress\/ -->\n<title>GC Albarella Golf Links - Fairway 2 Hotel<\/title>\n<meta name=\"robots\" content=\"index, follow, max-snippet:-1, max-image-preview:large, max-video-preview:-1\" \/>\n<link rel=\"canonical\" href=\"https:\/\/fairway2hotel.at\/en\/golfclubs\/italien\/albarella-golf-links\/\" \/>\n<meta property=\"og:locale\" content=\"en_US\" \/>\n<meta property=\"og:type\" content=\"article\" \/>\n<meta property=\"og:title\" content=\"GC Albarella Golf Links - Fairway 2 Hotel\" \/>\n<meta property=\"og:description\" content=\"Der Golfplatz aus dem Meer geboren Der Golfplatz wurde vom englischen Architekten John Dering Harris angelegt, einem der besten Planer der heutigen Zeit, der auch selbst Golf spielt und weltweit gesch\u00e4tzt wird f\u00fcr die Planung und Sanierung von \u00fcber 400 Golfanlagen auf allen f\u00fcnf Kontinenten. Der Golfplatz, der Sport im Kontakt mit der Natur gew\u00e4hrleistet, [&hellip;]\" \/>\n<meta property=\"og:url\" content=\"https:\/\/fairway2hotel.at\/en\/golfclubs\/italien\/albarella-golf-links\/\" \/>\n<meta property=\"og:site_name\" content=\"Fairway 2 Hotel\" \/>\n<meta property=\"article:modified_time\" content=\"2026-02-12T14:46:46+00:00\" \/>\n<meta name=\"twitter:card\" content=\"summary_large_image\" \/>\n<meta name=\"twitter:label1\" content=\"Est. reading time\" \/>\n\t<meta name=\"twitter:data1\" content=\"2 minutes\" \/>\n<script type=\"application\/ld+json\" class=\"yoast-schema-graph\">{\"@context\":\"https:\/\/schema.org\",\"@graph\":[{\"@type\":\"WebPage\",\"@id\":\"https:\/\/fairway2hotel.at\/en\/golfclubs\/italien\/albarella-golf-links\/\",\"url\":\"https:\/\/fairway2hotel.at\/en\/golfclubs\/italien\/albarella-golf-links\/\",\"name\":\"GC Albarella Golf Links - Fairway 2 Hotel\",\"isPartOf\":{\"@id\":\"https:\/\/fairway2hotel.at\/en\/#website\"},\"datePublished\":\"2020-10-20T19:57:00+00:00\",\"dateModified\":\"2026-02-12T14:46:46+00:00\",\"breadcrumb\":{\"@id\":\"https:\/\/fairway2hotel.at\/en\/golfclubs\/italien\/albarella-golf-links\/#breadcrumb\"},\"inLanguage\":\"en-US\",\"potentialAction\":[{\"@type\":\"ReadAction\",\"target\":[\"https:\/\/fairway2hotel.at\/en\/golfclubs\/italien\/albarella-golf-links\/\"]}]},{\"@type\":\"BreadcrumbList\",\"@id\":\"https:\/\/fairway2hotel.at\/en\/golfclubs\/italien\/albarella-golf-links\/#breadcrumb\",\"itemListElement\":[{\"@type\":\"ListItem\",\"position\":1,\"name\":\"Home\",\"item\":\"https:\/\/fairway2hotel.at\/en\/\"},{\"@type\":\"ListItem\",\"position\":2,\"name\":\"Golfclubs\",\"item\":\"https:\/\/fairway2hotel.at\/en\/golfclubs\/\"},{\"@type\":\"ListItem\",\"position\":3,\"name\":\"Golfclubs Italien\",\"item\":\"https:\/\/fairway2hotel.at\/en\/golfclubs\/italien\/\"},{\"@type\":\"ListItem\",\"position\":4,\"name\":\"GC Albarella Golf Links\"}]},{\"@type\":\"WebSite\",\"@id\":\"https:\/\/fairway2hotel.at\/en\/#website\",\"url\":\"https:\/\/fairway2hotel.at\/en\/\",\"name\":\"Fairway 2 Hotel\",\"description\":\"Golf at half price! 2 play - 1 pays\",\"potentialAction\":[{\"@type\":\"SearchAction\",\"target\":{\"@type\":\"EntryPoint\",\"urlTemplate\":\"https:\/\/fairway2hotel.at\/en\/?s={search_term_string}\"},\"query-input\":{\"@type\":\"PropertyValueSpecification\",\"valueRequired\":true,\"valueName\":\"search_term_string\"}}],\"inLanguage\":\"en-US\"}]}<\/script>\n<!-- \/ Yoast SEO plugin. -->","yoast_head_json":{"title":"GC Albarella Golf Links - Fairway 2 Hotel","robots":{"index":"index","follow":"follow","max-snippet":"max-snippet:-1","max-image-preview":"max-image-preview:large","max-video-preview":"max-video-preview:-1"},"canonical":"https:\/\/fairway2hotel.at\/en\/golfclubs\/italien\/albarella-golf-links\/","og_locale":"en_US","og_type":"article","og_title":"GC Albarella Golf Links - Fairway 2 Hotel","og_description":"Der Golfplatz aus dem Meer geboren Der Golfplatz wurde vom englischen Architekten John Dering Harris angelegt, einem der besten Planer der heutigen Zeit, der auch selbst Golf spielt und weltweit gesch\u00e4tzt wird f\u00fcr die Planung und Sanierung von \u00fcber 400 Golfanlagen auf allen f\u00fcnf Kontinenten. Der Golfplatz, der Sport im Kontakt mit der Natur gew\u00e4hrleistet, [&hellip;]","og_url":"https:\/\/fairway2hotel.at\/en\/golfclubs\/italien\/albarella-golf-links\/","og_site_name":"Fairway 2 Hotel","article_modified_time":"2026-02-12T14:46:46+00:00","twitter_card":"summary_large_image","twitter_misc":{"Est. reading time":"2 minutes"},"schema":{"@context":"https:\/\/schema.org","@graph":[{"@type":"WebPage","@id":"https:\/\/fairway2hotel.at\/en\/golfclubs\/italien\/albarella-golf-links\/","url":"https:\/\/fairway2hotel.at\/en\/golfclubs\/italien\/albarella-golf-links\/","name":"GC Albarella Golf Links - Fairway 2 Hotel","isPartOf":{"@id":"https:\/\/fairway2hotel.at\/en\/#website"},"datePublished":"2020-10-20T19:57:00+00:00","dateModified":"2026-02-12T14:46:46+00:00","breadcrumb":{"@id":"https:\/\/fairway2hotel.at\/en\/golfclubs\/italien\/albarella-golf-links\/#breadcrumb"},"inLanguage":"en-US","potentialAction":[{"@type":"ReadAction","target":["https:\/\/fairway2hotel.at\/en\/golfclubs\/italien\/albarella-golf-links\/"]}]},{"@type":"BreadcrumbList","@id":"https:\/\/fairway2hotel.at\/en\/golfclubs\/italien\/albarella-golf-links\/#breadcrumb","itemListElement":[{"@type":"ListItem","position":1,"name":"Home","item":"https:\/\/fairway2hotel.at\/en\/"},{"@type":"ListItem","position":2,"name":"Golfclubs","item":"https:\/\/fairway2hotel.at\/en\/golfclubs\/"},{"@type":"ListItem","position":3,"name":"Golfclubs Italien","item":"https:\/\/fairway2hotel.at\/en\/golfclubs\/italien\/"},{"@type":"ListItem","position":4,"name":"GC Albarella Golf Links"}]},{"@type":"WebSite","@id":"https:\/\/fairway2hotel.at\/en\/#website","url":"https:\/\/fairway2hotel.at\/en\/","name":"Fairway 2 Hotel","description":"Golf at half price! 2 play - 1 pays","potentialAction":[{"@type":"SearchAction","target":{"@type":"EntryPoint","urlTemplate":"https:\/\/fairway2hotel.at\/en\/?s={search_term_string}"},"query-input":{"@type":"PropertyValueSpecification","valueRequired":true,"valueName":"search_term_string"}}],"inLanguage":"en-US"}]}},"_links":{"self":[{"href":"https:\/\/fairway2hotel.at\/en\/wp-json\/wp\/v2\/pages\/2896","targetHints":{"allow":["GET"]}}],"collection":[{"href":"https:\/\/fairway2hotel.at\/en\/wp-json\/wp\/v2\/pages"}],"about":[{"href":"https:\/\/fairway2hotel.at\/en\/wp-json\/wp\/v2\/types\/page"}],"author":[{"embeddable":true,"href":"https:\/\/fairway2hotel.at\/en\/wp-json\/wp\/v2\/users\/3"}],"replies":[{"embeddable":true,"href":"https:\/\/fairway2hotel.at\/en\/wp-json\/wp\/v2\/comments?post=2896"}],"version-history":[{"count":8,"href":"https:\/\/fairway2hotel.at\/en\/wp-json\/wp\/v2\/pages\/2896\/revisions"}],"predecessor-version":[{"id":52651,"href":"https:\/\/fairway2hotel.at\/en\/wp-json\/wp\/v2\/pages\/2896\/revisions\/52651"}],"up":[{"embeddable":true,"href":"https:\/\/fairway2hotel.at\/en\/wp-json\/wp\/v2\/pages\/1657"}],"acf:attachment":[{"embeddable":true,"href":"https:\/\/fairway2hotel.at\/en\/wp-json\/wp\/v2\/media\/47409"},{"embeddable":true,"href":"https:\/\/fairway2hotel.at\/en\/wp-json\/wp\/v2\/media\/47407"},{"embeddable":true,"href":"https:\/\/fairway2hotel.at\/en\/wp-json\/wp\/v2\/media\/2898"}],"wp:attachment":[{"href":"https:\/\/fairway2hotel.at\/en\/wp-json\/wp\/v2\/media?parent=2896"}],"curies":[{"name":"wp","href":"https:\/\/api.w.org\/{rel}","templated":true}]}}