{"id":29988,"date":"2022-11-01T12:49:55","date_gmt":"2022-11-01T11:49:55","guid":{"rendered":"https:\/\/fairway2hotel.at\/golfclubs\/italien\/gc-adriatic-copy\/"},"modified":"2026-02-16T14:53:26","modified_gmt":"2026-02-16T13:53:26","slug":"gc-sterzing","status":"publish","type":"page","link":"https:\/\/fairway2hotel.at\/en\/golfclubs\/italien\/gc-sterzing\/","title":{"rendered":"GC Sterzing"},"content":{"rendered":"<h2>Herzlich willkommen im Golfclub Sterzing<\/h2>\n<p>dem n\u00f6rdlichsten Golfplatz Italiens. Die 7-Loch-Executive Anlage liegt am Fu\u00dfe der malerischen Burg Reifenstein, eine der besterhaltenen Burgen S\u00fcdtirols.<br \/>\nDer Platz eignet sich nicht nur f\u00fcr Anf\u00e4nger sondern auch f\u00fcr Fortgeschrittene. Die Bahnen sind vorwiegend flach angelegt und die Greens werden durch viele Wasserhindernisse verteidigt. Der Platz ist somit ideal um sein kurzes Spiel zu verbessern. Als \u00dcbungsm\u00f6glichkeit f\u00fcr das kurze oder lange Spiel bieten sich unsere Driving Range (250m) mit 12 Abschlagpl\u00e4tzen (davon 4 \u00fcberdacht) an. Daneben stehen Chipping, Pitching- und Putting Green sowie ein \u00dcbungspunker zur Verf\u00fcgung.<br \/>\nWeitere Leistungen:<\/p>\n<ul>\n<li>Clubhaus mit kalten und warmen Getr\u00e4nken, Snacks, Mini Pro Shop<\/li>\n<li>Jeden Mittwoch professioneller PGA Golfpro Martin Turley aus Irland buchbar (nach vorheriger Vereinbarung)<\/li>\n<li>Kostenlose Parkm\u00f6glichkeiten<\/li>\n<li>Kostenlose Leihschl\u00e4ger<\/li>\n<li>Jeden Freitagnachmittag findet ab 13:00 das Feierabendturnier statt (nicht Handycap-wirksam)<\/li>\n<li>Informationen zu den Sonderturnieren entnehmen Sie bitte der Homepage www.golf.bz.it.<\/li>\n<li>\n<h2>Welcome to the Sterzing Golf Club<\/h2>\n<p>the northernmost golf course in Italy. The 7-hole executive course lies at the foot of the picturesque Reifenstein Castle, one of the best-preserved castles in South Tyrol.<br \/>\nThe course is suitable not only for beginners but also for advanced players. The fairways are predominantly flat and the greens are defended by many water hazards. The course is therefore ideal for improving your short game. Our driving range (250m) with 12 teeing grounds (4 of which are covered) is ideal for practising your short or long game. There are also chipping, pitching and putting greens as well as a practice bunker.<br \/>\nFurther services:<\/p>\n<p>Clubhouse with hot and cold drinks, snacks, mini pro shop<br \/>\nProfessional PGA golf pro Martin Turley from Ireland can be booked every Wednesday (by prior arrangement)<br \/>\nFree car parking<br \/>\nFree rental clubs<br \/>\nThe after-work tournament takes place every Friday afternoon from 13:00 (not handicap effective)<br \/>\nInformation on the special tournaments can be found on the homepage www.golf.bz.it<\/p>\n<p>&nbsp;<\/li>\n<\/ul>\n","protected":false},"excerpt":{"rendered":"<p>Herzlich willkommen im Golfclub Sterzing dem n\u00f6rdlichsten Golfplatz Italiens. Die 7-Loch-Executive Anlage liegt am Fu\u00dfe der malerischen Burg Reifenstein, eine der besterhaltenen Burgen S\u00fcdtirols. Der Platz eignet sich nicht nur f\u00fcr Anf\u00e4nger sondern auch f\u00fcr Fortgeschrittene. Die Bahnen sind vorwiegend flach angelegt und die Greens werden durch viele Wasserhindernisse verteidigt. Der Platz ist somit ideal [&hellip;]<\/p>\n","protected":false},"author":2,"featured_media":0,"parent":1657,"menu_order":0,"comment_status":"closed","ping_status":"closed","template":"page-partner.php","meta":{"_acf_changed":false,"footnotes":""},"class_list":["post-29988","page","type-page","status-publish","hentry"],"acf":{"partner_infobox":"<strong>Adresse:\u00a0<\/strong>Autopark Sadobre\r\nI - 39040 Freienfeld-Sterzing\r\n\r\n<strong>Tel:\u00a0<\/strong>+39 333 815 43 50\r\n\r\n<strong>Web: <\/strong><a href=\"http:\/\/www.golf.bz.it\" target=\"_blank\" rel=\"nofollow noopener noreferrer\">www.golf.bz.it<\/a>\r\n\r\n<strong>E-Mail:<\/strong> <a href=\"mailto:info@golf.bz.it \">info@golf.bz.it<\/a>","partner_logo":29990,"partner_gallery":[29991,29992],"partner_lat":46.88069,"partner_long":11.4368601,"partner_type":"golfclub","partner_openings":["1","2","3","4","5","6","7"],"montag_von_bis":"00:00 - 24:00","dienstag_von_bis":"00:00 - 24:00","mittwoch_von_bis":"00:00 - 24:00","donnerstag_von_bis":"00:00 - 24:00","freitag_von_bis":"00:00 - 24:00","samstag_von_bis":"00:00 - 24:00","sonntag_von_bis":"00:00 - 24:00","partner_adresse":"Autopark Sadobre, I - 39040 Freienfeld-Sterzing","partner_land_bundesland":"Italien","partner_tel_1":"+39 333 815 43 50","partner_tel_2":"","partner_web":"https:\/\/www.golf.bz.it","partner_mail":"info@golf.bz.it","partner_spielbahnen_par":"7","partner_laenge":"","partner_bedingungen":"","partner_anfahrt":"","partner_misc":null,"additional_css_classes":""},"yoast_head":"<!-- This site is optimized with the Yoast SEO plugin v26.8 - https:\/\/yoast.com\/product\/yoast-seo-wordpress\/ -->\n<title>GC Sterzing - Fairway 2 Hotel<\/title>\n<meta name=\"robots\" content=\"index, follow, max-snippet:-1, max-image-preview:large, max-video-preview:-1\" \/>\n<link rel=\"canonical\" href=\"https:\/\/fairway2hotel.at\/en\/golfclubs\/italien\/gc-sterzing\/\" \/>\n<meta property=\"og:locale\" content=\"en_US\" \/>\n<meta property=\"og:type\" content=\"article\" \/>\n<meta property=\"og:title\" content=\"GC Sterzing - Fairway 2 Hotel\" \/>\n<meta property=\"og:description\" content=\"Herzlich willkommen im Golfclub Sterzing dem n\u00f6rdlichsten Golfplatz Italiens. Die 7-Loch-Executive Anlage liegt am Fu\u00dfe der malerischen Burg Reifenstein, eine der besterhaltenen Burgen S\u00fcdtirols. Der Platz eignet sich nicht nur f\u00fcr Anf\u00e4nger sondern auch f\u00fcr Fortgeschrittene. Die Bahnen sind vorwiegend flach angelegt und die Greens werden durch viele Wasserhindernisse verteidigt. Der Platz ist somit ideal [&hellip;]\" \/>\n<meta property=\"og:url\" content=\"https:\/\/fairway2hotel.at\/en\/golfclubs\/italien\/gc-sterzing\/\" \/>\n<meta property=\"og:site_name\" content=\"Fairway 2 Hotel\" \/>\n<meta property=\"article:modified_time\" content=\"2026-02-16T13:53:26+00:00\" \/>\n<meta name=\"twitter:card\" content=\"summary_large_image\" \/>\n<meta name=\"twitter:label1\" content=\"Est. reading time\" \/>\n\t<meta name=\"twitter:data1\" content=\"2 minutes\" \/>\n<script type=\"application\/ld+json\" class=\"yoast-schema-graph\">{\"@context\":\"https:\/\/schema.org\",\"@graph\":[{\"@type\":\"WebPage\",\"@id\":\"https:\/\/fairway2hotel.at\/en\/golfclubs\/italien\/gc-sterzing\/\",\"url\":\"https:\/\/fairway2hotel.at\/en\/golfclubs\/italien\/gc-sterzing\/\",\"name\":\"GC Sterzing - Fairway 2 Hotel\",\"isPartOf\":{\"@id\":\"https:\/\/fairway2hotel.at\/en\/#website\"},\"datePublished\":\"2022-11-01T11:49:55+00:00\",\"dateModified\":\"2026-02-16T13:53:26+00:00\",\"breadcrumb\":{\"@id\":\"https:\/\/fairway2hotel.at\/en\/golfclubs\/italien\/gc-sterzing\/#breadcrumb\"},\"inLanguage\":\"en-US\",\"potentialAction\":[{\"@type\":\"ReadAction\",\"target\":[\"https:\/\/fairway2hotel.at\/en\/golfclubs\/italien\/gc-sterzing\/\"]}]},{\"@type\":\"BreadcrumbList\",\"@id\":\"https:\/\/fairway2hotel.at\/en\/golfclubs\/italien\/gc-sterzing\/#breadcrumb\",\"itemListElement\":[{\"@type\":\"ListItem\",\"position\":1,\"name\":\"Home\",\"item\":\"https:\/\/fairway2hotel.at\/en\/\"},{\"@type\":\"ListItem\",\"position\":2,\"name\":\"Golfclubs\",\"item\":\"https:\/\/fairway2hotel.at\/en\/golfclubs\/\"},{\"@type\":\"ListItem\",\"position\":3,\"name\":\"Golfclubs Italien\",\"item\":\"https:\/\/fairway2hotel.at\/en\/golfclubs\/italien\/\"},{\"@type\":\"ListItem\",\"position\":4,\"name\":\"GC Sterzing\"}]},{\"@type\":\"WebSite\",\"@id\":\"https:\/\/fairway2hotel.at\/en\/#website\",\"url\":\"https:\/\/fairway2hotel.at\/en\/\",\"name\":\"Fairway 2 Hotel\",\"description\":\"Golf at half price! 2 play - 1 pays\",\"potentialAction\":[{\"@type\":\"SearchAction\",\"target\":{\"@type\":\"EntryPoint\",\"urlTemplate\":\"https:\/\/fairway2hotel.at\/en\/?s={search_term_string}\"},\"query-input\":{\"@type\":\"PropertyValueSpecification\",\"valueRequired\":true,\"valueName\":\"search_term_string\"}}],\"inLanguage\":\"en-US\"}]}<\/script>\n<!-- \/ Yoast SEO plugin. -->","yoast_head_json":{"title":"GC Sterzing - Fairway 2 Hotel","robots":{"index":"index","follow":"follow","max-snippet":"max-snippet:-1","max-image-preview":"max-image-preview:large","max-video-preview":"max-video-preview:-1"},"canonical":"https:\/\/fairway2hotel.at\/en\/golfclubs\/italien\/gc-sterzing\/","og_locale":"en_US","og_type":"article","og_title":"GC Sterzing - Fairway 2 Hotel","og_description":"Herzlich willkommen im Golfclub Sterzing dem n\u00f6rdlichsten Golfplatz Italiens. Die 7-Loch-Executive Anlage liegt am Fu\u00dfe der malerischen Burg Reifenstein, eine der besterhaltenen Burgen S\u00fcdtirols. Der Platz eignet sich nicht nur f\u00fcr Anf\u00e4nger sondern auch f\u00fcr Fortgeschrittene. Die Bahnen sind vorwiegend flach angelegt und die Greens werden durch viele Wasserhindernisse verteidigt. Der Platz ist somit ideal [&hellip;]","og_url":"https:\/\/fairway2hotel.at\/en\/golfclubs\/italien\/gc-sterzing\/","og_site_name":"Fairway 2 Hotel","article_modified_time":"2026-02-16T13:53:26+00:00","twitter_card":"summary_large_image","twitter_misc":{"Est. reading time":"2 minutes"},"schema":{"@context":"https:\/\/schema.org","@graph":[{"@type":"WebPage","@id":"https:\/\/fairway2hotel.at\/en\/golfclubs\/italien\/gc-sterzing\/","url":"https:\/\/fairway2hotel.at\/en\/golfclubs\/italien\/gc-sterzing\/","name":"GC Sterzing - Fairway 2 Hotel","isPartOf":{"@id":"https:\/\/fairway2hotel.at\/en\/#website"},"datePublished":"2022-11-01T11:49:55+00:00","dateModified":"2026-02-16T13:53:26+00:00","breadcrumb":{"@id":"https:\/\/fairway2hotel.at\/en\/golfclubs\/italien\/gc-sterzing\/#breadcrumb"},"inLanguage":"en-US","potentialAction":[{"@type":"ReadAction","target":["https:\/\/fairway2hotel.at\/en\/golfclubs\/italien\/gc-sterzing\/"]}]},{"@type":"BreadcrumbList","@id":"https:\/\/fairway2hotel.at\/en\/golfclubs\/italien\/gc-sterzing\/#breadcrumb","itemListElement":[{"@type":"ListItem","position":1,"name":"Home","item":"https:\/\/fairway2hotel.at\/en\/"},{"@type":"ListItem","position":2,"name":"Golfclubs","item":"https:\/\/fairway2hotel.at\/en\/golfclubs\/"},{"@type":"ListItem","position":3,"name":"Golfclubs Italien","item":"https:\/\/fairway2hotel.at\/en\/golfclubs\/italien\/"},{"@type":"ListItem","position":4,"name":"GC Sterzing"}]},{"@type":"WebSite","@id":"https:\/\/fairway2hotel.at\/en\/#website","url":"https:\/\/fairway2hotel.at\/en\/","name":"Fairway 2 Hotel","description":"Golf at half price! 2 play - 1 pays","potentialAction":[{"@type":"SearchAction","target":{"@type":"EntryPoint","urlTemplate":"https:\/\/fairway2hotel.at\/en\/?s={search_term_string}"},"query-input":{"@type":"PropertyValueSpecification","valueRequired":true,"valueName":"search_term_string"}}],"inLanguage":"en-US"}]}},"_links":{"self":[{"href":"https:\/\/fairway2hotel.at\/en\/wp-json\/wp\/v2\/pages\/29988","targetHints":{"allow":["GET"]}}],"collection":[{"href":"https:\/\/fairway2hotel.at\/en\/wp-json\/wp\/v2\/pages"}],"about":[{"href":"https:\/\/fairway2hotel.at\/en\/wp-json\/wp\/v2\/types\/page"}],"author":[{"embeddable":true,"href":"https:\/\/fairway2hotel.at\/en\/wp-json\/wp\/v2\/users\/2"}],"replies":[{"embeddable":true,"href":"https:\/\/fairway2hotel.at\/en\/wp-json\/wp\/v2\/comments?post=29988"}],"version-history":[{"count":14,"href":"https:\/\/fairway2hotel.at\/en\/wp-json\/wp\/v2\/pages\/29988\/revisions"}],"predecessor-version":[{"id":52681,"href":"https:\/\/fairway2hotel.at\/en\/wp-json\/wp\/v2\/pages\/29988\/revisions\/52681"}],"up":[{"embeddable":true,"href":"https:\/\/fairway2hotel.at\/en\/wp-json\/wp\/v2\/pages\/1657"}],"acf:attachment":[{"embeddable":true,"href":"https:\/\/fairway2hotel.at\/en\/wp-json\/wp\/v2\/media\/29992"},{"embeddable":true,"href":"https:\/\/fairway2hotel.at\/en\/wp-json\/wp\/v2\/media\/29991"}],"wp:attachment":[{"href":"https:\/\/fairway2hotel.at\/en\/wp-json\/wp\/v2\/media?parent=29988"}],"curies":[{"name":"wp","href":"https:\/\/api.w.org\/{rel}","templated":true}]}}