{"id":3221,"date":"2022-08-03T10:37:48","date_gmt":"2022-08-03T08:37:48","guid":{"rendered":"https:\/\/fairway2hotel.at\/golfclubs\/italien\/gc-alta-badia-copy\/"},"modified":"2026-02-26T16:03:44","modified_gmt":"2026-02-26T15:03:44","slug":"golfclub-bellosguardo","status":"publish","type":"page","link":"https:\/\/fairway2hotel.at\/en\/golfclubs\/italien\/golfclub-bellosguardo\/","title":{"rendered":"GC Bellosguardo"},"content":{"rendered":"<h2>Entdecken Sie den faszinierendsten Neun-Loch-Platz Italiens<\/h2>\n<p>Bellosguardo genie\u00dft eine einzigartige Lage in den H\u00fcgeln mit Blick auf Vinci und bietet seinen G\u00e4sten eine charmante Reise, sowohl aus technischer als auch aus landschaftlicher Sicht. Der Golfplatz ist ein atemberaubender 9 Loch Platz und geh\u00f6rt zu den l\u00e4ngsten und anspruchsvollsten in Italien, mit etwa 5.800 Metern, Par 71 mit Doppelabschl\u00e4gen, begleitet von einer gro\u00dfen Driving Range, einem Putting Green und einem Pitching Green.<\/p>\n<p>Im sch\u00f6nen Weingut, dem Zentrum des gesellschaftlichen Lebens, von dem aus es m\u00f6glich ist den gesamten Platz zu \u00fcberblicken, k\u00f6nnen Golfer Exklusives aus der Bar und dem Restaurant genie\u00dfen, wo typische Produkte der Region angeboten und probiert werden k\u00f6nnen.<\/p>\n<p>Die Gastfreundschaft der Unterkunft erstreckt sich auf den G\u00e4steservice, einen Pro-Shop, Umkleidekabinen, einen Pool, ausreichend Parkpl\u00e4tze und 4 Schlafzimmer in einer Villa aus dem XIV. Jahrhundert mit Blick auf den Platz.<\/p>\n<h2>Discover the most fascinating nine-hole course in Italy<\/h2>\n<p>Bellosguardo enjoys a unique position in the hills overlooking Vinci, and offers its guests a charming journey, both from technical and landscape points of view. The golf course is a stunning nine-hole course, and is among the longest and most demanding in Italy, being about 5,800 metres, par 71 with double tees, accompanied by a large driving range, putting green and a pitching green.<\/p>\n<p>In the beautiful winery, the centre of social life, from which it dominates, with a glance of the eye, the entire course, golfers can enjoy exclusive services from the bar and restaurant where products typical of the area can be tasted and enjoyed.<\/p>\n<p>The property\u2019s hospitality extends to guest services, a pro-shop, changing rooms, pool, ample parking and 4 bedrooms inside a Villa from the XIV century overlooking the course.<\/p>\n","protected":false},"excerpt":{"rendered":"<p>Entdecken Sie den faszinierendsten Neun-Loch-Platz Italiens Bellosguardo genie\u00dft eine einzigartige Lage in den H\u00fcgeln mit Blick auf Vinci und bietet seinen G\u00e4sten eine charmante Reise, sowohl aus technischer als auch aus landschaftlicher Sicht. Der Golfplatz ist ein atemberaubender 9 Loch Platz und geh\u00f6rt zu den l\u00e4ngsten und anspruchsvollsten in Italien, mit etwa 5.800 Metern, Par [&hellip;]<\/p>\n","protected":false},"author":2,"featured_media":0,"parent":1657,"menu_order":10,"comment_status":"closed","ping_status":"closed","template":"page-partner.php","meta":{"_acf_changed":false,"footnotes":""},"class_list":["post-3221","page","type-page","status-publish","hentry"],"acf":{"partner_infobox":"<strong>Adresse:\u00a0<\/strong>Via Provinciale di Mercatale 25 I-50059 Vinci\r\n\r\n<strong>Tel:\u00a0<\/strong>+39 57190 2035\r\n\r\n<strong>Web: <\/strong><a href=\"https:\/\/www.golfbellosguardovinci.it\/\" target=\"_blank\" rel=\"nofollow noopener\">www.golfbellosguardovinci.it<\/a>\r\n\r\n<strong>E-Mail:<\/strong> <a href=\"mailto:segreteria@golfbellosguardovinci.it\">segreteria@golfbellosguardovinci.it<\/a>\r\n\r\n<strong>Bedingungen: <\/strong>Gutscheine einl\u00f6sbar MO-FR ausgenommen Feiertage\r\n\r\n<strong>Spielbahnen\/Par: <\/strong>\r\n\r\n<strong>La\u0308nge:\u00a0<\/strong>\r\n\r\n<strong>Anfahrt:\r\n<\/strong>","partner_logo":3299,"partner_gallery":[48349,48353,3300,3302,3305,48345,48347,3304,48351,48355,3301,3303],"partner_lat":43.73727,"partner_long":10.90413,"partner_type":"golfclub","partner_openings":["1","2","3","4","5"],"montag_von_bis":"00:00 - 24:00","dienstag_von_bis":"00:00 - 24:00","mittwoch_von_bis":"00:00 - 24:00","donnerstag_von_bis":"00:00 - 24:00","freitag_von_bis":"00:00 - 24:00","samstag_von_bis":"00:00 - 24:00","sonntag_von_bis":"00:00 - 24:00","partner_adresse":"Via Provinciale di Mercatale 25 I-50059 Vinci","partner_land_bundesland":"Italien","partner_tel_1":"0039 0571 902035","partner_tel_2":"","partner_web":"https:\/\/www.golfbellosguardovinci.it\/","partner_mail":"segreteria@golfbellosguardovinci.it","partner_spielbahnen_par":"9\/71","partner_laenge":"","partner_bedingungen":"Gutscheine einl\u00f6sbar MO-FR ausgenommen Feiertage, \u20ac70,--\r\nvouchers valid from Mon-Fri, except public holidays, \u20ac70,--","partner_anfahrt":"","partner_misc":null,"additional_css_classes":""},"yoast_head":"<!-- This site is optimized with the Yoast SEO plugin v26.8 - https:\/\/yoast.com\/product\/yoast-seo-wordpress\/ -->\n<title>GC Bellosguardo - Fairway 2 Hotel<\/title>\n<meta name=\"robots\" content=\"index, follow, max-snippet:-1, max-image-preview:large, max-video-preview:-1\" \/>\n<link rel=\"canonical\" href=\"https:\/\/fairway2hotel.at\/en\/golfclubs\/italien\/golfclub-bellosguardo\/\" \/>\n<meta property=\"og:locale\" content=\"en_US\" \/>\n<meta property=\"og:type\" content=\"article\" \/>\n<meta property=\"og:title\" content=\"GC Bellosguardo - Fairway 2 Hotel\" \/>\n<meta property=\"og:description\" content=\"Entdecken Sie den faszinierendsten Neun-Loch-Platz Italiens Bellosguardo genie\u00dft eine einzigartige Lage in den H\u00fcgeln mit Blick auf Vinci und bietet seinen G\u00e4sten eine charmante Reise, sowohl aus technischer als auch aus landschaftlicher Sicht. Der Golfplatz ist ein atemberaubender 9 Loch Platz und geh\u00f6rt zu den l\u00e4ngsten und anspruchsvollsten in Italien, mit etwa 5.800 Metern, Par [&hellip;]\" \/>\n<meta property=\"og:url\" content=\"https:\/\/fairway2hotel.at\/en\/golfclubs\/italien\/golfclub-bellosguardo\/\" \/>\n<meta property=\"og:site_name\" content=\"Fairway 2 Hotel\" \/>\n<meta property=\"article:modified_time\" content=\"2026-02-26T15:03:44+00:00\" \/>\n<meta name=\"twitter:card\" content=\"summary_large_image\" \/>\n<meta name=\"twitter:label1\" content=\"Est. reading time\" \/>\n\t<meta name=\"twitter:data1\" content=\"2 minutes\" \/>\n<script type=\"application\/ld+json\" class=\"yoast-schema-graph\">{\"@context\":\"https:\/\/schema.org\",\"@graph\":[{\"@type\":\"WebPage\",\"@id\":\"https:\/\/fairway2hotel.at\/en\/golfclubs\/italien\/golfclub-bellosguardo\/\",\"url\":\"https:\/\/fairway2hotel.at\/en\/golfclubs\/italien\/golfclub-bellosguardo\/\",\"name\":\"GC Bellosguardo - Fairway 2 Hotel\",\"isPartOf\":{\"@id\":\"https:\/\/fairway2hotel.at\/en\/#website\"},\"datePublished\":\"2022-08-03T08:37:48+00:00\",\"dateModified\":\"2026-02-26T15:03:44+00:00\",\"breadcrumb\":{\"@id\":\"https:\/\/fairway2hotel.at\/en\/golfclubs\/italien\/golfclub-bellosguardo\/#breadcrumb\"},\"inLanguage\":\"en-US\",\"potentialAction\":[{\"@type\":\"ReadAction\",\"target\":[\"https:\/\/fairway2hotel.at\/en\/golfclubs\/italien\/golfclub-bellosguardo\/\"]}]},{\"@type\":\"BreadcrumbList\",\"@id\":\"https:\/\/fairway2hotel.at\/en\/golfclubs\/italien\/golfclub-bellosguardo\/#breadcrumb\",\"itemListElement\":[{\"@type\":\"ListItem\",\"position\":1,\"name\":\"Home\",\"item\":\"https:\/\/fairway2hotel.at\/en\/\"},{\"@type\":\"ListItem\",\"position\":2,\"name\":\"Golfclubs\",\"item\":\"https:\/\/fairway2hotel.at\/en\/golfclubs\/\"},{\"@type\":\"ListItem\",\"position\":3,\"name\":\"Golfclubs Italien\",\"item\":\"https:\/\/fairway2hotel.at\/en\/golfclubs\/italien\/\"},{\"@type\":\"ListItem\",\"position\":4,\"name\":\"GC Bellosguardo\"}]},{\"@type\":\"WebSite\",\"@id\":\"https:\/\/fairway2hotel.at\/en\/#website\",\"url\":\"https:\/\/fairway2hotel.at\/en\/\",\"name\":\"Fairway 2 Hotel\",\"description\":\"Golf at half price! 2 play - 1 pays\",\"potentialAction\":[{\"@type\":\"SearchAction\",\"target\":{\"@type\":\"EntryPoint\",\"urlTemplate\":\"https:\/\/fairway2hotel.at\/en\/?s={search_term_string}\"},\"query-input\":{\"@type\":\"PropertyValueSpecification\",\"valueRequired\":true,\"valueName\":\"search_term_string\"}}],\"inLanguage\":\"en-US\"}]}<\/script>\n<!-- \/ Yoast SEO plugin. -->","yoast_head_json":{"title":"GC Bellosguardo - Fairway 2 Hotel","robots":{"index":"index","follow":"follow","max-snippet":"max-snippet:-1","max-image-preview":"max-image-preview:large","max-video-preview":"max-video-preview:-1"},"canonical":"https:\/\/fairway2hotel.at\/en\/golfclubs\/italien\/golfclub-bellosguardo\/","og_locale":"en_US","og_type":"article","og_title":"GC Bellosguardo - Fairway 2 Hotel","og_description":"Entdecken Sie den faszinierendsten Neun-Loch-Platz Italiens Bellosguardo genie\u00dft eine einzigartige Lage in den H\u00fcgeln mit Blick auf Vinci und bietet seinen G\u00e4sten eine charmante Reise, sowohl aus technischer als auch aus landschaftlicher Sicht. Der Golfplatz ist ein atemberaubender 9 Loch Platz und geh\u00f6rt zu den l\u00e4ngsten und anspruchsvollsten in Italien, mit etwa 5.800 Metern, Par [&hellip;]","og_url":"https:\/\/fairway2hotel.at\/en\/golfclubs\/italien\/golfclub-bellosguardo\/","og_site_name":"Fairway 2 Hotel","article_modified_time":"2026-02-26T15:03:44+00:00","twitter_card":"summary_large_image","twitter_misc":{"Est. reading time":"2 minutes"},"schema":{"@context":"https:\/\/schema.org","@graph":[{"@type":"WebPage","@id":"https:\/\/fairway2hotel.at\/en\/golfclubs\/italien\/golfclub-bellosguardo\/","url":"https:\/\/fairway2hotel.at\/en\/golfclubs\/italien\/golfclub-bellosguardo\/","name":"GC Bellosguardo - Fairway 2 Hotel","isPartOf":{"@id":"https:\/\/fairway2hotel.at\/en\/#website"},"datePublished":"2022-08-03T08:37:48+00:00","dateModified":"2026-02-26T15:03:44+00:00","breadcrumb":{"@id":"https:\/\/fairway2hotel.at\/en\/golfclubs\/italien\/golfclub-bellosguardo\/#breadcrumb"},"inLanguage":"en-US","potentialAction":[{"@type":"ReadAction","target":["https:\/\/fairway2hotel.at\/en\/golfclubs\/italien\/golfclub-bellosguardo\/"]}]},{"@type":"BreadcrumbList","@id":"https:\/\/fairway2hotel.at\/en\/golfclubs\/italien\/golfclub-bellosguardo\/#breadcrumb","itemListElement":[{"@type":"ListItem","position":1,"name":"Home","item":"https:\/\/fairway2hotel.at\/en\/"},{"@type":"ListItem","position":2,"name":"Golfclubs","item":"https:\/\/fairway2hotel.at\/en\/golfclubs\/"},{"@type":"ListItem","position":3,"name":"Golfclubs Italien","item":"https:\/\/fairway2hotel.at\/en\/golfclubs\/italien\/"},{"@type":"ListItem","position":4,"name":"GC Bellosguardo"}]},{"@type":"WebSite","@id":"https:\/\/fairway2hotel.at\/en\/#website","url":"https:\/\/fairway2hotel.at\/en\/","name":"Fairway 2 Hotel","description":"Golf at half price! 2 play - 1 pays","potentialAction":[{"@type":"SearchAction","target":{"@type":"EntryPoint","urlTemplate":"https:\/\/fairway2hotel.at\/en\/?s={search_term_string}"},"query-input":{"@type":"PropertyValueSpecification","valueRequired":true,"valueName":"search_term_string"}}],"inLanguage":"en-US"}]}},"_links":{"self":[{"href":"https:\/\/fairway2hotel.at\/en\/wp-json\/wp\/v2\/pages\/3221","targetHints":{"allow":["GET"]}}],"collection":[{"href":"https:\/\/fairway2hotel.at\/en\/wp-json\/wp\/v2\/pages"}],"about":[{"href":"https:\/\/fairway2hotel.at\/en\/wp-json\/wp\/v2\/types\/page"}],"author":[{"embeddable":true,"href":"https:\/\/fairway2hotel.at\/en\/wp-json\/wp\/v2\/users\/2"}],"replies":[{"embeddable":true,"href":"https:\/\/fairway2hotel.at\/en\/wp-json\/wp\/v2\/comments?post=3221"}],"version-history":[{"count":21,"href":"https:\/\/fairway2hotel.at\/en\/wp-json\/wp\/v2\/pages\/3221\/revisions"}],"predecessor-version":[{"id":52287,"href":"https:\/\/fairway2hotel.at\/en\/wp-json\/wp\/v2\/pages\/3221\/revisions\/52287"}],"up":[{"embeddable":true,"href":"https:\/\/fairway2hotel.at\/en\/wp-json\/wp\/v2\/pages\/1657"}],"acf:attachment":[{"embeddable":true,"href":"https:\/\/fairway2hotel.at\/en\/wp-json\/wp\/v2\/media\/3303"},{"embeddable":true,"href":"https:\/\/fairway2hotel.at\/en\/wp-json\/wp\/v2\/media\/3301"},{"embeddable":true,"href":"https:\/\/fairway2hotel.at\/en\/wp-json\/wp\/v2\/media\/48355"},{"embeddable":true,"href":"https:\/\/fairway2hotel.at\/en\/wp-json\/wp\/v2\/media\/48351"},{"embeddable":true,"href":"https:\/\/fairway2hotel.at\/en\/wp-json\/wp\/v2\/media\/3304"},{"embeddable":true,"href":"https:\/\/fairway2hotel.at\/en\/wp-json\/wp\/v2\/media\/48347"},{"embeddable":true,"href":"https:\/\/fairway2hotel.at\/en\/wp-json\/wp\/v2\/media\/48345"},{"embeddable":true,"href":"https:\/\/fairway2hotel.at\/en\/wp-json\/wp\/v2\/media\/3305"},{"embeddable":true,"href":"https:\/\/fairway2hotel.at\/en\/wp-json\/wp\/v2\/media\/3302"},{"embeddable":true,"href":"https:\/\/fairway2hotel.at\/en\/wp-json\/wp\/v2\/media\/3300"},{"embeddable":true,"href":"https:\/\/fairway2hotel.at\/en\/wp-json\/wp\/v2\/media\/48353"},{"embeddable":true,"href":"https:\/\/fairway2hotel.at\/en\/wp-json\/wp\/v2\/media\/48349"}],"wp:attachment":[{"href":"https:\/\/fairway2hotel.at\/en\/wp-json\/wp\/v2\/media?parent=3221"}],"curies":[{"name":"wp","href":"https:\/\/api.w.org\/{rel}","templated":true}]}}