{"id":3243,"date":"2022-08-03T11:33:35","date_gmt":"2022-08-03T09:33:35","guid":{"rendered":"https:\/\/fairway2hotel.at\/golfclubs\/deutschland\/golfclub-groebernhof-copy\/"},"modified":"2025-03-30T17:22:59","modified_gmt":"2025-03-30T15:22:59","slug":"golfanlage-gut-leimershof","status":"publish","type":"page","link":"https:\/\/fairway2hotel.at\/en\/golfclubs\/deutschland\/golfanlage-gut-leimershof\/","title":{"rendered":"GC Gut Leimershof"},"content":{"rendered":"<h2>Willkommen auf der Golfanlage Gut Leimershof<\/h2>\n<p>direkt vor den Toren der Weltkulturerbe-Stadt Bamberg befindet sich unsere Anlage auf dem denkmalgesch\u00fctzten Gut Leimershof. Abseits von jeglichem Stra\u00dfen- oder Verkehrsl\u00e4rm ist die Golfanlage eingebettet in die typisch fr\u00e4nkische H\u00fcgellandschaft und an drei Seiten von Wald ums\u00e4umt. Jede der 18 Bahnen bietet immer wieder neue Blickwinkel in die herrliche Landschaft und auf die fast 900 Jahre alte Giechburg.<\/p>\n<p>Das Layout der 18 Loch Meisterschaftsanlage wurde im Jahr 1984 vom Golfplatzarchitekten Dieter R. Sziedat entworfen. Es bietet sowohl f\u00fcr ambitionierte Golfer als auch f\u00fcr den Hobbygolfer ein genussvolles und jederzeit faires Spiel. Eine Runde Golf wird auf dem teilweise h\u00fcgeligen Platz durch seine Schr\u00e4glagen, zahlreichen Bunker, Wasserhindernissen und ondulierten Gr\u00fcns f\u00fcr jeden Golfer zu einem unvergesslichen Erlebnis. Unsere Gastronomie mit einer Sonnenterrasse bietet die Gelegenheit die Golfrunde in entspannter Atmosph\u00e4re ausklingen zu lassen. Die Golfanlage Gut Leimershof schafft alle Voraussetzungen f\u00fcr ein golferisches und kulinarisches Genusserlebnis f\u00fcr Sie und Ihre Freunde.<\/p>\n<h2>Welcome to the Gut Leimershof golf course<\/h2>\n<p>Our course is located directly at the gates of the World Heritage city of Bamberg on the listed Gut Leimershof estate. Away from any road or traffic noise, the golf course is embedded in the typical Franconian hilly landscape and surrounded by forest on three sides. Each of the 18 holes offers ever-changing views of the marvellous landscape and the almost 900-year-old Giechburg castle.<\/p>\n<p>The layout of the 18-hole championship course was designed by golf course architect Dieter R. Sziedat in 1984. It offers both ambitious golfers and amateur golfers an enjoyable and always fair game. A round of golf on the partly hilly course is an unforgettable experience for every golfer thanks to its slopes, numerous bunkers, water hazards and undulating greens. Our catering facilities with a sun terrace offer the opportunity to round off a round of golf in a relaxed atmosphere. The Gut Leimershof golf course creates all the conditions for a golfing and culinary experience for you and your friends.<\/p>\n","protected":false},"excerpt":{"rendered":"<p>Willkommen auf der Golfanlage Gut Leimershof direkt vor den Toren der Weltkulturerbe-Stadt Bamberg befindet sich unsere Anlage auf dem denkmalgesch\u00fctzten Gut Leimershof. Abseits von jeglichem Stra\u00dfen- oder Verkehrsl\u00e4rm ist die Golfanlage eingebettet in die typisch fr\u00e4nkische H\u00fcgellandschaft und an drei Seiten von Wald ums\u00e4umt. Jede der 18 Bahnen bietet immer wieder neue Blickwinkel in die [&hellip;]<\/p>\n","protected":false},"author":2,"featured_media":0,"parent":1607,"menu_order":75,"comment_status":"closed","ping_status":"closed","template":"page-partner.php","meta":{"_acf_changed":false,"footnotes":""},"class_list":["post-3243","page","type-page","status-publish","hentry"],"acf":{"partner_infobox":"<strong>Adresse: <\/strong>Leimershof 9, D 96149 Breiteng\u00fc\u00dfbach\r\n\r\n<strong>Tel:\u00a0<\/strong>+49 9547 8709939\r\n\r\n<strong>Web: <\/strong><a href=\"https:\/\/www.leimershof-golfanlage.de\/\" target=\"_blank\" rel=\"nofollow noopener noreferrer\">www.leimershof-golfanlage.de<\/a>\r\n\r\n<strong>E-Mail:<\/strong> <a href=\"mailto:info@leimershof-golfanlage.de\">info@leimershof-golfanlage.de<\/a>\r\n\r\n<strong>Bedingungen: <\/strong>Gutscheine einl\u00f6sbar DI-SO\r\n\r\n<strong>Spielbahnen\/Par: <\/strong>\r\n\r\n<strong>La\u0308nge: <\/strong>\r\n\r\n<strong>Anfahrt:\r\n<\/strong>","partner_logo":3246,"partner_gallery":[3250,3251,3252,3253],"partner_lat":49.98619,"partner_long":10.96382,"partner_type":"golfclub","partner_openings":["2","3","4","5","6","7"],"montag_von_bis":"00:00 - 24:00","dienstag_von_bis":"00:00 - 24:00","mittwoch_von_bis":"00:00 - 24:00","donnerstag_von_bis":"00:00 - 24:00","freitag_von_bis":"00:00 - 24:00","samstag_von_bis":"00:00 - 24:00","sonntag_von_bis":"00:00 - 24:00","partner_adresse":"Leimershof 9, D 96149 Breiteng\u00fc\u00dfbach","partner_land_bundesland":"Deutschland","partner_tel_1":"","partner_tel_2":"0049 9547 8709939","partner_web":"https:\/\/www.leimershof-golfanlage.de\/","partner_mail":"info@leimershof-golfanlage.de","partner_spielbahnen_par":"18\/72","partner_laenge":"","partner_bedingungen":"Gutscheine einl\u00f6sbar DI-SO\r\nvouchers redeemable from Tue-Sun","partner_anfahrt":"","partner_misc":null,"additional_css_classes":""},"yoast_head":"<!-- This site is optimized with the Yoast SEO plugin v26.8 - https:\/\/yoast.com\/product\/yoast-seo-wordpress\/ -->\n<title>GC Gut Leimershof - Fairway 2 Hotel<\/title>\n<meta name=\"robots\" content=\"index, follow, max-snippet:-1, max-image-preview:large, max-video-preview:-1\" \/>\n<link rel=\"canonical\" href=\"https:\/\/fairway2hotel.at\/en\/golfclubs\/deutschland\/golfanlage-gut-leimershof\/\" \/>\n<meta property=\"og:locale\" content=\"en_US\" \/>\n<meta property=\"og:type\" content=\"article\" \/>\n<meta property=\"og:title\" content=\"GC Gut Leimershof - Fairway 2 Hotel\" \/>\n<meta property=\"og:description\" content=\"Willkommen auf der Golfanlage Gut Leimershof direkt vor den Toren der Weltkulturerbe-Stadt Bamberg befindet sich unsere Anlage auf dem denkmalgesch\u00fctzten Gut Leimershof. Abseits von jeglichem Stra\u00dfen- oder Verkehrsl\u00e4rm ist die Golfanlage eingebettet in die typisch fr\u00e4nkische H\u00fcgellandschaft und an drei Seiten von Wald ums\u00e4umt. Jede der 18 Bahnen bietet immer wieder neue Blickwinkel in die [&hellip;]\" \/>\n<meta property=\"og:url\" content=\"https:\/\/fairway2hotel.at\/en\/golfclubs\/deutschland\/golfanlage-gut-leimershof\/\" \/>\n<meta property=\"og:site_name\" content=\"Fairway 2 Hotel\" \/>\n<meta property=\"article:modified_time\" content=\"2025-03-30T15:22:59+00:00\" \/>\n<meta name=\"twitter:card\" content=\"summary_large_image\" \/>\n<meta name=\"twitter:label1\" content=\"Est. reading time\" \/>\n\t<meta name=\"twitter:data1\" content=\"2 minutes\" \/>\n<script type=\"application\/ld+json\" class=\"yoast-schema-graph\">{\"@context\":\"https:\/\/schema.org\",\"@graph\":[{\"@type\":\"WebPage\",\"@id\":\"https:\/\/fairway2hotel.at\/en\/golfclubs\/deutschland\/golfanlage-gut-leimershof\/\",\"url\":\"https:\/\/fairway2hotel.at\/en\/golfclubs\/deutschland\/golfanlage-gut-leimershof\/\",\"name\":\"GC Gut Leimershof - Fairway 2 Hotel\",\"isPartOf\":{\"@id\":\"https:\/\/fairway2hotel.at\/en\/#website\"},\"datePublished\":\"2022-08-03T09:33:35+00:00\",\"dateModified\":\"2025-03-30T15:22:59+00:00\",\"breadcrumb\":{\"@id\":\"https:\/\/fairway2hotel.at\/en\/golfclubs\/deutschland\/golfanlage-gut-leimershof\/#breadcrumb\"},\"inLanguage\":\"en-US\",\"potentialAction\":[{\"@type\":\"ReadAction\",\"target\":[\"https:\/\/fairway2hotel.at\/en\/golfclubs\/deutschland\/golfanlage-gut-leimershof\/\"]}]},{\"@type\":\"BreadcrumbList\",\"@id\":\"https:\/\/fairway2hotel.at\/en\/golfclubs\/deutschland\/golfanlage-gut-leimershof\/#breadcrumb\",\"itemListElement\":[{\"@type\":\"ListItem\",\"position\":1,\"name\":\"Home\",\"item\":\"https:\/\/fairway2hotel.at\/en\/\"},{\"@type\":\"ListItem\",\"position\":2,\"name\":\"Golfclubs\",\"item\":\"https:\/\/fairway2hotel.at\/en\/golfclubs\/\"},{\"@type\":\"ListItem\",\"position\":3,\"name\":\"Golfclubs Deutschland\",\"item\":\"https:\/\/fairway2hotel.at\/en\/golfclubs\/deutschland\/\"},{\"@type\":\"ListItem\",\"position\":4,\"name\":\"GC Gut Leimershof\"}]},{\"@type\":\"WebSite\",\"@id\":\"https:\/\/fairway2hotel.at\/en\/#website\",\"url\":\"https:\/\/fairway2hotel.at\/en\/\",\"name\":\"Fairway 2 Hotel\",\"description\":\"Golf at half price! 2 play - 1 pays\",\"potentialAction\":[{\"@type\":\"SearchAction\",\"target\":{\"@type\":\"EntryPoint\",\"urlTemplate\":\"https:\/\/fairway2hotel.at\/en\/?s={search_term_string}\"},\"query-input\":{\"@type\":\"PropertyValueSpecification\",\"valueRequired\":true,\"valueName\":\"search_term_string\"}}],\"inLanguage\":\"en-US\"}]}<\/script>\n<!-- \/ Yoast SEO plugin. -->","yoast_head_json":{"title":"GC Gut Leimershof - Fairway 2 Hotel","robots":{"index":"index","follow":"follow","max-snippet":"max-snippet:-1","max-image-preview":"max-image-preview:large","max-video-preview":"max-video-preview:-1"},"canonical":"https:\/\/fairway2hotel.at\/en\/golfclubs\/deutschland\/golfanlage-gut-leimershof\/","og_locale":"en_US","og_type":"article","og_title":"GC Gut Leimershof - Fairway 2 Hotel","og_description":"Willkommen auf der Golfanlage Gut Leimershof direkt vor den Toren der Weltkulturerbe-Stadt Bamberg befindet sich unsere Anlage auf dem denkmalgesch\u00fctzten Gut Leimershof. Abseits von jeglichem Stra\u00dfen- oder Verkehrsl\u00e4rm ist die Golfanlage eingebettet in die typisch fr\u00e4nkische H\u00fcgellandschaft und an drei Seiten von Wald ums\u00e4umt. Jede der 18 Bahnen bietet immer wieder neue Blickwinkel in die [&hellip;]","og_url":"https:\/\/fairway2hotel.at\/en\/golfclubs\/deutschland\/golfanlage-gut-leimershof\/","og_site_name":"Fairway 2 Hotel","article_modified_time":"2025-03-30T15:22:59+00:00","twitter_card":"summary_large_image","twitter_misc":{"Est. reading time":"2 minutes"},"schema":{"@context":"https:\/\/schema.org","@graph":[{"@type":"WebPage","@id":"https:\/\/fairway2hotel.at\/en\/golfclubs\/deutschland\/golfanlage-gut-leimershof\/","url":"https:\/\/fairway2hotel.at\/en\/golfclubs\/deutschland\/golfanlage-gut-leimershof\/","name":"GC Gut Leimershof - Fairway 2 Hotel","isPartOf":{"@id":"https:\/\/fairway2hotel.at\/en\/#website"},"datePublished":"2022-08-03T09:33:35+00:00","dateModified":"2025-03-30T15:22:59+00:00","breadcrumb":{"@id":"https:\/\/fairway2hotel.at\/en\/golfclubs\/deutschland\/golfanlage-gut-leimershof\/#breadcrumb"},"inLanguage":"en-US","potentialAction":[{"@type":"ReadAction","target":["https:\/\/fairway2hotel.at\/en\/golfclubs\/deutschland\/golfanlage-gut-leimershof\/"]}]},{"@type":"BreadcrumbList","@id":"https:\/\/fairway2hotel.at\/en\/golfclubs\/deutschland\/golfanlage-gut-leimershof\/#breadcrumb","itemListElement":[{"@type":"ListItem","position":1,"name":"Home","item":"https:\/\/fairway2hotel.at\/en\/"},{"@type":"ListItem","position":2,"name":"Golfclubs","item":"https:\/\/fairway2hotel.at\/en\/golfclubs\/"},{"@type":"ListItem","position":3,"name":"Golfclubs Deutschland","item":"https:\/\/fairway2hotel.at\/en\/golfclubs\/deutschland\/"},{"@type":"ListItem","position":4,"name":"GC Gut Leimershof"}]},{"@type":"WebSite","@id":"https:\/\/fairway2hotel.at\/en\/#website","url":"https:\/\/fairway2hotel.at\/en\/","name":"Fairway 2 Hotel","description":"Golf at half price! 2 play - 1 pays","potentialAction":[{"@type":"SearchAction","target":{"@type":"EntryPoint","urlTemplate":"https:\/\/fairway2hotel.at\/en\/?s={search_term_string}"},"query-input":{"@type":"PropertyValueSpecification","valueRequired":true,"valueName":"search_term_string"}}],"inLanguage":"en-US"}]}},"_links":{"self":[{"href":"https:\/\/fairway2hotel.at\/en\/wp-json\/wp\/v2\/pages\/3243","targetHints":{"allow":["GET"]}}],"collection":[{"href":"https:\/\/fairway2hotel.at\/en\/wp-json\/wp\/v2\/pages"}],"about":[{"href":"https:\/\/fairway2hotel.at\/en\/wp-json\/wp\/v2\/types\/page"}],"author":[{"embeddable":true,"href":"https:\/\/fairway2hotel.at\/en\/wp-json\/wp\/v2\/users\/2"}],"replies":[{"embeddable":true,"href":"https:\/\/fairway2hotel.at\/en\/wp-json\/wp\/v2\/comments?post=3243"}],"version-history":[{"count":12,"href":"https:\/\/fairway2hotel.at\/en\/wp-json\/wp\/v2\/pages\/3243\/revisions"}],"predecessor-version":[{"id":47300,"href":"https:\/\/fairway2hotel.at\/en\/wp-json\/wp\/v2\/pages\/3243\/revisions\/47300"}],"up":[{"embeddable":true,"href":"https:\/\/fairway2hotel.at\/en\/wp-json\/wp\/v2\/pages\/1607"}],"acf:attachment":[{"embeddable":true,"href":"https:\/\/fairway2hotel.at\/en\/wp-json\/wp\/v2\/media\/3253"},{"embeddable":true,"href":"https:\/\/fairway2hotel.at\/en\/wp-json\/wp\/v2\/media\/3252"},{"embeddable":true,"href":"https:\/\/fairway2hotel.at\/en\/wp-json\/wp\/v2\/media\/3251"},{"embeddable":true,"href":"https:\/\/fairway2hotel.at\/en\/wp-json\/wp\/v2\/media\/3250"}],"wp:attachment":[{"href":"https:\/\/fairway2hotel.at\/en\/wp-json\/wp\/v2\/media?parent=3243"}],"curies":[{"name":"wp","href":"https:\/\/api.w.org\/{rel}","templated":true}]}}