{"id":3255,"date":"2022-08-03T12:04:15","date_gmt":"2022-08-03T10:04:15","guid":{"rendered":"https:\/\/fairway2hotel.at\/golfclubs\/deutschland\/golfanlage-gut-leimershof-copy\/"},"modified":"2025-03-30T17:27:55","modified_gmt":"2025-03-30T15:27:55","slug":"golfclub-ingolstadt","status":"publish","type":"page","link":"https:\/\/fairway2hotel.at\/en\/golfclubs\/deutschland\/golfclub-ingolstadt\/","title":{"rendered":"GC Ingolstadt e.V."},"content":{"rendered":"<h2>Golfen mit Tradition<\/h2>\n<p>Die traditionsreiche 18-Loch-Anlage des GC Ingolstadt ist ein fordernder Parkland-Course mit zahlreichen in die Natur eingebetteten Wasserhindernissen. Begr\u00fc\u00dft wird der Gast mit einem verhei\u00dfungsvollen Blick auf das achtzehnte Gr\u00fcn. Die Bahn 18 im GC Ingolstadt ist charakteristisch f\u00fcr den gesamten Platz: das Par 5 mit 452 Metern erfordert Pr\u00e4zision, taktisches Geschick und Risikobereitschaft. Und so ist es auch auf den vorangegangenen Bahnen: fair \u2013 aber f\u00fcr alle Spielst\u00e4rken immer anspruchsvoll. Mit viel Wasser, oft sehr eng und dann auch wiederum mit verlockend weiten Fairways. Aufgrund des flachen Gel\u00e4ndeprofils ist das Spiel aber sehr angenehm und man gewinnt den Eindruck, sich in einem Park zu befinden \u2013 mit Blumenwiesen, Biotopen und Seelandschaften. Der Pflegezustand ist ausgezeichnet, das Greenkeping-Team k\u00fcmmert sich mit viel Liebe und Sinn f\u00fcr \u00c4sthetik um den Platz. Driving Range, Puttinggreen und \u00dcbungsbunker liegen nahe am 2012 modernisierten Clubhaus. Dort hat man nach der Runde Gelegenheit, auf der Terrasse mit Blick auf den Abschlag 1 und Bahn 18 den Golftag angemessen zu er\u00f6rtern.<\/p>\n<h2>Golfing with tradition<\/h2>\n<p>The traditional 18-hole course at GC Ingolstadt is a challenging parkland course with numerous water hazards embedded in the natural surroundings. Guests are greeted with an auspicious view of the eighteenth green. The 18th hole at GC Ingolstadt is characteristic of the entire course: the par 5 with 452 metres requires precision, tactical skill and a willingness to take risks. And it is the same on the previous holes: fair &#8211; but always challenging for all skill levels. With lots of water, often very narrow and then again with temptingly wide fairways. Due to the flat terrain profile, however, the game is very pleasant and you get the impression of being in a park &#8211; with flower meadows, biotopes and lake landscapes. The maintenance is excellent and the greenkeeping team looks after the course with great care and a sense of aesthetics. The driving range, putting green and practice bunker are close to the clubhouse, which was modernised in 2012. After your round, you can discuss your day&#8217;s golf on the terrace with a view of tee 1 and hole 18.<\/p>\n<p>&nbsp;<\/p>\n","protected":false},"excerpt":{"rendered":"<p>Golfen mit Tradition Die traditionsreiche 18-Loch-Anlage des GC Ingolstadt ist ein fordernder Parkland-Course mit zahlreichen in die Natur eingebetteten Wasserhindernissen. Begr\u00fc\u00dft wird der Gast mit einem verhei\u00dfungsvollen Blick auf das achtzehnte Gr\u00fcn. Die Bahn 18 im GC Ingolstadt ist charakteristisch f\u00fcr den gesamten Platz: das Par 5 mit 452 Metern erfordert Pr\u00e4zision, taktisches Geschick und [&hellip;]<\/p>\n","protected":false},"author":2,"featured_media":0,"parent":1607,"menu_order":75,"comment_status":"closed","ping_status":"closed","template":"page-partner.php","meta":{"_acf_changed":false,"footnotes":""},"class_list":["post-3255","page","type-page","status-publish","hentry"],"acf":{"partner_infobox":"<strong>Adresse: <\/strong>Krumenauerstr. 1, D-85049 Ingolstadt\r\n\r\n<strong>Tel:\u00a0<\/strong>+49 841 85778\r\n\r\n<strong>Web: <\/strong><a href=\"https:\/\/www.golf-ingolstadt.de\/\" target=\"_blank\" rel=\"nofollow noopener noreferrer\">www.golf-ingolstadt.de<\/a>\r\n\r\n<strong>E-Mail:<\/strong> <a href=\"mailto:info@golf-ingolstadt.de\">info@golf-ingolstadt.de<\/a>\r\n\r\n<strong>Bedingungen: <\/strong>Gutscheine einl\u00f6sbar von Mo-Fr\r\n\r\n<strong>Spielbahnen\/Par: <\/strong>\r\n\r\n<strong>La\u0308nge: <\/strong>\r\n\r\n<strong>Anfahrt:\r\n<\/strong>","partner_logo":3258,"partner_gallery":[3260,3261,3262,3263,3264],"partner_lat":48.7634553,"partner_long":11.3735071,"partner_type":"golfclub","partner_openings":["1","2","3","4","5"],"montag_von_bis":"00:00 - 24:00","dienstag_von_bis":"00:00 - 24:00","mittwoch_von_bis":"00:00 - 24:00","donnerstag_von_bis":"00:00 - 24:00","freitag_von_bis":"00:00 - 24:00","samstag_von_bis":"00:00 - 24:00","sonntag_von_bis":"00:00 - 24:00","partner_adresse":"Krumenauerstr. 1, D-85049 Ingolstadt","partner_land_bundesland":"Deutschland","partner_tel_1":"0049 841 85778","partner_tel_2":"","partner_web":"https:\/\/www.golf-ingolstadt.de\/","partner_mail":"info@golf-ingolstadt.de","partner_spielbahnen_par":"18\/72","partner_laenge":"","partner_bedingungen":"Gutscheine einl\u00f6sbar von Mo-Fr\r\nVouchers valid from Mon-Fri","partner_anfahrt":"","partner_misc":null,"additional_css_classes":""},"yoast_head":"<!-- This site is optimized with the Yoast SEO plugin v26.8 - https:\/\/yoast.com\/product\/yoast-seo-wordpress\/ -->\n<title>GC Ingolstadt e.V. - Fairway 2 Hotel<\/title>\n<meta name=\"robots\" content=\"index, follow, max-snippet:-1, max-image-preview:large, max-video-preview:-1\" \/>\n<link rel=\"canonical\" href=\"https:\/\/fairway2hotel.at\/en\/golfclubs\/deutschland\/golfclub-ingolstadt\/\" \/>\n<meta property=\"og:locale\" content=\"en_US\" \/>\n<meta property=\"og:type\" content=\"article\" \/>\n<meta property=\"og:title\" content=\"GC Ingolstadt e.V. - Fairway 2 Hotel\" \/>\n<meta property=\"og:description\" content=\"Golfen mit Tradition Die traditionsreiche 18-Loch-Anlage des GC Ingolstadt ist ein fordernder Parkland-Course mit zahlreichen in die Natur eingebetteten Wasserhindernissen. Begr\u00fc\u00dft wird der Gast mit einem verhei\u00dfungsvollen Blick auf das achtzehnte Gr\u00fcn. Die Bahn 18 im GC Ingolstadt ist charakteristisch f\u00fcr den gesamten Platz: das Par 5 mit 452 Metern erfordert Pr\u00e4zision, taktisches Geschick und [&hellip;]\" \/>\n<meta property=\"og:url\" content=\"https:\/\/fairway2hotel.at\/en\/golfclubs\/deutschland\/golfclub-ingolstadt\/\" \/>\n<meta property=\"og:site_name\" content=\"Fairway 2 Hotel\" \/>\n<meta property=\"article:modified_time\" content=\"2025-03-30T15:27:55+00:00\" \/>\n<meta name=\"twitter:card\" content=\"summary_large_image\" \/>\n<meta name=\"twitter:label1\" content=\"Est. reading time\" \/>\n\t<meta name=\"twitter:data1\" content=\"2 minutes\" \/>\n<script type=\"application\/ld+json\" class=\"yoast-schema-graph\">{\"@context\":\"https:\/\/schema.org\",\"@graph\":[{\"@type\":\"WebPage\",\"@id\":\"https:\/\/fairway2hotel.at\/en\/golfclubs\/deutschland\/golfclub-ingolstadt\/\",\"url\":\"https:\/\/fairway2hotel.at\/en\/golfclubs\/deutschland\/golfclub-ingolstadt\/\",\"name\":\"GC Ingolstadt e.V. - Fairway 2 Hotel\",\"isPartOf\":{\"@id\":\"https:\/\/fairway2hotel.at\/en\/#website\"},\"datePublished\":\"2022-08-03T10:04:15+00:00\",\"dateModified\":\"2025-03-30T15:27:55+00:00\",\"breadcrumb\":{\"@id\":\"https:\/\/fairway2hotel.at\/en\/golfclubs\/deutschland\/golfclub-ingolstadt\/#breadcrumb\"},\"inLanguage\":\"en-US\",\"potentialAction\":[{\"@type\":\"ReadAction\",\"target\":[\"https:\/\/fairway2hotel.at\/en\/golfclubs\/deutschland\/golfclub-ingolstadt\/\"]}]},{\"@type\":\"BreadcrumbList\",\"@id\":\"https:\/\/fairway2hotel.at\/en\/golfclubs\/deutschland\/golfclub-ingolstadt\/#breadcrumb\",\"itemListElement\":[{\"@type\":\"ListItem\",\"position\":1,\"name\":\"Home\",\"item\":\"https:\/\/fairway2hotel.at\/en\/\"},{\"@type\":\"ListItem\",\"position\":2,\"name\":\"Golfclubs\",\"item\":\"https:\/\/fairway2hotel.at\/en\/golfclubs\/\"},{\"@type\":\"ListItem\",\"position\":3,\"name\":\"Golfclubs Deutschland\",\"item\":\"https:\/\/fairway2hotel.at\/en\/golfclubs\/deutschland\/\"},{\"@type\":\"ListItem\",\"position\":4,\"name\":\"GC Ingolstadt e.V.\"}]},{\"@type\":\"WebSite\",\"@id\":\"https:\/\/fairway2hotel.at\/en\/#website\",\"url\":\"https:\/\/fairway2hotel.at\/en\/\",\"name\":\"Fairway 2 Hotel\",\"description\":\"Golf at half price! 2 play - 1 pays\",\"potentialAction\":[{\"@type\":\"SearchAction\",\"target\":{\"@type\":\"EntryPoint\",\"urlTemplate\":\"https:\/\/fairway2hotel.at\/en\/?s={search_term_string}\"},\"query-input\":{\"@type\":\"PropertyValueSpecification\",\"valueRequired\":true,\"valueName\":\"search_term_string\"}}],\"inLanguage\":\"en-US\"}]}<\/script>\n<!-- \/ Yoast SEO plugin. -->","yoast_head_json":{"title":"GC Ingolstadt e.V. - Fairway 2 Hotel","robots":{"index":"index","follow":"follow","max-snippet":"max-snippet:-1","max-image-preview":"max-image-preview:large","max-video-preview":"max-video-preview:-1"},"canonical":"https:\/\/fairway2hotel.at\/en\/golfclubs\/deutschland\/golfclub-ingolstadt\/","og_locale":"en_US","og_type":"article","og_title":"GC Ingolstadt e.V. - Fairway 2 Hotel","og_description":"Golfen mit Tradition Die traditionsreiche 18-Loch-Anlage des GC Ingolstadt ist ein fordernder Parkland-Course mit zahlreichen in die Natur eingebetteten Wasserhindernissen. Begr\u00fc\u00dft wird der Gast mit einem verhei\u00dfungsvollen Blick auf das achtzehnte Gr\u00fcn. Die Bahn 18 im GC Ingolstadt ist charakteristisch f\u00fcr den gesamten Platz: das Par 5 mit 452 Metern erfordert Pr\u00e4zision, taktisches Geschick und [&hellip;]","og_url":"https:\/\/fairway2hotel.at\/en\/golfclubs\/deutschland\/golfclub-ingolstadt\/","og_site_name":"Fairway 2 Hotel","article_modified_time":"2025-03-30T15:27:55+00:00","twitter_card":"summary_large_image","twitter_misc":{"Est. reading time":"2 minutes"},"schema":{"@context":"https:\/\/schema.org","@graph":[{"@type":"WebPage","@id":"https:\/\/fairway2hotel.at\/en\/golfclubs\/deutschland\/golfclub-ingolstadt\/","url":"https:\/\/fairway2hotel.at\/en\/golfclubs\/deutschland\/golfclub-ingolstadt\/","name":"GC Ingolstadt e.V. - Fairway 2 Hotel","isPartOf":{"@id":"https:\/\/fairway2hotel.at\/en\/#website"},"datePublished":"2022-08-03T10:04:15+00:00","dateModified":"2025-03-30T15:27:55+00:00","breadcrumb":{"@id":"https:\/\/fairway2hotel.at\/en\/golfclubs\/deutschland\/golfclub-ingolstadt\/#breadcrumb"},"inLanguage":"en-US","potentialAction":[{"@type":"ReadAction","target":["https:\/\/fairway2hotel.at\/en\/golfclubs\/deutschland\/golfclub-ingolstadt\/"]}]},{"@type":"BreadcrumbList","@id":"https:\/\/fairway2hotel.at\/en\/golfclubs\/deutschland\/golfclub-ingolstadt\/#breadcrumb","itemListElement":[{"@type":"ListItem","position":1,"name":"Home","item":"https:\/\/fairway2hotel.at\/en\/"},{"@type":"ListItem","position":2,"name":"Golfclubs","item":"https:\/\/fairway2hotel.at\/en\/golfclubs\/"},{"@type":"ListItem","position":3,"name":"Golfclubs Deutschland","item":"https:\/\/fairway2hotel.at\/en\/golfclubs\/deutschland\/"},{"@type":"ListItem","position":4,"name":"GC Ingolstadt e.V."}]},{"@type":"WebSite","@id":"https:\/\/fairway2hotel.at\/en\/#website","url":"https:\/\/fairway2hotel.at\/en\/","name":"Fairway 2 Hotel","description":"Golf at half price! 2 play - 1 pays","potentialAction":[{"@type":"SearchAction","target":{"@type":"EntryPoint","urlTemplate":"https:\/\/fairway2hotel.at\/en\/?s={search_term_string}"},"query-input":{"@type":"PropertyValueSpecification","valueRequired":true,"valueName":"search_term_string"}}],"inLanguage":"en-US"}]}},"_links":{"self":[{"href":"https:\/\/fairway2hotel.at\/en\/wp-json\/wp\/v2\/pages\/3255","targetHints":{"allow":["GET"]}}],"collection":[{"href":"https:\/\/fairway2hotel.at\/en\/wp-json\/wp\/v2\/pages"}],"about":[{"href":"https:\/\/fairway2hotel.at\/en\/wp-json\/wp\/v2\/types\/page"}],"author":[{"embeddable":true,"href":"https:\/\/fairway2hotel.at\/en\/wp-json\/wp\/v2\/users\/2"}],"replies":[{"embeddable":true,"href":"https:\/\/fairway2hotel.at\/en\/wp-json\/wp\/v2\/comments?post=3255"}],"version-history":[{"count":11,"href":"https:\/\/fairway2hotel.at\/en\/wp-json\/wp\/v2\/pages\/3255\/revisions"}],"predecessor-version":[{"id":47303,"href":"https:\/\/fairway2hotel.at\/en\/wp-json\/wp\/v2\/pages\/3255\/revisions\/47303"}],"up":[{"embeddable":true,"href":"https:\/\/fairway2hotel.at\/en\/wp-json\/wp\/v2\/pages\/1607"}],"acf:attachment":[{"embeddable":true,"href":"https:\/\/fairway2hotel.at\/en\/wp-json\/wp\/v2\/media\/3264"},{"embeddable":true,"href":"https:\/\/fairway2hotel.at\/en\/wp-json\/wp\/v2\/media\/3263"},{"embeddable":true,"href":"https:\/\/fairway2hotel.at\/en\/wp-json\/wp\/v2\/media\/3262"},{"embeddable":true,"href":"https:\/\/fairway2hotel.at\/en\/wp-json\/wp\/v2\/media\/3261"},{"embeddable":true,"href":"https:\/\/fairway2hotel.at\/en\/wp-json\/wp\/v2\/media\/3260"}],"wp:attachment":[{"href":"https:\/\/fairway2hotel.at\/en\/wp-json\/wp\/v2\/media?parent=3255"}],"curies":[{"name":"wp","href":"https:\/\/api.w.org\/{rel}","templated":true}]}}