{"id":3276,"date":"2022-08-03T12:27:08","date_gmt":"2022-08-03T10:27:08","guid":{"rendered":"https:\/\/fairway2hotel.at\/golfclubs\/deutschland\/golfanlage-gut-leimershof-copy\/"},"modified":"2025-03-30T17:29:13","modified_gmt":"2025-03-30T15:29:13","slug":"jura-golf-park-meisterschaftsplatz-hilzofen","status":"publish","type":"page","link":"https:\/\/fairway2hotel.at\/en\/golfclubs\/deutschland\/jura-golf-park-meisterschaftsplatz-hilzofen\/","title":{"rendered":"GC Jura Golf Park &#8211; Meisterschaftsplatz Hilzhofen"},"content":{"rendered":"<h2>Golfen mit Freunden<\/h2>\n<p>Die Spielbahnen dieses idyllisch in die reizvolle Juralandschaft eingebetteten 18-Loch-Meisterschaftsplatzes offenbaren dem Golfspieler immer wieder traumhafte Ausblicke auf einen Naturteppich aus H\u00fcgeln und T\u00e4lern, Wiesen und B\u00e4umen, Waldlichtungen und B\u00fcschen, ohne Stra\u00dfenl\u00e4rm oder sonstige st\u00f6rende Einfl\u00fcsse. Ruhe &amp; Entspannung pur!<br \/>\nJede Golfrunde bedeutet abschalten und den Alltag f\u00fcr 18 L\u00f6cher hinter sich zu lassen. Pures Golfvergn\u00fcgen! Wir bieten landschaftliche Idylle und hervorragende Spielm\u00f6glichkeiten. Bei uns ist jeder herzlich willkommen!<\/p>\n<h2>Golfing with friends<\/h2>\n<p>The fairways of this 18-hole championship course, idyllically embedded in the charming Jura landscape, reveal to the golfer again and again dreamlike views of a natural carpet of hills and valleys, meadows and trees, forest clearings and bushes, without road noise or other disturbing influences. Pure peace &amp; relaxation!<br \/>\nEvery round of golf means switching off and leaving everyday life behind for 18 holes. Pure golfing pleasure! We offer an idyllic landscape and excellent playing opportunities. Everyone is welcome here!<\/p>\n<p>&nbsp;<\/p>\n","protected":false},"excerpt":{"rendered":"<p>Golfen mit Freunden Die Spielbahnen dieses idyllisch in die reizvolle Juralandschaft eingebetteten 18-Loch-Meisterschaftsplatzes offenbaren dem Golfspieler immer wieder traumhafte Ausblicke auf einen Naturteppich aus H\u00fcgeln und T\u00e4lern, Wiesen und B\u00e4umen, Waldlichtungen und B\u00fcschen, ohne Stra\u00dfenl\u00e4rm oder sonstige st\u00f6rende Einfl\u00fcsse. Ruhe &amp; Entspannung pur! Jede Golfrunde bedeutet abschalten und den Alltag f\u00fcr 18 L\u00f6cher hinter sich [&hellip;]<\/p>\n","protected":false},"author":2,"featured_media":0,"parent":1607,"menu_order":75,"comment_status":"closed","ping_status":"closed","template":"page-partner.php","meta":{"_acf_changed":false,"footnotes":""},"class_list":["post-3276","page","type-page","status-publish","hentry"],"acf":{"partner_infobox":"<strong>Adresse: <\/strong>Hilzhofen 23, D-92367 Pilsach\r\n\r\n<strong>Tel:\u00a0<\/strong>+49\/9182 \/ 931 91-40\r\n\r\n<strong>Web: <\/strong><a href=\"https:\/\/www.juragolf.de\/clubs\/jura-golf-ev-hilzhofen\/\" target=\"_blank\" rel=\"nofollow noopener noreferrer\">https:\/\/www.juragolf.de\/clubs\/jura-golf-ev-hilzhofen\/<\/a>\r\n\r\n<strong>E-Mail:<\/strong> <a href=\"mailto:info@juragolf.de\">info@juragolf.de<\/a>\r\n\r\n<strong>Bedingungen: <\/strong>Gutscheine einl\u00f6sbar von MO-FR\r\n\r\n<strong>Spielbahnen\/Par: <\/strong>\r\n\r\n<strong>La\u0308nge: <\/strong>\r\n\r\n<strong>Anfahrt:\r\n<\/strong>","partner_logo":3278,"partner_gallery":[3279,3280,3779,3780,3781],"partner_lat":48.7635,"partner_long":11.37556,"partner_type":"golfclub","partner_openings":["1","2","3","4","5"],"montag_von_bis":"00:00 - 24:00","dienstag_von_bis":"00:00 - 24:00","mittwoch_von_bis":"00:00 - 24:00","donnerstag_von_bis":"00:00 - 24:00","freitag_von_bis":"00:00 - 24:00","samstag_von_bis":"00:00 - 24:00","sonntag_von_bis":"00:00 - 24:00","partner_adresse":"Hilzhofen 23, D-92367 Pilsach","partner_land_bundesland":"Deutschland","partner_tel_1":"","partner_tel_2":"0049\/9182 \/ 931 9140","partner_web":"https:\/\/www.juragolf.de","partner_mail":"info@juragolf.de","partner_spielbahnen_par":"18\/72","partner_laenge":"","partner_bedingungen":"Gutscheine einl\u00f6sbar von MO-FR\r\nvouchers valid from Mon-Fri","partner_anfahrt":"","partner_misc":null,"additional_css_classes":""},"yoast_head":"<!-- This site is optimized with the Yoast SEO plugin v26.8 - https:\/\/yoast.com\/product\/yoast-seo-wordpress\/ -->\n<title>GC Jura Golf Park - Meisterschaftsplatz Hilzhofen - Fairway 2 Hotel<\/title>\n<meta name=\"robots\" content=\"index, follow, max-snippet:-1, max-image-preview:large, max-video-preview:-1\" \/>\n<link rel=\"canonical\" href=\"https:\/\/fairway2hotel.at\/en\/golfclubs\/deutschland\/jura-golf-park-meisterschaftsplatz-hilzofen\/\" \/>\n<meta property=\"og:locale\" content=\"en_US\" \/>\n<meta property=\"og:type\" content=\"article\" \/>\n<meta property=\"og:title\" content=\"GC Jura Golf Park - Meisterschaftsplatz Hilzhofen - Fairway 2 Hotel\" \/>\n<meta property=\"og:description\" content=\"Golfen mit Freunden Die Spielbahnen dieses idyllisch in die reizvolle Juralandschaft eingebetteten 18-Loch-Meisterschaftsplatzes offenbaren dem Golfspieler immer wieder traumhafte Ausblicke auf einen Naturteppich aus H\u00fcgeln und T\u00e4lern, Wiesen und B\u00e4umen, Waldlichtungen und B\u00fcschen, ohne Stra\u00dfenl\u00e4rm oder sonstige st\u00f6rende Einfl\u00fcsse. Ruhe &amp; Entspannung pur! Jede Golfrunde bedeutet abschalten und den Alltag f\u00fcr 18 L\u00f6cher hinter sich [&hellip;]\" \/>\n<meta property=\"og:url\" content=\"https:\/\/fairway2hotel.at\/en\/golfclubs\/deutschland\/jura-golf-park-meisterschaftsplatz-hilzofen\/\" \/>\n<meta property=\"og:site_name\" content=\"Fairway 2 Hotel\" \/>\n<meta property=\"article:modified_time\" content=\"2025-03-30T15:29:13+00:00\" \/>\n<meta name=\"twitter:card\" content=\"summary_large_image\" \/>\n<meta name=\"twitter:label1\" content=\"Est. reading time\" \/>\n\t<meta name=\"twitter:data1\" content=\"1 minute\" \/>\n<script type=\"application\/ld+json\" class=\"yoast-schema-graph\">{\"@context\":\"https:\/\/schema.org\",\"@graph\":[{\"@type\":\"WebPage\",\"@id\":\"https:\/\/fairway2hotel.at\/en\/golfclubs\/deutschland\/jura-golf-park-meisterschaftsplatz-hilzofen\/\",\"url\":\"https:\/\/fairway2hotel.at\/en\/golfclubs\/deutschland\/jura-golf-park-meisterschaftsplatz-hilzofen\/\",\"name\":\"GC Jura Golf Park - Meisterschaftsplatz Hilzhofen - Fairway 2 Hotel\",\"isPartOf\":{\"@id\":\"https:\/\/fairway2hotel.at\/en\/#website\"},\"datePublished\":\"2022-08-03T10:27:08+00:00\",\"dateModified\":\"2025-03-30T15:29:13+00:00\",\"breadcrumb\":{\"@id\":\"https:\/\/fairway2hotel.at\/en\/golfclubs\/deutschland\/jura-golf-park-meisterschaftsplatz-hilzofen\/#breadcrumb\"},\"inLanguage\":\"en-US\",\"potentialAction\":[{\"@type\":\"ReadAction\",\"target\":[\"https:\/\/fairway2hotel.at\/en\/golfclubs\/deutschland\/jura-golf-park-meisterschaftsplatz-hilzofen\/\"]}]},{\"@type\":\"BreadcrumbList\",\"@id\":\"https:\/\/fairway2hotel.at\/en\/golfclubs\/deutschland\/jura-golf-park-meisterschaftsplatz-hilzofen\/#breadcrumb\",\"itemListElement\":[{\"@type\":\"ListItem\",\"position\":1,\"name\":\"Home\",\"item\":\"https:\/\/fairway2hotel.at\/en\/\"},{\"@type\":\"ListItem\",\"position\":2,\"name\":\"Golfclubs\",\"item\":\"https:\/\/fairway2hotel.at\/en\/golfclubs\/\"},{\"@type\":\"ListItem\",\"position\":3,\"name\":\"Golfclubs Deutschland\",\"item\":\"https:\/\/fairway2hotel.at\/en\/golfclubs\/deutschland\/\"},{\"@type\":\"ListItem\",\"position\":4,\"name\":\"GC Jura Golf Park &#8211; Meisterschaftsplatz Hilzhofen\"}]},{\"@type\":\"WebSite\",\"@id\":\"https:\/\/fairway2hotel.at\/en\/#website\",\"url\":\"https:\/\/fairway2hotel.at\/en\/\",\"name\":\"Fairway 2 Hotel\",\"description\":\"Golf at half price! 2 play - 1 pays\",\"potentialAction\":[{\"@type\":\"SearchAction\",\"target\":{\"@type\":\"EntryPoint\",\"urlTemplate\":\"https:\/\/fairway2hotel.at\/en\/?s={search_term_string}\"},\"query-input\":{\"@type\":\"PropertyValueSpecification\",\"valueRequired\":true,\"valueName\":\"search_term_string\"}}],\"inLanguage\":\"en-US\"}]}<\/script>\n<!-- \/ Yoast SEO plugin. -->","yoast_head_json":{"title":"GC Jura Golf Park - Meisterschaftsplatz Hilzhofen - Fairway 2 Hotel","robots":{"index":"index","follow":"follow","max-snippet":"max-snippet:-1","max-image-preview":"max-image-preview:large","max-video-preview":"max-video-preview:-1"},"canonical":"https:\/\/fairway2hotel.at\/en\/golfclubs\/deutschland\/jura-golf-park-meisterschaftsplatz-hilzofen\/","og_locale":"en_US","og_type":"article","og_title":"GC Jura Golf Park - Meisterschaftsplatz Hilzhofen - Fairway 2 Hotel","og_description":"Golfen mit Freunden Die Spielbahnen dieses idyllisch in die reizvolle Juralandschaft eingebetteten 18-Loch-Meisterschaftsplatzes offenbaren dem Golfspieler immer wieder traumhafte Ausblicke auf einen Naturteppich aus H\u00fcgeln und T\u00e4lern, Wiesen und B\u00e4umen, Waldlichtungen und B\u00fcschen, ohne Stra\u00dfenl\u00e4rm oder sonstige st\u00f6rende Einfl\u00fcsse. Ruhe &amp; Entspannung pur! Jede Golfrunde bedeutet abschalten und den Alltag f\u00fcr 18 L\u00f6cher hinter sich [&hellip;]","og_url":"https:\/\/fairway2hotel.at\/en\/golfclubs\/deutschland\/jura-golf-park-meisterschaftsplatz-hilzofen\/","og_site_name":"Fairway 2 Hotel","article_modified_time":"2025-03-30T15:29:13+00:00","twitter_card":"summary_large_image","twitter_misc":{"Est. reading time":"1 minute"},"schema":{"@context":"https:\/\/schema.org","@graph":[{"@type":"WebPage","@id":"https:\/\/fairway2hotel.at\/en\/golfclubs\/deutschland\/jura-golf-park-meisterschaftsplatz-hilzofen\/","url":"https:\/\/fairway2hotel.at\/en\/golfclubs\/deutschland\/jura-golf-park-meisterschaftsplatz-hilzofen\/","name":"GC Jura Golf Park - Meisterschaftsplatz Hilzhofen - Fairway 2 Hotel","isPartOf":{"@id":"https:\/\/fairway2hotel.at\/en\/#website"},"datePublished":"2022-08-03T10:27:08+00:00","dateModified":"2025-03-30T15:29:13+00:00","breadcrumb":{"@id":"https:\/\/fairway2hotel.at\/en\/golfclubs\/deutschland\/jura-golf-park-meisterschaftsplatz-hilzofen\/#breadcrumb"},"inLanguage":"en-US","potentialAction":[{"@type":"ReadAction","target":["https:\/\/fairway2hotel.at\/en\/golfclubs\/deutschland\/jura-golf-park-meisterschaftsplatz-hilzofen\/"]}]},{"@type":"BreadcrumbList","@id":"https:\/\/fairway2hotel.at\/en\/golfclubs\/deutschland\/jura-golf-park-meisterschaftsplatz-hilzofen\/#breadcrumb","itemListElement":[{"@type":"ListItem","position":1,"name":"Home","item":"https:\/\/fairway2hotel.at\/en\/"},{"@type":"ListItem","position":2,"name":"Golfclubs","item":"https:\/\/fairway2hotel.at\/en\/golfclubs\/"},{"@type":"ListItem","position":3,"name":"Golfclubs Deutschland","item":"https:\/\/fairway2hotel.at\/en\/golfclubs\/deutschland\/"},{"@type":"ListItem","position":4,"name":"GC Jura Golf Park &#8211; Meisterschaftsplatz Hilzhofen"}]},{"@type":"WebSite","@id":"https:\/\/fairway2hotel.at\/en\/#website","url":"https:\/\/fairway2hotel.at\/en\/","name":"Fairway 2 Hotel","description":"Golf at half price! 2 play - 1 pays","potentialAction":[{"@type":"SearchAction","target":{"@type":"EntryPoint","urlTemplate":"https:\/\/fairway2hotel.at\/en\/?s={search_term_string}"},"query-input":{"@type":"PropertyValueSpecification","valueRequired":true,"valueName":"search_term_string"}}],"inLanguage":"en-US"}]}},"_links":{"self":[{"href":"https:\/\/fairway2hotel.at\/en\/wp-json\/wp\/v2\/pages\/3276","targetHints":{"allow":["GET"]}}],"collection":[{"href":"https:\/\/fairway2hotel.at\/en\/wp-json\/wp\/v2\/pages"}],"about":[{"href":"https:\/\/fairway2hotel.at\/en\/wp-json\/wp\/v2\/types\/page"}],"author":[{"embeddable":true,"href":"https:\/\/fairway2hotel.at\/en\/wp-json\/wp\/v2\/users\/2"}],"replies":[{"embeddable":true,"href":"https:\/\/fairway2hotel.at\/en\/wp-json\/wp\/v2\/comments?post=3276"}],"version-history":[{"count":13,"href":"https:\/\/fairway2hotel.at\/en\/wp-json\/wp\/v2\/pages\/3276\/revisions"}],"predecessor-version":[{"id":47304,"href":"https:\/\/fairway2hotel.at\/en\/wp-json\/wp\/v2\/pages\/3276\/revisions\/47304"}],"up":[{"embeddable":true,"href":"https:\/\/fairway2hotel.at\/en\/wp-json\/wp\/v2\/pages\/1607"}],"acf:attachment":[{"embeddable":true,"href":"https:\/\/fairway2hotel.at\/en\/wp-json\/wp\/v2\/media\/3781"},{"embeddable":true,"href":"https:\/\/fairway2hotel.at\/en\/wp-json\/wp\/v2\/media\/3780"},{"embeddable":true,"href":"https:\/\/fairway2hotel.at\/en\/wp-json\/wp\/v2\/media\/3779"},{"embeddable":true,"href":"https:\/\/fairway2hotel.at\/en\/wp-json\/wp\/v2\/media\/3280"},{"embeddable":true,"href":"https:\/\/fairway2hotel.at\/en\/wp-json\/wp\/v2\/media\/3279"}],"wp:attachment":[{"href":"https:\/\/fairway2hotel.at\/en\/wp-json\/wp\/v2\/media?parent=3276"}],"curies":[{"name":"wp","href":"https:\/\/api.w.org\/{rel}","templated":true}]}}