{"id":3283,"date":"2022-08-03T12:36:48","date_gmt":"2022-08-03T10:36:48","guid":{"rendered":"https:\/\/fairway2hotel.at\/golfclubs\/deutschland\/golfanlage-gut-leimershof-copy\/"},"modified":"2025-02-25T15:57:24","modified_gmt":"2025-02-25T14:57:24","slug":"golfclub-gut-sansenhof","status":"publish","type":"page","link":"https:\/\/fairway2hotel.at\/en\/golfclubs\/deutschland\/golfclub-gut-sansenhof\/","title":{"rendered":"GC Gut Sansenhof"},"content":{"rendered":"<h2>Lassen Sie die Hektik des Alltages verfliegen<\/h2>\n<p>Die 18+9- Loch-Anlage ist umgeben von stattlichen B\u00e4umen, einem Wasserfall, schroffen Felsen, kleinen B\u00e4chen und vier Seen.<\/p>\n<p>Das Gut Sansenhof befindet sich mitten im Odenwald in einem abwechslungsreichen leicht h\u00fcgeligen Gel\u00e4nde mit zahlreichen Wasser- und Sandhindernissen. Die aufwendige Fairwaygestaltung und vor allem auch die von Bunkern und Hindernissen gut verteidigten Gr\u00fcns lassen den Parcours schwierig werden. Teilweise m\u00fcssen einige Par 3 -L\u00f6cher mit bis zu 25 m H\u00f6henunterschied von oben angegriffen werden.<br \/>\nDer Platz ist dennoch angenehm zu begehen.<\/p>\n<h2>Let the hustle and bustle of everyday life fade away<\/h2>\n<p>The 18+9-hole course is surrounded by stately trees, a waterfall, rugged rocks, small streams and four lakes.<\/p>\n<p>Gut Sansenhof is located in the middle of the Odenwald in a varied, slightly hilly terrain with numerous water and sand hazards. The elaborate fairway design and, above all, the greens, which are well defended by bunkers and obstacles, make the course difficult. Some of the par 3 holes with a height difference of up to 25 metres have to be attacked from above.<br \/>\nNevertheless, the course is pleasant to play.<\/p>\n","protected":false},"excerpt":{"rendered":"<p>Lassen Sie die Hektik des Alltages verfliegen Die 18+9- Loch-Anlage ist umgeben von stattlichen B\u00e4umen, einem Wasserfall, schroffen Felsen, kleinen B\u00e4chen und vier Seen. Das Gut Sansenhof befindet sich mitten im Odenwald in einem abwechslungsreichen leicht h\u00fcgeligen Gel\u00e4nde mit zahlreichen Wasser- und Sandhindernissen. Die aufwendige Fairwaygestaltung und vor allem auch die von Bunkern und Hindernissen [&hellip;]<\/p>\n","protected":false},"author":2,"featured_media":0,"parent":1607,"menu_order":75,"comment_status":"closed","ping_status":"closed","template":"page-partner.php","meta":{"_acf_changed":false,"footnotes":""},"class_list":["post-3283","page","type-page","status-publish","hentry"],"acf":{"partner_infobox":"<strong>Adresse:<\/strong> Sansenhof 4, D-63916 Amorbach\r\n\r\n<strong>Tel:\u00a0<\/strong>+49 9373 2180\r\n\r\n<strong>Web: <\/strong><a href=\"https:\/\/www.golf-sansenhof.de\/\" target=\"_blank\" rel=\"nofollow noopener noreferrer\">www.golf-sansenhof.de<\/a>\r\n\r\n<strong>E-Mail:<\/strong> <a href=\"mailto:info@golf-sansenhof.de\">info@golf-sansenhof.de<\/a>\r\n\r\n<strong>Bedingungen: <\/strong>Gutscheine gelten MO-SA, ausgenommen Feiertag\r\n\r\n<strong>Spielbahnen\/Par: <\/strong>\r\n\r\n<strong>La\u0308nge: <\/strong>\r\n\r\n<strong>Anfahrt:\r\n<\/strong>","partner_logo":3290,"partner_gallery":[3287,3288,3289],"partner_lat":49.6871065,"partner_long":9.1120274,"partner_type":"golfclub","partner_openings":["1","2","3","4","5","6"],"montag_von_bis":"00:00 - 24:00","dienstag_von_bis":"00:00 - 24:00","mittwoch_von_bis":"00:00 - 24:00","donnerstag_von_bis":"00:00 - 24:00","freitag_von_bis":"00:00 - 24:00","samstag_von_bis":"00:00 - 24:00","sonntag_von_bis":"00:00 - 24:00","partner_adresse":"Sansenhof 4, D-63916 Amorbach","partner_land_bundesland":"Deutschland","partner_tel_1":"0049 9373 2180","partner_tel_2":"","partner_web":"https:\/\/www.golf-sansenhof.de\/","partner_mail":"info@golf-sansenhof.de","partner_spielbahnen_par":"18+9\/72+60","partner_laenge":"","partner_bedingungen":"Gutscheine gelten MO-SA, ausgenommen Feiertage.\r\nvouchers redeemable Mon-Sat, except public holidays","partner_anfahrt":"","partner_misc":null,"additional_css_classes":""},"yoast_head":"<!-- This site is optimized with the Yoast SEO plugin v26.8 - https:\/\/yoast.com\/product\/yoast-seo-wordpress\/ -->\n<title>GC Gut Sansenhof - Fairway 2 Hotel<\/title>\n<meta name=\"robots\" content=\"index, follow, max-snippet:-1, max-image-preview:large, max-video-preview:-1\" \/>\n<link rel=\"canonical\" href=\"https:\/\/fairway2hotel.at\/en\/golfclubs\/deutschland\/golfclub-gut-sansenhof\/\" \/>\n<meta property=\"og:locale\" content=\"en_US\" \/>\n<meta property=\"og:type\" content=\"article\" \/>\n<meta property=\"og:title\" content=\"GC Gut Sansenhof - Fairway 2 Hotel\" \/>\n<meta property=\"og:description\" content=\"Lassen Sie die Hektik des Alltages verfliegen Die 18+9- Loch-Anlage ist umgeben von stattlichen B\u00e4umen, einem Wasserfall, schroffen Felsen, kleinen B\u00e4chen und vier Seen. Das Gut Sansenhof befindet sich mitten im Odenwald in einem abwechslungsreichen leicht h\u00fcgeligen Gel\u00e4nde mit zahlreichen Wasser- und Sandhindernissen. Die aufwendige Fairwaygestaltung und vor allem auch die von Bunkern und Hindernissen [&hellip;]\" \/>\n<meta property=\"og:url\" content=\"https:\/\/fairway2hotel.at\/en\/golfclubs\/deutschland\/golfclub-gut-sansenhof\/\" \/>\n<meta property=\"og:site_name\" content=\"Fairway 2 Hotel\" \/>\n<meta property=\"article:modified_time\" content=\"2025-02-25T14:57:24+00:00\" \/>\n<meta name=\"twitter:card\" content=\"summary_large_image\" \/>\n<meta name=\"twitter:label1\" content=\"Est. reading time\" \/>\n\t<meta name=\"twitter:data1\" content=\"2 minutes\" \/>\n<script type=\"application\/ld+json\" class=\"yoast-schema-graph\">{\"@context\":\"https:\/\/schema.org\",\"@graph\":[{\"@type\":\"WebPage\",\"@id\":\"https:\/\/fairway2hotel.at\/en\/golfclubs\/deutschland\/golfclub-gut-sansenhof\/\",\"url\":\"https:\/\/fairway2hotel.at\/en\/golfclubs\/deutschland\/golfclub-gut-sansenhof\/\",\"name\":\"GC Gut Sansenhof - Fairway 2 Hotel\",\"isPartOf\":{\"@id\":\"https:\/\/fairway2hotel.at\/en\/#website\"},\"datePublished\":\"2022-08-03T10:36:48+00:00\",\"dateModified\":\"2025-02-25T14:57:24+00:00\",\"breadcrumb\":{\"@id\":\"https:\/\/fairway2hotel.at\/en\/golfclubs\/deutschland\/golfclub-gut-sansenhof\/#breadcrumb\"},\"inLanguage\":\"en-US\",\"potentialAction\":[{\"@type\":\"ReadAction\",\"target\":[\"https:\/\/fairway2hotel.at\/en\/golfclubs\/deutschland\/golfclub-gut-sansenhof\/\"]}]},{\"@type\":\"BreadcrumbList\",\"@id\":\"https:\/\/fairway2hotel.at\/en\/golfclubs\/deutschland\/golfclub-gut-sansenhof\/#breadcrumb\",\"itemListElement\":[{\"@type\":\"ListItem\",\"position\":1,\"name\":\"Home\",\"item\":\"https:\/\/fairway2hotel.at\/en\/\"},{\"@type\":\"ListItem\",\"position\":2,\"name\":\"Golfclubs\",\"item\":\"https:\/\/fairway2hotel.at\/en\/golfclubs\/\"},{\"@type\":\"ListItem\",\"position\":3,\"name\":\"Golfclubs Deutschland\",\"item\":\"https:\/\/fairway2hotel.at\/en\/golfclubs\/deutschland\/\"},{\"@type\":\"ListItem\",\"position\":4,\"name\":\"GC Gut Sansenhof\"}]},{\"@type\":\"WebSite\",\"@id\":\"https:\/\/fairway2hotel.at\/en\/#website\",\"url\":\"https:\/\/fairway2hotel.at\/en\/\",\"name\":\"Fairway 2 Hotel\",\"description\":\"Golf at half price! 2 play - 1 pays\",\"potentialAction\":[{\"@type\":\"SearchAction\",\"target\":{\"@type\":\"EntryPoint\",\"urlTemplate\":\"https:\/\/fairway2hotel.at\/en\/?s={search_term_string}\"},\"query-input\":{\"@type\":\"PropertyValueSpecification\",\"valueRequired\":true,\"valueName\":\"search_term_string\"}}],\"inLanguage\":\"en-US\"}]}<\/script>\n<!-- \/ Yoast SEO plugin. -->","yoast_head_json":{"title":"GC Gut Sansenhof - Fairway 2 Hotel","robots":{"index":"index","follow":"follow","max-snippet":"max-snippet:-1","max-image-preview":"max-image-preview:large","max-video-preview":"max-video-preview:-1"},"canonical":"https:\/\/fairway2hotel.at\/en\/golfclubs\/deutschland\/golfclub-gut-sansenhof\/","og_locale":"en_US","og_type":"article","og_title":"GC Gut Sansenhof - Fairway 2 Hotel","og_description":"Lassen Sie die Hektik des Alltages verfliegen Die 18+9- Loch-Anlage ist umgeben von stattlichen B\u00e4umen, einem Wasserfall, schroffen Felsen, kleinen B\u00e4chen und vier Seen. Das Gut Sansenhof befindet sich mitten im Odenwald in einem abwechslungsreichen leicht h\u00fcgeligen Gel\u00e4nde mit zahlreichen Wasser- und Sandhindernissen. Die aufwendige Fairwaygestaltung und vor allem auch die von Bunkern und Hindernissen [&hellip;]","og_url":"https:\/\/fairway2hotel.at\/en\/golfclubs\/deutschland\/golfclub-gut-sansenhof\/","og_site_name":"Fairway 2 Hotel","article_modified_time":"2025-02-25T14:57:24+00:00","twitter_card":"summary_large_image","twitter_misc":{"Est. reading time":"2 minutes"},"schema":{"@context":"https:\/\/schema.org","@graph":[{"@type":"WebPage","@id":"https:\/\/fairway2hotel.at\/en\/golfclubs\/deutschland\/golfclub-gut-sansenhof\/","url":"https:\/\/fairway2hotel.at\/en\/golfclubs\/deutschland\/golfclub-gut-sansenhof\/","name":"GC Gut Sansenhof - Fairway 2 Hotel","isPartOf":{"@id":"https:\/\/fairway2hotel.at\/en\/#website"},"datePublished":"2022-08-03T10:36:48+00:00","dateModified":"2025-02-25T14:57:24+00:00","breadcrumb":{"@id":"https:\/\/fairway2hotel.at\/en\/golfclubs\/deutschland\/golfclub-gut-sansenhof\/#breadcrumb"},"inLanguage":"en-US","potentialAction":[{"@type":"ReadAction","target":["https:\/\/fairway2hotel.at\/en\/golfclubs\/deutschland\/golfclub-gut-sansenhof\/"]}]},{"@type":"BreadcrumbList","@id":"https:\/\/fairway2hotel.at\/en\/golfclubs\/deutschland\/golfclub-gut-sansenhof\/#breadcrumb","itemListElement":[{"@type":"ListItem","position":1,"name":"Home","item":"https:\/\/fairway2hotel.at\/en\/"},{"@type":"ListItem","position":2,"name":"Golfclubs","item":"https:\/\/fairway2hotel.at\/en\/golfclubs\/"},{"@type":"ListItem","position":3,"name":"Golfclubs Deutschland","item":"https:\/\/fairway2hotel.at\/en\/golfclubs\/deutschland\/"},{"@type":"ListItem","position":4,"name":"GC Gut Sansenhof"}]},{"@type":"WebSite","@id":"https:\/\/fairway2hotel.at\/en\/#website","url":"https:\/\/fairway2hotel.at\/en\/","name":"Fairway 2 Hotel","description":"Golf at half price! 2 play - 1 pays","potentialAction":[{"@type":"SearchAction","target":{"@type":"EntryPoint","urlTemplate":"https:\/\/fairway2hotel.at\/en\/?s={search_term_string}"},"query-input":{"@type":"PropertyValueSpecification","valueRequired":true,"valueName":"search_term_string"}}],"inLanguage":"en-US"}]}},"_links":{"self":[{"href":"https:\/\/fairway2hotel.at\/en\/wp-json\/wp\/v2\/pages\/3283","targetHints":{"allow":["GET"]}}],"collection":[{"href":"https:\/\/fairway2hotel.at\/en\/wp-json\/wp\/v2\/pages"}],"about":[{"href":"https:\/\/fairway2hotel.at\/en\/wp-json\/wp\/v2\/types\/page"}],"author":[{"embeddable":true,"href":"https:\/\/fairway2hotel.at\/en\/wp-json\/wp\/v2\/users\/2"}],"replies":[{"embeddable":true,"href":"https:\/\/fairway2hotel.at\/en\/wp-json\/wp\/v2\/comments?post=3283"}],"version-history":[{"count":10,"href":"https:\/\/fairway2hotel.at\/en\/wp-json\/wp\/v2\/pages\/3283\/revisions"}],"predecessor-version":[{"id":46226,"href":"https:\/\/fairway2hotel.at\/en\/wp-json\/wp\/v2\/pages\/3283\/revisions\/46226"}],"up":[{"embeddable":true,"href":"https:\/\/fairway2hotel.at\/en\/wp-json\/wp\/v2\/pages\/1607"}],"acf:attachment":[{"embeddable":true,"href":"https:\/\/fairway2hotel.at\/en\/wp-json\/wp\/v2\/media\/3289"},{"embeddable":true,"href":"https:\/\/fairway2hotel.at\/en\/wp-json\/wp\/v2\/media\/3288"},{"embeddable":true,"href":"https:\/\/fairway2hotel.at\/en\/wp-json\/wp\/v2\/media\/3287"}],"wp:attachment":[{"href":"https:\/\/fairway2hotel.at\/en\/wp-json\/wp\/v2\/media?parent=3283"}],"curies":[{"name":"wp","href":"https:\/\/api.w.org\/{rel}","templated":true}]}}