{"id":3378,"date":"2022-08-17T10:22:12","date_gmt":"2022-08-17T08:22:12","guid":{"rendered":"https:\/\/fairway2hotel.at\/golfclubs\/italien\/golfclub-bellosguardo-copy\/"},"modified":"2025-11-20T16:01:42","modified_gmt":"2025-11-20T15:01:42","slug":"golfclub-dei-laghi","status":"publish","type":"page","link":"https:\/\/fairway2hotel.at\/en\/golfclubs\/italien\/golfclub-dei-laghi\/","title":{"rendered":"GC Dei Laghi"},"content":{"rendered":"<h2>18 L\u00f6cher, die mit Leidenschaft gelebt werden\u2026<\/h2>\n<p><strong>\u2026um hier einen Tag zu erleben, ein Wochenende zu verbringen oder sich mit Freunden zu treffen.<\/strong><br \/>\nEben das geschieht am Golf dei Laghi: Man l\u00e4sst sich von der Landschaft, den unterschiedlichen L\u00f6chern und den jahrhundertealten B\u00e4umen verzaubern, die den Platz umgeben\u2026. und gleich darauf erwarten einen die gesellige und offene Art der Mitglieder, fr\u00f6hliche Abende und zwanglose Gespr\u00e4che \u00fcber die Tagesergebnisse.<\/p>\n<p>Der 1993 er\u00f6ffnete Golfplatz wurde von dem Architekten Piero Mancinelli gestaltet und befindet sich in einem \u00fcberwiegend bewaldeten Gebiet, welches urspr\u00fcnglich der Visconti-Familie geh\u00f6rte.<br \/>\nAuch wenn sich unsere Anlage nicht durch au\u00dfergew\u00f6hnliche Gr\u00f6\u00dfe und Weite auszeichnet, so erfordern doch zahlreiche nat\u00fcrliche Hindernisse (B\u00e4ume, Teiche, B\u00e4che) ein vorausschauendes Spiel, um die folgenden Schl\u00e4ge nicht zu gef\u00e4hrden.<\/p>\n<p>Der besondere Reiz unserer Anlage besteht in der Anordnung der L\u00f6cher: sechs auf weitl\u00e4ufigem und flachem Gel\u00e4nde, weitere sechs in bewaldeter Zone und letztlich sechs in h\u00fcgeliger Landschaft. Ihr Verlauf erlaubt es, zwei, sechs, neun oder achtzehn L\u00f6cher zu spielen und immer in der N\u00e4he des Clubhauses zu enden. Der abwechslungsreiche und h\u00fcgelige Platz bietet atemberaubende Ausblicke auf den Monte Rosa und den Lago Maggiore, erfordert Strategie und Sorgfalt und bereitet Spielern unterschiedlichster Qualifikation und Erfahrung anhaltende Freude. Es ist ein Platz, den man einfach liebt ohne ihn herausfordern zu m\u00fcssen.<\/p>\n<h2>18 holes that are played with passion&#8230;<\/h2>\n<p>Opened in 1993, the golf course was designed by the architect Piero Mancinelli and is located in a predominantly wooded area that originally belonged to the Visconti family.<br \/>\nEven if our course is not characterised by exceptional size and width, numerous natural obstacles (trees, ponds, streams) require foresighted play in order not to endanger the following shots.<\/p>\n<p>The special charm of our course lies in the layout of the holes: six on extensive and flat terrain, a further six in wooded areas and finally six in hilly countryside. The course allows you to play two, six, nine or eighteen holes and always finish close to the clubhouse. The varied and hilly course offers breathtaking views of Monte Rosa and Lake Maggiore, requires strategy and care and provides lasting enjoyment for players of all levels of skill and experience. It is a course that you simply love without having to challenge it.<\/p>\n","protected":false},"excerpt":{"rendered":"<p>18 L\u00f6cher, die mit Leidenschaft gelebt werden\u2026 \u2026um hier einen Tag zu erleben, ein Wochenende zu verbringen oder sich mit Freunden zu treffen. Eben das geschieht am Golf dei Laghi: Man l\u00e4sst sich von der Landschaft, den unterschiedlichen L\u00f6chern und den jahrhundertealten B\u00e4umen verzaubern, die den Platz umgeben\u2026. und gleich darauf erwarten einen die gesellige [&hellip;]<\/p>\n","protected":false},"author":2,"featured_media":0,"parent":1657,"menu_order":10,"comment_status":"closed","ping_status":"closed","template":"page-partner.php","meta":{"_acf_changed":false,"footnotes":""},"class_list":["post-3378","page","type-page","status-publish","hentry"],"acf":{"partner_infobox":"<strong>Adresse:\u00a0<\/strong>Via Trevisani, 926, I-21028 Travedona Monate\r\n\r\n<strong>Tel:\u00a0<\/strong>+39 0332 978101\r\n\r\n<strong>Web: <\/strong><a href=\"https:\/\/www.golfdeilaghi.it\/\" target=\"_blank\" rel=\"nofollow noopener\">www.golfdeilaghi.it<\/a>\r\n\r\n<strong>E-Mail:<\/strong> <a href=\"mailto:segreteria@golfdeilaghi.it \">segreteria@golfdeilaghi.it<\/a>\r\n\r\n<strong>Bedingungen: <\/strong>\r\n\r\n<strong>Spielbahnen\/Par: <\/strong>\r\n\r\n<strong>La\u0308nge:\u00a0<\/strong>\r\n\r\n<strong>Anfahrt:\r\n<\/strong>","partner_logo":3469,"partner_gallery":[3465,3466,3467],"partner_lat":45.8124865,"partner_long":8.6510472,"partner_type":"golfclub","partner_openings":["1","2","3","4","5","6","7"],"montag_von_bis":"00:00 - 24:00","dienstag_von_bis":"00:00 - 24:00","mittwoch_von_bis":"00:00 - 24:00","donnerstag_von_bis":"00:00 - 24:00","freitag_von_bis":"00:00 - 24:00","samstag_von_bis":"00:00 - 24:00","sonntag_von_bis":"00:00 - 24:00","partner_adresse":" Via Trevisani, 926, I-21028 Travedona Monate","partner_land_bundesland":"Italien","partner_tel_1":"","partner_tel_2":"0039 0332 978101","partner_web":"https:\/\/www.golfdeilaghi.it","partner_mail":"segreteria@golfdeilaghi.it","partner_spielbahnen_par":"18\/73","partner_laenge":"","partner_bedingungen":"","partner_anfahrt":"","partner_misc":null,"additional_css_classes":""},"yoast_head":"<!-- This site is optimized with the Yoast SEO plugin v26.8 - https:\/\/yoast.com\/product\/yoast-seo-wordpress\/ -->\n<title>GC Dei Laghi - Fairway 2 Hotel<\/title>\n<meta name=\"robots\" content=\"index, follow, max-snippet:-1, max-image-preview:large, max-video-preview:-1\" \/>\n<link rel=\"canonical\" href=\"https:\/\/fairway2hotel.at\/en\/golfclubs\/italien\/golfclub-dei-laghi\/\" \/>\n<meta property=\"og:locale\" content=\"en_US\" \/>\n<meta property=\"og:type\" content=\"article\" \/>\n<meta property=\"og:title\" content=\"GC Dei Laghi - Fairway 2 Hotel\" \/>\n<meta property=\"og:description\" content=\"18 L\u00f6cher, die mit Leidenschaft gelebt werden\u2026 \u2026um hier einen Tag zu erleben, ein Wochenende zu verbringen oder sich mit Freunden zu treffen. Eben das geschieht am Golf dei Laghi: Man l\u00e4sst sich von der Landschaft, den unterschiedlichen L\u00f6chern und den jahrhundertealten B\u00e4umen verzaubern, die den Platz umgeben\u2026. und gleich darauf erwarten einen die gesellige [&hellip;]\" \/>\n<meta property=\"og:url\" content=\"https:\/\/fairway2hotel.at\/en\/golfclubs\/italien\/golfclub-dei-laghi\/\" \/>\n<meta property=\"og:site_name\" content=\"Fairway 2 Hotel\" \/>\n<meta property=\"article:modified_time\" content=\"2025-11-20T15:01:42+00:00\" \/>\n<meta name=\"twitter:card\" content=\"summary_large_image\" \/>\n<meta name=\"twitter:label1\" content=\"Est. reading time\" \/>\n\t<meta name=\"twitter:data1\" content=\"3 minutes\" \/>\n<script type=\"application\/ld+json\" class=\"yoast-schema-graph\">{\"@context\":\"https:\/\/schema.org\",\"@graph\":[{\"@type\":\"WebPage\",\"@id\":\"https:\/\/fairway2hotel.at\/en\/golfclubs\/italien\/golfclub-dei-laghi\/\",\"url\":\"https:\/\/fairway2hotel.at\/en\/golfclubs\/italien\/golfclub-dei-laghi\/\",\"name\":\"GC Dei Laghi - Fairway 2 Hotel\",\"isPartOf\":{\"@id\":\"https:\/\/fairway2hotel.at\/en\/#website\"},\"datePublished\":\"2022-08-17T08:22:12+00:00\",\"dateModified\":\"2025-11-20T15:01:42+00:00\",\"breadcrumb\":{\"@id\":\"https:\/\/fairway2hotel.at\/en\/golfclubs\/italien\/golfclub-dei-laghi\/#breadcrumb\"},\"inLanguage\":\"en-US\",\"potentialAction\":[{\"@type\":\"ReadAction\",\"target\":[\"https:\/\/fairway2hotel.at\/en\/golfclubs\/italien\/golfclub-dei-laghi\/\"]}]},{\"@type\":\"BreadcrumbList\",\"@id\":\"https:\/\/fairway2hotel.at\/en\/golfclubs\/italien\/golfclub-dei-laghi\/#breadcrumb\",\"itemListElement\":[{\"@type\":\"ListItem\",\"position\":1,\"name\":\"Home\",\"item\":\"https:\/\/fairway2hotel.at\/en\/\"},{\"@type\":\"ListItem\",\"position\":2,\"name\":\"Golfclubs\",\"item\":\"https:\/\/fairway2hotel.at\/en\/golfclubs\/\"},{\"@type\":\"ListItem\",\"position\":3,\"name\":\"Golfclubs Italien\",\"item\":\"https:\/\/fairway2hotel.at\/en\/golfclubs\/italien\/\"},{\"@type\":\"ListItem\",\"position\":4,\"name\":\"GC Dei Laghi\"}]},{\"@type\":\"WebSite\",\"@id\":\"https:\/\/fairway2hotel.at\/en\/#website\",\"url\":\"https:\/\/fairway2hotel.at\/en\/\",\"name\":\"Fairway 2 Hotel\",\"description\":\"Golf at half price! 2 play - 1 pays\",\"potentialAction\":[{\"@type\":\"SearchAction\",\"target\":{\"@type\":\"EntryPoint\",\"urlTemplate\":\"https:\/\/fairway2hotel.at\/en\/?s={search_term_string}\"},\"query-input\":{\"@type\":\"PropertyValueSpecification\",\"valueRequired\":true,\"valueName\":\"search_term_string\"}}],\"inLanguage\":\"en-US\"}]}<\/script>\n<!-- \/ Yoast SEO plugin. -->","yoast_head_json":{"title":"GC Dei Laghi - Fairway 2 Hotel","robots":{"index":"index","follow":"follow","max-snippet":"max-snippet:-1","max-image-preview":"max-image-preview:large","max-video-preview":"max-video-preview:-1"},"canonical":"https:\/\/fairway2hotel.at\/en\/golfclubs\/italien\/golfclub-dei-laghi\/","og_locale":"en_US","og_type":"article","og_title":"GC Dei Laghi - Fairway 2 Hotel","og_description":"18 L\u00f6cher, die mit Leidenschaft gelebt werden\u2026 \u2026um hier einen Tag zu erleben, ein Wochenende zu verbringen oder sich mit Freunden zu treffen. Eben das geschieht am Golf dei Laghi: Man l\u00e4sst sich von der Landschaft, den unterschiedlichen L\u00f6chern und den jahrhundertealten B\u00e4umen verzaubern, die den Platz umgeben\u2026. und gleich darauf erwarten einen die gesellige [&hellip;]","og_url":"https:\/\/fairway2hotel.at\/en\/golfclubs\/italien\/golfclub-dei-laghi\/","og_site_name":"Fairway 2 Hotel","article_modified_time":"2025-11-20T15:01:42+00:00","twitter_card":"summary_large_image","twitter_misc":{"Est. reading time":"3 minutes"},"schema":{"@context":"https:\/\/schema.org","@graph":[{"@type":"WebPage","@id":"https:\/\/fairway2hotel.at\/en\/golfclubs\/italien\/golfclub-dei-laghi\/","url":"https:\/\/fairway2hotel.at\/en\/golfclubs\/italien\/golfclub-dei-laghi\/","name":"GC Dei Laghi - Fairway 2 Hotel","isPartOf":{"@id":"https:\/\/fairway2hotel.at\/en\/#website"},"datePublished":"2022-08-17T08:22:12+00:00","dateModified":"2025-11-20T15:01:42+00:00","breadcrumb":{"@id":"https:\/\/fairway2hotel.at\/en\/golfclubs\/italien\/golfclub-dei-laghi\/#breadcrumb"},"inLanguage":"en-US","potentialAction":[{"@type":"ReadAction","target":["https:\/\/fairway2hotel.at\/en\/golfclubs\/italien\/golfclub-dei-laghi\/"]}]},{"@type":"BreadcrumbList","@id":"https:\/\/fairway2hotel.at\/en\/golfclubs\/italien\/golfclub-dei-laghi\/#breadcrumb","itemListElement":[{"@type":"ListItem","position":1,"name":"Home","item":"https:\/\/fairway2hotel.at\/en\/"},{"@type":"ListItem","position":2,"name":"Golfclubs","item":"https:\/\/fairway2hotel.at\/en\/golfclubs\/"},{"@type":"ListItem","position":3,"name":"Golfclubs Italien","item":"https:\/\/fairway2hotel.at\/en\/golfclubs\/italien\/"},{"@type":"ListItem","position":4,"name":"GC Dei Laghi"}]},{"@type":"WebSite","@id":"https:\/\/fairway2hotel.at\/en\/#website","url":"https:\/\/fairway2hotel.at\/en\/","name":"Fairway 2 Hotel","description":"Golf at half price! 2 play - 1 pays","potentialAction":[{"@type":"SearchAction","target":{"@type":"EntryPoint","urlTemplate":"https:\/\/fairway2hotel.at\/en\/?s={search_term_string}"},"query-input":{"@type":"PropertyValueSpecification","valueRequired":true,"valueName":"search_term_string"}}],"inLanguage":"en-US"}]}},"_links":{"self":[{"href":"https:\/\/fairway2hotel.at\/en\/wp-json\/wp\/v2\/pages\/3378","targetHints":{"allow":["GET"]}}],"collection":[{"href":"https:\/\/fairway2hotel.at\/en\/wp-json\/wp\/v2\/pages"}],"about":[{"href":"https:\/\/fairway2hotel.at\/en\/wp-json\/wp\/v2\/types\/page"}],"author":[{"embeddable":true,"href":"https:\/\/fairway2hotel.at\/en\/wp-json\/wp\/v2\/users\/2"}],"replies":[{"embeddable":true,"href":"https:\/\/fairway2hotel.at\/en\/wp-json\/wp\/v2\/comments?post=3378"}],"version-history":[{"count":11,"href":"https:\/\/fairway2hotel.at\/en\/wp-json\/wp\/v2\/pages\/3378\/revisions"}],"predecessor-version":[{"id":50258,"href":"https:\/\/fairway2hotel.at\/en\/wp-json\/wp\/v2\/pages\/3378\/revisions\/50258"}],"up":[{"embeddable":true,"href":"https:\/\/fairway2hotel.at\/en\/wp-json\/wp\/v2\/pages\/1657"}],"acf:attachment":[{"embeddable":true,"href":"https:\/\/fairway2hotel.at\/en\/wp-json\/wp\/v2\/media\/3467"},{"embeddable":true,"href":"https:\/\/fairway2hotel.at\/en\/wp-json\/wp\/v2\/media\/3466"},{"embeddable":true,"href":"https:\/\/fairway2hotel.at\/en\/wp-json\/wp\/v2\/media\/3465"}],"wp:attachment":[{"href":"https:\/\/fairway2hotel.at\/en\/wp-json\/wp\/v2\/media?parent=3378"}],"curies":[{"name":"wp","href":"https:\/\/api.w.org\/{rel}","templated":true}]}}