{"id":3387,"date":"2022-08-17T11:21:24","date_gmt":"2022-08-17T09:21:24","guid":{"rendered":"https:\/\/fairway2hotel.at\/golfclubs\/italien\/golfclub-bellosguardo-copy-2\/"},"modified":"2025-11-01T10:12:48","modified_gmt":"2025-11-01T09:12:48","slug":"golfclub-cherasco","status":"publish","type":"page","link":"https:\/\/fairway2hotel.at\/en\/golfclubs\/italien\/golfclub-cherasco\/","title":{"rendered":"GC Cherasco"},"content":{"rendered":"<h2>Ihr Gr\u00fcn im Herzen der Langhe<\/h2>\n<p>Im Cherasco Golf Club hei\u00dfen die &#8220;offenen Arme&#8221; der Langa und des Monviso Sportler und Naturliebhaber willkommen und f\u00fchren sie entlang der 18 L\u00f6cher, die auf zwei Ebenen angelegt sind.<br \/>\nDie bezaubernde Parklandschaft mit ihren Seen und jahrhundertealten B\u00e4umen wurde durch die Anpflanzung einer gro\u00dfen Anzahl von Kiefern, Ahorn, Hainbuchen und Eichen aufgewertet. Der Platz wurde 1979 vom Architekten Marco Croze entworfen. Die 18 L\u00f6cher sind interessant, delikat und fordern Golfer jedes Niveaus. Alle werden die Sorgfalt und Aufmerksamkeit des erfahrenen Personals zu sch\u00e4tzen wissen, das den Platz in wirklich hervorragendem Zustand h\u00e4lt. Um unseren G\u00e4sten den besten Empfang zu bereiten, m\u00f6chten wir einige der Dienstleistungen erw\u00e4hnen, die unser Club anbietet:\u00a0Ein Umkleideraum f\u00fcr unsere G\u00e4ste, ein \u00dcbungsplatz, Unterricht bei unseren Profis, Vermietung von Golfcarts, elektrischen oder manuellen Trolleys, Schl\u00e4gersets. sowie ein herrliches Schwimmbad.<br \/>\nIm Clubhaus bieten das Restaurant und die Bar den G\u00e4sten die M\u00f6glichkeit, die besten Gerichte der typisch piemontesischen K\u00fcche zu probieren, mit saisonalen Men\u00fcs, angereichert mit den ber\u00fchmtesten Produkten der Langhe. Die Weinkarte mit den prestigetr\u00e4chtigsten Rot- und Wei\u00dfweinen begleitet unsere Gerichte.<\/p>\n<h2>Your green in the heart of the Langhe<\/h2>\n<p>At Cherasco Golf Club, the \u2018open arms\u2019 of the Langa and Monviso welcome sportsmen and nature lovers, guiding them along the 18 holes laid out on two levels.<br \/>\nThe enchanting parkland landscape with its lakes and centuries-old trees has been enhanced by the planting of a large number of pines, maples, hornbeams and oaks. \u2018The course was designed by architect Marco Croze in 1979. The 18 holes are interesting, delicate and challenging for golfers of all levels. Everyone will appreciate the care and attention of the experienced staff who keep the course in truly excellent condition. In order to give our guests the best welcome, we would like to mention some of the services offered by our club: A changing room for our guests, a practice area, lessons with our professionals, hire of golf carts, electric or manual trolleys, sets of clubs. as well as a magnificent swimming pool.<br \/>\nIn the clubhouse, the restaurant and bar offer guests the opportunity to savour the best dishes of typical Piedmontese cuisine, with seasonal menus enriched with the most famous products of the Langhe. The wine list with the most prestigious red and white wines accompanies our dishes.<\/p>\n<p>&nbsp;<\/p>\n","protected":false},"excerpt":{"rendered":"<p>Ihr Gr\u00fcn im Herzen der Langhe Im Cherasco Golf Club hei\u00dfen die &#8220;offenen Arme&#8221; der Langa und des Monviso Sportler und Naturliebhaber willkommen und f\u00fchren sie entlang der 18 L\u00f6cher, die auf zwei Ebenen angelegt sind. Die bezaubernde Parklandschaft mit ihren Seen und jahrhundertealten B\u00e4umen wurde durch die Anpflanzung einer gro\u00dfen Anzahl von Kiefern, Ahorn, [&hellip;]<\/p>\n","protected":false},"author":2,"featured_media":0,"parent":1657,"menu_order":10,"comment_status":"closed","ping_status":"closed","template":"page-partner.php","meta":{"_acf_changed":false,"footnotes":""},"class_list":["post-3387","page","type-page","status-publish","hentry"],"acf":{"partner_infobox":"<strong>Adresse:\u00a0<\/strong>VIA FRASCHETTA 8 I - 12062 CHERASCO\r\n\r\n<strong>Tel:\u00a0<\/strong>+39 0172 489772\r\n\r\n<strong>Web: <\/strong><a href=\"https:\/\/www.golfcherasco.com\/\" target=\"_blank\" rel=\"nofollow noopener\">www.golfcherasco.com<\/a>\r\n\r\n<strong>E-Mail:<\/strong> <a href=\"mailto:info@golfcherasco.com\">info@golfcherasco.com<\/a>\r\n\r\n<strong>Bedingungen: <\/strong>Gutscheine nicht einl\u00f6sbar vom 1. September bis 30.Oktober\r\n\r\n<strong>Spielbahnen\/Par: <\/strong>\r\n\r\n<strong>La\u0308nge:\u00a0<\/strong>\r\n\r\n<strong>Anfahrt:\r\n<\/strong>","partner_logo":3586,"partner_gallery":[3584,3585],"partner_lat":44.6617111,"partner_long":7.8755741,"partner_type":"golfclub","partner_openings":["1","2","3","4","5","6","7"],"montag_von_bis":"00:00 - 24:00","dienstag_von_bis":"00:00 - 24:00","mittwoch_von_bis":"00:00 - 24:00","donnerstag_von_bis":"00:00 - 24:00","freitag_von_bis":"00:00 - 24:00","samstag_von_bis":"00:00 - 24:00","sonntag_von_bis":"00:00 - 24:00","partner_adresse":"VIA FRASCHETTA 8 I - 12062 CHERASCO","partner_land_bundesland":"Italien","partner_tel_1":"+39 0172 489772","partner_tel_2":"","partner_web":"https:\/\/www.golfcherasco.com\/","partner_mail":"info@golfcherasco.com","partner_spielbahnen_par":"18\/72","partner_laenge":"","partner_bedingungen":"Gutscheine nicht einl\u00f6sbar vom 1. September bis 30.Oktober\r\nvouchers are not redeemable from1. Sep - 30. Oct.","partner_anfahrt":"","partner_misc":null,"additional_css_classes":""},"yoast_head":"<!-- This site is optimized with the Yoast SEO plugin v26.8 - https:\/\/yoast.com\/product\/yoast-seo-wordpress\/ -->\n<title>GC Cherasco - Fairway 2 Hotel<\/title>\n<meta name=\"robots\" content=\"index, follow, max-snippet:-1, max-image-preview:large, max-video-preview:-1\" \/>\n<link rel=\"canonical\" href=\"https:\/\/fairway2hotel.at\/en\/golfclubs\/italien\/golfclub-cherasco\/\" \/>\n<meta property=\"og:locale\" content=\"en_US\" \/>\n<meta property=\"og:type\" content=\"article\" \/>\n<meta property=\"og:title\" content=\"GC Cherasco - Fairway 2 Hotel\" \/>\n<meta property=\"og:description\" content=\"Ihr Gr\u00fcn im Herzen der Langhe Im Cherasco Golf Club hei\u00dfen die &#8220;offenen Arme&#8221; der Langa und des Monviso Sportler und Naturliebhaber willkommen und f\u00fchren sie entlang der 18 L\u00f6cher, die auf zwei Ebenen angelegt sind. Die bezaubernde Parklandschaft mit ihren Seen und jahrhundertealten B\u00e4umen wurde durch die Anpflanzung einer gro\u00dfen Anzahl von Kiefern, Ahorn, [&hellip;]\" \/>\n<meta property=\"og:url\" content=\"https:\/\/fairway2hotel.at\/en\/golfclubs\/italien\/golfclub-cherasco\/\" \/>\n<meta property=\"og:site_name\" content=\"Fairway 2 Hotel\" \/>\n<meta property=\"article:modified_time\" content=\"2025-11-01T09:12:48+00:00\" \/>\n<meta name=\"twitter:card\" content=\"summary_large_image\" \/>\n<meta name=\"twitter:label1\" content=\"Est. reading time\" \/>\n\t<meta name=\"twitter:data1\" content=\"3 minutes\" \/>\n<script type=\"application\/ld+json\" class=\"yoast-schema-graph\">{\"@context\":\"https:\/\/schema.org\",\"@graph\":[{\"@type\":\"WebPage\",\"@id\":\"https:\/\/fairway2hotel.at\/en\/golfclubs\/italien\/golfclub-cherasco\/\",\"url\":\"https:\/\/fairway2hotel.at\/en\/golfclubs\/italien\/golfclub-cherasco\/\",\"name\":\"GC Cherasco - Fairway 2 Hotel\",\"isPartOf\":{\"@id\":\"https:\/\/fairway2hotel.at\/en\/#website\"},\"datePublished\":\"2022-08-17T09:21:24+00:00\",\"dateModified\":\"2025-11-01T09:12:48+00:00\",\"breadcrumb\":{\"@id\":\"https:\/\/fairway2hotel.at\/en\/golfclubs\/italien\/golfclub-cherasco\/#breadcrumb\"},\"inLanguage\":\"en-US\",\"potentialAction\":[{\"@type\":\"ReadAction\",\"target\":[\"https:\/\/fairway2hotel.at\/en\/golfclubs\/italien\/golfclub-cherasco\/\"]}]},{\"@type\":\"BreadcrumbList\",\"@id\":\"https:\/\/fairway2hotel.at\/en\/golfclubs\/italien\/golfclub-cherasco\/#breadcrumb\",\"itemListElement\":[{\"@type\":\"ListItem\",\"position\":1,\"name\":\"Home\",\"item\":\"https:\/\/fairway2hotel.at\/en\/\"},{\"@type\":\"ListItem\",\"position\":2,\"name\":\"Golfclubs\",\"item\":\"https:\/\/fairway2hotel.at\/en\/golfclubs\/\"},{\"@type\":\"ListItem\",\"position\":3,\"name\":\"Golfclubs Italien\",\"item\":\"https:\/\/fairway2hotel.at\/en\/golfclubs\/italien\/\"},{\"@type\":\"ListItem\",\"position\":4,\"name\":\"GC Cherasco\"}]},{\"@type\":\"WebSite\",\"@id\":\"https:\/\/fairway2hotel.at\/en\/#website\",\"url\":\"https:\/\/fairway2hotel.at\/en\/\",\"name\":\"Fairway 2 Hotel\",\"description\":\"Golf at half price! 2 play - 1 pays\",\"potentialAction\":[{\"@type\":\"SearchAction\",\"target\":{\"@type\":\"EntryPoint\",\"urlTemplate\":\"https:\/\/fairway2hotel.at\/en\/?s={search_term_string}\"},\"query-input\":{\"@type\":\"PropertyValueSpecification\",\"valueRequired\":true,\"valueName\":\"search_term_string\"}}],\"inLanguage\":\"en-US\"}]}<\/script>\n<!-- \/ Yoast SEO plugin. -->","yoast_head_json":{"title":"GC Cherasco - Fairway 2 Hotel","robots":{"index":"index","follow":"follow","max-snippet":"max-snippet:-1","max-image-preview":"max-image-preview:large","max-video-preview":"max-video-preview:-1"},"canonical":"https:\/\/fairway2hotel.at\/en\/golfclubs\/italien\/golfclub-cherasco\/","og_locale":"en_US","og_type":"article","og_title":"GC Cherasco - Fairway 2 Hotel","og_description":"Ihr Gr\u00fcn im Herzen der Langhe Im Cherasco Golf Club hei\u00dfen die &#8220;offenen Arme&#8221; der Langa und des Monviso Sportler und Naturliebhaber willkommen und f\u00fchren sie entlang der 18 L\u00f6cher, die auf zwei Ebenen angelegt sind. Die bezaubernde Parklandschaft mit ihren Seen und jahrhundertealten B\u00e4umen wurde durch die Anpflanzung einer gro\u00dfen Anzahl von Kiefern, Ahorn, [&hellip;]","og_url":"https:\/\/fairway2hotel.at\/en\/golfclubs\/italien\/golfclub-cherasco\/","og_site_name":"Fairway 2 Hotel","article_modified_time":"2025-11-01T09:12:48+00:00","twitter_card":"summary_large_image","twitter_misc":{"Est. reading time":"3 minutes"},"schema":{"@context":"https:\/\/schema.org","@graph":[{"@type":"WebPage","@id":"https:\/\/fairway2hotel.at\/en\/golfclubs\/italien\/golfclub-cherasco\/","url":"https:\/\/fairway2hotel.at\/en\/golfclubs\/italien\/golfclub-cherasco\/","name":"GC Cherasco - Fairway 2 Hotel","isPartOf":{"@id":"https:\/\/fairway2hotel.at\/en\/#website"},"datePublished":"2022-08-17T09:21:24+00:00","dateModified":"2025-11-01T09:12:48+00:00","breadcrumb":{"@id":"https:\/\/fairway2hotel.at\/en\/golfclubs\/italien\/golfclub-cherasco\/#breadcrumb"},"inLanguage":"en-US","potentialAction":[{"@type":"ReadAction","target":["https:\/\/fairway2hotel.at\/en\/golfclubs\/italien\/golfclub-cherasco\/"]}]},{"@type":"BreadcrumbList","@id":"https:\/\/fairway2hotel.at\/en\/golfclubs\/italien\/golfclub-cherasco\/#breadcrumb","itemListElement":[{"@type":"ListItem","position":1,"name":"Home","item":"https:\/\/fairway2hotel.at\/en\/"},{"@type":"ListItem","position":2,"name":"Golfclubs","item":"https:\/\/fairway2hotel.at\/en\/golfclubs\/"},{"@type":"ListItem","position":3,"name":"Golfclubs Italien","item":"https:\/\/fairway2hotel.at\/en\/golfclubs\/italien\/"},{"@type":"ListItem","position":4,"name":"GC Cherasco"}]},{"@type":"WebSite","@id":"https:\/\/fairway2hotel.at\/en\/#website","url":"https:\/\/fairway2hotel.at\/en\/","name":"Fairway 2 Hotel","description":"Golf at half price! 2 play - 1 pays","potentialAction":[{"@type":"SearchAction","target":{"@type":"EntryPoint","urlTemplate":"https:\/\/fairway2hotel.at\/en\/?s={search_term_string}"},"query-input":{"@type":"PropertyValueSpecification","valueRequired":true,"valueName":"search_term_string"}}],"inLanguage":"en-US"}]}},"_links":{"self":[{"href":"https:\/\/fairway2hotel.at\/en\/wp-json\/wp\/v2\/pages\/3387","targetHints":{"allow":["GET"]}}],"collection":[{"href":"https:\/\/fairway2hotel.at\/en\/wp-json\/wp\/v2\/pages"}],"about":[{"href":"https:\/\/fairway2hotel.at\/en\/wp-json\/wp\/v2\/types\/page"}],"author":[{"embeddable":true,"href":"https:\/\/fairway2hotel.at\/en\/wp-json\/wp\/v2\/users\/2"}],"replies":[{"embeddable":true,"href":"https:\/\/fairway2hotel.at\/en\/wp-json\/wp\/v2\/comments?post=3387"}],"version-history":[{"count":16,"href":"https:\/\/fairway2hotel.at\/en\/wp-json\/wp\/v2\/pages\/3387\/revisions"}],"predecessor-version":[{"id":49548,"href":"https:\/\/fairway2hotel.at\/en\/wp-json\/wp\/v2\/pages\/3387\/revisions\/49548"}],"up":[{"embeddable":true,"href":"https:\/\/fairway2hotel.at\/en\/wp-json\/wp\/v2\/pages\/1657"}],"acf:attachment":[{"embeddable":true,"href":"https:\/\/fairway2hotel.at\/en\/wp-json\/wp\/v2\/media\/3585"},{"embeddable":true,"href":"https:\/\/fairway2hotel.at\/en\/wp-json\/wp\/v2\/media\/3584"}],"wp:attachment":[{"href":"https:\/\/fairway2hotel.at\/en\/wp-json\/wp\/v2\/media?parent=3387"}],"curies":[{"name":"wp","href":"https:\/\/api.w.org\/{rel}","templated":true}]}}