{"id":3391,"date":"2022-08-17T11:43:04","date_gmt":"2022-08-17T09:43:04","guid":{"rendered":"https:\/\/fairway2hotel.at\/golfclubs\/italien\/golfclub-bellosguardo-copy-2\/"},"modified":"2025-04-05T16:25:47","modified_gmt":"2025-04-05T14:25:47","slug":"golfclub-piandisole","status":"publish","type":"page","link":"https:\/\/fairway2hotel.at\/en\/golfclubs\/italien\/golfclub-piandisole\/","title":{"rendered":"GC Piandisole"},"content":{"rendered":"<h2>Golf am Laggo Maggiore<\/h2>\n<p>Der Golfclub Piandisole, in der Gemeinde Premeno (VB) oberhalb von Verbania, wurde von ein paar befreundeten Sommerfrischlern gegr\u00fcndet, welche w\u00e4hrend Ihres Urlaubs dort oben nicht auf ihr leidenschaftliches Golfspiel verzichten wollten. So beschlossen sie 1962 im Sommer einen Golfplatz ins Leben zu rufen, um auch in den Ferien nicht aus der \u00dcbung zu kommen. So entstand der Golf Park Piandisole. Entworfen wurde die traumhafte Anlage von dem ber\u00fchmten britischen Golfplatzarchitekt John Dering Harris.<\/p>\n<p>Der Platz befindet sich in einmaliger Lage zwischen sanften Bergh\u00e4ngen auf 1000m H\u00f6he mit einer atemberaubenden Sicht auf den Lago Maggiore und die umliegenden Alpen. Zun\u00e4chst war es ein angenehmer, technisch herausfordernder Par 3 Golfplatz, welcher im Laufe der Jahre zum aktuellen Platz ver\u00e4ndert wurde, ein Par 68, mit doppelten Abschl\u00e4gen. Gegen Ende der sechziger Jahre wurde der Golfclub noch mit einem h\u00fcbschen und gem\u00fctlichen Club Haus vervollst\u00e4ndigt.<\/p>\n<p>Viele Urlauber aus der N\u00e4he und Touristen aus dem Ausland sch\u00e4tzen dieses kleine Juwel in den Bergen, fordert er doch das K\u00f6nnen jeder Spielst\u00e4rke und bietet ein angenehmes Klima im hei\u00dfen Sommer.<\/p>\n<h2>Golf on Laggo Maggiore<\/h2>\n<p>The Piandisole Golf Club, in the municipality of Premeno (VB) above Verbania, was founded by a few summer holidaymakers who did not want to miss out on their passionate game of golf while on holiday up there. So in 1962 they decided to set up a golf course in the summer so that they would not miss out on their holidays. This is how the Piandisole Golf Park came into being. The marvellous course was designed by the famous British golf course architect John Dering Harris.<\/p>\n<p>The course is situated in a unique location between gentle mountain slopes at an altitude of 1000 metres with a breathtaking view of Lake Maggiore and the surrounding Alps. Initially it was a pleasant, technically challenging par 3 golf course, which was changed over the years to the current course, a par 68 with double tees. Towards the end of the sixties, the golf club was completed with a pretty and cosy club house.<\/p>\n<p>Many holidaymakers from nearby and tourists from abroad appreciate this little jewel in the mountains, as it challenges the skills of all levels and offers a pleasant climate in the hot summer.<\/p>\n","protected":false},"excerpt":{"rendered":"<p>Golf am Laggo Maggiore Der Golfclub Piandisole, in der Gemeinde Premeno (VB) oberhalb von Verbania, wurde von ein paar befreundeten Sommerfrischlern gegr\u00fcndet, welche w\u00e4hrend Ihres Urlaubs dort oben nicht auf ihr leidenschaftliches Golfspiel verzichten wollten. So beschlossen sie 1962 im Sommer einen Golfplatz ins Leben zu rufen, um auch in den Ferien nicht aus der [&hellip;]<\/p>\n","protected":false},"author":2,"featured_media":0,"parent":1657,"menu_order":10,"comment_status":"closed","ping_status":"closed","template":"page-partner.php","meta":{"_acf_changed":false,"footnotes":""},"class_list":["post-3391","page","type-page","status-publish","hentry"],"acf":{"partner_infobox":"<strong>Adresse:\u00a0<\/strong>Via Pineta 1 I-28818 Pian di sole\r\n\r\n<strong>Tel:\u00a0<\/strong>+39 0323 587816\r\n\r\n<strong>Web: <\/strong><a href=\"https:\/\/www.piandisolegolf.it\/\" target=\"_blank\" rel=\"nofollow noopener\">www.piandisolegolf.it<\/a>\r\n\r\n<strong>E-Mail:<\/strong> <a href=\"mailto:piandisolegolf@gmail.com\">piandisolegolf@gmail.com<\/a>\r\n\r\n<strong>Bedingungen: <\/strong>\r\n\r\n<strong>Spielbahnen\/Par: <\/strong>\r\n\r\n<strong>La\u0308nge:\u00a0<\/strong>\r\n\r\n<strong>Anfahrt:\r\n<\/strong>","partner_logo":3471,"partner_gallery":[3395,47618,47620,47622,47624,47626],"partner_lat":45.9839897,"partner_long":8.606615,"partner_type":"golfclub","partner_openings":["1","2","3","4","5","6","7"],"montag_von_bis":"00:00 - 24:00","dienstag_von_bis":"00:00 - 24:00","mittwoch_von_bis":"00:00 - 24:00","donnerstag_von_bis":"00:00 - 24:00","freitag_von_bis":"00:00 - 24:00","samstag_von_bis":"00:00 - 24:00","sonntag_von_bis":"00:00 - 24:00","partner_adresse":"Via Pineta 1 I-28818 Pian di sole","partner_land_bundesland":"Italien","partner_tel_1":"0039 0323 587816","partner_tel_2":"","partner_web":"https:\/\/www.piandisolegolf.it\/","partner_mail":"piandisolegolf@gmail.com","partner_spielbahnen_par":"18\/68","partner_laenge":"","partner_bedingungen":"","partner_anfahrt":"","partner_misc":null,"additional_css_classes":""},"yoast_head":"<!-- This site is optimized with the Yoast SEO plugin v26.8 - https:\/\/yoast.com\/product\/yoast-seo-wordpress\/ -->\n<title>GC Piandisole - Fairway 2 Hotel<\/title>\n<meta name=\"robots\" content=\"index, follow, max-snippet:-1, max-image-preview:large, max-video-preview:-1\" \/>\n<link rel=\"canonical\" href=\"https:\/\/fairway2hotel.at\/en\/golfclubs\/italien\/golfclub-piandisole\/\" \/>\n<meta property=\"og:locale\" content=\"en_US\" \/>\n<meta property=\"og:type\" content=\"article\" \/>\n<meta property=\"og:title\" content=\"GC Piandisole - Fairway 2 Hotel\" \/>\n<meta property=\"og:description\" content=\"Golf am Laggo Maggiore Der Golfclub Piandisole, in der Gemeinde Premeno (VB) oberhalb von Verbania, wurde von ein paar befreundeten Sommerfrischlern gegr\u00fcndet, welche w\u00e4hrend Ihres Urlaubs dort oben nicht auf ihr leidenschaftliches Golfspiel verzichten wollten. So beschlossen sie 1962 im Sommer einen Golfplatz ins Leben zu rufen, um auch in den Ferien nicht aus der [&hellip;]\" \/>\n<meta property=\"og:url\" content=\"https:\/\/fairway2hotel.at\/en\/golfclubs\/italien\/golfclub-piandisole\/\" \/>\n<meta property=\"og:site_name\" content=\"Fairway 2 Hotel\" \/>\n<meta property=\"article:modified_time\" content=\"2025-04-05T14:25:47+00:00\" \/>\n<meta name=\"twitter:card\" content=\"summary_large_image\" \/>\n<meta name=\"twitter:label1\" content=\"Est. reading time\" \/>\n\t<meta name=\"twitter:data1\" content=\"3 minutes\" \/>\n<script type=\"application\/ld+json\" class=\"yoast-schema-graph\">{\"@context\":\"https:\/\/schema.org\",\"@graph\":[{\"@type\":\"WebPage\",\"@id\":\"https:\/\/fairway2hotel.at\/en\/golfclubs\/italien\/golfclub-piandisole\/\",\"url\":\"https:\/\/fairway2hotel.at\/en\/golfclubs\/italien\/golfclub-piandisole\/\",\"name\":\"GC Piandisole - Fairway 2 Hotel\",\"isPartOf\":{\"@id\":\"https:\/\/fairway2hotel.at\/en\/#website\"},\"datePublished\":\"2022-08-17T09:43:04+00:00\",\"dateModified\":\"2025-04-05T14:25:47+00:00\",\"breadcrumb\":{\"@id\":\"https:\/\/fairway2hotel.at\/en\/golfclubs\/italien\/golfclub-piandisole\/#breadcrumb\"},\"inLanguage\":\"en-US\",\"potentialAction\":[{\"@type\":\"ReadAction\",\"target\":[\"https:\/\/fairway2hotel.at\/en\/golfclubs\/italien\/golfclub-piandisole\/\"]}]},{\"@type\":\"BreadcrumbList\",\"@id\":\"https:\/\/fairway2hotel.at\/en\/golfclubs\/italien\/golfclub-piandisole\/#breadcrumb\",\"itemListElement\":[{\"@type\":\"ListItem\",\"position\":1,\"name\":\"Home\",\"item\":\"https:\/\/fairway2hotel.at\/en\/\"},{\"@type\":\"ListItem\",\"position\":2,\"name\":\"Golfclubs\",\"item\":\"https:\/\/fairway2hotel.at\/en\/golfclubs\/\"},{\"@type\":\"ListItem\",\"position\":3,\"name\":\"Golfclubs Italien\",\"item\":\"https:\/\/fairway2hotel.at\/en\/golfclubs\/italien\/\"},{\"@type\":\"ListItem\",\"position\":4,\"name\":\"GC Piandisole\"}]},{\"@type\":\"WebSite\",\"@id\":\"https:\/\/fairway2hotel.at\/en\/#website\",\"url\":\"https:\/\/fairway2hotel.at\/en\/\",\"name\":\"Fairway 2 Hotel\",\"description\":\"Golf at half price! 2 play - 1 pays\",\"potentialAction\":[{\"@type\":\"SearchAction\",\"target\":{\"@type\":\"EntryPoint\",\"urlTemplate\":\"https:\/\/fairway2hotel.at\/en\/?s={search_term_string}\"},\"query-input\":{\"@type\":\"PropertyValueSpecification\",\"valueRequired\":true,\"valueName\":\"search_term_string\"}}],\"inLanguage\":\"en-US\"}]}<\/script>\n<!-- \/ Yoast SEO plugin. -->","yoast_head_json":{"title":"GC Piandisole - Fairway 2 Hotel","robots":{"index":"index","follow":"follow","max-snippet":"max-snippet:-1","max-image-preview":"max-image-preview:large","max-video-preview":"max-video-preview:-1"},"canonical":"https:\/\/fairway2hotel.at\/en\/golfclubs\/italien\/golfclub-piandisole\/","og_locale":"en_US","og_type":"article","og_title":"GC Piandisole - Fairway 2 Hotel","og_description":"Golf am Laggo Maggiore Der Golfclub Piandisole, in der Gemeinde Premeno (VB) oberhalb von Verbania, wurde von ein paar befreundeten Sommerfrischlern gegr\u00fcndet, welche w\u00e4hrend Ihres Urlaubs dort oben nicht auf ihr leidenschaftliches Golfspiel verzichten wollten. So beschlossen sie 1962 im Sommer einen Golfplatz ins Leben zu rufen, um auch in den Ferien nicht aus der [&hellip;]","og_url":"https:\/\/fairway2hotel.at\/en\/golfclubs\/italien\/golfclub-piandisole\/","og_site_name":"Fairway 2 Hotel","article_modified_time":"2025-04-05T14:25:47+00:00","twitter_card":"summary_large_image","twitter_misc":{"Est. reading time":"3 minutes"},"schema":{"@context":"https:\/\/schema.org","@graph":[{"@type":"WebPage","@id":"https:\/\/fairway2hotel.at\/en\/golfclubs\/italien\/golfclub-piandisole\/","url":"https:\/\/fairway2hotel.at\/en\/golfclubs\/italien\/golfclub-piandisole\/","name":"GC Piandisole - Fairway 2 Hotel","isPartOf":{"@id":"https:\/\/fairway2hotel.at\/en\/#website"},"datePublished":"2022-08-17T09:43:04+00:00","dateModified":"2025-04-05T14:25:47+00:00","breadcrumb":{"@id":"https:\/\/fairway2hotel.at\/en\/golfclubs\/italien\/golfclub-piandisole\/#breadcrumb"},"inLanguage":"en-US","potentialAction":[{"@type":"ReadAction","target":["https:\/\/fairway2hotel.at\/en\/golfclubs\/italien\/golfclub-piandisole\/"]}]},{"@type":"BreadcrumbList","@id":"https:\/\/fairway2hotel.at\/en\/golfclubs\/italien\/golfclub-piandisole\/#breadcrumb","itemListElement":[{"@type":"ListItem","position":1,"name":"Home","item":"https:\/\/fairway2hotel.at\/en\/"},{"@type":"ListItem","position":2,"name":"Golfclubs","item":"https:\/\/fairway2hotel.at\/en\/golfclubs\/"},{"@type":"ListItem","position":3,"name":"Golfclubs Italien","item":"https:\/\/fairway2hotel.at\/en\/golfclubs\/italien\/"},{"@type":"ListItem","position":4,"name":"GC Piandisole"}]},{"@type":"WebSite","@id":"https:\/\/fairway2hotel.at\/en\/#website","url":"https:\/\/fairway2hotel.at\/en\/","name":"Fairway 2 Hotel","description":"Golf at half price! 2 play - 1 pays","potentialAction":[{"@type":"SearchAction","target":{"@type":"EntryPoint","urlTemplate":"https:\/\/fairway2hotel.at\/en\/?s={search_term_string}"},"query-input":{"@type":"PropertyValueSpecification","valueRequired":true,"valueName":"search_term_string"}}],"inLanguage":"en-US"}]}},"_links":{"self":[{"href":"https:\/\/fairway2hotel.at\/en\/wp-json\/wp\/v2\/pages\/3391","targetHints":{"allow":["GET"]}}],"collection":[{"href":"https:\/\/fairway2hotel.at\/en\/wp-json\/wp\/v2\/pages"}],"about":[{"href":"https:\/\/fairway2hotel.at\/en\/wp-json\/wp\/v2\/types\/page"}],"author":[{"embeddable":true,"href":"https:\/\/fairway2hotel.at\/en\/wp-json\/wp\/v2\/users\/2"}],"replies":[{"embeddable":true,"href":"https:\/\/fairway2hotel.at\/en\/wp-json\/wp\/v2\/comments?post=3391"}],"version-history":[{"count":9,"href":"https:\/\/fairway2hotel.at\/en\/wp-json\/wp\/v2\/pages\/3391\/revisions"}],"predecessor-version":[{"id":47628,"href":"https:\/\/fairway2hotel.at\/en\/wp-json\/wp\/v2\/pages\/3391\/revisions\/47628"}],"up":[{"embeddable":true,"href":"https:\/\/fairway2hotel.at\/en\/wp-json\/wp\/v2\/pages\/1657"}],"acf:attachment":[{"embeddable":true,"href":"https:\/\/fairway2hotel.at\/en\/wp-json\/wp\/v2\/media\/47626"},{"embeddable":true,"href":"https:\/\/fairway2hotel.at\/en\/wp-json\/wp\/v2\/media\/47624"},{"embeddable":true,"href":"https:\/\/fairway2hotel.at\/en\/wp-json\/wp\/v2\/media\/47622"},{"embeddable":true,"href":"https:\/\/fairway2hotel.at\/en\/wp-json\/wp\/v2\/media\/47620"},{"embeddable":true,"href":"https:\/\/fairway2hotel.at\/en\/wp-json\/wp\/v2\/media\/47618"},{"embeddable":true,"href":"https:\/\/fairway2hotel.at\/en\/wp-json\/wp\/v2\/media\/3395"}],"wp:attachment":[{"href":"https:\/\/fairway2hotel.at\/en\/wp-json\/wp\/v2\/media?parent=3391"}],"curies":[{"name":"wp","href":"https:\/\/api.w.org\/{rel}","templated":true}]}}