{"id":3401,"date":"2022-08-17T12:37:39","date_gmt":"2022-08-17T10:37:39","guid":{"rendered":"https:\/\/fairway2hotel.at\/golfclubs\/deutschland\/golfanlage-gut-thailing-copy\/"},"modified":"2025-03-08T16:25:03","modified_gmt":"2025-03-08T15:25:03","slug":"golf-pur-gc-miltenberg-erftal","status":"publish","type":"page","link":"https:\/\/fairway2hotel.at\/en\/golfclubs\/deutschland\/golf-pur-gc-miltenberg-erftal\/","title":{"rendered":"GC Miltenberg-Erftal"},"content":{"rendered":"<h2>GOLF PUR im GC Miltenberg-Erftal<\/h2>\n<p>Abseits vom Trubel des Alltags finden Sie unsere 36-Loch Anlage in der traumhaften Natur des n\u00f6rdlichen Odenwaldes, gelegen im Dreil\u00e4ndereck von Bayern, Hessen und Baden-W\u00fcrttemberg.<br \/>\nUnser Erftal-Course bietet alles, was Sie bei einer entspannten Freizeitrunde erwarten. Ein abwechslungsreiches Bahndesign, klug platzierte Hindernisse und interessante Gr\u00fcns zeichnen diesen Platz aus. Die kurzen Wege zwischen den Bahnen mit nur moderaten H\u00f6henunterschieden und die Ausblicke auf den umgebenden Odenwald machen das Spiel zu einem tollen Erlebnis.<br \/>\nErleben Sie fr\u00e4nkische Gastfreundschaft, ein famili\u00e4res Miteinander und den wohl sch\u00f6nsten Sonnenuntergang weit und breit. Der perfekte Ort f\u00fcr einen Tag Urlaub!<\/p>\n<h2>GOLF PURE at GC Miltenberg-Erftal<\/h2>\n<p>Away from the hustle and bustle of everyday life, you will find our 36-hole course in the marvellous nature of the northern Odenwald, located in the border triangle of Bavaria, Hesse and Baden-W\u00fcrttemberg.<br \/>\nOur Erftal course offers everything you would expect from a relaxed leisure round. A varied course design, cleverly placed obstacles and interesting greens characterise this course. The short distances between the holes with only moderate differences in altitude and the views of the surrounding Odenwald make the game a great experience.<br \/>\nExperience Franconian hospitality, a family atmosphere and probably the most beautiful sunset far and wide. The perfect place for a day&#8217;s holiday!<\/p>\n","protected":false},"excerpt":{"rendered":"<p>GOLF PUR im GC Miltenberg-Erftal Abseits vom Trubel des Alltags finden Sie unsere 36-Loch Anlage in der traumhaften Natur des n\u00f6rdlichen Odenwaldes, gelegen im Dreil\u00e4ndereck von Bayern, Hessen und Baden-W\u00fcrttemberg. Unser Erftal-Course bietet alles, was Sie bei einer entspannten Freizeitrunde erwarten. Ein abwechslungsreiches Bahndesign, klug platzierte Hindernisse und interessante Gr\u00fcns zeichnen diesen Platz aus. Die [&hellip;]<\/p>\n","protected":false},"author":2,"featured_media":0,"parent":1607,"menu_order":85,"comment_status":"closed","ping_status":"closed","template":"page-partner.php","meta":{"_acf_changed":false,"footnotes":""},"class_list":["post-3401","page","type-page","status-publish","hentry"],"acf":{"partner_infobox":"<strong>Adresse:\u00a0<\/strong>Ortsstra\u00dfe 30, 63928 Eichenb\u00fchl-Guggenberg\r\n\r\n<strong>Tel:\u00a0<\/strong>+49 9378 789\r\n\r\n<strong>Web: <\/strong><a href=\"https:\/\/www.golfclub-erftal.de\/\" target=\"_blank\" rel=\"nofollow noopener noreferrer\">www.golfclub-erftal.de<\/a>\r\n\r\n<strong>E-Mail:<\/strong> <a href=\"mailto:info@golfclub-erftal.de \">info@golfclub-erftal.de<\/a>\r\n\r\n<strong>Spielbahnen\/Par: <\/strong>\r\n\r\n<strong>La\u0308nge:\r\n<\/strong>\r\n\r\n<strong>Bedingungen:\u00a0<\/strong>Gutscheine nur g\u00fcltig auf dem Erftal-Course.","partner_logo":3403,"partner_gallery":[3404,3405],"partner_lat":49.6605884,"partner_long":9.3859602,"partner_type":"golfclub","partner_openings":["1","2","3","4","5","6","7"],"montag_von_bis":"00:00 - 24:00","dienstag_von_bis":"00:00 - 24:00","mittwoch_von_bis":"00:00 - 24:00","donnerstag_von_bis":"00:00 - 24:00","freitag_von_bis":"00:00 - 24:00","samstag_von_bis":"00:00 - 24:00","sonntag_von_bis":"00:00 - 24:00","partner_adresse":"Ortsstra\u00dfe 30, D-63928 Eichenb\u00fchl-Guggenberg","partner_land_bundesland":"Deutschland","partner_tel_1":"0049 9378 789","partner_tel_2":"","partner_web":"http:\/\/www.golfclub-erftal.de","partner_mail":"info@golfclub-erftal.de","partner_spielbahnen_par":"18\/72","partner_laenge":"","partner_bedingungen":"GS t\u00e4glich g\u00fcltig auf dem Erftal-Course.\r\nvouchers valid on the Erftal-course","partner_anfahrt":"","partner_misc":null,"additional_css_classes":""},"yoast_head":"<!-- This site is optimized with the Yoast SEO plugin v26.8 - https:\/\/yoast.com\/product\/yoast-seo-wordpress\/ -->\n<title>GC Miltenberg-Erftal - Fairway 2 Hotel<\/title>\n<meta name=\"robots\" content=\"index, follow, max-snippet:-1, max-image-preview:large, max-video-preview:-1\" \/>\n<link rel=\"canonical\" href=\"https:\/\/fairway2hotel.at\/en\/golfclubs\/deutschland\/golf-pur-gc-miltenberg-erftal\/\" \/>\n<meta property=\"og:locale\" content=\"en_US\" \/>\n<meta property=\"og:type\" content=\"article\" \/>\n<meta property=\"og:title\" content=\"GC Miltenberg-Erftal - Fairway 2 Hotel\" \/>\n<meta property=\"og:description\" content=\"GOLF PUR im GC Miltenberg-Erftal Abseits vom Trubel des Alltags finden Sie unsere 36-Loch Anlage in der traumhaften Natur des n\u00f6rdlichen Odenwaldes, gelegen im Dreil\u00e4ndereck von Bayern, Hessen und Baden-W\u00fcrttemberg. Unser Erftal-Course bietet alles, was Sie bei einer entspannten Freizeitrunde erwarten. Ein abwechslungsreiches Bahndesign, klug platzierte Hindernisse und interessante Gr\u00fcns zeichnen diesen Platz aus. Die [&hellip;]\" \/>\n<meta property=\"og:url\" content=\"https:\/\/fairway2hotel.at\/en\/golfclubs\/deutschland\/golf-pur-gc-miltenberg-erftal\/\" \/>\n<meta property=\"og:site_name\" content=\"Fairway 2 Hotel\" \/>\n<meta property=\"article:modified_time\" content=\"2025-03-08T15:25:03+00:00\" \/>\n<meta name=\"twitter:card\" content=\"summary_large_image\" \/>\n<meta name=\"twitter:label1\" content=\"Est. reading time\" \/>\n\t<meta name=\"twitter:data1\" content=\"2 minutes\" \/>\n<script type=\"application\/ld+json\" class=\"yoast-schema-graph\">{\"@context\":\"https:\/\/schema.org\",\"@graph\":[{\"@type\":\"WebPage\",\"@id\":\"https:\/\/fairway2hotel.at\/en\/golfclubs\/deutschland\/golf-pur-gc-miltenberg-erftal\/\",\"url\":\"https:\/\/fairway2hotel.at\/en\/golfclubs\/deutschland\/golf-pur-gc-miltenberg-erftal\/\",\"name\":\"GC Miltenberg-Erftal - Fairway 2 Hotel\",\"isPartOf\":{\"@id\":\"https:\/\/fairway2hotel.at\/en\/#website\"},\"datePublished\":\"2022-08-17T10:37:39+00:00\",\"dateModified\":\"2025-03-08T15:25:03+00:00\",\"breadcrumb\":{\"@id\":\"https:\/\/fairway2hotel.at\/en\/golfclubs\/deutschland\/golf-pur-gc-miltenberg-erftal\/#breadcrumb\"},\"inLanguage\":\"en-US\",\"potentialAction\":[{\"@type\":\"ReadAction\",\"target\":[\"https:\/\/fairway2hotel.at\/en\/golfclubs\/deutschland\/golf-pur-gc-miltenberg-erftal\/\"]}]},{\"@type\":\"BreadcrumbList\",\"@id\":\"https:\/\/fairway2hotel.at\/en\/golfclubs\/deutschland\/golf-pur-gc-miltenberg-erftal\/#breadcrumb\",\"itemListElement\":[{\"@type\":\"ListItem\",\"position\":1,\"name\":\"Home\",\"item\":\"https:\/\/fairway2hotel.at\/en\/\"},{\"@type\":\"ListItem\",\"position\":2,\"name\":\"Golfclubs\",\"item\":\"https:\/\/fairway2hotel.at\/en\/golfclubs\/\"},{\"@type\":\"ListItem\",\"position\":3,\"name\":\"Golfclubs Deutschland\",\"item\":\"https:\/\/fairway2hotel.at\/en\/golfclubs\/deutschland\/\"},{\"@type\":\"ListItem\",\"position\":4,\"name\":\"GC Miltenberg-Erftal\"}]},{\"@type\":\"WebSite\",\"@id\":\"https:\/\/fairway2hotel.at\/en\/#website\",\"url\":\"https:\/\/fairway2hotel.at\/en\/\",\"name\":\"Fairway 2 Hotel\",\"description\":\"Golf at half price! 2 play - 1 pays\",\"potentialAction\":[{\"@type\":\"SearchAction\",\"target\":{\"@type\":\"EntryPoint\",\"urlTemplate\":\"https:\/\/fairway2hotel.at\/en\/?s={search_term_string}\"},\"query-input\":{\"@type\":\"PropertyValueSpecification\",\"valueRequired\":true,\"valueName\":\"search_term_string\"}}],\"inLanguage\":\"en-US\"}]}<\/script>\n<!-- \/ Yoast SEO plugin. -->","yoast_head_json":{"title":"GC Miltenberg-Erftal - Fairway 2 Hotel","robots":{"index":"index","follow":"follow","max-snippet":"max-snippet:-1","max-image-preview":"max-image-preview:large","max-video-preview":"max-video-preview:-1"},"canonical":"https:\/\/fairway2hotel.at\/en\/golfclubs\/deutschland\/golf-pur-gc-miltenberg-erftal\/","og_locale":"en_US","og_type":"article","og_title":"GC Miltenberg-Erftal - Fairway 2 Hotel","og_description":"GOLF PUR im GC Miltenberg-Erftal Abseits vom Trubel des Alltags finden Sie unsere 36-Loch Anlage in der traumhaften Natur des n\u00f6rdlichen Odenwaldes, gelegen im Dreil\u00e4ndereck von Bayern, Hessen und Baden-W\u00fcrttemberg. Unser Erftal-Course bietet alles, was Sie bei einer entspannten Freizeitrunde erwarten. Ein abwechslungsreiches Bahndesign, klug platzierte Hindernisse und interessante Gr\u00fcns zeichnen diesen Platz aus. Die [&hellip;]","og_url":"https:\/\/fairway2hotel.at\/en\/golfclubs\/deutschland\/golf-pur-gc-miltenberg-erftal\/","og_site_name":"Fairway 2 Hotel","article_modified_time":"2025-03-08T15:25:03+00:00","twitter_card":"summary_large_image","twitter_misc":{"Est. reading time":"2 minutes"},"schema":{"@context":"https:\/\/schema.org","@graph":[{"@type":"WebPage","@id":"https:\/\/fairway2hotel.at\/en\/golfclubs\/deutschland\/golf-pur-gc-miltenberg-erftal\/","url":"https:\/\/fairway2hotel.at\/en\/golfclubs\/deutschland\/golf-pur-gc-miltenberg-erftal\/","name":"GC Miltenberg-Erftal - Fairway 2 Hotel","isPartOf":{"@id":"https:\/\/fairway2hotel.at\/en\/#website"},"datePublished":"2022-08-17T10:37:39+00:00","dateModified":"2025-03-08T15:25:03+00:00","breadcrumb":{"@id":"https:\/\/fairway2hotel.at\/en\/golfclubs\/deutschland\/golf-pur-gc-miltenberg-erftal\/#breadcrumb"},"inLanguage":"en-US","potentialAction":[{"@type":"ReadAction","target":["https:\/\/fairway2hotel.at\/en\/golfclubs\/deutschland\/golf-pur-gc-miltenberg-erftal\/"]}]},{"@type":"BreadcrumbList","@id":"https:\/\/fairway2hotel.at\/en\/golfclubs\/deutschland\/golf-pur-gc-miltenberg-erftal\/#breadcrumb","itemListElement":[{"@type":"ListItem","position":1,"name":"Home","item":"https:\/\/fairway2hotel.at\/en\/"},{"@type":"ListItem","position":2,"name":"Golfclubs","item":"https:\/\/fairway2hotel.at\/en\/golfclubs\/"},{"@type":"ListItem","position":3,"name":"Golfclubs Deutschland","item":"https:\/\/fairway2hotel.at\/en\/golfclubs\/deutschland\/"},{"@type":"ListItem","position":4,"name":"GC Miltenberg-Erftal"}]},{"@type":"WebSite","@id":"https:\/\/fairway2hotel.at\/en\/#website","url":"https:\/\/fairway2hotel.at\/en\/","name":"Fairway 2 Hotel","description":"Golf at half price! 2 play - 1 pays","potentialAction":[{"@type":"SearchAction","target":{"@type":"EntryPoint","urlTemplate":"https:\/\/fairway2hotel.at\/en\/?s={search_term_string}"},"query-input":{"@type":"PropertyValueSpecification","valueRequired":true,"valueName":"search_term_string"}}],"inLanguage":"en-US"}]}},"_links":{"self":[{"href":"https:\/\/fairway2hotel.at\/en\/wp-json\/wp\/v2\/pages\/3401","targetHints":{"allow":["GET"]}}],"collection":[{"href":"https:\/\/fairway2hotel.at\/en\/wp-json\/wp\/v2\/pages"}],"about":[{"href":"https:\/\/fairway2hotel.at\/en\/wp-json\/wp\/v2\/types\/page"}],"author":[{"embeddable":true,"href":"https:\/\/fairway2hotel.at\/en\/wp-json\/wp\/v2\/users\/2"}],"replies":[{"embeddable":true,"href":"https:\/\/fairway2hotel.at\/en\/wp-json\/wp\/v2\/comments?post=3401"}],"version-history":[{"count":8,"href":"https:\/\/fairway2hotel.at\/en\/wp-json\/wp\/v2\/pages\/3401\/revisions"}],"predecessor-version":[{"id":46344,"href":"https:\/\/fairway2hotel.at\/en\/wp-json\/wp\/v2\/pages\/3401\/revisions\/46344"}],"up":[{"embeddable":true,"href":"https:\/\/fairway2hotel.at\/en\/wp-json\/wp\/v2\/pages\/1607"}],"acf:attachment":[{"embeddable":true,"href":"https:\/\/fairway2hotel.at\/en\/wp-json\/wp\/v2\/media\/3405"},{"embeddable":true,"href":"https:\/\/fairway2hotel.at\/en\/wp-json\/wp\/v2\/media\/3404"}],"wp:attachment":[{"href":"https:\/\/fairway2hotel.at\/en\/wp-json\/wp\/v2\/media?parent=3401"}],"curies":[{"name":"wp","href":"https:\/\/api.w.org\/{rel}","templated":true}]}}