{"id":3423,"date":"2022-08-29T13:57:58","date_gmt":"2022-08-29T11:57:58","guid":{"rendered":"https:\/\/fairway2hotel.at\/1660912875635\/golfclubs\/steiermark\/golf-und-landclub-ennstal-copy\/"},"modified":"2025-04-22T09:41:28","modified_gmt":"2025-04-22T07:41:28","slug":"golfclub-schloss-feistritz","status":"publish","type":"page","link":"https:\/\/fairway2hotel.at\/en\/golfclubs\/steiermark\/golfclub-schloss-feistritz\/","title":{"rendered":"GC Schloss Feistritz"},"content":{"rendered":"<h2>Willkommen auf der Naturgolfanlage Schloss Feistritz<\/h2>\n<p>Der Golfclub Schloss Feistritz in der Waldheimat Peter Roseggers, nahe Krieglach, ist ein 9-Loch Platz und einer der \u00e4ltesten Golfanlagen der Steiermark. Es braucht keine Abschlagszeiten \u2013 Sie kommen und spielen &#8211; um eine stressfreie Golfrunde in einzigartiger Atmosph\u00e4re zu genie\u00dfen und bietet f\u00fcr jedes Handicap eine Herausforderung. Seit J\u00e4nner 2021 wird der Golfplatz als eigenst\u00e4ndiger Verein gef\u00fchrt, wo Gem\u00fctlichkeit und Geselligkeit nicht zu kurz kommen. Eine Golfrunde lohnt sich! Wir freuen uns, auch Sie bei uns begr\u00fc\u00dfen zu d\u00fcrfen.<\/p>\n<h2>Welcome to the Schloss Feistritz natural golf course<\/h2>\n<p>The Schloss Feistritz Golf Club in the forest home of Peter Rosegger, near Krieglach, is a 9-hole course and one of the oldest golf courses in Styria. There is no need for tee times &#8211; you come and play &#8211; to enjoy a stress-free round of golf in a unique atmosphere and offers a challenge for every handicap. Since January 2021, the golf course has been run as an independent club, where cosiness and conviviality are not neglected. A round of golf is worth it! We look forward to welcoming you too.<\/p>\n","protected":false},"excerpt":{"rendered":"<p>Willkommen auf der Naturgolfanlage Schloss Feistritz Der Golfclub Schloss Feistritz in der Waldheimat Peter Roseggers, nahe Krieglach, ist ein 9-Loch Platz und einer der \u00e4ltesten Golfanlagen der Steiermark. Es braucht keine Abschlagszeiten \u2013 Sie kommen und spielen &#8211; um eine stressfreie Golfrunde in einzigartiger Atmosph\u00e4re zu genie\u00dfen und bietet f\u00fcr jedes Handicap eine Herausforderung. Seit [&hellip;]<\/p>\n","protected":false},"author":2,"featured_media":0,"parent":1552,"menu_order":10,"comment_status":"closed","ping_status":"closed","template":"page-partner.php","meta":{"_acf_changed":false,"footnotes":""},"class_list":["post-3423","page","type-page","status-publish","hentry"],"acf":{"partner_infobox":"<strong>Adresse:\u00a0<\/strong>Feistritzberg 12, 8670 Krieglach\r\n\r\n<strong>Tel:\u00a0<\/strong>0664\/3512507\r\n\r\n<strong>Web: <\/strong><a href=\"www.golfclub-schloss-feistritz.at\" target=\"_blank\" rel=\"nofollow noopener noreferrer\">www.golfclub-schloss-feistritz.at<\/a>\r\n\r\n<strong>E-Mail:<\/strong> <a href=\"mailto:info@golfclub-schloss-feistritz.at\">info@golfclub-schloss-feistritz.at<\/a>","partner_logo":3424,"partner_gallery":[3427,3426],"partner_lat":47.56322786057551,"partner_long":15.582254841243278,"partner_type":"golfclub","partner_openings":["1","2","3","4","5","6","7"],"montag_von_bis":"00:00 - 24:00","dienstag_von_bis":"00:00 - 24:00","mittwoch_von_bis":"00:00 - 24:00","donnerstag_von_bis":"00:00 - 24:00","freitag_von_bis":"00:00 - 24:00","samstag_von_bis":"00:00 - 24:00","sonntag_von_bis":"00:00 - 24:00","partner_adresse":"Feistritzberg 12, 8670 Krieglach","partner_land_bundesland":"Steiermark","partner_tel_1":"","partner_tel_2":"00436643512507","partner_web":"https:\/\/www.golfclub-schloss-feistritz.at","partner_mail":"info@golfclub-schloss-feistritz.at","partner_spielbahnen_par":"9\/66","partner_laenge":"","partner_bedingungen":"","partner_anfahrt":"","partner_misc":null,"additional_css_classes":""},"yoast_head":"<!-- This site is optimized with the Yoast SEO plugin v26.8 - https:\/\/yoast.com\/product\/yoast-seo-wordpress\/ -->\n<title>GC Schloss Feistritz - Fairway 2 Hotel<\/title>\n<meta name=\"robots\" content=\"index, follow, max-snippet:-1, max-image-preview:large, max-video-preview:-1\" \/>\n<link rel=\"canonical\" href=\"https:\/\/fairway2hotel.at\/en\/golfclubs\/steiermark\/golfclub-schloss-feistritz\/\" \/>\n<meta property=\"og:locale\" content=\"en_US\" \/>\n<meta property=\"og:type\" content=\"article\" \/>\n<meta property=\"og:title\" content=\"GC Schloss Feistritz - Fairway 2 Hotel\" \/>\n<meta property=\"og:description\" content=\"Willkommen auf der Naturgolfanlage Schloss Feistritz Der Golfclub Schloss Feistritz in der Waldheimat Peter Roseggers, nahe Krieglach, ist ein 9-Loch Platz und einer der \u00e4ltesten Golfanlagen der Steiermark. Es braucht keine Abschlagszeiten \u2013 Sie kommen und spielen &#8211; um eine stressfreie Golfrunde in einzigartiger Atmosph\u00e4re zu genie\u00dfen und bietet f\u00fcr jedes Handicap eine Herausforderung. Seit [&hellip;]\" \/>\n<meta property=\"og:url\" content=\"https:\/\/fairway2hotel.at\/en\/golfclubs\/steiermark\/golfclub-schloss-feistritz\/\" \/>\n<meta property=\"og:site_name\" content=\"Fairway 2 Hotel\" \/>\n<meta property=\"article:modified_time\" content=\"2025-04-22T07:41:28+00:00\" \/>\n<meta name=\"twitter:card\" content=\"summary_large_image\" \/>\n<meta name=\"twitter:label1\" content=\"Est. reading time\" \/>\n\t<meta name=\"twitter:data1\" content=\"2 minutes\" \/>\n<script type=\"application\/ld+json\" class=\"yoast-schema-graph\">{\"@context\":\"https:\/\/schema.org\",\"@graph\":[{\"@type\":\"WebPage\",\"@id\":\"https:\/\/fairway2hotel.at\/en\/golfclubs\/steiermark\/golfclub-schloss-feistritz\/\",\"url\":\"https:\/\/fairway2hotel.at\/en\/golfclubs\/steiermark\/golfclub-schloss-feistritz\/\",\"name\":\"GC Schloss Feistritz - Fairway 2 Hotel\",\"isPartOf\":{\"@id\":\"https:\/\/fairway2hotel.at\/en\/#website\"},\"datePublished\":\"2022-08-29T11:57:58+00:00\",\"dateModified\":\"2025-04-22T07:41:28+00:00\",\"breadcrumb\":{\"@id\":\"https:\/\/fairway2hotel.at\/en\/golfclubs\/steiermark\/golfclub-schloss-feistritz\/#breadcrumb\"},\"inLanguage\":\"en-US\",\"potentialAction\":[{\"@type\":\"ReadAction\",\"target\":[\"https:\/\/fairway2hotel.at\/en\/golfclubs\/steiermark\/golfclub-schloss-feistritz\/\"]}]},{\"@type\":\"BreadcrumbList\",\"@id\":\"https:\/\/fairway2hotel.at\/en\/golfclubs\/steiermark\/golfclub-schloss-feistritz\/#breadcrumb\",\"itemListElement\":[{\"@type\":\"ListItem\",\"position\":1,\"name\":\"Home\",\"item\":\"https:\/\/fairway2hotel.at\/en\/\"},{\"@type\":\"ListItem\",\"position\":2,\"name\":\"Golfclubs\",\"item\":\"https:\/\/fairway2hotel.at\/en\/golfclubs\/\"},{\"@type\":\"ListItem\",\"position\":3,\"name\":\"Golfclubs Steiermark\",\"item\":\"https:\/\/fairway2hotel.at\/en\/golfclubs\/steiermark\/\"},{\"@type\":\"ListItem\",\"position\":4,\"name\":\"GC Schloss Feistritz\"}]},{\"@type\":\"WebSite\",\"@id\":\"https:\/\/fairway2hotel.at\/en\/#website\",\"url\":\"https:\/\/fairway2hotel.at\/en\/\",\"name\":\"Fairway 2 Hotel\",\"description\":\"Golf at half price! 2 play - 1 pays\",\"potentialAction\":[{\"@type\":\"SearchAction\",\"target\":{\"@type\":\"EntryPoint\",\"urlTemplate\":\"https:\/\/fairway2hotel.at\/en\/?s={search_term_string}\"},\"query-input\":{\"@type\":\"PropertyValueSpecification\",\"valueRequired\":true,\"valueName\":\"search_term_string\"}}],\"inLanguage\":\"en-US\"}]}<\/script>\n<!-- \/ Yoast SEO plugin. -->","yoast_head_json":{"title":"GC Schloss Feistritz - Fairway 2 Hotel","robots":{"index":"index","follow":"follow","max-snippet":"max-snippet:-1","max-image-preview":"max-image-preview:large","max-video-preview":"max-video-preview:-1"},"canonical":"https:\/\/fairway2hotel.at\/en\/golfclubs\/steiermark\/golfclub-schloss-feistritz\/","og_locale":"en_US","og_type":"article","og_title":"GC Schloss Feistritz - Fairway 2 Hotel","og_description":"Willkommen auf der Naturgolfanlage Schloss Feistritz Der Golfclub Schloss Feistritz in der Waldheimat Peter Roseggers, nahe Krieglach, ist ein 9-Loch Platz und einer der \u00e4ltesten Golfanlagen der Steiermark. Es braucht keine Abschlagszeiten \u2013 Sie kommen und spielen &#8211; um eine stressfreie Golfrunde in einzigartiger Atmosph\u00e4re zu genie\u00dfen und bietet f\u00fcr jedes Handicap eine Herausforderung. Seit [&hellip;]","og_url":"https:\/\/fairway2hotel.at\/en\/golfclubs\/steiermark\/golfclub-schloss-feistritz\/","og_site_name":"Fairway 2 Hotel","article_modified_time":"2025-04-22T07:41:28+00:00","twitter_card":"summary_large_image","twitter_misc":{"Est. reading time":"2 minutes"},"schema":{"@context":"https:\/\/schema.org","@graph":[{"@type":"WebPage","@id":"https:\/\/fairway2hotel.at\/en\/golfclubs\/steiermark\/golfclub-schloss-feistritz\/","url":"https:\/\/fairway2hotel.at\/en\/golfclubs\/steiermark\/golfclub-schloss-feistritz\/","name":"GC Schloss Feistritz - Fairway 2 Hotel","isPartOf":{"@id":"https:\/\/fairway2hotel.at\/en\/#website"},"datePublished":"2022-08-29T11:57:58+00:00","dateModified":"2025-04-22T07:41:28+00:00","breadcrumb":{"@id":"https:\/\/fairway2hotel.at\/en\/golfclubs\/steiermark\/golfclub-schloss-feistritz\/#breadcrumb"},"inLanguage":"en-US","potentialAction":[{"@type":"ReadAction","target":["https:\/\/fairway2hotel.at\/en\/golfclubs\/steiermark\/golfclub-schloss-feistritz\/"]}]},{"@type":"BreadcrumbList","@id":"https:\/\/fairway2hotel.at\/en\/golfclubs\/steiermark\/golfclub-schloss-feistritz\/#breadcrumb","itemListElement":[{"@type":"ListItem","position":1,"name":"Home","item":"https:\/\/fairway2hotel.at\/en\/"},{"@type":"ListItem","position":2,"name":"Golfclubs","item":"https:\/\/fairway2hotel.at\/en\/golfclubs\/"},{"@type":"ListItem","position":3,"name":"Golfclubs Steiermark","item":"https:\/\/fairway2hotel.at\/en\/golfclubs\/steiermark\/"},{"@type":"ListItem","position":4,"name":"GC Schloss Feistritz"}]},{"@type":"WebSite","@id":"https:\/\/fairway2hotel.at\/en\/#website","url":"https:\/\/fairway2hotel.at\/en\/","name":"Fairway 2 Hotel","description":"Golf at half price! 2 play - 1 pays","potentialAction":[{"@type":"SearchAction","target":{"@type":"EntryPoint","urlTemplate":"https:\/\/fairway2hotel.at\/en\/?s={search_term_string}"},"query-input":{"@type":"PropertyValueSpecification","valueRequired":true,"valueName":"search_term_string"}}],"inLanguage":"en-US"}]}},"_links":{"self":[{"href":"https:\/\/fairway2hotel.at\/en\/wp-json\/wp\/v2\/pages\/3423","targetHints":{"allow":["GET"]}}],"collection":[{"href":"https:\/\/fairway2hotel.at\/en\/wp-json\/wp\/v2\/pages"}],"about":[{"href":"https:\/\/fairway2hotel.at\/en\/wp-json\/wp\/v2\/types\/page"}],"author":[{"embeddable":true,"href":"https:\/\/fairway2hotel.at\/en\/wp-json\/wp\/v2\/users\/2"}],"replies":[{"embeddable":true,"href":"https:\/\/fairway2hotel.at\/en\/wp-json\/wp\/v2\/comments?post=3423"}],"version-history":[{"count":10,"href":"https:\/\/fairway2hotel.at\/en\/wp-json\/wp\/v2\/pages\/3423\/revisions"}],"predecessor-version":[{"id":48071,"href":"https:\/\/fairway2hotel.at\/en\/wp-json\/wp\/v2\/pages\/3423\/revisions\/48071"}],"up":[{"embeddable":true,"href":"https:\/\/fairway2hotel.at\/en\/wp-json\/wp\/v2\/pages\/1552"}],"acf:attachment":[{"embeddable":true,"href":"https:\/\/fairway2hotel.at\/en\/wp-json\/wp\/v2\/media\/3426"},{"embeddable":true,"href":"https:\/\/fairway2hotel.at\/en\/wp-json\/wp\/v2\/media\/3427"}],"wp:attachment":[{"href":"https:\/\/fairway2hotel.at\/en\/wp-json\/wp\/v2\/media?parent=3423"}],"curies":[{"name":"wp","href":"https:\/\/api.w.org\/{rel}","templated":true}]}}